{"id":22004,"date":"2019-11-06T11:03:01","date_gmt":"2019-11-06T10:03:01","guid":{"rendered":"https:\/\/newgarden.es\/katalog\/"},"modified":"2024-06-21T13:18:31","modified_gmt":"2024-06-21T11:18:31","slug":"katalog","status":"publish","type":"page","link":"https:\/\/newgarden.es\/de\/katalog\/","title":{"rendered":"Katalog"},"content":{"rendered":"<section class=\"wpb-content-wrapper\"><p>[vc_row][vc_column][vc_custom_heading text=&#8220;KATALOG&#8220; font_container=&#8220;tag:h2|font_size:24px|text_align:left|color:%23222222|line_height:1em&#8220; use_theme_fonts=&#8220;yes&#8220; css=&#8220;.vc_custom_1563174098543{margin-bottom: 13px !important;}&#8220;][\/vc_column][\/vc_row][vc_row][vc_column width=&#8220;1\/2&#8243;][banner type=&#8220;3&#8243; image_opacity=&#8220;1&#8243; image_opacity_on_hover=&#8220;1&#8243; img=&#8220;13359&#8243; img_size=&#8220;500&#215;300&#8243; link=&#8220;url:%20https%3A%2F%2Fnewgarden.es%2Fwp-content%2Fuploads%2F2019%2F05%2FNewgarden_Catalogue.pdf|||&#8220;][\/banner][\/vc_column][vc_column width=&#8220;1\/2&#8243;][vc_column_text css=&#8220;.vc_custom_1563185684075{margin-bottom: 33px !important;}&#8220;]<\/p>\n<h1>Laden Sie unseren Katalog herunter, um alle Newgarden-Produkte zu entdecken.<\/h1>\n<p>[\/vc_column_text][vc_btn title=&#8220;SIEHE KATALOG &gt;&#8220; shape=&#8220;square&#8220; color=&#8220;black&#8220; align=&#8220;left&#8220; link=&#8220;url:%20https%3A%2F%2Fnewgarden.es%2Fwp-content%2Fuploads%2F2019%2F05%2FNewgarden_Catalogue.pdf|target:%20_blank|&#8220;][\/vc_column][\/vc_row][vc_row][vc_column][\/vc_column][\/vc_row]<\/p>\n<\/section>","protected":false},"excerpt":{"rendered":"<p>[vc_row][vc_column][vc_custom_heading text=&#8220;KATALOG&#8220; font_container=&#8220;tag:h2|font_size:24px|text_align:left|color:%23222222|line_height:1em&#8220; use_theme_fonts=&#8220;yes&#8220; css=&#8220;.vc_custom_1563174098543{margin-bottom: 13px !important;}&#8220;][\/vc_column][\/vc_row][vc_row][vc_column width=&#8220;1\/2&#8243;][banner type=&#8220;3&#8243; image_opacity=&#8220;1&#8243; image_opacity_on_hover=&#8220;1&#8243; img=&#8220;13359&#8243; img_size=&#8220;500&#215;300&#8243; link=&#8220;url:%20https%3A%2F%2Fnewgarden.es%2Fwp-content%2Fuploads%2F2019%2F05%2FNewgarden_Catalogue.pdf|||&#8220;][\/banner][\/vc_column][vc_column width=&#8220;1\/2&#8243;][vc_column_text css=&#8220;.vc_custom_1563185684075{margin-bottom: 33px !important;}&#8220;] Laden Sie unseren Katalog herunter, um alle Newgarden-Produkte zu entdecken. [\/vc_column_text][vc_btn title=&#8220;SIEHE<\/p>\n","protected":false},"author":1,"featured_media":0,"parent":0,"menu_order":0,"comment_status":"closed","ping_status":"closed","template":"","meta":{"footnotes":""},"class_list":["post-22004","page","type-page","status-publish","hentry"],"yoast_head":"<!-- This site is optimized with the Yoast SEO plugin v24.2 - https:\/\/yoast.com\/wordpress\/plugins\/seo\/ -->\n<title>Laden Sie den Newgarden-Katalog herunter<\/title>\n<meta name=\"description\" content=\"Newgarden f\u00fchrt alle seine Prozesse aus, um das Engagement f\u00fcr die Umwelt zu optimieren und autarke Produkte zu schaffen, wodurch der CO2-Fu\u00dfabdruck w\u00e4hrend der Lebensdauer der Produkte minimiert wird.\" \/>\n<meta name=\"robots\" content=\"index, follow, max-snippet:-1, max-image-preview:large, max-video-preview:-1\" \/>\n<link rel=\"canonical\" href=\"https:\/\/newgarden.es\/descarga-catalogo\/\" \/>\n<meta property=\"og:locale\" content=\"de_DE\" \/>\n<meta property=\"og:type\" content=\"article\" \/>\n<meta property=\"og:title\" content=\"Laden Sie den Newgarden-Katalog herunter\" \/>\n<meta property=\"og:description\" content=\"Newgarden f\u00fchrt alle seine Prozesse aus, um das Engagement f\u00fcr die Umwelt zu optimieren und autarke Produkte zu schaffen, wodurch der CO2-Fu\u00dfabdruck w\u00e4hrend der Lebensdauer der Produkte minimiert wird.\" \/>\n<meta property=\"og:url\" content=\"https:\/\/newgarden.es\/descarga-catalogo\/\" \/>\n<meta property=\"og:site_name\" content=\"Newgarden\" \/>\n<meta property=\"article:modified_time\" content=\"2024-06-21T11:18:31+00:00\" \/>\n<meta name=\"twitter:card\" content=\"summary_large_image\" \/>\n<meta name=\"twitter:label1\" content=\"Gesch\u00e4tzte Lesezeit\" \/>\n\t<meta name=\"twitter:data1\" content=\"1\u00a0Minute\" \/>\n<script type=\"application\/ld+json\" class=\"yoast-schema-graph\">{\"@context\":\"https:\/\/schema.org\",\"@graph\":[{\"@type\":\"WebPage\",\"@id\":\"https:\/\/newgarden.es\/descarga-catalogo\/\",\"url\":\"https:\/\/newgarden.es\/descarga-catalogo\/\",\"name\":\"Laden Sie den Newgarden-Katalog herunter\",\"isPartOf\":{\"@id\":\"https:\/\/newgarden.es\/#website\"},\"datePublished\":\"2019-11-06T10:03:01+00:00\",\"dateModified\":\"2024-06-21T11:18:31+00:00\",\"description\":\"Newgarden f\u00fchrt alle seine Prozesse aus, um das Engagement f\u00fcr die Umwelt zu optimieren und autarke Produkte zu schaffen, wodurch der CO2-Fu\u00dfabdruck w\u00e4hrend der Lebensdauer der Produkte minimiert wird.\",\"breadcrumb\":{\"@id\":\"https:\/\/newgarden.es\/descarga-catalogo\/#breadcrumb\"},\"inLanguage\":\"de\",\"potentialAction\":[{\"@type\":\"ReadAction\",\"target\":[\"https:\/\/newgarden.es\/descarga-catalogo\/\"]}]},{\"@type\":\"BreadcrumbList\",\"@id\":\"https:\/\/newgarden.es\/descarga-catalogo\/#breadcrumb\",\"itemListElement\":[{\"@type\":\"ListItem\",\"position\":1,\"name\":\"Home\",\"item\":\"https:\/\/newgarden.es\/de\/\"},{\"@type\":\"ListItem\",\"position\":2,\"name\":\"Katalog\"}]},{\"@type\":\"WebSite\",\"@id\":\"https:\/\/newgarden.es\/#website\",\"url\":\"https:\/\/newgarden.es\/\",\"name\":\"Newgarden\",\"description\":\"Be happy\",\"potentialAction\":[{\"@type\":\"SearchAction\",\"target\":{\"@type\":\"EntryPoint\",\"urlTemplate\":\"https:\/\/newgarden.es\/?s={search_term_string}\"},\"query-input\":{\"@type\":\"PropertyValueSpecification\",\"valueRequired\":true,\"valueName\":\"search_term_string\"}}],\"inLanguage\":\"de\"}]}<\/script>\n<!-- \/ Yoast SEO plugin. -->","yoast_head_json":{"title":"Laden Sie den Newgarden-Katalog herunter","description":"Newgarden f\u00fchrt alle seine Prozesse aus, um das Engagement f\u00fcr die Umwelt zu optimieren und autarke Produkte zu schaffen, wodurch der CO2-Fu\u00dfabdruck w\u00e4hrend der Lebensdauer der Produkte minimiert wird.","robots":{"index":"index","follow":"follow","max-snippet":"max-snippet:-1","max-image-preview":"max-image-preview:large","max-video-preview":"max-video-preview:-1"},"canonical":"https:\/\/newgarden.es\/descarga-catalogo\/","og_locale":"de_DE","og_type":"article","og_title":"Laden Sie den Newgarden-Katalog herunter","og_description":"Newgarden f\u00fchrt alle seine Prozesse aus, um das Engagement f\u00fcr die Umwelt zu optimieren und autarke Produkte zu schaffen, wodurch der CO2-Fu\u00dfabdruck w\u00e4hrend der Lebensdauer der Produkte minimiert wird.","og_url":"https:\/\/newgarden.es\/descarga-catalogo\/","og_site_name":"Newgarden","article_modified_time":"2024-06-21T11:18:31+00:00","twitter_card":"summary_large_image","twitter_misc":{"Gesch\u00e4tzte Lesezeit":"1\u00a0Minute"},"schema":{"@context":"https:\/\/schema.org","@graph":[{"@type":"WebPage","@id":"https:\/\/newgarden.es\/descarga-catalogo\/","url":"https:\/\/newgarden.es\/descarga-catalogo\/","name":"Laden Sie den Newgarden-Katalog herunter","isPartOf":{"@id":"https:\/\/newgarden.es\/#website"},"datePublished":"2019-11-06T10:03:01+00:00","dateModified":"2024-06-21T11:18:31+00:00","description":"Newgarden f\u00fchrt alle seine Prozesse aus, um das Engagement f\u00fcr die Umwelt zu optimieren und autarke Produkte zu schaffen, wodurch der CO2-Fu\u00dfabdruck w\u00e4hrend der Lebensdauer der Produkte minimiert wird.","breadcrumb":{"@id":"https:\/\/newgarden.es\/descarga-catalogo\/#breadcrumb"},"inLanguage":"de","potentialAction":[{"@type":"ReadAction","target":["https:\/\/newgarden.es\/descarga-catalogo\/"]}]},{"@type":"BreadcrumbList","@id":"https:\/\/newgarden.es\/descarga-catalogo\/#breadcrumb","itemListElement":[{"@type":"ListItem","position":1,"name":"Home","item":"https:\/\/newgarden.es\/de\/"},{"@type":"ListItem","position":2,"name":"Katalog"}]},{"@type":"WebSite","@id":"https:\/\/newgarden.es\/#website","url":"https:\/\/newgarden.es\/","name":"Newgarden","description":"Be happy","potentialAction":[{"@type":"SearchAction","target":{"@type":"EntryPoint","urlTemplate":"https:\/\/newgarden.es\/?s={search_term_string}"},"query-input":{"@type":"PropertyValueSpecification","valueRequired":true,"valueName":"search_term_string"}}],"inLanguage":"de"}]}},"_links":{"self":[{"href":"https:\/\/newgarden.es\/de\/wp-json\/wp\/v2\/pages\/22004"}],"collection":[{"href":"https:\/\/newgarden.es\/de\/wp-json\/wp\/v2\/pages"}],"about":[{"href":"https:\/\/newgarden.es\/de\/wp-json\/wp\/v2\/types\/page"}],"author":[{"embeddable":true,"href":"https:\/\/newgarden.es\/de\/wp-json\/wp\/v2\/users\/1"}],"replies":[{"embeddable":true,"href":"https:\/\/newgarden.es\/de\/wp-json\/wp\/v2\/comments?post=22004"}],"version-history":[{"count":3,"href":"https:\/\/newgarden.es\/de\/wp-json\/wp\/v2\/pages\/22004\/revisions"}],"predecessor-version":[{"id":22010,"href":"https:\/\/newgarden.es\/de\/wp-json\/wp\/v2\/pages\/22004\/revisions\/22010"}],"wp:attachment":[{"href":"https:\/\/newgarden.es\/de\/wp-json\/wp\/v2\/media?parent=22004"}],"curies":[{"name":"wp","href":"https:\/\/api.w.org\/{rel}","templated":true}]}}