{"id":22018,"date":"2019-11-06T11:09:08","date_gmt":"2019-11-06T10:09:08","guid":{"rendered":"https:\/\/newgarden.es\/media-2\/"},"modified":"2024-06-21T13:21:24","modified_gmt":"2024-06-21T11:21:24","slug":"media-2","status":"publish","type":"page","link":"https:\/\/newgarden.es\/de\/media-2\/","title":{"rendered":"Media"},"content":{"rendered":"<section class=\"wpb-content-wrapper\"><p>[vc_row full_width=&#8220;stretch_row&#8220; css=&#8220;.vc_custom_1557999416488{background-position: center !important;background-repeat: no-repeat !important;background-size: cover !important;}&#8220;][vc_column][vc_column_text]<\/p>\n<h1 style=\"text-align: center;\">MEDIA<\/h1>\n<p>[\/vc_column_text][vc_separator][vc_row_inner][vc_column_inner width=&#8220;1\/3&#8243; css=&#8220;.vc_custom_1562080983478{margin-bottom: 5vw !important;}&#8220;][vc_single_image image=&#8220;22035&#8243; img_size=&#8220;full&#8220; alignment=&#8220;center&#8220; onclick=&#8220;custom_link&#8220; css=&#8220;.vc_custom_1563196880315{margin-bottom: 0px !important;}&#8220; link=&#8220;https:\/\/newgarden.es\/prensa&#8220;][\/vc_column_inner][vc_column_inner width=&#8220;1\/3&#8243; css=&#8220;.vc_custom_1562080995683{margin-bottom: 5vw !important;}&#8220;][vc_single_image image=&#8220;22032&#8243; img_size=&#8220;full&#8220; alignment=&#8220;center&#8220; onclick=&#8220;custom_link&#8220; css=&#8220;.vc_custom_1563196908630{margin-bottom: 0px !important;}&#8220; link=&#8220;https:\/\/newgarden.es\/descargas&#8220;][\/vc_column_inner][vc_column_inner width=&#8220;1\/3&#8243;][vc_single_image image=&#8220;22029&#8243; img_size=&#8220;full&#8220; alignment=&#8220;center&#8220; onclick=&#8220;custom_link&#8220; css=&#8220;.vc_custom_1565004381372{margin-bottom: 0px !important;}&#8220; link=&#8220;https:\/\/newgarden.es\/proyectos&#8220;][\/vc_column_inner][\/vc_row_inner][\/vc_column][\/vc_row][vc_row equal_height=&#8220;yes&#8220; content_placement=&#8220;middle&#8220; css=&#8220;.vc_custom_1562080929055{padding-top: 1vw !important;}&#8220;][vc_column width=&#8220;1\/3&#8243;][vc_single_image image=&#8220;22020&#8243; img_size=&#8220;full&#8220; alignment=&#8220;center&#8220; onclick=&#8220;custom_link&#8220; css=&#8220;.vc_custom_1565004397968{margin-bottom: 0px !important;padding-right: 0px !important;padding-left: 0px !important;}&#8220; link=&#8220;https:\/\/newgarden.es\/blog&#8220;][\/vc_column][vc_column width=&#8220;1\/3&#8243;][vc_single_image image=&#8220;22023&#8243; img_size=&#8220;full&#8220; alignment=&#8220;center&#8220; onclick=&#8220;custom_link&#8220; css=&#8220;.vc_custom_1563197007248{margin-bottom: 0px !important;padding-right: 0px !important;padding-left: 0px !important;}&#8220; link=&#8220;https:\/\/newgarden.es\/videos&#8220;][\/vc_column][vc_column width=&#8220;1\/3&#8243;][vc_single_image image=&#8220;22026&#8243; img_size=&#8220;full&#8220; alignment=&#8220;center&#8220; onclick=&#8220;custom_link&#8220; css=&#8220;.vc_custom_1563196979951{margin-bottom: 0px !important;padding-right: 0px !important;padding-left: 0px !important;}&#8220; link=&#8220;https:\/\/newgarden.es\/tutoriales&#8220;][\/vc_column][\/vc_row][vc_row css=&#8220;.vc_custom_1533807053714{margin-top: 2vw !important;}&#8220;][vc_column][vc_separator][vc_custom_heading text=&#8220;Hablan de nosotros&#8230;&#8220; font_container=&#8220;tag:h2|font_size:18px|text_align:center|color:%23888888|line_height:18px&#8220; use_theme_fonts=&#8220;yes&#8220; css=&#8220;.vc_custom_1558017807275{margin-bottom: 20px !important;}&#8220;][\/vc_column][\/vc_row][vc_row css=&#8220;.vc_custom_1533807053714{margin-top: 2vw !important;}&#8220;][vc_column][etheme_carousel slider_autoplay=&#8220;yes&#8220; slider_interval=&#8220;3000&#8243; large=&#8220;6&#8243; notebook=&#8220;6&#8243; tablet_land=&#8220;3&#8243; tablet_portrait=&#8220;3&#8243; mobile=&#8220;2&#8243;][vc_single_image image=&#8220;19608&#8243; img_size=&#8220;full&#8220; alignment=&#8220;center&#8220; onclick=&#8220;custom_link&#8220; css=&#8220;.vc_custom_1560353171597{margin-bottom: 0px !important;}&#8220; link=&#8220;https:\/\/newgarden.es\/project\/no483-junio-2018\/&#8220;][vc_single_image image=&#8220;19606&#8243; img_size=&#8220;full&#8220; alignment=&#8220;center&#8220; onclick=&#8220;custom_link&#8220; css=&#8220;.vc_custom_1560353146109{margin-bottom: 0px !important;}&#8220; link=&#8220;https:\/\/newgarden.es\/project\/09042018\/&#8220;][vc_single_image image=&#8220;19596&#8243; img_size=&#8220;full&#8220; alignment=&#8220;center&#8220; onclick=&#8220;custom_link&#8220; css=&#8220;.vc_custom_1560353206883{margin-bottom: 0px !important;}&#8220; link=&#8220;https:\/\/newgarden.es\/project\/09052018\/&#8220;][vc_single_image image=&#8220;19594&#8243; img_size=&#8220;full&#8220; alignment=&#8220;center&#8220; onclick=&#8220;custom_link&#8220; css=&#8220;.vc_custom_1560353303315{margin-bottom: 0px !important;}&#8220; link=&#8220;https:\/\/newgarden.es\/project\/01072018-2\/&#8220;][vc_single_image image=&#8220;19600&#8243; img_size=&#8220;full&#8220; alignment=&#8220;center&#8220; onclick=&#8220;custom_link&#8220; css=&#8220;.vc_custom_1560353387858{margin-bottom: 0px !important;}&#8220; link=&#8220;https:\/\/newgarden.es\/project\/01-04-2019\/&#8220;][vc_single_image image=&#8220;19598&#8243; img_size=&#8220;full&#8220; alignment=&#8220;center&#8220; onclick=&#8220;custom_link&#8220; css=&#8220;.vc_custom_1560353443152{margin-bottom: 0px !important;}&#8220; link=&#8220;https:\/\/newgarden.es\/project\/24-09-2018\/&#8220;][vc_single_image image=&#8220;19618&#8243; img_size=&#8220;full&#8220; alignment=&#8220;center&#8220; onclick=&#8220;custom_link&#8220; css=&#8220;.vc_custom_1560353499990{margin-bottom: 0px !important;}&#8220; link=&#8220;https:\/\/newgarden.es\/project\/11-12-2018\/&#8220;][vc_single_image image=&#8220;19620&#8243; img_size=&#8220;full&#8220; alignment=&#8220;center&#8220; onclick=&#8220;custom_link&#8220; css=&#8220;.vc_custom_1560353569534{margin-bottom: 0px !important;}&#8220; link=&#8220;https:\/\/newgarden.es\/project\/02-05-2019\/&#8220;][vc_single_image image=&#8220;19592&#8243; img_size=&#8220;full&#8220; alignment=&#8220;center&#8220; onclick=&#8220;custom_link&#8220; css=&#8220;.vc_custom_1560353633233{margin-bottom: 0px !important;}&#8220; link=&#8220;https:\/\/newgarden.es\/project\/27062018\/&#8220;][vc_single_image image=&#8220;19586&#8243; img_size=&#8220;full&#8220; alignment=&#8220;center&#8220; onclick=&#8220;custom_link&#8220; css=&#8220;.vc_custom_1560353656898{margin-bottom: 0px !important;}&#8220; link=&#8220;https:\/\/newgarden.es\/project\/15964\/&#8220;][vc_single_image image=&#8220;19588&#8243; img_size=&#8220;full&#8220; alignment=&#8220;center&#8220; onclick=&#8220;custom_link&#8220; css=&#8220;.vc_custom_1560353694502{margin-bottom: 0px !important;}&#8220; link=&#8220;https:\/\/newgarden.es\/project\/27062018-2\/&#8220;][\/etheme_carousel][\/vc_column][\/vc_row]<\/p>\n<\/section>","protected":false},"excerpt":{"rendered":"<p>[vc_row full_width=&#8220;stretch_row&#8220; css=&#8220;.vc_custom_1557999416488{background-position: center !important;background-repeat: no-repeat !important;background-size: cover !important;}&#8220;][vc_column][vc_column_text] MEDIA [\/vc_column_text][vc_separator][vc_row_inner][vc_column_inner width=&#8220;1\/3&#8243; css=&#8220;.vc_custom_1562080983478{margin-bottom: 5vw !important;}&#8220;][vc_single_image image=&#8220;22035&#8243; img_size=&#8220;full&#8220; alignment=&#8220;center&#8220; onclick=&#8220;custom_link&#8220; css=&#8220;.vc_custom_1563196880315{margin-bottom: 0px !important;}&#8220; link=&#8220;https:\/\/newgarden.es\/prensa&#8220;][\/vc_column_inner][vc_column_inner width=&#8220;1\/3&#8243; css=&#8220;.vc_custom_1562080995683{margin-bottom: 5vw !important;}&#8220;][vc_single_image image=&#8220;22032&#8243; img_size=&#8220;full&#8220; alignment=&#8220;center&#8220;<\/p>\n","protected":false},"author":1,"featured_media":0,"parent":0,"menu_order":0,"comment_status":"closed","ping_status":"closed","template":"","meta":{"footnotes":""},"class_list":["post-22018","page","type-page","status-publish","hentry"],"yoast_head":"<!-- This site is optimized with the Yoast SEO plugin v24.2 - https:\/\/yoast.com\/wordpress\/plugins\/seo\/ -->\n<title>Newgarden Spain. Media Content.<\/title>\n<meta name=\"description\" content=\"Newgarden ist Hersteller von Au\u00dfenleuchten, Gartenm\u00f6beln und Designer-T\u00f6pfen. Verpflichtung zur Nachhaltigkeit, Herstellung von vollst\u00e4ndig autonomen Solarlampen sowie Dekoration f\u00fcr den zu 100% recycelbaren Garten\" \/>\n<meta name=\"robots\" content=\"index, follow, max-snippet:-1, max-image-preview:large, max-video-preview:-1\" \/>\n<link rel=\"canonical\" href=\"https:\/\/newgarden.es\/media\/\" \/>\n<meta property=\"og:locale\" content=\"de_DE\" \/>\n<meta property=\"og:type\" content=\"article\" \/>\n<meta property=\"og:title\" content=\"Newgarden Spain. Media Content.\" \/>\n<meta property=\"og:description\" content=\"Newgarden ist Hersteller von Au\u00dfenleuchten, Gartenm\u00f6beln und Designer-T\u00f6pfen. Verpflichtung zur Nachhaltigkeit, Herstellung von vollst\u00e4ndig autonomen Solarlampen sowie Dekoration f\u00fcr den zu 100% recycelbaren Garten\" \/>\n<meta property=\"og:url\" content=\"https:\/\/newgarden.es\/media\/\" \/>\n<meta property=\"og:site_name\" content=\"Newgarden\" \/>\n<meta property=\"article:modified_time\" content=\"2024-06-21T11:21:24+00:00\" \/>\n<meta name=\"twitter:card\" content=\"summary_large_image\" \/>\n<meta name=\"twitter:label1\" content=\"Gesch\u00e4tzte Lesezeit\" \/>\n\t<meta name=\"twitter:data1\" content=\"3\u00a0Minuten\" \/>\n<script type=\"application\/ld+json\" class=\"yoast-schema-graph\">{\"@context\":\"https:\/\/schema.org\",\"@graph\":[{\"@type\":\"WebPage\",\"@id\":\"https:\/\/newgarden.es\/media\/\",\"url\":\"https:\/\/newgarden.es\/media\/\",\"name\":\"Newgarden Spain. Media Content.\",\"isPartOf\":{\"@id\":\"https:\/\/newgarden.es\/#website\"},\"datePublished\":\"2019-11-06T10:09:08+00:00\",\"dateModified\":\"2024-06-21T11:21:24+00:00\",\"description\":\"Newgarden ist Hersteller von Au\u00dfenleuchten, Gartenm\u00f6beln und Designer-T\u00f6pfen. Verpflichtung zur Nachhaltigkeit, Herstellung von vollst\u00e4ndig autonomen Solarlampen sowie Dekoration f\u00fcr den zu 100% recycelbaren Garten\",\"breadcrumb\":{\"@id\":\"https:\/\/newgarden.es\/media\/#breadcrumb\"},\"inLanguage\":\"de\",\"potentialAction\":[{\"@type\":\"ReadAction\",\"target\":[\"https:\/\/newgarden.es\/media\/\"]}]},{\"@type\":\"BreadcrumbList\",\"@id\":\"https:\/\/newgarden.es\/media\/#breadcrumb\",\"itemListElement\":[{\"@type\":\"ListItem\",\"position\":1,\"name\":\"Home\",\"item\":\"https:\/\/newgarden.es\/de\/\"},{\"@type\":\"ListItem\",\"position\":2,\"name\":\"Media\"}]},{\"@type\":\"WebSite\",\"@id\":\"https:\/\/newgarden.es\/#website\",\"url\":\"https:\/\/newgarden.es\/\",\"name\":\"Newgarden\",\"description\":\"Be happy\",\"potentialAction\":[{\"@type\":\"SearchAction\",\"target\":{\"@type\":\"EntryPoint\",\"urlTemplate\":\"https:\/\/newgarden.es\/?s={search_term_string}\"},\"query-input\":{\"@type\":\"PropertyValueSpecification\",\"valueRequired\":true,\"valueName\":\"search_term_string\"}}],\"inLanguage\":\"de\"}]}<\/script>\n<!-- \/ Yoast SEO plugin. -->","yoast_head_json":{"title":"Newgarden Spain. Media Content.","description":"Newgarden ist Hersteller von Au\u00dfenleuchten, Gartenm\u00f6beln und Designer-T\u00f6pfen. Verpflichtung zur Nachhaltigkeit, Herstellung von vollst\u00e4ndig autonomen Solarlampen sowie Dekoration f\u00fcr den zu 100% recycelbaren Garten","robots":{"index":"index","follow":"follow","max-snippet":"max-snippet:-1","max-image-preview":"max-image-preview:large","max-video-preview":"max-video-preview:-1"},"canonical":"https:\/\/newgarden.es\/media\/","og_locale":"de_DE","og_type":"article","og_title":"Newgarden Spain. Media Content.","og_description":"Newgarden ist Hersteller von Au\u00dfenleuchten, Gartenm\u00f6beln und Designer-T\u00f6pfen. Verpflichtung zur Nachhaltigkeit, Herstellung von vollst\u00e4ndig autonomen Solarlampen sowie Dekoration f\u00fcr den zu 100% recycelbaren Garten","og_url":"https:\/\/newgarden.es\/media\/","og_site_name":"Newgarden","article_modified_time":"2024-06-21T11:21:24+00:00","twitter_card":"summary_large_image","twitter_misc":{"Gesch\u00e4tzte Lesezeit":"3\u00a0Minuten"},"schema":{"@context":"https:\/\/schema.org","@graph":[{"@type":"WebPage","@id":"https:\/\/newgarden.es\/media\/","url":"https:\/\/newgarden.es\/media\/","name":"Newgarden Spain. Media Content.","isPartOf":{"@id":"https:\/\/newgarden.es\/#website"},"datePublished":"2019-11-06T10:09:08+00:00","dateModified":"2024-06-21T11:21:24+00:00","description":"Newgarden ist Hersteller von Au\u00dfenleuchten, Gartenm\u00f6beln und Designer-T\u00f6pfen. Verpflichtung zur Nachhaltigkeit, Herstellung von vollst\u00e4ndig autonomen Solarlampen sowie Dekoration f\u00fcr den zu 100% recycelbaren Garten","breadcrumb":{"@id":"https:\/\/newgarden.es\/media\/#breadcrumb"},"inLanguage":"de","potentialAction":[{"@type":"ReadAction","target":["https:\/\/newgarden.es\/media\/"]}]},{"@type":"BreadcrumbList","@id":"https:\/\/newgarden.es\/media\/#breadcrumb","itemListElement":[{"@type":"ListItem","position":1,"name":"Home","item":"https:\/\/newgarden.es\/de\/"},{"@type":"ListItem","position":2,"name":"Media"}]},{"@type":"WebSite","@id":"https:\/\/newgarden.es\/#website","url":"https:\/\/newgarden.es\/","name":"Newgarden","description":"Be happy","potentialAction":[{"@type":"SearchAction","target":{"@type":"EntryPoint","urlTemplate":"https:\/\/newgarden.es\/?s={search_term_string}"},"query-input":{"@type":"PropertyValueSpecification","valueRequired":true,"valueName":"search_term_string"}}],"inLanguage":"de"}]}},"_links":{"self":[{"href":"https:\/\/newgarden.es\/de\/wp-json\/wp\/v2\/pages\/22018"}],"collection":[{"href":"https:\/\/newgarden.es\/de\/wp-json\/wp\/v2\/pages"}],"about":[{"href":"https:\/\/newgarden.es\/de\/wp-json\/wp\/v2\/types\/page"}],"author":[{"embeddable":true,"href":"https:\/\/newgarden.es\/de\/wp-json\/wp\/v2\/users\/1"}],"replies":[{"embeddable":true,"href":"https:\/\/newgarden.es\/de\/wp-json\/wp\/v2\/comments?post=22018"}],"version-history":[{"count":7,"href":"https:\/\/newgarden.es\/de\/wp-json\/wp\/v2\/pages\/22018\/revisions"}],"predecessor-version":[{"id":26679,"href":"https:\/\/newgarden.es\/de\/wp-json\/wp\/v2\/pages\/22018\/revisions\/26679"}],"wp:attachment":[{"href":"https:\/\/newgarden.es\/de\/wp-json\/wp\/v2\/media?parent=22018"}],"curies":[{"name":"wp","href":"https:\/\/api.w.org\/{rel}","templated":true}]}}