{"id":22180,"date":"2019-11-06T12:08:16","date_gmt":"2019-11-06T11:08:16","guid":{"rendered":"https:\/\/newgarden.es\/wo-sind-wir\/"},"modified":"2024-06-21T13:19:42","modified_gmt":"2024-06-21T11:19:42","slug":"wo-sind-wir","status":"publish","type":"page","link":"https:\/\/newgarden.es\/de\/wo-sind-wir\/","title":{"rendered":"Wo sind wir"},"content":{"rendered":"<section class=\"wpb-content-wrapper\"><p>[vc_row full_width=&#8220;stretch_row_content_no_spaces&#8220; equal_height=&#8220;yes&#8220; css=&#8220;.vc_custom_1493734768347{margin-bottom: 20px !important;}&#8220;][vc_column width=&#8220;1\/2&#8243; css=&#8220;.vc_custom_1528294944564{background-image: url(https:\/\/newgarden.es\/wp-content\/uploads\/2017\/06\/MAPA.jpg?id=15466) !important;background-position: center !important;background-repeat: no-repeat !important;background-size: cover !important;}&#8220;][\/vc_column][vc_column width=&#8220;1\/2&#8243; css=&#8220;.vc_custom_1493370064542{padding-top: 50px !important;padding-right: 50px !important;padding-bottom: 42px !important;padding-left: 50px !important;background-color: #e9e9e9 !important;}&#8220;][vc_custom_heading text=&#8220;Wir sind in 18 L\u00e4ndern pr\u00e4sent&#8220; font_container=&#8220;tag:h2|font_size:36|text_align:left|color:%23595959&#8243; google_fonts=&#8220;font_family:Lato%3A100%2C100italic%2C300%2C300italic%2Cregular%2Citalic%2C700%2C700italic%2C900%2C900italic|font_style:900%20bold%20regular%3A900%3Anormal&#8220;][vc_column_text]Sie finden unsere Produkte an Verkaufsstellen in mehr als 18 L\u00e4ndern auf 3 verschiedenen Kontinenten.<\/p>\n<p>Unser Ziel? Newgardear die Welt![\/vc_column_text][\/vc_column][\/vc_row][vc_row][vc_column][vc_empty_space height=&#8220;50px&#8220;][vc_custom_heading text=&#8220;VERKAUFSPUNKTE IN SPANIEN&#8220; font_container=&#8220;tag:h2|font_size:36px|text_align:center|color:%231a8bac&#8220; google_fonts=&#8220;font_family:Lato%3A100%2C100italic%2C300%2C300italic%2Cregular%2Citalic%2C700%2C700italic%2C900%2C900italic|font_style:900%20bold%20regular%3A900%3Anormal&#8220;][vc_empty_space height=&#8220;10px&#8220;][vc_column_text el_class=&#8220;texto_min&#8220;]Dekorieren Sie Ihr Zuhause oder Gesch\u00e4ft mit Newgarden-Produkten. Nutzen Sie unsere Suchmaschine f\u00fcr ausgew\u00e4hlte H\u00e4ndler, um eine Verkaufsstelle in Ihrer N\u00e4he zu finden.[\/vc_column_text][vc_empty_space height=&#8220;40px&#8220;][\/vc_column][\/vc_row][vc_row][vc_column][vc_column_text][wpsl][\/vc_column_text][vc_column_text][wpsl_map category=&#8220;tiendas&#8220;][\/vc_column_text][vc_empty_space height=&#8220;80px&#8220;][\/vc_column][\/vc_row][vc_row full_width=&#8220;stretch_row_content_no_spaces&#8220; equal_height=&#8220;yes&#8220; css=&#8220;.vc_custom_1493734768347{margin-bottom: 20px !important;}&#8220;][vc_column width=&#8220;1\/2&#8243; css=&#8220;.vc_custom_1528295900744{background-image: url(https:\/\/newgarden.es\/wp-content\/uploads\/2017\/06\/SOFA.jpg?id=15481) !important;background-position: center !important;background-repeat: no-repeat !important;background-size: cover !important;}&#8220;][\/vc_column][vc_column width=&#8220;1\/2&#8243; css=&#8220;.vc_custom_1528358464810{padding-top: 50px !important;padding-right: 50px !important;padding-bottom: 42px !important;padding-left: 50px !important;background-color: #e9e9e9 !important;}&#8220;][vc_custom_heading text=&#8220;M\u00d6CHTEN SIE IHREN N\u00c4CHSTEN VERKAUFSPUNKT IN ANDEREN L\u00c4NDERN KENNEN?&#8220; font_container=&#8220;tag:h2|font_size:36|text_align:left|color:%23595959&#8243; google_fonts=&#8220;font_family:Lato%3A100%2C100italic%2C300%2C300italic%2Cregular%2Citalic%2C700%2C700italic%2C900%2C900italic|font_style:900%20bold%20regular%3A900%3Anormal&#8220;][vc_column_text]Kontaktieren Sie uns, wir helfen Ihnen gerne bei der Suche nach einem Gesch\u00e4ft in Ihrer N\u00e4he!<\/p>\n<p><strong>Europ\u00e4ische Zentral:<br \/>\n<\/strong>info@newgarden.es<br \/>\n+ 34 968 97 88 06<\/p>\n<p><strong>Amerikanische Delegation:<br \/>\n<\/strong>infomx@newgarden.es<br \/>\n+52 492 688 9983[\/vc_column_text][\/vc_column][\/vc_row][vc_row][vc_column][vc_empty_space height=&#8220;50px&#8220;][vc_custom_heading text=&#8220;WERDEN SIE VERTRIEBSPARTNER&#8220; font_container=&#8220;tag:h2|font_size:36px|text_align:center|color:%231a8bac&#8220; google_fonts=&#8220;font_family:Lato%3A100%2C100italic%2C300%2C300italic%2Cregular%2Citalic%2C700%2C700italic%2C900%2C900italic|font_style:900%20bold%20regular%3A900%3Anormal&#8220;][vc_empty_space height=&#8220;10px&#8220;][vc_column_text el_class=&#8220;texto_min&#8220;]<\/p>\n<div class=\"wpb_text_column wpb_content_element texto_min\">\n<div class=\"wpb_wrapper\">\n<p>Kannst du Newgardear helfen? Werden Sie Newgarden-H\u00e4ndler und bieten Sie Ihren Kunden ein neues Konzept attraktiver und lebendiger Dekoration.<\/p>\n<\/div>\n<\/div>\n<p>[\/vc_column_text][\/vc_column][\/vc_row]<\/p>\n<\/section>","protected":false},"excerpt":{"rendered":"<p>[vc_row full_width=&#8220;stretch_row_content_no_spaces&#8220; equal_height=&#8220;yes&#8220; css=&#8220;.vc_custom_1493734768347{margin-bottom: 20px !important;}&#8220;][vc_column width=&#8220;1\/2&#8243; css=&#8220;.vc_custom_1528294944564{background-image: url(https:\/\/newgarden.es\/wp-content\/uploads\/2017\/06\/MAPA.jpg?id=15466) !important;background-position: center !important;background-repeat: no-repeat !important;background-size: cover !important;}&#8220;][\/vc_column][vc_column width=&#8220;1\/2&#8243; css=&#8220;.vc_custom_1493370064542{padding-top: 50px !important;padding-right: 50px !important;padding-bottom: 42px !important;padding-left: 50px !important;background-color: #e9e9e9 !important;}&#8220;][vc_custom_heading text=&#8220;Wir sind<\/p>\n","protected":false},"author":1,"featured_media":0,"parent":0,"menu_order":0,"comment_status":"closed","ping_status":"closed","template":"","meta":{"footnotes":""},"class_list":["post-22180","page","type-page","status-publish","hentry"],"yoast_head":"<!-- This site is optimized with the Yoast SEO plugin v24.2 - https:\/\/yoast.com\/wordpress\/plugins\/seo\/ -->\n<title>Newgarden Fabrik f\u00fcr Au\u00dfenleuchten und M\u00f6bel in Spanien und Mexiko<\/title>\n<meta name=\"description\" content=\"Newgarden hat seine Produktionsst\u00e4tten f\u00fcr Designt\u00f6pfe, Solarlampen und Gartenm\u00f6bel in Alhama de Murcia (Spanien) und Santiago de Quer\u00e9taro (Mexiko) und beliefert alle L\u00e4nder in Europa und Amerika mit einer schnellen Lieferung\" \/>\n<meta name=\"robots\" content=\"index, follow, max-snippet:-1, max-image-preview:large, max-video-preview:-1\" \/>\n<link rel=\"canonical\" href=\"https:\/\/newgarden.es\/donde-estamos\/\" \/>\n<meta property=\"og:locale\" content=\"de_DE\" \/>\n<meta property=\"og:type\" content=\"article\" \/>\n<meta property=\"og:title\" content=\"Newgarden Fabrik f\u00fcr Au\u00dfenleuchten und M\u00f6bel in Spanien und Mexiko\" \/>\n<meta property=\"og:description\" content=\"Newgarden hat seine Produktionsst\u00e4tten f\u00fcr Designt\u00f6pfe, Solarlampen und Gartenm\u00f6bel in Alhama de Murcia (Spanien) und Santiago de Quer\u00e9taro (Mexiko) und beliefert alle L\u00e4nder in Europa und Amerika mit einer schnellen Lieferung\" \/>\n<meta property=\"og:url\" content=\"https:\/\/newgarden.es\/donde-estamos\/\" \/>\n<meta property=\"og:site_name\" content=\"Newgarden\" \/>\n<meta property=\"article:modified_time\" content=\"2024-06-21T11:19:42+00:00\" \/>\n<meta name=\"twitter:card\" content=\"summary_large_image\" \/>\n<meta name=\"twitter:label1\" content=\"Gesch\u00e4tzte Lesezeit\" \/>\n\t<meta name=\"twitter:data1\" content=\"3\u00a0Minuten\" \/>\n<script type=\"application\/ld+json\" class=\"yoast-schema-graph\">{\"@context\":\"https:\/\/schema.org\",\"@graph\":[{\"@type\":\"WebPage\",\"@id\":\"https:\/\/newgarden.es\/donde-estamos\/\",\"url\":\"https:\/\/newgarden.es\/donde-estamos\/\",\"name\":\"Newgarden Fabrik f\u00fcr Au\u00dfenleuchten und M\u00f6bel in Spanien und Mexiko\",\"isPartOf\":{\"@id\":\"https:\/\/newgarden.es\/#website\"},\"datePublished\":\"2019-11-06T11:08:16+00:00\",\"dateModified\":\"2024-06-21T11:19:42+00:00\",\"description\":\"Newgarden hat seine Produktionsst\u00e4tten f\u00fcr Designt\u00f6pfe, Solarlampen und Gartenm\u00f6bel in Alhama de Murcia (Spanien) und Santiago de Quer\u00e9taro (Mexiko) und beliefert alle L\u00e4nder in Europa und Amerika mit einer schnellen Lieferung\",\"breadcrumb\":{\"@id\":\"https:\/\/newgarden.es\/donde-estamos\/#breadcrumb\"},\"inLanguage\":\"de\",\"potentialAction\":[{\"@type\":\"ReadAction\",\"target\":[\"https:\/\/newgarden.es\/donde-estamos\/\"]}]},{\"@type\":\"BreadcrumbList\",\"@id\":\"https:\/\/newgarden.es\/donde-estamos\/#breadcrumb\",\"itemListElement\":[{\"@type\":\"ListItem\",\"position\":1,\"name\":\"Home\",\"item\":\"https:\/\/newgarden.es\/de\/\"},{\"@type\":\"ListItem\",\"position\":2,\"name\":\"Wo sind wir\"}]},{\"@type\":\"WebSite\",\"@id\":\"https:\/\/newgarden.es\/#website\",\"url\":\"https:\/\/newgarden.es\/\",\"name\":\"Newgarden\",\"description\":\"Be happy\",\"potentialAction\":[{\"@type\":\"SearchAction\",\"target\":{\"@type\":\"EntryPoint\",\"urlTemplate\":\"https:\/\/newgarden.es\/?s={search_term_string}\"},\"query-input\":{\"@type\":\"PropertyValueSpecification\",\"valueRequired\":true,\"valueName\":\"search_term_string\"}}],\"inLanguage\":\"de\"}]}<\/script>\n<!-- \/ Yoast SEO plugin. -->","yoast_head_json":{"title":"Newgarden Fabrik f\u00fcr Au\u00dfenleuchten und M\u00f6bel in Spanien und Mexiko","description":"Newgarden hat seine Produktionsst\u00e4tten f\u00fcr Designt\u00f6pfe, Solarlampen und Gartenm\u00f6bel in Alhama de Murcia (Spanien) und Santiago de Quer\u00e9taro (Mexiko) und beliefert alle L\u00e4nder in Europa und Amerika mit einer schnellen Lieferung","robots":{"index":"index","follow":"follow","max-snippet":"max-snippet:-1","max-image-preview":"max-image-preview:large","max-video-preview":"max-video-preview:-1"},"canonical":"https:\/\/newgarden.es\/donde-estamos\/","og_locale":"de_DE","og_type":"article","og_title":"Newgarden Fabrik f\u00fcr Au\u00dfenleuchten und M\u00f6bel in Spanien und Mexiko","og_description":"Newgarden hat seine Produktionsst\u00e4tten f\u00fcr Designt\u00f6pfe, Solarlampen und Gartenm\u00f6bel in Alhama de Murcia (Spanien) und Santiago de Quer\u00e9taro (Mexiko) und beliefert alle L\u00e4nder in Europa und Amerika mit einer schnellen Lieferung","og_url":"https:\/\/newgarden.es\/donde-estamos\/","og_site_name":"Newgarden","article_modified_time":"2024-06-21T11:19:42+00:00","twitter_card":"summary_large_image","twitter_misc":{"Gesch\u00e4tzte Lesezeit":"3\u00a0Minuten"},"schema":{"@context":"https:\/\/schema.org","@graph":[{"@type":"WebPage","@id":"https:\/\/newgarden.es\/donde-estamos\/","url":"https:\/\/newgarden.es\/donde-estamos\/","name":"Newgarden Fabrik f\u00fcr Au\u00dfenleuchten und M\u00f6bel in Spanien und Mexiko","isPartOf":{"@id":"https:\/\/newgarden.es\/#website"},"datePublished":"2019-11-06T11:08:16+00:00","dateModified":"2024-06-21T11:19:42+00:00","description":"Newgarden hat seine Produktionsst\u00e4tten f\u00fcr Designt\u00f6pfe, Solarlampen und Gartenm\u00f6bel in Alhama de Murcia (Spanien) und Santiago de Quer\u00e9taro (Mexiko) und beliefert alle L\u00e4nder in Europa und Amerika mit einer schnellen Lieferung","breadcrumb":{"@id":"https:\/\/newgarden.es\/donde-estamos\/#breadcrumb"},"inLanguage":"de","potentialAction":[{"@type":"ReadAction","target":["https:\/\/newgarden.es\/donde-estamos\/"]}]},{"@type":"BreadcrumbList","@id":"https:\/\/newgarden.es\/donde-estamos\/#breadcrumb","itemListElement":[{"@type":"ListItem","position":1,"name":"Home","item":"https:\/\/newgarden.es\/de\/"},{"@type":"ListItem","position":2,"name":"Wo sind wir"}]},{"@type":"WebSite","@id":"https:\/\/newgarden.es\/#website","url":"https:\/\/newgarden.es\/","name":"Newgarden","description":"Be happy","potentialAction":[{"@type":"SearchAction","target":{"@type":"EntryPoint","urlTemplate":"https:\/\/newgarden.es\/?s={search_term_string}"},"query-input":{"@type":"PropertyValueSpecification","valueRequired":true,"valueName":"search_term_string"}}],"inLanguage":"de"}]}},"_links":{"self":[{"href":"https:\/\/newgarden.es\/de\/wp-json\/wp\/v2\/pages\/22180"}],"collection":[{"href":"https:\/\/newgarden.es\/de\/wp-json\/wp\/v2\/pages"}],"about":[{"href":"https:\/\/newgarden.es\/de\/wp-json\/wp\/v2\/types\/page"}],"author":[{"embeddable":true,"href":"https:\/\/newgarden.es\/de\/wp-json\/wp\/v2\/users\/1"}],"replies":[{"embeddable":true,"href":"https:\/\/newgarden.es\/de\/wp-json\/wp\/v2\/comments?post=22180"}],"version-history":[{"count":3,"href":"https:\/\/newgarden.es\/de\/wp-json\/wp\/v2\/pages\/22180\/revisions"}],"predecessor-version":[{"id":22187,"href":"https:\/\/newgarden.es\/de\/wp-json\/wp\/v2\/pages\/22180\/revisions\/22187"}],"wp:attachment":[{"href":"https:\/\/newgarden.es\/de\/wp-json\/wp\/v2\/media?parent=22180"}],"curies":[{"name":"wp","href":"https:\/\/api.w.org\/{rel}","templated":true}]}}