{"id":22197,"date":"2019-11-06T12:19:30","date_gmt":"2019-11-06T11:19:30","guid":{"rendered":"https:\/\/newgarden.es\/nachhaltigkeit\/"},"modified":"2024-06-21T13:21:27","modified_gmt":"2024-06-21T11:21:27","slug":"nachhaltigkeit","status":"publish","type":"page","link":"https:\/\/newgarden.es\/de\/nachhaltigkeit\/","title":{"rendered":"Nachhaltig und verantwortungsvoll"},"content":{"rendered":"<section class=\"wpb-content-wrapper\"><p>&nbsp;[vc_row full_width=&#8220;stretch_row&#8220; css=&#8220;.vc_custom_1696861599859{padding-top: 60px !important;padding-bottom: 60px !important;background-image: url(https:\/\/newgarden.es\/wp-content\/uploads\/2023\/10\/fondo-4.png?id=48759) !important;}&#8220;][vc_column][vc_empty_space height=&#8220;60px&#8220;][vc_custom_heading text=&#8220;Das Mittelmeer muss das Mittelmeer bleiben.&#8220; font_container=&#8220;tag:h2|font_size:52px|text_align:center|color:%238b949d&#8220; use_theme_fonts=&#8220;yes&#8220; css=&#8220;.vc_custom_1696859157661{margin-bottom: 10px !important;}&#8220;][vc_empty_space height=&#8220;30px&#8220;][vc_column_text]<\/p>\n<p style=\"text-align: justify;\"><span style=\"color: #a39f98;\">Bei Newgarden arbeiten wir jeden Tag daran, unsere Prozesse zu verbessern, um unsere Umwelt zu sch\u00fctzen und zu erhalten.<\/span><\/p>\n<p style=\"text-align: justify;\"><span style=\"color: #a39f98;\">Und wir geben uns nicht damit zufrieden, dass alle unsere Produkte recycelbar sind, sondern wir wollen noch weiter gehen, denn unsere Umwelt braucht uns. Bei Newgarden haben wir mehrere Kollektionen von Lampen aus recycelten Materialien aus dem Meer entwickelt. Und wir sind noch nicht am Ende angelangt<\/span><\/p>\n<p style=\"text-align: justify;\"><span style=\"color: #a39f98;\">Das Mittelmeer hat unsere Art zu leben und das Leben zu genie\u00dfen gepr\u00e4gt. Es ist an der Zeit, ihm alles zur\u00fcckzugeben, was es uns gegeben hat. K\u00f6nnen Sie uns helfen?<\/span><\/p>\n<p>&nbsp;[\/vc_column_text][vc_empty_space height=&#8220;120px&#8220;][\/vc_column][\/vc_row][vc_row full_width=&#8220;stretch_row&#8220; css=&#8220;.vc_custom_1695720674665{background-image: url(https:\/\/newgarden.es\/wp-content\/uploads\/2023\/09\/shutterstock_2170457007-baja-sat.jpg?id=48520) !important;background-position: center !important;background-repeat: no-repeat !important;background-size: cover !important;}&#8220;][vc_column][vc_empty_space height=&#8220;700px&#8220;][\/vc_column][\/vc_row][vc_row full_width=&#8220;stretch_row&#8220; content_placement=&#8220;middle&#8220; css=&#8220;.vc_custom_1696859343495{padding-top: 200px !important;padding-bottom: 200px !important;background-color: #a49c8f !important;}&#8220;][vc_column width=&#8220;1\/2&#8243;][vc_single_image image=&#8220;48479&#8243; img_size=&#8220;large&#8220; alignment=&#8220;center&#8220;][\/vc_column][vc_column width=&#8220;1\/2&#8243;][vc_custom_heading text=&#8220;Die Herstellung in Spanien hilft uns, die Transportemissionen zu verringern und hochwertige Arbeitspl\u00e4tze vor Ort zu schaffen.&#8220; font_container=&#8220;tag:h2|font_size:52px|text_align:left|color:%23ffffff&#8220; use_theme_fonts=&#8220;yes&#8220; css=&#8220;.vc_custom_1696859538279{margin-bottom: 10px !important;}&#8220;][vc_empty_space height=&#8220;30px&#8220;][vc_column_text]<span style=\"color: #dbd7d3;\">Die Fabrik von Newgarden befindet sich in Alhama de Murcia, in der Region Murcia (S\u00fcdostspanien). Wir lieben unser Land und unsere besondere Lebensweise.<\/span>[\/vc_column_text][\/vc_column][\/vc_row][vc_row full_width=&#8220;stretch_row&#8220; css=&#8220;.vc_custom_1695720700113{background-image: url(https:\/\/newgarden.es\/wp-content\/uploads\/2023\/09\/shutterstock_1230809935.jpg?id=48530) !important;background-position: center !important;background-repeat: no-repeat !important;background-size: cover !important;}&#8220;][vc_column][vc_empty_space height=&#8220;700px&#8220;][\/vc_column][\/vc_row][vc_row full_width=&#8220;stretch_row&#8220; content_placement=&#8220;middle&#8220; css=&#8220;.vc_custom_1696862397164{padding-top: 200px !important;padding-bottom: 120px !important;background: #3f4c5b url(https:\/\/newgarden.es\/wp-content\/uploads\/2023\/10\/fondo2-1.png?id=48770) !important;}&#8220;][vc_column width=&#8220;2\/5&#8243;][vc_single_image image=&#8220;48432&#8243; img_size=&#8220;large&#8220; alignment=&#8220;center&#8220;][\/vc_column][vc_column width=&#8220;1\/5&#8243;][\/vc_column][vc_column width=&#8220;2\/5&#8243;][vc_custom_heading text=&#8220;Wir alle haben eine zweite Chance verdient. Lampen aus recyceltem Kunststoff. &#8220; font_container=&#8220;tag:h2|font_size:52px|text_align:left|color:%23ffffff&#8220; use_theme_fonts=&#8220;yes&#8220; css=&#8220;.vc_custom_1696859662698{margin-bottom: 10px !important;}&#8220;][vc_empty_space height=&#8220;30px&#8220;][vc_column_text]<\/p>\n<p style=\"text-align: justify;\"><span style=\"color: #879aad;\">Wir haben verschiedene Produktkollektionen, die aus recyceltem Kunststoff hergestellt werden. Mit jeder Lampe, die wir herstellen, tragen wir dazu bei, Kunststoffen aus dem Meer und den Ozeanen ein zweites Leben zu geben.<\/span><\/p>\n<p>&nbsp;[\/vc_column_text][vc_empty_space height=&#8220;30px&#8220;][\/vc_column][\/vc_row][vc_row full_width=&#8220;stretch_row&#8220; css=&#8220;.vc_custom_1696862504620{padding-top: 60px !important;padding-bottom: 200px !important;background: #3f4c5b url(https:\/\/newgarden.es\/wp-content\/uploads\/2023\/10\/fondo3.png?id=48775) !important;}&#8220;][vc_column width=&#8220;2\/5&#8243;][vc_custom_heading text=&#8220;Langlebige Produkte, die zur Verringerung des Verbrauchs und seiner Auswirkungen beitragen.&#8220; font_container=&#8220;tag:h2|font_size:52|text_align:right|color:%23ffffff&#8220; use_theme_fonts=&#8220;yes&#8220; css=&#8220;.vc_custom_1696925975957{margin-bottom: 10px !important;}&#8220;][vc_empty_space height=&#8220;30px&#8220;][vc_column_text]<\/p>\n<p style=\"text-align: right;\"><span style=\"color: #879aad;\">Durch das <strong>Rotationsgussverfahren<\/strong> erhalten wir Produkte mit einer langen Lebensdauer und einer hohen Widerstandsf\u00e4higkeit gegen \u00e4u\u00dfere Einfl\u00fcsse (Regen, Schnee, Sonne&#8230;). Auf diese Weise tragen wir zur Abfallvermeidung bei und f\u00f6rdern verantwortungsbewusste Konsumgewohnheiten.<\/span><\/p>\n<p>&nbsp;[\/vc_column_text][vc_empty_space height=&#8220;30px&#8220;][\/vc_column][vc_column width=&#8220;1\/5&#8243;][\/vc_column][vc_column width=&#8220;2\/5&#8243;][vc_single_image image=&#8220;48549&#8243; img_size=&#8220;large&#8220; alignment=&#8220;center&#8220;][\/vc_column][\/vc_row][vc_row full_width=&#8220;stretch_row&#8220; css=&#8220;.vc_custom_1695720738715{background-image: url(https:\/\/newgarden.es\/wp-content\/uploads\/2023\/09\/shutterstock_374229883.jpg?id=48551) !important;background-position: center !important;background-repeat: no-repeat !important;background-size: cover !important;}&#8220;][vc_column][vc_empty_space height=&#8220;700px&#8220;][\/vc_column][\/vc_row][vc_row full_width=&#8220;stretch_row&#8220; css=&#8220;.vc_custom_1696862621457{padding-top: 60px !important;padding-bottom: 60px !important;background-color: #e9e7da !important;}&#8220;][vc_column][vc_empty_space height=&#8220;60px&#8220;][vc_custom_heading text=&#8220;Handgemacht, nat\u00fcrlich&#8220; font_container=&#8220;tag:h2|font_size:52px|text_align:center|color:%238f8b85&#8243; use_theme_fonts=&#8220;yes&#8220; css=&#8220;.vc_custom_1696862647555{margin-bottom: 10px !important;}&#8220;][vc_empty_space height=&#8220;30px&#8220;][vc_column_text]<\/p>\n<p style=\"text-align: justify;\"><span style=\"color: #b2aa9d;\">Naturfasern wie Hanf oder Bambus sind in unseren Kollektionen sehr pr\u00e4sent. Sie sind handgefertigt und versetzen uns allein durch ihren Anblick in die Natur und das Mittelmeer. Wir arbeiten mit lokalen Produzenten zusammen, um die Wirtschaft ihrer Regionen zu f\u00f6rdern und die Entwicklung ihres Lebensraums zu unterst\u00fctzen.<\/span><\/p>\n<p>[\/vc_column_text][vc_empty_space height=&#8220;30px&#8220;][vc_single_image image=&#8220;48608&#8243; img_size=&#8220;large&#8220; alignment=&#8220;center&#8220; css=&#8220;.vc_custom_1695886305371{margin-top: 20px !important;margin-bottom: 20px !important;}&#8220;][vc_empty_space height=&#8220;120px&#8220;][\/vc_column][\/vc_row][vc_row full_width=&#8220;stretch_row&#8220; css=&#8220;.vc_custom_1695885558741{background-image: url(https:\/\/newgarden.es\/wp-content\/uploads\/2023\/09\/NEWGARDEN-RECURSOS-VIDEO-257.jpg?id=48610) !important;background-position: center !important;background-repeat: no-repeat !important;background-size: cover !important;}&#8220;][vc_column][vc_empty_space height=&#8220;700px&#8220;][\/vc_column][\/vc_row][vc_row full_width=&#8220;stretch_row&#8220; css=&#8220;.vc_custom_1696862854971{padding-top: 60px !important;padding-bottom: 60px !important;}&#8220;][vc_column width=&#8220;2\/5&#8243;][vc_empty_space height=&#8220;60px&#8220;][vc_single_image image=&#8220;48618&#8243; img_size=&#8220;large&#8220; alignment=&#8220;center&#8220; css=&#8220;.vc_custom_1695886297376{margin-top: 20px !important;margin-bottom: 20px !important;}&#8220;][vc_empty_space height=&#8220;60px&#8220;][\/vc_column][vc_column width=&#8220;1\/5&#8243;][\/vc_column][vc_column width=&#8220;2\/5&#8243;][vc_empty_space height=&#8220;60px&#8220;][vc_custom_heading text=&#8220;Die Sonne ist unsere Lieblingsenergie&#8220; font_container=&#8220;tag:h2|font_size:52px|text_align:left|color:%238b949d&#8220; use_theme_fonts=&#8220;yes&#8220; css=&#8220;.vc_custom_1696862931364{margin-bottom: 10px !important;}&#8220;][vc_empty_space height=&#8220;30px&#8220;][vc_column_text]<\/p>\n<p style=\"text-align: justify;\"><span style=\"color: #a9b1b7;\">Die Kraft der Sonne ist unvorstellbar. Sie kann Leben erzeugen, unsere Pers\u00f6nlichkeit inspirieren oder unsere Stimmung in Sekundenschnelle ver\u00e4ndern. <\/span><\/p>\n<p style=\"text-align: justify;\"><span style=\"color: #a9b1b7;\">Wir wissen um ihre Kraft, und deshalb ist die Sonnenenergie seit den Anf\u00e4ngen von Newgarden in unseren Kollektionen pr\u00e4sent. Die meisten unserer Produkte k\u00f6nnen mit Solarenergie aufgeladen werden und nutzen 100% gr\u00fcne und nachhaltige Energie.<\/span><\/p>\n<p>&nbsp;[\/vc_column_text][\/vc_column][\/vc_row][vc_row full_width=&#8220;stretch_row_content_no_spaces&#8220;][vc_column][vc_single_image image=&#8220;48634&#8243; img_size=&#8220;full&#8220; alignment=&#8220;center&#8220;][\/vc_column][\/vc_row]&nbsp;<\/p>\n<\/section>","protected":false},"excerpt":{"rendered":"<p>&nbsp;[vc_row full_width=&#8220;stretch_row&#8220; css=&#8220;.vc_custom_1696861599859{padding-top: 60px !important;padding-bottom: 60px !important;background-image: url(https:\/\/newgarden.es\/wp-content\/uploads\/2023\/10\/fondo-4.png?id=48759) !important;}&#8220;][vc_column][vc_empty_space height=&#8220;60px&#8220;][vc_custom_heading text=&#8220;Das Mittelmeer muss das Mittelmeer bleiben.&#8220; font_container=&#8220;tag:h2|font_size:52px|text_align:center|color:%238b949d&#8220; use_theme_fonts=&#8220;yes&#8220; css=&#8220;.vc_custom_1696859157661{margin-bottom: 10px !important;}&#8220;][vc_empty_space height=&#8220;30px&#8220;][vc_column_text] Bei Newgarden arbeiten wir jeden Tag daran, unsere<\/p>\n","protected":false},"author":1,"featured_media":48515,"parent":0,"menu_order":0,"comment_status":"closed","ping_status":"closed","template":"","meta":{"footnotes":""},"class_list":["post-22197","page","type-page","status-publish","has-post-thumbnail","hentry"],"yoast_head":"<!-- This site is optimized with the Yoast SEO plugin v24.2 - https:\/\/yoast.com\/wordpress\/plugins\/seo\/ -->\n<title>Newgarden respektvoll und engagiert sich f\u00fcr die Umwelt<\/title>\n<meta name=\"description\" content=\"Newgarden f\u00fchrt alle seine Prozesse aus, um das Engagement f\u00fcr die Umwelt zu optimieren und autarke Produkte zu schaffen, wodurch der CO2-Fu\u00dfabdruck w\u00e4hrend der Lebensdauer der Produkte minimiert wird.\" \/>\n<meta name=\"robots\" content=\"index, follow, max-snippet:-1, max-image-preview:large, max-video-preview:-1\" \/>\n<link rel=\"canonical\" href=\"https:\/\/newgarden.es\/sostenibilidad\/\" \/>\n<meta property=\"og:locale\" content=\"de_DE\" \/>\n<meta property=\"og:type\" content=\"article\" \/>\n<meta property=\"og:title\" content=\"Newgarden respektvoll und engagiert sich f\u00fcr die Umwelt\" \/>\n<meta property=\"og:description\" content=\"Newgarden f\u00fchrt alle seine Prozesse aus, um das Engagement f\u00fcr die Umwelt zu optimieren und autarke Produkte zu schaffen, wodurch der CO2-Fu\u00dfabdruck w\u00e4hrend der Lebensdauer der Produkte minimiert wird.\" \/>\n<meta property=\"og:url\" content=\"https:\/\/newgarden.es\/sostenibilidad\/\" \/>\n<meta property=\"og:site_name\" content=\"Newgarden\" \/>\n<meta property=\"article:modified_time\" content=\"2024-06-21T11:21:27+00:00\" \/>\n<meta property=\"og:image\" content=\"https:\/\/newgarden.es\/wp-content\/uploads\/2023\/09\/shutterstock_1687242511.jpg\" \/>\n\t<meta property=\"og:image:width\" content=\"1400\" \/>\n\t<meta property=\"og:image:height\" content=\"933\" \/>\n\t<meta property=\"og:image:type\" content=\"image\/jpeg\" \/>\n<meta name=\"twitter:card\" content=\"summary_large_image\" \/>\n<meta name=\"twitter:label1\" content=\"Gesch\u00e4tzte Lesezeit\" \/>\n\t<meta name=\"twitter:data1\" content=\"6\u00a0Minuten\" \/>\n<script type=\"application\/ld+json\" class=\"yoast-schema-graph\">{\"@context\":\"https:\/\/schema.org\",\"@graph\":[{\"@type\":\"WebPage\",\"@id\":\"https:\/\/newgarden.es\/sostenibilidad\/\",\"url\":\"https:\/\/newgarden.es\/sostenibilidad\/\",\"name\":\"Newgarden respektvoll und engagiert sich f\u00fcr die Umwelt\",\"isPartOf\":{\"@id\":\"https:\/\/newgarden.es\/#website\"},\"primaryImageOfPage\":{\"@id\":\"https:\/\/newgarden.es\/sostenibilidad\/#primaryimage\"},\"image\":{\"@id\":\"https:\/\/newgarden.es\/sostenibilidad\/#primaryimage\"},\"thumbnailUrl\":\"https:\/\/newgarden.es\/wp-content\/uploads\/2023\/09\/shutterstock_1687242511.jpg\",\"datePublished\":\"2019-11-06T11:19:30+00:00\",\"dateModified\":\"2024-06-21T11:21:27+00:00\",\"description\":\"Newgarden f\u00fchrt alle seine Prozesse aus, um das Engagement f\u00fcr die Umwelt zu optimieren und autarke Produkte zu schaffen, wodurch der CO2-Fu\u00dfabdruck w\u00e4hrend der Lebensdauer der Produkte minimiert wird.\",\"breadcrumb\":{\"@id\":\"https:\/\/newgarden.es\/sostenibilidad\/#breadcrumb\"},\"inLanguage\":\"de\",\"potentialAction\":[{\"@type\":\"ReadAction\",\"target\":[\"https:\/\/newgarden.es\/sostenibilidad\/\"]}]},{\"@type\":\"ImageObject\",\"inLanguage\":\"de\",\"@id\":\"https:\/\/newgarden.es\/sostenibilidad\/#primaryimage\",\"url\":\"https:\/\/newgarden.es\/wp-content\/uploads\/2023\/09\/shutterstock_1687242511.jpg\",\"contentUrl\":\"https:\/\/newgarden.es\/wp-content\/uploads\/2023\/09\/shutterstock_1687242511.jpg\",\"width\":1400,\"height\":933,\"caption\":\"Minimal buildings background with traditional Greek style architecture. Low angle view of white houses against a blue clear summer sky. Outdoor estate construction of modern residential building.\"},{\"@type\":\"BreadcrumbList\",\"@id\":\"https:\/\/newgarden.es\/sostenibilidad\/#breadcrumb\",\"itemListElement\":[{\"@type\":\"ListItem\",\"position\":1,\"name\":\"Home\",\"item\":\"https:\/\/newgarden.es\/de\/\"},{\"@type\":\"ListItem\",\"position\":2,\"name\":\"Nachhaltig und verantwortungsvoll\"}]},{\"@type\":\"WebSite\",\"@id\":\"https:\/\/newgarden.es\/#website\",\"url\":\"https:\/\/newgarden.es\/\",\"name\":\"Newgarden\",\"description\":\"Be happy\",\"potentialAction\":[{\"@type\":\"SearchAction\",\"target\":{\"@type\":\"EntryPoint\",\"urlTemplate\":\"https:\/\/newgarden.es\/?s={search_term_string}\"},\"query-input\":{\"@type\":\"PropertyValueSpecification\",\"valueRequired\":true,\"valueName\":\"search_term_string\"}}],\"inLanguage\":\"de\"}]}<\/script>\n<!-- \/ Yoast SEO plugin. -->","yoast_head_json":{"title":"Newgarden respektvoll und engagiert sich f\u00fcr die Umwelt","description":"Newgarden f\u00fchrt alle seine Prozesse aus, um das Engagement f\u00fcr die Umwelt zu optimieren und autarke Produkte zu schaffen, wodurch der CO2-Fu\u00dfabdruck w\u00e4hrend der Lebensdauer der Produkte minimiert wird.","robots":{"index":"index","follow":"follow","max-snippet":"max-snippet:-1","max-image-preview":"max-image-preview:large","max-video-preview":"max-video-preview:-1"},"canonical":"https:\/\/newgarden.es\/sostenibilidad\/","og_locale":"de_DE","og_type":"article","og_title":"Newgarden respektvoll und engagiert sich f\u00fcr die Umwelt","og_description":"Newgarden f\u00fchrt alle seine Prozesse aus, um das Engagement f\u00fcr die Umwelt zu optimieren und autarke Produkte zu schaffen, wodurch der CO2-Fu\u00dfabdruck w\u00e4hrend der Lebensdauer der Produkte minimiert wird.","og_url":"https:\/\/newgarden.es\/sostenibilidad\/","og_site_name":"Newgarden","article_modified_time":"2024-06-21T11:21:27+00:00","og_image":[{"width":1400,"height":933,"url":"https:\/\/newgarden.es\/wp-content\/uploads\/2023\/09\/shutterstock_1687242511.jpg","type":"image\/jpeg"}],"twitter_card":"summary_large_image","twitter_misc":{"Gesch\u00e4tzte Lesezeit":"6\u00a0Minuten"},"schema":{"@context":"https:\/\/schema.org","@graph":[{"@type":"WebPage","@id":"https:\/\/newgarden.es\/sostenibilidad\/","url":"https:\/\/newgarden.es\/sostenibilidad\/","name":"Newgarden respektvoll und engagiert sich f\u00fcr die Umwelt","isPartOf":{"@id":"https:\/\/newgarden.es\/#website"},"primaryImageOfPage":{"@id":"https:\/\/newgarden.es\/sostenibilidad\/#primaryimage"},"image":{"@id":"https:\/\/newgarden.es\/sostenibilidad\/#primaryimage"},"thumbnailUrl":"https:\/\/newgarden.es\/wp-content\/uploads\/2023\/09\/shutterstock_1687242511.jpg","datePublished":"2019-11-06T11:19:30+00:00","dateModified":"2024-06-21T11:21:27+00:00","description":"Newgarden f\u00fchrt alle seine Prozesse aus, um das Engagement f\u00fcr die Umwelt zu optimieren und autarke Produkte zu schaffen, wodurch der CO2-Fu\u00dfabdruck w\u00e4hrend der Lebensdauer der Produkte minimiert wird.","breadcrumb":{"@id":"https:\/\/newgarden.es\/sostenibilidad\/#breadcrumb"},"inLanguage":"de","potentialAction":[{"@type":"ReadAction","target":["https:\/\/newgarden.es\/sostenibilidad\/"]}]},{"@type":"ImageObject","inLanguage":"de","@id":"https:\/\/newgarden.es\/sostenibilidad\/#primaryimage","url":"https:\/\/newgarden.es\/wp-content\/uploads\/2023\/09\/shutterstock_1687242511.jpg","contentUrl":"https:\/\/newgarden.es\/wp-content\/uploads\/2023\/09\/shutterstock_1687242511.jpg","width":1400,"height":933,"caption":"Minimal buildings background with traditional Greek style architecture. Low angle view of white houses against a blue clear summer sky. Outdoor estate construction of modern residential building."},{"@type":"BreadcrumbList","@id":"https:\/\/newgarden.es\/sostenibilidad\/#breadcrumb","itemListElement":[{"@type":"ListItem","position":1,"name":"Home","item":"https:\/\/newgarden.es\/de\/"},{"@type":"ListItem","position":2,"name":"Nachhaltig und verantwortungsvoll"}]},{"@type":"WebSite","@id":"https:\/\/newgarden.es\/#website","url":"https:\/\/newgarden.es\/","name":"Newgarden","description":"Be happy","potentialAction":[{"@type":"SearchAction","target":{"@type":"EntryPoint","urlTemplate":"https:\/\/newgarden.es\/?s={search_term_string}"},"query-input":{"@type":"PropertyValueSpecification","valueRequired":true,"valueName":"search_term_string"}}],"inLanguage":"de"}]}},"_links":{"self":[{"href":"https:\/\/newgarden.es\/de\/wp-json\/wp\/v2\/pages\/22197"}],"collection":[{"href":"https:\/\/newgarden.es\/de\/wp-json\/wp\/v2\/pages"}],"about":[{"href":"https:\/\/newgarden.es\/de\/wp-json\/wp\/v2\/types\/page"}],"author":[{"embeddable":true,"href":"https:\/\/newgarden.es\/de\/wp-json\/wp\/v2\/users\/1"}],"replies":[{"embeddable":true,"href":"https:\/\/newgarden.es\/de\/wp-json\/wp\/v2\/comments?post=22197"}],"version-history":[{"count":8,"href":"https:\/\/newgarden.es\/de\/wp-json\/wp\/v2\/pages\/22197\/revisions"}],"predecessor-version":[{"id":55675,"href":"https:\/\/newgarden.es\/de\/wp-json\/wp\/v2\/pages\/22197\/revisions\/55675"}],"wp:featuredmedia":[{"embeddable":true,"href":"https:\/\/newgarden.es\/de\/wp-json\/wp\/v2\/media\/48515"}],"wp:attachment":[{"href":"https:\/\/newgarden.es\/de\/wp-json\/wp\/v2\/media?parent=22197"}],"curies":[{"name":"wp","href":"https:\/\/api.w.org\/{rel}","templated":true}]}}