{"id":22229,"date":"2019-11-06T12:29:04","date_gmt":"2019-11-06T11:29:04","guid":{"rendered":"https:\/\/newgarden.es\/art\/"},"modified":"2024-06-21T13:20:57","modified_gmt":"2024-06-21T11:20:57","slug":"art","status":"publish","type":"page","link":"https:\/\/newgarden.es\/de\/art\/","title":{"rendered":"ART"},"content":{"rendered":"<section class=\"wpb-content-wrapper\"><p>[vc_row full_width=&#8220;stretch_row&#8220; css=&#8220;.vc_custom_1558523472972{padding-top: 13vw !important;padding-bottom: 11vw !important;background-image: url(https:\/\/newgarden.es\/wp-content\/uploads\/2019\/05\/TYPOLOGY2.jpg?id=11973) !important;background-position: center !important;background-repeat: no-repeat !important;background-size: cover !important;}&#8220;][vc_column][\/vc_column][\/vc_row][vc_row full_width=&#8220;stretch_row&#8220; css=&#8220;.vc_custom_1557999416488{background-position: center !important;background-repeat: no-repeat !important;background-size: cover !important;}&#8220;][vc_column][vc_separator][\/vc_column][\/vc_row][vc_row equal_height=&#8220;yes&#8220; content_placement=&#8220;middle&#8220; css=&#8220;.vc_custom_1557759190744{padding-top: 1vw !important;}&#8220;][vc_column width=&#8220;1\/3&#8243;][vc_single_image image=&#8220;22273&#8243; img_size=&#8220;full&#8220; alignment=&#8220;center&#8220; css=&#8220;.vc_custom_1558697730063{margin-bottom: 0px !important;}&#8220;][vc_empty_space height=&#8220;10px&#8220;][vc_btn title=&#8220;BARM\u00d6BEL &gt;&#8220; style=&#8220;outline&#8220; shape=&#8220;square&#8220; color=&#8220;black&#8220; align=&#8220;center&#8220; link=&#8220;url:%2Fde%2F%3Fproduct_cat%3Dbar|&#8220;][\/vc_column][vc_column width=&#8220;1\/3&#8243;][vc_single_image image=&#8220;22270&#8243; img_size=&#8220;full&#8220; alignment=&#8220;center&#8220; css=&#8220;.vc_custom_1558697886694{margin-bottom: 0px !important;}&#8220;][vc_empty_space height=&#8220;10px&#8220;][vc_btn title=&#8220;BASICS &gt;&#8220; style=&#8220;outline&#8220; shape=&#8220;square&#8220; color=&#8220;black&#8220; align=&#8220;center&#8220; link=&#8220;url:%2Fde%2F%3Fproduct_cat%3Dbasicos|&#8220;][\/vc_column][vc_column width=&#8220;1\/3&#8243;][vc_single_image image=&#8220;22264&#8243; img_size=&#8220;full&#8220; alignment=&#8220;center&#8220; css=&#8220;.vc_custom_1558700426715{margin-bottom: 0px !important;}&#8220;][vc_empty_space height=&#8220;10px&#8220;][vc_btn title=&#8220;TRAGBAR &gt;&#8220; style=&#8220;outline&#8220; shape=&#8220;square&#8220; color=&#8220;black&#8220; align=&#8220;center&#8220; link=&#8220;url:%2Fde%2F%3Fproduct_cat%3Dportatiles|&#8220;][\/vc_column][\/vc_row][vc_row equal_height=&#8220;yes&#8220; content_placement=&#8220;middle&#8220; css=&#8220;.vc_custom_1557759190744{padding-top: 1vw !important;}&#8220;][vc_column width=&#8220;1\/3&#8243;][vc_single_image image=&#8220;22285&#8243; img_size=&#8220;full&#8220; alignment=&#8220;center&#8220; css=&#8220;.vc_custom_1558695962794{margin-bottom: 0px !important;}&#8220;][vc_empty_space height=&#8220;10px&#8220;][vc_btn title=&#8220;LAUTSPRECHER &gt;&#8220; style=&#8220;outline&#8220; shape=&#8220;square&#8220; color=&#8220;black&#8220; align=&#8220;center&#8220; link=&#8220;url:%2Fde%2F%3Fproduct_cat%3Dmusic|&#8220;][\/vc_column][vc_column width=&#8220;1\/3&#8243;][vc_single_image image=&#8220;22282&#8243; img_size=&#8220;full&#8220; alignment=&#8220;center&#8220; css=&#8220;.vc_custom_1558696609286{margin-bottom: 0px !important;}&#8220;][vc_empty_space height=&#8220;10px&#8220;][vc_btn title=&#8220;WANDBEFESTIGUNG &gt;&#8220; style=&#8220;outline&#8220; shape=&#8220;square&#8220; color=&#8220;black&#8220; align=&#8220;center&#8220; link=&#8220;url:%2Fde%2F%3Fproduct_cat%3Dapliques-de-pared|&#8220;][\/vc_column][vc_column width=&#8220;1\/3&#8243;][vc_single_image image=&#8220;22276&#8243; img_size=&#8220;full&#8220; alignment=&#8220;center&#8220; css=&#8220;.vc_custom_1558697419919{margin-bottom: 0px !important;}&#8220;][vc_empty_space height=&#8220;10px&#8220;][vc_btn title=&#8220;SITZE &gt;&#8220; style=&#8220;outline&#8220; shape=&#8220;square&#8220; color=&#8220;black&#8220; align=&#8220;center&#8220; link=&#8220;url:%2Fde%2F%3Fproduct_cat%3Dasientos|&#8220;][\/vc_column][\/vc_row][vc_row equal_height=&#8220;yes&#8220; content_placement=&#8220;middle&#8220; css=&#8220;.vc_custom_1557759190744{padding-top: 1vw !important;}&#8220;][vc_column width=&#8220;1\/2&#8243;][vc_single_image image=&#8220;22240&#8243; img_size=&#8220;full&#8220; alignment=&#8220;center&#8220; css=&#8220;.vc_custom_1558968719706{margin-bottom: 0px !important;}&#8220;][vc_empty_space height=&#8220;10px&#8220;][vc_btn title=&#8220;BLUMENT\u00d6PFE MIT BELEUCHTUNG &gt;&#8220; style=&#8220;outline&#8220; shape=&#8220;square&#8220; color=&#8220;black&#8220; align=&#8220;center&#8220; link=&#8220;url:%2Fde%2F%3Fproduct_cat%3Dmaceterosluz|&#8220;][\/vc_column][vc_column width=&#8220;1\/2&#8243;][vc_single_image image=&#8220;22237&#8243; img_size=&#8220;full&#8220; alignment=&#8220;center&#8220; css=&#8220;.vc_custom_1558969077794{margin-bottom: 0px !important;}&#8220;][vc_empty_space height=&#8220;10px&#8220;][vc_btn title=&#8220;BLUMENTOPF OHNE BELEUCHTUNG &gt;&#8220; style=&#8220;outline&#8220; shape=&#8220;square&#8220; color=&#8220;black&#8220; align=&#8220;center&#8220; link=&#8220;url:%2Fde%2F%3Fproduct_cat%3Dmaceterossinluz|&#8220;][\/vc_column][\/vc_row][vc_row equal_height=&#8220;yes&#8220; content_placement=&#8220;middle&#8220; css=&#8220;.vc_custom_1557759190744{padding-top: 1vw !important;}&#8220;][vc_column width=&#8220;1\/2&#8243;][vc_single_image image=&#8220;22234&#8243; img_size=&#8220;full&#8220; alignment=&#8220;center&#8220; css=&#8220;.vc_custom_1559568879915{margin-bottom: 0px !important;}&#8220;][vc_empty_space height=&#8220;10px&#8220;][vc_btn title=&#8220;M\u00d6BEL MIT BELEUCHTUNG &gt;&#8220; style=&#8220;outline&#8220; shape=&#8220;square&#8220; color=&#8220;black&#8220; align=&#8220;center&#8220; link=&#8220;url:%2Fde%2F%3Fproduct_cat%3Dmobiliario-con-luz|&#8220;][\/vc_column][vc_column width=&#8220;1\/2&#8243;][vc_single_image image=&#8220;22231&#8243; img_size=&#8220;full&#8220; alignment=&#8220;center&#8220; css=&#8220;.vc_custom_1559568921215{margin-bottom: 0px !important;}&#8220;][vc_empty_space height=&#8220;10px&#8220;][vc_btn title=&#8220;M\u00d6BEL OHNE BELEUCHTUNG &gt;&#8220; style=&#8220;outline&#8220; shape=&#8220;square&#8220; color=&#8220;black&#8220; align=&#8220;center&#8220; link=&#8220;url:%2Fde%2F%3Fproduct_cat%3Dmobiliario-sin-luz|&#8220;][\/vc_column][\/vc_row][vc_row equal_height=&#8220;yes&#8220; content_placement=&#8220;middle&#8220; css=&#8220;.vc_custom_1557759190744{padding-top: 1vw !important;}&#8220;][vc_column width=&#8220;1\/3&#8243;][vc_single_image image=&#8220;22267&#8243; img_size=&#8220;full&#8220; alignment=&#8220;center&#8220; css=&#8220;.vc_custom_1558698871957{margin-bottom: 0px !important;}&#8220;][vc_empty_space height=&#8220;10px&#8220;][vc_btn title=&#8220;H\u00c4NGELEUCHTEN &gt;&#8220; style=&#8220;outline&#8220; shape=&#8220;square&#8220; color=&#8220;black&#8220; align=&#8220;center&#8220; link=&#8220;url:%2Fde%2F%3Fproduct_cat%3Dcolgantes|&#8220;][\/vc_column][vc_column width=&#8220;1\/3&#8243;][vc_single_image image=&#8220;22261&#8243; img_size=&#8220;full&#8220; alignment=&#8220;center&#8220; css=&#8220;.vc_custom_1558700676937{margin-bottom: 0px !important;}&#8220;][vc_empty_space height=&#8220;10px&#8220;][vc_btn title=&#8220;DEKORATIV &gt;&#8220; style=&#8220;outline&#8220; shape=&#8220;square&#8220; color=&#8220;black&#8220; align=&#8220;center&#8220; link=&#8220;url:%2Fde%2F%3Fproduct_cat%3Ddecorativo|&#8220;][\/vc_column][vc_column width=&#8220;1\/3&#8243;][vc_single_image image=&#8220;22258&#8243; img_size=&#8220;full&#8220; alignment=&#8220;center&#8220; css=&#8220;.vc_custom_1558700935792{margin-bottom: 0px !important;}&#8220;][vc_empty_space height=&#8220;10px&#8220;][vc_btn title=&#8220;PARTYS &gt;&#8220; style=&#8220;outline&#8220; shape=&#8220;square&#8220; color=&#8220;black&#8220; align=&#8220;center&#8220; link=&#8220;url:%2Fde%2F%3Fproduct_cat%3Dfiestas|&#8220;][\/vc_column][\/vc_row][vc_row equal_height=&#8220;yes&#8220; content_placement=&#8220;middle&#8220; css=&#8220;.vc_custom_1557759190744{padding-top: 1vw !important;}&#8220;][vc_column width=&#8220;1\/3&#8243;][vc_single_image image=&#8220;22255&#8243; img_size=&#8220;full&#8220; alignment=&#8220;center&#8220; css=&#8220;.vc_custom_1558703994803{margin-bottom: 0px !important;}&#8220;][vc_empty_space height=&#8220;10px&#8220;][vc_btn title=&#8220;TISCHLEUCHTEN &gt;&#8220; style=&#8220;outline&#8220; shape=&#8220;square&#8220; color=&#8220;black&#8220; align=&#8220;center&#8220; link=&#8220;url:%2Fde%2F%3Fproduct_cat%3Dlamparas-de-mesas|&#8220;][\/vc_column][vc_column width=&#8220;1\/3&#8243;][vc_single_image image=&#8220;22252&#8243; img_size=&#8220;full&#8220; alignment=&#8220;center&#8220; css=&#8220;.vc_custom_1558704212957{margin-bottom: 0px !important;}&#8220;][vc_empty_space height=&#8220;10px&#8220;][vc_btn title=&#8220;STEHLAMPE &gt;&#8220; style=&#8220;outline&#8220; shape=&#8220;square&#8220; color=&#8220;black&#8220; align=&#8220;center&#8220; link=&#8220;url:%2Fde%2F%3Fproduct_cat%3Dlamparas-de-pie|&#8220;][\/vc_column][vc_column width=&#8220;1\/3&#8243;][vc_single_image image=&#8220;22249&#8243; img_size=&#8220;full&#8220; alignment=&#8220;center&#8220; css=&#8220;.vc_custom_1558704376074{margin-bottom: 0px !important;}&#8220;][vc_empty_space height=&#8220;10px&#8220;][vc_btn title=&#8220;TISCHE &gt;&#8220; style=&#8220;outline&#8220; shape=&#8220;square&#8220; color=&#8220;black&#8220; align=&#8220;center&#8220; link=&#8220;url:%2Fde%2F%3Fproduct_cat%3Dmesas|&#8220;][\/vc_column][\/vc_row][vc_row equal_height=&#8220;yes&#8220; content_placement=&#8220;middle&#8220; css=&#8220;.vc_custom_1557759190744{padding-top: 1vw !important;}&#8220;][vc_column width=&#8220;1\/3&#8243;][vc_single_image image=&#8220;22246&#8243; img_size=&#8220;full&#8220; alignment=&#8220;center&#8220; css=&#8220;.vc_custom_1558704506223{margin-bottom: 0px !important;}&#8220;][vc_empty_space height=&#8220;10px&#8220;][vc_btn title=&#8220;WEIHNACHTEN &gt;&#8220; style=&#8220;outline&#8220; shape=&#8220;square&#8220; color=&#8220;black&#8220; align=&#8220;center&#8220; link=&#8220;url:%2Fde%2F%3Fproduct_cat%3Dnavidad|&#8220;][\/vc_column][vc_column width=&#8220;1\/3&#8243;][vc_single_image image=&#8220;22243&#8243; img_size=&#8220;full&#8220; alignment=&#8220;center&#8220; css=&#8220;.vc_custom_1558704709179{margin-bottom: 0px !important;}&#8220;][vc_empty_space height=&#8220;10px&#8220;][vc_btn title=&#8220;TECH &gt;&#8220; style=&#8220;outline&#8220; shape=&#8220;square&#8220; color=&#8220;black&#8220; align=&#8220;center&#8220; link=&#8220;url:%2Fde%2F%3Fproduct_cat%3Dtech|&#8220;][\/vc_column][vc_column width=&#8220;1\/3&#8243;][vc_single_image image=&#8220;42601&#8243; img_size=&#8220;full&#8220; alignment=&#8220;center&#8220; css=&#8220;.vc_custom_1646998890536{margin-bottom: 0px !important;}&#8220;][vc_empty_space height=&#8220;10px&#8220;][vc_btn title=&#8220;ZUBEH\u00d6R &gt;&#8220; style=&#8220;outline&#8220; shape=&#8220;square&#8220; color=&#8220;black&#8220; align=&#8220;center&#8220; link=&#8220;url:%2Fde%2F%3Fproduct_cat%3Dtech|&#8220;][vc_row_inner][vc_column_inner][\/vc_column_inner][\/vc_row_inner][\/vc_column][\/vc_row][vc_row css=&#8220;.vc_custom_1533807053714{margin-top: 2vw !important;}&#8220;][vc_column][vc_separator][vc_custom_heading text=&#8220;Sie reden \u00fcber uns&#8230;&#8220; font_container=&#8220;tag:h2|font_size:18px|text_align:center|color:%23888888|line_height:18px&#8220; use_theme_fonts=&#8220;yes&#8220; css=&#8220;.vc_custom_1558017807275{margin-bottom: 20px !important;}&#8220;][\/vc_column][\/vc_row][vc_row css=&#8220;.vc_custom_1533807053714{margin-top: 2vw !important;}&#8220;][vc_column][etheme_carousel slider_autoplay=&#8220;yes&#8220; slider_interval=&#8220;3000&#8243; large=&#8220;6&#8243; notebook=&#8220;6&#8243; tablet_land=&#8220;3&#8243; tablet_portrait=&#8220;3&#8243; mobile=&#8220;2&#8243;][vc_single_image image=&#8220;19608&#8243; img_size=&#8220;full&#8220; alignment=&#8220;center&#8220; onclick=&#8220;custom_link&#8220; css=&#8220;.vc_custom_1560353171597{margin-bottom: 0px !important;}&#8220; link=&#8220;https:\/\/newgarden.es\/project\/no483-junio-2018\/&#8220;][vc_single_image image=&#8220;19606&#8243; img_size=&#8220;full&#8220; alignment=&#8220;center&#8220; onclick=&#8220;custom_link&#8220; css=&#8220;.vc_custom_1560353146109{margin-bottom: 0px !important;}&#8220; link=&#8220;https:\/\/newgarden.es\/project\/09042018\/&#8220;][vc_single_image image=&#8220;19596&#8243; img_size=&#8220;full&#8220; alignment=&#8220;center&#8220; onclick=&#8220;custom_link&#8220; css=&#8220;.vc_custom_1560353206883{margin-bottom: 0px !important;}&#8220; link=&#8220;https:\/\/newgarden.es\/project\/09052018\/&#8220;][vc_single_image image=&#8220;19594&#8243; img_size=&#8220;full&#8220; alignment=&#8220;center&#8220; onclick=&#8220;custom_link&#8220; css=&#8220;.vc_custom_1560353303315{margin-bottom: 0px !important;}&#8220; link=&#8220;https:\/\/newgarden.es\/project\/01072018-2\/&#8220;][vc_single_image image=&#8220;19600&#8243; img_size=&#8220;full&#8220; alignment=&#8220;center&#8220; onclick=&#8220;custom_link&#8220; css=&#8220;.vc_custom_1560353387858{margin-bottom: 0px !important;}&#8220; link=&#8220;https:\/\/newgarden.es\/project\/01-04-2019\/&#8220;][vc_single_image image=&#8220;19598&#8243; img_size=&#8220;full&#8220; alignment=&#8220;center&#8220; onclick=&#8220;custom_link&#8220; css=&#8220;.vc_custom_1560353443152{margin-bottom: 0px !important;}&#8220; link=&#8220;https:\/\/newgarden.es\/project\/24-09-2018\/&#8220;][vc_single_image image=&#8220;19618&#8243; img_size=&#8220;full&#8220; alignment=&#8220;center&#8220; onclick=&#8220;custom_link&#8220; css=&#8220;.vc_custom_1560353499990{margin-bottom: 0px !important;}&#8220; link=&#8220;https:\/\/newgarden.es\/project\/11-12-2018\/&#8220;][vc_single_image image=&#8220;19620&#8243; img_size=&#8220;full&#8220; alignment=&#8220;center&#8220; onclick=&#8220;custom_link&#8220; css=&#8220;.vc_custom_1560353569534{margin-bottom: 0px !important;}&#8220; link=&#8220;https:\/\/newgarden.es\/project\/02-05-2019\/&#8220;][vc_single_image image=&#8220;19592&#8243; img_size=&#8220;full&#8220; alignment=&#8220;center&#8220; onclick=&#8220;custom_link&#8220; css=&#8220;.vc_custom_1560353633233{margin-bottom: 0px !important;}&#8220; link=&#8220;https:\/\/newgarden.es\/project\/27062018\/&#8220;][vc_single_image image=&#8220;19586&#8243; img_size=&#8220;full&#8220; alignment=&#8220;center&#8220; onclick=&#8220;custom_link&#8220; css=&#8220;.vc_custom_1560353656898{margin-bottom: 0px !important;}&#8220; link=&#8220;https:\/\/newgarden.es\/project\/15964\/&#8220;][vc_single_image image=&#8220;19588&#8243; img_size=&#8220;full&#8220; alignment=&#8220;center&#8220; onclick=&#8220;custom_link&#8220; css=&#8220;.vc_custom_1560353694502{margin-bottom: 0px !important;}&#8220; link=&#8220;https:\/\/newgarden.es\/project\/27062018-2\/&#8220;][\/etheme_carousel][\/vc_column][\/vc_row]<\/p>\n<\/section>","protected":false},"excerpt":{"rendered":"<p>[vc_row full_width=&#8220;stretch_row&#8220; css=&#8220;.vc_custom_1558523472972{padding-top: 13vw !important;padding-bottom: 11vw !important;background-image: url(https:\/\/newgarden.es\/wp-content\/uploads\/2019\/05\/TYPOLOGY2.jpg?id=11973) !important;background-position: center !important;background-repeat: no-repeat !important;background-size: cover !important;}&#8220;][vc_column][\/vc_column][\/vc_row][vc_row full_width=&#8220;stretch_row&#8220; css=&#8220;.vc_custom_1557999416488{background-position: center !important;background-repeat: no-repeat !important;background-size: cover !important;}&#8220;][vc_column][vc_separator][\/vc_column][\/vc_row][vc_row equal_height=&#8220;yes&#8220; content_placement=&#8220;middle&#8220; css=&#8220;.vc_custom_1557759190744{padding-top: 1vw !important;}&#8220;][vc_column width=&#8220;1\/3&#8243;][vc_single_image image=&#8220;22273&#8243;<\/p>\n","protected":false},"author":1,"featured_media":0,"parent":0,"menu_order":0,"comment_status":"closed","ping_status":"closed","template":"","meta":{"footnotes":""},"class_list":["post-22229","page","type-page","status-publish","hentry"],"yoast_head":"<!-- This site is optimized with the Yoast SEO plugin v24.2 - https:\/\/yoast.com\/wordpress\/plugins\/seo\/ -->\n<title>Newgarden ist ein Leuchtenhersteller, der sich der Nachhaltigkeit verpflichtet f\u00fchlt<\/title>\n<meta name=\"description\" content=\"Newgarden ist Hersteller von Au\u00dfenleuchten, Gartenm\u00f6beln und Designer-T\u00f6pfen. Verpflichtung zur Nachhaltigkeit, Herstellung von vollst\u00e4ndig autonomen Solarlampen sowie Dekoration f\u00fcr den zu 100% recycelbaren Garten\" \/>\n<meta name=\"robots\" content=\"index, follow, max-snippet:-1, max-image-preview:large, max-video-preview:-1\" \/>\n<link rel=\"canonical\" href=\"https:\/\/newgarden.es\/tipologia\/\" \/>\n<meta property=\"og:locale\" content=\"de_DE\" \/>\n<meta property=\"og:type\" content=\"article\" \/>\n<meta property=\"og:title\" content=\"Newgarden ist ein Leuchtenhersteller, der sich der Nachhaltigkeit verpflichtet f\u00fchlt\" \/>\n<meta property=\"og:description\" content=\"Newgarden ist Hersteller von Au\u00dfenleuchten, Gartenm\u00f6beln und Designer-T\u00f6pfen. Verpflichtung zur Nachhaltigkeit, Herstellung von vollst\u00e4ndig autonomen Solarlampen sowie Dekoration f\u00fcr den zu 100% recycelbaren Garten\" \/>\n<meta property=\"og:url\" content=\"https:\/\/newgarden.es\/tipologia\/\" \/>\n<meta property=\"og:site_name\" content=\"Newgarden\" \/>\n<meta property=\"article:modified_time\" content=\"2024-06-21T11:20:57+00:00\" \/>\n<meta name=\"twitter:card\" content=\"summary_large_image\" \/>\n<meta name=\"twitter:label1\" content=\"Gesch\u00e4tzte Lesezeit\" \/>\n\t<meta name=\"twitter:data1\" content=\"7\u00a0Minuten\" \/>\n<script type=\"application\/ld+json\" class=\"yoast-schema-graph\">{\"@context\":\"https:\/\/schema.org\",\"@graph\":[{\"@type\":\"WebPage\",\"@id\":\"https:\/\/newgarden.es\/tipologia\/\",\"url\":\"https:\/\/newgarden.es\/tipologia\/\",\"name\":\"Newgarden ist ein Leuchtenhersteller, der sich der Nachhaltigkeit verpflichtet f\u00fchlt\",\"isPartOf\":{\"@id\":\"https:\/\/newgarden.es\/#website\"},\"datePublished\":\"2019-11-06T11:29:04+00:00\",\"dateModified\":\"2024-06-21T11:20:57+00:00\",\"description\":\"Newgarden ist Hersteller von Au\u00dfenleuchten, Gartenm\u00f6beln und Designer-T\u00f6pfen. Verpflichtung zur Nachhaltigkeit, Herstellung von vollst\u00e4ndig autonomen Solarlampen sowie Dekoration f\u00fcr den zu 100% recycelbaren Garten\",\"breadcrumb\":{\"@id\":\"https:\/\/newgarden.es\/tipologia\/#breadcrumb\"},\"inLanguage\":\"de\",\"potentialAction\":[{\"@type\":\"ReadAction\",\"target\":[\"https:\/\/newgarden.es\/tipologia\/\"]}]},{\"@type\":\"BreadcrumbList\",\"@id\":\"https:\/\/newgarden.es\/tipologia\/#breadcrumb\",\"itemListElement\":[{\"@type\":\"ListItem\",\"position\":1,\"name\":\"Home\",\"item\":\"https:\/\/newgarden.es\/de\/\"},{\"@type\":\"ListItem\",\"position\":2,\"name\":\"ART\"}]},{\"@type\":\"WebSite\",\"@id\":\"https:\/\/newgarden.es\/#website\",\"url\":\"https:\/\/newgarden.es\/\",\"name\":\"Newgarden\",\"description\":\"Be happy\",\"potentialAction\":[{\"@type\":\"SearchAction\",\"target\":{\"@type\":\"EntryPoint\",\"urlTemplate\":\"https:\/\/newgarden.es\/?s={search_term_string}\"},\"query-input\":{\"@type\":\"PropertyValueSpecification\",\"valueRequired\":true,\"valueName\":\"search_term_string\"}}],\"inLanguage\":\"de\"}]}<\/script>\n<!-- \/ Yoast SEO plugin. -->","yoast_head_json":{"title":"Newgarden ist ein Leuchtenhersteller, der sich der Nachhaltigkeit verpflichtet f\u00fchlt","description":"Newgarden ist Hersteller von Au\u00dfenleuchten, Gartenm\u00f6beln und Designer-T\u00f6pfen. Verpflichtung zur Nachhaltigkeit, Herstellung von vollst\u00e4ndig autonomen Solarlampen sowie Dekoration f\u00fcr den zu 100% recycelbaren Garten","robots":{"index":"index","follow":"follow","max-snippet":"max-snippet:-1","max-image-preview":"max-image-preview:large","max-video-preview":"max-video-preview:-1"},"canonical":"https:\/\/newgarden.es\/tipologia\/","og_locale":"de_DE","og_type":"article","og_title":"Newgarden ist ein Leuchtenhersteller, der sich der Nachhaltigkeit verpflichtet f\u00fchlt","og_description":"Newgarden ist Hersteller von Au\u00dfenleuchten, Gartenm\u00f6beln und Designer-T\u00f6pfen. Verpflichtung zur Nachhaltigkeit, Herstellung von vollst\u00e4ndig autonomen Solarlampen sowie Dekoration f\u00fcr den zu 100% recycelbaren Garten","og_url":"https:\/\/newgarden.es\/tipologia\/","og_site_name":"Newgarden","article_modified_time":"2024-06-21T11:20:57+00:00","twitter_card":"summary_large_image","twitter_misc":{"Gesch\u00e4tzte Lesezeit":"7\u00a0Minuten"},"schema":{"@context":"https:\/\/schema.org","@graph":[{"@type":"WebPage","@id":"https:\/\/newgarden.es\/tipologia\/","url":"https:\/\/newgarden.es\/tipologia\/","name":"Newgarden ist ein Leuchtenhersteller, der sich der Nachhaltigkeit verpflichtet f\u00fchlt","isPartOf":{"@id":"https:\/\/newgarden.es\/#website"},"datePublished":"2019-11-06T11:29:04+00:00","dateModified":"2024-06-21T11:20:57+00:00","description":"Newgarden ist Hersteller von Au\u00dfenleuchten, Gartenm\u00f6beln und Designer-T\u00f6pfen. Verpflichtung zur Nachhaltigkeit, Herstellung von vollst\u00e4ndig autonomen Solarlampen sowie Dekoration f\u00fcr den zu 100% recycelbaren Garten","breadcrumb":{"@id":"https:\/\/newgarden.es\/tipologia\/#breadcrumb"},"inLanguage":"de","potentialAction":[{"@type":"ReadAction","target":["https:\/\/newgarden.es\/tipologia\/"]}]},{"@type":"BreadcrumbList","@id":"https:\/\/newgarden.es\/tipologia\/#breadcrumb","itemListElement":[{"@type":"ListItem","position":1,"name":"Home","item":"https:\/\/newgarden.es\/de\/"},{"@type":"ListItem","position":2,"name":"ART"}]},{"@type":"WebSite","@id":"https:\/\/newgarden.es\/#website","url":"https:\/\/newgarden.es\/","name":"Newgarden","description":"Be happy","potentialAction":[{"@type":"SearchAction","target":{"@type":"EntryPoint","urlTemplate":"https:\/\/newgarden.es\/?s={search_term_string}"},"query-input":{"@type":"PropertyValueSpecification","valueRequired":true,"valueName":"search_term_string"}}],"inLanguage":"de"}]}},"_links":{"self":[{"href":"https:\/\/newgarden.es\/de\/wp-json\/wp\/v2\/pages\/22229"}],"collection":[{"href":"https:\/\/newgarden.es\/de\/wp-json\/wp\/v2\/pages"}],"about":[{"href":"https:\/\/newgarden.es\/de\/wp-json\/wp\/v2\/types\/page"}],"author":[{"embeddable":true,"href":"https:\/\/newgarden.es\/de\/wp-json\/wp\/v2\/users\/1"}],"replies":[{"embeddable":true,"href":"https:\/\/newgarden.es\/de\/wp-json\/wp\/v2\/comments?post=22229"}],"version-history":[{"count":8,"href":"https:\/\/newgarden.es\/de\/wp-json\/wp\/v2\/pages\/22229\/revisions"}],"predecessor-version":[{"id":42610,"href":"https:\/\/newgarden.es\/de\/wp-json\/wp\/v2\/pages\/22229\/revisions\/42610"}],"wp:attachment":[{"href":"https:\/\/newgarden.es\/de\/wp-json\/wp\/v2\/media?parent=22229"}],"curies":[{"name":"wp","href":"https:\/\/api.w.org\/{rel}","templated":true}]}}