{"id":30111,"date":"2020-07-28T11:36:36","date_gmt":"2020-07-28T09:36:36","guid":{"rendered":"https:\/\/newgarden.es\/cookie-richtlinie\/"},"modified":"2024-06-21T13:21:06","modified_gmt":"2024-06-21T11:21:06","slug":"cookie-richtlinie","status":"publish","type":"page","link":"https:\/\/newgarden.es\/de\/cookie-richtlinie\/","title":{"rendered":"COOKIE-RICHTLINIE"},"content":{"rendered":"<section class=\"wpb-content-wrapper\"><p>[vc_row full_width=&#8220;stretch_row&#8220; css=&#8220;.vc_custom_1561981195194{background-position: center !important;background-repeat: no-repeat !important;background-size: cover !important;}&#8220;][vc_column][vc_column_text]<\/p>\n<h1>COOKIE-RICHTLINIE<\/h1>\n<p>[\/vc_column_text][vc_separator][vc_row_inner][vc_column_inner][vc_column_text]<\/p>\n<h2>DEFINITION VON COOKIES<\/h2>\n<p>Cookies sind Kennungen, die wir \u00fcber Ihren Webbrowser an die Festplatte Ihres Computers senden, damit unsere Systeme Ihren Browser erkennen und Ihnen bestimmte Dienste anbieten k\u00f6nnen.<\/p>\n<p>Diese Seite verwendet verschiedene Arten von Cookies. Einige Cookies werden von Drittanbieterdiensten platziert, die auf unseren Seiten erscheinen.<\/p>\n<p>Unten zeigen wir die Cookies an, die von der www.newgarden.es-Seite verwendet werden, und www.newgardenshop.es[\/vc_column_text][vc_separator][vc_column_text]<\/p>\n<h2>DEFINITION VON COOKIES<\/h2>\n<p>Cookies sind Kennungen, die wir \u00fcber Ihren Webbrowser an die Festplatte Ihres Computers senden, damit unsere Systeme Ihren Browser erkennen und Ihnen bestimmte Dienste anbieten k\u00f6nnen.<\/p>\n<p>Diese Seite verwendet verschiedene Arten von Cookies. Einige Cookies werden von Drittanbieterdiensten platziert, die auf unseren Seiten erscheinen.<\/p>\n<p>Im Folgenden finden Sie die Cookies, die auf der www.newgardenshop.es<\/p>\n<h2>VERWENDETe COOKIES<\/h2>\n<h3>Erforderliche Cookies<\/h3>\n<p>Die notwendigen Cookies tragen dazu bei, eine Website nutzbar zu machen, indem grundlegende Funktionen wie Navigation auf der Seite und Zugriff auf sichere Bereiche der Website aktiviert werden. Die Website funktioniert ohne diese Cookies nicht ordnungsgem\u00e4\u00df.<\/p>\n<table width=\"74%\">\n<tbody>\n<tr>\n<td width=\"18%\"><strong>Namen<\/strong><\/td>\n<td width=\"32%\"><strong>Zweck<\/strong><\/td>\n<td width=\"49%\"><strong>Ablauf<\/strong><\/td>\n<\/tr>\n<tr>\n<td width=\"18%\">Cookie-vereinbart<\/td>\n<td width=\"32%\">Wissen Sie, ob der Benutzer z. B. die Warnung vor Cookies akzeptiert hat.<\/td>\n<td width=\"49%\">3 Monate<\/td>\n<\/tr>\n<\/tbody>\n<\/table>\n<h3>Pr\u00e4ferenz-Cookies<\/h3>\n<p>Mit Denbevordamit-Cookies kann sich die Website Informationen merken, die das Verhalten der Seite \u00e4ndern oder wie sie aussieht, z. B. Ihre bevorzugte Sprache oder die Region, in der Sie sich befinden.<\/p>\n<h3>Statistik-Cookies<\/h3>\n<p>Statistische Cookies helfen Website-Besitzern zu verstehen, wie Besucher mit Webseiten interagieren, indem sie Informationen anonym sammeln und bereitstellen.<\/p>\n<table width=\"74%\">\n<tbody>\n<tr>\n<td width=\"18%\"><strong>Namen<\/strong><\/td>\n<td width=\"32%\"><strong>Zweck<\/strong><\/td>\n<td width=\"49%\"><strong>Ablauf<\/strong><\/td>\n<\/tr>\n<tr>\n<td width=\"18%\">_ga<\/td>\n<td width=\"32%\">Es zeichnet eine eindeutige Identifikation auf, die verwendet wird, um statistische Daten dar\u00fcber zu generieren, wie der Besucher die Website nutzt<\/td>\n<td width=\"49%\">2 Jahre<\/td>\n<\/tr>\n<tr>\n<td width=\"18%\">_gid<\/td>\n<td width=\"32%\">Es zeichnet eine eindeutige Identifikation auf, die verwendet wird, um statistische Daten dar\u00fcber zu generieren, wie der Besucher die Website nutzt.<\/td>\n<td width=\"49%\">1 Tag<\/td>\n<\/tr>\n<tr>\n<td width=\"18%\">_gat<\/td>\n<td width=\"32%\">Wird verwendet, um den Prozentsatz der Anforderungen zu begrenzen<\/td>\n<td width=\"49%\">Sitzungscookie<\/td>\n<\/tr>\n<\/tbody>\n<\/table>\n<h3>Marketing-Cookies<\/h3>\n<p>Marketing-Cookies werden verwendet, um Besucher auf Webseiten zu verfolgen. Ziel ist es, F\u00fcr den einzelnen Nutzer relevante und attraktive Anzeigen anzuzeigen, die f\u00fcr Verlage und Drittanbieter wertvoller sind.<\/p>\n<h2>So deaktivieren Sie Cookies in den Hauptbrowsern:<\/h2>\n<p>Es ist in der Regel m\u00f6glich, die Annahme von Browser-Cookies zu beenden oder die Annahme von Cookies von einem bestimmten Dienst zu beenden.<\/p>\n<p>Alle modernen Browser erm\u00f6glichen es Ihnen, die Einstellungen von Cookies zu \u00e4ndern. Diese Einstellungen finden Sie in der Regel im Men\u00fc &#8222;Optionen&#8220; oder &#8222;Einstellungen&#8220; Ihres Browsers. Sie k\u00f6nnen auch Ihren Browser oder E-Mail-Manager konfigurieren.<\/p>\n<p>Im Folgenden finden Sie Anleitungen f\u00fcr den Benutzer zu den Schritten zum Zugriff auf das Men\u00fc &#8222;Cookie-Einstellungen&#8220; und ggf. zum privaten Surfen in jedem der Hauptbrowser:<\/p>\n<p><strong>Internet Explorer:<\/strong> Tools &#8211; &gt; Internetoptionen &#8211; Datenschutz &#8211; &gt; &gt; Einstellungen. Weitere Informationen finden Sie im <a href=\"http:\/\/windows.microsoft.com\/es-ES\/windows\/support\">Microsoft-Support<\/a> oder in der Browserhilfe.<\/p>\n<p><strong>Firefox:<\/strong> Tools &#8211; &gt; Optionen &#8211; Datenschutz &#8211; Geschichte &#8211; Benutzerdefinierte &gt; &gt; &gt; Einstellungen. Weitere Informationen finden Sie im <a href=\"http:\/\/support.mozilla.org\/es\/home\">Mozilla-Support<\/a> oder in der Browserhilfe.<\/p>\n<p><strong>Chrome:<\/strong> Einstellungen &#8211; &gt; Erweiterte Optionen anzeigen &#8211; Datenschutz &#8211; &gt; &gt; Inhaltseinstellungen. Weitere Informationen finden Sie im <a href=\"http:\/\/support.google.com\/chrome\/?hl=es\">Google-Support<\/a> oder in der Browserhilfe.<\/p>\n<p><strong>Safari:<\/strong> Einstellungen &#8211; &gt; Sicherheit. Weitere Informationen finden Sie im <a href=\"http:\/\/www.apple.com\/es\/support\/safari\/\">Apple-Support<\/a> oder in der Browserhilfe.<\/p>\n<p><strong>Was passiert, wenn Cookies deaktiviert sind?<\/strong><\/p>\n<p>Einige Funktionen der Dienste werden deaktiviert, z. B. die Identifizierung, das Behalten von Eink\u00e4ufen im &#8222;Warenkorb&#8220; usw.[\/vc_column_text][vc_column_text]NEWGARDEN SPAIN, S.L. verarbeitet Ihre personenbezogenen Daten, um Ihre Registrierung als Nutzer zu verwalten, den Kauf von Produkten zu verwalten, ihre Anfragen zu bearbeiten und Ihnen, wenn Sie m\u00f6chten, unsere personalisierten Mitteilungen zu senden. Sie k\u00f6nnen Ihre Rechte auf Zugang, Berichtigung, L\u00f6schung und \u00dcbertragbarkeit Ihrer Daten, Einschr\u00e4nkung und Widerspruch gegen deren Verarbeitung aus\u00fcben und nicht Gegenstand von Entscheidungen sein, die ausschlie\u00dflich auf der automatisierten Verarbeitung Ihrer Daten beruhen, sofern zutreffend, an der E-Mail-Adresse info@newgarden.es<\/p>\n<p>Wir empfehlen Ihnen, die <u>Datenschutzerkl\u00e4rung<\/u> zu lesen, bevor Sie uns Ihre personenbezogenen Daten zur Verf\u00fcgung stellen.[\/vc_column_text][vc_column_text][\/vc_column_text][\/vc_column_inner][\/vc_row_inner][\/vc_column][\/vc_row][vc_row css=&#8220;.vc_custom_1533807053714{margin-top: 2vw !important;}&#8220;][vc_column][vc_separator][vc_custom_heading text=&#8220;Sie reden \u00fcber uns&#8230;&#8220; font_container=&#8220;tag:h2|font_size:18px|text_align:center|color:%23888888|line_height:18px&#8220; use_theme_fonts=&#8220;yes&#8220; css=&#8220;.vc_custom_1558017807275{margin-bottom: 20px !important;}&#8220;][\/vc_column][\/vc_row][vc_row css=&#8220;.vc_custom_1533807053714{margin-top: 2vw !important;}&#8220;][vc_column][etheme_carousel slider_autoplay=&#8220;yes&#8220; slider_interval=&#8220;3000&#8243; large=&#8220;6&#8243; notebook=&#8220;6&#8243; tablet_land=&#8220;3&#8243; tablet_portrait=&#8220;3&#8243; mobile=&#8220;2&#8243;][vc_single_image image=&#8220;19608&#8243; img_size=&#8220;full&#8220; alignment=&#8220;center&#8220; onclick=&#8220;custom_link&#8220; css=&#8220;.vc_custom_1560353171597{margin-bottom: 0px !important;}&#8220; link=&#8220;https:\/\/newgarden.es\/project\/no483-junio-2018\/&#8220;][vc_single_image image=&#8220;19606&#8243; img_size=&#8220;full&#8220; alignment=&#8220;center&#8220; onclick=&#8220;custom_link&#8220; css=&#8220;.vc_custom_1560353146109{margin-bottom: 0px !important;}&#8220; link=&#8220;https:\/\/newgarden.es\/project\/09042018\/&#8220;][vc_single_image image=&#8220;19596&#8243; img_size=&#8220;full&#8220; alignment=&#8220;center&#8220; onclick=&#8220;custom_link&#8220; css=&#8220;.vc_custom_1560353206883{margin-bottom: 0px !important;}&#8220; link=&#8220;https:\/\/newgarden.es\/project\/09052018\/&#8220;][vc_single_image image=&#8220;19594&#8243; img_size=&#8220;full&#8220; alignment=&#8220;center&#8220; onclick=&#8220;custom_link&#8220; css=&#8220;.vc_custom_1560353303315{margin-bottom: 0px !important;}&#8220; link=&#8220;https:\/\/newgarden.es\/project\/01072018-2\/&#8220;][vc_single_image image=&#8220;19600&#8243; img_size=&#8220;full&#8220; alignment=&#8220;center&#8220; onclick=&#8220;custom_link&#8220; css=&#8220;.vc_custom_1560353387858{margin-bottom: 0px !important;}&#8220; link=&#8220;https:\/\/newgarden.es\/project\/01-04-2019\/&#8220;][vc_single_image image=&#8220;19598&#8243; img_size=&#8220;full&#8220; alignment=&#8220;center&#8220; onclick=&#8220;custom_link&#8220; css=&#8220;.vc_custom_1560353443152{margin-bottom: 0px !important;}&#8220; link=&#8220;https:\/\/newgarden.es\/project\/24-09-2018\/&#8220;][vc_single_image image=&#8220;19618&#8243; img_size=&#8220;full&#8220; alignment=&#8220;center&#8220; onclick=&#8220;custom_link&#8220; css=&#8220;.vc_custom_1560353499990{margin-bottom: 0px !important;}&#8220; link=&#8220;https:\/\/newgarden.es\/project\/11-12-2018\/&#8220;][vc_single_image image=&#8220;19620&#8243; img_size=&#8220;full&#8220; alignment=&#8220;center&#8220; onclick=&#8220;custom_link&#8220; css=&#8220;.vc_custom_1560353569534{margin-bottom: 0px !important;}&#8220; link=&#8220;https:\/\/newgarden.es\/project\/02-05-2019\/&#8220;][vc_single_image image=&#8220;19592&#8243; img_size=&#8220;full&#8220; alignment=&#8220;center&#8220; onclick=&#8220;custom_link&#8220; css=&#8220;.vc_custom_1560353633233{margin-bottom: 0px !important;}&#8220; link=&#8220;https:\/\/newgarden.es\/project\/27062018\/&#8220;][vc_single_image image=&#8220;19586&#8243; img_size=&#8220;full&#8220; alignment=&#8220;center&#8220; onclick=&#8220;custom_link&#8220; css=&#8220;.vc_custom_1560353656898{margin-bottom: 0px !important;}&#8220; link=&#8220;https:\/\/newgarden.es\/project\/15964\/&#8220;][vc_single_image image=&#8220;19588&#8243; img_size=&#8220;full&#8220; alignment=&#8220;center&#8220; onclick=&#8220;custom_link&#8220; css=&#8220;.vc_custom_1560353694502{margin-bottom: 0px !important;}&#8220; link=&#8220;https:\/\/newgarden.es\/project\/27062018-2\/&#8220;][\/etheme_carousel][\/vc_column][\/vc_row]<\/p>\n<\/section>","protected":false},"excerpt":{"rendered":"<p>[vc_row full_width=&#8220;stretch_row&#8220; css=&#8220;.vc_custom_1561981195194{background-position: center !important;background-repeat: no-repeat !important;background-size: cover !important;}&#8220;][vc_column][vc_column_text] COOKIE-RICHTLINIE [\/vc_column_text][vc_separator][vc_row_inner][vc_column_inner][vc_column_text] DEFINITION VON COOKIES Cookies sind Kennungen, die wir \u00fcber Ihren Webbrowser an die Festplatte Ihres Computers senden, damit unsere<\/p>\n","protected":false},"author":1,"featured_media":0,"parent":0,"menu_order":0,"comment_status":"closed","ping_status":"closed","template":"","meta":{"footnotes":""},"class_list":["post-30111","page","type-page","status-publish","hentry"],"yoast_head":"<!-- This site is optimized with the Yoast SEO plugin v24.2 - https:\/\/yoast.com\/wordpress\/plugins\/seo\/ -->\n<title>Newgarden Presse News. Bleiben Sie auf dem Laufenden<\/title>\n<meta name=\"description\" content=\"Newgarden ist Hersteller von Au\u00dfenleuchten, Gartenm\u00f6beln und Designer-T\u00f6pfen. Verpflichtung zur Nachhaltigkeit, Herstellung von vollst\u00e4ndig autonomen Solarlampen sowie Dekoration f\u00fcr den zu 100% recycelbaren Garten\" \/>\n<meta name=\"robots\" content=\"index, follow, max-snippet:-1, max-image-preview:large, max-video-preview:-1\" \/>\n<link rel=\"canonical\" href=\"https:\/\/newgarden.es\/politica-cookies\/\" \/>\n<meta property=\"og:locale\" content=\"de_DE\" \/>\n<meta property=\"og:type\" content=\"article\" \/>\n<meta property=\"og:title\" content=\"Newgarden Presse News. Bleiben Sie auf dem Laufenden\" \/>\n<meta property=\"og:description\" content=\"Newgarden ist Hersteller von Au\u00dfenleuchten, Gartenm\u00f6beln und Designer-T\u00f6pfen. Verpflichtung zur Nachhaltigkeit, Herstellung von vollst\u00e4ndig autonomen Solarlampen sowie Dekoration f\u00fcr den zu 100% recycelbaren Garten\" \/>\n<meta property=\"og:url\" content=\"https:\/\/newgarden.es\/politica-cookies\/\" \/>\n<meta property=\"og:site_name\" content=\"Newgarden\" \/>\n<meta property=\"article:modified_time\" content=\"2024-06-21T11:21:06+00:00\" \/>\n<meta name=\"twitter:card\" content=\"summary_large_image\" \/>\n<meta name=\"twitter:label1\" content=\"Gesch\u00e4tzte Lesezeit\" \/>\n\t<meta name=\"twitter:data1\" content=\"5\u00a0Minuten\" \/>\n<script type=\"application\/ld+json\" class=\"yoast-schema-graph\">{\"@context\":\"https:\/\/schema.org\",\"@graph\":[{\"@type\":\"WebPage\",\"@id\":\"https:\/\/newgarden.es\/politica-cookies\/\",\"url\":\"https:\/\/newgarden.es\/politica-cookies\/\",\"name\":\"Newgarden Presse News. Bleiben Sie auf dem Laufenden\",\"isPartOf\":{\"@id\":\"https:\/\/newgarden.es\/#website\"},\"datePublished\":\"2020-07-28T09:36:36+00:00\",\"dateModified\":\"2024-06-21T11:21:06+00:00\",\"description\":\"Newgarden ist Hersteller von Au\u00dfenleuchten, Gartenm\u00f6beln und Designer-T\u00f6pfen. Verpflichtung zur Nachhaltigkeit, Herstellung von vollst\u00e4ndig autonomen Solarlampen sowie Dekoration f\u00fcr den zu 100% recycelbaren Garten\",\"breadcrumb\":{\"@id\":\"https:\/\/newgarden.es\/politica-cookies\/#breadcrumb\"},\"inLanguage\":\"de\",\"potentialAction\":[{\"@type\":\"ReadAction\",\"target\":[\"https:\/\/newgarden.es\/politica-cookies\/\"]}]},{\"@type\":\"BreadcrumbList\",\"@id\":\"https:\/\/newgarden.es\/politica-cookies\/#breadcrumb\",\"itemListElement\":[{\"@type\":\"ListItem\",\"position\":1,\"name\":\"Home\",\"item\":\"https:\/\/newgarden.es\/de\/\"},{\"@type\":\"ListItem\",\"position\":2,\"name\":\"COOKIE-RICHTLINIE\"}]},{\"@type\":\"WebSite\",\"@id\":\"https:\/\/newgarden.es\/#website\",\"url\":\"https:\/\/newgarden.es\/\",\"name\":\"Newgarden\",\"description\":\"Be happy\",\"potentialAction\":[{\"@type\":\"SearchAction\",\"target\":{\"@type\":\"EntryPoint\",\"urlTemplate\":\"https:\/\/newgarden.es\/?s={search_term_string}\"},\"query-input\":{\"@type\":\"PropertyValueSpecification\",\"valueRequired\":true,\"valueName\":\"search_term_string\"}}],\"inLanguage\":\"de\"}]}<\/script>\n<!-- \/ Yoast SEO plugin. -->","yoast_head_json":{"title":"Newgarden Presse News. Bleiben Sie auf dem Laufenden","description":"Newgarden ist Hersteller von Au\u00dfenleuchten, Gartenm\u00f6beln und Designer-T\u00f6pfen. Verpflichtung zur Nachhaltigkeit, Herstellung von vollst\u00e4ndig autonomen Solarlampen sowie Dekoration f\u00fcr den zu 100% recycelbaren Garten","robots":{"index":"index","follow":"follow","max-snippet":"max-snippet:-1","max-image-preview":"max-image-preview:large","max-video-preview":"max-video-preview:-1"},"canonical":"https:\/\/newgarden.es\/politica-cookies\/","og_locale":"de_DE","og_type":"article","og_title":"Newgarden Presse News. Bleiben Sie auf dem Laufenden","og_description":"Newgarden ist Hersteller von Au\u00dfenleuchten, Gartenm\u00f6beln und Designer-T\u00f6pfen. Verpflichtung zur Nachhaltigkeit, Herstellung von vollst\u00e4ndig autonomen Solarlampen sowie Dekoration f\u00fcr den zu 100% recycelbaren Garten","og_url":"https:\/\/newgarden.es\/politica-cookies\/","og_site_name":"Newgarden","article_modified_time":"2024-06-21T11:21:06+00:00","twitter_card":"summary_large_image","twitter_misc":{"Gesch\u00e4tzte Lesezeit":"5\u00a0Minuten"},"schema":{"@context":"https:\/\/schema.org","@graph":[{"@type":"WebPage","@id":"https:\/\/newgarden.es\/politica-cookies\/","url":"https:\/\/newgarden.es\/politica-cookies\/","name":"Newgarden Presse News. Bleiben Sie auf dem Laufenden","isPartOf":{"@id":"https:\/\/newgarden.es\/#website"},"datePublished":"2020-07-28T09:36:36+00:00","dateModified":"2024-06-21T11:21:06+00:00","description":"Newgarden ist Hersteller von Au\u00dfenleuchten, Gartenm\u00f6beln und Designer-T\u00f6pfen. Verpflichtung zur Nachhaltigkeit, Herstellung von vollst\u00e4ndig autonomen Solarlampen sowie Dekoration f\u00fcr den zu 100% recycelbaren Garten","breadcrumb":{"@id":"https:\/\/newgarden.es\/politica-cookies\/#breadcrumb"},"inLanguage":"de","potentialAction":[{"@type":"ReadAction","target":["https:\/\/newgarden.es\/politica-cookies\/"]}]},{"@type":"BreadcrumbList","@id":"https:\/\/newgarden.es\/politica-cookies\/#breadcrumb","itemListElement":[{"@type":"ListItem","position":1,"name":"Home","item":"https:\/\/newgarden.es\/de\/"},{"@type":"ListItem","position":2,"name":"COOKIE-RICHTLINIE"}]},{"@type":"WebSite","@id":"https:\/\/newgarden.es\/#website","url":"https:\/\/newgarden.es\/","name":"Newgarden","description":"Be happy","potentialAction":[{"@type":"SearchAction","target":{"@type":"EntryPoint","urlTemplate":"https:\/\/newgarden.es\/?s={search_term_string}"},"query-input":{"@type":"PropertyValueSpecification","valueRequired":true,"valueName":"search_term_string"}}],"inLanguage":"de"}]}},"_links":{"self":[{"href":"https:\/\/newgarden.es\/de\/wp-json\/wp\/v2\/pages\/30111"}],"collection":[{"href":"https:\/\/newgarden.es\/de\/wp-json\/wp\/v2\/pages"}],"about":[{"href":"https:\/\/newgarden.es\/de\/wp-json\/wp\/v2\/types\/page"}],"author":[{"embeddable":true,"href":"https:\/\/newgarden.es\/de\/wp-json\/wp\/v2\/users\/1"}],"replies":[{"embeddable":true,"href":"https:\/\/newgarden.es\/de\/wp-json\/wp\/v2\/comments?post=30111"}],"version-history":[{"count":2,"href":"https:\/\/newgarden.es\/de\/wp-json\/wp\/v2\/pages\/30111\/revisions"}],"predecessor-version":[{"id":66172,"href":"https:\/\/newgarden.es\/de\/wp-json\/wp\/v2\/pages\/30111\/revisions\/66172"}],"wp:attachment":[{"href":"https:\/\/newgarden.es\/de\/wp-json\/wp\/v2\/media?parent=30111"}],"curies":[{"name":"wp","href":"https:\/\/api.w.org\/{rel}","templated":true}]}}