{"id":47695,"date":"2023-03-10T08:56:43","date_gmt":"2023-03-10T07:56:43","guid":{"rendered":"https:\/\/newgarden.es\/rechtlicher-hinweis\/"},"modified":"2024-06-21T13:21:45","modified_gmt":"2024-06-21T11:21:45","slug":"rechtlicher-hinweis","status":"publish","type":"page","link":"https:\/\/newgarden.es\/de\/rechtlicher-hinweis\/","title":{"rendered":"RECHTLICHER HINWEIS"},"content":{"rendered":"<section class=\"wpb-content-wrapper\"><p>[vc_row full_width=&#8220;stretch_row&#8220; css=&#8220;.vc_custom_1561981195194{background-position: center !important;background-repeat: no-repeat !important;background-size: cover !important;}&#8220;][vc_column][vc_column_text]<\/p>\n<h1>RECHTLICHER HINWEIS<\/h1>\n<p>[\/vc_column_text][vc_separator][vc_row_inner][vc_column_inner][vc_column_text]Der folgende Text regelt die Nutzung der Website www.newgarden.es und www.newgardenshop.es durch Internetnutzer. Bitte lesen Sie die rechtlichen Hinweise bei jedem Besuch dieser Website sorgf\u00e4ltig durch, da sie jederzeit ge\u00e4ndert werden k\u00f6nnen. Wenn Sie mit den Bestimmungen nicht einverstanden sind, d\u00fcrfen Sie die Website nicht nutzen.[\/vc_column_text][vc_separator][vc_column_text]<\/p>\n<h2><strong>Eigentumsrecht\u00a0<\/strong><\/h2>\n<p>In \u00dcbereinstimmung mit den Bestimmungen des Gesetzes 34\/2002 vom 11. Juli \u00fcber die Dienste der Informationsgesellschaft und den elektronischen Handel informieren wir Sie hiermit, dass der Eigent\u00fcmer der Website NEWGARDEN SPAIN, S.L. mit Sitz in Avda. Francia, 5 &#8211; 15. Pol. Ind. Las Salinas de Alhama, CIF B98434665 und eingetragen im Registro Mercantil Murcia MU-83324. Band: 2997 Folio: 187<\/p>\n<h2>Objekt<\/h2>\n<p>Diese Website bietet den Nutzern Zugang zu verschiedenen Inhalten und Informationen, die von www.newgarden.es oder von Drittanbietern von Dienstleistungen und Inhalten zur Verf\u00fcgung gestellt werden. NEWGARDEN SPAIN, S.L. beh\u00e4lt sich das Recht vor, jederzeit die Pr\u00e4sentation, die Konfiguration und den Standort der Website sowie die darin enthaltenen Inhalte, Produkte und Dienstleistungen zu \u00e4ndern. Der Zugang, das Durchsuchen und die Nutzung der Website www.newgarden.es setzt die Annahme der vorliegenden Allgemeinen Gesch\u00e4ftsbedingungen durch den Nutzer voraus und impliziert diese. In diesem Sinne ist unter Nutzer die Person zu verstehen, die auf die Website zugreift, sie durchst\u00f6bert, sie nutzt oder sich an den Dienstleistungen und Aktivit\u00e4ten beteiligt, die auf der Website kostenlos oder kostenpflichtig angeboten werden. Der Zweck dieses rechtlichen Hinweises besteht darin, den Zugang, das Surfen und die Nutzung der Website zu regeln, unbeschadet der M\u00f6glichkeit von NEWGARDEN SPAIN, S.L., besondere Bedingungen f\u00fcr die Nutzung von Dienstleistungen und\/oder den Abschluss von Vertr\u00e4gen \u00fcber bestimmte Produkte festzulegen, die den Nutzern \u00fcber die Website angeboten werden.<\/p>\n<h2><strong>Bedingungen f\u00fcr den Zugang<\/strong><\/h2>\n<p>Der Zugang zur Website ist kostenlos, wobei der Zugang zu bestimmten Dienstleistungen eine vorherige Authentifizierung durch Eingabe eines Benutzernamens und eines Passworts erfordert. Wenn f\u00fcr den Zugang zu bestimmten Inhalten oder die Inanspruchnahme bestimmter Dienstleistungen die Angabe pers\u00f6nlicher Daten erforderlich ist, garantiert der Nutzer deren Wahrhaftigkeit, Genauigkeit, Authentizit\u00e4t und G\u00fcltigkeit. NEWGARDEN SPAIN, S.L. wird diese Daten je nach ihrer Art oder ihrem Zweck unter den im Abschnitt &#8222;Datenschutz&#8220; angegebenen Bedingungen und Konditionen automatisch verarbeiten.<\/p>\n<h2><strong>Geistiges Eigentum \/ Copyright<\/strong><\/h2>\n<p>NEWGARDEN SPAIN, S.L. ist der Eigent\u00fcmer dieser Website. Alle gewerblichen und geistigen Eigentumsrechte auf diesem Internetportal sind ausschlie\u00dfliches Eigentum des Unternehmens, das Eigent\u00fcmer der Website ist, oder von Dritten (sofern nicht anders angegeben), weshalb der Zugang oder die Nutzung derselben durch den Nutzer in keiner Weise als Gew\u00e4hrung einer Nutzungslizenz oder eines Rechts an einem Verm\u00f6genswert betrachtet werden darf.<\/p>\n<p>Die Nutzer der Website d\u00fcrfen deren Inhalte nur privat, pers\u00f6nlich oder beruflich nutzen. Es ist absolut verboten, die Website oder eines ihrer Elemente f\u00fcr kommerzielle oder unerlaubte Zwecke zu nutzen.<\/p>\n<p>Ohne vorherige schriftliche Zustimmung von NEWGARDEN SPAIN, S.L. ist die Vervielf\u00e4ltigung, Ver\u00e4nderung, Verbreitung oder \u00f6ffentliche Wiedergabe der Website oder ihrer Inhalte nicht gestattet, es sei denn, es liegt eine gesetzliche Genehmigung vor.<\/p>\n<p>NEWGARDEN SPAIN, S.L. \u00fcbernimmt keine Haftung f\u00fcr die Nutzung der Inhalte der Website durch Dritte und kann alle zivil- und strafrechtlichen Ma\u00dfnahmen ergreifen, die ihr im Falle einer Verletzung dieser Rechte durch den Nutzer zustehen.<\/p>\n<p>Es ist notwendig, die Installation der vom Server der Website gesendeten Cookies zu genehmigen.<\/p>\n<h2><strong>Haftungsausschlussklausel<\/strong><\/h2>\n<p>Die in die Website aufgenommenen Inhalte wurden zu jeder Zeit nach bestem Wissen und Gewissen erstellt, um den Nutzern Informationen zur Verf\u00fcgung zu stellen. Das Unternehmen \u00fcbernimmt daher keinerlei Haftung f\u00fcr die Vollst\u00e4ndigkeit oder Richtigkeit dieser Informationen und garantiert auch nicht f\u00fcr die Richtigkeit oder Aktualisierung der Informationen, die auf dieser Website zu finden sind und die ohne vorherige Ank\u00fcndigung ge\u00e4ndert werden k\u00f6nnen. Sie \u00fcbernimmt auch keine Verantwortung f\u00fcr etwaige typografische, formale oder numerische Fehler, die die Website enthalten k\u00f6nnte.<\/p>\n<p>NEWGARDEN SPAIN, S.L. \u00fcbernimmt keine Verantwortung f\u00fcr einen eventuellen Missbrauch der Website durch die Nutzer.<\/p>\n<h3>1.\u00a0 \u00a0 \u00a0 \u00a0 \u00a0 \u00a0 \u00a0 \u00a0 1. die Verantwortung f\u00fcr den Betrieb der Website.<\/h3>\n<p>NEWGARDEN SPAIN, S.L. bem\u00fcht sich, die durch technische Fehler verursachten Probleme zu minimieren, und kann die Dienstleistungen und Inhalte der Website vor\u00fcbergehend aussetzen, um Wartungs-, Verbesserungs- oder Reparaturarbeiten durchzuf\u00fchren, ohne dass dem Nutzer daf\u00fcr eine Entsch\u00e4digung zusteht.<\/p>\n<p>Es wird darauf hingewiesen, dass einige der auf dieser Website enthaltenen Informationen in Dateien oder Formaten erstellt oder gesammelt worden sein k\u00f6nnen, die nicht fehlerfrei sind, so dass keine Garantie daf\u00fcr gegeben werden kann, dass der Dienst nicht unterbrochen oder durch solche Probleme beeintr\u00e4chtigt wird.<\/p>\n<p>Das Unternehmen \u00fcbernimmt keinerlei Haftung f\u00fcr Sch\u00e4den, die dem Nutzer durch den Besuch dieser Website oder anderer externer Websites, die an den Nutzer weitergeleitet werden, entstehen k\u00f6nnen.<\/p>\n<p>Das Unternehmen haftet nicht f\u00fcr Unterbrechungen oder St\u00f6rungen des Dienstes, die auf zuf\u00e4llige Ereignisse, h\u00f6here Gewalt oder andere Ursachen zur\u00fcckzuf\u00fchren sind, auf die es keinen Einfluss hat.<\/p>\n<h3>2.\u00a0 \u00a0 \u00a0 \u00a0 \u00a0 \u00a0 \u00a0 \u00a0 Die Verantwortung f\u00fcr die Nutzung von Links<\/h3>\n<p>Das Unternehmen \u00fcbernimmt keine Haftung f\u00fcr das Vorhandensein von Links zwischen den Inhalten dieser Website und Inhalten, die sich au\u00dferhalb der Website befinden, oder f\u00fcr jeden anderen Hinweis auf externe Inhalte auf dieser Website.<\/p>\n<p>Die Website enth\u00e4lt Links zu unseren Profilen in sozialen Netzwerken.<\/p>\n<p>F\u00fcr den Fall, dass das Unternehmen auf irgendeine Weise die Rechtswidrigkeit der Website feststellt oder dass sie Eigentum oder Rechte eines schadensersatzpflichtigen Dritten verletzt, wird das Unternehmen den Link entfernen oder deaktivieren.<\/p>\n<p>Das Vorhandensein anderer Links auf der Website dient nur zu Informationszwecken und stellt in keinem Fall eine Aufforderung oder Empfehlung zum Kauf von Produkten oder Dienstleistungen dar, die auf der Ziel-Internetseite angeboten werden, und impliziert in keinem Fall eine Unterst\u00fctzung f\u00fcr die Personen oder K\u00f6rperschaften, die die Autoren dieser Inhalte oder Eigent\u00fcmer der Websites sind, auf denen sie sich befinden.[\/vc_column_text][vc_column_text]<\/p>\n<div id=\"jas-content\" class=\"main-page-wrapper\">\n<div class=\"jas-row jas-page\">\n<div class=\"jas-col-md-12 jas-col-xs-12 mt__60 mb__60\" role=\"main\">\n<div class=\"jas-container\">\n<p>NEWGARDEN SPAIN, S.L. verarbeitet Ihre pers\u00f6nlichen Daten, um Ihre Registrierung als Nutzer zu verwalten, den Kauf von Produkten zu verwalten, Ihre Anfragen zu bearbeiten und Ihnen, wenn Sie es w\u00fcnschen, unsere personalisierten Mitteilungen zu senden. Sie k\u00f6nnen Ihre Rechte auf Zugang, Berichtigung, L\u00f6schung und \u00dcbertragbarkeit Ihrer Daten, auf Einschr\u00e4nkung und Widerspruch gegen deren Verarbeitung sowie auf Ablehnung von Entscheidungen, die ausschlie\u00dflich auf der automatisierten Verarbeitung Ihrer Daten beruhen, gegebenenfalls unter der E-Mail-Adresse info@newgarden.es geltend machen.<\/p>\n<p>Wir empfehlen Ihnen, die Datenschutzbestimmungen zu lesen, bevor Sie uns Ihre personenbezogenen Daten zur Verf\u00fcgung stellen.<\/p>\n<\/div>\n<\/div>\n<\/div>\n<\/div>\n<p>[\/vc_column_text][vc_column_text][\/vc_column_text][\/vc_column_inner][\/vc_row_inner][\/vc_column][\/vc_row][vc_row css=&#8220;.vc_custom_1533807053714{margin-top: 2vw !important;}&#8220;][vc_column][vc_separator][vc_custom_heading text=&#8220;Sie reden \u00fcber uns&#8230;&#8220; font_container=&#8220;tag:h2|font_size:18px|text_align:center|color:%23888888|line_height:18px&#8220; use_theme_fonts=&#8220;yes&#8220; css=&#8220;.vc_custom_1558017807275{margin-bottom: 20px !important;}&#8220;][\/vc_column][\/vc_row][vc_row css=&#8220;.vc_custom_1533807053714{margin-top: 2vw !important;}&#8220;][vc_column][etheme_carousel slider_autoplay=&#8220;yes&#8220; slider_interval=&#8220;3000&#8243; large=&#8220;6&#8243; notebook=&#8220;6&#8243; tablet_land=&#8220;3&#8243; tablet_portrait=&#8220;3&#8243; mobile=&#8220;2&#8243;][vc_single_image image=&#8220;19608&#8243; img_size=&#8220;full&#8220; alignment=&#8220;center&#8220; onclick=&#8220;custom_link&#8220; css=&#8220;.vc_custom_1560353171597{margin-bottom: 0px !important;}&#8220; link=&#8220;\/?p=10128&#8243;][vc_single_image image=&#8220;19606&#8243; img_size=&#8220;full&#8220; alignment=&#8220;center&#8220; onclick=&#8220;custom_link&#8220; css=&#8220;.vc_custom_1560353146109{margin-bottom: 0px !important;}&#8220; link=&#8220;\/?p=10149&#8243;][vc_single_image image=&#8220;19596&#8243; img_size=&#8220;full&#8220; alignment=&#8220;center&#8220; onclick=&#8220;custom_link&#8220; css=&#8220;.vc_custom_1560353206883{margin-bottom: 0px !important;}&#8220; link=&#8220;\/?p=10147&#8243;][vc_single_image image=&#8220;19594&#8243; img_size=&#8220;full&#8220; alignment=&#8220;center&#8220; onclick=&#8220;custom_link&#8220; css=&#8220;.vc_custom_1560353303315{margin-bottom: 0px !important;}&#8220; link=&#8220;\/?p=10122&#8243;][vc_single_image image=&#8220;19600&#8243; img_size=&#8220;full&#8220; alignment=&#8220;center&#8220; onclick=&#8220;custom_link&#8220; css=&#8220;.vc_custom_1560353387858{margin-bottom: 0px !important;}&#8220; link=&#8220;\/?p=10019&#8243;][vc_single_image image=&#8220;19598&#8243; img_size=&#8220;full&#8220; alignment=&#8220;center&#8220; onclick=&#8220;custom_link&#8220; css=&#8220;.vc_custom_1560353443152{margin-bottom: 0px !important;}&#8220; link=&#8220;\/?p=10098&#8243;][vc_single_image image=&#8220;19618&#8243; img_size=&#8220;full&#8220; alignment=&#8220;center&#8220; onclick=&#8220;custom_link&#8220; css=&#8220;.vc_custom_1560353499990{margin-bottom: 0px !important;}&#8220; link=&#8220;\/?p=10069&#8243;][vc_single_image image=&#8220;19620&#8243; img_size=&#8220;full&#8220; alignment=&#8220;center&#8220; onclick=&#8220;custom_link&#8220; css=&#8220;.vc_custom_1560353569534{margin-bottom: 0px !important;}&#8220; link=&#8220;\/?p=10010&#8243;][vc_single_image image=&#8220;19592&#8243; img_size=&#8220;full&#8220; alignment=&#8220;center&#8220; onclick=&#8220;custom_link&#8220; css=&#8220;.vc_custom_1560353633233{margin-bottom: 0px !important;}&#8220; link=&#8220;\/?p=10133&#8243;][vc_single_image image=&#8220;19586&#8243; img_size=&#8220;full&#8220; alignment=&#8220;center&#8220; onclick=&#8220;custom_link&#8220; css=&#8220;.vc_custom_1560353656898{margin-bottom: 0px !important;}&#8220; link=&#8220;\/?p=10142&#8243;][vc_single_image image=&#8220;19588&#8243; img_size=&#8220;full&#8220; alignment=&#8220;center&#8220; onclick=&#8220;custom_link&#8220; css=&#8220;.vc_custom_1560353694502{margin-bottom: 0px !important;}&#8220; link=&#8220;\/?p=10131&#8243;][\/etheme_carousel][\/vc_column][\/vc_row]<\/p>\n<\/section>","protected":false},"excerpt":{"rendered":"<p>[vc_row full_width=&#8220;stretch_row&#8220; css=&#8220;.vc_custom_1561981195194{background-position: center !important;background-repeat: no-repeat !important;background-size: cover !important;}&#8220;][vc_column][vc_column_text] RECHTLICHER HINWEIS [\/vc_column_text][vc_separator][vc_row_inner][vc_column_inner][vc_column_text]Der folgende Text regelt die Nutzung der Website www.newgarden.es und www.newgardenshop.es durch Internetnutzer. Bitte lesen Sie die rechtlichen Hinweise<\/p>\n","protected":false},"author":1,"featured_media":0,"parent":0,"menu_order":0,"comment_status":"closed","ping_status":"closed","template":"","meta":{"footnotes":""},"class_list":["post-47695","page","type-page","status-publish","hentry"],"yoast_head":"<!-- This site is optimized with the Yoast SEO plugin v24.2 - https:\/\/yoast.com\/wordpress\/plugins\/seo\/ -->\n<title>Newgarden Spain. Rechtlicher Hinweis. Eigentumsverh\u00e4ltnisse, Zugangsbedingungen.<\/title>\n<meta name=\"description\" content=\"Newgarden ist ein Hersteller von Au\u00dfenbeleuchtung, Gartenm\u00f6beln und Designer-T\u00f6pfen. Das Unternehmen hat sich der Nachhaltigkeit verschrieben und produziert v\u00f6llig autonome Solarlampen sowie Gartendekoration, die zu 100% recycelbar ist.\" \/>\n<meta name=\"robots\" content=\"index, follow, max-snippet:-1, max-image-preview:large, max-video-preview:-1\" \/>\n<link rel=\"canonical\" href=\"https:\/\/newgarden.es\/aviso-legal\/\" \/>\n<meta property=\"og:locale\" content=\"de_DE\" \/>\n<meta property=\"og:type\" content=\"article\" \/>\n<meta property=\"og:title\" content=\"Newgarden Spain. Rechtlicher Hinweis. Eigentumsverh\u00e4ltnisse, Zugangsbedingungen.\" \/>\n<meta property=\"og:description\" content=\"Newgarden ist ein Hersteller von Au\u00dfenbeleuchtung, Gartenm\u00f6beln und Designer-T\u00f6pfen. Das Unternehmen hat sich der Nachhaltigkeit verschrieben und produziert v\u00f6llig autonome Solarlampen sowie Gartendekoration, die zu 100% recycelbar ist.\" \/>\n<meta property=\"og:url\" content=\"https:\/\/newgarden.es\/aviso-legal\/\" \/>\n<meta property=\"og:site_name\" content=\"Newgarden\" \/>\n<meta property=\"article:modified_time\" content=\"2024-06-21T11:21:45+00:00\" \/>\n<meta name=\"twitter:card\" content=\"summary_large_image\" \/>\n<meta name=\"twitter:label1\" content=\"Gesch\u00e4tzte Lesezeit\" \/>\n\t<meta name=\"twitter:data1\" content=\"7\u00a0Minuten\" \/>\n<script type=\"application\/ld+json\" class=\"yoast-schema-graph\">{\"@context\":\"https:\/\/schema.org\",\"@graph\":[{\"@type\":\"WebPage\",\"@id\":\"https:\/\/newgarden.es\/aviso-legal\/\",\"url\":\"https:\/\/newgarden.es\/aviso-legal\/\",\"name\":\"Newgarden Spain. Rechtlicher Hinweis. Eigentumsverh\u00e4ltnisse, Zugangsbedingungen.\",\"isPartOf\":{\"@id\":\"https:\/\/newgarden.es\/#website\"},\"datePublished\":\"2023-03-10T07:56:43+00:00\",\"dateModified\":\"2024-06-21T11:21:45+00:00\",\"description\":\"Newgarden ist ein Hersteller von Au\u00dfenbeleuchtung, Gartenm\u00f6beln und Designer-T\u00f6pfen. Das Unternehmen hat sich der Nachhaltigkeit verschrieben und produziert v\u00f6llig autonome Solarlampen sowie Gartendekoration, die zu 100% recycelbar ist.\",\"breadcrumb\":{\"@id\":\"https:\/\/newgarden.es\/aviso-legal\/#breadcrumb\"},\"inLanguage\":\"de\",\"potentialAction\":[{\"@type\":\"ReadAction\",\"target\":[\"https:\/\/newgarden.es\/aviso-legal\/\"]}]},{\"@type\":\"BreadcrumbList\",\"@id\":\"https:\/\/newgarden.es\/aviso-legal\/#breadcrumb\",\"itemListElement\":[{\"@type\":\"ListItem\",\"position\":1,\"name\":\"Home\",\"item\":\"https:\/\/newgarden.es\/de\/\"},{\"@type\":\"ListItem\",\"position\":2,\"name\":\"RECHTLICHER HINWEIS\"}]},{\"@type\":\"WebSite\",\"@id\":\"https:\/\/newgarden.es\/#website\",\"url\":\"https:\/\/newgarden.es\/\",\"name\":\"Newgarden\",\"description\":\"Be happy\",\"potentialAction\":[{\"@type\":\"SearchAction\",\"target\":{\"@type\":\"EntryPoint\",\"urlTemplate\":\"https:\/\/newgarden.es\/?s={search_term_string}\"},\"query-input\":{\"@type\":\"PropertyValueSpecification\",\"valueRequired\":true,\"valueName\":\"search_term_string\"}}],\"inLanguage\":\"de\"}]}<\/script>\n<!-- \/ Yoast SEO plugin. -->","yoast_head_json":{"title":"Newgarden Spain. Rechtlicher Hinweis. Eigentumsverh\u00e4ltnisse, Zugangsbedingungen.","description":"Newgarden ist ein Hersteller von Au\u00dfenbeleuchtung, Gartenm\u00f6beln und Designer-T\u00f6pfen. Das Unternehmen hat sich der Nachhaltigkeit verschrieben und produziert v\u00f6llig autonome Solarlampen sowie Gartendekoration, die zu 100% recycelbar ist.","robots":{"index":"index","follow":"follow","max-snippet":"max-snippet:-1","max-image-preview":"max-image-preview:large","max-video-preview":"max-video-preview:-1"},"canonical":"https:\/\/newgarden.es\/aviso-legal\/","og_locale":"de_DE","og_type":"article","og_title":"Newgarden Spain. Rechtlicher Hinweis. Eigentumsverh\u00e4ltnisse, Zugangsbedingungen.","og_description":"Newgarden ist ein Hersteller von Au\u00dfenbeleuchtung, Gartenm\u00f6beln und Designer-T\u00f6pfen. Das Unternehmen hat sich der Nachhaltigkeit verschrieben und produziert v\u00f6llig autonome Solarlampen sowie Gartendekoration, die zu 100% recycelbar ist.","og_url":"https:\/\/newgarden.es\/aviso-legal\/","og_site_name":"Newgarden","article_modified_time":"2024-06-21T11:21:45+00:00","twitter_card":"summary_large_image","twitter_misc":{"Gesch\u00e4tzte Lesezeit":"7\u00a0Minuten"},"schema":{"@context":"https:\/\/schema.org","@graph":[{"@type":"WebPage","@id":"https:\/\/newgarden.es\/aviso-legal\/","url":"https:\/\/newgarden.es\/aviso-legal\/","name":"Newgarden Spain. Rechtlicher Hinweis. Eigentumsverh\u00e4ltnisse, Zugangsbedingungen.","isPartOf":{"@id":"https:\/\/newgarden.es\/#website"},"datePublished":"2023-03-10T07:56:43+00:00","dateModified":"2024-06-21T11:21:45+00:00","description":"Newgarden ist ein Hersteller von Au\u00dfenbeleuchtung, Gartenm\u00f6beln und Designer-T\u00f6pfen. Das Unternehmen hat sich der Nachhaltigkeit verschrieben und produziert v\u00f6llig autonome Solarlampen sowie Gartendekoration, die zu 100% recycelbar ist.","breadcrumb":{"@id":"https:\/\/newgarden.es\/aviso-legal\/#breadcrumb"},"inLanguage":"de","potentialAction":[{"@type":"ReadAction","target":["https:\/\/newgarden.es\/aviso-legal\/"]}]},{"@type":"BreadcrumbList","@id":"https:\/\/newgarden.es\/aviso-legal\/#breadcrumb","itemListElement":[{"@type":"ListItem","position":1,"name":"Home","item":"https:\/\/newgarden.es\/de\/"},{"@type":"ListItem","position":2,"name":"RECHTLICHER HINWEIS"}]},{"@type":"WebSite","@id":"https:\/\/newgarden.es\/#website","url":"https:\/\/newgarden.es\/","name":"Newgarden","description":"Be happy","potentialAction":[{"@type":"SearchAction","target":{"@type":"EntryPoint","urlTemplate":"https:\/\/newgarden.es\/?s={search_term_string}"},"query-input":{"@type":"PropertyValueSpecification","valueRequired":true,"valueName":"search_term_string"}}],"inLanguage":"de"}]}},"_links":{"self":[{"href":"https:\/\/newgarden.es\/de\/wp-json\/wp\/v2\/pages\/47695"}],"collection":[{"href":"https:\/\/newgarden.es\/de\/wp-json\/wp\/v2\/pages"}],"about":[{"href":"https:\/\/newgarden.es\/de\/wp-json\/wp\/v2\/types\/page"}],"author":[{"embeddable":true,"href":"https:\/\/newgarden.es\/de\/wp-json\/wp\/v2\/users\/1"}],"replies":[{"embeddable":true,"href":"https:\/\/newgarden.es\/de\/wp-json\/wp\/v2\/comments?post=47695"}],"version-history":[{"count":2,"href":"https:\/\/newgarden.es\/de\/wp-json\/wp\/v2\/pages\/47695\/revisions"}],"predecessor-version":[{"id":47697,"href":"https:\/\/newgarden.es\/de\/wp-json\/wp\/v2\/pages\/47695\/revisions\/47697"}],"wp:attachment":[{"href":"https:\/\/newgarden.es\/de\/wp-json\/wp\/v2\/media?parent=47695"}],"curies":[{"name":"wp","href":"https:\/\/api.w.org\/{rel}","templated":true}]}}