{"id":55626,"date":"2024-05-16T08:37:06","date_gmt":"2024-05-16T06:37:06","guid":{"rendered":"https:\/\/newgarden.es\/ueber-uns\/"},"modified":"2024-06-21T13:21:56","modified_gmt":"2024-06-21T11:21:56","slug":"ueber-uns","status":"publish","type":"page","link":"https:\/\/newgarden.es\/de\/ueber-uns\/","title":{"rendered":"\u00dcber uns"},"content":{"rendered":"<section class=\"wpb-content-wrapper\"><p>[vc_row][vc_column][vc_empty_space height=&#8220;60px&#8220;][vc_custom_heading text=&#8220;\u00dcber uns&#8220; font_container=&#8220;tag:h1|font_size:52px|text_align:center|color:%238f8b85&#8243; use_theme_fonts=&#8220;yes&#8220;][\/vc_column][\/vc_row][vc_row][vc_column][vc_empty_space height=&#8220;30px&#8220;][vc_column_text css=&#8220;.vc_custom_1715154426852{margin-top: 20px !important;margin-bottom: 20px !important;}&#8220;]<\/p>\n<h6 style=\"text-align: justify;\"><span style=\"color: #a39f98;\">Wir sind ein spanischer Hersteller mit mehr als 13 Jahren Erfahrung und sind in mehr als 30 L\u00e4ndern vertreten. Mit unseren eigenen Fabriken in Spanien und Mexiko entwirft, projektiert und kreiert unser Entwicklungsteam st\u00e4ndig neue Trends, damit unsere Kunden immer auf dem neuesten Stand sind.<\/span><\/h6>\n<h6 style=\"text-align: justify;\"><span style=\"color: #a39f98;\">Wir sind auf dekorative Au\u00dfenbeleuchtungsprodukte und Zubeh\u00f6r f\u00fcr den Au\u00dfenbereich spezialisiert. Unser innovativer Ansatz in diesem Sektor, mit einem ausgewogenen Verh\u00e4ltnis zwischen Qualit\u00e4t, Design und Preis, mit einem mediterranen und fr\u00f6hlichen Touch, hat uns zu einem Muss in den wichtigsten Regalen des Gro\u00dfhandels in Europa, in Fachgesch\u00e4ften, im Objektbereich und bei Horeca-Projekten gemacht.<\/span><\/h6>\n<h6 style=\"text-align: justify;\"><span style=\"color: #a39f98;\">Unser Katalog ist sehr umfangreich, mit mehr als 300 Referenzen, die von Stehlampen, Stehleuchten, kabellosen Pendelleuchten, Au\u00dfenlautsprechern, Sonnenliegen und beleuchteten Pflanzgef\u00e4\u00dfen reichen. <\/span><\/h6>\n<p>[\/vc_column_text][vc_empty_space height=&#8220;120px&#8220;][\/vc_column][\/vc_row][vc_row][vc_column][vc_empty_space height=&#8220;60px&#8220;][\/vc_column][\/vc_row][vc_row full_width=&#8220;stretch_row_content&#8220; css=&#8220;.vc_custom_1715167650444{background-image: url(https:\/\/newgarden.es\/wp-content\/uploads\/2024\/05\/REONA-9-scaled.jpg?id=55551) !important;background-position: center !important;background-repeat: no-repeat !important;background-size: cover !important;}&#8220;][vc_column][vc_empty_space height=&#8220;700px&#8220;][\/vc_column][\/vc_row][vc_row full_width=&#8220;stretch_row&#8220; css=&#8220;.vc_custom_1696852897617{padding-top: 80px !important;padding-bottom: 80px !important;background-color: #e9e7da !important;}&#8220;][vc_column width=&#8220;2\/5&#8243;][vc_empty_space height=&#8220;60px&#8220;][vc_custom_heading text=&#8220;Unsere Mission&#8220; font_container=&#8220;tag:h2|font_size:52px|text_align:center|color:%238f8b85&#8243; use_theme_fonts=&#8220;yes&#8220; css=&#8220;.vc_custom_1696862639165{margin-bottom: 20px !important;}&#8220;][vc_empty_space height=&#8220;20px&#8220;][vc_column_text]<\/p>\n<h6 style=\"text-align: justify;\"><span style=\"color: #b2aa9d;\">Unsere Mission ist es, unsere Kunden mit dekorativen Beleuchtungsl\u00f6sungen und Erg\u00e4nzungen f\u00fcr den Au\u00dfenbereich zu versorgen, mit einem trendigen und funktionellen Design in allen Haushaltskan\u00e4len.<\/span><\/h6>\n<p>[\/vc_column_text][vc_empty_space height=&#8220;120px&#8220;][\/vc_column][vc_column width=&#8220;1\/5&#8243;][\/vc_column][vc_column width=&#8220;2\/5&#8243;][vc_empty_space height=&#8220;60px&#8220;][vc_custom_heading text=&#8220;Unsere Vision&#8220; font_container=&#8220;tag:h2|font_size:52px|text_align:center|color:%238f8b85&#8243; use_theme_fonts=&#8220;yes&#8220; css=&#8220;.vc_custom_1696855710863{margin-bottom: 20px !important;}&#8220;][vc_empty_space height=&#8220;20px&#8220;][vc_column_text]<\/p>\n<h6 style=\"text-align: justify;\"><span style=\"color: #b2aa9d;\">Unsere Vision ist es, in Europa, Amerika und dem Nahen Osten f\u00fchrend zu sein im Bereich der dekorativen Beleuchtung und des Zubeh\u00f6rs f\u00fcr den Au\u00dfenbereich, mit einem trendigen und funktionellen Design, das Nachhaltigkeit und Innovation als grundlegende Entwicklungsachsen einbezieht. Wir wollen die Menschen dazu inspirieren, das Leben durch ein nachhaltiges Wachstumsmodell zu genie\u00dfen, das die st\u00e4ndige Weiterentwicklung unseres Teams erm\u00f6glicht.<\/span><\/h6>\n<p>[\/vc_column_text][vc_empty_space height=&#8220;120px&#8220;][\/vc_column][\/vc_row][vc_row full_width=&#8220;stretch_row_content&#8220; css=&#8220;.vc_custom_1715325405523{background-image: url(https:\/\/newgarden.es\/wp-content\/uploads\/2024\/05\/NEWGARDEN-RECURSOS-VIDEO-431-scaled.jpg?id=55591) !important;background-position: center !important;background-repeat: no-repeat !important;background-size: cover !important;}&#8220;][vc_column][vc_empty_space height=&#8220;700px&#8220;][\/vc_column][\/vc_row][vc_row full_width=&#8220;stretch_row&#8220; css=&#8220;.vc_custom_1695714578786{padding-top: 60px !important;padding-bottom: 10px !important;background-color: #8b949d !important;}&#8220;][vc_column][vc_empty_space height=&#8220;60px&#8220;][vc_custom_heading text=&#8220;Unsere Werte&#8220; font_container=&#8220;tag:h2|font_size:52px|text_align:left|color:%23ffffff&#8220; use_theme_fonts=&#8220;yes&#8220;][vc_empty_space height=&#8220;30px&#8220;][\/vc_column][\/vc_row][vc_row full_width=&#8220;stretch_row&#8220; css=&#8220;.vc_custom_1696853389998{padding-bottom: 120px !important;background-color: #8b949d !important;}&#8220;][vc_column width=&#8220;1\/2&#8243;][vc_column_text]<\/p>\n<h6 style=\"text-align: justify;\"><span style=\"color: #d1d7db;\"><strong>&#8211; Der Mensch steht im Mittelpunkt<\/strong><\/span><br \/>\n<span style=\"color: #c0c7cc;\">Wir trainieren und begleiten Menschen bei der Verwirklichung ihrer Tr\u00e4ume. Wir arbeiten als Team, mit einem offenen Geist und einem gro\u00dfz\u00fcgigen Herzen, um f\u00fcr Sie das zu erreichen, was ich f\u00fcr mich selbst will.<\/span><\/h6>\n<h6 style=\"text-align: justify;\"><span style=\"color: #d1d7db;\"><strong>-Bescheidenheit\/ Transparenz<\/strong><\/span><br \/>\n<span style=\"color: #c0c7cc;\">Wir sind so, wie Sie uns sehen, wir behandeln Sie so, wie wir selbst behandelt werden m\u00f6chten, wir sind koh\u00e4rent mit uns selbst und unseren Werten.<\/span><\/h6>\n<h6 style=\"text-align: left;\"><span style=\"color: #d1d7db;\"><strong>&#8211; Leidenschaft<\/strong><\/span><br \/>\n<span style=\"color: #c0c7cc;\">Wir haben eine Leidenschaft f\u00fcr Herausforderungen und machen schwierige Dinge einfach. Wir haben den Wunsch, uns zu verbessern, sind initiativ und haben einen kritischen Geist.<\/span><\/h6>\n<h6 style=\"text-align: left;\"><span style=\"color: #d1d7db;\"><strong>&#8211; Design\/Qualit\u00e4t und Innovation<\/strong><\/span><br \/>\n<span style=\"color: #c0c7cc;\">Wir bieten L\u00f6sungen, die den Anforderungen der Gesellschaft entsprechen.<\/span><\/h6>\n<p>[\/vc_column_text][\/vc_column][vc_column width=&#8220;1\/2&#8243;][vc_column_text]<\/p>\n<h6 style=\"text-align: justify;\"><span style=\"color: #d1d7db;\"><strong>&#8211; Wachstum\/Leadership<\/strong><\/span><br \/>\n<span style=\"color: #c0c7cc;\">Wir wissen, dass die besten Arbeitspl\u00e4tze diejenigen sind, die mit Authentizit\u00e4t verbunden sind und Wachstum und Teamarbeit f\u00f6rdern. Wir setzen uns mit ganzer Kraft f\u00fcr unsere Arbeit ein und engagieren uns f\u00fcr die Schaffung eines integrativen Arbeitsumfelds.<\/span><\/h6>\n<h6 style=\"text-align: justify;\"><span style=\"color: #d1d7db;\"><strong>&#8211; Nachhaltigkeit\/CSR<\/strong><\/span><br \/>\n<span style=\"color: #c0c7cc;\">In der Gegenwart handeln und an die Zukunft denken. Wir schaffen autarke, langlebige und wiederverwertbare Produkte, Produkte, die dem Wohlergehen der Menschen, die die Newgarden-Gemeinschaft bilden, verpflichtet sind.<\/span><\/h6>\n<p>[\/vc_column_text][\/vc_column][\/vc_row][vc_row full_width=&#8220;stretch_row_content&#8220; css=&#8220;.vc_custom_1695716331626{background-image: url(https:\/\/newgarden.es\/wp-content\/uploads\/2023\/09\/IMG_2686bn.jpg?id=48462) !important;background-position: center !important;background-repeat: no-repeat !important;background-size: cover !important;}&#8220;][vc_column][vc_empty_space height=&#8220;700px&#8220;][\/vc_column][\/vc_row][vc_row css=&#8220;.vc_custom_1695714420291{padding-top: 60px !important;padding-bottom: 60px !important;}&#8220;][vc_column][vc_empty_space height=&#8220;60px&#8220;][vc_custom_heading text=&#8220;Design und Innovation&#8220; font_container=&#8220;tag:h2|font_size:52px|text_align:center|color:%238b949d&#8220; use_theme_fonts=&#8220;yes&#8220; css=&#8220;.vc_custom_1696862922908{margin-bottom: 20px !important;}&#8220;][vc_empty_space height=&#8220;20px&#8220;][vc_column_text css=&#8220;.vc_custom_1715156114975{margin-bottom: 20px !important;}&#8220;]<\/p>\n<h6 style=\"text-align: justify;\"><span style=\"color: #a9b1b7;\">Seit unserer Gr\u00fcndung sind Design und Innovation das Herzst\u00fcck unserer DNA. Unser Produktentwicklungsteam arbeitet st\u00e4ndig daran, dekorative Beleuchtung und Outdoor-Accessoires mit trendigem und funktionellem Design anzubieten. Nachhaltigkeit und Innovation stehen im Mittelpunkt des gesamten Prozesses.Unser Ziel: Wir m\u00f6chten die Menschen dazu inspirieren, die mediterrane Lebensart im Freien zu genie\u00dfen.<\/span><\/h6>\n<p>[\/vc_column_text][vc_empty_space height=&#8220;30px&#8220;][vc_single_image image=&#8220;48474&#8243; img_size=&#8220;full&#8220; alignment=&#8220;center&#8220;][vc_empty_space height=&#8220;120px&#8220;][\/vc_column][\/vc_row][vc_row full_width=&#8220;stretch_row_content&#8220; css=&#8220;.vc_custom_1715325108410{background-image: url(https:\/\/newgarden.es\/wp-content\/uploads\/2024\/05\/NEWGARDEN-RECURSOS-VIDEO-561-scaled.jpg?id=55585) !important;background-position: center !important;background-repeat: no-repeat !important;background-size: cover !important;}&#8220;][vc_column][vc_empty_space height=&#8220;700px&#8220;][\/vc_column][\/vc_row][vc_row full_width=&#8220;stretch_row&#8220; css=&#8220;.vc_custom_1695715244106{padding-top: 60px !important;padding-bottom: 10px !important;background-color: #8f8b85 !important;}&#8220;][vc_column][vc_empty_space height=&#8220;60px&#8220;][vc_custom_heading text=&#8220;Herstellung&#8220; font_container=&#8220;tag:h2|font_size:52px|text_align:center|color:%23ffffff&#8220; use_theme_fonts=&#8220;yes&#8220;][vc_empty_space height=&#8220;30px&#8220;][vc_column_text]<\/p>\n<h6 style=\"text-align: justify;\"><span style=\"color: #dbd7d3;\">Wir sind spanische und mexikanische Hersteller. Bei Newgarden verwenden wir verschiedene Techniken zur Verarbeitung von Kunststoffen, Metallen und anderen Materialien, um langlebige Produkte zu erhalten und unsere Ideen zu verwirklichen. Alles mit einem einzigen Ziel: eine einzigartige Atmosph\u00e4re in Ihrem Garten zu schaffen.<\/span><\/h6>\n<p>[\/vc_column_text][vc_empty_space height=&#8220;30px&#8220;][vc_single_image image=&#8220;55543&#8243; img_size=&#8220;full&#8220; alignment=&#8220;center&#8220;][vc_empty_space height=&#8220;120px&#8220;][\/vc_column][\/vc_row][vc_row full_width=&#8220;stretch_row_content&#8220; css=&#8220;.vc_custom_1715164747726{background-image: url(https:\/\/newgarden.es\/wp-content\/uploads\/2024\/05\/opcion-2.png?id=55525) !important;background-position: center !important;background-repeat: no-repeat !important;background-size: cover !important;}&#8220;][vc_column][vc_empty_space height=&#8220;700px&#8220;][\/vc_column][\/vc_row][vc_row css=&#8220;.vc_custom_1695714420291{padding-top: 60px !important;padding-bottom: 60px !important;}&#8220;][vc_column width=&#8220;2\/5&#8243;][vc_empty_space height=&#8220;60px&#8220;][vc_custom_heading text=&#8220;Vertrieb&#8220; font_container=&#8220;tag:h2|font_size:52px|text_align:center|color:%238f8b85&#8243; use_theme_fonts=&#8220;yes&#8220; css=&#8220;.vc_custom_1696855789496{margin-bottom: 20px !important;}&#8220;][vc_empty_space height=&#8220;20px&#8220;][vc_column_text]<\/p>\n<h6 style=\"text-align: justify;\"><span style=\"color: #a39f98;\">Von unserer Betriebszentrale in Alhama de Murcia (S\u00fcdostspanien) aus bereitet Newgarden alle Bestellungen vor und verwaltet sie, wobei wir uns an die Bed\u00fcrfnisse und Besonderheiten jedes Kunden anpassen. Unser Logistikteam ist erfahren in der Arbeit mit verschiedenen Logistikkreisl\u00e4ufen (Lieferung in Logistikzentren, direkte Lieferung an das Gesch\u00e4ft&#8230;). Unsere internen Abl\u00e4ufe sind so konzipiert, dass unsere Kunden ihre Waren in k\u00fcrzester Zeit verkaufsfertig haben k\u00f6nnen.<\/span><\/h6>\n<p>[\/vc_column_text][vc_empty_space height=&#8220;60px&#8220;][\/vc_column][vc_column width=&#8220;1\/5&#8243;][\/vc_column][vc_column width=&#8220;2\/5&#8243;][vc_empty_space height=&#8220;60px&#8220;][vc_custom_heading text=&#8220;Bereit zum Verkauf&#8220; font_container=&#8220;tag:h2|font_size:52px|text_align:center|color:%238f8b85&#8243; use_theme_fonts=&#8220;yes&#8220; css=&#8220;.vc_custom_1696855797318{margin-bottom: 20px !important;}&#8220;][vc_empty_space height=&#8220;20px&#8220;][vc_column_text]<\/p>\n<h6 style=\"text-align: justify;\"><span style=\"color: #a39f98;\">Als Spezialist f\u00fcr den Gro\u00dfvertrieb k\u00fcmmern wir uns wie kein anderer um den Point of Sale. Unser Marketing- und Kommunikationsteam am Point of Sale sorgt daf\u00fcr, dass das Produkt in den Gesch\u00e4ften gut aussieht, k\u00fcmmert sich um das kleinste Detail und bringt das Markenerlebnis an jeden Ort, an dem unser Produkt pr\u00e4sent ist.<\/span><\/h6>\n<p>[\/vc_column_text][vc_empty_space height=&#8220;60px&#8220;][\/vc_column][\/vc_row][vc_row][vc_column][vc_single_image image=&#8220;55575&#8243; img_size=&#8220;full&#8220; alignment=&#8220;center&#8220;][vc_empty_space height=&#8220;120px&#8220;][\/vc_column][\/vc_row][vc_row full_width=&#8220;stretch_row&#8220; css=&#8220;.vc_custom_1696854904232{padding-top: 60px !important;padding-bottom: 20px !important;background-color: #8b949d !important;}&#8220;][vc_column][vc_empty_space height=&#8220;60px&#8220;][vc_custom_heading text=&#8220;M\u00f6chten Sie mehr \u00fcber uns erfahren?&#8220; font_container=&#8220;tag:h2|font_size:52px|text_align:center|color:%23ffffff&#8220; use_theme_fonts=&#8220;yes&#8220; css=&#8220;.vc_custom_1696855138671{margin-bottom: 20px !important;}&#8220;][vc_empty_space height=&#8220;15px&#8220;][\/vc_column][\/vc_row][vc_row full_width=&#8220;stretch_row&#8220; css=&#8220;.vc_custom_1696855889280{padding-top: 80px !important;padding-bottom: 140px !important;background-color: #8b949d !important;}&#8220;][vc_column width=&#8220;2\/5&#8243;][vc_empty_space height=&#8220;0px&#8220;][vc_custom_heading text=&#8220;Kontakt mit uns &#8220; font_container=&#8220;tag:h3|font_size:30px|text_align:center|color:%23d1d7db&#8220; use_theme_fonts=&#8220;yes&#8220; css=&#8220;.vc_custom_1715161513057{margin-bottom: 20px !important;}&#8220;][vc_column_text]<\/p>\n<h6 style=\"text-align: center;\">Sollen wir reden?<\/h6>\n<p>[\/vc_column_text][vc_btn title=&#8220;KONTAKT&#8220; style=&#8220;flat&#8220; shape=&#8220;square&#8220; color=&#8220;black&#8220; align=&#8220;center&#8220; button_block=&#8220;true&#8220; link=&#8220;url:https%3A%2F%2Fnewgarden.es%2Fde%2Fkontakt%2F|title:Kontakt|&#8220;][vc_empty_space height=&#8220;60px&#8220;][\/vc_column][vc_column width=&#8220;1\/5&#8243;][\/vc_column][vc_column width=&#8220;2\/5&#8243;][vc_empty_space height=&#8220;0px&#8220;][vc_custom_heading text=&#8220;Unser Engagement f\u00fcr Nachhaltigkeit&#8220; font_container=&#8220;tag:h3|font_size:30px|text_align:center|color:%23d1d7db&#8220; use_theme_fonts=&#8220;yes&#8220; css=&#8220;.vc_custom_1715161775784{margin-bottom: 20px !important;}&#8220;][vc_column_text]<\/p>\n<h6 style=\"text-align: center;\">Erfahren Sie, wie wir uns f\u00fcr unsere Umwelt einsetzen<\/h6>\n<p>[\/vc_column_text][vc_btn title=&#8220;SIEHE NACHHALTIGKEIT&#8220; style=&#8220;flat&#8220; shape=&#8220;square&#8220; color=&#8220;black&#8220; align=&#8220;center&#8220; button_block=&#8220;true&#8220; link=&#8220;url:https%3A%2F%2Fnewgarden.es%2Fde%2Fnachhaltigkeit%2F|title:Nachhaltig%20und%20verantwortungsbewusst|&#8220;][vc_empty_space height=&#8220;60px&#8220;][\/vc_column][\/vc_row][vc_row full_width=&#8220;stretch_row_content&#8220; css=&#8220;.vc_custom_1715326484701{background-image: url(https:\/\/newgarden.es\/wp-content\/uploads\/2024\/05\/NEWGARDEN-RECURSOS-VIDEO-263-scaled.jpg?id=55610) !important;background-position: center !important;background-repeat: no-repeat !important;background-size: cover !important;}&#8220;][vc_column][vc_empty_space height=&#8220;700px&#8220;][\/vc_column][\/vc_row]<\/p>\n<\/section>","protected":false},"excerpt":{"rendered":"<p>[vc_row][vc_column][vc_empty_space height=&#8220;60px&#8220;][vc_custom_heading text=&#8220;\u00dcber uns&#8220; font_container=&#8220;tag:h1|font_size:52px|text_align:center|color:%238f8b85&#8243; use_theme_fonts=&#8220;yes&#8220;][\/vc_column][\/vc_row][vc_row][vc_column][vc_empty_space height=&#8220;30px&#8220;][vc_column_text css=&#8220;.vc_custom_1715154426852{margin-top: 20px !important;margin-bottom: 20px !important;}&#8220;] Wir sind ein spanischer Hersteller mit mehr als 13 Jahren Erfahrung und sind in mehr als 30 L\u00e4ndern<\/p>\n","protected":false},"author":1,"featured_media":48479,"parent":0,"menu_order":0,"comment_status":"closed","ping_status":"closed","template":"","meta":{"footnotes":""},"class_list":["post-55626","page","type-page","status-publish","has-post-thumbnail","hentry"],"yoast_head":"<!-- This site is optimized with the Yoast SEO plugin v24.2 - https:\/\/yoast.com\/wordpress\/plugins\/seo\/ -->\n<title>Wir sind ein spanischer Hersteller mit mehr als 13 Jahren Erfahrung und sind in mehr als 30 L\u00e4ndern vertreten. Mit unseren eigenen Fabriken in Spanien und<\/title>\n<meta name=\"description\" content=\"Wir sind ein spanischer Hersteller mit mehr als 13 Jahren Erfahrung und sind in mehr als 30 L\u00e4ndern vertreten. Mit unseren eigenen Fabriken in Spanien und\" \/>\n<meta name=\"robots\" content=\"index, follow, max-snippet:-1, max-image-preview:large, max-video-preview:-1\" \/>\n<link rel=\"canonical\" href=\"https:\/\/newgarden.es\/nosotros\/\" \/>\n<meta property=\"og:locale\" content=\"de_DE\" \/>\n<meta property=\"og:type\" content=\"article\" \/>\n<meta property=\"og:title\" content=\"Wir sind ein spanischer Hersteller mit mehr als 13 Jahren Erfahrung und sind in mehr als 30 L\u00e4ndern vertreten. Mit unseren eigenen Fabriken in Spanien und\" \/>\n<meta property=\"og:description\" content=\"Wir sind ein spanischer Hersteller mit mehr als 13 Jahren Erfahrung und sind in mehr als 30 L\u00e4ndern vertreten. Mit unseren eigenen Fabriken in Spanien und\" \/>\n<meta property=\"og:url\" content=\"https:\/\/newgarden.es\/nosotros\/\" \/>\n<meta property=\"og:site_name\" content=\"Newgarden\" \/>\n<meta property=\"article:modified_time\" content=\"2024-06-21T11:21:56+00:00\" \/>\n<meta property=\"og:image\" content=\"https:\/\/newgarden.es\/wp-content\/uploads\/2023\/09\/IMG_2623-bn.jpg\" \/>\n\t<meta property=\"og:image:width\" content=\"1400\" \/>\n\t<meta property=\"og:image:height\" content=\"933\" \/>\n\t<meta property=\"og:image:type\" content=\"image\/jpeg\" \/>\n<meta name=\"twitter:card\" content=\"summary_large_image\" \/>\n<meta name=\"twitter:label1\" content=\"Gesch\u00e4tzte Lesezeit\" \/>\n\t<meta name=\"twitter:data1\" content=\"9\u00a0Minuten\" \/>\n<script type=\"application\/ld+json\" class=\"yoast-schema-graph\">{\"@context\":\"https:\/\/schema.org\",\"@graph\":[{\"@type\":\"WebPage\",\"@id\":\"https:\/\/newgarden.es\/nosotros\/\",\"url\":\"https:\/\/newgarden.es\/nosotros\/\",\"name\":\"Wir sind ein spanischer Hersteller mit mehr als 13 Jahren Erfahrung und sind in mehr als 30 L\u00e4ndern vertreten. Mit unseren eigenen Fabriken in Spanien und\",\"isPartOf\":{\"@id\":\"https:\/\/newgarden.es\/#website\"},\"primaryImageOfPage\":{\"@id\":\"https:\/\/newgarden.es\/nosotros\/#primaryimage\"},\"image\":{\"@id\":\"https:\/\/newgarden.es\/nosotros\/#primaryimage\"},\"thumbnailUrl\":\"https:\/\/newgarden.es\/wp-content\/uploads\/2023\/09\/IMG_2623-bn.jpg\",\"datePublished\":\"2024-05-16T06:37:06+00:00\",\"dateModified\":\"2024-06-21T11:21:56+00:00\",\"description\":\"Wir sind ein spanischer Hersteller mit mehr als 13 Jahren Erfahrung und sind in mehr als 30 L\u00e4ndern vertreten. Mit unseren eigenen Fabriken in Spanien und\",\"breadcrumb\":{\"@id\":\"https:\/\/newgarden.es\/nosotros\/#breadcrumb\"},\"inLanguage\":\"de\",\"potentialAction\":[{\"@type\":\"ReadAction\",\"target\":[\"https:\/\/newgarden.es\/nosotros\/\"]}]},{\"@type\":\"ImageObject\",\"inLanguage\":\"de\",\"@id\":\"https:\/\/newgarden.es\/nosotros\/#primaryimage\",\"url\":\"https:\/\/newgarden.es\/wp-content\/uploads\/2023\/09\/IMG_2623-bn.jpg\",\"contentUrl\":\"https:\/\/newgarden.es\/wp-content\/uploads\/2023\/09\/IMG_2623-bn.jpg\",\"width\":1400,\"height\":933},{\"@type\":\"BreadcrumbList\",\"@id\":\"https:\/\/newgarden.es\/nosotros\/#breadcrumb\",\"itemListElement\":[{\"@type\":\"ListItem\",\"position\":1,\"name\":\"Home\",\"item\":\"https:\/\/newgarden.es\/de\/\"},{\"@type\":\"ListItem\",\"position\":2,\"name\":\"\u00dcber uns\"}]},{\"@type\":\"WebSite\",\"@id\":\"https:\/\/newgarden.es\/#website\",\"url\":\"https:\/\/newgarden.es\/\",\"name\":\"Newgarden\",\"description\":\"Be happy\",\"potentialAction\":[{\"@type\":\"SearchAction\",\"target\":{\"@type\":\"EntryPoint\",\"urlTemplate\":\"https:\/\/newgarden.es\/?s={search_term_string}\"},\"query-input\":{\"@type\":\"PropertyValueSpecification\",\"valueRequired\":true,\"valueName\":\"search_term_string\"}}],\"inLanguage\":\"de\"}]}<\/script>\n<!-- \/ Yoast SEO plugin. -->","yoast_head_json":{"title":"Wir sind ein spanischer Hersteller mit mehr als 13 Jahren Erfahrung und sind in mehr als 30 L\u00e4ndern vertreten. Mit unseren eigenen Fabriken in Spanien und","description":"Wir sind ein spanischer Hersteller mit mehr als 13 Jahren Erfahrung und sind in mehr als 30 L\u00e4ndern vertreten. Mit unseren eigenen Fabriken in Spanien und","robots":{"index":"index","follow":"follow","max-snippet":"max-snippet:-1","max-image-preview":"max-image-preview:large","max-video-preview":"max-video-preview:-1"},"canonical":"https:\/\/newgarden.es\/nosotros\/","og_locale":"de_DE","og_type":"article","og_title":"Wir sind ein spanischer Hersteller mit mehr als 13 Jahren Erfahrung und sind in mehr als 30 L\u00e4ndern vertreten. Mit unseren eigenen Fabriken in Spanien und","og_description":"Wir sind ein spanischer Hersteller mit mehr als 13 Jahren Erfahrung und sind in mehr als 30 L\u00e4ndern vertreten. Mit unseren eigenen Fabriken in Spanien und","og_url":"https:\/\/newgarden.es\/nosotros\/","og_site_name":"Newgarden","article_modified_time":"2024-06-21T11:21:56+00:00","og_image":[{"width":1400,"height":933,"url":"https:\/\/newgarden.es\/wp-content\/uploads\/2023\/09\/IMG_2623-bn.jpg","type":"image\/jpeg"}],"twitter_card":"summary_large_image","twitter_misc":{"Gesch\u00e4tzte Lesezeit":"9\u00a0Minuten"},"schema":{"@context":"https:\/\/schema.org","@graph":[{"@type":"WebPage","@id":"https:\/\/newgarden.es\/nosotros\/","url":"https:\/\/newgarden.es\/nosotros\/","name":"Wir sind ein spanischer Hersteller mit mehr als 13 Jahren Erfahrung und sind in mehr als 30 L\u00e4ndern vertreten. Mit unseren eigenen Fabriken in Spanien und","isPartOf":{"@id":"https:\/\/newgarden.es\/#website"},"primaryImageOfPage":{"@id":"https:\/\/newgarden.es\/nosotros\/#primaryimage"},"image":{"@id":"https:\/\/newgarden.es\/nosotros\/#primaryimage"},"thumbnailUrl":"https:\/\/newgarden.es\/wp-content\/uploads\/2023\/09\/IMG_2623-bn.jpg","datePublished":"2024-05-16T06:37:06+00:00","dateModified":"2024-06-21T11:21:56+00:00","description":"Wir sind ein spanischer Hersteller mit mehr als 13 Jahren Erfahrung und sind in mehr als 30 L\u00e4ndern vertreten. Mit unseren eigenen Fabriken in Spanien und","breadcrumb":{"@id":"https:\/\/newgarden.es\/nosotros\/#breadcrumb"},"inLanguage":"de","potentialAction":[{"@type":"ReadAction","target":["https:\/\/newgarden.es\/nosotros\/"]}]},{"@type":"ImageObject","inLanguage":"de","@id":"https:\/\/newgarden.es\/nosotros\/#primaryimage","url":"https:\/\/newgarden.es\/wp-content\/uploads\/2023\/09\/IMG_2623-bn.jpg","contentUrl":"https:\/\/newgarden.es\/wp-content\/uploads\/2023\/09\/IMG_2623-bn.jpg","width":1400,"height":933},{"@type":"BreadcrumbList","@id":"https:\/\/newgarden.es\/nosotros\/#breadcrumb","itemListElement":[{"@type":"ListItem","position":1,"name":"Home","item":"https:\/\/newgarden.es\/de\/"},{"@type":"ListItem","position":2,"name":"\u00dcber uns"}]},{"@type":"WebSite","@id":"https:\/\/newgarden.es\/#website","url":"https:\/\/newgarden.es\/","name":"Newgarden","description":"Be happy","potentialAction":[{"@type":"SearchAction","target":{"@type":"EntryPoint","urlTemplate":"https:\/\/newgarden.es\/?s={search_term_string}"},"query-input":{"@type":"PropertyValueSpecification","valueRequired":true,"valueName":"search_term_string"}}],"inLanguage":"de"}]}},"_links":{"self":[{"href":"https:\/\/newgarden.es\/de\/wp-json\/wp\/v2\/pages\/55626"}],"collection":[{"href":"https:\/\/newgarden.es\/de\/wp-json\/wp\/v2\/pages"}],"about":[{"href":"https:\/\/newgarden.es\/de\/wp-json\/wp\/v2\/types\/page"}],"author":[{"embeddable":true,"href":"https:\/\/newgarden.es\/de\/wp-json\/wp\/v2\/users\/1"}],"replies":[{"embeddable":true,"href":"https:\/\/newgarden.es\/de\/wp-json\/wp\/v2\/comments?post=55626"}],"version-history":[{"count":3,"href":"https:\/\/newgarden.es\/de\/wp-json\/wp\/v2\/pages\/55626\/revisions"}],"predecessor-version":[{"id":55629,"href":"https:\/\/newgarden.es\/de\/wp-json\/wp\/v2\/pages\/55626\/revisions\/55629"}],"wp:featuredmedia":[{"embeddable":true,"href":"https:\/\/newgarden.es\/de\/wp-json\/wp\/v2\/media\/48479"}],"wp:attachment":[{"href":"https:\/\/newgarden.es\/de\/wp-json\/wp\/v2\/media?parent=55626"}],"curies":[{"name":"wp","href":"https:\/\/api.w.org\/{rel}","templated":true}]}}