{"id":56088,"date":"2024-05-22T09:50:50","date_gmt":"2024-05-22T07:50:50","guid":{"rendered":"https:\/\/newgarden.es\/bedingungen-und-konditionen\/"},"modified":"2024-06-21T13:17:40","modified_gmt":"2024-06-21T11:17:40","slug":"bedingungen-und-konditionen","status":"publish","type":"page","link":"https:\/\/newgarden.es\/de\/bedingungen-und-konditionen\/","title":{"rendered":"Bedingungen und Konditionen"},"content":{"rendered":"<section class=\"wpb-content-wrapper\"><p>[vc_row][vc_column][vc_column_text]<\/p>\n<h2>Bedingungen und Konditionen<\/h2>\n<p><!-- \/wp:heading --><\/p>\n<p>Diese Allgemeinen Gesch\u00e4ftsbedingungen regeln die Nutzung der Website www.newgarden.es, Eigentum von NEWGARDEN SPAIN, S.L., mit der Adresse Avda. Francia, 5 &#8211; 15. Pol. Ind. Las Salinas de Alhama, 30840, Alhama de Murcia (MURCIA), E-Mail info@newgarden.es und Telefon 968978886 mit CIF B98434665, und eingetragen im Handelsregister von Murcia, Band 1879, Folio 1, Registerblatt MU-40290.<\/p>\n<p>&nbsp;<\/p>\n<p>Jede auf www.newgarden.es aufgegebene Bestellung impliziert als wesentliche, entscheidende und unabdingbare Bedingung die vorbehaltlose Annahme der Allgemeinen Nutzungsbedingungen durch den Kunden, die an dem Tag gelten, an dem die entsprechende Bestellung aufgegeben wird. Dar\u00fcber hinaus erkennt der Kunde an, dass die Annahme dieser Bedingungen ihre Anwendung auf die Bestellung, auf die sie sich beziehen, sowie auf jede nachfolgende Bestellung impliziert, au\u00dfer in F\u00e4llen, in denen ihm neue Bedingungen zur Kenntnis gebracht werden.<\/p>\n<p>&nbsp;<\/p>\n<p><!-- wp:paragraph --><!-- \/wp:paragraph --><\/p>\n<p><strong>Benutzer<\/strong><\/p>\n<p><!-- \/wp:paragraph --><\/p>\n<p>Um eines der auf www.newgarden.es gezeigten Produkte kaufen zu k\u00f6nnen, muss der Nutzer nach spanischem Recht dazu berechtigt sein.<\/p>\n<p>Es gibt zwei Arten von Nutzern: Endverbraucher und Fachleute. Wenn Sie ein Gewerbetreibender sind, wird dies bei der Registrierung \u00fcber den Link f\u00fcr Vertriebspartner angegeben.<\/p>\n<p>Diese Nutzungsbedingungen richten sich an Endverbraucher, die Produkte auf www.newgarden.es kaufen.<\/p>\n<p><!-- \/wp:paragraph --><\/p>\n<p><strong>Verfahren f\u00fcr den Einkauf<\/strong><\/p>\n<p><!-- \/wp:paragraph --><\/p>\n<p>Ausw\u00e4hlen: W\u00e4hlen Sie das gew\u00fcnschte Produkt aus, klicken Sie es an, und Sie erhalten eine detaillierte Beschreibung des Produkts. Vom Produkt selbst k\u00f6nnen Sie es in den Warenkorb legen.<\/p>\n<p>Kauf: Sobald Sie sich im Warenkorb befinden, m\u00fcssen Sie die f\u00fcr die Kaufbest\u00e4tigung festgelegten Schritte befolgen und die erforderlichen Daten eingeben.<\/p>\n<p>Best\u00e4tigung: Sobald Sie sich identifiziert haben, m\u00fcssen Sie nur noch die Bestellung best\u00e4tigen.<\/p>\n<p>Sobald Ihre Bestellung abgeschlossen ist, erhalten Sie eine E-Mail, die den Eingang Ihrer Bestellung best\u00e4tigt und alle Einzelheiten der Bestellung enth\u00e4lt. Sollten Sie einen Fehler in der angegebenen Adresse oder in einem anderen Teil der Bestellung bemerken, m\u00fcssen Sie dies unverz\u00fcglich info@newgarden.es mitteilen, damit der Fehler korrigiert werden kann.<\/p>\n<p><!-- \/wp:paragraph --><\/p>\n<p>&nbsp;<\/p>\n<p><!-- wp:paragraph --><!-- \/wp:paragraph --><\/p>\n<p><strong>Preise<\/strong><\/p>\n<p><!-- \/wp:paragraph --><\/p>\n<p>Die auf www.newgarden.es ver\u00f6ffentlichten Preise sind in Euro angegeben und gelten, sofern kein Druckfehler vorliegt.<\/p>\n<p>\u00dcber die Website www.newgarden.es k\u00f6nnen Sie die aktuellen Preise ohne Mehrwertsteuer einsehen, sofern nicht anders angegeben. Die Steuern k\u00f6nnen im Einkaufswagen eingesehen werden.<\/p>\n<p><!-- \/wp:paragraph --><\/p>\n<p>&nbsp;<\/p>\n<p><!-- wp:paragraph --><!-- \/wp:paragraph --><\/p>\n<p><strong>Zahlungsmodalit\u00e4ten <\/strong><\/p>\n<p><!-- \/wp:paragraph --><\/p>\n<p>Die Zahlung erfolgt auf eine der folgenden Arten:<\/p>\n<p><!-- \/wp:paragraph --><\/p>\n<p><strong>\u00dcbertragung:<\/strong> Wenn Sie sich f\u00fcr die Zahlung per Bank\u00fcberweisung entscheiden, wird am Ende des Kaufvorgangs die Kontonummer angegeben, auf die die \u00dcberweisung erfolgen soll, sowie eine Referenznummer, die bei der \u00dcberweisung angegeben werden muss. Sobald Ihre Zahlung best\u00e4tigt wurde, werden wir Ihre Bestellung versenden.<\/p>\n<p><!-- \/wp:paragraph --><\/p>\n<p><strong>K\u00e4ufe mit Kredit- oder Debitkarte:<\/strong> muss der Benutzer den Namen des Karteninhabers, die Kartennummer, das G\u00fcltigkeitsdatum und den CVV angeben. Alle Informationen werden \u00fcber das POS-System der Bank verarbeitet.<\/p>\n<p><!-- \/wp:paragraph --><\/p>\n<p><strong>Versand<\/strong><\/p>\n<p><!-- \/wp:paragraph --><\/p>\n<p>Die gekauften Produkte werden an die Person und an die Adresse geliefert, die in der Bestellung angegeben sind, und zwar innerhalb der maximalen VORAUSSCH\u00c4TZLICHEN LIEFERZEIT.<\/p>\n<p>Die Versandkosten werden zum Zeitpunkt des Kaufs angegeben.[\/vc_column_text][vc_column_text]<!-- wp:heading --><\/p>\n<p><strong>R\u00dcCKRUF DES GEBRAUCHTEN ELEKTRONISCHEN PRODUKTS MIT DENSELBEN EIGENSCHAFTEN WIE BEIM KAUF<br \/>\n<\/strong>Newgarden bietet dem Kunden die M\u00f6glichkeit, ein gebrauchtes elektronisches Produkt mit den gleichen Eigenschaften wie das verkaufte Produkt zu erwerben.<\/p>\n<p><!-- \/wp:paragraph --><\/p>\n<p><strong>Recht auf Widerruf<\/strong><\/p>\n<p><!-- \/wp:paragraph --><\/p>\n<p>Der Nutzer kann innerhalb von 14 Kalendertagen ohne Angabe von Gr\u00fcnden den Kauf widerrufen oder vom Vertrag zur\u00fccktreten. Die Widerrufsfrist endet 14 Kalendertage nachdem Sie oder ein von Ihnen benannter Dritter, der nicht der Bef\u00f6rderer ist, in den Besitz der Ware gelangt ist.<\/p>\n<p>Um Ihr Widerrufsrecht auszu\u00fcben, m\u00fcssen Sie uns mittels einer eindeutigen Erkl\u00e4rung (z. B. ein mit der Post versandter Brief, Telefax oder E-Mail) \u00fcber Ihren Entschluss, den Vertrag zu widerrufen, informieren. Sie haben auch die M\u00f6glichkeit, das Muster-Widerrufsformular oder eine andere eindeutige Erkl\u00e4rung \u00fcber info@newgarden.es auszuf\u00fcllen und an uns zu senden. Wenn Sie von dieser M\u00f6glichkeit Gebrauch machen, werden wir Sie unverz\u00fcglich auf einem dauerhaften Datentr\u00e4ger \u00fcber den Eingang des Widerrufs informieren.<\/p>\n<p>Wenn der Grund f\u00fcr die R\u00fccksendung darin besteht, dass der zur\u00fcckgesandte Artikel defekt ist oder nicht dem entspricht, was in der Bestellung verlangt wurde, tr\u00e4gt NEWGARDEN SPAIN, S.L. die Kosten f\u00fcr die R\u00fccksendung und den erneuten Versand.<\/p>\n<p>Wenn der Grund f\u00fcr die R\u00fccksendung ist, dass die Bestellung Sie nicht zufrieden stellt:<\/p>\n<p><!-- \/wp:paragraph --><\/p>\n<p><!-- wp:list --><\/p>\n<ul>\n<li>Wir erstatten Ihnen den Betrag einschlie\u00dflich der Lieferkosten (mit Ausnahme der Lieferkosten, wenn Sie eine andere Option als die normale Lieferung gew\u00e4hlt haben; in diesem Fall werden nur die von der Website f\u00fcr die normale Lieferung zugewiesenen Kosten erstattet) ohne unn\u00f6tige Verz\u00f6gerung.<\/li>\n<li>Die Erstattung erfolgt sp\u00e4testens innerhalb von 14 Kalendertagen ab dem Tag, an dem Sie uns \u00fcber Ihren Entschluss, diesen Vertrag zu widerrufen, informiert haben.<\/li>\n<li>Sie tragen die unmittelbaren Kosten der R\u00fccksendung der Waren, die sich auf 15 Euro belaufen.<\/li>\n<li>F\u00fcr diese R\u00fcckzahlung verwenden wir dasselbe Zahlungsmittel, das Sie bei der urspr\u00fcnglichen Transaktion eingesetzt haben, es sei denn, mit Ihnen wurde ausdr\u00fccklich etwas anderes vereinbart; in diesem Fall werden Ihnen keine zus\u00e4tzlichen Kosten berechnet.<\/li>\n<li>Das Unternehmen beh\u00e4lt sich das Recht vor, die R\u00fcckzahlung zu verweigern, bis es die Waren wieder zur\u00fcckerhalten hat oder bis Sie den Nachweis erbracht haben, dass Sie die Waren zur\u00fcckgesandt haben, je nachdem, welche Bedingung zuerst erf\u00fcllt wurde.<\/li>\n<li>Wenn Sie nicht mit dem Produkt aus anderen Gr\u00fcnden als M\u00e4ngel oder Fehler in der Lieferung zufrieden sind, wird der Kunde f\u00fcr den Versand und die Kosten der Lieferung verantwortlich sein.<\/li>\n<\/ul>\n<p><!-- \/wp:list --><\/p>\n<p><a href=\"https:\/\/newgarden.es\/wp-content\/uploads\/2020\/03\/WEB-DOCUMENTO-DE-DESESTIMIENTO.docx\">Download R\u00fccktrittsdokument<\/a><\/p>\n<p><strong>AUSSCHLUSS:<\/strong> Das R\u00fccktrittsrecht gilt NICHT f\u00fcr personalisierte Produkte (Farb- oder Beleuchtungsausf\u00fchrung), Sonderanfertigungen, \u00fcberholte Produkte, Produkte, die nach den Spezifikationen des Kunden angefertigt wurden, oder f\u00fcr Produkte, die Gegenstand einer Sonderbestellung waren.<\/p>\n<p><!-- wp:paragraph --><!-- \/wp:paragraph --><\/p>\n<p><strong>B\u00fcrgschaft<\/strong><\/p>\n<p><!-- \/wp:paragraph --><\/p>\n<p>Alle unsere Produkte verf\u00fcgen \u00fcber eine mindestens zweij\u00e4hrige gesetzliche Garantie, f\u00fcr die NEWGARDEN SPAIN, S.L. als Verk\u00e4ufer des Produkts gem\u00e4\u00df den gesetzlich festgelegten Bedingungen verantwortlich ist.<\/p>\n<p>Ebenso bieten die Hersteller eine kommerzielle Garantie an, die in manchen F\u00e4llen die Bedingungen der gesetzlichen Garantie verbessern kann. Es ist daher sehr wichtig, dass Sie die Garantiebedingungen f\u00fcr jedes Produkt lesen und den Kaufbeleg aufbewahren, da Sie diesen ben\u00f6tigen, um die Garantie in Anspruch nehmen zu k\u00f6nnen.<\/p>\n<p>Defekte, die durch Fahrl\u00e4ssigkeit, St\u00f6\u00dfe, unsachgem\u00e4\u00dfen Gebrauch oder Manipulation, ungeeignete Spannung, falsche Installation, die nicht durch den autorisierten technischen Kundendienst durchgef\u00fchrt wurde, oder Materialien, die durch normalen Gebrauch abgenutzt wurden, sind nicht eingeschlossen.<\/p>\n<p>In den F\u00e4llen, die eine Inanspruchnahme der Garantie rechtfertigen, entscheiden wir uns f\u00fcr die Reparatur, den Ersatz des Artikels, einen Preisnachlass oder eine R\u00fcckerstattung zu den gesetzlich festgelegten Bedingungen.<\/p>\n<p>Um die Garantie in Anspruch zu nehmen, kontaktieren Sie uns bitte telefonisch unter 968978806 oder senden Sie uns eine E-Mail an die folgende Adresse info@newgarden.es.<\/p>\n<p><!-- \/wp:paragraph --><\/p>\n<p><!-- wp:paragraph --><!-- \/wp:paragraph --><\/p>\n<p><strong>Verbrauch<\/strong><\/p>\n<p><!-- \/wp:paragraph --><\/p>\n<p>Sie k\u00f6nnen ein Beschwerdeformular an den Verbraucher senden. Sie k\u00f6nnen das Formular unter folgendem Link herunterladen, ausf\u00fcllen und uns per E-Mail an info@newgarden.es zusenden.<\/p>\n<p><!-- \/wp:paragraph --><\/p>\n<p><!-- wp:paragraph --><!-- \/wp:paragraph --><\/p>\n<p><strong>Kommunikation <\/strong><\/p>\n<p><!-- \/wp:paragraph --><\/p>\n<p>Falls der Nutzer irgendeine Art von Anfrage oder Beschwerde vorbringen m\u00f6chte, sollte er sich an NEWGARDEN SPAIN, S.L., mit der Adresse Avda. Francia, 5 &#8211; 15. Pol. Ind. Las Salinas de Alhama, 30840, Alhama de Murcia (MURCIA), E-Mail info@newgarden.es und Telefon 968978806.<\/p>\n<p><!-- \/wp:paragraph --><\/p>\n<p><!-- wp:paragraph --><!-- \/wp:paragraph --><\/p>\n<p><strong>Anwendbares Recht und Forum<\/strong><\/p>\n<p><!-- \/wp:paragraph --><\/p>\n<p>Dieses Kaufsystem unterliegt den in Spanien geltenden Rechtsvorschriften (B\u00fcrgerliches Gesetzbuch, Handelsgesetzbuch, Gesetz 7\/1996 vom 15. Januar \u00fcber die Regulierung des Einzelhandels, Gesetz 7\/1998 \u00fcber Allgemeine Vertragsbedingungen, Gesetz 26\/1984, Allgemeines Gesetz zum Schutz von Verbrauchern und Nutzern, K\u00f6niglicher Erlass 1906\/1999 vom 17. Dezember \u00fcber telefonische und elektronische Vertragsabschl\u00fcsse mit allgemeinen Bedingungen und Gesetz 34\/2002 \u00fcber Dienstleistungen der Informationsgesellschaft und elektronischen Handel).<\/p>\n<p>Gem\u00e4\u00df dem Gesetz 34\/2002 vom 11. Juli 2002 wird davon ausgegangen, dass der Vertrag am Sitz des Verk\u00e4ufers (Spanien) geschlossen wurde. Im Falle von Meinungsverschiedenheiten, die sich aus diesem Vertragsverh\u00e4ltnis ergeben und nicht g\u00fctlich beigelegt werden k\u00f6nnen, werden die jeweils zust\u00e4ndigen Gerichte angerufen.<\/p>\n<p>In jedem Fall hat der Nutzer die M\u00f6glichkeit, den Streitfall online zu l\u00f6sen unter <a href=\"https:\/\/webgate.ec.europa.eu\/odr\/main\/index.cfm?event=main.home.chooseLanguage\">https:\/\/webgate.ec.europa.eu\/odr<\/a>.<\/p>\n<p><!-- \/wp:paragraph --><\/p>\n<p>&nbsp;<\/p>\n<p><!-- wp:paragraph --><!-- \/wp:paragraph --><\/p>\n<p>&nbsp;<\/p>\n<p>&nbsp;[\/vc_column_text][\/vc_column][\/vc_row]<\/p><\/section>","protected":false},"excerpt":{"rendered":"<p>[vc_row][vc_column][vc_column_text] Bedingungen und Konditionen Diese Allgemeinen Gesch\u00e4ftsbedingungen regeln die Nutzung der Website www.newgarden.es, Eigentum von NEWGARDEN SPAIN, S.L., mit der Adresse Avda. Francia, 5 &#8211; 15. Pol. Ind. Las Salinas<\/p>\n","protected":false},"author":1,"featured_media":0,"parent":0,"menu_order":0,"comment_status":"closed","ping_status":"closed","template":"","meta":{"footnotes":""},"class_list":["post-56088","page","type-page","status-publish","hentry"],"yoast_head":"<!-- This site is optimized with the Yoast SEO plugin v24.2 - https:\/\/yoast.com\/wordpress\/plugins\/seo\/ -->\n<title>Bedingungen und Konditionen Diese Allgemeinen Gesch\u00e4ftsbedingungen regeln die Nutzung der Website www.newgarden.es, Eigentum von NEWGARDEN SPAIN, S.L.,<\/title>\n<meta name=\"description\" content=\"Bedingungen und Konditionen Diese Allgemeinen Gesch\u00e4ftsbedingungen regeln die Nutzung der Website www.newgarden.es, Eigentum von NEWGARDEN SPAIN, S.L.,\" \/>\n<meta name=\"robots\" content=\"index, follow, max-snippet:-1, max-image-preview:large, max-video-preview:-1\" \/>\n<link rel=\"canonical\" href=\"https:\/\/newgarden.es\/condiciones-generales\/\" \/>\n<meta property=\"og:locale\" content=\"de_DE\" \/>\n<meta property=\"og:type\" content=\"article\" \/>\n<meta property=\"og:title\" content=\"Bedingungen und Konditionen Diese Allgemeinen Gesch\u00e4ftsbedingungen regeln die Nutzung der Website www.newgarden.es, Eigentum von NEWGARDEN SPAIN, S.L.,\" \/>\n<meta property=\"og:description\" content=\"Bedingungen und Konditionen Diese Allgemeinen Gesch\u00e4ftsbedingungen regeln die Nutzung der Website www.newgarden.es, Eigentum von NEWGARDEN SPAIN, S.L.,\" \/>\n<meta property=\"og:url\" content=\"https:\/\/newgarden.es\/condiciones-generales\/\" \/>\n<meta property=\"og:site_name\" content=\"Newgarden\" \/>\n<meta property=\"article:modified_time\" content=\"2024-06-21T11:17:40+00:00\" \/>\n<meta name=\"twitter:card\" content=\"summary_large_image\" \/>\n<meta name=\"twitter:label1\" content=\"Gesch\u00e4tzte Lesezeit\" \/>\n\t<meta name=\"twitter:data1\" content=\"7\u00a0Minuten\" \/>\n<script type=\"application\/ld+json\" class=\"yoast-schema-graph\">{\"@context\":\"https:\/\/schema.org\",\"@graph\":[{\"@type\":\"WebPage\",\"@id\":\"https:\/\/newgarden.es\/condiciones-generales\/\",\"url\":\"https:\/\/newgarden.es\/condiciones-generales\/\",\"name\":\"Bedingungen und Konditionen Diese Allgemeinen Gesch\u00e4ftsbedingungen regeln die Nutzung der Website www.newgarden.es, Eigentum von NEWGARDEN SPAIN, S.L.,\",\"isPartOf\":{\"@id\":\"https:\/\/newgarden.es\/#website\"},\"datePublished\":\"2024-05-22T07:50:50+00:00\",\"dateModified\":\"2024-06-21T11:17:40+00:00\",\"description\":\"Bedingungen und Konditionen Diese Allgemeinen Gesch\u00e4ftsbedingungen regeln die Nutzung der Website www.newgarden.es, Eigentum von NEWGARDEN SPAIN, S.L.,\",\"breadcrumb\":{\"@id\":\"https:\/\/newgarden.es\/condiciones-generales\/#breadcrumb\"},\"inLanguage\":\"de\",\"potentialAction\":[{\"@type\":\"ReadAction\",\"target\":[\"https:\/\/newgarden.es\/condiciones-generales\/\"]}]},{\"@type\":\"BreadcrumbList\",\"@id\":\"https:\/\/newgarden.es\/condiciones-generales\/#breadcrumb\",\"itemListElement\":[{\"@type\":\"ListItem\",\"position\":1,\"name\":\"Home\",\"item\":\"https:\/\/newgarden.es\/de\/\"},{\"@type\":\"ListItem\",\"position\":2,\"name\":\"Bedingungen und Konditionen\"}]},{\"@type\":\"WebSite\",\"@id\":\"https:\/\/newgarden.es\/#website\",\"url\":\"https:\/\/newgarden.es\/\",\"name\":\"Newgarden\",\"description\":\"Be happy\",\"potentialAction\":[{\"@type\":\"SearchAction\",\"target\":{\"@type\":\"EntryPoint\",\"urlTemplate\":\"https:\/\/newgarden.es\/?s={search_term_string}\"},\"query-input\":{\"@type\":\"PropertyValueSpecification\",\"valueRequired\":true,\"valueName\":\"search_term_string\"}}],\"inLanguage\":\"de\"}]}<\/script>\n<!-- \/ Yoast SEO plugin. -->","yoast_head_json":{"title":"Bedingungen und Konditionen Diese Allgemeinen Gesch\u00e4ftsbedingungen regeln die Nutzung der Website www.newgarden.es, Eigentum von NEWGARDEN SPAIN, S.L.,","description":"Bedingungen und Konditionen Diese Allgemeinen Gesch\u00e4ftsbedingungen regeln die Nutzung der Website www.newgarden.es, Eigentum von NEWGARDEN SPAIN, S.L.,","robots":{"index":"index","follow":"follow","max-snippet":"max-snippet:-1","max-image-preview":"max-image-preview:large","max-video-preview":"max-video-preview:-1"},"canonical":"https:\/\/newgarden.es\/condiciones-generales\/","og_locale":"de_DE","og_type":"article","og_title":"Bedingungen und Konditionen Diese Allgemeinen Gesch\u00e4ftsbedingungen regeln die Nutzung der Website www.newgarden.es, Eigentum von NEWGARDEN SPAIN, S.L.,","og_description":"Bedingungen und Konditionen Diese Allgemeinen Gesch\u00e4ftsbedingungen regeln die Nutzung der Website www.newgarden.es, Eigentum von NEWGARDEN SPAIN, S.L.,","og_url":"https:\/\/newgarden.es\/condiciones-generales\/","og_site_name":"Newgarden","article_modified_time":"2024-06-21T11:17:40+00:00","twitter_card":"summary_large_image","twitter_misc":{"Gesch\u00e4tzte Lesezeit":"7\u00a0Minuten"},"schema":{"@context":"https:\/\/schema.org","@graph":[{"@type":"WebPage","@id":"https:\/\/newgarden.es\/condiciones-generales\/","url":"https:\/\/newgarden.es\/condiciones-generales\/","name":"Bedingungen und Konditionen Diese Allgemeinen Gesch\u00e4ftsbedingungen regeln die Nutzung der Website www.newgarden.es, Eigentum von NEWGARDEN SPAIN, S.L.,","isPartOf":{"@id":"https:\/\/newgarden.es\/#website"},"datePublished":"2024-05-22T07:50:50+00:00","dateModified":"2024-06-21T11:17:40+00:00","description":"Bedingungen und Konditionen Diese Allgemeinen Gesch\u00e4ftsbedingungen regeln die Nutzung der Website www.newgarden.es, Eigentum von NEWGARDEN SPAIN, S.L.,","breadcrumb":{"@id":"https:\/\/newgarden.es\/condiciones-generales\/#breadcrumb"},"inLanguage":"de","potentialAction":[{"@type":"ReadAction","target":["https:\/\/newgarden.es\/condiciones-generales\/"]}]},{"@type":"BreadcrumbList","@id":"https:\/\/newgarden.es\/condiciones-generales\/#breadcrumb","itemListElement":[{"@type":"ListItem","position":1,"name":"Home","item":"https:\/\/newgarden.es\/de\/"},{"@type":"ListItem","position":2,"name":"Bedingungen und Konditionen"}]},{"@type":"WebSite","@id":"https:\/\/newgarden.es\/#website","url":"https:\/\/newgarden.es\/","name":"Newgarden","description":"Be happy","potentialAction":[{"@type":"SearchAction","target":{"@type":"EntryPoint","urlTemplate":"https:\/\/newgarden.es\/?s={search_term_string}"},"query-input":{"@type":"PropertyValueSpecification","valueRequired":true,"valueName":"search_term_string"}}],"inLanguage":"de"}]}},"_links":{"self":[{"href":"https:\/\/newgarden.es\/de\/wp-json\/wp\/v2\/pages\/56088"}],"collection":[{"href":"https:\/\/newgarden.es\/de\/wp-json\/wp\/v2\/pages"}],"about":[{"href":"https:\/\/newgarden.es\/de\/wp-json\/wp\/v2\/types\/page"}],"author":[{"embeddable":true,"href":"https:\/\/newgarden.es\/de\/wp-json\/wp\/v2\/users\/1"}],"replies":[{"embeddable":true,"href":"https:\/\/newgarden.es\/de\/wp-json\/wp\/v2\/comments?post=56088"}],"version-history":[{"count":3,"href":"https:\/\/newgarden.es\/de\/wp-json\/wp\/v2\/pages\/56088\/revisions"}],"predecessor-version":[{"id":56106,"href":"https:\/\/newgarden.es\/de\/wp-json\/wp\/v2\/pages\/56088\/revisions\/56106"}],"wp:attachment":[{"href":"https:\/\/newgarden.es\/de\/wp-json\/wp\/v2\/media?parent=56088"}],"curies":[{"name":"wp","href":"https:\/\/api.w.org\/{rel}","templated":true}]}}