{"id":67480,"date":"2024-11-05T12:11:27","date_gmt":"2024-11-05T11:11:27","guid":{"rendered":"https:\/\/newgarden.es\/datenschutzpolitik\/"},"modified":"2024-11-05T12:11:29","modified_gmt":"2024-11-05T11:11:29","slug":"datenschutzpolitik","status":"publish","type":"page","link":"https:\/\/newgarden.es\/de\/datenschutzpolitik\/","title":{"rendered":"DATENSCHUTZPOLITIK"},"content":{"rendered":"<section class=\"wpb-content-wrapper\"><p>[vc_row full_width=&#8220;stretch_row&#8220; css=&#8220;.vc_custom_1561981195194{background-position: center !important;background-repeat: no-repeat !important;background-size: cover !important;}&#8220;][vc_column][vc_separator][vc_row_inner][vc_column_inner][vc_column_text]<\/p>\n<h2><a name=\"_Toc530641954\"><\/a><strong>WER IST F\u00dcR DIE VERARBEITUNG IHRER DATEN VERANTWORTLICH?<\/strong><\/h2>\n<ul>\n<li><strong>VERANTWORTLICHER F\u00dcR DIE VERARBEITUNG <\/strong>Ihrer Daten ist: NEWGARDEN SPAIN, S.L.<\/li>\n<li><strong>UMSATZSTEUERNUMMER: <\/strong>B98434665<\/li>\n<li><strong>Postanschrift:<\/strong> Francia, 5 \u2013 15. Pol. Ind. Las Salinas de Alhama, 30840, Alhama de Murcia, MURCIA<\/li>\n<li><strong>E-Mail: <\/strong><u>info@newgarden.es<\/u><\/li>\n<\/ul>\n<p>[\/vc_column_text][vc_separator][vc_column_text]<\/p>\n<h2><a name=\"_Toc530641955\"><\/a><strong>WELCHE ART VON DATEN VERARBEITEN WIR?<\/strong><\/h2>\n<p>Je nach den Produkten, Dienstleistungen oder Funktionen, die Sie zu einem bestimmten Zeitpunkt nutzen m\u00f6chten, m\u00fcssen wir bestimmte Daten verarbeiten. Im Allgemeinen handelt es sich dabei je nach Fall um die folgenden Daten:<\/p>\n<ul>\n<li>Ihre Identifikationsdaten (z.B.: Ihr Name, Nachname, Sprache, Land, von dem aus Sie mit uns interagieren, Kontaktangaben usw.).<\/li>\n<li>Finanz- und Transaktionsdaten (z.B.: Ihre Zahlungs- oder Kartendaten, Informationen \u00fcber Ihre Eink\u00e4ufe, Bestellungen, R\u00fccksendungen usw&#8230;).<\/li>\n<li>Verbindungs-, Geolokalisierungs- und Navigationsdaten (falls Sie z. B. \u00fcber Ihr Mobiltelefon mit uns interagieren).<\/li>\n<li>Kommerzielle Informationen, wenn Sie unseren Newsletter abonniert haben.<\/li>\n<li>Daten \u00fcber Ihre Vorlieben und Pr\u00e4ferenzen.<\/li>\n<li>Akademische und berufliche Daten.<\/li>\n<\/ul>\n<p>Denken Sie daran, dass wir, wenn wir Sie bitten, Ihre pers\u00f6nlichen Daten auszuf\u00fcllen, um Ihnen Zugang zu einer Funktion oder einem Dienst der Website zu geben, einige Felder als obligatorisch kennzeichnen, da es sich um Daten handelt, die wir ben\u00f6tigen, um Ihnen den Dienst zur Verf\u00fcgung zu stellen oder Ihnen Zugang zu der betreffenden Funktion zu geben.<\/p>\n<p>Bitte beachten Sie, dass Sie, wenn Sie uns diese Daten nicht zur Verf\u00fcgung stellen, m\u00f6glicherweise nicht in der Lage sind, Ihre Registrierung als Nutzer abzuschlie\u00dfen, oder dass Sie diese Dienste oder Funktionen nicht nutzen k\u00f6nnen.<\/p>\n<h2><a name=\"_Toc530641956\"><\/a><strong>F\u00dcR WELCHE ZWECKE VERARBEITEN WIR IHRE PERSONENBEZOGENEN DATEN?<\/strong><\/h2>\n<p>Je nachdem, wie Sie mit unserer Website interagieren, verarbeiten wir Ihre personenbezogenen Daten f\u00fcr die folgenden Zwecke:<\/p>\n<ol>\n<li><strong>F\u00fcr die Entwicklung, Erf\u00fcllung und Durchf\u00fchrung des Kaufvertrags.<\/strong><\/li>\n<\/ol>\n<p>Dieser Zweck umfasst die Verarbeitung Ihrer Daten in erster Linie, um:<\/p>\n<ul>\n<li>Kontaktaufnahme mit Ihnen in Bezug auf Aktualisierungen oder informative Mitteilungen zu den gekauften Produkten, einschlie\u00dflich des Versands von Qualit\u00e4tsumfragen zu den gelieferten Produkten.<\/li>\n<li>Verwaltung der Zahlung der von Ihnen gekauften Produkte, unabh\u00e4ngig vom verwendeten Zahlungsmittel.<\/li>\n<li>Aktivierung der notwendigen Mechanismen, um m\u00f6glichen Betrug gegen Sie und uns w\u00e4hrend des Kaufvorgangs zu verhindern. Wenn wir der Meinung sind, dass es sich um einen betr\u00fcgerischen Vorgang handeln k\u00f6nnte, kann dies zur Sperrung der Transaktion f\u00fchren.<\/li>\n<li>Um eventuelle R\u00fccksendungen nach einem Kauf zu verwalten und um Anfragen zur Verf\u00fcgbarkeit verschiedener Produkte zu bearbeiten.<\/li>\n<li>Rechnungsstellung und Bereitstellung von Tickets, Rechnungen und anderen Zahlungsnachweisen f\u00fcr die von Ihnen auf unserer Plattform get\u00e4tigten Eink\u00e4ufe.<\/li>\n<\/ul>\n<p><strong>\u00a0<\/strong><\/p>\n<ol start=\"2\">\n<li><strong>Um die Anfragen oder Antr\u00e4ge zu bearbeiten, die Sie \u00fcber die verschiedenen in unsere Plattform integrierten Mittel stellen.<\/strong><\/li>\n<\/ol>\n<p>Wir verarbeiten nur die personenbezogenen Daten, die unbedingt erforderlich sind, um Ihren Antrag oder Ihre Anfrage zu bearbeiten oder zu l\u00f6sen.<\/p>\n<ol start=\"3\">\n<li><strong>F\u00fcr Marketingzwecke.<\/strong><\/li>\n<\/ol>\n<p>Wenn Sie unseren Newsletter abonnieren, werden Ihre personenbezogenen Daten f\u00fcr die regelm\u00e4\u00dfige Zusendung von Unternehmens-Newslettern verwendet.<\/p>\n<p>Bitte beachten Sie, dass Sie den Newsletter jederzeit und kostenlos abbestellen k\u00f6nnen, indem Sie sich an NEWGARDEN SPAIN, S.L. unter der E-Mail-Adresse info@newgarden.es wenden.<\/p>\n<ol start=\"4\">\n<li><strong>Nutzbarkeits- und Qualit\u00e4tsanalyse zur Verbesserung unserer Dienstleistungen (Cookies).<\/strong><\/li>\n<\/ol>\n<p>Wenn Sie auf unsere Plattform zugreifen, informieren wir Sie dar\u00fcber, dass wir Ihre Browsing-Daten zu analytischen und statistischen Zwecken verarbeiten, d. h. um zu verstehen, wie die Nutzer mit unserer Plattform interagieren, und um sie so verbessern zu k\u00f6nnen. Gelegentlich f\u00fchren wir auch Qualit\u00e4tsma\u00dfnahmen und Umfragen durch, um den Grad der Zufriedenheit unserer Kunden und Nutzer zu ermitteln und Bereiche zu entdecken, in denen wir uns verbessern k\u00f6nnen.<\/p>\n<ol start=\"5\">\n<li><strong>Teilnahme an den Personalprozessen der Organisation.<\/strong><\/li>\n<\/ol>\n<p>Wenn Sie uns Ihren Lebenslauf zur Verf\u00fcgung stellen, werden wir Ihre Daten f\u00fcr die Auswahlverfahren der Organisation aufbewahren.<\/p>\n<h2><a name=\"_Toc530641957\"><\/a><strong>WELCHE RECHTSGRUNDLAGE GIBT ES F\u00dcR DIE VERARBEITUNG IHRER DATEN?<\/strong><\/h2>\n<p>Die Rechtsgrundlage, die es uns erlaubt, Ihre personenbezogenen Daten zu verarbeiten, h\u00e4ngt auch von dem Zweck ab, zu dem wir sie verarbeiten, so dass wir unter den folgenden Zwecken verschiedene Rechtsgrundlagen finden:<\/p>\n<ol>\n<li><strong>Entwicklung, Erf\u00fcllung und Durchf\u00fchrung des Kaufvertrags.<\/strong><\/li>\n<\/ol>\n<p>Die Verarbeitung Ihrer Daten ist f\u00fcr die Erf\u00fcllung des Kaufvertrags, der uns an Sie bindet, erforderlich. Wir sind uns dar\u00fcber im Klaren, dass die Verarbeitung dieser Daten f\u00fcr alle an der Zahlung eines Kaufs beteiligten Parteien und insbesondere f\u00fcr Sie positiv ist, da sie es uns erm\u00f6glicht, geeignete Ma\u00dfnahmen zu ergreifen, um Sie vor Betrugsversuchen durch Dritte zu sch\u00fctzen.<\/p>\n<ol start=\"2\">\n<li><strong>Kundenbetreuung<\/strong><\/li>\n<\/ol>\n<p>Wir sind der Ansicht, dass wir ein berechtigtes Interesse daran haben, die Anfragen zu bearbeiten, die Sie uns \u00fcber die verschiedenen bestehenden Kontaktm\u00f6glichkeiten zukommen lassen. Wir gehen davon aus, dass die Verarbeitung dieser Daten auch f\u00fcr Sie von Vorteil ist, da sie es uns erm\u00f6glicht, Sie angemessen zu betreuen und die gestellten Fragen zu l\u00f6sen. Wenn Sie sich mit uns in Verbindung setzen, insbesondere f\u00fcr die Bearbeitung von Vorf\u00e4llen im Zusammenhang mit dem \u00fcber die Plattform gekauften Produkt, ist die Verarbeitung f\u00fcr die Ausf\u00fchrung des Kaufvertrags erforderlich. Wenn Ihre Anfrage mit der Aus\u00fcbung der Rechte, \u00fcber die wir Sie nachstehend informieren, oder mit Anspr\u00fcchen im Zusammenhang mit unseren Produkten oder Dienstleistungen zusammenh\u00e4ngt, ist die Legitimation f\u00fcr die Verarbeitung Ihrer Daten die Erf\u00fcllung der gesetzlichen Verpflichtungen unsererseits.<\/p>\n<ol start=\"3\">\n<li><strong>Marketing.<\/strong><\/li>\n<\/ol>\n<p>Die rechtm\u00e4\u00dfige Grundlage f\u00fcr die Verarbeitung Ihrer Daten zu Marketingzwecken ist Ihre Einwilligung.<\/p>\n<p>Zum Beispiel, wenn Sie zustimmen, personalisierte Informationen auf verschiedenen Wegen zu erhalten, wenn Sie zustimmen, einen Newsletter zu erhalten, oder wenn Sie der Rechtsgrundlage f\u00fcr die Teilnahme an einer Werbeaktion zustimmen.<\/p>\n<p>Um Ihnen personalisierte Informationen zukommen zu lassen, sind wir der Ansicht, dass wir ein berechtigtes Interesse daran haben, ein Profil der Informationen zu erstellen, die uns \u00fcber Sie vorliegen (Browsing, Pr\u00e4ferenzen oder Kaufhistorie), sowie der personenbezogenen Daten, die Sie uns zur Verf\u00fcgung gestellt haben, wie z. B. Altersgruppe oder Sprache, da wir davon ausgehen, dass die Verarbeitung dieser Daten auch f\u00fcr Sie von Vorteil ist, da sie es Ihnen erm\u00f6glicht, Ihre Nutzererfahrung zu verbessern und auf Informationen zuzugreifen, die Ihren Pr\u00e4ferenzen entsprechen.<\/p>\n<ol start=\"4\">\n<li><strong>Analyse der Benutzerfreundlichkeit und Qualit\u00e4t.<\/strong><\/li>\n<\/ol>\n<p>Wir sind der Ansicht, dass wir ein berechtigtes Interesse daran haben, die Benutzerfreundlichkeit der Plattform und den Grad der Benutzerzufriedenheit zu analysieren, da wir davon ausgehen, dass die Verarbeitung dieser Daten auch f\u00fcr Sie von Vorteil ist, da der Zweck darin besteht, die Benutzererfahrung zu verbessern und einen hochwertigeren Service anzubieten.<\/p>\n<ol start=\"5\">\n<li><strong>Rekrutierung.<\/strong><\/li>\n<\/ol>\n<p>Die Legitimationsgrundlage f\u00fcr die Verarbeitung Ihrer Daten zu Rekrutierungszwecken ist die von Ihnen erteilte Einwilligung.<\/p>\n<h2><strong>WIE LANGE WERDEN WIR IHRE DATEN SPEICHERN?<\/strong><\/h2>\n<ol>\n<li><strong>Entwicklung, Erf\u00fcllung und Ausf\u00fchrung des Kaufvertrags.<\/strong><\/li>\n<\/ol>\n<p>Wir verarbeiten Ihre Daten so lange, wie es f\u00fcr die Abwicklung des Kaufs der von Ihnen erworbenen Produkte oder Dienstleistungen erforderlich ist, und danach 1 Jahr, um m\u00f6gliche Fehler oder Missverst\u00e4ndnisse zu vermeiden. In einigen F\u00e4llen werden wir einige Daten nur bis zu dem Zeitpunkt verarbeiten, zu dem Sie sich entscheiden, wie im Fall der Zahlungsdaten (Kreditkarte), die Sie uns gebeten haben, f\u00fcr m\u00f6gliche zuk\u00fcnftige K\u00e4ufe zu speichern.<\/p>\n<ol start=\"2\">\n<li><strong>Kundenbetreuung.<\/strong><\/li>\n<\/ol>\n<p>Wir verarbeiten Ihre Daten so lange, wie es f\u00fcr die Bearbeitung Ihrer Anfrage erforderlich ist.<\/p>\n<ol start=\"3\">\n<li><strong>Marketing.<\/strong><\/li>\n<\/ol>\n<p>Wir verarbeiten Ihre Daten so lange, bis Sie sich vom Newsletter abmelden oder ihn abbestellen. Wenn Sie an Werbeaktionen teilnehmen, werden wir Ihre Daten f\u00fcr einen Zeitraum von sechs 6 Monaten nach Ende der Aktion aufbewahren.<\/p>\n<p>Unabh\u00e4ngig von der Tatsache, dass wir Ihre Daten nur so lange verarbeiten, wie es f\u00fcr die Erf\u00fcllung des jeweiligen Zwecks unbedingt erforderlich ist, bewahren wir Ihre Daten anschlie\u00dfend so lange auf, wie sich aus der Verarbeitung Verpflichtungen ergeben k\u00f6nnen, und zwar unter Einhaltung der jeweils geltenden Vorschriften. Nach Ablauf der in jedem Fall m\u00f6glichen Ma\u00dfnahmen werden wir die personenbezogenen Daten l\u00f6schen.<\/p>\n<ol start=\"4\">\n<li><strong>Rekrutierung.<\/strong><\/li>\n<\/ol>\n<p>Wir bewahren die Daten, die sich auf die Verarbeitung zum Zwecke der Einstellung beziehen, f\u00fcr einen Zeitraum von einem Jahr auf.<\/p>\n<h2><a name=\"_Toc530641958\"><\/a><strong>WERDEN WIR IHRE DATEN AN DRITTE WEITERGEBEN?<\/strong><\/h2>\n<p>Um die in dieser Datenschutzerkl\u00e4rung genannten Zwecke zu erf\u00fcllen, ist es notwendig, dass wir Dritten, die uns bei den von uns angebotenen Dienstleistungen unterst\u00fctzen, Zugang zu Ihren personenbezogenen Daten gew\u00e4hren:<\/p>\n<ul>\n<li>NEWGARDEN SPAIN, S.L. f\u00fcr den Fall, dass Sie sich f\u00fcr unseren Newsletter anmelden.<\/li>\n<li>Finanzielle Einrichtungen<\/li>\n<li>Anbieter von technologischen Dienstleistungen<\/li>\n<li>Logistik-, Transport- und Lieferdienstleister und Mitarbeiter.<\/li>\n<\/ul>\n<h2><a name=\"_Toc530641959\"><\/a><strong>WELCHE RECHTE HABEN SIE, WENN SIE UNS IHRE DATEN ZUR VERF\u00dcGUNG STELLEN?<\/strong><\/h2>\n<p>Wir verpflichten uns, die Vertraulichkeit Ihrer personenbezogenen Daten zu wahren und Ihnen die Aus\u00fcbung Ihrer Rechte zu garantieren.<\/p>\n<p>Sie k\u00f6nnen diese Rechte kostenlos aus\u00fcben, indem Sie uns eine E-Mail an unsere Adresse info@newgarden.es schicken, in der Sie einfach den Grund Ihrer Anfrage und das Recht, das Sie aus\u00fcben m\u00f6chten, angeben.<\/p>\n<p>Wenn wir es f\u00fcr erforderlich halten, Sie zu identifizieren, k\u00f6nnen wir Sie um eine Kopie eines Dokuments bitten, das Ihre Identit\u00e4t belegt. Insbesondere haben Sie unabh\u00e4ngig von dem Zweck oder der Rechtsgrundlage, auf der wir Ihre Daten verarbeiten, das Recht auf:<\/p>\n<ul>\n<li>Sie k\u00f6nnen uns um Zugang zu den Informationen bitten, die wir \u00fcber Sie gespeichert haben.<\/li>\n<li>Bitten Sie uns um die Berichtigung von Daten, die wir bereits \u00fcber Sie gespeichert haben. Bitte beachten Sie, dass Sie uns durch die aktive Bereitstellung Ihrer pers\u00f6nlichen Daten garantieren, dass diese wahrheitsgetreu und korrekt sind, und dass Sie sich verpflichten, uns \u00fcber alle \u00c4nderungen oder Modifikationen dieser Daten zu informieren.<\/li>\n<li>Sie k\u00f6nnen uns auffordern, Ihre Daten zu l\u00f6schen, sofern sie f\u00fcr den Zweck, f\u00fcr den wir sie verarbeiten m\u00fcssen, nicht mehr erforderlich sind, wie wir Ihnen zuvor mitgeteilt haben, oder sofern wir nicht mehr legitimiert sind, dies zu tun.<\/li>\n<li>Sie k\u00f6nnen uns auffordern, die Verarbeitung Ihrer Daten einzuschr\u00e4nken, was bedeutet, dass Sie uns in bestimmten F\u00e4llen auffordern k\u00f6nnen, die Verarbeitung der Daten vor\u00fcbergehend einzustellen oder die Daten l\u00e4nger als n\u00f6tig aufzubewahren, wenn Sie sie ben\u00f6tigen k\u00f6nnten. Wenn Sie uns Ihre Einwilligung zur Verarbeitung Ihrer Daten f\u00fcr einen beliebigen Zweck gegeben haben, haben Sie auch das Recht, Ihre Einwilligung jederzeit zu widerrufen.<\/li>\n<li>Wenn die Verarbeitung Ihrer Daten auf unserem berechtigten Interesse beruht, haben Sie au\u00dferdem das Recht, der Verarbeitung Ihrer Daten zu widersprechen.<\/li>\n<\/ul>\n<p>Schlie\u00dflich informieren wir Sie \u00fcber Ihr Recht, eine Beschwerde bei der zust\u00e4ndigen Datenschutzaufsichtsbeh\u00f6rde, insbesondere bei der spanischen Datenschutzbeh\u00f6rde<\/p>\n<p><a href=\"https:\/\/www.agpd.es\/portalwebAGPD\/index-ides-idphp.php\">https:\/\/www.agpd.es\/portalwebAGPD\/index-ides-idphp.php<\/a><\/p>\n<h2><strong>KOMMUNIKATION UND ELEKTRONISCHE NACHRICHTEN\u00dcBERMITTLUNG<\/strong><\/h2>\n<p>Unsere Politik in Bezug auf die Zusendung von Informationen \u00fcber Telematikmittel (E-Mail, Instant Messaging usw.) beschr\u00e4nkt sich auf die Zusendung von Mitteilungen, die wir im Zusammenhang mit den Funktionen und der T\u00e4tigkeit des Unternehmens als f\u00fcr unsere Nutzer und Interessenten interessant erachten oder deren Empfang Sie zugestimmt haben.<\/p>\n<p>Wenn Sie es vorziehen, diese Mitteilungen nicht zu erhalten, wenn sie werblicher oder informativer Natur sind, bieten wir Ihnen die M\u00f6glichkeit, von Ihrem Recht Gebrauch zu machen, den Erhalt dieser Mitteilungen zu stornieren und auf sie zu verzichten, gem\u00e4\u00df den Bestimmungen von Titel III, Artikel 22 des Gesetzes 34\/2002 \u00fcber Dienstleistungen f\u00fcr die Informationsgesellschaft und den elektronischen Handel.<\/p>\n<p>Die Nachrichten, die im Zusammenhang mit der Entwicklung unserer Gesch\u00e4ftst\u00e4tigkeit stehen, sind in Bezug auf die zwischen Absender und Empf\u00e4nger ausgetauschten Informationen und Daten von vornherein vertraulich, vorbehaltlich der entsprechenden Vertraulichkeitsvereinbarungen oder gesetzlichen Verpflichtungen, die in dieser Hinsicht bestehen k\u00f6nnen.<\/p>\n<p>Die gesamte Datenverarbeitung im Zusammenhang mit der \u00dcbermittlung von Mitteilungen unterliegt den vorliegenden Datenschutzbestimmungen, die in jedem Fall anwendbar sind.<\/p>\n<h2><a name=\"_Toc530641960\"><\/a><strong>\u00c4NDERUNGEN AN DER DATENSCHUTZRICHTLINIE<\/strong><\/h2>\n<p>Wir k\u00f6nnen die in dieser Datenschutzrichtlinie enthaltenen Informationen von Zeit zu Zeit \u00e4ndern. Wenn wir dies tun, werden wir Sie auf verschiedene Weise \u00fcber die Plattform benachrichtigen, oder wir werden Sie \u00fcber Ihre E-Mail-Adresse benachrichtigen, wenn die betreffende \u00c4nderung f\u00fcr Ihre Privatsph\u00e4re von Bedeutung ist, so dass Sie die \u00c4nderungen \u00fcberpr\u00fcfen, bewerten und gegebenenfalls einem Dienst oder einer Funktion widersprechen oder diese abbestellen k\u00f6nnen.<\/p>\n<h2><strong><a name=\"_Toc530641961\"><\/a>INFORMATIONEN \u00dcBER COOKIES<\/strong><\/h2>\n<p>Wir verwenden Cookies und \u00e4hnliche Hilfsmittel, um Ihnen die Navigation auf der Plattform zu erleichtern, um zu wissen, wie Sie mit uns interagieren, und um Ihnen in bestimmten F\u00e4llen Werbung auf der Grundlage Ihrer Surfgewohnheiten zeigen zu k\u00f6nnen. Bitte lesen Sie unsere Cookie-Richtlinie, um mehr \u00fcber die von uns verwendeten Cookies und \u00e4hnlichen Vorrichtungen, ihren Zweck und andere interessante Informationen zu erfahren.[\/vc_column_text][vc_column_text]NEWGARDEN SPAIN, S.L. verarbeitet Ihre personenbezogenen Daten, um Ihre Registrierung als Nutzer zu verwalten, den Kauf von Produkten zu verwalten, Ihre Anfragen zu bearbeiten und Ihnen, wenn Sie dies w\u00fcnschen, unsere personalisierten Mitteilungen zu senden. Sie k\u00f6nnen Ihre Rechte auf Zugang, Berichtigung, L\u00f6schung und \u00dcbertragbarkeit Ihrer Daten, auf Einschr\u00e4nkung und Widerspruch gegen deren Verarbeitung sowie auf Ablehnung von Entscheidungen, die ausschlie\u00dflich auf der automatisierten Verarbeitung Ihrer Daten beruhen, gegebenenfalls unter der E-Mail-Adresse info@newgarden.es geltend machen.<\/p>\n<p>Wir empfehlen Ihnen, die Datenschutzbestimmungen zu lesen, bevor Sie uns Ihre personenbezogenen Daten zur Verf\u00fcgung stellen.[\/vc_column_text][vc_column_text][\/vc_column_text][\/vc_column_inner][\/vc_row_inner][\/vc_column][\/vc_row]<\/p>\n<\/section>","protected":false},"excerpt":{"rendered":"<p>[vc_row full_width=&#8220;stretch_row&#8220; css=&#8220;.vc_custom_1561981195194{background-position: center !important;background-repeat: no-repeat !important;background-size: cover !important;}&#8220;][vc_column][vc_separator][vc_row_inner][vc_column_inner][vc_column_text] WER IST F\u00dcR DIE VERARBEITUNG IHRER DATEN VERANTWORTLICH? VERANTWORTLICHER F\u00dcR DIE VERARBEITUNG Ihrer Daten ist: NEWGARDEN SPAIN, S.L. UMSATZSTEUERNUMMER: B98434665 Postanschrift:<\/p>\n","protected":false},"author":1,"featured_media":0,"parent":0,"menu_order":0,"comment_status":"closed","ping_status":"closed","template":"","meta":{"footnotes":""},"class_list":["post-67480","page","type-page","status-publish","hentry"],"yoast_head":"<!-- This site is optimized with the Yoast SEO plugin v24.2 - https:\/\/yoast.com\/wordpress\/plugins\/seo\/ -->\n<title>WER IST F\u00dcR DIE VERARBEITUNG IHRER DATEN VERANTWORTLICH? VERANTWORTLICHER F\u00dcR DIE VERARBEITUNG Ihrer Daten ist: NEWGARDEN SPAIN, S.L. UMSATZSTEUERNUMMER:<\/title>\n<meta name=\"description\" content=\"WER IST F\u00dcR DIE VERARBEITUNG IHRER DATEN VERANTWORTLICH? VERANTWORTLICHER F\u00dcR DIE VERARBEITUNG Ihrer Daten ist: NEWGARDEN SPAIN, S.L. UMSATZSTEUERNUMMER:\" \/>\n<meta name=\"robots\" content=\"index, follow, max-snippet:-1, max-image-preview:large, max-video-preview:-1\" \/>\n<link rel=\"canonical\" href=\"https:\/\/newgarden.es\/politica-privacidad\/\" \/>\n<meta property=\"og:locale\" content=\"de_DE\" \/>\n<meta property=\"og:type\" content=\"article\" \/>\n<meta property=\"og:title\" content=\"WER IST F\u00dcR DIE VERARBEITUNG IHRER DATEN VERANTWORTLICH? VERANTWORTLICHER F\u00dcR DIE VERARBEITUNG Ihrer Daten ist: NEWGARDEN SPAIN, S.L. UMSATZSTEUERNUMMER:\" \/>\n<meta property=\"og:description\" content=\"WER IST F\u00dcR DIE VERARBEITUNG IHRER DATEN VERANTWORTLICH? VERANTWORTLICHER F\u00dcR DIE VERARBEITUNG Ihrer Daten ist: NEWGARDEN SPAIN, S.L. UMSATZSTEUERNUMMER:\" \/>\n<meta property=\"og:url\" content=\"https:\/\/newgarden.es\/politica-privacidad\/\" \/>\n<meta property=\"og:site_name\" content=\"Newgarden\" \/>\n<meta property=\"article:modified_time\" content=\"2024-11-05T11:11:29+00:00\" \/>\n<meta name=\"twitter:card\" content=\"summary_large_image\" \/>\n<meta name=\"twitter:label1\" content=\"Gesch\u00e4tzte Lesezeit\" \/>\n\t<meta name=\"twitter:data1\" content=\"11\u00a0Minuten\" \/>\n<script type=\"application\/ld+json\" class=\"yoast-schema-graph\">{\"@context\":\"https:\/\/schema.org\",\"@graph\":[{\"@type\":\"WebPage\",\"@id\":\"https:\/\/newgarden.es\/politica-privacidad\/\",\"url\":\"https:\/\/newgarden.es\/politica-privacidad\/\",\"name\":\"WER IST F\u00dcR DIE VERARBEITUNG IHRER DATEN VERANTWORTLICH? VERANTWORTLICHER F\u00dcR DIE VERARBEITUNG Ihrer Daten ist: NEWGARDEN SPAIN, S.L. UMSATZSTEUERNUMMER:\",\"isPartOf\":{\"@id\":\"https:\/\/newgarden.es\/#website\"},\"datePublished\":\"2024-11-05T11:11:27+00:00\",\"dateModified\":\"2024-11-05T11:11:29+00:00\",\"description\":\"WER IST F\u00dcR DIE VERARBEITUNG IHRER DATEN VERANTWORTLICH? VERANTWORTLICHER F\u00dcR DIE VERARBEITUNG Ihrer Daten ist: NEWGARDEN SPAIN, S.L. UMSATZSTEUERNUMMER:\",\"breadcrumb\":{\"@id\":\"https:\/\/newgarden.es\/politica-privacidad\/#breadcrumb\"},\"inLanguage\":\"de\",\"potentialAction\":[{\"@type\":\"ReadAction\",\"target\":[\"https:\/\/newgarden.es\/politica-privacidad\/\"]}]},{\"@type\":\"BreadcrumbList\",\"@id\":\"https:\/\/newgarden.es\/politica-privacidad\/#breadcrumb\",\"itemListElement\":[{\"@type\":\"ListItem\",\"position\":1,\"name\":\"Home\",\"item\":\"https:\/\/newgarden.es\/de\/\"},{\"@type\":\"ListItem\",\"position\":2,\"name\":\"DATENSCHUTZPOLITIK\"}]},{\"@type\":\"WebSite\",\"@id\":\"https:\/\/newgarden.es\/#website\",\"url\":\"https:\/\/newgarden.es\/\",\"name\":\"Newgarden\",\"description\":\"Be happy\",\"potentialAction\":[{\"@type\":\"SearchAction\",\"target\":{\"@type\":\"EntryPoint\",\"urlTemplate\":\"https:\/\/newgarden.es\/?s={search_term_string}\"},\"query-input\":{\"@type\":\"PropertyValueSpecification\",\"valueRequired\":true,\"valueName\":\"search_term_string\"}}],\"inLanguage\":\"de\"}]}<\/script>\n<!-- \/ Yoast SEO plugin. -->","yoast_head_json":{"title":"WER IST F\u00dcR DIE VERARBEITUNG IHRER DATEN VERANTWORTLICH? VERANTWORTLICHER F\u00dcR DIE VERARBEITUNG Ihrer Daten ist: NEWGARDEN SPAIN, S.L. UMSATZSTEUERNUMMER:","description":"WER IST F\u00dcR DIE VERARBEITUNG IHRER DATEN VERANTWORTLICH? VERANTWORTLICHER F\u00dcR DIE VERARBEITUNG Ihrer Daten ist: NEWGARDEN SPAIN, S.L. UMSATZSTEUERNUMMER:","robots":{"index":"index","follow":"follow","max-snippet":"max-snippet:-1","max-image-preview":"max-image-preview:large","max-video-preview":"max-video-preview:-1"},"canonical":"https:\/\/newgarden.es\/politica-privacidad\/","og_locale":"de_DE","og_type":"article","og_title":"WER IST F\u00dcR DIE VERARBEITUNG IHRER DATEN VERANTWORTLICH? VERANTWORTLICHER F\u00dcR DIE VERARBEITUNG Ihrer Daten ist: NEWGARDEN SPAIN, S.L. UMSATZSTEUERNUMMER:","og_description":"WER IST F\u00dcR DIE VERARBEITUNG IHRER DATEN VERANTWORTLICH? VERANTWORTLICHER F\u00dcR DIE VERARBEITUNG Ihrer Daten ist: NEWGARDEN SPAIN, S.L. UMSATZSTEUERNUMMER:","og_url":"https:\/\/newgarden.es\/politica-privacidad\/","og_site_name":"Newgarden","article_modified_time":"2024-11-05T11:11:29+00:00","twitter_card":"summary_large_image","twitter_misc":{"Gesch\u00e4tzte Lesezeit":"11\u00a0Minuten"},"schema":{"@context":"https:\/\/schema.org","@graph":[{"@type":"WebPage","@id":"https:\/\/newgarden.es\/politica-privacidad\/","url":"https:\/\/newgarden.es\/politica-privacidad\/","name":"WER IST F\u00dcR DIE VERARBEITUNG IHRER DATEN VERANTWORTLICH? VERANTWORTLICHER F\u00dcR DIE VERARBEITUNG Ihrer Daten ist: NEWGARDEN SPAIN, S.L. UMSATZSTEUERNUMMER:","isPartOf":{"@id":"https:\/\/newgarden.es\/#website"},"datePublished":"2024-11-05T11:11:27+00:00","dateModified":"2024-11-05T11:11:29+00:00","description":"WER IST F\u00dcR DIE VERARBEITUNG IHRER DATEN VERANTWORTLICH? VERANTWORTLICHER F\u00dcR DIE VERARBEITUNG Ihrer Daten ist: NEWGARDEN SPAIN, S.L. UMSATZSTEUERNUMMER:","breadcrumb":{"@id":"https:\/\/newgarden.es\/politica-privacidad\/#breadcrumb"},"inLanguage":"de","potentialAction":[{"@type":"ReadAction","target":["https:\/\/newgarden.es\/politica-privacidad\/"]}]},{"@type":"BreadcrumbList","@id":"https:\/\/newgarden.es\/politica-privacidad\/#breadcrumb","itemListElement":[{"@type":"ListItem","position":1,"name":"Home","item":"https:\/\/newgarden.es\/de\/"},{"@type":"ListItem","position":2,"name":"DATENSCHUTZPOLITIK"}]},{"@type":"WebSite","@id":"https:\/\/newgarden.es\/#website","url":"https:\/\/newgarden.es\/","name":"Newgarden","description":"Be happy","potentialAction":[{"@type":"SearchAction","target":{"@type":"EntryPoint","urlTemplate":"https:\/\/newgarden.es\/?s={search_term_string}"},"query-input":{"@type":"PropertyValueSpecification","valueRequired":true,"valueName":"search_term_string"}}],"inLanguage":"de"}]}},"_links":{"self":[{"href":"https:\/\/newgarden.es\/de\/wp-json\/wp\/v2\/pages\/67480"}],"collection":[{"href":"https:\/\/newgarden.es\/de\/wp-json\/wp\/v2\/pages"}],"about":[{"href":"https:\/\/newgarden.es\/de\/wp-json\/wp\/v2\/types\/page"}],"author":[{"embeddable":true,"href":"https:\/\/newgarden.es\/de\/wp-json\/wp\/v2\/users\/1"}],"replies":[{"embeddable":true,"href":"https:\/\/newgarden.es\/de\/wp-json\/wp\/v2\/comments?post=67480"}],"version-history":[{"count":2,"href":"https:\/\/newgarden.es\/de\/wp-json\/wp\/v2\/pages\/67480\/revisions"}],"predecessor-version":[{"id":67482,"href":"https:\/\/newgarden.es\/de\/wp-json\/wp\/v2\/pages\/67480\/revisions\/67482"}],"wp:attachment":[{"href":"https:\/\/newgarden.es\/de\/wp-json\/wp\/v2\/media?parent=67480"}],"curies":[{"name":"wp","href":"https:\/\/api.w.org\/{rel}","templated":true}]}}