{"id":19699,"date":"2019-06-21T07:35:12","date_gmt":"2019-10-30T08:53:11","guid":{"rendered":"https:\/\/newgarden.es\/shop\/unkategorisiert\/lola-30\/"},"modified":"2019-12-18T13:48:04","modified_gmt":"2019-12-18T12:48:04","slug":"lola-30","status":"publish","type":"product","link":"https:\/\/newgarden.es\/de\/shop\/lightdeco-de\/tischlampe\/lola-30\/","title":{"rendered":"LOLA 30"},"content":{"rendered":"<section class=\"wpb-content-wrapper\"><p>[vc_row][vc_column el_class=&#8221;descripcion_producto&#8221;][vc_column_text]<\/p>\n<p style=\"text-align: justify\">*LOLA gilt als die Ikone der Newgarden-Produktfamilie. Mit ihrer besonderen Form hat sie sich in die H\u00e4lfte von Europa verliebt und ist unser meistverkauftes Produkt auf dem Markt. Sie k\u00f6nnen es in verschiedenen Gr\u00f6\u00dfen und Ausf\u00fchrungen finden. Sie alle geh\u00f6ren zu den <em>Bestsellern<\/em> der Marke.<\/p>\n<p style=\"text-align: justify\"><em>Alle Newgarden-Produkte bestehen aus Polyethylen, sind also leicht und sehr widerstandsf\u00e4hig gegen extreme Temperaturen. Sie sind auch gegen UV-Strahlen gesch\u00fctzt, wodurch die Lebensdauer des Produkts au\u00dferordentlich lang ist. <\/em><\/p>\n<p>[\/vc_column_text][\/vc_column][\/vc_row][vc_row disable_element=&#8221;yes&#8221;][vc_column][vc_single_image image=&#8221;6566&#8243; img_size=&#8221;full&#8221;][\/vc_column][\/vc_row][vc_row][vc_column width=&#8221;1\/2&#8243;][vc_btn title=&#8221;Technisches Datenblatt&#8221; style=&#8221;custom&#8221; custom_background=&#8221;#009bc2&#8243; custom_text=&#8221;#ffffff&#8221; shape=&#8221;square&#8221; link=&#8221;url:https%3A%2F%2Fwww.newgarden.es%2Fwp-content%2Fuploads%2F2018%2F11%2FLola-1.pdf|target:%20_blank|&#8221; el_class=&#8221;btn_descargar_ficha&#8221;][\/vc_column][vc_column width=&#8221;1\/2&#8243;][vc_btn title=&#8221;BEDIENUNGSANLEITUNG&#8221; style=&#8221;custom&#8221; custom_background=&#8221;#009bc2&#8243; custom_text=&#8221;#ffffff&#8221; shape=&#8221;square&#8221; link=&#8221;url:https%3A%2F%2Fnewgarden.es%2Finstrucciones%2F||target:%20_blank|&#8221; el_class=&#8221;btn_descargar_ficha&#8221;][\/vc_column][\/vc_row]<\/p>\n<\/section>","protected":false},"excerpt":{"rendered":"<h1 style=\"font-size: 12px\">Lola 45. Design Tischleuchte<\/h1>\n","protected":false},"featured_media":62975,"template":"","meta":[],"product_cat":[1696,763,764,1589],"product_tag":[766,765],"class_list":{"0":"post-19699","1":"product","2":"type-product","3":"status-publish","4":"has-post-thumbnail","6":"product_cat-productos-de","7":"product_cat-lightdeco-de","8":"product_cat-tischlampe","9":"product_cat-innenbereich-de","10":"product_tag-batterie-de","11":"product_tag-kabel","13":"first","14":"instock","15":"taxable","16":"shipping-taxable","17":"purchasable","18":"product-type-variable"},"yoast_head":"<!-- This site is optimized with the Yoast SEO plugin v24.2 - https:\/\/yoast.com\/wordpress\/plugins\/seo\/ -->\n<title>Lola 30, Design Tischleuchte<\/title>\n<meta name=\"description\" content=\"LOLA wird das Symbol Newgarden Produktfamilie mit ihrem einzigartigen Design als die H\u00e4lfte der europ\u00e4ischen gefallen ist unser Sein meistverkauften Produkt auf dem Markt. Diese Lampe kann es in verschiedenen Gr\u00f6\u00dfen und Ausf\u00fchrungen finden. Sie geh\u00f6ren zu den Bestsellern der Marke.\" \/>\n<meta name=\"robots\" content=\"index, follow, max-snippet:-1, max-image-preview:large, max-video-preview:-1\" \/>\n<link rel=\"canonical\" href=\"https:\/\/newgarden.es\/de\/shop\/lightdeco-de\/tischlampe\/lola-30\/\" \/>\n<meta property=\"og:locale\" content=\"de_DE\" \/>\n<meta property=\"og:type\" content=\"article\" \/>\n<meta property=\"og:title\" content=\"Lola 30, Design Tischleuchte\" \/>\n<meta property=\"og:description\" content=\"LOLA wird das Symbol Newgarden Produktfamilie mit ihrem einzigartigen Design als die H\u00e4lfte der europ\u00e4ischen gefallen ist unser Sein meistverkauften Produkt auf dem Markt. Diese Lampe kann es in verschiedenen Gr\u00f6\u00dfen und Ausf\u00fchrungen finden. Sie geh\u00f6ren zu den Bestsellern der Marke.\" \/>\n<meta property=\"og:url\" content=\"https:\/\/newgarden.es\/de\/shop\/lightdeco-de\/tischlampe\/lola-30\/\" \/>\n<meta property=\"og:site_name\" content=\"Newgarden\" \/>\n<meta property=\"article:modified_time\" content=\"2019-12-18T12:48:04+00:00\" \/>\n<meta property=\"og:image\" content=\"https:\/\/newgarden.es\/wp-content\/uploads\/2019\/06\/LOLA_30_BATTERY_1200X1200-1.jpg\" \/>\n\t<meta property=\"og:image:width\" content=\"1200\" \/>\n\t<meta property=\"og:image:height\" content=\"1200\" \/>\n\t<meta property=\"og:image:type\" content=\"image\/jpeg\" \/>\n<meta name=\"twitter:card\" content=\"summary_large_image\" \/>\n<meta name=\"twitter:label1\" content=\"Gesch\u00e4tzte Lesezeit\" \/>\n\t<meta name=\"twitter:data1\" content=\"1\u00a0Minute\" \/>\n<script type=\"application\/ld+json\" class=\"yoast-schema-graph\">{\"@context\":\"https:\/\/schema.org\",\"@graph\":[{\"@type\":\"WebPage\",\"@id\":\"https:\/\/newgarden.es\/de\/shop\/lightdeco-de\/tischlampe\/lola-30\/\",\"url\":\"https:\/\/newgarden.es\/de\/shop\/lightdeco-de\/tischlampe\/lola-30\/\",\"name\":\"Lola 30, Design Tischleuchte\",\"isPartOf\":{\"@id\":\"https:\/\/newgarden.es\/#website\"},\"primaryImageOfPage\":{\"@id\":\"https:\/\/newgarden.es\/de\/shop\/lightdeco-de\/tischlampe\/lola-30\/#primaryimage\"},\"image\":{\"@id\":\"https:\/\/newgarden.es\/de\/shop\/lightdeco-de\/tischlampe\/lola-30\/#primaryimage\"},\"thumbnailUrl\":\"https:\/\/newgarden.es\/wp-content\/uploads\/2019\/06\/LOLA_30_BATTERY_1200X1200-1.jpg\",\"datePublished\":\"2019-10-30T08:53:11+00:00\",\"dateModified\":\"2019-12-18T12:48:04+00:00\",\"description\":\"LOLA wird das Symbol Newgarden Produktfamilie mit ihrem einzigartigen Design als die H\u00e4lfte der europ\u00e4ischen gefallen ist unser Sein meistverkauften Produkt auf dem Markt. Diese Lampe kann es in verschiedenen Gr\u00f6\u00dfen und Ausf\u00fchrungen finden. Sie geh\u00f6ren zu den Bestsellern der Marke.\",\"breadcrumb\":{\"@id\":\"https:\/\/newgarden.es\/de\/shop\/lightdeco-de\/tischlampe\/lola-30\/#breadcrumb\"},\"inLanguage\":\"de\",\"potentialAction\":[{\"@type\":\"ReadAction\",\"target\":[\"https:\/\/newgarden.es\/de\/shop\/lightdeco-de\/tischlampe\/lola-30\/\"]}]},{\"@type\":\"ImageObject\",\"inLanguage\":\"de\",\"@id\":\"https:\/\/newgarden.es\/de\/shop\/lightdeco-de\/tischlampe\/lola-30\/#primaryimage\",\"url\":\"https:\/\/newgarden.es\/wp-content\/uploads\/2019\/06\/LOLA_30_BATTERY_1200X1200-1.jpg\",\"contentUrl\":\"https:\/\/newgarden.es\/wp-content\/uploads\/2019\/06\/LOLA_30_BATTERY_1200X1200-1.jpg\",\"width\":1200,\"height\":1200},{\"@type\":\"BreadcrumbList\",\"@id\":\"https:\/\/newgarden.es\/de\/shop\/lightdeco-de\/tischlampe\/lola-30\/#breadcrumb\",\"itemListElement\":[{\"@type\":\"ListItem\",\"position\":1,\"name\":\"Home\",\"item\":\"https:\/\/newgarden.es\/de\/\"},{\"@type\":\"ListItem\",\"position\":2,\"name\":\"Shop\",\"item\":\"https:\/\/newgarden.es\/de\/shop\/\"},{\"@type\":\"ListItem\",\"position\":3,\"name\":\"LOLA 30\"}]},{\"@type\":\"WebSite\",\"@id\":\"https:\/\/newgarden.es\/#website\",\"url\":\"https:\/\/newgarden.es\/\",\"name\":\"Newgarden\",\"description\":\"Be happy\",\"potentialAction\":[{\"@type\":\"SearchAction\",\"target\":{\"@type\":\"EntryPoint\",\"urlTemplate\":\"https:\/\/newgarden.es\/?s={search_term_string}\"},\"query-input\":{\"@type\":\"PropertyValueSpecification\",\"valueRequired\":true,\"valueName\":\"search_term_string\"}}],\"inLanguage\":\"de\"}]}<\/script>\n<!-- \/ Yoast SEO plugin. -->","yoast_head_json":{"title":"Lola 30, Design Tischleuchte","description":"LOLA wird das Symbol Newgarden Produktfamilie mit ihrem einzigartigen Design als die H\u00e4lfte der europ\u00e4ischen gefallen ist unser Sein meistverkauften Produkt auf dem Markt. Diese Lampe kann es in verschiedenen Gr\u00f6\u00dfen und Ausf\u00fchrungen finden. Sie geh\u00f6ren zu den Bestsellern der Marke.","robots":{"index":"index","follow":"follow","max-snippet":"max-snippet:-1","max-image-preview":"max-image-preview:large","max-video-preview":"max-video-preview:-1"},"canonical":"https:\/\/newgarden.es\/de\/shop\/lightdeco-de\/tischlampe\/lola-30\/","og_locale":"de_DE","og_type":"article","og_title":"Lola 30, Design Tischleuchte","og_description":"LOLA wird das Symbol Newgarden Produktfamilie mit ihrem einzigartigen Design als die H\u00e4lfte der europ\u00e4ischen gefallen ist unser Sein meistverkauften Produkt auf dem Markt. Diese Lampe kann es in verschiedenen Gr\u00f6\u00dfen und Ausf\u00fchrungen finden. Sie geh\u00f6ren zu den Bestsellern der Marke.","og_url":"https:\/\/newgarden.es\/de\/shop\/lightdeco-de\/tischlampe\/lola-30\/","og_site_name":"Newgarden","article_modified_time":"2019-12-18T12:48:04+00:00","og_image":[{"width":1200,"height":1200,"url":"https:\/\/newgarden.es\/wp-content\/uploads\/2019\/06\/LOLA_30_BATTERY_1200X1200-1.jpg","type":"image\/jpeg"}],"twitter_card":"summary_large_image","twitter_misc":{"Gesch\u00e4tzte Lesezeit":"1\u00a0Minute"},"schema":{"@context":"https:\/\/schema.org","@graph":[{"@type":"WebPage","@id":"https:\/\/newgarden.es\/de\/shop\/lightdeco-de\/tischlampe\/lola-30\/","url":"https:\/\/newgarden.es\/de\/shop\/lightdeco-de\/tischlampe\/lola-30\/","name":"Lola 30, Design Tischleuchte","isPartOf":{"@id":"https:\/\/newgarden.es\/#website"},"primaryImageOfPage":{"@id":"https:\/\/newgarden.es\/de\/shop\/lightdeco-de\/tischlampe\/lola-30\/#primaryimage"},"image":{"@id":"https:\/\/newgarden.es\/de\/shop\/lightdeco-de\/tischlampe\/lola-30\/#primaryimage"},"thumbnailUrl":"https:\/\/newgarden.es\/wp-content\/uploads\/2019\/06\/LOLA_30_BATTERY_1200X1200-1.jpg","datePublished":"2019-10-30T08:53:11+00:00","dateModified":"2019-12-18T12:48:04+00:00","description":"LOLA wird das Symbol Newgarden Produktfamilie mit ihrem einzigartigen Design als die H\u00e4lfte der europ\u00e4ischen gefallen ist unser Sein meistverkauften Produkt auf dem Markt. Diese Lampe kann es in verschiedenen Gr\u00f6\u00dfen und Ausf\u00fchrungen finden. Sie geh\u00f6ren zu den Bestsellern der Marke.","breadcrumb":{"@id":"https:\/\/newgarden.es\/de\/shop\/lightdeco-de\/tischlampe\/lola-30\/#breadcrumb"},"inLanguage":"de","potentialAction":[{"@type":"ReadAction","target":["https:\/\/newgarden.es\/de\/shop\/lightdeco-de\/tischlampe\/lola-30\/"]}]},{"@type":"ImageObject","inLanguage":"de","@id":"https:\/\/newgarden.es\/de\/shop\/lightdeco-de\/tischlampe\/lola-30\/#primaryimage","url":"https:\/\/newgarden.es\/wp-content\/uploads\/2019\/06\/LOLA_30_BATTERY_1200X1200-1.jpg","contentUrl":"https:\/\/newgarden.es\/wp-content\/uploads\/2019\/06\/LOLA_30_BATTERY_1200X1200-1.jpg","width":1200,"height":1200},{"@type":"BreadcrumbList","@id":"https:\/\/newgarden.es\/de\/shop\/lightdeco-de\/tischlampe\/lola-30\/#breadcrumb","itemListElement":[{"@type":"ListItem","position":1,"name":"Home","item":"https:\/\/newgarden.es\/de\/"},{"@type":"ListItem","position":2,"name":"Shop","item":"https:\/\/newgarden.es\/de\/shop\/"},{"@type":"ListItem","position":3,"name":"LOLA 30"}]},{"@type":"WebSite","@id":"https:\/\/newgarden.es\/#website","url":"https:\/\/newgarden.es\/","name":"Newgarden","description":"Be happy","potentialAction":[{"@type":"SearchAction","target":{"@type":"EntryPoint","urlTemplate":"https:\/\/newgarden.es\/?s={search_term_string}"},"query-input":{"@type":"PropertyValueSpecification","valueRequired":true,"valueName":"search_term_string"}}],"inLanguage":"de"}]}},"df_price":34.4,"df_sale_price":"","df_regular_price":34.4,"df_image_link":"https:\/\/newgarden.es\/wp-content\/uploads\/2019\/06\/LOLA_30_BATTERY_1200X1200-1-580x400.jpg","_links":{"self":[{"href":"https:\/\/newgarden.es\/de\/wp-json\/wp\/v2\/product\/19699"}],"collection":[{"href":"https:\/\/newgarden.es\/de\/wp-json\/wp\/v2\/product"}],"about":[{"href":"https:\/\/newgarden.es\/de\/wp-json\/wp\/v2\/types\/product"}],"wp:featuredmedia":[{"embeddable":true,"href":"https:\/\/newgarden.es\/de\/wp-json\/wp\/v2\/media\/62975"}],"wp:attachment":[{"href":"https:\/\/newgarden.es\/de\/wp-json\/wp\/v2\/media?parent=19699"}],"wp:term":[{"taxonomy":"product_cat","embeddable":true,"href":"https:\/\/newgarden.es\/de\/wp-json\/wp\/v2\/product_cat?post=19699"},{"taxonomy":"product_tag","embeddable":true,"href":"https:\/\/newgarden.es\/de\/wp-json\/wp\/v2\/product_tag?post=19699"}],"curies":[{"name":"wp","href":"https:\/\/api.w.org\/{rel}","templated":true}]}}