{"id":19809,"date":"2019-06-03T11:50:58","date_gmt":"2019-10-30T10:39:41","guid":{"rendered":"https:\/\/newgarden.es\/shop\/sin%20categor\u00eda\/itaca-light\/"},"modified":"2019-12-20T09:42:05","modified_gmt":"2019-12-20T08:42:05","slug":"itaca-light","status":"publish","type":"product","link":"https:\/\/newgarden.es\/de\/shop\/moebel\/tische-und-couchtische\/itaca-light\/","title":{"rendered":"ITACA LIGHT"},"content":{"rendered":"<section class=\"wpb-content-wrapper\"><p>[vc_row][vc_column el_class=&#8220;descripcion_producto&#8220;][vc_column_text]<\/p>\n<p style=\"text-align: justify\"><em>*ITACA: Tisch mit Mittelfu\u00df aus Polyethylen. Es enth\u00e4lt eine kompakte Holzplatte, die Feuchtigkeit perfekt widersteht. Seine Stabilit\u00e4t ist aufgrund der Metallbasis die es tr\u00e4gt, garantiert. Ideal f\u00fcr die Kombination mit MALLORCA und MENORCA.<\/em><\/p>\n<p style=\"text-align: justify\"><em>Alle Newgarden-Produkte bestehen aus Polyethylen, sind also leicht und sehr widerstandsf\u00e4hig gegen extreme Temperaturen. Sie sind auch gegen UV-Strahlen gesch\u00fctzt, wodurch die Lebensdauer des Produkts au\u00dferordentlich lang ist. <\/em><\/p>\n<p>[\/vc_column_text][\/vc_column][\/vc_row][vc_row disable_element=&#8220;yes&#8220;][vc_column][vc_single_image image=&#8220;6566&#8243; img_size=&#8220;full&#8220;][\/vc_column][\/vc_row][vc_row][vc_column width=&#8220;1\/2&#8243;][vc_btn title=&#8220;Technisches Datenblatt&#8220; style=&#8220;custom&#8220; custom_background=&#8220;#009bc2&#8243; custom_text=&#8220;#ffffff&#8220; shape=&#8220;square&#8220; link=&#8220;url:https%3A%2F%2Fwww.newgarden.es%2Fwp-content%2Fuploads%2F2018%2F02%2FItaca.pdf|target:%20_blank|&#8220; el_class=&#8220;btn_descargar_ficha&#8220;][\/vc_column][vc_column width=&#8220;1\/2&#8243;][vc_btn title=&#8220;BEDIENUNGSANLEITUNG&#8220; style=&#8220;custom&#8220; custom_background=&#8220;#009bc2&#8243; custom_text=&#8220;#ffffff&#8220; shape=&#8220;square&#8220; link=&#8220;url:https%3A%2F%2Fnewgarden.es%2Finstrucciones%2F||target:%20_blank|&#8220; el_class=&#8220;btn_descargar_ficha&#8220;][\/vc_column][\/vc_row]<\/p>\n<\/section>","protected":false},"excerpt":{"rendered":"<h1 style=\"font-size: 12px\">Itaca Licht- Gartentisch mit Beleuchtung<\/h1>\n","protected":false},"featured_media":64067,"template":"","meta":[],"product_cat":[772,794],"product_tag":[793,789],"class_list":{"0":"post-19809","1":"product","2":"type-product","3":"status-publish","4":"has-post-thumbnail","6":"product_cat-moebel","7":"product_cat-tische-und-couchtische","8":"product_tag-drahtlose","9":"product_tag-solar-de","11":"first","12":"instock","13":"taxable","14":"shipping-taxable","15":"purchasable","16":"product-type-variable"},"yoast_head":"<!-- This site is optimized with the Yoast SEO plugin v24.2 - https:\/\/yoast.com\/wordpress\/plugins\/seo\/ -->\n<title>ITACA, beleuchteten Tisch f\u00fcr den Au\u00dfenbereich und Garten mit Solar-Lade<\/title>\n<meta name=\"description\" content=\"Tisch mit zentraler aus Polyethylen. Die Itaca Tabelle enth\u00e4lt ein kompaktes Holzbrett, das perfekt widersteht f\u00fcr den Au\u00dfeneinsatz Feuchtigkeit perfekt. Seine Stabilit\u00e4t ist aufgrund der Metallbasis die es tr\u00e4gt, garantiert. Ideal mit Mallorca und Menorca zu kombinieren\" \/>\n<meta name=\"robots\" content=\"index, follow, max-snippet:-1, max-image-preview:large, max-video-preview:-1\" \/>\n<link rel=\"canonical\" href=\"https:\/\/newgarden.es\/de\/shop\/moebel\/tische-und-couchtische\/itaca-light\/\" \/>\n<meta property=\"og:locale\" content=\"de_DE\" \/>\n<meta property=\"og:type\" content=\"article\" \/>\n<meta property=\"og:title\" content=\"ITACA, beleuchteten Tisch f\u00fcr den Au\u00dfenbereich und Garten mit Solar-Lade\" \/>\n<meta property=\"og:description\" content=\"Tisch mit zentraler aus Polyethylen. Die Itaca Tabelle enth\u00e4lt ein kompaktes Holzbrett, das perfekt widersteht f\u00fcr den Au\u00dfeneinsatz Feuchtigkeit perfekt. Seine Stabilit\u00e4t ist aufgrund der Metallbasis die es tr\u00e4gt, garantiert. Ideal mit Mallorca und Menorca zu kombinieren\" \/>\n<meta property=\"og:url\" content=\"https:\/\/newgarden.es\/de\/shop\/moebel\/tische-und-couchtische\/itaca-light\/\" \/>\n<meta property=\"og:site_name\" content=\"Newgarden\" \/>\n<meta property=\"article:modified_time\" content=\"2019-12-20T08:42:05+00:00\" \/>\n<meta property=\"og:image\" content=\"https:\/\/newgarden.es\/wp-content\/uploads\/2019\/06\/MALLORCA_60_1200X1200-8-2.jpg\" \/>\n\t<meta property=\"og:image:width\" content=\"1200\" \/>\n\t<meta property=\"og:image:height\" content=\"1200\" \/>\n\t<meta property=\"og:image:type\" content=\"image\/jpeg\" \/>\n<meta name=\"twitter:card\" content=\"summary_large_image\" \/>\n<meta name=\"twitter:label1\" content=\"Gesch\u00e4tzte Lesezeit\" \/>\n\t<meta name=\"twitter:data1\" content=\"1\u00a0Minute\" \/>\n<script type=\"application\/ld+json\" class=\"yoast-schema-graph\">{\"@context\":\"https:\/\/schema.org\",\"@graph\":[{\"@type\":\"WebPage\",\"@id\":\"https:\/\/newgarden.es\/de\/shop\/moebel\/tische-und-couchtische\/itaca-light\/\",\"url\":\"https:\/\/newgarden.es\/de\/shop\/moebel\/tische-und-couchtische\/itaca-light\/\",\"name\":\"ITACA, beleuchteten Tisch f\u00fcr den Au\u00dfenbereich und Garten mit Solar-Lade\",\"isPartOf\":{\"@id\":\"https:\/\/newgarden.es\/#website\"},\"primaryImageOfPage\":{\"@id\":\"https:\/\/newgarden.es\/de\/shop\/moebel\/tische-und-couchtische\/itaca-light\/#primaryimage\"},\"image\":{\"@id\":\"https:\/\/newgarden.es\/de\/shop\/moebel\/tische-und-couchtische\/itaca-light\/#primaryimage\"},\"thumbnailUrl\":\"https:\/\/newgarden.es\/wp-content\/uploads\/2019\/06\/MALLORCA_60_1200X1200-8-2.jpg\",\"datePublished\":\"2019-10-30T10:39:41+00:00\",\"dateModified\":\"2019-12-20T08:42:05+00:00\",\"description\":\"Tisch mit zentraler aus Polyethylen. Die Itaca Tabelle enth\u00e4lt ein kompaktes Holzbrett, das perfekt widersteht f\u00fcr den Au\u00dfeneinsatz Feuchtigkeit perfekt. Seine Stabilit\u00e4t ist aufgrund der Metallbasis die es tr\u00e4gt, garantiert. Ideal mit Mallorca und Menorca zu kombinieren\",\"breadcrumb\":{\"@id\":\"https:\/\/newgarden.es\/de\/shop\/moebel\/tische-und-couchtische\/itaca-light\/#breadcrumb\"},\"inLanguage\":\"de\",\"potentialAction\":[{\"@type\":\"ReadAction\",\"target\":[\"https:\/\/newgarden.es\/de\/shop\/moebel\/tische-und-couchtische\/itaca-light\/\"]}]},{\"@type\":\"ImageObject\",\"inLanguage\":\"de\",\"@id\":\"https:\/\/newgarden.es\/de\/shop\/moebel\/tische-und-couchtische\/itaca-light\/#primaryimage\",\"url\":\"https:\/\/newgarden.es\/wp-content\/uploads\/2019\/06\/MALLORCA_60_1200X1200-8-2.jpg\",\"contentUrl\":\"https:\/\/newgarden.es\/wp-content\/uploads\/2019\/06\/MALLORCA_60_1200X1200-8-2.jpg\",\"width\":1200,\"height\":1200},{\"@type\":\"BreadcrumbList\",\"@id\":\"https:\/\/newgarden.es\/de\/shop\/moebel\/tische-und-couchtische\/itaca-light\/#breadcrumb\",\"itemListElement\":[{\"@type\":\"ListItem\",\"position\":1,\"name\":\"Home\",\"item\":\"https:\/\/newgarden.es\/de\/\"},{\"@type\":\"ListItem\",\"position\":2,\"name\":\"Shop\",\"item\":\"https:\/\/newgarden.es\/de\/shop\/\"},{\"@type\":\"ListItem\",\"position\":3,\"name\":\"ITACA LIGHT\"}]},{\"@type\":\"WebSite\",\"@id\":\"https:\/\/newgarden.es\/#website\",\"url\":\"https:\/\/newgarden.es\/\",\"name\":\"Newgarden\",\"description\":\"Be happy\",\"potentialAction\":[{\"@type\":\"SearchAction\",\"target\":{\"@type\":\"EntryPoint\",\"urlTemplate\":\"https:\/\/newgarden.es\/?s={search_term_string}\"},\"query-input\":{\"@type\":\"PropertyValueSpecification\",\"valueRequired\":true,\"valueName\":\"search_term_string\"}}],\"inLanguage\":\"de\"}]}<\/script>\n<!-- \/ Yoast SEO plugin. -->","yoast_head_json":{"title":"ITACA, beleuchteten Tisch f\u00fcr den Au\u00dfenbereich und Garten mit Solar-Lade","description":"Tisch mit zentraler aus Polyethylen. Die Itaca Tabelle enth\u00e4lt ein kompaktes Holzbrett, das perfekt widersteht f\u00fcr den Au\u00dfeneinsatz Feuchtigkeit perfekt. Seine Stabilit\u00e4t ist aufgrund der Metallbasis die es tr\u00e4gt, garantiert. Ideal mit Mallorca und Menorca zu kombinieren","robots":{"index":"index","follow":"follow","max-snippet":"max-snippet:-1","max-image-preview":"max-image-preview:large","max-video-preview":"max-video-preview:-1"},"canonical":"https:\/\/newgarden.es\/de\/shop\/moebel\/tische-und-couchtische\/itaca-light\/","og_locale":"de_DE","og_type":"article","og_title":"ITACA, beleuchteten Tisch f\u00fcr den Au\u00dfenbereich und Garten mit Solar-Lade","og_description":"Tisch mit zentraler aus Polyethylen. Die Itaca Tabelle enth\u00e4lt ein kompaktes Holzbrett, das perfekt widersteht f\u00fcr den Au\u00dfeneinsatz Feuchtigkeit perfekt. Seine Stabilit\u00e4t ist aufgrund der Metallbasis die es tr\u00e4gt, garantiert. Ideal mit Mallorca und Menorca zu kombinieren","og_url":"https:\/\/newgarden.es\/de\/shop\/moebel\/tische-und-couchtische\/itaca-light\/","og_site_name":"Newgarden","article_modified_time":"2019-12-20T08:42:05+00:00","og_image":[{"width":1200,"height":1200,"url":"https:\/\/newgarden.es\/wp-content\/uploads\/2019\/06\/MALLORCA_60_1200X1200-8-2.jpg","type":"image\/jpeg"}],"twitter_card":"summary_large_image","twitter_misc":{"Gesch\u00e4tzte Lesezeit":"1\u00a0Minute"},"schema":{"@context":"https:\/\/schema.org","@graph":[{"@type":"WebPage","@id":"https:\/\/newgarden.es\/de\/shop\/moebel\/tische-und-couchtische\/itaca-light\/","url":"https:\/\/newgarden.es\/de\/shop\/moebel\/tische-und-couchtische\/itaca-light\/","name":"ITACA, beleuchteten Tisch f\u00fcr den Au\u00dfenbereich und Garten mit Solar-Lade","isPartOf":{"@id":"https:\/\/newgarden.es\/#website"},"primaryImageOfPage":{"@id":"https:\/\/newgarden.es\/de\/shop\/moebel\/tische-und-couchtische\/itaca-light\/#primaryimage"},"image":{"@id":"https:\/\/newgarden.es\/de\/shop\/moebel\/tische-und-couchtische\/itaca-light\/#primaryimage"},"thumbnailUrl":"https:\/\/newgarden.es\/wp-content\/uploads\/2019\/06\/MALLORCA_60_1200X1200-8-2.jpg","datePublished":"2019-10-30T10:39:41+00:00","dateModified":"2019-12-20T08:42:05+00:00","description":"Tisch mit zentraler aus Polyethylen. Die Itaca Tabelle enth\u00e4lt ein kompaktes Holzbrett, das perfekt widersteht f\u00fcr den Au\u00dfeneinsatz Feuchtigkeit perfekt. Seine Stabilit\u00e4t ist aufgrund der Metallbasis die es tr\u00e4gt, garantiert. Ideal mit Mallorca und Menorca zu kombinieren","breadcrumb":{"@id":"https:\/\/newgarden.es\/de\/shop\/moebel\/tische-und-couchtische\/itaca-light\/#breadcrumb"},"inLanguage":"de","potentialAction":[{"@type":"ReadAction","target":["https:\/\/newgarden.es\/de\/shop\/moebel\/tische-und-couchtische\/itaca-light\/"]}]},{"@type":"ImageObject","inLanguage":"de","@id":"https:\/\/newgarden.es\/de\/shop\/moebel\/tische-und-couchtische\/itaca-light\/#primaryimage","url":"https:\/\/newgarden.es\/wp-content\/uploads\/2019\/06\/MALLORCA_60_1200X1200-8-2.jpg","contentUrl":"https:\/\/newgarden.es\/wp-content\/uploads\/2019\/06\/MALLORCA_60_1200X1200-8-2.jpg","width":1200,"height":1200},{"@type":"BreadcrumbList","@id":"https:\/\/newgarden.es\/de\/shop\/moebel\/tische-und-couchtische\/itaca-light\/#breadcrumb","itemListElement":[{"@type":"ListItem","position":1,"name":"Home","item":"https:\/\/newgarden.es\/de\/"},{"@type":"ListItem","position":2,"name":"Shop","item":"https:\/\/newgarden.es\/de\/shop\/"},{"@type":"ListItem","position":3,"name":"ITACA LIGHT"}]},{"@type":"WebSite","@id":"https:\/\/newgarden.es\/#website","url":"https:\/\/newgarden.es\/","name":"Newgarden","description":"Be happy","potentialAction":[{"@type":"SearchAction","target":{"@type":"EntryPoint","urlTemplate":"https:\/\/newgarden.es\/?s={search_term_string}"},"query-input":{"@type":"PropertyValueSpecification","valueRequired":true,"valueName":"search_term_string"}}],"inLanguage":"de"}]}},"df_price":314,"df_sale_price":"","df_regular_price":314,"df_image_link":"https:\/\/newgarden.es\/wp-content\/uploads\/2019\/06\/MALLORCA_60_1200X1200-8-2-580x400.jpg","_links":{"self":[{"href":"https:\/\/newgarden.es\/de\/wp-json\/wp\/v2\/product\/19809"}],"collection":[{"href":"https:\/\/newgarden.es\/de\/wp-json\/wp\/v2\/product"}],"about":[{"href":"https:\/\/newgarden.es\/de\/wp-json\/wp\/v2\/types\/product"}],"wp:featuredmedia":[{"embeddable":true,"href":"https:\/\/newgarden.es\/de\/wp-json\/wp\/v2\/media\/64067"}],"wp:attachment":[{"href":"https:\/\/newgarden.es\/de\/wp-json\/wp\/v2\/media?parent=19809"}],"wp:term":[{"taxonomy":"product_cat","embeddable":true,"href":"https:\/\/newgarden.es\/de\/wp-json\/wp\/v2\/product_cat?post=19809"},{"taxonomy":"product_tag","embeddable":true,"href":"https:\/\/newgarden.es\/de\/wp-json\/wp\/v2\/product_tag?post=19809"}],"curies":[{"name":"wp","href":"https:\/\/api.w.org\/{rel}","templated":true}]}}