{"id":19844,"date":"2019-06-03T11:50:27","date_gmt":"2019-10-30T11:07:22","guid":{"rendered":"https:\/\/newgarden.es\/shop\/sin%20categor\u00eda\/martinica-light\/"},"modified":"2019-12-20T09:36:39","modified_gmt":"2019-12-20T08:36:39","slug":"martinica-light","status":"publish","type":"product","link":"https:\/\/newgarden.es\/de\/shop\/moebel\/tische-und-couchtische\/martinica-light\/","title":{"rendered":"MARTINICA LIGHT"},"content":{"rendered":"<section class=\"wpb-content-wrapper\"><p>[vc_row][vc_column el_class=&#8221;descripcion_producto&#8221;][vc_column_text]<\/p>\n<p style=\"text-align: justify\">* MARTINICA: Couchtisch, der Teil der NEW ISLAND-Kollektion ist. Seine polierten, abgerundeten Formen sind von der mediterranen Essenz inspiriert. Perfekt f\u00fcr jede Terrasse oder jeden Garten, mit der Zuverl\u00e4ssigkeit des Newgarden-Siegels. <em>Es ist in verschiedenen Farben und mit SOLAR Ladebeleuchtung erh\u00e4ltlich. <\/em><\/p>\n<p style=\"text-align: justify\"><em>Alle Newgarden-Produkte bestehen aus Polyethylen, sind also leicht und sehr widerstandsf\u00e4hig gegen extreme Temperaturen. Sie sind auch gegen UV-Strahlen gesch\u00fctzt, wodurch die Lebensdauer des Produkts au\u00dferordentlich lang ist. <\/em><\/p>\n<p>[\/vc_column_text][\/vc_column][\/vc_row][vc_row disable_element=&#8221;yes&#8221;][vc_column][vc_single_image image=&#8221;6566&#8243; img_size=&#8221;full&#8221;][\/vc_column][\/vc_row][vc_row][vc_column width=&#8221;1\/2&#8243;][vc_btn title=&#8221;Technisches Datenblatt&#8221; style=&#8221;custom&#8221; custom_background=&#8221;#009bc2&#8243; custom_text=&#8221;#ffffff&#8221; shape=&#8221;square&#8221; link=&#8221;url:https%3A%2F%2Fwww.newgarden.es%2Fwp-content%2Fuploads%2F2018%2F02%2FMartinica.pdf|target:%20_blank|&#8221; el_class=&#8221;btn_descargar_ficha&#8221;][\/vc_column][vc_column width=&#8221;1\/2&#8243;][vc_btn title=&#8221;BEDIENUNGSANLEITUNG&#8221; style=&#8221;custom&#8221; custom_background=&#8221;#009bc2&#8243; custom_text=&#8221;#ffffff&#8221; shape=&#8221;square&#8221; link=&#8221;url:https%3A%2F%2Fnewgarden.es%2Finstrucciones%2F||target:%20_blank|&#8221; el_class=&#8221;btn_descargar_ficha&#8221;][\/vc_column][\/vc_row]<\/p>\n<\/section>","protected":false},"excerpt":{"rendered":"<h1 style=\"font-size: 12px\">Martinica Licht- Gartentisch mit Solarladung<\/h1>\n","protected":false},"featured_media":64107,"template":"","meta":[],"product_cat":[772,794],"product_tag":[793,789],"class_list":{"0":"post-19844","1":"product","2":"type-product","3":"status-publish","4":"has-post-thumbnail","6":"product_cat-moebel","7":"product_cat-tische-und-couchtische","8":"product_tag-drahtlose","9":"product_tag-solar-de","11":"first","12":"instock","13":"taxable","14":"shipping-taxable","15":"purchasable","16":"product-type-variable"},"yoast_head":"<!-- This site is optimized with the Yoast SEO plugin v24.2 - https:\/\/yoast.com\/wordpress\/plugins\/seo\/ -->\n<title>MARTINICA niedriger Au\u00dfentisch Au\u00dfen Solarladung angez\u00fcndet.<\/title>\n<meta name=\"description\" content=\"MARTINICA ein niedriger Tisch durch die abgerundeten Linien des Mittelmeers in den Garten Ihres Hauses Business Hotels oder Bars Bereichen Chillen gestaltet. MARTINICA Tisch drau\u00dfen Solarbatterie ist mit oder ohne Beleuchtung Beleuchtung zur Verf\u00fcgung.\" \/>\n<meta name=\"robots\" content=\"index, follow, max-snippet:-1, max-image-preview:large, max-video-preview:-1\" \/>\n<link rel=\"canonical\" href=\"https:\/\/newgarden.es\/de\/shop\/moebel\/tische-und-couchtische\/martinica-light\/\" \/>\n<meta property=\"og:locale\" content=\"de_DE\" \/>\n<meta property=\"og:type\" content=\"article\" \/>\n<meta property=\"og:title\" content=\"MARTINICA niedriger Au\u00dfentisch Au\u00dfen Solarladung angez\u00fcndet.\" \/>\n<meta property=\"og:description\" content=\"MARTINICA ein niedriger Tisch durch die abgerundeten Linien des Mittelmeers in den Garten Ihres Hauses Business Hotels oder Bars Bereichen Chillen gestaltet. MARTINICA Tisch drau\u00dfen Solarbatterie ist mit oder ohne Beleuchtung Beleuchtung zur Verf\u00fcgung.\" \/>\n<meta property=\"og:url\" content=\"https:\/\/newgarden.es\/de\/shop\/moebel\/tische-und-couchtische\/martinica-light\/\" \/>\n<meta property=\"og:site_name\" content=\"Newgarden\" \/>\n<meta property=\"article:modified_time\" content=\"2019-12-20T08:36:39+00:00\" \/>\n<meta property=\"og:image\" content=\"https:\/\/newgarden.es\/wp-content\/uploads\/2019\/06\/MARTINICAc_NEWISLANDSET_1200X1200-3-1.jpg\" \/>\n\t<meta property=\"og:image:width\" content=\"1200\" \/>\n\t<meta property=\"og:image:height\" content=\"1200\" \/>\n\t<meta property=\"og:image:type\" content=\"image\/jpeg\" \/>\n<meta name=\"twitter:card\" content=\"summary_large_image\" \/>\n<meta name=\"twitter:label1\" content=\"Gesch\u00e4tzte Lesezeit\" \/>\n\t<meta name=\"twitter:data1\" content=\"1\u00a0Minute\" \/>\n<script type=\"application\/ld+json\" class=\"yoast-schema-graph\">{\"@context\":\"https:\/\/schema.org\",\"@graph\":[{\"@type\":\"WebPage\",\"@id\":\"https:\/\/newgarden.es\/de\/shop\/moebel\/tische-und-couchtische\/martinica-light\/\",\"url\":\"https:\/\/newgarden.es\/de\/shop\/moebel\/tische-und-couchtische\/martinica-light\/\",\"name\":\"MARTINICA niedriger Au\u00dfentisch Au\u00dfen Solarladung angez\u00fcndet.\",\"isPartOf\":{\"@id\":\"https:\/\/newgarden.es\/#website\"},\"primaryImageOfPage\":{\"@id\":\"https:\/\/newgarden.es\/de\/shop\/moebel\/tische-und-couchtische\/martinica-light\/#primaryimage\"},\"image\":{\"@id\":\"https:\/\/newgarden.es\/de\/shop\/moebel\/tische-und-couchtische\/martinica-light\/#primaryimage\"},\"thumbnailUrl\":\"https:\/\/newgarden.es\/wp-content\/uploads\/2019\/06\/MARTINICAc_NEWISLANDSET_1200X1200-3-1.jpg\",\"datePublished\":\"2019-10-30T11:07:22+00:00\",\"dateModified\":\"2019-12-20T08:36:39+00:00\",\"description\":\"MARTINICA ein niedriger Tisch durch die abgerundeten Linien des Mittelmeers in den Garten Ihres Hauses Business Hotels oder Bars Bereichen Chillen gestaltet. MARTINICA Tisch drau\u00dfen Solarbatterie ist mit oder ohne Beleuchtung Beleuchtung zur Verf\u00fcgung.\",\"breadcrumb\":{\"@id\":\"https:\/\/newgarden.es\/de\/shop\/moebel\/tische-und-couchtische\/martinica-light\/#breadcrumb\"},\"inLanguage\":\"de\",\"potentialAction\":[{\"@type\":\"ReadAction\",\"target\":[\"https:\/\/newgarden.es\/de\/shop\/moebel\/tische-und-couchtische\/martinica-light\/\"]}]},{\"@type\":\"ImageObject\",\"inLanguage\":\"de\",\"@id\":\"https:\/\/newgarden.es\/de\/shop\/moebel\/tische-und-couchtische\/martinica-light\/#primaryimage\",\"url\":\"https:\/\/newgarden.es\/wp-content\/uploads\/2019\/06\/MARTINICAc_NEWISLANDSET_1200X1200-3-1.jpg\",\"contentUrl\":\"https:\/\/newgarden.es\/wp-content\/uploads\/2019\/06\/MARTINICAc_NEWISLANDSET_1200X1200-3-1.jpg\",\"width\":1200,\"height\":1200},{\"@type\":\"BreadcrumbList\",\"@id\":\"https:\/\/newgarden.es\/de\/shop\/moebel\/tische-und-couchtische\/martinica-light\/#breadcrumb\",\"itemListElement\":[{\"@type\":\"ListItem\",\"position\":1,\"name\":\"Home\",\"item\":\"https:\/\/newgarden.es\/de\/\"},{\"@type\":\"ListItem\",\"position\":2,\"name\":\"Shop\",\"item\":\"https:\/\/newgarden.es\/de\/shop\/\"},{\"@type\":\"ListItem\",\"position\":3,\"name\":\"MARTINICA LIGHT\"}]},{\"@type\":\"WebSite\",\"@id\":\"https:\/\/newgarden.es\/#website\",\"url\":\"https:\/\/newgarden.es\/\",\"name\":\"Newgarden\",\"description\":\"Be happy\",\"potentialAction\":[{\"@type\":\"SearchAction\",\"target\":{\"@type\":\"EntryPoint\",\"urlTemplate\":\"https:\/\/newgarden.es\/?s={search_term_string}\"},\"query-input\":{\"@type\":\"PropertyValueSpecification\",\"valueRequired\":true,\"valueName\":\"search_term_string\"}}],\"inLanguage\":\"de\"}]}<\/script>\n<!-- \/ Yoast SEO plugin. -->","yoast_head_json":{"title":"MARTINICA niedriger Au\u00dfentisch Au\u00dfen Solarladung angez\u00fcndet.","description":"MARTINICA ein niedriger Tisch durch die abgerundeten Linien des Mittelmeers in den Garten Ihres Hauses Business Hotels oder Bars Bereichen Chillen gestaltet. MARTINICA Tisch drau\u00dfen Solarbatterie ist mit oder ohne Beleuchtung Beleuchtung zur Verf\u00fcgung.","robots":{"index":"index","follow":"follow","max-snippet":"max-snippet:-1","max-image-preview":"max-image-preview:large","max-video-preview":"max-video-preview:-1"},"canonical":"https:\/\/newgarden.es\/de\/shop\/moebel\/tische-und-couchtische\/martinica-light\/","og_locale":"de_DE","og_type":"article","og_title":"MARTINICA niedriger Au\u00dfentisch Au\u00dfen Solarladung angez\u00fcndet.","og_description":"MARTINICA ein niedriger Tisch durch die abgerundeten Linien des Mittelmeers in den Garten Ihres Hauses Business Hotels oder Bars Bereichen Chillen gestaltet. MARTINICA Tisch drau\u00dfen Solarbatterie ist mit oder ohne Beleuchtung Beleuchtung zur Verf\u00fcgung.","og_url":"https:\/\/newgarden.es\/de\/shop\/moebel\/tische-und-couchtische\/martinica-light\/","og_site_name":"Newgarden","article_modified_time":"2019-12-20T08:36:39+00:00","og_image":[{"width":1200,"height":1200,"url":"https:\/\/newgarden.es\/wp-content\/uploads\/2019\/06\/MARTINICAc_NEWISLANDSET_1200X1200-3-1.jpg","type":"image\/jpeg"}],"twitter_card":"summary_large_image","twitter_misc":{"Gesch\u00e4tzte Lesezeit":"1\u00a0Minute"},"schema":{"@context":"https:\/\/schema.org","@graph":[{"@type":"WebPage","@id":"https:\/\/newgarden.es\/de\/shop\/moebel\/tische-und-couchtische\/martinica-light\/","url":"https:\/\/newgarden.es\/de\/shop\/moebel\/tische-und-couchtische\/martinica-light\/","name":"MARTINICA niedriger Au\u00dfentisch Au\u00dfen Solarladung angez\u00fcndet.","isPartOf":{"@id":"https:\/\/newgarden.es\/#website"},"primaryImageOfPage":{"@id":"https:\/\/newgarden.es\/de\/shop\/moebel\/tische-und-couchtische\/martinica-light\/#primaryimage"},"image":{"@id":"https:\/\/newgarden.es\/de\/shop\/moebel\/tische-und-couchtische\/martinica-light\/#primaryimage"},"thumbnailUrl":"https:\/\/newgarden.es\/wp-content\/uploads\/2019\/06\/MARTINICAc_NEWISLANDSET_1200X1200-3-1.jpg","datePublished":"2019-10-30T11:07:22+00:00","dateModified":"2019-12-20T08:36:39+00:00","description":"MARTINICA ein niedriger Tisch durch die abgerundeten Linien des Mittelmeers in den Garten Ihres Hauses Business Hotels oder Bars Bereichen Chillen gestaltet. MARTINICA Tisch drau\u00dfen Solarbatterie ist mit oder ohne Beleuchtung Beleuchtung zur Verf\u00fcgung.","breadcrumb":{"@id":"https:\/\/newgarden.es\/de\/shop\/moebel\/tische-und-couchtische\/martinica-light\/#breadcrumb"},"inLanguage":"de","potentialAction":[{"@type":"ReadAction","target":["https:\/\/newgarden.es\/de\/shop\/moebel\/tische-und-couchtische\/martinica-light\/"]}]},{"@type":"ImageObject","inLanguage":"de","@id":"https:\/\/newgarden.es\/de\/shop\/moebel\/tische-und-couchtische\/martinica-light\/#primaryimage","url":"https:\/\/newgarden.es\/wp-content\/uploads\/2019\/06\/MARTINICAc_NEWISLANDSET_1200X1200-3-1.jpg","contentUrl":"https:\/\/newgarden.es\/wp-content\/uploads\/2019\/06\/MARTINICAc_NEWISLANDSET_1200X1200-3-1.jpg","width":1200,"height":1200},{"@type":"BreadcrumbList","@id":"https:\/\/newgarden.es\/de\/shop\/moebel\/tische-und-couchtische\/martinica-light\/#breadcrumb","itemListElement":[{"@type":"ListItem","position":1,"name":"Home","item":"https:\/\/newgarden.es\/de\/"},{"@type":"ListItem","position":2,"name":"Shop","item":"https:\/\/newgarden.es\/de\/shop\/"},{"@type":"ListItem","position":3,"name":"MARTINICA LIGHT"}]},{"@type":"WebSite","@id":"https:\/\/newgarden.es\/#website","url":"https:\/\/newgarden.es\/","name":"Newgarden","description":"Be happy","potentialAction":[{"@type":"SearchAction","target":{"@type":"EntryPoint","urlTemplate":"https:\/\/newgarden.es\/?s={search_term_string}"},"query-input":{"@type":"PropertyValueSpecification","valueRequired":true,"valueName":"search_term_string"}}],"inLanguage":"de"}]}},"df_price":270.5,"df_sale_price":"","df_regular_price":270.5,"df_image_link":"https:\/\/newgarden.es\/wp-content\/uploads\/2019\/06\/MARTINICAc_NEWISLANDSET_1200X1200-3-1-580x400.jpg","_links":{"self":[{"href":"https:\/\/newgarden.es\/de\/wp-json\/wp\/v2\/product\/19844"}],"collection":[{"href":"https:\/\/newgarden.es\/de\/wp-json\/wp\/v2\/product"}],"about":[{"href":"https:\/\/newgarden.es\/de\/wp-json\/wp\/v2\/types\/product"}],"wp:featuredmedia":[{"embeddable":true,"href":"https:\/\/newgarden.es\/de\/wp-json\/wp\/v2\/media\/64107"}],"wp:attachment":[{"href":"https:\/\/newgarden.es\/de\/wp-json\/wp\/v2\/media?parent=19844"}],"wp:term":[{"taxonomy":"product_cat","embeddable":true,"href":"https:\/\/newgarden.es\/de\/wp-json\/wp\/v2\/product_cat?post=19844"},{"taxonomy":"product_tag","embeddable":true,"href":"https:\/\/newgarden.es\/de\/wp-json\/wp\/v2\/product_tag?post=19844"}],"curies":[{"name":"wp","href":"https:\/\/api.w.org\/{rel}","templated":true}]}}