{"id":19891,"date":"2019-06-03T11:48:49","date_gmt":"2019-10-30T11:48:22","guid":{"rendered":"https:\/\/newgarden.es\/shop\/unkategorisiert\/menorca-bench-light\/"},"modified":"2019-12-20T09:56:19","modified_gmt":"2019-12-20T08:56:19","slug":"menorca-bench-luz-2","status":"publish","type":"product","link":"https:\/\/newgarden.es\/de\/shop\/moebel\/sitzgelegenheiten\/menorca-bench-luz-2\/","title":{"rendered":"MENORCA BENCH LIGHT"},"content":{"rendered":"<section class=\"wpb-content-wrapper\"><p>[vc_row][vc_column el_class=&#8220;descripcion_producto&#8220;][vc_column_text]<\/p>\n<p style=\"text-align: justify\">*MENORCA: Bequemes Zweisitziger-Sofa, das darauf ausgerichtet ist, Teil der MALLORCA und CAPRI Sets zu sein. Robust und leicht, hat es die perfekte Balance zwischen Qualit\u00e4t und Design. Sie k\u00f6nnen es in zwei verschiedenen R\u00fcckenlehne-H\u00f6hen finden: BANK und SOFA. <em>Es ist in verschiedenen Farben und Ausf\u00fchrungen erh\u00e4ltlich. Mit dem SOLAR-Finish k\u00f6nnen Sie die Verwendung von Kabeln vergessen. <\/em><\/p>\n<p style=\"text-align: justify\"><em>Alle Newgarden-Produkte bestehen aus Polyethylen, sind also leicht und sehr widerstandsf\u00e4hig gegen extreme Temperaturen. Sie sind auch gegen UV-Strahlen gesch\u00fctzt, wodurch die Lebensdauer des Produkts au\u00dferordentlich lang ist. <\/em><\/p>\n<p>[\/vc_column_text][\/vc_column][\/vc_row][vc_row disable_element=&#8220;yes&#8220;][vc_column][vc_single_image image=&#8220;6566&#8243; img_size=&#8220;full&#8220;][\/vc_column][\/vc_row][vc_row][vc_column width=&#8220;1\/2&#8243;][vc_btn title=&#8220;Technisches Datenblatt&#8220; style=&#8220;custom&#8220; custom_background=&#8220;#009bc2&#8243; custom_text=&#8220;#ffffff&#8220; shape=&#8220;square&#8220; link=&#8220;url:https%3A%2F%2Fwww.newgarden.es%2Fwp-content%2Fuploads%2F2018%2F05%2FMenorca-Bench.pdf.pdf|target:%20_blank|&#8220; el_class=&#8220;btn_descargar_ficha&#8220;][\/vc_column][vc_column width=&#8220;1\/2&#8243;][vc_btn title=&#8220;BEDIENUNGSANLEITUNG&#8220; style=&#8220;custom&#8220; custom_background=&#8220;#009bc2&#8243; custom_text=&#8220;#ffffff&#8220; shape=&#8220;square&#8220; link=&#8220;url:https%3A%2F%2Fnewgarden.es%2Finstrucciones%2F||target:%20_blank|&#8220; el_class=&#8220;btn_descargar_ficha&#8220;][\/vc_column][\/vc_row]<\/p>\n<\/section>","protected":false},"excerpt":{"rendered":"<h1 style=\"font-size: 12px\">Bench Menorca Sofa Outdoor-Design und G\u00e4rten<\/h1>\n","protected":false},"featured_media":19894,"template":"","meta":[],"product_cat":[772,773],"product_tag":[793,765,789],"class_list":{"0":"post-19891","1":"product","2":"type-product","3":"status-publish","4":"has-post-thumbnail","6":"product_cat-moebel","7":"product_cat-sitzgelegenheiten","8":"product_tag-drahtlose","9":"product_tag-kabel","10":"product_tag-solar-de","12":"first","13":"instock","14":"taxable","15":"shipping-taxable","16":"purchasable","17":"product-type-variable"},"yoast_head":"<!-- This site is optimized with the Yoast SEO plugin v24.2 - https:\/\/yoast.com\/wordpress\/plugins\/seo\/ -->\n<title>Menorca Bench- Design Outdoor- Gartenliegebank<\/title>\n<meta name=\"description\" content=\"Bench Menorca Sofa Sofa ist ideal f\u00fcr den Au\u00dfenbereich Fl\u00e4chen und G\u00e4rten entspannen. Robust und leicht, hat es die perfekte Balance zwischen Qualit\u00e4t und Design. Sie k\u00f6nnen zwei verschiedene H\u00f6hen Backup finden. Es ist in verschiedenen Farben und Ausf\u00fchrungen erh\u00e4ltlich.\" \/>\n<meta name=\"robots\" content=\"index, follow, max-snippet:-1, max-image-preview:large, max-video-preview:-1\" \/>\n<link rel=\"canonical\" href=\"https:\/\/newgarden.es\/de\/shop\/moebel\/sitzgelegenheiten\/menorca-bench-luz-2\/\" \/>\n<meta property=\"og:locale\" content=\"de_DE\" \/>\n<meta property=\"og:type\" content=\"article\" \/>\n<meta property=\"og:title\" content=\"Menorca Bench- Design Outdoor- Gartenliegebank\" \/>\n<meta property=\"og:description\" content=\"Bench Menorca Sofa Sofa ist ideal f\u00fcr den Au\u00dfenbereich Fl\u00e4chen und G\u00e4rten entspannen. Robust und leicht, hat es die perfekte Balance zwischen Qualit\u00e4t und Design. Sie k\u00f6nnen zwei verschiedene H\u00f6hen Backup finden. Es ist in verschiedenen Farben und Ausf\u00fchrungen erh\u00e4ltlich.\" \/>\n<meta property=\"og:url\" content=\"https:\/\/newgarden.es\/de\/shop\/moebel\/sitzgelegenheiten\/menorca-bench-luz-2\/\" \/>\n<meta property=\"og:site_name\" content=\"Newgarden\" \/>\n<meta property=\"article:modified_time\" content=\"2019-12-20T08:56:19+00:00\" \/>\n<meta property=\"og:image\" content=\"https:\/\/newgarden.es\/wp-content\/uploads\/2019\/06\/becnh.png\" \/>\n\t<meta property=\"og:image:width\" content=\"800\" \/>\n\t<meta property=\"og:image:height\" content=\"610\" \/>\n\t<meta property=\"og:image:type\" content=\"image\/png\" \/>\n<meta name=\"twitter:card\" content=\"summary_large_image\" \/>\n<meta name=\"twitter:label1\" content=\"Gesch\u00e4tzte Lesezeit\" \/>\n\t<meta name=\"twitter:data1\" content=\"1\u00a0Minute\" \/>\n<script type=\"application\/ld+json\" class=\"yoast-schema-graph\">{\"@context\":\"https:\/\/schema.org\",\"@graph\":[{\"@type\":\"WebPage\",\"@id\":\"https:\/\/newgarden.es\/de\/shop\/moebel\/sitzgelegenheiten\/menorca-bench-luz-2\/\",\"url\":\"https:\/\/newgarden.es\/de\/shop\/moebel\/sitzgelegenheiten\/menorca-bench-luz-2\/\",\"name\":\"Menorca Bench- Design Outdoor- Gartenliegebank\",\"isPartOf\":{\"@id\":\"https:\/\/newgarden.es\/#website\"},\"primaryImageOfPage\":{\"@id\":\"https:\/\/newgarden.es\/de\/shop\/moebel\/sitzgelegenheiten\/menorca-bench-luz-2\/#primaryimage\"},\"image\":{\"@id\":\"https:\/\/newgarden.es\/de\/shop\/moebel\/sitzgelegenheiten\/menorca-bench-luz-2\/#primaryimage\"},\"thumbnailUrl\":\"https:\/\/newgarden.es\/wp-content\/uploads\/2019\/06\/becnh.png\",\"datePublished\":\"2019-10-30T11:48:22+00:00\",\"dateModified\":\"2019-12-20T08:56:19+00:00\",\"description\":\"Bench Menorca Sofa Sofa ist ideal f\u00fcr den Au\u00dfenbereich Fl\u00e4chen und G\u00e4rten entspannen. Robust und leicht, hat es die perfekte Balance zwischen Qualit\u00e4t und Design. Sie k\u00f6nnen zwei verschiedene H\u00f6hen Backup finden. Es ist in verschiedenen Farben und Ausf\u00fchrungen erh\u00e4ltlich.\",\"breadcrumb\":{\"@id\":\"https:\/\/newgarden.es\/de\/shop\/moebel\/sitzgelegenheiten\/menorca-bench-luz-2\/#breadcrumb\"},\"inLanguage\":\"de\",\"potentialAction\":[{\"@type\":\"ReadAction\",\"target\":[\"https:\/\/newgarden.es\/de\/shop\/moebel\/sitzgelegenheiten\/menorca-bench-luz-2\/\"]}]},{\"@type\":\"ImageObject\",\"inLanguage\":\"de\",\"@id\":\"https:\/\/newgarden.es\/de\/shop\/moebel\/sitzgelegenheiten\/menorca-bench-luz-2\/#primaryimage\",\"url\":\"https:\/\/newgarden.es\/wp-content\/uploads\/2019\/06\/becnh.png\",\"contentUrl\":\"https:\/\/newgarden.es\/wp-content\/uploads\/2019\/06\/becnh.png\",\"width\":800,\"height\":610,\"caption\":\"becnh\"},{\"@type\":\"BreadcrumbList\",\"@id\":\"https:\/\/newgarden.es\/de\/shop\/moebel\/sitzgelegenheiten\/menorca-bench-luz-2\/#breadcrumb\",\"itemListElement\":[{\"@type\":\"ListItem\",\"position\":1,\"name\":\"Home\",\"item\":\"https:\/\/newgarden.es\/de\/\"},{\"@type\":\"ListItem\",\"position\":2,\"name\":\"Shop\",\"item\":\"https:\/\/newgarden.es\/de\/shop\/\"},{\"@type\":\"ListItem\",\"position\":3,\"name\":\"MENORCA BENCH LIGHT\"}]},{\"@type\":\"WebSite\",\"@id\":\"https:\/\/newgarden.es\/#website\",\"url\":\"https:\/\/newgarden.es\/\",\"name\":\"Newgarden\",\"description\":\"Be happy\",\"potentialAction\":[{\"@type\":\"SearchAction\",\"target\":{\"@type\":\"EntryPoint\",\"urlTemplate\":\"https:\/\/newgarden.es\/?s={search_term_string}\"},\"query-input\":{\"@type\":\"PropertyValueSpecification\",\"valueRequired\":true,\"valueName\":\"search_term_string\"}}],\"inLanguage\":\"de\"}]}<\/script>\n<!-- \/ Yoast SEO plugin. -->","yoast_head_json":{"title":"Menorca Bench- Design Outdoor- Gartenliegebank","description":"Bench Menorca Sofa Sofa ist ideal f\u00fcr den Au\u00dfenbereich Fl\u00e4chen und G\u00e4rten entspannen. Robust und leicht, hat es die perfekte Balance zwischen Qualit\u00e4t und Design. Sie k\u00f6nnen zwei verschiedene H\u00f6hen Backup finden. Es ist in verschiedenen Farben und Ausf\u00fchrungen erh\u00e4ltlich.","robots":{"index":"index","follow":"follow","max-snippet":"max-snippet:-1","max-image-preview":"max-image-preview:large","max-video-preview":"max-video-preview:-1"},"canonical":"https:\/\/newgarden.es\/de\/shop\/moebel\/sitzgelegenheiten\/menorca-bench-luz-2\/","og_locale":"de_DE","og_type":"article","og_title":"Menorca Bench- Design Outdoor- Gartenliegebank","og_description":"Bench Menorca Sofa Sofa ist ideal f\u00fcr den Au\u00dfenbereich Fl\u00e4chen und G\u00e4rten entspannen. Robust und leicht, hat es die perfekte Balance zwischen Qualit\u00e4t und Design. Sie k\u00f6nnen zwei verschiedene H\u00f6hen Backup finden. Es ist in verschiedenen Farben und Ausf\u00fchrungen erh\u00e4ltlich.","og_url":"https:\/\/newgarden.es\/de\/shop\/moebel\/sitzgelegenheiten\/menorca-bench-luz-2\/","og_site_name":"Newgarden","article_modified_time":"2019-12-20T08:56:19+00:00","og_image":[{"width":800,"height":610,"url":"https:\/\/newgarden.es\/wp-content\/uploads\/2019\/06\/becnh.png","type":"image\/png"}],"twitter_card":"summary_large_image","twitter_misc":{"Gesch\u00e4tzte Lesezeit":"1\u00a0Minute"},"schema":{"@context":"https:\/\/schema.org","@graph":[{"@type":"WebPage","@id":"https:\/\/newgarden.es\/de\/shop\/moebel\/sitzgelegenheiten\/menorca-bench-luz-2\/","url":"https:\/\/newgarden.es\/de\/shop\/moebel\/sitzgelegenheiten\/menorca-bench-luz-2\/","name":"Menorca Bench- Design Outdoor- Gartenliegebank","isPartOf":{"@id":"https:\/\/newgarden.es\/#website"},"primaryImageOfPage":{"@id":"https:\/\/newgarden.es\/de\/shop\/moebel\/sitzgelegenheiten\/menorca-bench-luz-2\/#primaryimage"},"image":{"@id":"https:\/\/newgarden.es\/de\/shop\/moebel\/sitzgelegenheiten\/menorca-bench-luz-2\/#primaryimage"},"thumbnailUrl":"https:\/\/newgarden.es\/wp-content\/uploads\/2019\/06\/becnh.png","datePublished":"2019-10-30T11:48:22+00:00","dateModified":"2019-12-20T08:56:19+00:00","description":"Bench Menorca Sofa Sofa ist ideal f\u00fcr den Au\u00dfenbereich Fl\u00e4chen und G\u00e4rten entspannen. Robust und leicht, hat es die perfekte Balance zwischen Qualit\u00e4t und Design. Sie k\u00f6nnen zwei verschiedene H\u00f6hen Backup finden. Es ist in verschiedenen Farben und Ausf\u00fchrungen erh\u00e4ltlich.","breadcrumb":{"@id":"https:\/\/newgarden.es\/de\/shop\/moebel\/sitzgelegenheiten\/menorca-bench-luz-2\/#breadcrumb"},"inLanguage":"de","potentialAction":[{"@type":"ReadAction","target":["https:\/\/newgarden.es\/de\/shop\/moebel\/sitzgelegenheiten\/menorca-bench-luz-2\/"]}]},{"@type":"ImageObject","inLanguage":"de","@id":"https:\/\/newgarden.es\/de\/shop\/moebel\/sitzgelegenheiten\/menorca-bench-luz-2\/#primaryimage","url":"https:\/\/newgarden.es\/wp-content\/uploads\/2019\/06\/becnh.png","contentUrl":"https:\/\/newgarden.es\/wp-content\/uploads\/2019\/06\/becnh.png","width":800,"height":610,"caption":"becnh"},{"@type":"BreadcrumbList","@id":"https:\/\/newgarden.es\/de\/shop\/moebel\/sitzgelegenheiten\/menorca-bench-luz-2\/#breadcrumb","itemListElement":[{"@type":"ListItem","position":1,"name":"Home","item":"https:\/\/newgarden.es\/de\/"},{"@type":"ListItem","position":2,"name":"Shop","item":"https:\/\/newgarden.es\/de\/shop\/"},{"@type":"ListItem","position":3,"name":"MENORCA BENCH LIGHT"}]},{"@type":"WebSite","@id":"https:\/\/newgarden.es\/#website","url":"https:\/\/newgarden.es\/","name":"Newgarden","description":"Be happy","potentialAction":[{"@type":"SearchAction","target":{"@type":"EntryPoint","urlTemplate":"https:\/\/newgarden.es\/?s={search_term_string}"},"query-input":{"@type":"PropertyValueSpecification","valueRequired":true,"valueName":"search_term_string"}}],"inLanguage":"de"}]}},"df_price":350,"df_sale_price":"","df_regular_price":350,"df_image_link":"https:\/\/newgarden.es\/wp-content\/uploads\/2019\/06\/becnh.png","_links":{"self":[{"href":"https:\/\/newgarden.es\/de\/wp-json\/wp\/v2\/product\/19891"}],"collection":[{"href":"https:\/\/newgarden.es\/de\/wp-json\/wp\/v2\/product"}],"about":[{"href":"https:\/\/newgarden.es\/de\/wp-json\/wp\/v2\/types\/product"}],"wp:featuredmedia":[{"embeddable":true,"href":"https:\/\/newgarden.es\/de\/wp-json\/wp\/v2\/media\/19894"}],"wp:attachment":[{"href":"https:\/\/newgarden.es\/de\/wp-json\/wp\/v2\/media?parent=19891"}],"wp:term":[{"taxonomy":"product_cat","embeddable":true,"href":"https:\/\/newgarden.es\/de\/wp-json\/wp\/v2\/product_cat?post=19891"},{"taxonomy":"product_tag","embeddable":true,"href":"https:\/\/newgarden.es\/de\/wp-json\/wp\/v2\/product_tag?post=19891"}],"curies":[{"name":"wp","href":"https:\/\/api.w.org\/{rel}","templated":true}]}}