{"id":19930,"date":"2019-06-03T11:44:59","date_gmt":"2019-10-30T12:08:25","guid":{"rendered":"https:\/\/newgarden.es\/shop\/sin%20categor\u00eda\/corfu-74-light\/"},"modified":"2019-12-20T10:09:14","modified_gmt":"2019-12-20T09:09:14","slug":"corfu-74-light","status":"publish","type":"product","link":"https:\/\/newgarden.es\/de\/shop\/moebel\/sitzgelegenheiten\/corfu-74-light\/","title":{"rendered":"CORFU 74 LIGHT"},"content":{"rendered":"<section class=\"wpb-content-wrapper\"><p>[vc_row][vc_column el_class=&#8221;descripcion_producto&#8221;][vc_column_text]<\/p>\n<p style=\"text-align: justify\">*<em>CORFU: Bequemer Hocker, der so orientiert ist, dass er Teil des Barsets mit CAPRI oder den Bars CRETA und IBIZA ist. Robust und leicht, hat es die perfekte Balance zwischen Qualit\u00e4t und Design. Sie k\u00f6nnen es in 2 verschiedenen H\u00f6hen finden<\/em><\/p>\n<p style=\"text-align: justify\"><em>Alle Newgarden-Produkte bestehen aus Polyethylen, sind also leicht und sehr widerstandsf\u00e4hig gegen extreme Temperaturen. Sie sind auch gegen UV-Strahlen gesch\u00fctzt, wodurch die Lebensdauer des Produkts au\u00dferordentlich lang ist. <\/em><\/p>\n<p>[\/vc_column_text][\/vc_column][\/vc_row][vc_row disable_element=&#8221;yes&#8221;][vc_column][vc_single_image image=&#8221;6566&#8243; img_size=&#8221;full&#8221;][\/vc_column][\/vc_row][vc_row][vc_column width=&#8221;1\/2&#8243;][vc_btn title=&#8221;Technisches Datenblatt&#8221; style=&#8221;custom&#8221; custom_background=&#8221;#009bc2&#8243; custom_text=&#8221;#ffffff&#8221; shape=&#8221;square&#8221; link=&#8221;url:https%3A%2F%2Fwww.newgarden.es%2Fwp-content%2Fuploads%2F2018%2F02%2FCorfu-1.pdf|target:%20_blank|&#8221; el_class=&#8221;btn_descargar_ficha&#8221;][\/vc_column][vc_column width=&#8221;1\/2&#8243;][vc_btn title=&#8221;BEDIENUNGSANLEITUNG&#8221; style=&#8221;custom&#8221; custom_background=&#8221;#009bc2&#8243; custom_text=&#8221;#ffffff&#8221; shape=&#8221;square&#8221; link=&#8221;target:%20_blank|&#8221; el_class=&#8221;btn_descargar_ficha&#8221;][\/vc_column][\/vc_row]<\/p>\n<\/section>","protected":false},"excerpt":{"rendered":"<h1 style=\"font-size: 12px\">Au\u00dfenhocker mit Solarbeleuchtung<\/h1>\n","protected":false},"featured_media":63527,"template":"","meta":[],"product_cat":[772,773],"product_tag":[793,789],"class_list":{"0":"post-19930","1":"product","2":"type-product","3":"status-publish","4":"has-post-thumbnail","6":"product_cat-moebel","7":"product_cat-sitzgelegenheiten","8":"product_tag-drahtlose","9":"product_tag-solar-de","11":"first","12":"instock","13":"taxable","14":"shipping-taxable","15":"purchasable","16":"product-type-variable"},"yoast_head":"<!-- This site is optimized with the Yoast SEO plugin v24.2 - https:\/\/yoast.com\/wordpress\/plugins\/seo\/ -->\n<title>CORFU Hocker Au\u00dfen mit Solar-Gartenbeleuchtung<\/title>\n<meta name=\"description\" content=\"Der Stuhl au\u00dferhalb Korfu ist ideal als Sitzplatz im Garten und perfekt f\u00fcr jeden Platz im Freien. Corfu ist robust und leicht hat die perfekte Balance von Qualit\u00e4t und Design. Verf\u00fcgbar mit Smarttech Solar Charge Lighting\" \/>\n<meta name=\"robots\" content=\"index, follow, max-snippet:-1, max-image-preview:large, max-video-preview:-1\" \/>\n<link rel=\"canonical\" href=\"https:\/\/newgarden.es\/de\/shop\/moebel\/sitzgelegenheiten\/corfu-74-light\/\" \/>\n<meta property=\"og:locale\" content=\"de_DE\" \/>\n<meta property=\"og:type\" content=\"article\" \/>\n<meta property=\"og:title\" content=\"CORFU Hocker Au\u00dfen mit Solar-Gartenbeleuchtung\" \/>\n<meta property=\"og:description\" content=\"Der Stuhl au\u00dferhalb Korfu ist ideal als Sitzplatz im Garten und perfekt f\u00fcr jeden Platz im Freien. Corfu ist robust und leicht hat die perfekte Balance von Qualit\u00e4t und Design. Verf\u00fcgbar mit Smarttech Solar Charge Lighting\" \/>\n<meta property=\"og:url\" content=\"https:\/\/newgarden.es\/de\/shop\/moebel\/sitzgelegenheiten\/corfu-74-light\/\" \/>\n<meta property=\"og:site_name\" content=\"Newgarden\" \/>\n<meta property=\"article:modified_time\" content=\"2019-12-20T09:09:14+00:00\" \/>\n<meta property=\"og:image\" content=\"https:\/\/newgarden.es\/wp-content\/uploads\/2019\/06\/CORFU_74_SOLAR_OPACO_1200X1200-11-1.jpg\" \/>\n\t<meta property=\"og:image:width\" content=\"1200\" \/>\n\t<meta property=\"og:image:height\" content=\"1200\" \/>\n\t<meta property=\"og:image:type\" content=\"image\/jpeg\" \/>\n<meta name=\"twitter:card\" content=\"summary_large_image\" \/>\n<meta name=\"twitter:label1\" content=\"Gesch\u00e4tzte Lesezeit\" \/>\n\t<meta name=\"twitter:data1\" content=\"1\u00a0Minute\" \/>\n<script type=\"application\/ld+json\" class=\"yoast-schema-graph\">{\"@context\":\"https:\/\/schema.org\",\"@graph\":[{\"@type\":\"WebPage\",\"@id\":\"https:\/\/newgarden.es\/de\/shop\/moebel\/sitzgelegenheiten\/corfu-74-light\/\",\"url\":\"https:\/\/newgarden.es\/de\/shop\/moebel\/sitzgelegenheiten\/corfu-74-light\/\",\"name\":\"CORFU Hocker Au\u00dfen mit Solar-Gartenbeleuchtung\",\"isPartOf\":{\"@id\":\"https:\/\/newgarden.es\/#website\"},\"primaryImageOfPage\":{\"@id\":\"https:\/\/newgarden.es\/de\/shop\/moebel\/sitzgelegenheiten\/corfu-74-light\/#primaryimage\"},\"image\":{\"@id\":\"https:\/\/newgarden.es\/de\/shop\/moebel\/sitzgelegenheiten\/corfu-74-light\/#primaryimage\"},\"thumbnailUrl\":\"https:\/\/newgarden.es\/wp-content\/uploads\/2019\/06\/CORFU_74_SOLAR_OPACO_1200X1200-11-1.jpg\",\"datePublished\":\"2019-10-30T12:08:25+00:00\",\"dateModified\":\"2019-12-20T09:09:14+00:00\",\"description\":\"Der Stuhl au\u00dferhalb Korfu ist ideal als Sitzplatz im Garten und perfekt f\u00fcr jeden Platz im Freien. Corfu ist robust und leicht hat die perfekte Balance von Qualit\u00e4t und Design. Verf\u00fcgbar mit Smarttech Solar Charge Lighting\",\"breadcrumb\":{\"@id\":\"https:\/\/newgarden.es\/de\/shop\/moebel\/sitzgelegenheiten\/corfu-74-light\/#breadcrumb\"},\"inLanguage\":\"de\",\"potentialAction\":[{\"@type\":\"ReadAction\",\"target\":[\"https:\/\/newgarden.es\/de\/shop\/moebel\/sitzgelegenheiten\/corfu-74-light\/\"]}]},{\"@type\":\"ImageObject\",\"inLanguage\":\"de\",\"@id\":\"https:\/\/newgarden.es\/de\/shop\/moebel\/sitzgelegenheiten\/corfu-74-light\/#primaryimage\",\"url\":\"https:\/\/newgarden.es\/wp-content\/uploads\/2019\/06\/CORFU_74_SOLAR_OPACO_1200X1200-11-1.jpg\",\"contentUrl\":\"https:\/\/newgarden.es\/wp-content\/uploads\/2019\/06\/CORFU_74_SOLAR_OPACO_1200X1200-11-1.jpg\",\"width\":1200,\"height\":1200},{\"@type\":\"BreadcrumbList\",\"@id\":\"https:\/\/newgarden.es\/de\/shop\/moebel\/sitzgelegenheiten\/corfu-74-light\/#breadcrumb\",\"itemListElement\":[{\"@type\":\"ListItem\",\"position\":1,\"name\":\"Home\",\"item\":\"https:\/\/newgarden.es\/de\/\"},{\"@type\":\"ListItem\",\"position\":2,\"name\":\"Shop\",\"item\":\"https:\/\/newgarden.es\/de\/shop\/\"},{\"@type\":\"ListItem\",\"position\":3,\"name\":\"CORFU 74 LIGHT\"}]},{\"@type\":\"WebSite\",\"@id\":\"https:\/\/newgarden.es\/#website\",\"url\":\"https:\/\/newgarden.es\/\",\"name\":\"Newgarden\",\"description\":\"Be happy\",\"potentialAction\":[{\"@type\":\"SearchAction\",\"target\":{\"@type\":\"EntryPoint\",\"urlTemplate\":\"https:\/\/newgarden.es\/?s={search_term_string}\"},\"query-input\":{\"@type\":\"PropertyValueSpecification\",\"valueRequired\":true,\"valueName\":\"search_term_string\"}}],\"inLanguage\":\"de\"}]}<\/script>\n<!-- \/ Yoast SEO plugin. -->","yoast_head_json":{"title":"CORFU Hocker Au\u00dfen mit Solar-Gartenbeleuchtung","description":"Der Stuhl au\u00dferhalb Korfu ist ideal als Sitzplatz im Garten und perfekt f\u00fcr jeden Platz im Freien. Corfu ist robust und leicht hat die perfekte Balance von Qualit\u00e4t und Design. Verf\u00fcgbar mit Smarttech Solar Charge Lighting","robots":{"index":"index","follow":"follow","max-snippet":"max-snippet:-1","max-image-preview":"max-image-preview:large","max-video-preview":"max-video-preview:-1"},"canonical":"https:\/\/newgarden.es\/de\/shop\/moebel\/sitzgelegenheiten\/corfu-74-light\/","og_locale":"de_DE","og_type":"article","og_title":"CORFU Hocker Au\u00dfen mit Solar-Gartenbeleuchtung","og_description":"Der Stuhl au\u00dferhalb Korfu ist ideal als Sitzplatz im Garten und perfekt f\u00fcr jeden Platz im Freien. Corfu ist robust und leicht hat die perfekte Balance von Qualit\u00e4t und Design. Verf\u00fcgbar mit Smarttech Solar Charge Lighting","og_url":"https:\/\/newgarden.es\/de\/shop\/moebel\/sitzgelegenheiten\/corfu-74-light\/","og_site_name":"Newgarden","article_modified_time":"2019-12-20T09:09:14+00:00","og_image":[{"width":1200,"height":1200,"url":"https:\/\/newgarden.es\/wp-content\/uploads\/2019\/06\/CORFU_74_SOLAR_OPACO_1200X1200-11-1.jpg","type":"image\/jpeg"}],"twitter_card":"summary_large_image","twitter_misc":{"Gesch\u00e4tzte Lesezeit":"1\u00a0Minute"},"schema":{"@context":"https:\/\/schema.org","@graph":[{"@type":"WebPage","@id":"https:\/\/newgarden.es\/de\/shop\/moebel\/sitzgelegenheiten\/corfu-74-light\/","url":"https:\/\/newgarden.es\/de\/shop\/moebel\/sitzgelegenheiten\/corfu-74-light\/","name":"CORFU Hocker Au\u00dfen mit Solar-Gartenbeleuchtung","isPartOf":{"@id":"https:\/\/newgarden.es\/#website"},"primaryImageOfPage":{"@id":"https:\/\/newgarden.es\/de\/shop\/moebel\/sitzgelegenheiten\/corfu-74-light\/#primaryimage"},"image":{"@id":"https:\/\/newgarden.es\/de\/shop\/moebel\/sitzgelegenheiten\/corfu-74-light\/#primaryimage"},"thumbnailUrl":"https:\/\/newgarden.es\/wp-content\/uploads\/2019\/06\/CORFU_74_SOLAR_OPACO_1200X1200-11-1.jpg","datePublished":"2019-10-30T12:08:25+00:00","dateModified":"2019-12-20T09:09:14+00:00","description":"Der Stuhl au\u00dferhalb Korfu ist ideal als Sitzplatz im Garten und perfekt f\u00fcr jeden Platz im Freien. Corfu ist robust und leicht hat die perfekte Balance von Qualit\u00e4t und Design. Verf\u00fcgbar mit Smarttech Solar Charge Lighting","breadcrumb":{"@id":"https:\/\/newgarden.es\/de\/shop\/moebel\/sitzgelegenheiten\/corfu-74-light\/#breadcrumb"},"inLanguage":"de","potentialAction":[{"@type":"ReadAction","target":["https:\/\/newgarden.es\/de\/shop\/moebel\/sitzgelegenheiten\/corfu-74-light\/"]}]},{"@type":"ImageObject","inLanguage":"de","@id":"https:\/\/newgarden.es\/de\/shop\/moebel\/sitzgelegenheiten\/corfu-74-light\/#primaryimage","url":"https:\/\/newgarden.es\/wp-content\/uploads\/2019\/06\/CORFU_74_SOLAR_OPACO_1200X1200-11-1.jpg","contentUrl":"https:\/\/newgarden.es\/wp-content\/uploads\/2019\/06\/CORFU_74_SOLAR_OPACO_1200X1200-11-1.jpg","width":1200,"height":1200},{"@type":"BreadcrumbList","@id":"https:\/\/newgarden.es\/de\/shop\/moebel\/sitzgelegenheiten\/corfu-74-light\/#breadcrumb","itemListElement":[{"@type":"ListItem","position":1,"name":"Home","item":"https:\/\/newgarden.es\/de\/"},{"@type":"ListItem","position":2,"name":"Shop","item":"https:\/\/newgarden.es\/de\/shop\/"},{"@type":"ListItem","position":3,"name":"CORFU 74 LIGHT"}]},{"@type":"WebSite","@id":"https:\/\/newgarden.es\/#website","url":"https:\/\/newgarden.es\/","name":"Newgarden","description":"Be happy","potentialAction":[{"@type":"SearchAction","target":{"@type":"EntryPoint","urlTemplate":"https:\/\/newgarden.es\/?s={search_term_string}"},"query-input":{"@type":"PropertyValueSpecification","valueRequired":true,"valueName":"search_term_string"}}],"inLanguage":"de"}]}},"df_price":137.4,"df_sale_price":"","df_regular_price":137.4,"df_image_link":"https:\/\/newgarden.es\/wp-content\/uploads\/2019\/06\/CORFU_74_SOLAR_OPACO_1200X1200-11-1-580x400.jpg","_links":{"self":[{"href":"https:\/\/newgarden.es\/de\/wp-json\/wp\/v2\/product\/19930"}],"collection":[{"href":"https:\/\/newgarden.es\/de\/wp-json\/wp\/v2\/product"}],"about":[{"href":"https:\/\/newgarden.es\/de\/wp-json\/wp\/v2\/types\/product"}],"wp:featuredmedia":[{"embeddable":true,"href":"https:\/\/newgarden.es\/de\/wp-json\/wp\/v2\/media\/63527"}],"wp:attachment":[{"href":"https:\/\/newgarden.es\/de\/wp-json\/wp\/v2\/media?parent=19930"}],"wp:term":[{"taxonomy":"product_cat","embeddable":true,"href":"https:\/\/newgarden.es\/de\/wp-json\/wp\/v2\/product_cat?post=19930"},{"taxonomy":"product_tag","embeddable":true,"href":"https:\/\/newgarden.es\/de\/wp-json\/wp\/v2\/product_tag?post=19930"}],"curies":[{"name":"wp","href":"https:\/\/api.w.org\/{rel}","templated":true}]}}