{"id":19974,"date":"2019-05-31T12:35:15","date_gmt":"2019-10-30T12:20:45","guid":{"rendered":"https:\/\/newgarden.es\/shop\/sin%20categor\u00eda\/melisa-50-light\/"},"modified":"2019-12-20T10:23:15","modified_gmt":"2019-12-20T09:23:15","slug":"melisa-50-light","status":"publish","type":"product","link":"https:\/\/newgarden.es\/de\/shop\/blumentopfs\/blumentopfs-mit-beleuchtung\/melisa-50-light\/","title":{"rendered":"MELISA 50 LIGHT"},"content":{"rendered":"<section class=\"wpb-content-wrapper\"><p>[vc_row][vc_column el_class=&#8220;descripcion_producto&#8220;][vc_column_text]<\/p>\n<p style=\"text-align: justify;\"><em>*MELISA: Es ist eine trapezf\u00f6rmige Blumentopf in verschiedenen Gr\u00f6\u00dfen, Ausf\u00fchrungen und Farben. Grundlinien und strukturiert im glatten Ende. <\/em><\/p>\n<p style=\"text-align: justify;\"><em>Alle Newgarden-Produkte bestehen aus Polyethylen, sind also leicht und sehr widerstandsf\u00e4hig gegen extreme Temperaturen. Sie sind auch gegen UV-Strahlen gesch\u00fctzt, wodurch die Lebensdauer des Produkts au\u00dferordentlich lang ist. <\/em><\/p>\n<p>[\/vc_column_text][\/vc_column][\/vc_row][vc_row disable_element=&#8220;yes&#8220;][vc_column][vc_single_image image=&#8220;6566&#8243; img_size=&#8220;full&#8220;][\/vc_column][\/vc_row][vc_row][vc_column width=&#8220;1\/2&#8243;][vc_btn title=&#8220;Technisches Datenblatt&#8220; style=&#8220;custom&#8220; custom_background=&#8220;#009bc2&#8243; custom_text=&#8220;#ffffff&#8220; shape=&#8220;square&#8220; link=&#8220;url:https%3A%2F%2Fwww.newgarden.es%2Fwp-content%2Fuploads%2F2018%2F01%2FMelisa.pdf|target:%20_blank|&#8220; el_class=&#8220;btn_descargar_ficha&#8220;][\/vc_column][vc_column width=&#8220;1\/2&#8243;][vc_btn title=&#8220;BEDIENUNGSANLEITUNG&#8220; style=&#8220;custom&#8220; custom_background=&#8220;#009bc2&#8243; custom_text=&#8220;#ffffff&#8220; shape=&#8220;square&#8220; link=&#8220;url:https%3A%2F%2Fnewgarden.es%2Finstrucciones%2F||target:%20_blank|&#8220; el_class=&#8220;btn_descargar_ficha&#8220;][\/vc_column][\/vc_row]<\/p>\n<\/section>","protected":false},"excerpt":{"rendered":"<h1 style=\"font-size: 12px;\">Melisa 50- Kegelf\u00f6rmiger Outdoor-Blumentopf mit Licht<\/h1>\n","protected":false},"featured_media":59084,"template":"","meta":[],"product_cat":[783,784,1597],"product_tag":[793,765,789],"class_list":{"0":"post-19974","1":"product","2":"type-product","3":"status-publish","4":"has-post-thumbnail","6":"product_cat-blumentopfs","7":"product_cat-blumentopfs-mit-beleuchtung","8":"product_cat-quadratische-blumentopfs","9":"product_tag-drahtlose","10":"product_tag-kabel","11":"product_tag-solar-de","13":"first","14":"instock","15":"taxable","16":"shipping-taxable","17":"purchasable","18":"product-type-variable"},"yoast_head":"<!-- This site is optimized with the Yoast SEO plugin v24.2 - https:\/\/yoast.com\/wordpress\/plugins\/seo\/ -->\n<title>MELISA Trapez Pflanzer mit LED-Beleuchtung f\u00fcr den Au\u00dfenbereich und Garten<\/title>\n<meta name=\"description\" content=\"Melisa ist ein Trapez Ausleger in verschiedenen Gr\u00f6\u00dfen hergestellt und Oberfl\u00e4chen ideal f\u00fcr G\u00e4rten und Au\u00dfenfarben. Entwickelt mit strukturierten Grunde Linien und glatter Oberfl\u00e4che. Erh\u00e4ltlich in der Wahl der opaken Farben.\" \/>\n<meta name=\"robots\" content=\"index, follow, max-snippet:-1, max-image-preview:large, max-video-preview:-1\" \/>\n<link rel=\"canonical\" href=\"https:\/\/newgarden.es\/de\/shop\/blumentopfs\/blumentopfs-mit-beleuchtung\/melisa-50-light\/\" \/>\n<meta property=\"og:locale\" content=\"de_DE\" \/>\n<meta property=\"og:type\" content=\"article\" \/>\n<meta property=\"og:title\" content=\"MELISA Trapez Pflanzer mit LED-Beleuchtung f\u00fcr den Au\u00dfenbereich und Garten\" \/>\n<meta property=\"og:description\" content=\"Melisa ist ein Trapez Ausleger in verschiedenen Gr\u00f6\u00dfen hergestellt und Oberfl\u00e4chen ideal f\u00fcr G\u00e4rten und Au\u00dfenfarben. Entwickelt mit strukturierten Grunde Linien und glatter Oberfl\u00e4che. Erh\u00e4ltlich in der Wahl der opaken Farben.\" \/>\n<meta property=\"og:url\" content=\"https:\/\/newgarden.es\/de\/shop\/blumentopfs\/blumentopfs-mit-beleuchtung\/melisa-50-light\/\" \/>\n<meta property=\"og:site_name\" content=\"Newgarden\" \/>\n<meta property=\"article:modified_time\" content=\"2019-12-20T09:23:15+00:00\" \/>\n<meta property=\"og:image\" content=\"https:\/\/newgarden.es\/wp-content\/uploads\/2019\/05\/MELISA_40_1200X1200-19.jpg\" \/>\n\t<meta property=\"og:image:width\" content=\"1200\" \/>\n\t<meta property=\"og:image:height\" content=\"1200\" \/>\n\t<meta property=\"og:image:type\" content=\"image\/jpeg\" \/>\n<meta name=\"twitter:card\" content=\"summary_large_image\" \/>\n<meta name=\"twitter:label1\" content=\"Gesch\u00e4tzte Lesezeit\" \/>\n\t<meta name=\"twitter:data1\" content=\"1\u00a0Minute\" \/>\n<script type=\"application\/ld+json\" class=\"yoast-schema-graph\">{\"@context\":\"https:\/\/schema.org\",\"@graph\":[{\"@type\":\"WebPage\",\"@id\":\"https:\/\/newgarden.es\/de\/shop\/blumentopfs\/blumentopfs-mit-beleuchtung\/melisa-50-light\/\",\"url\":\"https:\/\/newgarden.es\/de\/shop\/blumentopfs\/blumentopfs-mit-beleuchtung\/melisa-50-light\/\",\"name\":\"MELISA Trapez Pflanzer mit LED-Beleuchtung f\u00fcr den Au\u00dfenbereich und Garten\",\"isPartOf\":{\"@id\":\"https:\/\/newgarden.es\/#website\"},\"primaryImageOfPage\":{\"@id\":\"https:\/\/newgarden.es\/de\/shop\/blumentopfs\/blumentopfs-mit-beleuchtung\/melisa-50-light\/#primaryimage\"},\"image\":{\"@id\":\"https:\/\/newgarden.es\/de\/shop\/blumentopfs\/blumentopfs-mit-beleuchtung\/melisa-50-light\/#primaryimage\"},\"thumbnailUrl\":\"https:\/\/newgarden.es\/wp-content\/uploads\/2019\/05\/MELISA_40_1200X1200-19.jpg\",\"datePublished\":\"2019-10-30T12:20:45+00:00\",\"dateModified\":\"2019-12-20T09:23:15+00:00\",\"description\":\"Melisa ist ein Trapez Ausleger in verschiedenen Gr\u00f6\u00dfen hergestellt und Oberfl\u00e4chen ideal f\u00fcr G\u00e4rten und Au\u00dfenfarben. Entwickelt mit strukturierten Grunde Linien und glatter Oberfl\u00e4che. Erh\u00e4ltlich in der Wahl der opaken Farben.\",\"breadcrumb\":{\"@id\":\"https:\/\/newgarden.es\/de\/shop\/blumentopfs\/blumentopfs-mit-beleuchtung\/melisa-50-light\/#breadcrumb\"},\"inLanguage\":\"de\",\"potentialAction\":[{\"@type\":\"ReadAction\",\"target\":[\"https:\/\/newgarden.es\/de\/shop\/blumentopfs\/blumentopfs-mit-beleuchtung\/melisa-50-light\/\"]}]},{\"@type\":\"ImageObject\",\"inLanguage\":\"de\",\"@id\":\"https:\/\/newgarden.es\/de\/shop\/blumentopfs\/blumentopfs-mit-beleuchtung\/melisa-50-light\/#primaryimage\",\"url\":\"https:\/\/newgarden.es\/wp-content\/uploads\/2019\/05\/MELISA_40_1200X1200-19.jpg\",\"contentUrl\":\"https:\/\/newgarden.es\/wp-content\/uploads\/2019\/05\/MELISA_40_1200X1200-19.jpg\",\"width\":1200,\"height\":1200},{\"@type\":\"BreadcrumbList\",\"@id\":\"https:\/\/newgarden.es\/de\/shop\/blumentopfs\/blumentopfs-mit-beleuchtung\/melisa-50-light\/#breadcrumb\",\"itemListElement\":[{\"@type\":\"ListItem\",\"position\":1,\"name\":\"Home\",\"item\":\"https:\/\/newgarden.es\/de\/\"},{\"@type\":\"ListItem\",\"position\":2,\"name\":\"Shop\",\"item\":\"https:\/\/newgarden.es\/de\/shop\/\"},{\"@type\":\"ListItem\",\"position\":3,\"name\":\"MELISA 50 LIGHT\"}]},{\"@type\":\"WebSite\",\"@id\":\"https:\/\/newgarden.es\/#website\",\"url\":\"https:\/\/newgarden.es\/\",\"name\":\"Newgarden\",\"description\":\"Be happy\",\"potentialAction\":[{\"@type\":\"SearchAction\",\"target\":{\"@type\":\"EntryPoint\",\"urlTemplate\":\"https:\/\/newgarden.es\/?s={search_term_string}\"},\"query-input\":{\"@type\":\"PropertyValueSpecification\",\"valueRequired\":true,\"valueName\":\"search_term_string\"}}],\"inLanguage\":\"de\"}]}<\/script>\n<!-- \/ Yoast SEO plugin. -->","yoast_head_json":{"title":"MELISA Trapez Pflanzer mit LED-Beleuchtung f\u00fcr den Au\u00dfenbereich und Garten","description":"Melisa ist ein Trapez Ausleger in verschiedenen Gr\u00f6\u00dfen hergestellt und Oberfl\u00e4chen ideal f\u00fcr G\u00e4rten und Au\u00dfenfarben. Entwickelt mit strukturierten Grunde Linien und glatter Oberfl\u00e4che. Erh\u00e4ltlich in der Wahl der opaken Farben.","robots":{"index":"index","follow":"follow","max-snippet":"max-snippet:-1","max-image-preview":"max-image-preview:large","max-video-preview":"max-video-preview:-1"},"canonical":"https:\/\/newgarden.es\/de\/shop\/blumentopfs\/blumentopfs-mit-beleuchtung\/melisa-50-light\/","og_locale":"de_DE","og_type":"article","og_title":"MELISA Trapez Pflanzer mit LED-Beleuchtung f\u00fcr den Au\u00dfenbereich und Garten","og_description":"Melisa ist ein Trapez Ausleger in verschiedenen Gr\u00f6\u00dfen hergestellt und Oberfl\u00e4chen ideal f\u00fcr G\u00e4rten und Au\u00dfenfarben. Entwickelt mit strukturierten Grunde Linien und glatter Oberfl\u00e4che. Erh\u00e4ltlich in der Wahl der opaken Farben.","og_url":"https:\/\/newgarden.es\/de\/shop\/blumentopfs\/blumentopfs-mit-beleuchtung\/melisa-50-light\/","og_site_name":"Newgarden","article_modified_time":"2019-12-20T09:23:15+00:00","og_image":[{"width":1200,"height":1200,"url":"https:\/\/newgarden.es\/wp-content\/uploads\/2019\/05\/MELISA_40_1200X1200-19.jpg","type":"image\/jpeg"}],"twitter_card":"summary_large_image","twitter_misc":{"Gesch\u00e4tzte Lesezeit":"1\u00a0Minute"},"schema":{"@context":"https:\/\/schema.org","@graph":[{"@type":"WebPage","@id":"https:\/\/newgarden.es\/de\/shop\/blumentopfs\/blumentopfs-mit-beleuchtung\/melisa-50-light\/","url":"https:\/\/newgarden.es\/de\/shop\/blumentopfs\/blumentopfs-mit-beleuchtung\/melisa-50-light\/","name":"MELISA Trapez Pflanzer mit LED-Beleuchtung f\u00fcr den Au\u00dfenbereich und Garten","isPartOf":{"@id":"https:\/\/newgarden.es\/#website"},"primaryImageOfPage":{"@id":"https:\/\/newgarden.es\/de\/shop\/blumentopfs\/blumentopfs-mit-beleuchtung\/melisa-50-light\/#primaryimage"},"image":{"@id":"https:\/\/newgarden.es\/de\/shop\/blumentopfs\/blumentopfs-mit-beleuchtung\/melisa-50-light\/#primaryimage"},"thumbnailUrl":"https:\/\/newgarden.es\/wp-content\/uploads\/2019\/05\/MELISA_40_1200X1200-19.jpg","datePublished":"2019-10-30T12:20:45+00:00","dateModified":"2019-12-20T09:23:15+00:00","description":"Melisa ist ein Trapez Ausleger in verschiedenen Gr\u00f6\u00dfen hergestellt und Oberfl\u00e4chen ideal f\u00fcr G\u00e4rten und Au\u00dfenfarben. Entwickelt mit strukturierten Grunde Linien und glatter Oberfl\u00e4che. Erh\u00e4ltlich in der Wahl der opaken Farben.","breadcrumb":{"@id":"https:\/\/newgarden.es\/de\/shop\/blumentopfs\/blumentopfs-mit-beleuchtung\/melisa-50-light\/#breadcrumb"},"inLanguage":"de","potentialAction":[{"@type":"ReadAction","target":["https:\/\/newgarden.es\/de\/shop\/blumentopfs\/blumentopfs-mit-beleuchtung\/melisa-50-light\/"]}]},{"@type":"ImageObject","inLanguage":"de","@id":"https:\/\/newgarden.es\/de\/shop\/blumentopfs\/blumentopfs-mit-beleuchtung\/melisa-50-light\/#primaryimage","url":"https:\/\/newgarden.es\/wp-content\/uploads\/2019\/05\/MELISA_40_1200X1200-19.jpg","contentUrl":"https:\/\/newgarden.es\/wp-content\/uploads\/2019\/05\/MELISA_40_1200X1200-19.jpg","width":1200,"height":1200},{"@type":"BreadcrumbList","@id":"https:\/\/newgarden.es\/de\/shop\/blumentopfs\/blumentopfs-mit-beleuchtung\/melisa-50-light\/#breadcrumb","itemListElement":[{"@type":"ListItem","position":1,"name":"Home","item":"https:\/\/newgarden.es\/de\/"},{"@type":"ListItem","position":2,"name":"Shop","item":"https:\/\/newgarden.es\/de\/shop\/"},{"@type":"ListItem","position":3,"name":"MELISA 50 LIGHT"}]},{"@type":"WebSite","@id":"https:\/\/newgarden.es\/#website","url":"https:\/\/newgarden.es\/","name":"Newgarden","description":"Be happy","potentialAction":[{"@type":"SearchAction","target":{"@type":"EntryPoint","urlTemplate":"https:\/\/newgarden.es\/?s={search_term_string}"},"query-input":{"@type":"PropertyValueSpecification","valueRequired":true,"valueName":"search_term_string"}}],"inLanguage":"de"}]}},"df_price":227,"df_sale_price":"","df_regular_price":227,"df_image_link":"https:\/\/newgarden.es\/wp-content\/uploads\/2019\/05\/MELISA_40_1200X1200-19-580x400.jpg","_links":{"self":[{"href":"https:\/\/newgarden.es\/de\/wp-json\/wp\/v2\/product\/19974"}],"collection":[{"href":"https:\/\/newgarden.es\/de\/wp-json\/wp\/v2\/product"}],"about":[{"href":"https:\/\/newgarden.es\/de\/wp-json\/wp\/v2\/types\/product"}],"wp:featuredmedia":[{"embeddable":true,"href":"https:\/\/newgarden.es\/de\/wp-json\/wp\/v2\/media\/59084"}],"wp:attachment":[{"href":"https:\/\/newgarden.es\/de\/wp-json\/wp\/v2\/media?parent=19974"}],"wp:term":[{"taxonomy":"product_cat","embeddable":true,"href":"https:\/\/newgarden.es\/de\/wp-json\/wp\/v2\/product_cat?post=19974"},{"taxonomy":"product_tag","embeddable":true,"href":"https:\/\/newgarden.es\/de\/wp-json\/wp\/v2\/product_tag?post=19974"}],"curies":[{"name":"wp","href":"https:\/\/api.w.org\/{rel}","templated":true}]}}