{"id":20011,"date":"2019-05-31T11:16:03","date_gmt":"2019-10-30T12:28:30","guid":{"rendered":"https:\/\/newgarden.es\/shop\/sin%20categor\u00eda\/magnolia-30-light\/"},"modified":"2019-12-20T10:08:10","modified_gmt":"2019-12-20T09:08:10","slug":"magnolia-30-light","status":"publish","type":"product","link":"https:\/\/newgarden.es\/de\/shop\/blumentopfs\/blumentopfs-mit-beleuchtung\/magnolia-30-light\/","title":{"rendered":"MAGNOLIA 30 LIGHT"},"content":{"rendered":"<section class=\"wpb-content-wrapper\"><p>[vc_row][vc_column el_class=&#8220;descripcion_producto&#8220;][vc_column_text]<\/p>\n<p style=\"text-align: justify\">&#8222;MAGNOLIA gilt als einer der Spitzen-Blument\u00f6pfe in der Newgarden Gartenkollektion. Die breite Vielfalt an Ausf\u00fchrungen, Gr\u00f6\u00dfen und Farben machen es zu einem unverzichtbaren Bestandteil der runden Pflanzgef\u00e4\u00dfe.<\/p>\n<p style=\"text-align: justify\">Magnolia 130 ist aufgrund seines Design, Gr\u00f6\u00dfe und Stabilit\u00e4t f\u00fcr Stra\u00dfenm\u00f6bel geeignet (es kann eine Tonne voll in farbigem Ausf\u00fchrung schwer sein). Ein praktischer und eleganter Ersatz als Poller.<\/p>\n<p style=\"text-align: justify\"><em>Alle Newgarden-Produkte bestehen aus Polyethylen, sind also leicht und sehr widerstandsf\u00e4hig gegen extreme Temperaturen. Sie sind auch gegen UV-Strahlen gesch\u00fctzt, wodurch die Lebensdauer des Produkts au\u00dferordentlich lang ist. <\/em><\/p>\n<p>[\/vc_column_text][\/vc_column][\/vc_row][vc_row disable_element=&#8220;yes&#8220;][vc_column][vc_single_image image=&#8220;6566&#8243; img_size=&#8220;full&#8220;][\/vc_column][\/vc_row][vc_row][vc_column width=&#8220;1\/2&#8243;][vc_btn title=&#8220;Technisches Datenblatt&#8220; style=&#8220;custom&#8220; custom_background=&#8220;#009bc2&#8243; custom_text=&#8220;#ffffff&#8220; shape=&#8220;square&#8220; link=&#8220;url:https%3A%2F%2Fwww.newgarden.es%2Fwp-content%2Fuploads%2F2018%2F05%2FMagnolia-1.pdf|target:%20_blank|&#8220; el_class=&#8220;btn_descargar_ficha&#8220;][\/vc_column][vc_column width=&#8220;1\/2&#8243;][vc_btn title=&#8220;BEDIENUNGSANLEITUNG&#8220; style=&#8220;custom&#8220; custom_background=&#8220;#009bc2&#8243; custom_text=&#8220;#ffffff&#8220; shape=&#8220;square&#8220; link=&#8220;url:https%3A%2F%2Fnewgarden.es%2Finstrucciones%2F||target:%20_blank|&#8220; el_class=&#8220;btn_descargar_ficha&#8220;][\/vc_column][\/vc_row]<\/p>\n<\/section>","protected":false},"excerpt":{"rendered":"<h1 style=\"font-size: 12px\">Magnolia Rund Outdoor-Blumentopf mit Licht<\/h1>\n","protected":false},"featured_media":59454,"template":"","meta":[],"product_cat":[783,784,1594],"product_tag":[793,765,789],"class_list":{"0":"post-20011","1":"product","2":"type-product","3":"status-publish","4":"has-post-thumbnail","6":"product_cat-blumentopfs","7":"product_cat-blumentopfs-mit-beleuchtung","8":"product_cat-runde-blumentopfs","9":"product_tag-drahtlose","10":"product_tag-kabel","11":"product_tag-solar-de","13":"first","14":"instock","15":"taxable","16":"shipping-taxable","17":"purchasable","18":"product-type-variable"},"yoast_head":"<!-- This site is optimized with the Yoast SEO plugin v24.2 - https:\/\/yoast.com\/wordpress\/plugins\/seo\/ -->\n<title>MAGNOLIA Planter rund mit LED-Beleuchtung f\u00fcr den Au\u00dfenbereich und Garten<\/title>\n<meta name=\"description\" content=\"Macetero Magnolia ist eine der Blument\u00f6pfe Star Collection Newgarden Garten. Die breite Vielfalt von Beleuchtungs Oberfl\u00e4chen und Farben macht es f\u00fcr jeden Platz im Freien perfekt. Magnolia 130 ist f\u00fcr Stadtm\u00f6blierung angezeigt wegen seines Designs und Dimensionsstabilit\u00e4t.\" \/>\n<meta name=\"robots\" content=\"index, follow, max-snippet:-1, max-image-preview:large, max-video-preview:-1\" \/>\n<link rel=\"canonical\" href=\"https:\/\/newgarden.es\/de\/shop\/blumentopfs\/blumentopfs-mit-beleuchtung\/magnolia-30-light\/\" \/>\n<meta property=\"og:locale\" content=\"de_DE\" \/>\n<meta property=\"og:type\" content=\"article\" \/>\n<meta property=\"og:title\" content=\"MAGNOLIA Planter rund mit LED-Beleuchtung f\u00fcr den Au\u00dfenbereich und Garten\" \/>\n<meta property=\"og:description\" content=\"Macetero Magnolia ist eine der Blument\u00f6pfe Star Collection Newgarden Garten. Die breite Vielfalt von Beleuchtungs Oberfl\u00e4chen und Farben macht es f\u00fcr jeden Platz im Freien perfekt. Magnolia 130 ist f\u00fcr Stadtm\u00f6blierung angezeigt wegen seines Designs und Dimensionsstabilit\u00e4t.\" \/>\n<meta property=\"og:url\" content=\"https:\/\/newgarden.es\/de\/shop\/blumentopfs\/blumentopfs-mit-beleuchtung\/magnolia-30-light\/\" \/>\n<meta property=\"og:site_name\" content=\"Newgarden\" \/>\n<meta property=\"article:modified_time\" content=\"2019-12-20T09:08:10+00:00\" \/>\n<meta property=\"og:image\" content=\"https:\/\/newgarden.es\/wp-content\/uploads\/2019\/05\/MAGNOLIA_30_1200X1200-18.jpg\" \/>\n\t<meta property=\"og:image:width\" content=\"1200\" \/>\n\t<meta property=\"og:image:height\" content=\"1200\" \/>\n\t<meta property=\"og:image:type\" content=\"image\/jpeg\" \/>\n<meta name=\"twitter:card\" content=\"summary_large_image\" \/>\n<meta name=\"twitter:label1\" content=\"Gesch\u00e4tzte Lesezeit\" \/>\n\t<meta name=\"twitter:data1\" content=\"1\u00a0Minute\" \/>\n<script type=\"application\/ld+json\" class=\"yoast-schema-graph\">{\"@context\":\"https:\/\/schema.org\",\"@graph\":[{\"@type\":\"WebPage\",\"@id\":\"https:\/\/newgarden.es\/de\/shop\/blumentopfs\/blumentopfs-mit-beleuchtung\/magnolia-30-light\/\",\"url\":\"https:\/\/newgarden.es\/de\/shop\/blumentopfs\/blumentopfs-mit-beleuchtung\/magnolia-30-light\/\",\"name\":\"MAGNOLIA Planter rund mit LED-Beleuchtung f\u00fcr den Au\u00dfenbereich und Garten\",\"isPartOf\":{\"@id\":\"https:\/\/newgarden.es\/#website\"},\"primaryImageOfPage\":{\"@id\":\"https:\/\/newgarden.es\/de\/shop\/blumentopfs\/blumentopfs-mit-beleuchtung\/magnolia-30-light\/#primaryimage\"},\"image\":{\"@id\":\"https:\/\/newgarden.es\/de\/shop\/blumentopfs\/blumentopfs-mit-beleuchtung\/magnolia-30-light\/#primaryimage\"},\"thumbnailUrl\":\"https:\/\/newgarden.es\/wp-content\/uploads\/2019\/05\/MAGNOLIA_30_1200X1200-18.jpg\",\"datePublished\":\"2019-10-30T12:28:30+00:00\",\"dateModified\":\"2019-12-20T09:08:10+00:00\",\"description\":\"Macetero Magnolia ist eine der Blument\u00f6pfe Star Collection Newgarden Garten. Die breite Vielfalt von Beleuchtungs Oberfl\u00e4chen und Farben macht es f\u00fcr jeden Platz im Freien perfekt. Magnolia 130 ist f\u00fcr Stadtm\u00f6blierung angezeigt wegen seines Designs und Dimensionsstabilit\u00e4t.\",\"breadcrumb\":{\"@id\":\"https:\/\/newgarden.es\/de\/shop\/blumentopfs\/blumentopfs-mit-beleuchtung\/magnolia-30-light\/#breadcrumb\"},\"inLanguage\":\"de\",\"potentialAction\":[{\"@type\":\"ReadAction\",\"target\":[\"https:\/\/newgarden.es\/de\/shop\/blumentopfs\/blumentopfs-mit-beleuchtung\/magnolia-30-light\/\"]}]},{\"@type\":\"ImageObject\",\"inLanguage\":\"de\",\"@id\":\"https:\/\/newgarden.es\/de\/shop\/blumentopfs\/blumentopfs-mit-beleuchtung\/magnolia-30-light\/#primaryimage\",\"url\":\"https:\/\/newgarden.es\/wp-content\/uploads\/2019\/05\/MAGNOLIA_30_1200X1200-18.jpg\",\"contentUrl\":\"https:\/\/newgarden.es\/wp-content\/uploads\/2019\/05\/MAGNOLIA_30_1200X1200-18.jpg\",\"width\":1200,\"height\":1200},{\"@type\":\"BreadcrumbList\",\"@id\":\"https:\/\/newgarden.es\/de\/shop\/blumentopfs\/blumentopfs-mit-beleuchtung\/magnolia-30-light\/#breadcrumb\",\"itemListElement\":[{\"@type\":\"ListItem\",\"position\":1,\"name\":\"Home\",\"item\":\"https:\/\/newgarden.es\/de\/\"},{\"@type\":\"ListItem\",\"position\":2,\"name\":\"Shop\",\"item\":\"https:\/\/newgarden.es\/de\/shop\/\"},{\"@type\":\"ListItem\",\"position\":3,\"name\":\"MAGNOLIA 30 LIGHT\"}]},{\"@type\":\"WebSite\",\"@id\":\"https:\/\/newgarden.es\/#website\",\"url\":\"https:\/\/newgarden.es\/\",\"name\":\"Newgarden\",\"description\":\"Be happy\",\"potentialAction\":[{\"@type\":\"SearchAction\",\"target\":{\"@type\":\"EntryPoint\",\"urlTemplate\":\"https:\/\/newgarden.es\/?s={search_term_string}\"},\"query-input\":{\"@type\":\"PropertyValueSpecification\",\"valueRequired\":true,\"valueName\":\"search_term_string\"}}],\"inLanguage\":\"de\"}]}<\/script>\n<!-- \/ Yoast SEO plugin. -->","yoast_head_json":{"title":"MAGNOLIA Planter rund mit LED-Beleuchtung f\u00fcr den Au\u00dfenbereich und Garten","description":"Macetero Magnolia ist eine der Blument\u00f6pfe Star Collection Newgarden Garten. Die breite Vielfalt von Beleuchtungs Oberfl\u00e4chen und Farben macht es f\u00fcr jeden Platz im Freien perfekt. Magnolia 130 ist f\u00fcr Stadtm\u00f6blierung angezeigt wegen seines Designs und Dimensionsstabilit\u00e4t.","robots":{"index":"index","follow":"follow","max-snippet":"max-snippet:-1","max-image-preview":"max-image-preview:large","max-video-preview":"max-video-preview:-1"},"canonical":"https:\/\/newgarden.es\/de\/shop\/blumentopfs\/blumentopfs-mit-beleuchtung\/magnolia-30-light\/","og_locale":"de_DE","og_type":"article","og_title":"MAGNOLIA Planter rund mit LED-Beleuchtung f\u00fcr den Au\u00dfenbereich und Garten","og_description":"Macetero Magnolia ist eine der Blument\u00f6pfe Star Collection Newgarden Garten. Die breite Vielfalt von Beleuchtungs Oberfl\u00e4chen und Farben macht es f\u00fcr jeden Platz im Freien perfekt. Magnolia 130 ist f\u00fcr Stadtm\u00f6blierung angezeigt wegen seines Designs und Dimensionsstabilit\u00e4t.","og_url":"https:\/\/newgarden.es\/de\/shop\/blumentopfs\/blumentopfs-mit-beleuchtung\/magnolia-30-light\/","og_site_name":"Newgarden","article_modified_time":"2019-12-20T09:08:10+00:00","og_image":[{"width":1200,"height":1200,"url":"https:\/\/newgarden.es\/wp-content\/uploads\/2019\/05\/MAGNOLIA_30_1200X1200-18.jpg","type":"image\/jpeg"}],"twitter_card":"summary_large_image","twitter_misc":{"Gesch\u00e4tzte Lesezeit":"1\u00a0Minute"},"schema":{"@context":"https:\/\/schema.org","@graph":[{"@type":"WebPage","@id":"https:\/\/newgarden.es\/de\/shop\/blumentopfs\/blumentopfs-mit-beleuchtung\/magnolia-30-light\/","url":"https:\/\/newgarden.es\/de\/shop\/blumentopfs\/blumentopfs-mit-beleuchtung\/magnolia-30-light\/","name":"MAGNOLIA Planter rund mit LED-Beleuchtung f\u00fcr den Au\u00dfenbereich und Garten","isPartOf":{"@id":"https:\/\/newgarden.es\/#website"},"primaryImageOfPage":{"@id":"https:\/\/newgarden.es\/de\/shop\/blumentopfs\/blumentopfs-mit-beleuchtung\/magnolia-30-light\/#primaryimage"},"image":{"@id":"https:\/\/newgarden.es\/de\/shop\/blumentopfs\/blumentopfs-mit-beleuchtung\/magnolia-30-light\/#primaryimage"},"thumbnailUrl":"https:\/\/newgarden.es\/wp-content\/uploads\/2019\/05\/MAGNOLIA_30_1200X1200-18.jpg","datePublished":"2019-10-30T12:28:30+00:00","dateModified":"2019-12-20T09:08:10+00:00","description":"Macetero Magnolia ist eine der Blument\u00f6pfe Star Collection Newgarden Garten. Die breite Vielfalt von Beleuchtungs Oberfl\u00e4chen und Farben macht es f\u00fcr jeden Platz im Freien perfekt. Magnolia 130 ist f\u00fcr Stadtm\u00f6blierung angezeigt wegen seines Designs und Dimensionsstabilit\u00e4t.","breadcrumb":{"@id":"https:\/\/newgarden.es\/de\/shop\/blumentopfs\/blumentopfs-mit-beleuchtung\/magnolia-30-light\/#breadcrumb"},"inLanguage":"de","potentialAction":[{"@type":"ReadAction","target":["https:\/\/newgarden.es\/de\/shop\/blumentopfs\/blumentopfs-mit-beleuchtung\/magnolia-30-light\/"]}]},{"@type":"ImageObject","inLanguage":"de","@id":"https:\/\/newgarden.es\/de\/shop\/blumentopfs\/blumentopfs-mit-beleuchtung\/magnolia-30-light\/#primaryimage","url":"https:\/\/newgarden.es\/wp-content\/uploads\/2019\/05\/MAGNOLIA_30_1200X1200-18.jpg","contentUrl":"https:\/\/newgarden.es\/wp-content\/uploads\/2019\/05\/MAGNOLIA_30_1200X1200-18.jpg","width":1200,"height":1200},{"@type":"BreadcrumbList","@id":"https:\/\/newgarden.es\/de\/shop\/blumentopfs\/blumentopfs-mit-beleuchtung\/magnolia-30-light\/#breadcrumb","itemListElement":[{"@type":"ListItem","position":1,"name":"Home","item":"https:\/\/newgarden.es\/de\/"},{"@type":"ListItem","position":2,"name":"Shop","item":"https:\/\/newgarden.es\/de\/shop\/"},{"@type":"ListItem","position":3,"name":"MAGNOLIA 30 LIGHT"}]},{"@type":"WebSite","@id":"https:\/\/newgarden.es\/#website","url":"https:\/\/newgarden.es\/","name":"Newgarden","description":"Be happy","potentialAction":[{"@type":"SearchAction","target":{"@type":"EntryPoint","urlTemplate":"https:\/\/newgarden.es\/?s={search_term_string}"},"query-input":{"@type":"PropertyValueSpecification","valueRequired":true,"valueName":"search_term_string"}}],"inLanguage":"de"}]}},"df_price":45.9,"df_sale_price":"","df_regular_price":45.9,"df_image_link":"https:\/\/newgarden.es\/wp-content\/uploads\/2019\/05\/MAGNOLIA_30_1200X1200-18-580x400.jpg","_links":{"self":[{"href":"https:\/\/newgarden.es\/de\/wp-json\/wp\/v2\/product\/20011"}],"collection":[{"href":"https:\/\/newgarden.es\/de\/wp-json\/wp\/v2\/product"}],"about":[{"href":"https:\/\/newgarden.es\/de\/wp-json\/wp\/v2\/types\/product"}],"wp:featuredmedia":[{"embeddable":true,"href":"https:\/\/newgarden.es\/de\/wp-json\/wp\/v2\/media\/59454"}],"wp:attachment":[{"href":"https:\/\/newgarden.es\/de\/wp-json\/wp\/v2\/media?parent=20011"}],"wp:term":[{"taxonomy":"product_cat","embeddable":true,"href":"https:\/\/newgarden.es\/de\/wp-json\/wp\/v2\/product_cat?post=20011"},{"taxonomy":"product_tag","embeddable":true,"href":"https:\/\/newgarden.es\/de\/wp-json\/wp\/v2\/product_tag?post=20011"}],"curies":[{"name":"wp","href":"https:\/\/api.w.org\/{rel}","templated":true}]}}