{"id":20145,"date":"2019-05-08T08:34:42","date_gmt":"2019-10-30T13:10:23","guid":{"rendered":"https:\/\/newgarden.es\/shop\/sin%20categor\u00eda\/clavel-40-color\/"},"modified":"2024-06-13T13:08:37","modified_gmt":"2024-06-13T11:08:37","slug":"clavel-40-color","status":"publish","type":"product","link":"https:\/\/newgarden.es\/de\/shop\/blumentopfs\/blumentopfs-ohne-beleuchtung\/clavel-40-color\/","title":{"rendered":"CLAVEL 40 COLOUR"},"content":{"rendered":"<section class=\"wpb-content-wrapper\"><p>[vc_row][vc_column el_class=&#8220;descripcion_producto&#8220;][vc_column_text]<\/p>\n<p style=\"text-align: justify;\"><em>* CLAVEL: Es ist ein trapezf\u00f6rmiger Blumentopf. Ausf\u00fchrungen und Farben. Grundlinien und strukturiert im glatten Ende. Ideal f\u00fcr kleine Pflanzen. Erh\u00e4ltlich in verschiedenen Gr\u00f6\u00dfen und Farben.<\/em><\/p>\n<p style=\"text-align: justify;\"><em>Alle Newgarden-Produkte bestehen aus Polyethylen, sind also leicht und sehr widerstandsf\u00e4hig gegen extreme Temperaturen. Sie sind auch gegen UV-Strahlen gesch\u00fctzt, wodurch die Lebensdauer des Produkts au\u00dferordentlich lang ist. <\/em><\/p>\n<p>[\/vc_column_text][\/vc_column][\/vc_row][vc_row disable_element=&#8220;yes&#8220;][vc_column][vc_single_image image=&#8220;6566&#8243; img_size=&#8220;full&#8220;][\/vc_column][\/vc_row][vc_row][vc_column width=&#8220;1\/2&#8243;][vc_btn title=&#8220;Technisches Datenblatt&#8220; style=&#8220;custom&#8220; custom_background=&#8220;#009bc2&#8243; custom_text=&#8220;#ffffff&#8220; shape=&#8220;square&#8220; link=&#8220;url:https%3A%2F%2Fbit.ly%2F3y7LjlQ|target:%20_blank|&#8220; el_class=&#8220;btn_descargar_ficha&#8220;][\/vc_column][vc_column width=&#8220;1\/2&#8243;][\/vc_column][\/vc_row]<\/p>\n<\/section>","protected":false},"excerpt":{"rendered":"<h1 style=\"font-size: 12px\">Clavel Trapezf\u00f6rmiger Outdoor- Blumentopf<\/h1>\n","protected":false},"featured_media":59860,"template":"","meta":[],"product_cat":[783,806,1597],"product_tag":[],"class_list":{"0":"post-20145","1":"product","2":"type-product","3":"status-publish","4":"has-post-thumbnail","6":"product_cat-blumentopfs","7":"product_cat-blumentopfs-ohne-beleuchtung","8":"product_cat-quadratische-blumentopfs","10":"first","11":"instock","12":"taxable","13":"shipping-taxable","14":"purchasable","15":"product-type-variable"},"yoast_head":"<!-- This site is optimized with the Yoast SEO plugin v24.2 - https:\/\/yoast.com\/wordpress\/plugins\/seo\/ -->\n<title>CLAVEL40 trapez Topf aus Polyethylen hergestellt Au\u00dfen<\/title>\n<meta name=\"description\" content=\"Clavel ist ein trapez Pflanzer f\u00fcr externe Leitungen und mit grundlegender strukturierter glatter Oberfl\u00e4che. Dieser Pflanzer aus Polyethylen ist ideal f\u00fcr kleine Pflanzen und f\u00fcr den Einsatz in jedem Platz im Freien und Garten. Clavel ist in verschiedenen Gr\u00f6\u00dfen und Farben erh\u00e4ltlich.\" \/>\n<meta name=\"robots\" content=\"index, follow, max-snippet:-1, max-image-preview:large, max-video-preview:-1\" \/>\n<link rel=\"canonical\" href=\"https:\/\/newgarden.es\/de\/shop\/blumentopfs\/blumentopfs-ohne-beleuchtung\/clavel-40-color\/\" \/>\n<meta property=\"og:locale\" content=\"de_DE\" \/>\n<meta property=\"og:type\" content=\"article\" \/>\n<meta property=\"og:title\" content=\"CLAVEL40 trapez Topf aus Polyethylen hergestellt Au\u00dfen\" \/>\n<meta property=\"og:description\" content=\"Clavel ist ein trapez Pflanzer f\u00fcr externe Leitungen und mit grundlegender strukturierter glatter Oberfl\u00e4che. Dieser Pflanzer aus Polyethylen ist ideal f\u00fcr kleine Pflanzen und f\u00fcr den Einsatz in jedem Platz im Freien und Garten. Clavel ist in verschiedenen Gr\u00f6\u00dfen und Farben erh\u00e4ltlich.\" \/>\n<meta property=\"og:url\" content=\"https:\/\/newgarden.es\/de\/shop\/blumentopfs\/blumentopfs-ohne-beleuchtung\/clavel-40-color\/\" \/>\n<meta property=\"og:site_name\" content=\"Newgarden\" \/>\n<meta property=\"article:modified_time\" content=\"2024-06-13T11:08:37+00:00\" \/>\n<meta property=\"og:image\" content=\"https:\/\/newgarden.es\/wp-content\/uploads\/2019\/05\/CALVEL-40-COLORES-OPACOS_FW-1.jpg\" \/>\n\t<meta property=\"og:image:width\" content=\"1960\" \/>\n\t<meta property=\"og:image:height\" content=\"1960\" \/>\n\t<meta property=\"og:image:type\" content=\"image\/jpeg\" \/>\n<meta name=\"twitter:card\" content=\"summary_large_image\" \/>\n<meta name=\"twitter:label1\" content=\"Gesch\u00e4tzte Lesezeit\" \/>\n\t<meta name=\"twitter:data1\" content=\"1\u00a0Minute\" \/>\n<script type=\"application\/ld+json\" class=\"yoast-schema-graph\">{\"@context\":\"https:\/\/schema.org\",\"@graph\":[{\"@type\":\"WebPage\",\"@id\":\"https:\/\/newgarden.es\/de\/shop\/blumentopfs\/blumentopfs-ohne-beleuchtung\/clavel-40-color\/\",\"url\":\"https:\/\/newgarden.es\/de\/shop\/blumentopfs\/blumentopfs-ohne-beleuchtung\/clavel-40-color\/\",\"name\":\"CLAVEL40 trapez Topf aus Polyethylen hergestellt Au\u00dfen\",\"isPartOf\":{\"@id\":\"https:\/\/newgarden.es\/#website\"},\"primaryImageOfPage\":{\"@id\":\"https:\/\/newgarden.es\/de\/shop\/blumentopfs\/blumentopfs-ohne-beleuchtung\/clavel-40-color\/#primaryimage\"},\"image\":{\"@id\":\"https:\/\/newgarden.es\/de\/shop\/blumentopfs\/blumentopfs-ohne-beleuchtung\/clavel-40-color\/#primaryimage\"},\"thumbnailUrl\":\"https:\/\/newgarden.es\/wp-content\/uploads\/2019\/05\/CALVEL-40-COLORES-OPACOS_FW-1.jpg\",\"datePublished\":\"2019-10-30T13:10:23+00:00\",\"dateModified\":\"2024-06-13T11:08:37+00:00\",\"description\":\"Clavel ist ein trapez Pflanzer f\u00fcr externe Leitungen und mit grundlegender strukturierter glatter Oberfl\u00e4che. Dieser Pflanzer aus Polyethylen ist ideal f\u00fcr kleine Pflanzen und f\u00fcr den Einsatz in jedem Platz im Freien und Garten. Clavel ist in verschiedenen Gr\u00f6\u00dfen und Farben erh\u00e4ltlich.\",\"breadcrumb\":{\"@id\":\"https:\/\/newgarden.es\/de\/shop\/blumentopfs\/blumentopfs-ohne-beleuchtung\/clavel-40-color\/#breadcrumb\"},\"inLanguage\":\"de\",\"potentialAction\":[{\"@type\":\"ReadAction\",\"target\":[\"https:\/\/newgarden.es\/de\/shop\/blumentopfs\/blumentopfs-ohne-beleuchtung\/clavel-40-color\/\"]}]},{\"@type\":\"ImageObject\",\"inLanguage\":\"de\",\"@id\":\"https:\/\/newgarden.es\/de\/shop\/blumentopfs\/blumentopfs-ohne-beleuchtung\/clavel-40-color\/#primaryimage\",\"url\":\"https:\/\/newgarden.es\/wp-content\/uploads\/2019\/05\/CALVEL-40-COLORES-OPACOS_FW-1.jpg\",\"contentUrl\":\"https:\/\/newgarden.es\/wp-content\/uploads\/2019\/05\/CALVEL-40-COLORES-OPACOS_FW-1.jpg\",\"width\":1960,\"height\":1960},{\"@type\":\"BreadcrumbList\",\"@id\":\"https:\/\/newgarden.es\/de\/shop\/blumentopfs\/blumentopfs-ohne-beleuchtung\/clavel-40-color\/#breadcrumb\",\"itemListElement\":[{\"@type\":\"ListItem\",\"position\":1,\"name\":\"Home\",\"item\":\"https:\/\/newgarden.es\/de\/\"},{\"@type\":\"ListItem\",\"position\":2,\"name\":\"Shop\",\"item\":\"https:\/\/newgarden.es\/de\/shop\/\"},{\"@type\":\"ListItem\",\"position\":3,\"name\":\"CLAVEL 40 COLOUR\"}]},{\"@type\":\"WebSite\",\"@id\":\"https:\/\/newgarden.es\/#website\",\"url\":\"https:\/\/newgarden.es\/\",\"name\":\"Newgarden\",\"description\":\"Be happy\",\"potentialAction\":[{\"@type\":\"SearchAction\",\"target\":{\"@type\":\"EntryPoint\",\"urlTemplate\":\"https:\/\/newgarden.es\/?s={search_term_string}\"},\"query-input\":{\"@type\":\"PropertyValueSpecification\",\"valueRequired\":true,\"valueName\":\"search_term_string\"}}],\"inLanguage\":\"de\"}]}<\/script>\n<!-- \/ Yoast SEO plugin. -->","yoast_head_json":{"title":"CLAVEL40 trapez Topf aus Polyethylen hergestellt Au\u00dfen","description":"Clavel ist ein trapez Pflanzer f\u00fcr externe Leitungen und mit grundlegender strukturierter glatter Oberfl\u00e4che. Dieser Pflanzer aus Polyethylen ist ideal f\u00fcr kleine Pflanzen und f\u00fcr den Einsatz in jedem Platz im Freien und Garten. Clavel ist in verschiedenen Gr\u00f6\u00dfen und Farben erh\u00e4ltlich.","robots":{"index":"index","follow":"follow","max-snippet":"max-snippet:-1","max-image-preview":"max-image-preview:large","max-video-preview":"max-video-preview:-1"},"canonical":"https:\/\/newgarden.es\/de\/shop\/blumentopfs\/blumentopfs-ohne-beleuchtung\/clavel-40-color\/","og_locale":"de_DE","og_type":"article","og_title":"CLAVEL40 trapez Topf aus Polyethylen hergestellt Au\u00dfen","og_description":"Clavel ist ein trapez Pflanzer f\u00fcr externe Leitungen und mit grundlegender strukturierter glatter Oberfl\u00e4che. Dieser Pflanzer aus Polyethylen ist ideal f\u00fcr kleine Pflanzen und f\u00fcr den Einsatz in jedem Platz im Freien und Garten. Clavel ist in verschiedenen Gr\u00f6\u00dfen und Farben erh\u00e4ltlich.","og_url":"https:\/\/newgarden.es\/de\/shop\/blumentopfs\/blumentopfs-ohne-beleuchtung\/clavel-40-color\/","og_site_name":"Newgarden","article_modified_time":"2024-06-13T11:08:37+00:00","og_image":[{"width":1960,"height":1960,"url":"https:\/\/newgarden.es\/wp-content\/uploads\/2019\/05\/CALVEL-40-COLORES-OPACOS_FW-1.jpg","type":"image\/jpeg"}],"twitter_card":"summary_large_image","twitter_misc":{"Gesch\u00e4tzte Lesezeit":"1\u00a0Minute"},"schema":{"@context":"https:\/\/schema.org","@graph":[{"@type":"WebPage","@id":"https:\/\/newgarden.es\/de\/shop\/blumentopfs\/blumentopfs-ohne-beleuchtung\/clavel-40-color\/","url":"https:\/\/newgarden.es\/de\/shop\/blumentopfs\/blumentopfs-ohne-beleuchtung\/clavel-40-color\/","name":"CLAVEL40 trapez Topf aus Polyethylen hergestellt Au\u00dfen","isPartOf":{"@id":"https:\/\/newgarden.es\/#website"},"primaryImageOfPage":{"@id":"https:\/\/newgarden.es\/de\/shop\/blumentopfs\/blumentopfs-ohne-beleuchtung\/clavel-40-color\/#primaryimage"},"image":{"@id":"https:\/\/newgarden.es\/de\/shop\/blumentopfs\/blumentopfs-ohne-beleuchtung\/clavel-40-color\/#primaryimage"},"thumbnailUrl":"https:\/\/newgarden.es\/wp-content\/uploads\/2019\/05\/CALVEL-40-COLORES-OPACOS_FW-1.jpg","datePublished":"2019-10-30T13:10:23+00:00","dateModified":"2024-06-13T11:08:37+00:00","description":"Clavel ist ein trapez Pflanzer f\u00fcr externe Leitungen und mit grundlegender strukturierter glatter Oberfl\u00e4che. Dieser Pflanzer aus Polyethylen ist ideal f\u00fcr kleine Pflanzen und f\u00fcr den Einsatz in jedem Platz im Freien und Garten. Clavel ist in verschiedenen Gr\u00f6\u00dfen und Farben erh\u00e4ltlich.","breadcrumb":{"@id":"https:\/\/newgarden.es\/de\/shop\/blumentopfs\/blumentopfs-ohne-beleuchtung\/clavel-40-color\/#breadcrumb"},"inLanguage":"de","potentialAction":[{"@type":"ReadAction","target":["https:\/\/newgarden.es\/de\/shop\/blumentopfs\/blumentopfs-ohne-beleuchtung\/clavel-40-color\/"]}]},{"@type":"ImageObject","inLanguage":"de","@id":"https:\/\/newgarden.es\/de\/shop\/blumentopfs\/blumentopfs-ohne-beleuchtung\/clavel-40-color\/#primaryimage","url":"https:\/\/newgarden.es\/wp-content\/uploads\/2019\/05\/CALVEL-40-COLORES-OPACOS_FW-1.jpg","contentUrl":"https:\/\/newgarden.es\/wp-content\/uploads\/2019\/05\/CALVEL-40-COLORES-OPACOS_FW-1.jpg","width":1960,"height":1960},{"@type":"BreadcrumbList","@id":"https:\/\/newgarden.es\/de\/shop\/blumentopfs\/blumentopfs-ohne-beleuchtung\/clavel-40-color\/#breadcrumb","itemListElement":[{"@type":"ListItem","position":1,"name":"Home","item":"https:\/\/newgarden.es\/de\/"},{"@type":"ListItem","position":2,"name":"Shop","item":"https:\/\/newgarden.es\/de\/shop\/"},{"@type":"ListItem","position":3,"name":"CLAVEL 40 COLOUR"}]},{"@type":"WebSite","@id":"https:\/\/newgarden.es\/#website","url":"https:\/\/newgarden.es\/","name":"Newgarden","description":"Be happy","potentialAction":[{"@type":"SearchAction","target":{"@type":"EntryPoint","urlTemplate":"https:\/\/newgarden.es\/?s={search_term_string}"},"query-input":{"@type":"PropertyValueSpecification","valueRequired":true,"valueName":"search_term_string"}}],"inLanguage":"de"}]}},"df_price":43.2,"df_sale_price":"","df_regular_price":43.2,"df_image_link":"https:\/\/newgarden.es\/wp-content\/uploads\/2019\/05\/CALVEL-40-COLORES-OPACOS_FW-1-580x400.jpg","_links":{"self":[{"href":"https:\/\/newgarden.es\/de\/wp-json\/wp\/v2\/product\/20145"}],"collection":[{"href":"https:\/\/newgarden.es\/de\/wp-json\/wp\/v2\/product"}],"about":[{"href":"https:\/\/newgarden.es\/de\/wp-json\/wp\/v2\/types\/product"}],"wp:featuredmedia":[{"embeddable":true,"href":"https:\/\/newgarden.es\/de\/wp-json\/wp\/v2\/media\/59860"}],"wp:attachment":[{"href":"https:\/\/newgarden.es\/de\/wp-json\/wp\/v2\/media?parent=20145"}],"wp:term":[{"taxonomy":"product_cat","embeddable":true,"href":"https:\/\/newgarden.es\/de\/wp-json\/wp\/v2\/product_cat?post=20145"},{"taxonomy":"product_tag","embeddable":true,"href":"https:\/\/newgarden.es\/de\/wp-json\/wp\/v2\/product_tag?post=20145"}],"curies":[{"name":"wp","href":"https:\/\/api.w.org\/{rel}","templated":true}]}}