{"id":20200,"date":"2019-05-08T07:37:08","date_gmt":"2019-10-30T13:17:47","guid":{"rendered":"https:\/\/newgarden.es\/shop\/sin%20categor\u00eda\/rosa-55-rustic\/"},"modified":"2019-12-20T11:47:47","modified_gmt":"2019-12-20T10:47:47","slug":"rosa-55-rustic","status":"publish","type":"product","link":"https:\/\/newgarden.es\/de\/shop\/blumentopfs\/blumentopfs-ohne-beleuchtung\/rosa-55-rustic\/","title":{"rendered":"ROSA 55 RUSTIC"},"content":{"rendered":"<section class=\"wpb-content-wrapper\"><p>[vc_row][vc_column el_class=&#8221;descripcion_producto&#8221;][vc_column_text]<\/p>\n<p style=\"text-align: justify\"><em>*ROSA: Es ist ein kegelf\u00f6rmige Blumentopf mit einer gro\u00dfen Plantagen Oberfl\u00e4che. Die abgerundeten Linien und texturierte Designs von klassisch maceter\u00eda rusticiert inspiriert. Erh\u00e4ltlich in verschiedenen Gr\u00f6\u00dfen und Farben.<\/em><\/p>\n<p style=\"text-align: justify\"><em>Alle Newgarden-Produkte bestehen aus Polyethylen, sind also leicht und sehr widerstandsf\u00e4hig gegen extreme Temperaturen. Sie sind auch gegen UV-Strahlen gesch\u00fctzt, wodurch die Lebensdauer des Produkts au\u00dferordentlich lang ist. <\/em><\/p>\n<p>[\/vc_column_text][\/vc_column][\/vc_row][vc_row disable_element=&#8221;yes&#8221;][vc_column][vc_single_image image=&#8221;6566&#8243; img_size=&#8221;full&#8221;][\/vc_column][\/vc_row][vc_row][vc_column width=&#8221;1\/2&#8243;][vc_btn title=&#8221;Technisches Datenblatt&#8221; style=&#8221;custom&#8221; custom_background=&#8221;#009bc2&#8243; custom_text=&#8221;#ffffff&#8221; shape=&#8221;square&#8221; link=&#8221;url:https%3A%2F%2Fwww.newgarden.es%2Fwp-content%2Fuploads%2F2018%2F05%2FRosa.pdf|target:%20_blank|&#8221; el_class=&#8221;btn_descargar_ficha&#8221;][\/vc_column][vc_column width=&#8221;1\/2&#8243;][vc_btn title=&#8221;BEDIENUNGSANLEITUNG&#8221; style=&#8221;custom&#8221; custom_background=&#8221;#009bc2&#8243; custom_text=&#8221;#ffffff&#8221; shape=&#8221;square&#8221; link=&#8221;url:https%3A%2F%2Fnewgarden.es%2Finstrucciones%2F||target:%20_blank|&#8221; el_class=&#8221;btn_descargar_ficha&#8221;][\/vc_column][\/vc_row]<\/p>\n<\/section>","protected":false},"excerpt":{"rendered":"<h1 style=\"font-size: 12px\">Kegelf\u00f6rmiger Outdoor Blumentopf<\/h1>\n","protected":false},"featured_media":61725,"template":"","meta":[],"product_cat":[783,806,1594],"product_tag":[],"class_list":{"0":"post-20200","1":"product","2":"type-product","3":"status-publish","4":"has-post-thumbnail","6":"product_cat-blumentopfs","7":"product_cat-blumentopfs-ohne-beleuchtung","8":"product_cat-runde-blumentopfs","10":"first","11":"instock","12":"taxable","13":"shipping-taxable","14":"purchasable","15":"product-type-variable"},"yoast_head":"<!-- This site is optimized with the Yoast SEO plugin v24.2 - https:\/\/yoast.com\/wordpress\/plugins\/seo\/ -->\n<title>Rosa Macetero Coliforme im rustikalen Au\u00dfenverkleidung<\/title>\n<meta name=\"description\" content=\"Es ist eine kegelf\u00f6rmige Pflanzgef\u00e4ss mit einer gro\u00dfen Pflanzung Basis. Die abgerundeten Linien und texturierte Designs von klassisch maceter\u00eda rusticiert inspiriert. Der Platz Pflanzer Rosa ist ideal f\u00fcr alle Arten von Freir\u00e4umen und Garten. Erh\u00e4ltlich in verschiedenen Ausf\u00fchrungen und Gr\u00f6\u00dfen.\" \/>\n<meta name=\"robots\" content=\"index, follow, max-snippet:-1, max-image-preview:large, max-video-preview:-1\" \/>\n<link rel=\"canonical\" href=\"https:\/\/newgarden.es\/de\/shop\/blumentopfs\/blumentopfs-ohne-beleuchtung\/rosa-55-rustic\/\" \/>\n<meta property=\"og:locale\" content=\"de_DE\" \/>\n<meta property=\"og:type\" content=\"article\" \/>\n<meta property=\"og:title\" content=\"Rosa Macetero Coliforme im rustikalen Au\u00dfenverkleidung\" \/>\n<meta property=\"og:description\" content=\"Es ist eine kegelf\u00f6rmige Pflanzgef\u00e4ss mit einer gro\u00dfen Pflanzung Basis. Die abgerundeten Linien und texturierte Designs von klassisch maceter\u00eda rusticiert inspiriert. Der Platz Pflanzer Rosa ist ideal f\u00fcr alle Arten von Freir\u00e4umen und Garten. Erh\u00e4ltlich in verschiedenen Ausf\u00fchrungen und Gr\u00f6\u00dfen.\" \/>\n<meta property=\"og:url\" content=\"https:\/\/newgarden.es\/de\/shop\/blumentopfs\/blumentopfs-ohne-beleuchtung\/rosa-55-rustic\/\" \/>\n<meta property=\"og:site_name\" content=\"Newgarden\" \/>\n<meta property=\"article:modified_time\" content=\"2019-12-20T10:47:47+00:00\" \/>\n<meta property=\"og:image\" content=\"https:\/\/newgarden.es\/wp-content\/uploads\/2019\/05\/ROSA_55_1200X1200-1-768x768.png\" \/>\n\t<meta property=\"og:image:width\" content=\"768\" \/>\n\t<meta property=\"og:image:height\" content=\"768\" \/>\n\t<meta property=\"og:image:type\" content=\"image\/png\" \/>\n<meta name=\"twitter:card\" content=\"summary_large_image\" \/>\n<meta name=\"twitter:label1\" content=\"Gesch\u00e4tzte Lesezeit\" \/>\n\t<meta name=\"twitter:data1\" content=\"1\u00a0Minute\" \/>\n<script type=\"application\/ld+json\" class=\"yoast-schema-graph\">{\"@context\":\"https:\/\/schema.org\",\"@graph\":[{\"@type\":\"WebPage\",\"@id\":\"https:\/\/newgarden.es\/de\/shop\/blumentopfs\/blumentopfs-ohne-beleuchtung\/rosa-55-rustic\/\",\"url\":\"https:\/\/newgarden.es\/de\/shop\/blumentopfs\/blumentopfs-ohne-beleuchtung\/rosa-55-rustic\/\",\"name\":\"Rosa Macetero Coliforme im rustikalen Au\u00dfenverkleidung\",\"isPartOf\":{\"@id\":\"https:\/\/newgarden.es\/#website\"},\"primaryImageOfPage\":{\"@id\":\"https:\/\/newgarden.es\/de\/shop\/blumentopfs\/blumentopfs-ohne-beleuchtung\/rosa-55-rustic\/#primaryimage\"},\"image\":{\"@id\":\"https:\/\/newgarden.es\/de\/shop\/blumentopfs\/blumentopfs-ohne-beleuchtung\/rosa-55-rustic\/#primaryimage\"},\"thumbnailUrl\":\"https:\/\/newgarden.es\/wp-content\/uploads\/2019\/05\/ROSA_55_1200X1200-1.png\",\"datePublished\":\"2019-10-30T13:17:47+00:00\",\"dateModified\":\"2019-12-20T10:47:47+00:00\",\"description\":\"Es ist eine kegelf\u00f6rmige Pflanzgef\u00e4ss mit einer gro\u00dfen Pflanzung Basis. Die abgerundeten Linien und texturierte Designs von klassisch maceter\u00eda rusticiert inspiriert. Der Platz Pflanzer Rosa ist ideal f\u00fcr alle Arten von Freir\u00e4umen und Garten. Erh\u00e4ltlich in verschiedenen Ausf\u00fchrungen und Gr\u00f6\u00dfen.\",\"breadcrumb\":{\"@id\":\"https:\/\/newgarden.es\/de\/shop\/blumentopfs\/blumentopfs-ohne-beleuchtung\/rosa-55-rustic\/#breadcrumb\"},\"inLanguage\":\"de\",\"potentialAction\":[{\"@type\":\"ReadAction\",\"target\":[\"https:\/\/newgarden.es\/de\/shop\/blumentopfs\/blumentopfs-ohne-beleuchtung\/rosa-55-rustic\/\"]}]},{\"@type\":\"ImageObject\",\"inLanguage\":\"de\",\"@id\":\"https:\/\/newgarden.es\/de\/shop\/blumentopfs\/blumentopfs-ohne-beleuchtung\/rosa-55-rustic\/#primaryimage\",\"url\":\"https:\/\/newgarden.es\/wp-content\/uploads\/2019\/05\/ROSA_55_1200X1200-1.png\",\"contentUrl\":\"https:\/\/newgarden.es\/wp-content\/uploads\/2019\/05\/ROSA_55_1200X1200-1.png\",\"width\":1200,\"height\":1200},{\"@type\":\"BreadcrumbList\",\"@id\":\"https:\/\/newgarden.es\/de\/shop\/blumentopfs\/blumentopfs-ohne-beleuchtung\/rosa-55-rustic\/#breadcrumb\",\"itemListElement\":[{\"@type\":\"ListItem\",\"position\":1,\"name\":\"Home\",\"item\":\"https:\/\/newgarden.es\/de\/\"},{\"@type\":\"ListItem\",\"position\":2,\"name\":\"Shop\",\"item\":\"https:\/\/newgarden.es\/de\/shop\/\"},{\"@type\":\"ListItem\",\"position\":3,\"name\":\"ROSA 55 RUSTIC\"}]},{\"@type\":\"WebSite\",\"@id\":\"https:\/\/newgarden.es\/#website\",\"url\":\"https:\/\/newgarden.es\/\",\"name\":\"Newgarden\",\"description\":\"Be happy\",\"potentialAction\":[{\"@type\":\"SearchAction\",\"target\":{\"@type\":\"EntryPoint\",\"urlTemplate\":\"https:\/\/newgarden.es\/?s={search_term_string}\"},\"query-input\":{\"@type\":\"PropertyValueSpecification\",\"valueRequired\":true,\"valueName\":\"search_term_string\"}}],\"inLanguage\":\"de\"}]}<\/script>\n<!-- \/ Yoast SEO plugin. -->","yoast_head_json":{"title":"Rosa Macetero Coliforme im rustikalen Au\u00dfenverkleidung","description":"Es ist eine kegelf\u00f6rmige Pflanzgef\u00e4ss mit einer gro\u00dfen Pflanzung Basis. Die abgerundeten Linien und texturierte Designs von klassisch maceter\u00eda rusticiert inspiriert. Der Platz Pflanzer Rosa ist ideal f\u00fcr alle Arten von Freir\u00e4umen und Garten. Erh\u00e4ltlich in verschiedenen Ausf\u00fchrungen und Gr\u00f6\u00dfen.","robots":{"index":"index","follow":"follow","max-snippet":"max-snippet:-1","max-image-preview":"max-image-preview:large","max-video-preview":"max-video-preview:-1"},"canonical":"https:\/\/newgarden.es\/de\/shop\/blumentopfs\/blumentopfs-ohne-beleuchtung\/rosa-55-rustic\/","og_locale":"de_DE","og_type":"article","og_title":"Rosa Macetero Coliforme im rustikalen Au\u00dfenverkleidung","og_description":"Es ist eine kegelf\u00f6rmige Pflanzgef\u00e4ss mit einer gro\u00dfen Pflanzung Basis. Die abgerundeten Linien und texturierte Designs von klassisch maceter\u00eda rusticiert inspiriert. Der Platz Pflanzer Rosa ist ideal f\u00fcr alle Arten von Freir\u00e4umen und Garten. Erh\u00e4ltlich in verschiedenen Ausf\u00fchrungen und Gr\u00f6\u00dfen.","og_url":"https:\/\/newgarden.es\/de\/shop\/blumentopfs\/blumentopfs-ohne-beleuchtung\/rosa-55-rustic\/","og_site_name":"Newgarden","article_modified_time":"2019-12-20T10:47:47+00:00","og_image":[{"width":768,"height":768,"url":"https:\/\/newgarden.es\/wp-content\/uploads\/2019\/05\/ROSA_55_1200X1200-1-768x768.png","type":"image\/png"}],"twitter_card":"summary_large_image","twitter_misc":{"Gesch\u00e4tzte Lesezeit":"1\u00a0Minute"},"schema":{"@context":"https:\/\/schema.org","@graph":[{"@type":"WebPage","@id":"https:\/\/newgarden.es\/de\/shop\/blumentopfs\/blumentopfs-ohne-beleuchtung\/rosa-55-rustic\/","url":"https:\/\/newgarden.es\/de\/shop\/blumentopfs\/blumentopfs-ohne-beleuchtung\/rosa-55-rustic\/","name":"Rosa Macetero Coliforme im rustikalen Au\u00dfenverkleidung","isPartOf":{"@id":"https:\/\/newgarden.es\/#website"},"primaryImageOfPage":{"@id":"https:\/\/newgarden.es\/de\/shop\/blumentopfs\/blumentopfs-ohne-beleuchtung\/rosa-55-rustic\/#primaryimage"},"image":{"@id":"https:\/\/newgarden.es\/de\/shop\/blumentopfs\/blumentopfs-ohne-beleuchtung\/rosa-55-rustic\/#primaryimage"},"thumbnailUrl":"https:\/\/newgarden.es\/wp-content\/uploads\/2019\/05\/ROSA_55_1200X1200-1.png","datePublished":"2019-10-30T13:17:47+00:00","dateModified":"2019-12-20T10:47:47+00:00","description":"Es ist eine kegelf\u00f6rmige Pflanzgef\u00e4ss mit einer gro\u00dfen Pflanzung Basis. Die abgerundeten Linien und texturierte Designs von klassisch maceter\u00eda rusticiert inspiriert. Der Platz Pflanzer Rosa ist ideal f\u00fcr alle Arten von Freir\u00e4umen und Garten. Erh\u00e4ltlich in verschiedenen Ausf\u00fchrungen und Gr\u00f6\u00dfen.","breadcrumb":{"@id":"https:\/\/newgarden.es\/de\/shop\/blumentopfs\/blumentopfs-ohne-beleuchtung\/rosa-55-rustic\/#breadcrumb"},"inLanguage":"de","potentialAction":[{"@type":"ReadAction","target":["https:\/\/newgarden.es\/de\/shop\/blumentopfs\/blumentopfs-ohne-beleuchtung\/rosa-55-rustic\/"]}]},{"@type":"ImageObject","inLanguage":"de","@id":"https:\/\/newgarden.es\/de\/shop\/blumentopfs\/blumentopfs-ohne-beleuchtung\/rosa-55-rustic\/#primaryimage","url":"https:\/\/newgarden.es\/wp-content\/uploads\/2019\/05\/ROSA_55_1200X1200-1.png","contentUrl":"https:\/\/newgarden.es\/wp-content\/uploads\/2019\/05\/ROSA_55_1200X1200-1.png","width":1200,"height":1200},{"@type":"BreadcrumbList","@id":"https:\/\/newgarden.es\/de\/shop\/blumentopfs\/blumentopfs-ohne-beleuchtung\/rosa-55-rustic\/#breadcrumb","itemListElement":[{"@type":"ListItem","position":1,"name":"Home","item":"https:\/\/newgarden.es\/de\/"},{"@type":"ListItem","position":2,"name":"Shop","item":"https:\/\/newgarden.es\/de\/shop\/"},{"@type":"ListItem","position":3,"name":"ROSA 55 RUSTIC"}]},{"@type":"WebSite","@id":"https:\/\/newgarden.es\/#website","url":"https:\/\/newgarden.es\/","name":"Newgarden","description":"Be happy","potentialAction":[{"@type":"SearchAction","target":{"@type":"EntryPoint","urlTemplate":"https:\/\/newgarden.es\/?s={search_term_string}"},"query-input":{"@type":"PropertyValueSpecification","valueRequired":true,"valueName":"search_term_string"}}],"inLanguage":"de"}]}},"df_price":54,"df_sale_price":"","df_regular_price":54,"df_image_link":"https:\/\/newgarden.es\/wp-content\/uploads\/2019\/05\/ROSA_55_1200X1200-1-580x400.png","_links":{"self":[{"href":"https:\/\/newgarden.es\/de\/wp-json\/wp\/v2\/product\/20200"}],"collection":[{"href":"https:\/\/newgarden.es\/de\/wp-json\/wp\/v2\/product"}],"about":[{"href":"https:\/\/newgarden.es\/de\/wp-json\/wp\/v2\/types\/product"}],"wp:featuredmedia":[{"embeddable":true,"href":"https:\/\/newgarden.es\/de\/wp-json\/wp\/v2\/media\/61725"}],"wp:attachment":[{"href":"https:\/\/newgarden.es\/de\/wp-json\/wp\/v2\/media?parent=20200"}],"wp:term":[{"taxonomy":"product_cat","embeddable":true,"href":"https:\/\/newgarden.es\/de\/wp-json\/wp\/v2\/product_cat?post=20200"},{"taxonomy":"product_tag","embeddable":true,"href":"https:\/\/newgarden.es\/de\/wp-json\/wp\/v2\/product_tag?post=20200"}],"curies":[{"name":"wp","href":"https:\/\/api.w.org\/{rel}","templated":true}]}}