{"id":20304,"date":"2019-05-07T14:46:56","date_gmt":"2019-11-04T07:51:14","guid":{"rendered":"https:\/\/newgarden.es\/shop\/sin%20categor\u00eda\/jazmin-80-color\/"},"modified":"2024-06-13T13:19:01","modified_gmt":"2024-06-13T11:19:01","slug":"jazmin-80-color","status":"publish","type":"product","link":"https:\/\/newgarden.es\/de\/shop\/blumentopfs\/blumentopfs-ohne-beleuchtung\/jazmin-80-color\/","title":{"rendered":"JAZMIN 80 COLOUR"},"content":{"rendered":"<section class=\"wpb-content-wrapper\"><p>[vc_row][vc_column el_class=&#8221;descripcion_producto&#8221;][vc_column_text]<\/p>\n<p style=\"text-align: justify;\"><em>* JAZMIN: Es ist ein rechteckiger und trapezf\u00f6rmiger Blumentopf. Erh\u00e4ltlich in verschiedenen Gr\u00f6\u00dfen, Texturen und Farben.<\/em><\/p>\n<p style=\"text-align: justify;\"><em>Alle Newgarden-Produkte bestehen aus Polyethylen, sind also leicht und sehr widerstandsf\u00e4hig gegen extreme Temperaturen. Sie sind auch gegen UV-Strahlen gesch\u00fctzt, wodurch die Lebensdauer des Produkts au\u00dferordentlich lang ist. <\/em><\/p>\n<p>[\/vc_column_text][\/vc_column][\/vc_row][vc_row disable_element=&#8221;yes&#8221;][vc_column][vc_single_image image=&#8221;6566&#8243; img_size=&#8221;full&#8221;][\/vc_column][\/vc_row][vc_row][vc_column width=&#8221;1\/2&#8243;][vc_btn title=&#8221;Technisches Datenblatt&#8221; style=&#8221;custom&#8221; custom_background=&#8221;#009bc2&#8243; custom_text=&#8221;#ffffff&#8221; shape=&#8221;square&#8221; link=&#8221;url:https%3A%2F%2Fbit.ly%2F3OyJGmr|target:%20_blank|&#8221; el_class=&#8221;btn_descargar_ficha&#8221;][\/vc_column][vc_column width=&#8221;1\/2&#8243;][\/vc_column][\/vc_row]<\/p>\n<\/section>","protected":false},"excerpt":{"rendered":"<h1 style=\"font-size: 12px;\">Jazmin Rechteckiger und trapezf\u00f6rmiger Outdoor- Blumenkasten<\/h1>\n","protected":false},"featured_media":60486,"template":"","meta":[],"product_cat":[783,806,1597],"product_tag":[],"class_list":{"0":"post-20304","1":"product","2":"type-product","3":"status-publish","4":"has-post-thumbnail","6":"product_cat-blumentopfs","7":"product_cat-blumentopfs-ohne-beleuchtung","8":"product_cat-quadratische-blumentopfs","10":"first","11":"instock","12":"taxable","13":"shipping-taxable","14":"purchasable","15":"product-type-variable"},"yoast_head":"<!-- This site is optimized with the Yoast SEO plugin v24.2 - https:\/\/yoast.com\/wordpress\/plugins\/seo\/ -->\n<title>JASMIN rechteckig und trapez Pflanzer f\u00fcr Au\u00dfengel\u00e4nde.<\/title>\n<meta name=\"description\" content=\"Jasmin ist eine rechteckige und trapezPflanzer. Diese Macetero Jasmin verf\u00fcgt \u00fcber Grundlinien und rustikale strukturierte und glatte Oberfl\u00e4che nicht perfekt f\u00fcr alle Outdoor-Raum oder Gartenterrassen. Erh\u00e4ltlich in verschiedenen Gr\u00f6\u00dfen und Farben. Erh\u00e4ltlich in verschiedenen Gr\u00f6\u00dfen und Farben. Das Jasmine 80-Modell ist mit einem Teller ausgestattet.\" \/>\n<meta name=\"robots\" content=\"index, follow, max-snippet:-1, max-image-preview:large, max-video-preview:-1\" \/>\n<link rel=\"canonical\" href=\"https:\/\/newgarden.es\/de\/shop\/blumentopfs\/blumentopfs-ohne-beleuchtung\/jazmin-80-color\/\" \/>\n<meta property=\"og:locale\" content=\"de_DE\" \/>\n<meta property=\"og:type\" content=\"article\" \/>\n<meta property=\"og:title\" content=\"JASMIN rechteckig und trapez Pflanzer f\u00fcr Au\u00dfengel\u00e4nde.\" \/>\n<meta property=\"og:description\" content=\"Jasmin ist eine rechteckige und trapezPflanzer. Diese Macetero Jasmin verf\u00fcgt \u00fcber Grundlinien und rustikale strukturierte und glatte Oberfl\u00e4che nicht perfekt f\u00fcr alle Outdoor-Raum oder Gartenterrassen. Erh\u00e4ltlich in verschiedenen Gr\u00f6\u00dfen und Farben. Erh\u00e4ltlich in verschiedenen Gr\u00f6\u00dfen und Farben. Das Jasmine 80-Modell ist mit einem Teller ausgestattet.\" \/>\n<meta property=\"og:url\" content=\"https:\/\/newgarden.es\/de\/shop\/blumentopfs\/blumentopfs-ohne-beleuchtung\/jazmin-80-color\/\" \/>\n<meta property=\"og:site_name\" content=\"Newgarden\" \/>\n<meta property=\"article:modified_time\" content=\"2024-06-13T11:19:01+00:00\" \/>\n<meta property=\"og:image\" content=\"https:\/\/newgarden.es\/wp-content\/uploads\/2019\/05\/JAZMIN_OPACOS_1200X1200.jpg\" \/>\n\t<meta property=\"og:image:width\" content=\"1200\" \/>\n\t<meta property=\"og:image:height\" content=\"1200\" \/>\n\t<meta property=\"og:image:type\" content=\"image\/jpeg\" \/>\n<meta name=\"twitter:card\" content=\"summary_large_image\" \/>\n<meta name=\"twitter:label1\" content=\"Gesch\u00e4tzte Lesezeit\" \/>\n\t<meta name=\"twitter:data1\" content=\"1\u00a0Minute\" \/>\n<script type=\"application\/ld+json\" class=\"yoast-schema-graph\">{\"@context\":\"https:\/\/schema.org\",\"@graph\":[{\"@type\":\"WebPage\",\"@id\":\"https:\/\/newgarden.es\/de\/shop\/blumentopfs\/blumentopfs-ohne-beleuchtung\/jazmin-80-color\/\",\"url\":\"https:\/\/newgarden.es\/de\/shop\/blumentopfs\/blumentopfs-ohne-beleuchtung\/jazmin-80-color\/\",\"name\":\"JASMIN rechteckig und trapez Pflanzer f\u00fcr Au\u00dfengel\u00e4nde.\",\"isPartOf\":{\"@id\":\"https:\/\/newgarden.es\/#website\"},\"primaryImageOfPage\":{\"@id\":\"https:\/\/newgarden.es\/de\/shop\/blumentopfs\/blumentopfs-ohne-beleuchtung\/jazmin-80-color\/#primaryimage\"},\"image\":{\"@id\":\"https:\/\/newgarden.es\/de\/shop\/blumentopfs\/blumentopfs-ohne-beleuchtung\/jazmin-80-color\/#primaryimage\"},\"thumbnailUrl\":\"https:\/\/newgarden.es\/wp-content\/uploads\/2019\/05\/JAZMIN_OPACOS_1200X1200.jpg\",\"datePublished\":\"2019-11-04T07:51:14+00:00\",\"dateModified\":\"2024-06-13T11:19:01+00:00\",\"description\":\"Jasmin ist eine rechteckige und trapezPflanzer. Diese Macetero Jasmin verf\u00fcgt \u00fcber Grundlinien und rustikale strukturierte und glatte Oberfl\u00e4che nicht perfekt f\u00fcr alle Outdoor-Raum oder Gartenterrassen. Erh\u00e4ltlich in verschiedenen Gr\u00f6\u00dfen und Farben. Erh\u00e4ltlich in verschiedenen Gr\u00f6\u00dfen und Farben. Das Jasmine 80-Modell ist mit einem Teller ausgestattet.\",\"breadcrumb\":{\"@id\":\"https:\/\/newgarden.es\/de\/shop\/blumentopfs\/blumentopfs-ohne-beleuchtung\/jazmin-80-color\/#breadcrumb\"},\"inLanguage\":\"de\",\"potentialAction\":[{\"@type\":\"ReadAction\",\"target\":[\"https:\/\/newgarden.es\/de\/shop\/blumentopfs\/blumentopfs-ohne-beleuchtung\/jazmin-80-color\/\"]}]},{\"@type\":\"ImageObject\",\"inLanguage\":\"de\",\"@id\":\"https:\/\/newgarden.es\/de\/shop\/blumentopfs\/blumentopfs-ohne-beleuchtung\/jazmin-80-color\/#primaryimage\",\"url\":\"https:\/\/newgarden.es\/wp-content\/uploads\/2019\/05\/JAZMIN_OPACOS_1200X1200.jpg\",\"contentUrl\":\"https:\/\/newgarden.es\/wp-content\/uploads\/2019\/05\/JAZMIN_OPACOS_1200X1200.jpg\",\"width\":1200,\"height\":1200},{\"@type\":\"BreadcrumbList\",\"@id\":\"https:\/\/newgarden.es\/de\/shop\/blumentopfs\/blumentopfs-ohne-beleuchtung\/jazmin-80-color\/#breadcrumb\",\"itemListElement\":[{\"@type\":\"ListItem\",\"position\":1,\"name\":\"Home\",\"item\":\"https:\/\/newgarden.es\/de\/\"},{\"@type\":\"ListItem\",\"position\":2,\"name\":\"Shop\",\"item\":\"https:\/\/newgarden.es\/de\/shop\/\"},{\"@type\":\"ListItem\",\"position\":3,\"name\":\"JAZMIN 80 COLOUR\"}]},{\"@type\":\"WebSite\",\"@id\":\"https:\/\/newgarden.es\/#website\",\"url\":\"https:\/\/newgarden.es\/\",\"name\":\"Newgarden\",\"description\":\"Be happy\",\"potentialAction\":[{\"@type\":\"SearchAction\",\"target\":{\"@type\":\"EntryPoint\",\"urlTemplate\":\"https:\/\/newgarden.es\/?s={search_term_string}\"},\"query-input\":{\"@type\":\"PropertyValueSpecification\",\"valueRequired\":true,\"valueName\":\"search_term_string\"}}],\"inLanguage\":\"de\"}]}<\/script>\n<!-- \/ Yoast SEO plugin. -->","yoast_head_json":{"title":"JASMIN rechteckig und trapez Pflanzer f\u00fcr Au\u00dfengel\u00e4nde.","description":"Jasmin ist eine rechteckige und trapezPflanzer. Diese Macetero Jasmin verf\u00fcgt \u00fcber Grundlinien und rustikale strukturierte und glatte Oberfl\u00e4che nicht perfekt f\u00fcr alle Outdoor-Raum oder Gartenterrassen. Erh\u00e4ltlich in verschiedenen Gr\u00f6\u00dfen und Farben. Erh\u00e4ltlich in verschiedenen Gr\u00f6\u00dfen und Farben. Das Jasmine 80-Modell ist mit einem Teller ausgestattet.","robots":{"index":"index","follow":"follow","max-snippet":"max-snippet:-1","max-image-preview":"max-image-preview:large","max-video-preview":"max-video-preview:-1"},"canonical":"https:\/\/newgarden.es\/de\/shop\/blumentopfs\/blumentopfs-ohne-beleuchtung\/jazmin-80-color\/","og_locale":"de_DE","og_type":"article","og_title":"JASMIN rechteckig und trapez Pflanzer f\u00fcr Au\u00dfengel\u00e4nde.","og_description":"Jasmin ist eine rechteckige und trapezPflanzer. Diese Macetero Jasmin verf\u00fcgt \u00fcber Grundlinien und rustikale strukturierte und glatte Oberfl\u00e4che nicht perfekt f\u00fcr alle Outdoor-Raum oder Gartenterrassen. Erh\u00e4ltlich in verschiedenen Gr\u00f6\u00dfen und Farben. Erh\u00e4ltlich in verschiedenen Gr\u00f6\u00dfen und Farben. Das Jasmine 80-Modell ist mit einem Teller ausgestattet.","og_url":"https:\/\/newgarden.es\/de\/shop\/blumentopfs\/blumentopfs-ohne-beleuchtung\/jazmin-80-color\/","og_site_name":"Newgarden","article_modified_time":"2024-06-13T11:19:01+00:00","og_image":[{"width":1200,"height":1200,"url":"https:\/\/newgarden.es\/wp-content\/uploads\/2019\/05\/JAZMIN_OPACOS_1200X1200.jpg","type":"image\/jpeg"}],"twitter_card":"summary_large_image","twitter_misc":{"Gesch\u00e4tzte Lesezeit":"1\u00a0Minute"},"schema":{"@context":"https:\/\/schema.org","@graph":[{"@type":"WebPage","@id":"https:\/\/newgarden.es\/de\/shop\/blumentopfs\/blumentopfs-ohne-beleuchtung\/jazmin-80-color\/","url":"https:\/\/newgarden.es\/de\/shop\/blumentopfs\/blumentopfs-ohne-beleuchtung\/jazmin-80-color\/","name":"JASMIN rechteckig und trapez Pflanzer f\u00fcr Au\u00dfengel\u00e4nde.","isPartOf":{"@id":"https:\/\/newgarden.es\/#website"},"primaryImageOfPage":{"@id":"https:\/\/newgarden.es\/de\/shop\/blumentopfs\/blumentopfs-ohne-beleuchtung\/jazmin-80-color\/#primaryimage"},"image":{"@id":"https:\/\/newgarden.es\/de\/shop\/blumentopfs\/blumentopfs-ohne-beleuchtung\/jazmin-80-color\/#primaryimage"},"thumbnailUrl":"https:\/\/newgarden.es\/wp-content\/uploads\/2019\/05\/JAZMIN_OPACOS_1200X1200.jpg","datePublished":"2019-11-04T07:51:14+00:00","dateModified":"2024-06-13T11:19:01+00:00","description":"Jasmin ist eine rechteckige und trapezPflanzer. Diese Macetero Jasmin verf\u00fcgt \u00fcber Grundlinien und rustikale strukturierte und glatte Oberfl\u00e4che nicht perfekt f\u00fcr alle Outdoor-Raum oder Gartenterrassen. Erh\u00e4ltlich in verschiedenen Gr\u00f6\u00dfen und Farben. Erh\u00e4ltlich in verschiedenen Gr\u00f6\u00dfen und Farben. Das Jasmine 80-Modell ist mit einem Teller ausgestattet.","breadcrumb":{"@id":"https:\/\/newgarden.es\/de\/shop\/blumentopfs\/blumentopfs-ohne-beleuchtung\/jazmin-80-color\/#breadcrumb"},"inLanguage":"de","potentialAction":[{"@type":"ReadAction","target":["https:\/\/newgarden.es\/de\/shop\/blumentopfs\/blumentopfs-ohne-beleuchtung\/jazmin-80-color\/"]}]},{"@type":"ImageObject","inLanguage":"de","@id":"https:\/\/newgarden.es\/de\/shop\/blumentopfs\/blumentopfs-ohne-beleuchtung\/jazmin-80-color\/#primaryimage","url":"https:\/\/newgarden.es\/wp-content\/uploads\/2019\/05\/JAZMIN_OPACOS_1200X1200.jpg","contentUrl":"https:\/\/newgarden.es\/wp-content\/uploads\/2019\/05\/JAZMIN_OPACOS_1200X1200.jpg","width":1200,"height":1200},{"@type":"BreadcrumbList","@id":"https:\/\/newgarden.es\/de\/shop\/blumentopfs\/blumentopfs-ohne-beleuchtung\/jazmin-80-color\/#breadcrumb","itemListElement":[{"@type":"ListItem","position":1,"name":"Home","item":"https:\/\/newgarden.es\/de\/"},{"@type":"ListItem","position":2,"name":"Shop","item":"https:\/\/newgarden.es\/de\/shop\/"},{"@type":"ListItem","position":3,"name":"JAZMIN 80 COLOUR"}]},{"@type":"WebSite","@id":"https:\/\/newgarden.es\/#website","url":"https:\/\/newgarden.es\/","name":"Newgarden","description":"Be happy","potentialAction":[{"@type":"SearchAction","target":{"@type":"EntryPoint","urlTemplate":"https:\/\/newgarden.es\/?s={search_term_string}"},"query-input":{"@type":"PropertyValueSpecification","valueRequired":true,"valueName":"search_term_string"}}],"inLanguage":"de"}]}},"df_price":81.1,"df_sale_price":"","df_regular_price":81.1,"df_image_link":"https:\/\/newgarden.es\/wp-content\/uploads\/2019\/05\/JAZMIN_OPACOS_1200X1200-580x400.jpg","_links":{"self":[{"href":"https:\/\/newgarden.es\/de\/wp-json\/wp\/v2\/product\/20304"}],"collection":[{"href":"https:\/\/newgarden.es\/de\/wp-json\/wp\/v2\/product"}],"about":[{"href":"https:\/\/newgarden.es\/de\/wp-json\/wp\/v2\/types\/product"}],"wp:featuredmedia":[{"embeddable":true,"href":"https:\/\/newgarden.es\/de\/wp-json\/wp\/v2\/media\/60486"}],"wp:attachment":[{"href":"https:\/\/newgarden.es\/de\/wp-json\/wp\/v2\/media?parent=20304"}],"wp:term":[{"taxonomy":"product_cat","embeddable":true,"href":"https:\/\/newgarden.es\/de\/wp-json\/wp\/v2\/product_cat?post=20304"},{"taxonomy":"product_tag","embeddable":true,"href":"https:\/\/newgarden.es\/de\/wp-json\/wp\/v2\/product_tag?post=20304"}],"curies":[{"name":"wp","href":"https:\/\/api.w.org\/{rel}","templated":true}]}}