{"id":20633,"date":"2019-05-06T14:45:16","date_gmt":"2019-11-04T09:28:37","guid":{"rendered":"https:\/\/newgarden.es\/shop\/sin%20categor\u00eda\/capri-110-color\/"},"modified":"2024-06-13T09:44:11","modified_gmt":"2024-06-13T07:44:11","slug":"capri-110-color","status":"publish","type":"product","link":"https:\/\/newgarden.es\/de\/shop\/moebel\/tische-und-couchtische\/capri-110-color\/","title":{"rendered":"CAPRI 110 COLOUR"},"content":{"rendered":"<section class=\"wpb-content-wrapper\"><p>[vc_row][vc_column el_class=&#8221;descripcion_producto&#8221;][vc_column_text]<\/p>\n<p style=\"text-align: justify;\"><em>*CAPRI : Runder Tisch in verschiedenen H\u00f6hen. kombiniert mit MALLORCA, MENORCA oder CORFU, um Chillout-Umgebungen in Ihrem Zuhause oder Gesch\u00e4ft zu schaffen. Es hat eine Methacrylat-Platte, um den oberen Teil vor Reibung und Unregelm\u00e4\u00dfigkeiten zu sch\u00fctzen. <\/em><\/p>\n<p style=\"text-align: justify;\"><em>Alle Newgarden-Produkte bestehen aus Polyethylen, sind also leicht und sehr widerstandsf\u00e4hig gegen extreme Temperaturen. Sie sind auch gegen UV-Strahlen gesch\u00fctzt, wodurch die Lebensdauer des Produkts au\u00dferordentlich lang ist. <\/em><\/p>\n<p>[\/vc_column_text][\/vc_column][\/vc_row][vc_row disable_element=&#8221;yes&#8221;][vc_column][vc_single_image image=&#8221;6566&#8243; img_size=&#8221;full&#8221;][\/vc_column][\/vc_row][vc_row][vc_column width=&#8221;1\/2&#8243;][vc_btn title=&#8221;Technisches Datenblatt&#8221; style=&#8221;custom&#8221; custom_background=&#8221;#009bc2&#8243; custom_text=&#8221;#ffffff&#8221; shape=&#8221;square&#8221; link=&#8221;url:https%3A%2F%2Fbit.ly%2F3Qgzgt5|target:%20_blank|&#8221; el_class=&#8221;btn_descargar_ficha&#8221;][\/vc_column][vc_column width=&#8221;1\/2&#8243;][\/vc_column][\/vc_row]<\/p>\n<\/section>","protected":false},"excerpt":{"rendered":"<h1 style=\"font-size: 12px;\">Capri, Gartentisch mit Beleuchtung<\/h1>\n","protected":false},"featured_media":62895,"template":"","meta":[],"product_cat":[772,794],"product_tag":[],"class_list":{"0":"post-20633","1":"product","2":"type-product","3":"status-publish","4":"has-post-thumbnail","6":"product_cat-moebel","7":"product_cat-tische-und-couchtische","9":"first","10":"instock","11":"taxable","12":"shipping-taxable","13":"purchasable","14":"product-type-variable"},"yoast_head":"<!-- This site is optimized with the Yoast SEO plugin v24.2 - https:\/\/yoast.com\/wordpress\/plugins\/seo\/ -->\n<title>CAPRI, runder Au\u00dfen Altar und Gartentisch<\/title>\n<meta name=\"description\" content=\"Capri ist ein runder Tisch mit verschiedenen H\u00f6hen und Oberfl\u00e4chen. Kombinieren Sie es mit MALLORCA MENORCA oder CORFU zu schaffen Umgebungen in Ihrem Haus oder Gesch\u00e4ft im Ausland Chillen. Es enth\u00e4lt Methacrylat Bord die Oberfl\u00e4che zu sch\u00fctzen. Erh\u00e4ltlich mit Beleuchtung Solar-Ladekabel und Au\u00dfen Smarttech\" \/>\n<meta name=\"robots\" content=\"index, follow, max-snippet:-1, max-image-preview:large, max-video-preview:-1\" \/>\n<link rel=\"canonical\" href=\"https:\/\/newgarden.es\/de\/shop\/moebel\/tische-und-couchtische\/capri-110-color\/\" \/>\n<meta property=\"og:locale\" content=\"de_DE\" \/>\n<meta property=\"og:type\" content=\"article\" \/>\n<meta property=\"og:title\" content=\"CAPRI, runder Au\u00dfen Altar und Gartentisch\" \/>\n<meta property=\"og:description\" content=\"Capri ist ein runder Tisch mit verschiedenen H\u00f6hen und Oberfl\u00e4chen. Kombinieren Sie es mit MALLORCA MENORCA oder CORFU zu schaffen Umgebungen in Ihrem Haus oder Gesch\u00e4ft im Ausland Chillen. Es enth\u00e4lt Methacrylat Bord die Oberfl\u00e4che zu sch\u00fctzen. Erh\u00e4ltlich mit Beleuchtung Solar-Ladekabel und Au\u00dfen Smarttech\" \/>\n<meta property=\"og:url\" content=\"https:\/\/newgarden.es\/de\/shop\/moebel\/tische-und-couchtische\/capri-110-color\/\" \/>\n<meta property=\"og:site_name\" content=\"Newgarden\" \/>\n<meta property=\"article:modified_time\" content=\"2024-06-13T07:44:11+00:00\" \/>\n<meta property=\"og:image\" content=\"https:\/\/newgarden.es\/wp-content\/uploads\/2019\/05\/CAPRI_110_BATTERY_OPACO_1200X1200-1.jpg\" \/>\n\t<meta property=\"og:image:width\" content=\"1200\" \/>\n\t<meta property=\"og:image:height\" content=\"1200\" \/>\n\t<meta property=\"og:image:type\" content=\"image\/jpeg\" \/>\n<meta name=\"twitter:card\" content=\"summary_large_image\" \/>\n<meta name=\"twitter:label1\" content=\"Gesch\u00e4tzte Lesezeit\" \/>\n\t<meta name=\"twitter:data1\" content=\"1\u00a0Minute\" \/>\n<script type=\"application\/ld+json\" class=\"yoast-schema-graph\">{\"@context\":\"https:\/\/schema.org\",\"@graph\":[{\"@type\":\"WebPage\",\"@id\":\"https:\/\/newgarden.es\/de\/shop\/moebel\/tische-und-couchtische\/capri-110-color\/\",\"url\":\"https:\/\/newgarden.es\/de\/shop\/moebel\/tische-und-couchtische\/capri-110-color\/\",\"name\":\"CAPRI, runder Au\u00dfen Altar und Gartentisch\",\"isPartOf\":{\"@id\":\"https:\/\/newgarden.es\/#website\"},\"primaryImageOfPage\":{\"@id\":\"https:\/\/newgarden.es\/de\/shop\/moebel\/tische-und-couchtische\/capri-110-color\/#primaryimage\"},\"image\":{\"@id\":\"https:\/\/newgarden.es\/de\/shop\/moebel\/tische-und-couchtische\/capri-110-color\/#primaryimage\"},\"thumbnailUrl\":\"https:\/\/newgarden.es\/wp-content\/uploads\/2019\/05\/CAPRI_110_BATTERY_OPACO_1200X1200-1.jpg\",\"datePublished\":\"2019-11-04T09:28:37+00:00\",\"dateModified\":\"2024-06-13T07:44:11+00:00\",\"description\":\"Capri ist ein runder Tisch mit verschiedenen H\u00f6hen und Oberfl\u00e4chen. Kombinieren Sie es mit MALLORCA MENORCA oder CORFU zu schaffen Umgebungen in Ihrem Haus oder Gesch\u00e4ft im Ausland Chillen. Es enth\u00e4lt Methacrylat Bord die Oberfl\u00e4che zu sch\u00fctzen. Erh\u00e4ltlich mit Beleuchtung Solar-Ladekabel und Au\u00dfen Smarttech\",\"breadcrumb\":{\"@id\":\"https:\/\/newgarden.es\/de\/shop\/moebel\/tische-und-couchtische\/capri-110-color\/#breadcrumb\"},\"inLanguage\":\"de\",\"potentialAction\":[{\"@type\":\"ReadAction\",\"target\":[\"https:\/\/newgarden.es\/de\/shop\/moebel\/tische-und-couchtische\/capri-110-color\/\"]}]},{\"@type\":\"ImageObject\",\"inLanguage\":\"de\",\"@id\":\"https:\/\/newgarden.es\/de\/shop\/moebel\/tische-und-couchtische\/capri-110-color\/#primaryimage\",\"url\":\"https:\/\/newgarden.es\/wp-content\/uploads\/2019\/05\/CAPRI_110_BATTERY_OPACO_1200X1200-1.jpg\",\"contentUrl\":\"https:\/\/newgarden.es\/wp-content\/uploads\/2019\/05\/CAPRI_110_BATTERY_OPACO_1200X1200-1.jpg\",\"width\":1200,\"height\":1200},{\"@type\":\"BreadcrumbList\",\"@id\":\"https:\/\/newgarden.es\/de\/shop\/moebel\/tische-und-couchtische\/capri-110-color\/#breadcrumb\",\"itemListElement\":[{\"@type\":\"ListItem\",\"position\":1,\"name\":\"Home\",\"item\":\"https:\/\/newgarden.es\/de\/\"},{\"@type\":\"ListItem\",\"position\":2,\"name\":\"Shop\",\"item\":\"https:\/\/newgarden.es\/de\/shop\/\"},{\"@type\":\"ListItem\",\"position\":3,\"name\":\"CAPRI 110 COLOUR\"}]},{\"@type\":\"WebSite\",\"@id\":\"https:\/\/newgarden.es\/#website\",\"url\":\"https:\/\/newgarden.es\/\",\"name\":\"Newgarden\",\"description\":\"Be happy\",\"potentialAction\":[{\"@type\":\"SearchAction\",\"target\":{\"@type\":\"EntryPoint\",\"urlTemplate\":\"https:\/\/newgarden.es\/?s={search_term_string}\"},\"query-input\":{\"@type\":\"PropertyValueSpecification\",\"valueRequired\":true,\"valueName\":\"search_term_string\"}}],\"inLanguage\":\"de\"}]}<\/script>\n<!-- \/ Yoast SEO plugin. -->","yoast_head_json":{"title":"CAPRI, runder Au\u00dfen Altar und Gartentisch","description":"Capri ist ein runder Tisch mit verschiedenen H\u00f6hen und Oberfl\u00e4chen. Kombinieren Sie es mit MALLORCA MENORCA oder CORFU zu schaffen Umgebungen in Ihrem Haus oder Gesch\u00e4ft im Ausland Chillen. Es enth\u00e4lt Methacrylat Bord die Oberfl\u00e4che zu sch\u00fctzen. Erh\u00e4ltlich mit Beleuchtung Solar-Ladekabel und Au\u00dfen Smarttech","robots":{"index":"index","follow":"follow","max-snippet":"max-snippet:-1","max-image-preview":"max-image-preview:large","max-video-preview":"max-video-preview:-1"},"canonical":"https:\/\/newgarden.es\/de\/shop\/moebel\/tische-und-couchtische\/capri-110-color\/","og_locale":"de_DE","og_type":"article","og_title":"CAPRI, runder Au\u00dfen Altar und Gartentisch","og_description":"Capri ist ein runder Tisch mit verschiedenen H\u00f6hen und Oberfl\u00e4chen. Kombinieren Sie es mit MALLORCA MENORCA oder CORFU zu schaffen Umgebungen in Ihrem Haus oder Gesch\u00e4ft im Ausland Chillen. Es enth\u00e4lt Methacrylat Bord die Oberfl\u00e4che zu sch\u00fctzen. Erh\u00e4ltlich mit Beleuchtung Solar-Ladekabel und Au\u00dfen Smarttech","og_url":"https:\/\/newgarden.es\/de\/shop\/moebel\/tische-und-couchtische\/capri-110-color\/","og_site_name":"Newgarden","article_modified_time":"2024-06-13T07:44:11+00:00","og_image":[{"width":1200,"height":1200,"url":"https:\/\/newgarden.es\/wp-content\/uploads\/2019\/05\/CAPRI_110_BATTERY_OPACO_1200X1200-1.jpg","type":"image\/jpeg"}],"twitter_card":"summary_large_image","twitter_misc":{"Gesch\u00e4tzte Lesezeit":"1\u00a0Minute"},"schema":{"@context":"https:\/\/schema.org","@graph":[{"@type":"WebPage","@id":"https:\/\/newgarden.es\/de\/shop\/moebel\/tische-und-couchtische\/capri-110-color\/","url":"https:\/\/newgarden.es\/de\/shop\/moebel\/tische-und-couchtische\/capri-110-color\/","name":"CAPRI, runder Au\u00dfen Altar und Gartentisch","isPartOf":{"@id":"https:\/\/newgarden.es\/#website"},"primaryImageOfPage":{"@id":"https:\/\/newgarden.es\/de\/shop\/moebel\/tische-und-couchtische\/capri-110-color\/#primaryimage"},"image":{"@id":"https:\/\/newgarden.es\/de\/shop\/moebel\/tische-und-couchtische\/capri-110-color\/#primaryimage"},"thumbnailUrl":"https:\/\/newgarden.es\/wp-content\/uploads\/2019\/05\/CAPRI_110_BATTERY_OPACO_1200X1200-1.jpg","datePublished":"2019-11-04T09:28:37+00:00","dateModified":"2024-06-13T07:44:11+00:00","description":"Capri ist ein runder Tisch mit verschiedenen H\u00f6hen und Oberfl\u00e4chen. Kombinieren Sie es mit MALLORCA MENORCA oder CORFU zu schaffen Umgebungen in Ihrem Haus oder Gesch\u00e4ft im Ausland Chillen. Es enth\u00e4lt Methacrylat Bord die Oberfl\u00e4che zu sch\u00fctzen. Erh\u00e4ltlich mit Beleuchtung Solar-Ladekabel und Au\u00dfen Smarttech","breadcrumb":{"@id":"https:\/\/newgarden.es\/de\/shop\/moebel\/tische-und-couchtische\/capri-110-color\/#breadcrumb"},"inLanguage":"de","potentialAction":[{"@type":"ReadAction","target":["https:\/\/newgarden.es\/de\/shop\/moebel\/tische-und-couchtische\/capri-110-color\/"]}]},{"@type":"ImageObject","inLanguage":"de","@id":"https:\/\/newgarden.es\/de\/shop\/moebel\/tische-und-couchtische\/capri-110-color\/#primaryimage","url":"https:\/\/newgarden.es\/wp-content\/uploads\/2019\/05\/CAPRI_110_BATTERY_OPACO_1200X1200-1.jpg","contentUrl":"https:\/\/newgarden.es\/wp-content\/uploads\/2019\/05\/CAPRI_110_BATTERY_OPACO_1200X1200-1.jpg","width":1200,"height":1200},{"@type":"BreadcrumbList","@id":"https:\/\/newgarden.es\/de\/shop\/moebel\/tische-und-couchtische\/capri-110-color\/#breadcrumb","itemListElement":[{"@type":"ListItem","position":1,"name":"Home","item":"https:\/\/newgarden.es\/de\/"},{"@type":"ListItem","position":2,"name":"Shop","item":"https:\/\/newgarden.es\/de\/shop\/"},{"@type":"ListItem","position":3,"name":"CAPRI 110 COLOUR"}]},{"@type":"WebSite","@id":"https:\/\/newgarden.es\/#website","url":"https:\/\/newgarden.es\/","name":"Newgarden","description":"Be happy","potentialAction":[{"@type":"SearchAction","target":{"@type":"EntryPoint","urlTemplate":"https:\/\/newgarden.es\/?s={search_term_string}"},"query-input":{"@type":"PropertyValueSpecification","valueRequired":true,"valueName":"search_term_string"}}],"inLanguage":"de"}]}},"df_price":241.5,"df_sale_price":"","df_regular_price":241.5,"df_image_link":"https:\/\/newgarden.es\/wp-content\/uploads\/2019\/05\/CAPRI_110_BATTERY_OPACO_1200X1200-1-580x400.jpg","_links":{"self":[{"href":"https:\/\/newgarden.es\/de\/wp-json\/wp\/v2\/product\/20633"}],"collection":[{"href":"https:\/\/newgarden.es\/de\/wp-json\/wp\/v2\/product"}],"about":[{"href":"https:\/\/newgarden.es\/de\/wp-json\/wp\/v2\/types\/product"}],"wp:featuredmedia":[{"embeddable":true,"href":"https:\/\/newgarden.es\/de\/wp-json\/wp\/v2\/media\/62895"}],"wp:attachment":[{"href":"https:\/\/newgarden.es\/de\/wp-json\/wp\/v2\/media?parent=20633"}],"wp:term":[{"taxonomy":"product_cat","embeddable":true,"href":"https:\/\/newgarden.es\/de\/wp-json\/wp\/v2\/product_cat?post=20633"},{"taxonomy":"product_tag","embeddable":true,"href":"https:\/\/newgarden.es\/de\/wp-json\/wp\/v2\/product_tag?post=20633"}],"curies":[{"name":"wp","href":"https:\/\/api.w.org\/{rel}","templated":true}]}}