{"id":20690,"date":"2019-04-29T11:56:03","date_gmt":"2019-11-04T09:54:43","guid":{"rendered":"https:\/\/newgarden.es\/shop\/sin%20categor\u00eda\/amelio-2\/"},"modified":"2021-09-15T14:13:37","modified_gmt":"2021-09-15T12:13:37","slug":"amelio","status":"publish","type":"product","link":"https:\/\/newgarden.es\/de\/shop\/lightdeco-de\/weihnachten\/amelio\/","title":{"rendered":"BELEUCHTETER GARTENZWERG AMELIO | INNENBEREICH"},"content":{"rendered":"<section class=\"wpb-content-wrapper\"><p>[vc_row][vc_column][vc_column_text]<\/p>\n<p>[\/vc_column_text][\/vc_column][\/vc_row][vc_row][vc_column el_class=&#8220;descripcion_producto&#8220;][vc_column_text]<\/p>\n<p style=\"text-align: justify;\">Amelio ist ein leuchtender Gartenzwerg, der sich perfekt f\u00fcr die Gestaltung des \u00c4u\u00dferen und Inneren Ihres Hauses eignet. Diese Amelio-Lampe tr\u00e4gt einen Hut, damit Sie ihn zu Weihnachten in einen Weihnachtsmann verwandeln k\u00f6nnen. Inklusive Aufkleber, mit denen Sie Ihren Amelio nach Ihren W\u00fcnschen dekorieren k\u00f6nnen, ideal f\u00fcr Kinder.<\/p>\n<p>[\/vc_column_text][\/vc_column][\/vc_row][vc_row disable_element=&#8220;yes&#8220;][vc_column][vc_single_image image=&#8220;6566&#8243; img_size=&#8220;full&#8220;][\/vc_column][\/vc_row][vc_row][vc_column width=&#8220;1\/2&#8243;][vc_btn title=&#8220;Technisches Datenblatt&#8220; style=&#8220;custom&#8220; custom_background=&#8220;#009bc2&#8243; custom_text=&#8220;#ffffff&#8220; shape=&#8220;square&#8220; link=&#8220;url:https%3A%2F%2Fdrive.google.com%2Fdrive%2Ffolders%2F17chNqxtwg_Xk2MQYK7RIBkYBlRa6_X_a%3Fusp%3Dsharing|&#8220; el_class=&#8220;btn_descargar_ficha&#8220;][\/vc_column][vc_column width=&#8220;1\/2&#8243;][vc_btn title=&#8220;BEDIENUNGSANLEITUNG&#8220; style=&#8220;custom&#8220; custom_background=&#8220;#009bc2&#8243; custom_text=&#8220;#ffffff&#8220; shape=&#8220;square&#8220; link=&#8220;url:https%3A%2F%2Fnewgarden.es%2Fde%2F%3Fpage_id%3D25148|target:%20_blank|&#8220; el_class=&#8220;btn_descargar_ficha&#8220;][\/vc_column][\/vc_row]<\/p>\n<\/section>","protected":false},"excerpt":{"rendered":"<h1 style=\"font-size: 12px\">Amelio- Gnomo geformte DEKO-Gartenleuchte<\/h1>\n","protected":false},"featured_media":37083,"template":"","meta":[],"product_cat":[763,1225,811],"product_tag":[793,1226,765,789],"class_list":{"0":"post-20690","1":"product","2":"type-product","3":"status-publish","4":"has-post-thumbnail","6":"product_cat-lightdeco-de","7":"product_cat-interior-de","8":"product_cat-weihnachten","9":"product_tag-drahtlose","10":"product_tag-interior-de","11":"product_tag-kabel","12":"product_tag-solar-de","14":"first","15":"instock","16":"taxable","17":"shipping-taxable","18":"product-type-variable"},"yoast_head":"<!-- This site is optimized with the Yoast SEO plugin v24.2 - https:\/\/yoast.com\/wordpress\/plugins\/seo\/ -->\n<title>AMELIO dekorative Lampe geformt oder zu Hause Gartenzwerg<\/title>\n<meta name=\"description\" content=\"Amelio ist ein Gartenzwerg perfekte Atmosph\u00e4re f\u00fcr sowohl das \u00c4u\u00dfere und Innere Ihres Hauses beleuchtet. Diese dekorative Lampe Amelio tr\u00e4gt einen Hut, so dass Sie es in Weihnachtsmann an Weihnachten drehen k\u00f6nnen. Es enth\u00e4lt Aufkleber Aufkleber f\u00fcr Sie Ihre Amelio nach Ihren W\u00fcnschen dekorieren.\" \/>\n<meta name=\"robots\" content=\"index, follow, max-snippet:-1, max-image-preview:large, max-video-preview:-1\" \/>\n<link rel=\"canonical\" href=\"https:\/\/newgarden.es\/de\/shop\/lightdeco-de\/weihnachten\/amelio\/\" \/>\n<meta property=\"og:locale\" content=\"de_DE\" \/>\n<meta property=\"og:type\" content=\"article\" \/>\n<meta property=\"og:title\" content=\"AMELIO dekorative Lampe geformt oder zu Hause Gartenzwerg\" \/>\n<meta property=\"og:description\" content=\"Amelio ist ein Gartenzwerg perfekte Atmosph\u00e4re f\u00fcr sowohl das \u00c4u\u00dfere und Innere Ihres Hauses beleuchtet. Diese dekorative Lampe Amelio tr\u00e4gt einen Hut, so dass Sie es in Weihnachtsmann an Weihnachten drehen k\u00f6nnen. Es enth\u00e4lt Aufkleber Aufkleber f\u00fcr Sie Ihre Amelio nach Ihren W\u00fcnschen dekorieren.\" \/>\n<meta property=\"og:url\" content=\"https:\/\/newgarden.es\/de\/shop\/lightdeco-de\/weihnachten\/amelio\/\" \/>\n<meta property=\"og:site_name\" content=\"Newgarden\" \/>\n<meta property=\"article:modified_time\" content=\"2021-09-15T12:13:37+00:00\" \/>\n<meta property=\"og:image\" content=\"https:\/\/newgarden.es\/wp-content\/uploads\/2019\/04\/PLANTILLA-PARA-PRODUCTOS-DE-INTERIOR-CASA-ESQUINA-GRIS.jpg\" \/>\n\t<meta property=\"og:image:width\" content=\"800\" \/>\n\t<meta property=\"og:image:height\" content=\"800\" \/>\n\t<meta property=\"og:image:type\" content=\"image\/jpeg\" \/>\n<meta name=\"twitter:card\" content=\"summary_large_image\" \/>\n<meta name=\"twitter:label1\" content=\"Gesch\u00e4tzte Lesezeit\" \/>\n\t<meta name=\"twitter:data1\" content=\"1\u00a0Minute\" \/>\n<script type=\"application\/ld+json\" class=\"yoast-schema-graph\">{\"@context\":\"https:\/\/schema.org\",\"@graph\":[{\"@type\":\"WebPage\",\"@id\":\"https:\/\/newgarden.es\/de\/shop\/lightdeco-de\/weihnachten\/amelio\/\",\"url\":\"https:\/\/newgarden.es\/de\/shop\/lightdeco-de\/weihnachten\/amelio\/\",\"name\":\"AMELIO dekorative Lampe geformt oder zu Hause Gartenzwerg\",\"isPartOf\":{\"@id\":\"https:\/\/newgarden.es\/#website\"},\"primaryImageOfPage\":{\"@id\":\"https:\/\/newgarden.es\/de\/shop\/lightdeco-de\/weihnachten\/amelio\/#primaryimage\"},\"image\":{\"@id\":\"https:\/\/newgarden.es\/de\/shop\/lightdeco-de\/weihnachten\/amelio\/#primaryimage\"},\"thumbnailUrl\":\"https:\/\/newgarden.es\/wp-content\/uploads\/2019\/04\/PLANTILLA-PARA-PRODUCTOS-DE-INTERIOR-CASA-ESQUINA-GRIS.jpg\",\"datePublished\":\"2019-11-04T09:54:43+00:00\",\"dateModified\":\"2021-09-15T12:13:37+00:00\",\"description\":\"Amelio ist ein Gartenzwerg perfekte Atmosph\u00e4re f\u00fcr sowohl das \u00c4u\u00dfere und Innere Ihres Hauses beleuchtet. Diese dekorative Lampe Amelio tr\u00e4gt einen Hut, so dass Sie es in Weihnachtsmann an Weihnachten drehen k\u00f6nnen. Es enth\u00e4lt Aufkleber Aufkleber f\u00fcr Sie Ihre Amelio nach Ihren W\u00fcnschen dekorieren.\",\"breadcrumb\":{\"@id\":\"https:\/\/newgarden.es\/de\/shop\/lightdeco-de\/weihnachten\/amelio\/#breadcrumb\"},\"inLanguage\":\"de\",\"potentialAction\":[{\"@type\":\"ReadAction\",\"target\":[\"https:\/\/newgarden.es\/de\/shop\/lightdeco-de\/weihnachten\/amelio\/\"]}]},{\"@type\":\"ImageObject\",\"inLanguage\":\"de\",\"@id\":\"https:\/\/newgarden.es\/de\/shop\/lightdeco-de\/weihnachten\/amelio\/#primaryimage\",\"url\":\"https:\/\/newgarden.es\/wp-content\/uploads\/2019\/04\/PLANTILLA-PARA-PRODUCTOS-DE-INTERIOR-CASA-ESQUINA-GRIS.jpg\",\"contentUrl\":\"https:\/\/newgarden.es\/wp-content\/uploads\/2019\/04\/PLANTILLA-PARA-PRODUCTOS-DE-INTERIOR-CASA-ESQUINA-GRIS.jpg\",\"width\":800,\"height\":800},{\"@type\":\"BreadcrumbList\",\"@id\":\"https:\/\/newgarden.es\/de\/shop\/lightdeco-de\/weihnachten\/amelio\/#breadcrumb\",\"itemListElement\":[{\"@type\":\"ListItem\",\"position\":1,\"name\":\"Home\",\"item\":\"https:\/\/newgarden.es\/de\/\"},{\"@type\":\"ListItem\",\"position\":2,\"name\":\"Shop\",\"item\":\"https:\/\/newgarden.es\/de\/shop\/\"},{\"@type\":\"ListItem\",\"position\":3,\"name\":\"BELEUCHTETER GARTENZWERG AMELIO | INNENBEREICH\"}]},{\"@type\":\"WebSite\",\"@id\":\"https:\/\/newgarden.es\/#website\",\"url\":\"https:\/\/newgarden.es\/\",\"name\":\"Newgarden\",\"description\":\"Be happy\",\"potentialAction\":[{\"@type\":\"SearchAction\",\"target\":{\"@type\":\"EntryPoint\",\"urlTemplate\":\"https:\/\/newgarden.es\/?s={search_term_string}\"},\"query-input\":{\"@type\":\"PropertyValueSpecification\",\"valueRequired\":true,\"valueName\":\"search_term_string\"}}],\"inLanguage\":\"de\"}]}<\/script>\n<!-- \/ Yoast SEO plugin. -->","yoast_head_json":{"title":"AMELIO dekorative Lampe geformt oder zu Hause Gartenzwerg","description":"Amelio ist ein Gartenzwerg perfekte Atmosph\u00e4re f\u00fcr sowohl das \u00c4u\u00dfere und Innere Ihres Hauses beleuchtet. Diese dekorative Lampe Amelio tr\u00e4gt einen Hut, so dass Sie es in Weihnachtsmann an Weihnachten drehen k\u00f6nnen. Es enth\u00e4lt Aufkleber Aufkleber f\u00fcr Sie Ihre Amelio nach Ihren W\u00fcnschen dekorieren.","robots":{"index":"index","follow":"follow","max-snippet":"max-snippet:-1","max-image-preview":"max-image-preview:large","max-video-preview":"max-video-preview:-1"},"canonical":"https:\/\/newgarden.es\/de\/shop\/lightdeco-de\/weihnachten\/amelio\/","og_locale":"de_DE","og_type":"article","og_title":"AMELIO dekorative Lampe geformt oder zu Hause Gartenzwerg","og_description":"Amelio ist ein Gartenzwerg perfekte Atmosph\u00e4re f\u00fcr sowohl das \u00c4u\u00dfere und Innere Ihres Hauses beleuchtet. Diese dekorative Lampe Amelio tr\u00e4gt einen Hut, so dass Sie es in Weihnachtsmann an Weihnachten drehen k\u00f6nnen. Es enth\u00e4lt Aufkleber Aufkleber f\u00fcr Sie Ihre Amelio nach Ihren W\u00fcnschen dekorieren.","og_url":"https:\/\/newgarden.es\/de\/shop\/lightdeco-de\/weihnachten\/amelio\/","og_site_name":"Newgarden","article_modified_time":"2021-09-15T12:13:37+00:00","og_image":[{"width":800,"height":800,"url":"https:\/\/newgarden.es\/wp-content\/uploads\/2019\/04\/PLANTILLA-PARA-PRODUCTOS-DE-INTERIOR-CASA-ESQUINA-GRIS.jpg","type":"image\/jpeg"}],"twitter_card":"summary_large_image","twitter_misc":{"Gesch\u00e4tzte Lesezeit":"1\u00a0Minute"},"schema":{"@context":"https:\/\/schema.org","@graph":[{"@type":"WebPage","@id":"https:\/\/newgarden.es\/de\/shop\/lightdeco-de\/weihnachten\/amelio\/","url":"https:\/\/newgarden.es\/de\/shop\/lightdeco-de\/weihnachten\/amelio\/","name":"AMELIO dekorative Lampe geformt oder zu Hause Gartenzwerg","isPartOf":{"@id":"https:\/\/newgarden.es\/#website"},"primaryImageOfPage":{"@id":"https:\/\/newgarden.es\/de\/shop\/lightdeco-de\/weihnachten\/amelio\/#primaryimage"},"image":{"@id":"https:\/\/newgarden.es\/de\/shop\/lightdeco-de\/weihnachten\/amelio\/#primaryimage"},"thumbnailUrl":"https:\/\/newgarden.es\/wp-content\/uploads\/2019\/04\/PLANTILLA-PARA-PRODUCTOS-DE-INTERIOR-CASA-ESQUINA-GRIS.jpg","datePublished":"2019-11-04T09:54:43+00:00","dateModified":"2021-09-15T12:13:37+00:00","description":"Amelio ist ein Gartenzwerg perfekte Atmosph\u00e4re f\u00fcr sowohl das \u00c4u\u00dfere und Innere Ihres Hauses beleuchtet. Diese dekorative Lampe Amelio tr\u00e4gt einen Hut, so dass Sie es in Weihnachtsmann an Weihnachten drehen k\u00f6nnen. Es enth\u00e4lt Aufkleber Aufkleber f\u00fcr Sie Ihre Amelio nach Ihren W\u00fcnschen dekorieren.","breadcrumb":{"@id":"https:\/\/newgarden.es\/de\/shop\/lightdeco-de\/weihnachten\/amelio\/#breadcrumb"},"inLanguage":"de","potentialAction":[{"@type":"ReadAction","target":["https:\/\/newgarden.es\/de\/shop\/lightdeco-de\/weihnachten\/amelio\/"]}]},{"@type":"ImageObject","inLanguage":"de","@id":"https:\/\/newgarden.es\/de\/shop\/lightdeco-de\/weihnachten\/amelio\/#primaryimage","url":"https:\/\/newgarden.es\/wp-content\/uploads\/2019\/04\/PLANTILLA-PARA-PRODUCTOS-DE-INTERIOR-CASA-ESQUINA-GRIS.jpg","contentUrl":"https:\/\/newgarden.es\/wp-content\/uploads\/2019\/04\/PLANTILLA-PARA-PRODUCTOS-DE-INTERIOR-CASA-ESQUINA-GRIS.jpg","width":800,"height":800},{"@type":"BreadcrumbList","@id":"https:\/\/newgarden.es\/de\/shop\/lightdeco-de\/weihnachten\/amelio\/#breadcrumb","itemListElement":[{"@type":"ListItem","position":1,"name":"Home","item":"https:\/\/newgarden.es\/de\/"},{"@type":"ListItem","position":2,"name":"Shop","item":"https:\/\/newgarden.es\/de\/shop\/"},{"@type":"ListItem","position":3,"name":"BELEUCHTETER GARTENZWERG AMELIO | INNENBEREICH"}]},{"@type":"WebSite","@id":"https:\/\/newgarden.es\/#website","url":"https:\/\/newgarden.es\/","name":"Newgarden","description":"Be happy","potentialAction":[{"@type":"SearchAction","target":{"@type":"EntryPoint","urlTemplate":"https:\/\/newgarden.es\/?s={search_term_string}"},"query-input":{"@type":"PropertyValueSpecification","valueRequired":true,"valueName":"search_term_string"}}],"inLanguage":"de"}]}},"df_price":"","df_sale_price":"","df_regular_price":"","df_image_link":"https:\/\/newgarden.es\/wp-content\/uploads\/2019\/04\/PLANTILLA-PARA-PRODUCTOS-DE-INTERIOR-CASA-ESQUINA-GRIS.jpg","_links":{"self":[{"href":"https:\/\/newgarden.es\/de\/wp-json\/wp\/v2\/product\/20690"}],"collection":[{"href":"https:\/\/newgarden.es\/de\/wp-json\/wp\/v2\/product"}],"about":[{"href":"https:\/\/newgarden.es\/de\/wp-json\/wp\/v2\/types\/product"}],"wp:featuredmedia":[{"embeddable":true,"href":"https:\/\/newgarden.es\/de\/wp-json\/wp\/v2\/media\/37083"}],"wp:attachment":[{"href":"https:\/\/newgarden.es\/de\/wp-json\/wp\/v2\/media?parent=20690"}],"wp:term":[{"taxonomy":"product_cat","embeddable":true,"href":"https:\/\/newgarden.es\/de\/wp-json\/wp\/v2\/product_cat?post=20690"},{"taxonomy":"product_tag","embeddable":true,"href":"https:\/\/newgarden.es\/de\/wp-json\/wp\/v2\/product_tag?post=20690"}],"curies":[{"name":"wp","href":"https:\/\/api.w.org\/{rel}","templated":true}]}}