{"id":20711,"date":"2019-04-29T11:51:55","date_gmt":"2019-11-04T09:58:28","guid":{"rendered":"https:\/\/newgarden.es\/shop\/sin%20categor\u00eda\/rudy-2\/"},"modified":"2021-09-15T13:42:48","modified_gmt":"2021-09-15T11:42:48","slug":"rudy-2","status":"publish","type":"product","link":"https:\/\/newgarden.es\/de\/shop\/lightdeco-de\/tischlampe\/rudy-2\/","title":{"rendered":"RUDY"},"content":{"rendered":"<section class=\"wpb-content-wrapper\"><p>[vc_row][vc_column][vc_column_text]<\/p>\n<p>[\/vc_column_text][\/vc_column][\/vc_row][vc_row][vc_column el_class=&#8221;descripcion_producto&#8221;][vc_column_text]Rudy ist ein originelles und elegantes Rentier, ideal f\u00fcr die Beleuchtung von au\u00dfen und innen. Es ist die perfekte Erg\u00e4nzung f\u00fcr das ganze Jahr \u00fcber und w\u00e4hrend der Weihnachtszeit. Perfekt f\u00fcr den Einsatz w\u00e4hrend des ganzen Jahres und die Ferienzeit.<\/p>\n<p><em>Alle Newgarden-Produkte bestehen aus Polyethylen, sind also leicht und sehr widerstandsf\u00e4hig gegen extreme Temperaturen. Sie sind auch gegen UV-Strahlen gesch\u00fctzt, wodurch die Lebensdauer des Produkts au\u00dferordentlich lang ist.<\/em><\/p>\n<p>[\/vc_column_text][\/vc_column][\/vc_row][vc_row disable_element=&#8221;yes&#8221;][vc_column][vc_single_image image=&#8221;6566&#8243; img_size=&#8221;full&#8221;][\/vc_column][\/vc_row][vc_row][vc_column width=&#8221;1\/2&#8243;][vc_btn title=&#8221;Technisches Datenblatt&#8221; style=&#8221;custom&#8221; custom_background=&#8221;#009bc2&#8243; custom_text=&#8221;#ffffff&#8221; shape=&#8221;square&#8221; el_class=&#8221;btn_descargar_ficha&#8221; link=&#8221;url:https%3A%2F%2Fdrive.google.com%2Fdrive%2Ffolders%2F15u4Oe89D5X1_RbTdfjAEcIj-w67leMhs%3Fusp%3Dsharing|target:%20_blank|&#8221;][\/vc_column][vc_column width=&#8221;1\/2&#8243;][vc_btn title=&#8221;BEDIENUNGSANLEITUNG&#8221; style=&#8221;custom&#8221; custom_background=&#8221;#009bc2&#8243; custom_text=&#8221;#ffffff&#8221; shape=&#8221;square&#8221; link=&#8221;url:https%3A%2F%2Fnewgarden.es%2Fde%2F%3Fpage_id%3D25148|target:%20_blank|&#8221; el_class=&#8221;btn_descargar_ficha&#8221;][\/vc_column][\/vc_row]<\/p>\n<\/section>","protected":false},"excerpt":{"rendered":"<h1 style=\"font-size: 12px\">Rudy, Lampe in Form eines Rentiers<\/h1>\n","protected":false},"featured_media":59434,"template":"","meta":[],"product_cat":[1696,763,764,1225,1589,811],"product_tag":[793,765,789],"class_list":{"0":"post-20711","1":"product","2":"type-product","3":"status-publish","4":"has-post-thumbnail","6":"product_cat-productos-de","7":"product_cat-lightdeco-de","8":"product_cat-tischlampe","9":"product_cat-interior-de","10":"product_cat-innenbereich-de","11":"product_cat-weihnachten","12":"product_tag-drahtlose","13":"product_tag-kabel","14":"product_tag-solar-de","16":"first","17":"instock","18":"taxable","19":"shipping-taxable","20":"purchasable","21":"product-type-variable"},"yoast_head":"<!-- This site is optimized with the Yoast SEO plugin v24.2 - https:\/\/yoast.com\/wordpress\/plugins\/seo\/ -->\n<title>RUDY innere dekorative geformte Au\u00dfenleuchte und Rentier<\/title>\n<meta name=\"description\" content=\"Rudy ist eine originelle und stilvolle Rentiere dekorative Lampe beleuchtet ideale Atmosph\u00e4re f\u00fcr sowohl das \u00c4u\u00dfere und Innere Ihres Hauses. Perfekt f\u00fcr den Einsatz w\u00e4hrend des ganzen Jahres und die Ferienzeit. Erh\u00e4ltlich in Smarttech Sonne Finish und Draht f\u00fcr den Innenbereich (warmwei\u00df)\" \/>\n<meta name=\"robots\" content=\"index, follow, max-snippet:-1, max-image-preview:large, max-video-preview:-1\" \/>\n<link rel=\"canonical\" href=\"https:\/\/newgarden.es\/de\/shop\/lightdeco-de\/tischlampe\/rudy-2\/\" \/>\n<meta property=\"og:locale\" content=\"de_DE\" \/>\n<meta property=\"og:type\" content=\"article\" \/>\n<meta property=\"og:title\" content=\"RUDY innere dekorative geformte Au\u00dfenleuchte und Rentier\" \/>\n<meta property=\"og:description\" content=\"Rudy ist eine originelle und stilvolle Rentiere dekorative Lampe beleuchtet ideale Atmosph\u00e4re f\u00fcr sowohl das \u00c4u\u00dfere und Innere Ihres Hauses. Perfekt f\u00fcr den Einsatz w\u00e4hrend des ganzen Jahres und die Ferienzeit. Erh\u00e4ltlich in Smarttech Sonne Finish und Draht f\u00fcr den Innenbereich (warmwei\u00df)\" \/>\n<meta property=\"og:url\" content=\"https:\/\/newgarden.es\/de\/shop\/lightdeco-de\/tischlampe\/rudy-2\/\" \/>\n<meta property=\"og:site_name\" content=\"Newgarden\" \/>\n<meta property=\"article:modified_time\" content=\"2021-09-15T11:42:48+00:00\" \/>\n<meta property=\"og:image\" content=\"https:\/\/newgarden.es\/wp-content\/uploads\/2021\/09\/RUDY_1200X1200-3.jpg\" \/>\n\t<meta property=\"og:image:width\" content=\"1200\" \/>\n\t<meta property=\"og:image:height\" content=\"1200\" \/>\n\t<meta property=\"og:image:type\" content=\"image\/jpeg\" \/>\n<meta name=\"twitter:card\" content=\"summary_large_image\" \/>\n<meta name=\"twitter:label1\" content=\"Gesch\u00e4tzte Lesezeit\" \/>\n\t<meta name=\"twitter:data1\" content=\"1\u00a0Minute\" \/>\n<script type=\"application\/ld+json\" class=\"yoast-schema-graph\">{\"@context\":\"https:\/\/schema.org\",\"@graph\":[{\"@type\":\"WebPage\",\"@id\":\"https:\/\/newgarden.es\/de\/shop\/lightdeco-de\/tischlampe\/rudy-2\/\",\"url\":\"https:\/\/newgarden.es\/de\/shop\/lightdeco-de\/tischlampe\/rudy-2\/\",\"name\":\"RUDY innere dekorative geformte Au\u00dfenleuchte und Rentier\",\"isPartOf\":{\"@id\":\"https:\/\/newgarden.es\/#website\"},\"primaryImageOfPage\":{\"@id\":\"https:\/\/newgarden.es\/de\/shop\/lightdeco-de\/tischlampe\/rudy-2\/#primaryimage\"},\"image\":{\"@id\":\"https:\/\/newgarden.es\/de\/shop\/lightdeco-de\/tischlampe\/rudy-2\/#primaryimage\"},\"thumbnailUrl\":\"https:\/\/newgarden.es\/wp-content\/uploads\/2021\/09\/RUDY_1200X1200-3.jpg\",\"datePublished\":\"2019-11-04T09:58:28+00:00\",\"dateModified\":\"2021-09-15T11:42:48+00:00\",\"description\":\"Rudy ist eine originelle und stilvolle Rentiere dekorative Lampe beleuchtet ideale Atmosph\u00e4re f\u00fcr sowohl das \u00c4u\u00dfere und Innere Ihres Hauses. Perfekt f\u00fcr den Einsatz w\u00e4hrend des ganzen Jahres und die Ferienzeit. Erh\u00e4ltlich in Smarttech Sonne Finish und Draht f\u00fcr den Innenbereich (warmwei\u00df)\",\"breadcrumb\":{\"@id\":\"https:\/\/newgarden.es\/de\/shop\/lightdeco-de\/tischlampe\/rudy-2\/#breadcrumb\"},\"inLanguage\":\"de\",\"potentialAction\":[{\"@type\":\"ReadAction\",\"target\":[\"https:\/\/newgarden.es\/de\/shop\/lightdeco-de\/tischlampe\/rudy-2\/\"]}]},{\"@type\":\"ImageObject\",\"inLanguage\":\"de\",\"@id\":\"https:\/\/newgarden.es\/de\/shop\/lightdeco-de\/tischlampe\/rudy-2\/#primaryimage\",\"url\":\"https:\/\/newgarden.es\/wp-content\/uploads\/2021\/09\/RUDY_1200X1200-3.jpg\",\"contentUrl\":\"https:\/\/newgarden.es\/wp-content\/uploads\/2021\/09\/RUDY_1200X1200-3.jpg\",\"width\":1200,\"height\":1200},{\"@type\":\"BreadcrumbList\",\"@id\":\"https:\/\/newgarden.es\/de\/shop\/lightdeco-de\/tischlampe\/rudy-2\/#breadcrumb\",\"itemListElement\":[{\"@type\":\"ListItem\",\"position\":1,\"name\":\"Home\",\"item\":\"https:\/\/newgarden.es\/de\/\"},{\"@type\":\"ListItem\",\"position\":2,\"name\":\"Shop\",\"item\":\"https:\/\/newgarden.es\/de\/shop\/\"},{\"@type\":\"ListItem\",\"position\":3,\"name\":\"RUDY\"}]},{\"@type\":\"WebSite\",\"@id\":\"https:\/\/newgarden.es\/#website\",\"url\":\"https:\/\/newgarden.es\/\",\"name\":\"Newgarden\",\"description\":\"Be happy\",\"potentialAction\":[{\"@type\":\"SearchAction\",\"target\":{\"@type\":\"EntryPoint\",\"urlTemplate\":\"https:\/\/newgarden.es\/?s={search_term_string}\"},\"query-input\":{\"@type\":\"PropertyValueSpecification\",\"valueRequired\":true,\"valueName\":\"search_term_string\"}}],\"inLanguage\":\"de\"}]}<\/script>\n<!-- \/ Yoast SEO plugin. -->","yoast_head_json":{"title":"RUDY innere dekorative geformte Au\u00dfenleuchte und Rentier","description":"Rudy ist eine originelle und stilvolle Rentiere dekorative Lampe beleuchtet ideale Atmosph\u00e4re f\u00fcr sowohl das \u00c4u\u00dfere und Innere Ihres Hauses. Perfekt f\u00fcr den Einsatz w\u00e4hrend des ganzen Jahres und die Ferienzeit. Erh\u00e4ltlich in Smarttech Sonne Finish und Draht f\u00fcr den Innenbereich (warmwei\u00df)","robots":{"index":"index","follow":"follow","max-snippet":"max-snippet:-1","max-image-preview":"max-image-preview:large","max-video-preview":"max-video-preview:-1"},"canonical":"https:\/\/newgarden.es\/de\/shop\/lightdeco-de\/tischlampe\/rudy-2\/","og_locale":"de_DE","og_type":"article","og_title":"RUDY innere dekorative geformte Au\u00dfenleuchte und Rentier","og_description":"Rudy ist eine originelle und stilvolle Rentiere dekorative Lampe beleuchtet ideale Atmosph\u00e4re f\u00fcr sowohl das \u00c4u\u00dfere und Innere Ihres Hauses. Perfekt f\u00fcr den Einsatz w\u00e4hrend des ganzen Jahres und die Ferienzeit. Erh\u00e4ltlich in Smarttech Sonne Finish und Draht f\u00fcr den Innenbereich (warmwei\u00df)","og_url":"https:\/\/newgarden.es\/de\/shop\/lightdeco-de\/tischlampe\/rudy-2\/","og_site_name":"Newgarden","article_modified_time":"2021-09-15T11:42:48+00:00","og_image":[{"width":1200,"height":1200,"url":"https:\/\/newgarden.es\/wp-content\/uploads\/2021\/09\/RUDY_1200X1200-3.jpg","type":"image\/jpeg"}],"twitter_card":"summary_large_image","twitter_misc":{"Gesch\u00e4tzte Lesezeit":"1\u00a0Minute"},"schema":{"@context":"https:\/\/schema.org","@graph":[{"@type":"WebPage","@id":"https:\/\/newgarden.es\/de\/shop\/lightdeco-de\/tischlampe\/rudy-2\/","url":"https:\/\/newgarden.es\/de\/shop\/lightdeco-de\/tischlampe\/rudy-2\/","name":"RUDY innere dekorative geformte Au\u00dfenleuchte und Rentier","isPartOf":{"@id":"https:\/\/newgarden.es\/#website"},"primaryImageOfPage":{"@id":"https:\/\/newgarden.es\/de\/shop\/lightdeco-de\/tischlampe\/rudy-2\/#primaryimage"},"image":{"@id":"https:\/\/newgarden.es\/de\/shop\/lightdeco-de\/tischlampe\/rudy-2\/#primaryimage"},"thumbnailUrl":"https:\/\/newgarden.es\/wp-content\/uploads\/2021\/09\/RUDY_1200X1200-3.jpg","datePublished":"2019-11-04T09:58:28+00:00","dateModified":"2021-09-15T11:42:48+00:00","description":"Rudy ist eine originelle und stilvolle Rentiere dekorative Lampe beleuchtet ideale Atmosph\u00e4re f\u00fcr sowohl das \u00c4u\u00dfere und Innere Ihres Hauses. Perfekt f\u00fcr den Einsatz w\u00e4hrend des ganzen Jahres und die Ferienzeit. Erh\u00e4ltlich in Smarttech Sonne Finish und Draht f\u00fcr den Innenbereich (warmwei\u00df)","breadcrumb":{"@id":"https:\/\/newgarden.es\/de\/shop\/lightdeco-de\/tischlampe\/rudy-2\/#breadcrumb"},"inLanguage":"de","potentialAction":[{"@type":"ReadAction","target":["https:\/\/newgarden.es\/de\/shop\/lightdeco-de\/tischlampe\/rudy-2\/"]}]},{"@type":"ImageObject","inLanguage":"de","@id":"https:\/\/newgarden.es\/de\/shop\/lightdeco-de\/tischlampe\/rudy-2\/#primaryimage","url":"https:\/\/newgarden.es\/wp-content\/uploads\/2021\/09\/RUDY_1200X1200-3.jpg","contentUrl":"https:\/\/newgarden.es\/wp-content\/uploads\/2021\/09\/RUDY_1200X1200-3.jpg","width":1200,"height":1200},{"@type":"BreadcrumbList","@id":"https:\/\/newgarden.es\/de\/shop\/lightdeco-de\/tischlampe\/rudy-2\/#breadcrumb","itemListElement":[{"@type":"ListItem","position":1,"name":"Home","item":"https:\/\/newgarden.es\/de\/"},{"@type":"ListItem","position":2,"name":"Shop","item":"https:\/\/newgarden.es\/de\/shop\/"},{"@type":"ListItem","position":3,"name":"RUDY"}]},{"@type":"WebSite","@id":"https:\/\/newgarden.es\/#website","url":"https:\/\/newgarden.es\/","name":"Newgarden","description":"Be happy","potentialAction":[{"@type":"SearchAction","target":{"@type":"EntryPoint","urlTemplate":"https:\/\/newgarden.es\/?s={search_term_string}"},"query-input":{"@type":"PropertyValueSpecification","valueRequired":true,"valueName":"search_term_string"}}],"inLanguage":"de"}]}},"df_price":62.9,"df_sale_price":"","df_regular_price":62.9,"df_image_link":"https:\/\/newgarden.es\/wp-content\/uploads\/2021\/09\/RUDY_1200X1200-3-580x400.jpg","_links":{"self":[{"href":"https:\/\/newgarden.es\/de\/wp-json\/wp\/v2\/product\/20711"}],"collection":[{"href":"https:\/\/newgarden.es\/de\/wp-json\/wp\/v2\/product"}],"about":[{"href":"https:\/\/newgarden.es\/de\/wp-json\/wp\/v2\/types\/product"}],"wp:featuredmedia":[{"embeddable":true,"href":"https:\/\/newgarden.es\/de\/wp-json\/wp\/v2\/media\/59434"}],"wp:attachment":[{"href":"https:\/\/newgarden.es\/de\/wp-json\/wp\/v2\/media?parent=20711"}],"wp:term":[{"taxonomy":"product_cat","embeddable":true,"href":"https:\/\/newgarden.es\/de\/wp-json\/wp\/v2\/product_cat?post=20711"},{"taxonomy":"product_tag","embeddable":true,"href":"https:\/\/newgarden.es\/de\/wp-json\/wp\/v2\/product_tag?post=20711"}],"curies":[{"name":"wp","href":"https:\/\/api.w.org\/{rel}","templated":true}]}}