{"id":20755,"date":"2019-04-29T11:35:00","date_gmt":"2019-11-04T10:22:19","guid":{"rendered":"https:\/\/newgarden.es\/shop\/sin%20categor\u00eda\/bricky-2\/"},"modified":"2019-12-20T13:06:43","modified_gmt":"2019-12-20T12:06:43","slug":"bricky-2","status":"publish","type":"product","link":"https:\/\/newgarden.es\/de\/shop\/lightdeco-de\/bricky-2\/","title":{"rendered":"BRICKY"},"content":{"rendered":"<section class=\"wpb-content-wrapper\"><p>[vc_row][vc_column][vc_column_text]<\/p>\n<p>[\/vc_column_text][\/vc_column][\/vc_row][vc_row][vc_column el_class=&#8221;descripcion_producto&#8221;][vc_column_text]Bricky ist ein leichtes Gestell entworfen von italienischen Valerio Sommella in enger Zusammenarbeit, die seit mehreren Jahren diese Designer mit Newgarden hat.<\/p>\n<p>Es besteht aus rotationsgeformtem Polyethylen. Es ist voll stapelbar so dass Sie gr\u00f6\u00dfere Module erstellen. Sie wird durch LEDs beleuchtet, die im Inneren des Teils integriert sind. Wenn nur ein Modul an die Wand angeschlossen ist, kann der Rest beleuchtet werden. Die Farbe des LED-Lichts ist in 128 Farben erh\u00e4ltlich und beinhaltet eine Fernbedienung zum Ein- und Ausschalten der Intensit\u00e4t. Das Modul kann hinterleuchtet oder in deckenden Farben sein.<\/p>\n<p>Die Abmessungen betragen 46 x 46 cm x 46 cm x 46 cm. Es gibt Anker, die an der Wand befestigt werden k\u00f6nnen.<\/p>\n<p><em>Alle Newgarden-Produkte bestehen aus Polyethylen, sind also leicht und sehr widerstandsf\u00e4hig gegen extreme Temperaturen. Sie sind auch gegen UV-Strahlen gesch\u00fctzt, wodurch die Lebensdauer des Produkts au\u00dferordentlich lang ist.<\/em>[\/vc_column_text][\/vc_column][\/vc_row][vc_row disable_element=&#8221;yes&#8221;][vc_column][vc_single_image image=&#8221;6566&#8243; img_size=&#8221;full&#8221;][\/vc_column][\/vc_row]<\/p>\n<\/section>","protected":false},"excerpt":{"rendered":"<h1 style=\"font-size: 12px\">Bricky Regal by Valerio Sommella, beleuchtet<\/h1>\n","protected":false},"featured_media":20771,"template":"","meta":[],"product_cat":[763,772],"product_tag":[765],"class_list":{"0":"post-20755","1":"product","2":"type-product","3":"status-publish","4":"has-post-thumbnail","6":"product_cat-lightdeco-de","7":"product_cat-moebel","8":"product_tag-kabel","10":"first","11":"instock","12":"taxable","13":"shipping-taxable","14":"purchasable","15":"product-type-variable"},"yoast_head":"<!-- This site is optimized with the Yoast SEO plugin v24.2 - https:\/\/yoast.com\/wordpress\/plugins\/seo\/ -->\n<title>BRICKY, Stapelbare B\u00fccherregal Illuminated entworfen von Valerio Somella<\/title>\n<meta name=\"description\" content=\"Bricky ist ein leichtes Gestell entworfen von italienischen Valerio Sommella in enger Zusammenarbeit, die seit mehreren Jahren diese Designer mit Newgarden hat. Es ist voll stapelbar so dass Sie gr\u00f6\u00dfere Module erstellen. Es ist beleuchtbaren LED in das St\u00fcck integriert mit.\" \/>\n<meta name=\"robots\" content=\"index, follow, max-snippet:-1, max-image-preview:large, max-video-preview:-1\" \/>\n<link rel=\"canonical\" href=\"https:\/\/newgarden.es\/?post_type=product&p=9664\" \/>\n<meta property=\"og:locale\" content=\"de_DE\" \/>\n<meta property=\"og:type\" content=\"article\" \/>\n<meta property=\"og:title\" content=\"BRICKY, Stapelbare B\u00fccherregal Illuminated entworfen von Valerio Somella\" \/>\n<meta property=\"og:description\" content=\"Bricky ist ein leichtes Gestell entworfen von italienischen Valerio Sommella in enger Zusammenarbeit, die seit mehreren Jahren diese Designer mit Newgarden hat. Es ist voll stapelbar so dass Sie gr\u00f6\u00dfere Module erstellen. Es ist beleuchtbaren LED in das St\u00fcck integriert mit.\" \/>\n<meta property=\"og:url\" content=\"https:\/\/newgarden.es\/?post_type=product&amp;p=9664\" \/>\n<meta property=\"og:site_name\" content=\"Newgarden\" \/>\n<meta property=\"article:modified_time\" content=\"2019-12-20T12:06:43+00:00\" \/>\n<meta property=\"og:image\" content=\"https:\/\/newgarden.es\/wp-content\/uploads\/2019\/04\/bricky-instruccion-d-emontaje.174.jpg\" \/>\n\t<meta property=\"og:image:width\" content=\"1920\" \/>\n\t<meta property=\"og:image:height\" content=\"1920\" \/>\n\t<meta property=\"og:image:type\" content=\"image\/jpeg\" \/>\n<meta name=\"twitter:card\" content=\"summary_large_image\" \/>\n<meta name=\"twitter:label1\" content=\"Gesch\u00e4tzte Lesezeit\" \/>\n\t<meta name=\"twitter:data1\" content=\"1\u00a0Minute\" \/>\n<script type=\"application\/ld+json\" class=\"yoast-schema-graph\">{\"@context\":\"https:\/\/schema.org\",\"@graph\":[{\"@type\":\"WebPage\",\"@id\":\"https:\/\/newgarden.es\/?post_type=product&p=9664\",\"url\":\"https:\/\/newgarden.es\/?post_type=product&p=9664\",\"name\":\"BRICKY, Stapelbare B\u00fccherregal Illuminated entworfen von Valerio Somella\",\"isPartOf\":{\"@id\":\"https:\/\/newgarden.es\/#website\"},\"primaryImageOfPage\":{\"@id\":\"https:\/\/newgarden.es\/?post_type=product&p=9664#primaryimage\"},\"image\":{\"@id\":\"https:\/\/newgarden.es\/?post_type=product&p=9664#primaryimage\"},\"thumbnailUrl\":\"https:\/\/newgarden.es\/wp-content\/uploads\/2019\/04\/bricky-instruccion-d-emontaje.174.jpg\",\"datePublished\":\"2019-11-04T10:22:19+00:00\",\"dateModified\":\"2019-12-20T12:06:43+00:00\",\"description\":\"Bricky ist ein leichtes Gestell entworfen von italienischen Valerio Sommella in enger Zusammenarbeit, die seit mehreren Jahren diese Designer mit Newgarden hat. Es ist voll stapelbar so dass Sie gr\u00f6\u00dfere Module erstellen. Es ist beleuchtbaren LED in das St\u00fcck integriert mit.\",\"breadcrumb\":{\"@id\":\"https:\/\/newgarden.es\/?post_type=product&p=9664#breadcrumb\"},\"inLanguage\":\"de\",\"potentialAction\":[{\"@type\":\"ReadAction\",\"target\":[\"https:\/\/newgarden.es\/?post_type=product&p=9664\"]}]},{\"@type\":\"ImageObject\",\"inLanguage\":\"de\",\"@id\":\"https:\/\/newgarden.es\/?post_type=product&p=9664#primaryimage\",\"url\":\"https:\/\/newgarden.es\/wp-content\/uploads\/2019\/04\/bricky-instruccion-d-emontaje.174.jpg\",\"contentUrl\":\"https:\/\/newgarden.es\/wp-content\/uploads\/2019\/04\/bricky-instruccion-d-emontaje.174.jpg\",\"width\":1920,\"height\":1920,\"caption\":\"bricky instruccion d emontaje.174\"},{\"@type\":\"BreadcrumbList\",\"@id\":\"https:\/\/newgarden.es\/?post_type=product&p=9664#breadcrumb\",\"itemListElement\":[{\"@type\":\"ListItem\",\"position\":1,\"name\":\"Home\",\"item\":\"https:\/\/newgarden.es\/de\/\"},{\"@type\":\"ListItem\",\"position\":2,\"name\":\"Shop\",\"item\":\"https:\/\/newgarden.es\/de\/shop\/\"},{\"@type\":\"ListItem\",\"position\":3,\"name\":\"BRICKY\"}]},{\"@type\":\"WebSite\",\"@id\":\"https:\/\/newgarden.es\/#website\",\"url\":\"https:\/\/newgarden.es\/\",\"name\":\"Newgarden\",\"description\":\"Be happy\",\"potentialAction\":[{\"@type\":\"SearchAction\",\"target\":{\"@type\":\"EntryPoint\",\"urlTemplate\":\"https:\/\/newgarden.es\/?s={search_term_string}\"},\"query-input\":{\"@type\":\"PropertyValueSpecification\",\"valueRequired\":true,\"valueName\":\"search_term_string\"}}],\"inLanguage\":\"de\"}]}<\/script>\n<!-- \/ Yoast SEO plugin. -->","yoast_head_json":{"title":"BRICKY, Stapelbare B\u00fccherregal Illuminated entworfen von Valerio Somella","description":"Bricky ist ein leichtes Gestell entworfen von italienischen Valerio Sommella in enger Zusammenarbeit, die seit mehreren Jahren diese Designer mit Newgarden hat. Es ist voll stapelbar so dass Sie gr\u00f6\u00dfere Module erstellen. Es ist beleuchtbaren LED in das St\u00fcck integriert mit.","robots":{"index":"index","follow":"follow","max-snippet":"max-snippet:-1","max-image-preview":"max-image-preview:large","max-video-preview":"max-video-preview:-1"},"canonical":"https:\/\/newgarden.es\/?post_type=product&p=9664","og_locale":"de_DE","og_type":"article","og_title":"BRICKY, Stapelbare B\u00fccherregal Illuminated entworfen von Valerio Somella","og_description":"Bricky ist ein leichtes Gestell entworfen von italienischen Valerio Sommella in enger Zusammenarbeit, die seit mehreren Jahren diese Designer mit Newgarden hat. Es ist voll stapelbar so dass Sie gr\u00f6\u00dfere Module erstellen. Es ist beleuchtbaren LED in das St\u00fcck integriert mit.","og_url":"https:\/\/newgarden.es\/?post_type=product&p=9664","og_site_name":"Newgarden","article_modified_time":"2019-12-20T12:06:43+00:00","og_image":[{"width":1920,"height":1920,"url":"https:\/\/newgarden.es\/wp-content\/uploads\/2019\/04\/bricky-instruccion-d-emontaje.174.jpg","type":"image\/jpeg"}],"twitter_card":"summary_large_image","twitter_misc":{"Gesch\u00e4tzte Lesezeit":"1\u00a0Minute"},"schema":{"@context":"https:\/\/schema.org","@graph":[{"@type":"WebPage","@id":"https:\/\/newgarden.es\/?post_type=product&p=9664","url":"https:\/\/newgarden.es\/?post_type=product&p=9664","name":"BRICKY, Stapelbare B\u00fccherregal Illuminated entworfen von Valerio Somella","isPartOf":{"@id":"https:\/\/newgarden.es\/#website"},"primaryImageOfPage":{"@id":"https:\/\/newgarden.es\/?post_type=product&p=9664#primaryimage"},"image":{"@id":"https:\/\/newgarden.es\/?post_type=product&p=9664#primaryimage"},"thumbnailUrl":"https:\/\/newgarden.es\/wp-content\/uploads\/2019\/04\/bricky-instruccion-d-emontaje.174.jpg","datePublished":"2019-11-04T10:22:19+00:00","dateModified":"2019-12-20T12:06:43+00:00","description":"Bricky ist ein leichtes Gestell entworfen von italienischen Valerio Sommella in enger Zusammenarbeit, die seit mehreren Jahren diese Designer mit Newgarden hat. Es ist voll stapelbar so dass Sie gr\u00f6\u00dfere Module erstellen. Es ist beleuchtbaren LED in das St\u00fcck integriert mit.","breadcrumb":{"@id":"https:\/\/newgarden.es\/?post_type=product&p=9664#breadcrumb"},"inLanguage":"de","potentialAction":[{"@type":"ReadAction","target":["https:\/\/newgarden.es\/?post_type=product&p=9664"]}]},{"@type":"ImageObject","inLanguage":"de","@id":"https:\/\/newgarden.es\/?post_type=product&p=9664#primaryimage","url":"https:\/\/newgarden.es\/wp-content\/uploads\/2019\/04\/bricky-instruccion-d-emontaje.174.jpg","contentUrl":"https:\/\/newgarden.es\/wp-content\/uploads\/2019\/04\/bricky-instruccion-d-emontaje.174.jpg","width":1920,"height":1920,"caption":"bricky instruccion d emontaje.174"},{"@type":"BreadcrumbList","@id":"https:\/\/newgarden.es\/?post_type=product&p=9664#breadcrumb","itemListElement":[{"@type":"ListItem","position":1,"name":"Home","item":"https:\/\/newgarden.es\/de\/"},{"@type":"ListItem","position":2,"name":"Shop","item":"https:\/\/newgarden.es\/de\/shop\/"},{"@type":"ListItem","position":3,"name":"BRICKY"}]},{"@type":"WebSite","@id":"https:\/\/newgarden.es\/#website","url":"https:\/\/newgarden.es\/","name":"Newgarden","description":"Be happy","potentialAction":[{"@type":"SearchAction","target":{"@type":"EntryPoint","urlTemplate":"https:\/\/newgarden.es\/?s={search_term_string}"},"query-input":{"@type":"PropertyValueSpecification","valueRequired":true,"valueName":"search_term_string"}}],"inLanguage":"de"}]}},"df_price":127,"df_sale_price":"","df_regular_price":127,"df_image_link":"https:\/\/newgarden.es\/wp-content\/uploads\/2019\/04\/bricky-instruccion-d-emontaje.174.jpg","_links":{"self":[{"href":"https:\/\/newgarden.es\/de\/wp-json\/wp\/v2\/product\/20755"}],"collection":[{"href":"https:\/\/newgarden.es\/de\/wp-json\/wp\/v2\/product"}],"about":[{"href":"https:\/\/newgarden.es\/de\/wp-json\/wp\/v2\/types\/product"}],"wp:featuredmedia":[{"embeddable":true,"href":"https:\/\/newgarden.es\/de\/wp-json\/wp\/v2\/media\/20771"}],"wp:attachment":[{"href":"https:\/\/newgarden.es\/de\/wp-json\/wp\/v2\/media?parent=20755"}],"wp:term":[{"taxonomy":"product_cat","embeddable":true,"href":"https:\/\/newgarden.es\/de\/wp-json\/wp\/v2\/product_cat?post=20755"},{"taxonomy":"product_tag","embeddable":true,"href":"https:\/\/newgarden.es\/de\/wp-json\/wp\/v2\/product_tag?post=20755"}],"curies":[{"name":"wp","href":"https:\/\/api.w.org\/{rel}","templated":true}]}}