{"id":20772,"date":"2019-04-29T11:32:07","date_gmt":"2019-11-04T10:29:32","guid":{"rendered":"https:\/\/newgarden.es\/shop\/sin%20categor\u00eda\/norai-2\/"},"modified":"2023-03-14T11:27:13","modified_gmt":"2023-03-14T10:27:13","slug":"norai-2","status":"publish","type":"product","link":"https:\/\/newgarden.es\/de\/shop\/lightdeco-de\/weihnachten\/norai-2\/","title":{"rendered":"NORAI"},"content":{"rendered":"<section class=\"wpb-content-wrapper\"><p>[vc_row][vc_column][vc_column_text]<\/p>\n<p>[\/vc_column_text][\/vc_column][\/vc_row][vc_row][vc_column el_class=&#8220;descripcion_producto&#8220;][vc_column_text]Norai kommt, um einen Sprung in die Welt der Outdoor-Girlanden zu wagen. Inspiriert vom Mittelmeer ist sie eine Leuchte f\u00fcr Veranden oder zum H\u00e4ngen im Freien. Es ist drahtlos mit LED-Licht in 128 Farben + warmes Licht. Es wird ferngesteuert und mit Strom versorgt. Es hat eine Autonomie von 12-36 Stunden, abh\u00e4ngig von der Farbe des Lichts, in dem Sie es einschalten. Ideal f\u00fcr den Au\u00dfenbereich oder als tragbare Lampe, die Sie \u00fcberall hin mitnehmen k\u00f6nnen: Beach Pool Mountain. Es wird mit einem Seeseil befestigt.<\/p>\n<p>Es ist in 3 Farben erh\u00e4ltlich: grau, rosa oder beige. Alle Newgarden-Produkte bestehen aus Polyethylen.<\/p>\n<p><em>Alle Newgarden-Produkte bestehen aus Polyethylen, sind also leicht und sehr widerstandsf\u00e4hig gegen extreme Temperaturen. Sie sind auch gegen UV-Strahlen gesch\u00fctzt, wodurch die Lebensdauer des Produkts au\u00dferordentlich lang ist.<\/em>[\/vc_column_text][\/vc_column][\/vc_row][vc_row disable_element=&#8220;yes&#8220;][vc_column][vc_single_image image=&#8220;6566&#8243; img_size=&#8220;full&#8220;][\/vc_column][\/vc_row]<\/p>\n<\/section>","protected":false},"excerpt":{"rendered":"<h1 style=\"font-size: 12px\">Norai- Aussenh\u00e4ngeleuchte<\/h1>\n","protected":false},"featured_media":55335,"template":"","meta":[],"product_cat":[763,1568,826,819,811],"product_tag":[766],"class_list":{"0":"post-20772","1":"product","2":"type-product","3":"status-publish","4":"has-post-thumbnail","6":"product_cat-lightdeco-de","7":"product_cat-kabellose-deckenleuchten","8":"product_cat-tragbares","9":"product_cat-pendelleuchten","10":"product_cat-weihnachten","11":"product_tag-batterie-de","13":"first","14":"instock","15":"taxable","16":"shipping-taxable","17":"purchasable","18":"product-type-variable"},"yoast_head":"<!-- This site is optimized with the Yoast SEO plugin v24.2 - https:\/\/yoast.com\/wordpress\/plugins\/seo\/ -->\n<title>Norai Au\u00dfenpendelleuchte LED-Lampe + warmer RGB<\/title>\n<meta name=\"description\" content=\"Norai ist ein Licht f\u00fcr Veranda oder auf der Au\u00dfenseite h\u00e4ngen. Es ist drahtlos mit LED-Licht in 128 Farben + warmes Licht. Diese Pendelleuchte wird mit Fernbedienung und Laststrom betrieben wird.\" \/>\n<meta name=\"robots\" content=\"index, follow, max-snippet:-1, max-image-preview:large, max-video-preview:-1\" \/>\n<link rel=\"canonical\" href=\"https:\/\/newgarden.es\/de\/shop\/lightdeco-de\/weihnachten\/norai-2\/\" \/>\n<meta property=\"og:locale\" content=\"de_DE\" \/>\n<meta property=\"og:type\" content=\"article\" \/>\n<meta property=\"og:title\" content=\"Norai Au\u00dfenpendelleuchte LED-Lampe + warmer RGB\" \/>\n<meta property=\"og:description\" content=\"Norai ist ein Licht f\u00fcr Veranda oder auf der Au\u00dfenseite h\u00e4ngen. Es ist drahtlos mit LED-Licht in 128 Farben + warmes Licht. Diese Pendelleuchte wird mit Fernbedienung und Laststrom betrieben wird.\" \/>\n<meta property=\"og:url\" content=\"https:\/\/newgarden.es\/de\/shop\/lightdeco-de\/weihnachten\/norai-2\/\" \/>\n<meta property=\"og:site_name\" content=\"Newgarden\" \/>\n<meta property=\"article:modified_time\" content=\"2023-03-14T10:27:13+00:00\" \/>\n<meta property=\"og:image\" content=\"https:\/\/newgarden.es\/wp-content\/uploads\/2019\/04\/NORAI_25_HANG_1200X120013.jpg\" \/>\n\t<meta property=\"og:image:width\" content=\"1200\" \/>\n\t<meta property=\"og:image:height\" content=\"1200\" \/>\n\t<meta property=\"og:image:type\" content=\"image\/jpeg\" \/>\n<meta name=\"twitter:card\" content=\"summary_large_image\" \/>\n<meta name=\"twitter:label1\" content=\"Gesch\u00e4tzte Lesezeit\" \/>\n\t<meta name=\"twitter:data1\" content=\"1\u00a0Minute\" \/>\n<script type=\"application\/ld+json\" class=\"yoast-schema-graph\">{\"@context\":\"https:\/\/schema.org\",\"@graph\":[{\"@type\":\"WebPage\",\"@id\":\"https:\/\/newgarden.es\/de\/shop\/lightdeco-de\/weihnachten\/norai-2\/\",\"url\":\"https:\/\/newgarden.es\/de\/shop\/lightdeco-de\/weihnachten\/norai-2\/\",\"name\":\"Norai Au\u00dfenpendelleuchte LED-Lampe + warmer RGB\",\"isPartOf\":{\"@id\":\"https:\/\/newgarden.es\/#website\"},\"primaryImageOfPage\":{\"@id\":\"https:\/\/newgarden.es\/de\/shop\/lightdeco-de\/weihnachten\/norai-2\/#primaryimage\"},\"image\":{\"@id\":\"https:\/\/newgarden.es\/de\/shop\/lightdeco-de\/weihnachten\/norai-2\/#primaryimage\"},\"thumbnailUrl\":\"https:\/\/newgarden.es\/wp-content\/uploads\/2019\/04\/NORAI_25_HANG_1200X120013.jpg\",\"datePublished\":\"2019-11-04T10:29:32+00:00\",\"dateModified\":\"2023-03-14T10:27:13+00:00\",\"description\":\"Norai ist ein Licht f\u00fcr Veranda oder auf der Au\u00dfenseite h\u00e4ngen. Es ist drahtlos mit LED-Licht in 128 Farben + warmes Licht. Diese Pendelleuchte wird mit Fernbedienung und Laststrom betrieben wird.\",\"breadcrumb\":{\"@id\":\"https:\/\/newgarden.es\/de\/shop\/lightdeco-de\/weihnachten\/norai-2\/#breadcrumb\"},\"inLanguage\":\"de\",\"potentialAction\":[{\"@type\":\"ReadAction\",\"target\":[\"https:\/\/newgarden.es\/de\/shop\/lightdeco-de\/weihnachten\/norai-2\/\"]}]},{\"@type\":\"ImageObject\",\"inLanguage\":\"de\",\"@id\":\"https:\/\/newgarden.es\/de\/shop\/lightdeco-de\/weihnachten\/norai-2\/#primaryimage\",\"url\":\"https:\/\/newgarden.es\/wp-content\/uploads\/2019\/04\/NORAI_25_HANG_1200X120013.jpg\",\"contentUrl\":\"https:\/\/newgarden.es\/wp-content\/uploads\/2019\/04\/NORAI_25_HANG_1200X120013.jpg\",\"width\":1200,\"height\":1200},{\"@type\":\"BreadcrumbList\",\"@id\":\"https:\/\/newgarden.es\/de\/shop\/lightdeco-de\/weihnachten\/norai-2\/#breadcrumb\",\"itemListElement\":[{\"@type\":\"ListItem\",\"position\":1,\"name\":\"Home\",\"item\":\"https:\/\/newgarden.es\/de\/\"},{\"@type\":\"ListItem\",\"position\":2,\"name\":\"Shop\",\"item\":\"https:\/\/newgarden.es\/de\/shop\/\"},{\"@type\":\"ListItem\",\"position\":3,\"name\":\"NORAI\"}]},{\"@type\":\"WebSite\",\"@id\":\"https:\/\/newgarden.es\/#website\",\"url\":\"https:\/\/newgarden.es\/\",\"name\":\"Newgarden\",\"description\":\"Be happy\",\"potentialAction\":[{\"@type\":\"SearchAction\",\"target\":{\"@type\":\"EntryPoint\",\"urlTemplate\":\"https:\/\/newgarden.es\/?s={search_term_string}\"},\"query-input\":{\"@type\":\"PropertyValueSpecification\",\"valueRequired\":true,\"valueName\":\"search_term_string\"}}],\"inLanguage\":\"de\"}]}<\/script>\n<!-- \/ Yoast SEO plugin. -->","yoast_head_json":{"title":"Norai Au\u00dfenpendelleuchte LED-Lampe + warmer RGB","description":"Norai ist ein Licht f\u00fcr Veranda oder auf der Au\u00dfenseite h\u00e4ngen. Es ist drahtlos mit LED-Licht in 128 Farben + warmes Licht. Diese Pendelleuchte wird mit Fernbedienung und Laststrom betrieben wird.","robots":{"index":"index","follow":"follow","max-snippet":"max-snippet:-1","max-image-preview":"max-image-preview:large","max-video-preview":"max-video-preview:-1"},"canonical":"https:\/\/newgarden.es\/de\/shop\/lightdeco-de\/weihnachten\/norai-2\/","og_locale":"de_DE","og_type":"article","og_title":"Norai Au\u00dfenpendelleuchte LED-Lampe + warmer RGB","og_description":"Norai ist ein Licht f\u00fcr Veranda oder auf der Au\u00dfenseite h\u00e4ngen. Es ist drahtlos mit LED-Licht in 128 Farben + warmes Licht. Diese Pendelleuchte wird mit Fernbedienung und Laststrom betrieben wird.","og_url":"https:\/\/newgarden.es\/de\/shop\/lightdeco-de\/weihnachten\/norai-2\/","og_site_name":"Newgarden","article_modified_time":"2023-03-14T10:27:13+00:00","og_image":[{"width":1200,"height":1200,"url":"https:\/\/newgarden.es\/wp-content\/uploads\/2019\/04\/NORAI_25_HANG_1200X120013.jpg","type":"image\/jpeg"}],"twitter_card":"summary_large_image","twitter_misc":{"Gesch\u00e4tzte Lesezeit":"1\u00a0Minute"},"schema":{"@context":"https:\/\/schema.org","@graph":[{"@type":"WebPage","@id":"https:\/\/newgarden.es\/de\/shop\/lightdeco-de\/weihnachten\/norai-2\/","url":"https:\/\/newgarden.es\/de\/shop\/lightdeco-de\/weihnachten\/norai-2\/","name":"Norai Au\u00dfenpendelleuchte LED-Lampe + warmer RGB","isPartOf":{"@id":"https:\/\/newgarden.es\/#website"},"primaryImageOfPage":{"@id":"https:\/\/newgarden.es\/de\/shop\/lightdeco-de\/weihnachten\/norai-2\/#primaryimage"},"image":{"@id":"https:\/\/newgarden.es\/de\/shop\/lightdeco-de\/weihnachten\/norai-2\/#primaryimage"},"thumbnailUrl":"https:\/\/newgarden.es\/wp-content\/uploads\/2019\/04\/NORAI_25_HANG_1200X120013.jpg","datePublished":"2019-11-04T10:29:32+00:00","dateModified":"2023-03-14T10:27:13+00:00","description":"Norai ist ein Licht f\u00fcr Veranda oder auf der Au\u00dfenseite h\u00e4ngen. Es ist drahtlos mit LED-Licht in 128 Farben + warmes Licht. Diese Pendelleuchte wird mit Fernbedienung und Laststrom betrieben wird.","breadcrumb":{"@id":"https:\/\/newgarden.es\/de\/shop\/lightdeco-de\/weihnachten\/norai-2\/#breadcrumb"},"inLanguage":"de","potentialAction":[{"@type":"ReadAction","target":["https:\/\/newgarden.es\/de\/shop\/lightdeco-de\/weihnachten\/norai-2\/"]}]},{"@type":"ImageObject","inLanguage":"de","@id":"https:\/\/newgarden.es\/de\/shop\/lightdeco-de\/weihnachten\/norai-2\/#primaryimage","url":"https:\/\/newgarden.es\/wp-content\/uploads\/2019\/04\/NORAI_25_HANG_1200X120013.jpg","contentUrl":"https:\/\/newgarden.es\/wp-content\/uploads\/2019\/04\/NORAI_25_HANG_1200X120013.jpg","width":1200,"height":1200},{"@type":"BreadcrumbList","@id":"https:\/\/newgarden.es\/de\/shop\/lightdeco-de\/weihnachten\/norai-2\/#breadcrumb","itemListElement":[{"@type":"ListItem","position":1,"name":"Home","item":"https:\/\/newgarden.es\/de\/"},{"@type":"ListItem","position":2,"name":"Shop","item":"https:\/\/newgarden.es\/de\/shop\/"},{"@type":"ListItem","position":3,"name":"NORAI"}]},{"@type":"WebSite","@id":"https:\/\/newgarden.es\/#website","url":"https:\/\/newgarden.es\/","name":"Newgarden","description":"Be happy","potentialAction":[{"@type":"SearchAction","target":{"@type":"EntryPoint","urlTemplate":"https:\/\/newgarden.es\/?s={search_term_string}"},"query-input":{"@type":"PropertyValueSpecification","valueRequired":true,"valueName":"search_term_string"}}],"inLanguage":"de"}]}},"df_price":55,"df_sale_price":"","df_regular_price":55,"df_image_link":"https:\/\/newgarden.es\/wp-content\/uploads\/2019\/04\/NORAI_25_HANG_1200X120013.jpg","_links":{"self":[{"href":"https:\/\/newgarden.es\/de\/wp-json\/wp\/v2\/product\/20772"}],"collection":[{"href":"https:\/\/newgarden.es\/de\/wp-json\/wp\/v2\/product"}],"about":[{"href":"https:\/\/newgarden.es\/de\/wp-json\/wp\/v2\/types\/product"}],"wp:featuredmedia":[{"embeddable":true,"href":"https:\/\/newgarden.es\/de\/wp-json\/wp\/v2\/media\/55335"}],"wp:attachment":[{"href":"https:\/\/newgarden.es\/de\/wp-json\/wp\/v2\/media?parent=20772"}],"wp:term":[{"taxonomy":"product_cat","embeddable":true,"href":"https:\/\/newgarden.es\/de\/wp-json\/wp\/v2\/product_cat?post=20772"},{"taxonomy":"product_tag","embeddable":true,"href":"https:\/\/newgarden.es\/de\/wp-json\/wp\/v2\/product_tag?post=20772"}],"curies":[{"name":"wp","href":"https:\/\/api.w.org\/{rel}","templated":true}]}}