{"id":20801,"date":"2019-04-29T10:36:00","date_gmt":"2019-11-04T10:36:16","guid":{"rendered":"https:\/\/newgarden.es\/shop\/sin%20categor\u00eda\/carmen-45\/"},"modified":"2019-12-20T12:40:28","modified_gmt":"2019-12-20T11:40:28","slug":"carmen-45","status":"publish","type":"product","link":"https:\/\/newgarden.es\/de\/shop\/lightdeco-de\/tischlampe\/carmen-45\/","title":{"rendered":"CARMEN 45"},"content":{"rendered":"<section class=\"wpb-content-wrapper\"><p>[vc_row][vc_column][vc_column_text]<\/p>\n<p>[\/vc_column_text][\/vc_column][\/vc_row][vc_row][vc_column el_class=&#8220;descripcion_producto&#8220;][vc_column_text]<\/p>\n<p>&#8222;CARMEN ist eine der unverzichtbaren Stehleuchten der Newgarden-Kollektion. Ihr schlanker K\u00f6rper und Kapuze Topmarke Unterschied mit einem Hauch von Raffinesse auf anderen Modellen gestreift.<\/p>\n<p><em>Alle Newgarden-Produkte bestehen aus Polyethylen, sind also leicht und sehr widerstandsf\u00e4hig gegen extreme Temperaturen. Sie sind auch gegen UV-Strahlen gesch\u00fctzt, wodurch die Lebensdauer des Produkts au\u00dferordentlich lang ist. <\/em><\/p>\n<p>[\/vc_column_text][\/vc_column][\/vc_row][vc_row disable_element=&#8220;yes&#8220;][vc_column][vc_single_image image=&#8220;6566&#8243; img_size=&#8220;full&#8220;][\/vc_column][\/vc_row][vc_row][vc_column width=&#8220;1\/2&#8243;][vc_btn title=&#8220;Technisches Datenblatt&#8220; style=&#8220;custom&#8220; custom_background=&#8220;#009bc2&#8243; custom_text=&#8220;#ffffff&#8220; shape=&#8220;square&#8220; link=&#8220;url:https%3A%2F%2Fwww.newgarden.es%2Fwp-content%2Fuploads%2F2018%2F05%2FCarmen-110-165.pdf|target:%20_blank|&#8220; el_class=&#8220;btn_descargar_ficha&#8220;][\/vc_column][vc_column width=&#8220;1\/2&#8243;][vc_btn title=&#8220;BEDIENUNGSANLEITUNG&#8220; style=&#8220;custom&#8220; custom_background=&#8220;#009bc2&#8243; custom_text=&#8220;#ffffff&#8220; shape=&#8220;square&#8220; link=&#8220;url:https%3A%2F%2Fnewgarden.es%2Finstrucciones%2F||target:%20_blank|&#8220; el_class=&#8220;btn_descargar_ficha&#8220;][\/vc_column][\/vc_row]<\/p>\n<\/section>","protected":false},"excerpt":{"rendered":"<h1 style=\"font-size: 12px\">Carmen 45 &#8211; Design Tischlampe<\/h1>\n","protected":false},"featured_media":20809,"template":"","meta":[],"product_cat":[763,767,764],"product_tag":[766,765],"class_list":{"0":"post-20801","1":"product","2":"type-product","3":"status-publish","4":"has-post-thumbnail","6":"product_cat-lightdeco-de","7":"product_cat-stehlampe","8":"product_cat-tischlampe","9":"product_tag-batterie-de","10":"product_tag-kabel","12":"first","13":"instock","14":"taxable","15":"shipping-taxable","16":"product-type-variable"},"yoast_head":"<!-- This site is optimized with the Yoast SEO plugin v24.2 - https:\/\/yoast.com\/wordpress\/plugins\/seo\/ -->\n<title>CARMEN Design Tischleuchte mit Kabel und Batterie<\/title>\n<meta name=\"description\" content=\"CARMEN ist ein unverzichtbares Lampe Tisch in der Sammlung Newgarden. Sein schlankes Design und \u00fcberlegene geriffelte Glocke macht einen Unterschied, mit einem Hauch von Raffinesse bei anderen Modellen. Erh\u00e4ltlich in Batterie und Kabeln f\u00fcr den Innenbereich (warmwei\u00df) und Kabel f\u00fcr den Au\u00dfenbereich (Cool White)\" \/>\n<meta name=\"robots\" content=\"index, follow, max-snippet:-1, max-image-preview:large, max-video-preview:-1\" \/>\n<link rel=\"canonical\" href=\"https:\/\/newgarden.es\/de\/shop\/lightdeco-de\/tischlampe\/carmen-45\/\" \/>\n<meta property=\"og:locale\" content=\"de_DE\" \/>\n<meta property=\"og:type\" content=\"article\" \/>\n<meta property=\"og:title\" content=\"CARMEN Design Tischleuchte mit Kabel und Batterie\" \/>\n<meta property=\"og:description\" content=\"CARMEN ist ein unverzichtbares Lampe Tisch in der Sammlung Newgarden. Sein schlankes Design und \u00fcberlegene geriffelte Glocke macht einen Unterschied, mit einem Hauch von Raffinesse bei anderen Modellen. Erh\u00e4ltlich in Batterie und Kabeln f\u00fcr den Innenbereich (warmwei\u00df) und Kabel f\u00fcr den Au\u00dfenbereich (Cool White)\" \/>\n<meta property=\"og:url\" content=\"https:\/\/newgarden.es\/de\/shop\/lightdeco-de\/tischlampe\/carmen-45\/\" \/>\n<meta property=\"og:site_name\" content=\"Newgarden\" \/>\n<meta property=\"article:modified_time\" content=\"2019-12-20T11:40:28+00:00\" \/>\n<meta property=\"og:image\" content=\"https:\/\/newgarden.es\/wp-content\/uploads\/2019\/04\/1-14.png\" \/>\n\t<meta property=\"og:image:width\" content=\"800\" \/>\n\t<meta property=\"og:image:height\" content=\"610\" \/>\n\t<meta property=\"og:image:type\" content=\"image\/png\" \/>\n<meta name=\"twitter:card\" content=\"summary_large_image\" \/>\n<meta name=\"twitter:label1\" content=\"Gesch\u00e4tzte Lesezeit\" \/>\n\t<meta name=\"twitter:data1\" content=\"1\u00a0Minute\" \/>\n<script type=\"application\/ld+json\" class=\"yoast-schema-graph\">{\"@context\":\"https:\/\/schema.org\",\"@graph\":[{\"@type\":\"WebPage\",\"@id\":\"https:\/\/newgarden.es\/de\/shop\/lightdeco-de\/tischlampe\/carmen-45\/\",\"url\":\"https:\/\/newgarden.es\/de\/shop\/lightdeco-de\/tischlampe\/carmen-45\/\",\"name\":\"CARMEN Design Tischleuchte mit Kabel und Batterie\",\"isPartOf\":{\"@id\":\"https:\/\/newgarden.es\/#website\"},\"primaryImageOfPage\":{\"@id\":\"https:\/\/newgarden.es\/de\/shop\/lightdeco-de\/tischlampe\/carmen-45\/#primaryimage\"},\"image\":{\"@id\":\"https:\/\/newgarden.es\/de\/shop\/lightdeco-de\/tischlampe\/carmen-45\/#primaryimage\"},\"thumbnailUrl\":\"https:\/\/newgarden.es\/wp-content\/uploads\/2019\/04\/1-14.png\",\"datePublished\":\"2019-11-04T10:36:16+00:00\",\"dateModified\":\"2019-12-20T11:40:28+00:00\",\"description\":\"CARMEN ist ein unverzichtbares Lampe Tisch in der Sammlung Newgarden. Sein schlankes Design und \u00fcberlegene geriffelte Glocke macht einen Unterschied, mit einem Hauch von Raffinesse bei anderen Modellen. Erh\u00e4ltlich in Batterie und Kabeln f\u00fcr den Innenbereich (warmwei\u00df) und Kabel f\u00fcr den Au\u00dfenbereich (Cool White)\",\"breadcrumb\":{\"@id\":\"https:\/\/newgarden.es\/de\/shop\/lightdeco-de\/tischlampe\/carmen-45\/#breadcrumb\"},\"inLanguage\":\"de\",\"potentialAction\":[{\"@type\":\"ReadAction\",\"target\":[\"https:\/\/newgarden.es\/de\/shop\/lightdeco-de\/tischlampe\/carmen-45\/\"]}]},{\"@type\":\"ImageObject\",\"inLanguage\":\"de\",\"@id\":\"https:\/\/newgarden.es\/de\/shop\/lightdeco-de\/tischlampe\/carmen-45\/#primaryimage\",\"url\":\"https:\/\/newgarden.es\/wp-content\/uploads\/2019\/04\/1-14.png\",\"contentUrl\":\"https:\/\/newgarden.es\/wp-content\/uploads\/2019\/04\/1-14.png\",\"width\":800,\"height\":610,\"caption\":\"1 14\"},{\"@type\":\"BreadcrumbList\",\"@id\":\"https:\/\/newgarden.es\/de\/shop\/lightdeco-de\/tischlampe\/carmen-45\/#breadcrumb\",\"itemListElement\":[{\"@type\":\"ListItem\",\"position\":1,\"name\":\"Home\",\"item\":\"https:\/\/newgarden.es\/de\/\"},{\"@type\":\"ListItem\",\"position\":2,\"name\":\"Shop\",\"item\":\"https:\/\/newgarden.es\/de\/shop\/\"},{\"@type\":\"ListItem\",\"position\":3,\"name\":\"CARMEN 45\"}]},{\"@type\":\"WebSite\",\"@id\":\"https:\/\/newgarden.es\/#website\",\"url\":\"https:\/\/newgarden.es\/\",\"name\":\"Newgarden\",\"description\":\"Be happy\",\"potentialAction\":[{\"@type\":\"SearchAction\",\"target\":{\"@type\":\"EntryPoint\",\"urlTemplate\":\"https:\/\/newgarden.es\/?s={search_term_string}\"},\"query-input\":{\"@type\":\"PropertyValueSpecification\",\"valueRequired\":true,\"valueName\":\"search_term_string\"}}],\"inLanguage\":\"de\"}]}<\/script>\n<!-- \/ Yoast SEO plugin. -->","yoast_head_json":{"title":"CARMEN Design Tischleuchte mit Kabel und Batterie","description":"CARMEN ist ein unverzichtbares Lampe Tisch in der Sammlung Newgarden. Sein schlankes Design und \u00fcberlegene geriffelte Glocke macht einen Unterschied, mit einem Hauch von Raffinesse bei anderen Modellen. Erh\u00e4ltlich in Batterie und Kabeln f\u00fcr den Innenbereich (warmwei\u00df) und Kabel f\u00fcr den Au\u00dfenbereich (Cool White)","robots":{"index":"index","follow":"follow","max-snippet":"max-snippet:-1","max-image-preview":"max-image-preview:large","max-video-preview":"max-video-preview:-1"},"canonical":"https:\/\/newgarden.es\/de\/shop\/lightdeco-de\/tischlampe\/carmen-45\/","og_locale":"de_DE","og_type":"article","og_title":"CARMEN Design Tischleuchte mit Kabel und Batterie","og_description":"CARMEN ist ein unverzichtbares Lampe Tisch in der Sammlung Newgarden. Sein schlankes Design und \u00fcberlegene geriffelte Glocke macht einen Unterschied, mit einem Hauch von Raffinesse bei anderen Modellen. Erh\u00e4ltlich in Batterie und Kabeln f\u00fcr den Innenbereich (warmwei\u00df) und Kabel f\u00fcr den Au\u00dfenbereich (Cool White)","og_url":"https:\/\/newgarden.es\/de\/shop\/lightdeco-de\/tischlampe\/carmen-45\/","og_site_name":"Newgarden","article_modified_time":"2019-12-20T11:40:28+00:00","og_image":[{"width":800,"height":610,"url":"https:\/\/newgarden.es\/wp-content\/uploads\/2019\/04\/1-14.png","type":"image\/png"}],"twitter_card":"summary_large_image","twitter_misc":{"Gesch\u00e4tzte Lesezeit":"1\u00a0Minute"},"schema":{"@context":"https:\/\/schema.org","@graph":[{"@type":"WebPage","@id":"https:\/\/newgarden.es\/de\/shop\/lightdeco-de\/tischlampe\/carmen-45\/","url":"https:\/\/newgarden.es\/de\/shop\/lightdeco-de\/tischlampe\/carmen-45\/","name":"CARMEN Design Tischleuchte mit Kabel und Batterie","isPartOf":{"@id":"https:\/\/newgarden.es\/#website"},"primaryImageOfPage":{"@id":"https:\/\/newgarden.es\/de\/shop\/lightdeco-de\/tischlampe\/carmen-45\/#primaryimage"},"image":{"@id":"https:\/\/newgarden.es\/de\/shop\/lightdeco-de\/tischlampe\/carmen-45\/#primaryimage"},"thumbnailUrl":"https:\/\/newgarden.es\/wp-content\/uploads\/2019\/04\/1-14.png","datePublished":"2019-11-04T10:36:16+00:00","dateModified":"2019-12-20T11:40:28+00:00","description":"CARMEN ist ein unverzichtbares Lampe Tisch in der Sammlung Newgarden. Sein schlankes Design und \u00fcberlegene geriffelte Glocke macht einen Unterschied, mit einem Hauch von Raffinesse bei anderen Modellen. Erh\u00e4ltlich in Batterie und Kabeln f\u00fcr den Innenbereich (warmwei\u00df) und Kabel f\u00fcr den Au\u00dfenbereich (Cool White)","breadcrumb":{"@id":"https:\/\/newgarden.es\/de\/shop\/lightdeco-de\/tischlampe\/carmen-45\/#breadcrumb"},"inLanguage":"de","potentialAction":[{"@type":"ReadAction","target":["https:\/\/newgarden.es\/de\/shop\/lightdeco-de\/tischlampe\/carmen-45\/"]}]},{"@type":"ImageObject","inLanguage":"de","@id":"https:\/\/newgarden.es\/de\/shop\/lightdeco-de\/tischlampe\/carmen-45\/#primaryimage","url":"https:\/\/newgarden.es\/wp-content\/uploads\/2019\/04\/1-14.png","contentUrl":"https:\/\/newgarden.es\/wp-content\/uploads\/2019\/04\/1-14.png","width":800,"height":610,"caption":"1 14"},{"@type":"BreadcrumbList","@id":"https:\/\/newgarden.es\/de\/shop\/lightdeco-de\/tischlampe\/carmen-45\/#breadcrumb","itemListElement":[{"@type":"ListItem","position":1,"name":"Home","item":"https:\/\/newgarden.es\/de\/"},{"@type":"ListItem","position":2,"name":"Shop","item":"https:\/\/newgarden.es\/de\/shop\/"},{"@type":"ListItem","position":3,"name":"CARMEN 45"}]},{"@type":"WebSite","@id":"https:\/\/newgarden.es\/#website","url":"https:\/\/newgarden.es\/","name":"Newgarden","description":"Be happy","potentialAction":[{"@type":"SearchAction","target":{"@type":"EntryPoint","urlTemplate":"https:\/\/newgarden.es\/?s={search_term_string}"},"query-input":{"@type":"PropertyValueSpecification","valueRequired":true,"valueName":"search_term_string"}}],"inLanguage":"de"}]}},"df_price":"","df_sale_price":"","df_regular_price":"","df_image_link":"https:\/\/newgarden.es\/wp-content\/uploads\/2019\/04\/1-14.png","_links":{"self":[{"href":"https:\/\/newgarden.es\/de\/wp-json\/wp\/v2\/product\/20801"}],"collection":[{"href":"https:\/\/newgarden.es\/de\/wp-json\/wp\/v2\/product"}],"about":[{"href":"https:\/\/newgarden.es\/de\/wp-json\/wp\/v2\/types\/product"}],"wp:featuredmedia":[{"embeddable":true,"href":"https:\/\/newgarden.es\/de\/wp-json\/wp\/v2\/media\/20809"}],"wp:attachment":[{"href":"https:\/\/newgarden.es\/de\/wp-json\/wp\/v2\/media?parent=20801"}],"wp:term":[{"taxonomy":"product_cat","embeddable":true,"href":"https:\/\/newgarden.es\/de\/wp-json\/wp\/v2\/product_cat?post=20801"},{"taxonomy":"product_tag","embeddable":true,"href":"https:\/\/newgarden.es\/de\/wp-json\/wp\/v2\/product_tag?post=20801"}],"curies":[{"name":"wp","href":"https:\/\/api.w.org\/{rel}","templated":true}]}}