{"id":20811,"date":"2019-04-26T16:36:26","date_gmt":"2019-11-04T10:43:24","guid":{"rendered":"https:\/\/newgarden.es\/shop\/sin%20categor\u00eda\/bulb-sun-rgb-by-newgarden\/"},"modified":"2019-11-04T11:43:39","modified_gmt":"2019-11-04T10:43:39","slug":"bulb-sun-rgb-by-newgarden","status":"publish","type":"product","link":"https:\/\/newgarden.es\/de\/shop\/lightdeco-de\/bulb-sun-rgb-by-newgarden\/","title":{"rendered":"BULB SUN RGB BY NEWGARDEN"},"content":{"rendered":"<section class=\"wpb-content-wrapper\"><p>[vc_row][vc_column][vc_column_text]<\/p>\n<p>[\/vc_column_text][\/vc_column][\/vc_row][vc_row][vc_column el_class=&#8221;descripcion_producto&#8221;][vc_column_text]<\/p>\n<p style=\"text-align: justify;\">SUN RGB ist eine LED-Lampe, die von Ihrem Smartphone mit der exklusiven NEWGARDEN SUN-Anwendung gesteuert wird. Mit dieser Lampe k\u00f6nnen Sie mehr als 256 RGB-Farben ausw\u00e4hlen, die Lichtintensit\u00e4t ein- und ausschalten und synchronisierte Beleuchtungss\u00e4tze erstellen.<\/p>\n<p>E27&#8243; Fassung[\/vc_column_text][\/vc_column][\/vc_row][vc_row disable_element=&#8221;yes&#8221;][vc_column][vc_single_image image=&#8221;6566&#8243; img_size=&#8221;full&#8221;][\/vc_column][\/vc_row][vc_row][vc_column width=&#8221;1\/2&#8243;][vc_btn title=&#8221;VIDEO TUTORIAL &#8221; style=&#8221;custom&#8221; custom_background=&#8221;#009bc2&#8243; custom_text=&#8221;#ffffff&#8221; shape=&#8221;square&#8221; link=&#8221;url:https%3A%2F%2Fwww.youtube.com%2Fwatch%3Fv%3DbZQQH02vuzo%26amp%3Bt%3D13s|target:%20_blank|&#8221; el_class=&#8221;btn_descargar_ficha&#8221;][\/vc_column][vc_column width=&#8221;1\/2&#8243;][vc_btn title=&#8221;MANUELL SUN RGB&#8221; style=&#8221;custom&#8221; custom_background=&#8221;#009bc2&#8243; custom_text=&#8221;#ffffff&#8221; shape=&#8221;square&#8221; link=&#8221;url:https%3A%2F%2Fwww.newgarden.es%2Fwp-content%2Fuploads%2F2018%2F08%2FInstrucciones-APP.pdf|target:%20_blank|&#8221; el_class=&#8221;btn_descargar_ficha&#8221;][\/vc_column][\/vc_row][vc_row][vc_column width=&#8221;1\/2&#8243;][vc_btn title=&#8221;HERUNTERLADEN APP ANDROID&#8221; style=&#8221;custom&#8221; custom_background=&#8221;#d7ea00&#8243; custom_text=&#8221;#ffffff&#8221; shape=&#8221;square&#8221; i_icon_fontawesome=&#8221;fa fa-android&#8221; add_icon=&#8221;true&#8221; link=&#8221;url:https%3A%2F%2Fplay.google.com%2Fstore%2Fapps%2Fdetails%3Fid%3Dcom.newgarden.sunrgb%26amp%3Bhl%3Des|target:%20_blank|&#8221; el_class=&#8221;btn_descargar_ficha&#8221;][\/vc_column][vc_column width=&#8221;1\/2&#8243;][vc_btn title=&#8221;HERUNTERLADEN APP IOS (IPHONE)&#8221; style=&#8221;custom&#8221; custom_background=&#8221;#eaeaea&#8221; custom_text=&#8221;#000000&#8243; shape=&#8221;square&#8221; i_icon_fontawesome=&#8221;fa fa-apple&#8221; add_icon=&#8221;true&#8221; link=&#8221;url:https%3A%2F%2Fitunes.apple.com%2Fus%2Fapp%2Fid921479732|target:%20_blank|&#8221; el_class=&#8221;btn_descargar_ficha&#8221;][\/vc_column][\/vc_row]<\/p>\n<\/section>","protected":false},"excerpt":{"rendered":"<h1 style=\"font-size: 12px;\">Led-Leuchtmittel Solar RGB<\/h1>\n","protected":false},"featured_media":20825,"template":"","meta":[],"product_cat":[763,772],"product_tag":[],"class_list":{"0":"post-20811","1":"product","2":"type-product","3":"status-publish","4":"has-post-thumbnail","6":"product_cat-lightdeco-de","7":"product_cat-moebel","9":"first","10":"instock","11":"taxable","12":"shipping-taxable","13":"purchasable","14":"product-type-variable"},"yoast_head":"<!-- This site is optimized with the Yoast SEO plugin v24.2 - https:\/\/yoast.com\/wordpress\/plugins\/seo\/ -->\n<title>RGB LED Birne Gl\u00fchbirne SUN von Smartphone gesteuert<\/title>\n<meta name=\"description\" content=\"SUN RGB-LED-Lampe wird von Ihrem Smartphone mit der exklusiven Anwendung Newgarden SUN gesteuert. Mit dieser Lampe k\u00f6nnen Sie mehr als 256 Farben RGB Erh\u00f6hung w\u00e4hlen oder Intensit\u00e4t des Lichts verringern und Ausschalten und Beleuchtungen erstellen.\" \/>\n<meta name=\"robots\" content=\"index, follow, max-snippet:-1, max-image-preview:large, max-video-preview:-1\" \/>\n<link rel=\"canonical\" href=\"https:\/\/newgarden.es\/de\/shop\/lightdeco-de\/bulb-sun-rgb-by-newgarden\/\" \/>\n<meta property=\"og:locale\" content=\"de_DE\" \/>\n<meta property=\"og:type\" content=\"article\" \/>\n<meta property=\"og:title\" content=\"RGB LED Birne Gl\u00fchbirne SUN von Smartphone gesteuert\" \/>\n<meta property=\"og:description\" content=\"SUN RGB-LED-Lampe wird von Ihrem Smartphone mit der exklusiven Anwendung Newgarden SUN gesteuert. Mit dieser Lampe k\u00f6nnen Sie mehr als 256 Farben RGB Erh\u00f6hung w\u00e4hlen oder Intensit\u00e4t des Lichts verringern und Ausschalten und Beleuchtungen erstellen.\" \/>\n<meta property=\"og:url\" content=\"https:\/\/newgarden.es\/de\/shop\/lightdeco-de\/bulb-sun-rgb-by-newgarden\/\" \/>\n<meta property=\"og:site_name\" content=\"Newgarden\" \/>\n<meta property=\"article:modified_time\" content=\"2019-11-04T10:43:39+00:00\" \/>\n<meta property=\"og:image\" content=\"https:\/\/newgarden.es\/wp-content\/uploads\/2019\/04\/bb-1.png\" \/>\n\t<meta property=\"og:image:width\" content=\"800\" \/>\n\t<meta property=\"og:image:height\" content=\"610\" \/>\n\t<meta property=\"og:image:type\" content=\"image\/png\" \/>\n<meta name=\"twitter:card\" content=\"summary_large_image\" \/>\n<meta name=\"twitter:label1\" content=\"Gesch\u00e4tzte Lesezeit\" \/>\n\t<meta name=\"twitter:data1\" content=\"1\u00a0Minute\" \/>\n<script type=\"application\/ld+json\" class=\"yoast-schema-graph\">{\"@context\":\"https:\/\/schema.org\",\"@graph\":[{\"@type\":\"WebPage\",\"@id\":\"https:\/\/newgarden.es\/de\/shop\/lightdeco-de\/bulb-sun-rgb-by-newgarden\/\",\"url\":\"https:\/\/newgarden.es\/de\/shop\/lightdeco-de\/bulb-sun-rgb-by-newgarden\/\",\"name\":\"RGB LED Birne Gl\u00fchbirne SUN von Smartphone gesteuert\",\"isPartOf\":{\"@id\":\"https:\/\/newgarden.es\/#website\"},\"primaryImageOfPage\":{\"@id\":\"https:\/\/newgarden.es\/de\/shop\/lightdeco-de\/bulb-sun-rgb-by-newgarden\/#primaryimage\"},\"image\":{\"@id\":\"https:\/\/newgarden.es\/de\/shop\/lightdeco-de\/bulb-sun-rgb-by-newgarden\/#primaryimage\"},\"thumbnailUrl\":\"https:\/\/newgarden.es\/wp-content\/uploads\/2019\/04\/bb-1.png\",\"datePublished\":\"2019-11-04T10:43:24+00:00\",\"dateModified\":\"2019-11-04T10:43:39+00:00\",\"description\":\"SUN RGB-LED-Lampe wird von Ihrem Smartphone mit der exklusiven Anwendung Newgarden SUN gesteuert. Mit dieser Lampe k\u00f6nnen Sie mehr als 256 Farben RGB Erh\u00f6hung w\u00e4hlen oder Intensit\u00e4t des Lichts verringern und Ausschalten und Beleuchtungen erstellen.\",\"breadcrumb\":{\"@id\":\"https:\/\/newgarden.es\/de\/shop\/lightdeco-de\/bulb-sun-rgb-by-newgarden\/#breadcrumb\"},\"inLanguage\":\"de\",\"potentialAction\":[{\"@type\":\"ReadAction\",\"target\":[\"https:\/\/newgarden.es\/de\/shop\/lightdeco-de\/bulb-sun-rgb-by-newgarden\/\"]}]},{\"@type\":\"ImageObject\",\"inLanguage\":\"de\",\"@id\":\"https:\/\/newgarden.es\/de\/shop\/lightdeco-de\/bulb-sun-rgb-by-newgarden\/#primaryimage\",\"url\":\"https:\/\/newgarden.es\/wp-content\/uploads\/2019\/04\/bb-1.png\",\"contentUrl\":\"https:\/\/newgarden.es\/wp-content\/uploads\/2019\/04\/bb-1.png\",\"width\":800,\"height\":610,\"caption\":\"bb 1\"},{\"@type\":\"BreadcrumbList\",\"@id\":\"https:\/\/newgarden.es\/de\/shop\/lightdeco-de\/bulb-sun-rgb-by-newgarden\/#breadcrumb\",\"itemListElement\":[{\"@type\":\"ListItem\",\"position\":1,\"name\":\"Home\",\"item\":\"https:\/\/newgarden.es\/de\/\"},{\"@type\":\"ListItem\",\"position\":2,\"name\":\"Shop\",\"item\":\"https:\/\/newgarden.es\/de\/shop\/\"},{\"@type\":\"ListItem\",\"position\":3,\"name\":\"BULB SUN RGB BY NEWGARDEN\"}]},{\"@type\":\"WebSite\",\"@id\":\"https:\/\/newgarden.es\/#website\",\"url\":\"https:\/\/newgarden.es\/\",\"name\":\"Newgarden\",\"description\":\"Be happy\",\"potentialAction\":[{\"@type\":\"SearchAction\",\"target\":{\"@type\":\"EntryPoint\",\"urlTemplate\":\"https:\/\/newgarden.es\/?s={search_term_string}\"},\"query-input\":{\"@type\":\"PropertyValueSpecification\",\"valueRequired\":true,\"valueName\":\"search_term_string\"}}],\"inLanguage\":\"de\"}]}<\/script>\n<!-- \/ Yoast SEO plugin. -->","yoast_head_json":{"title":"RGB LED Birne Gl\u00fchbirne SUN von Smartphone gesteuert","description":"SUN RGB-LED-Lampe wird von Ihrem Smartphone mit der exklusiven Anwendung Newgarden SUN gesteuert. Mit dieser Lampe k\u00f6nnen Sie mehr als 256 Farben RGB Erh\u00f6hung w\u00e4hlen oder Intensit\u00e4t des Lichts verringern und Ausschalten und Beleuchtungen erstellen.","robots":{"index":"index","follow":"follow","max-snippet":"max-snippet:-1","max-image-preview":"max-image-preview:large","max-video-preview":"max-video-preview:-1"},"canonical":"https:\/\/newgarden.es\/de\/shop\/lightdeco-de\/bulb-sun-rgb-by-newgarden\/","og_locale":"de_DE","og_type":"article","og_title":"RGB LED Birne Gl\u00fchbirne SUN von Smartphone gesteuert","og_description":"SUN RGB-LED-Lampe wird von Ihrem Smartphone mit der exklusiven Anwendung Newgarden SUN gesteuert. Mit dieser Lampe k\u00f6nnen Sie mehr als 256 Farben RGB Erh\u00f6hung w\u00e4hlen oder Intensit\u00e4t des Lichts verringern und Ausschalten und Beleuchtungen erstellen.","og_url":"https:\/\/newgarden.es\/de\/shop\/lightdeco-de\/bulb-sun-rgb-by-newgarden\/","og_site_name":"Newgarden","article_modified_time":"2019-11-04T10:43:39+00:00","og_image":[{"width":800,"height":610,"url":"https:\/\/newgarden.es\/wp-content\/uploads\/2019\/04\/bb-1.png","type":"image\/png"}],"twitter_card":"summary_large_image","twitter_misc":{"Gesch\u00e4tzte Lesezeit":"1\u00a0Minute"},"schema":{"@context":"https:\/\/schema.org","@graph":[{"@type":"WebPage","@id":"https:\/\/newgarden.es\/de\/shop\/lightdeco-de\/bulb-sun-rgb-by-newgarden\/","url":"https:\/\/newgarden.es\/de\/shop\/lightdeco-de\/bulb-sun-rgb-by-newgarden\/","name":"RGB LED Birne Gl\u00fchbirne SUN von Smartphone gesteuert","isPartOf":{"@id":"https:\/\/newgarden.es\/#website"},"primaryImageOfPage":{"@id":"https:\/\/newgarden.es\/de\/shop\/lightdeco-de\/bulb-sun-rgb-by-newgarden\/#primaryimage"},"image":{"@id":"https:\/\/newgarden.es\/de\/shop\/lightdeco-de\/bulb-sun-rgb-by-newgarden\/#primaryimage"},"thumbnailUrl":"https:\/\/newgarden.es\/wp-content\/uploads\/2019\/04\/bb-1.png","datePublished":"2019-11-04T10:43:24+00:00","dateModified":"2019-11-04T10:43:39+00:00","description":"SUN RGB-LED-Lampe wird von Ihrem Smartphone mit der exklusiven Anwendung Newgarden SUN gesteuert. Mit dieser Lampe k\u00f6nnen Sie mehr als 256 Farben RGB Erh\u00f6hung w\u00e4hlen oder Intensit\u00e4t des Lichts verringern und Ausschalten und Beleuchtungen erstellen.","breadcrumb":{"@id":"https:\/\/newgarden.es\/de\/shop\/lightdeco-de\/bulb-sun-rgb-by-newgarden\/#breadcrumb"},"inLanguage":"de","potentialAction":[{"@type":"ReadAction","target":["https:\/\/newgarden.es\/de\/shop\/lightdeco-de\/bulb-sun-rgb-by-newgarden\/"]}]},{"@type":"ImageObject","inLanguage":"de","@id":"https:\/\/newgarden.es\/de\/shop\/lightdeco-de\/bulb-sun-rgb-by-newgarden\/#primaryimage","url":"https:\/\/newgarden.es\/wp-content\/uploads\/2019\/04\/bb-1.png","contentUrl":"https:\/\/newgarden.es\/wp-content\/uploads\/2019\/04\/bb-1.png","width":800,"height":610,"caption":"bb 1"},{"@type":"BreadcrumbList","@id":"https:\/\/newgarden.es\/de\/shop\/lightdeco-de\/bulb-sun-rgb-by-newgarden\/#breadcrumb","itemListElement":[{"@type":"ListItem","position":1,"name":"Home","item":"https:\/\/newgarden.es\/de\/"},{"@type":"ListItem","position":2,"name":"Shop","item":"https:\/\/newgarden.es\/de\/shop\/"},{"@type":"ListItem","position":3,"name":"BULB SUN RGB BY NEWGARDEN"}]},{"@type":"WebSite","@id":"https:\/\/newgarden.es\/#website","url":"https:\/\/newgarden.es\/","name":"Newgarden","description":"Be happy","potentialAction":[{"@type":"SearchAction","target":{"@type":"EntryPoint","urlTemplate":"https:\/\/newgarden.es\/?s={search_term_string}"},"query-input":{"@type":"PropertyValueSpecification","valueRequired":true,"valueName":"search_term_string"}}],"inLanguage":"de"}]}},"df_price":49.95,"df_sale_price":"","df_regular_price":49.95,"df_image_link":"https:\/\/newgarden.es\/wp-content\/uploads\/2019\/04\/bb-1.png","_links":{"self":[{"href":"https:\/\/newgarden.es\/de\/wp-json\/wp\/v2\/product\/20811"}],"collection":[{"href":"https:\/\/newgarden.es\/de\/wp-json\/wp\/v2\/product"}],"about":[{"href":"https:\/\/newgarden.es\/de\/wp-json\/wp\/v2\/types\/product"}],"wp:featuredmedia":[{"embeddable":true,"href":"https:\/\/newgarden.es\/de\/wp-json\/wp\/v2\/media\/20825"}],"wp:attachment":[{"href":"https:\/\/newgarden.es\/de\/wp-json\/wp\/v2\/media?parent=20811"}],"wp:term":[{"taxonomy":"product_cat","embeddable":true,"href":"https:\/\/newgarden.es\/de\/wp-json\/wp\/v2\/product_cat?post=20811"},{"taxonomy":"product_tag","embeddable":true,"href":"https:\/\/newgarden.es\/de\/wp-json\/wp\/v2\/product_tag?post=20811"}],"curies":[{"name":"wp","href":"https:\/\/api.w.org\/{rel}","templated":true}]}}