{"id":20827,"date":"2019-04-26T16:36:25","date_gmt":"2019-11-04T10:48:15","guid":{"rendered":"https:\/\/newgarden.es\/shop\/sin%20categor\u00eda\/cooler-2\/"},"modified":"2019-11-04T11:48:34","modified_gmt":"2019-11-04T10:48:34","slug":"cooler-2","status":"publish","type":"product","link":"https:\/\/newgarden.es\/de\/shop\/moebel\/cooler-2\/","title":{"rendered":"COOLER"},"content":{"rendered":"<section class=\"wpb-content-wrapper\"><p>[vc_row][vc_column][\/vc_column][\/vc_row][vc_row][vc_column][vc_column_text]<\/p>\n<p>[\/vc_column_text][\/vc_column][\/vc_row][vc_row][vc_column el_class=&#8221;descripcion_producto&#8221;][vc_column_text]<\/p>\n<p style=\"text-align: justify;\"><em>* K\u00dcHLER- Aluminium-Zubeh\u00f6r f\u00fcr Palm Flaschenregal und Bamboo Flaschenregal. <\/em>Champagner aus Aluminium (rostfrei). Diese Eisw\u00fcrfelschale bildet eine innere Luftkammer zwischen dem Kunststoff und dem Metall, die die K\u00fchlung beg\u00fcnstigt, so dass das Eis viel l\u00e4nger in seinem festen Zustand bleibt.<\/p>\n<p>[\/vc_column_text][\/vc_column][\/vc_row][vc_row disable_element=&#8221;yes&#8221;][vc_column][vc_single_image image=&#8221;6566&#8243; img_size=&#8221;full&#8221;][\/vc_column][\/vc_row][vc_row][vc_column width=&#8221;1\/2&#8243;][vc_btn title=&#8221;Technisches Datenblatt&#8221; style=&#8221;custom&#8221; custom_background=&#8221;#009bc2&#8243; custom_text=&#8221;#ffffff&#8221; shape=&#8221;square&#8221; link=&#8221;url:https%3A%2F%2Fwww.newgarden.es%2Fwp-content%2Fuploads%2F2018%2F05%2FCooler.pdf|target:%20_blank|&#8221; el_class=&#8221;btn_descargar_ficha&#8221;][\/vc_column][vc_column width=&#8221;1\/2&#8243;][vc_btn title=&#8221;BEDIENUNGSANLEITUNG&#8221; style=&#8221;custom&#8221; custom_background=&#8221;#009bc2&#8243; custom_text=&#8221;#ffffff&#8221; shape=&#8221;square&#8221; link=&#8221;url:https%3A%2F%2Fnewgarden.es%2Finstrucciones%2F||target:%20_blank|&#8221; el_class=&#8221;btn_descargar_ficha&#8221;][\/vc_column][\/vc_row]<\/p>\n<\/section>","protected":false},"excerpt":{"rendered":"<h1 style=\"font-size: 12px;\">Flaschenhalter- Aluminiumzubeh\u00f6r f\u00fcr K\u00fchler<\/h1>\n","protected":false},"featured_media":64587,"template":"","meta":[],"product_cat":[772],"product_tag":[],"class_list":{"0":"post-20827","1":"product","2":"type-product","3":"status-publish","4":"has-post-thumbnail","6":"product_cat-moebel","8":"first","9":"instock","10":"taxable","11":"shipping-taxable","12":"purchasable","13":"product-type-simple"},"yoast_head":"<!-- This site is optimized with the Yoast SEO plugin v24.2 - https:\/\/yoast.com\/wordpress\/plugins\/seo\/ -->\n<title>Cooler, Zubeh\u00f6raluminiumflasche Bambu<\/title>\n<meta name=\"description\" content=\"K\u00fchler ist ein Zubeh\u00f6rteil an der Flasche Aluminium Bambus. Cooler ist ein Schaumwein aus rostfreiem Aluminium. Dies schafft eine Eimer innere Luftkammer, die zwischen dem Kunststoff und dem Metall, der K\u00fchlung f\u00f6rdert, so da\u00df Eis in dem festen Zustand bleibt viel l\u00e4nger\" \/>\n<meta name=\"robots\" content=\"index, follow, max-snippet:-1, max-image-preview:large, max-video-preview:-1\" \/>\n<link rel=\"canonical\" href=\"https:\/\/newgarden.es\/de\/shop\/moebel\/cooler-2\/\" \/>\n<meta property=\"og:locale\" content=\"de_DE\" \/>\n<meta property=\"og:type\" content=\"article\" \/>\n<meta property=\"og:title\" content=\"Cooler, Zubeh\u00f6raluminiumflasche Bambu\" \/>\n<meta property=\"og:description\" content=\"K\u00fchler ist ein Zubeh\u00f6rteil an der Flasche Aluminium Bambus. Cooler ist ein Schaumwein aus rostfreiem Aluminium. Dies schafft eine Eimer innere Luftkammer, die zwischen dem Kunststoff und dem Metall, der K\u00fchlung f\u00f6rdert, so da\u00df Eis in dem festen Zustand bleibt viel l\u00e4nger\" \/>\n<meta property=\"og:url\" content=\"https:\/\/newgarden.es\/de\/shop\/moebel\/cooler-2\/\" \/>\n<meta property=\"og:site_name\" content=\"Newgarden\" \/>\n<meta property=\"article:modified_time\" content=\"2019-11-04T10:48:34+00:00\" \/>\n<meta property=\"og:image\" content=\"https:\/\/newgarden.es\/wp-content\/uploads\/2019\/04\/COOLER_1200X1200.jpg\" \/>\n\t<meta property=\"og:image:width\" content=\"1200\" \/>\n\t<meta property=\"og:image:height\" content=\"1200\" \/>\n\t<meta property=\"og:image:type\" content=\"image\/jpeg\" \/>\n<meta name=\"twitter:card\" content=\"summary_large_image\" \/>\n<meta name=\"twitter:label1\" content=\"Gesch\u00e4tzte Lesezeit\" \/>\n\t<meta name=\"twitter:data1\" content=\"1\u00a0Minute\" \/>\n<script type=\"application\/ld+json\" class=\"yoast-schema-graph\">{\"@context\":\"https:\/\/schema.org\",\"@graph\":[{\"@type\":\"WebPage\",\"@id\":\"https:\/\/newgarden.es\/de\/shop\/moebel\/cooler-2\/\",\"url\":\"https:\/\/newgarden.es\/de\/shop\/moebel\/cooler-2\/\",\"name\":\"Cooler, Zubeh\u00f6raluminiumflasche Bambu\",\"isPartOf\":{\"@id\":\"https:\/\/newgarden.es\/#website\"},\"primaryImageOfPage\":{\"@id\":\"https:\/\/newgarden.es\/de\/shop\/moebel\/cooler-2\/#primaryimage\"},\"image\":{\"@id\":\"https:\/\/newgarden.es\/de\/shop\/moebel\/cooler-2\/#primaryimage\"},\"thumbnailUrl\":\"https:\/\/newgarden.es\/wp-content\/uploads\/2019\/04\/COOLER_1200X1200.jpg\",\"datePublished\":\"2019-11-04T10:48:15+00:00\",\"dateModified\":\"2019-11-04T10:48:34+00:00\",\"description\":\"K\u00fchler ist ein Zubeh\u00f6rteil an der Flasche Aluminium Bambus. Cooler ist ein Schaumwein aus rostfreiem Aluminium. Dies schafft eine Eimer innere Luftkammer, die zwischen dem Kunststoff und dem Metall, der K\u00fchlung f\u00f6rdert, so da\u00df Eis in dem festen Zustand bleibt viel l\u00e4nger\",\"breadcrumb\":{\"@id\":\"https:\/\/newgarden.es\/de\/shop\/moebel\/cooler-2\/#breadcrumb\"},\"inLanguage\":\"de\",\"potentialAction\":[{\"@type\":\"ReadAction\",\"target\":[\"https:\/\/newgarden.es\/de\/shop\/moebel\/cooler-2\/\"]}]},{\"@type\":\"ImageObject\",\"inLanguage\":\"de\",\"@id\":\"https:\/\/newgarden.es\/de\/shop\/moebel\/cooler-2\/#primaryimage\",\"url\":\"https:\/\/newgarden.es\/wp-content\/uploads\/2019\/04\/COOLER_1200X1200.jpg\",\"contentUrl\":\"https:\/\/newgarden.es\/wp-content\/uploads\/2019\/04\/COOLER_1200X1200.jpg\",\"width\":1200,\"height\":1200},{\"@type\":\"BreadcrumbList\",\"@id\":\"https:\/\/newgarden.es\/de\/shop\/moebel\/cooler-2\/#breadcrumb\",\"itemListElement\":[{\"@type\":\"ListItem\",\"position\":1,\"name\":\"Home\",\"item\":\"https:\/\/newgarden.es\/de\/\"},{\"@type\":\"ListItem\",\"position\":2,\"name\":\"Shop\",\"item\":\"https:\/\/newgarden.es\/de\/shop\/\"},{\"@type\":\"ListItem\",\"position\":3,\"name\":\"COOLER\"}]},{\"@type\":\"WebSite\",\"@id\":\"https:\/\/newgarden.es\/#website\",\"url\":\"https:\/\/newgarden.es\/\",\"name\":\"Newgarden\",\"description\":\"Be happy\",\"potentialAction\":[{\"@type\":\"SearchAction\",\"target\":{\"@type\":\"EntryPoint\",\"urlTemplate\":\"https:\/\/newgarden.es\/?s={search_term_string}\"},\"query-input\":{\"@type\":\"PropertyValueSpecification\",\"valueRequired\":true,\"valueName\":\"search_term_string\"}}],\"inLanguage\":\"de\"}]}<\/script>\n<!-- \/ Yoast SEO plugin. -->","yoast_head_json":{"title":"Cooler, Zubeh\u00f6raluminiumflasche Bambu","description":"K\u00fchler ist ein Zubeh\u00f6rteil an der Flasche Aluminium Bambus. Cooler ist ein Schaumwein aus rostfreiem Aluminium. Dies schafft eine Eimer innere Luftkammer, die zwischen dem Kunststoff und dem Metall, der K\u00fchlung f\u00f6rdert, so da\u00df Eis in dem festen Zustand bleibt viel l\u00e4nger","robots":{"index":"index","follow":"follow","max-snippet":"max-snippet:-1","max-image-preview":"max-image-preview:large","max-video-preview":"max-video-preview:-1"},"canonical":"https:\/\/newgarden.es\/de\/shop\/moebel\/cooler-2\/","og_locale":"de_DE","og_type":"article","og_title":"Cooler, Zubeh\u00f6raluminiumflasche Bambu","og_description":"K\u00fchler ist ein Zubeh\u00f6rteil an der Flasche Aluminium Bambus. Cooler ist ein Schaumwein aus rostfreiem Aluminium. Dies schafft eine Eimer innere Luftkammer, die zwischen dem Kunststoff und dem Metall, der K\u00fchlung f\u00f6rdert, so da\u00df Eis in dem festen Zustand bleibt viel l\u00e4nger","og_url":"https:\/\/newgarden.es\/de\/shop\/moebel\/cooler-2\/","og_site_name":"Newgarden","article_modified_time":"2019-11-04T10:48:34+00:00","og_image":[{"width":1200,"height":1200,"url":"https:\/\/newgarden.es\/wp-content\/uploads\/2019\/04\/COOLER_1200X1200.jpg","type":"image\/jpeg"}],"twitter_card":"summary_large_image","twitter_misc":{"Gesch\u00e4tzte Lesezeit":"1\u00a0Minute"},"schema":{"@context":"https:\/\/schema.org","@graph":[{"@type":"WebPage","@id":"https:\/\/newgarden.es\/de\/shop\/moebel\/cooler-2\/","url":"https:\/\/newgarden.es\/de\/shop\/moebel\/cooler-2\/","name":"Cooler, Zubeh\u00f6raluminiumflasche Bambu","isPartOf":{"@id":"https:\/\/newgarden.es\/#website"},"primaryImageOfPage":{"@id":"https:\/\/newgarden.es\/de\/shop\/moebel\/cooler-2\/#primaryimage"},"image":{"@id":"https:\/\/newgarden.es\/de\/shop\/moebel\/cooler-2\/#primaryimage"},"thumbnailUrl":"https:\/\/newgarden.es\/wp-content\/uploads\/2019\/04\/COOLER_1200X1200.jpg","datePublished":"2019-11-04T10:48:15+00:00","dateModified":"2019-11-04T10:48:34+00:00","description":"K\u00fchler ist ein Zubeh\u00f6rteil an der Flasche Aluminium Bambus. Cooler ist ein Schaumwein aus rostfreiem Aluminium. Dies schafft eine Eimer innere Luftkammer, die zwischen dem Kunststoff und dem Metall, der K\u00fchlung f\u00f6rdert, so da\u00df Eis in dem festen Zustand bleibt viel l\u00e4nger","breadcrumb":{"@id":"https:\/\/newgarden.es\/de\/shop\/moebel\/cooler-2\/#breadcrumb"},"inLanguage":"de","potentialAction":[{"@type":"ReadAction","target":["https:\/\/newgarden.es\/de\/shop\/moebel\/cooler-2\/"]}]},{"@type":"ImageObject","inLanguage":"de","@id":"https:\/\/newgarden.es\/de\/shop\/moebel\/cooler-2\/#primaryimage","url":"https:\/\/newgarden.es\/wp-content\/uploads\/2019\/04\/COOLER_1200X1200.jpg","contentUrl":"https:\/\/newgarden.es\/wp-content\/uploads\/2019\/04\/COOLER_1200X1200.jpg","width":1200,"height":1200},{"@type":"BreadcrumbList","@id":"https:\/\/newgarden.es\/de\/shop\/moebel\/cooler-2\/#breadcrumb","itemListElement":[{"@type":"ListItem","position":1,"name":"Home","item":"https:\/\/newgarden.es\/de\/"},{"@type":"ListItem","position":2,"name":"Shop","item":"https:\/\/newgarden.es\/de\/shop\/"},{"@type":"ListItem","position":3,"name":"COOLER"}]},{"@type":"WebSite","@id":"https:\/\/newgarden.es\/#website","url":"https:\/\/newgarden.es\/","name":"Newgarden","description":"Be happy","potentialAction":[{"@type":"SearchAction","target":{"@type":"EntryPoint","urlTemplate":"https:\/\/newgarden.es\/?s={search_term_string}"},"query-input":{"@type":"PropertyValueSpecification","valueRequired":true,"valueName":"search_term_string"}}],"inLanguage":"de"}]}},"df_price":36.1,"df_sale_price":"","df_regular_price":36.1,"df_image_link":"https:\/\/newgarden.es\/wp-content\/uploads\/2019\/04\/COOLER_1200X1200-580x400.jpg","_links":{"self":[{"href":"https:\/\/newgarden.es\/de\/wp-json\/wp\/v2\/product\/20827"}],"collection":[{"href":"https:\/\/newgarden.es\/de\/wp-json\/wp\/v2\/product"}],"about":[{"href":"https:\/\/newgarden.es\/de\/wp-json\/wp\/v2\/types\/product"}],"wp:featuredmedia":[{"embeddable":true,"href":"https:\/\/newgarden.es\/de\/wp-json\/wp\/v2\/media\/64587"}],"wp:attachment":[{"href":"https:\/\/newgarden.es\/de\/wp-json\/wp\/v2\/media?parent=20827"}],"wp:term":[{"taxonomy":"product_cat","embeddable":true,"href":"https:\/\/newgarden.es\/de\/wp-json\/wp\/v2\/product_cat?post=20827"},{"taxonomy":"product_tag","embeddable":true,"href":"https:\/\/newgarden.es\/de\/wp-json\/wp\/v2\/product_tag?post=20827"}],"curies":[{"name":"wp","href":"https:\/\/api.w.org\/{rel}","templated":true}]}}