{"id":20848,"date":"2019-04-26T16:35:45","date_gmt":"2019-11-04T10:55:47","guid":{"rendered":"https:\/\/newgarden.es\/shop\/sin%20categor\u00eda\/woody-by-valerio-sommella-2\/"},"modified":"2019-12-20T13:09:16","modified_gmt":"2019-12-20T12:09:16","slug":"woody-by-valerio-sommella-2","status":"publish","type":"product","link":"https:\/\/newgarden.es\/de\/shop\/moebel\/flaschenregale\/woody-by-valerio-sommella-2\/","title":{"rendered":"WOODY BY VALERIO SOMMELLA"},"content":{"rendered":"<section class=\"wpb-content-wrapper\"><p>&nbsp;<\/p>\n<p>[vc_row][vc_column el_class=&#8220;descripcion_producto&#8220;][vc_column_text]<\/p>\n<p style=\"text-align: justify;\"><em>* WOODY FLASCHENREGAL BY VALERIO SOMMELLA:<\/em> Es gibt viele Arten von Flaschenregale oder Champagnerhaltern auf dem Markt, aber \u00bf Hast du einen gefunden, der in der Lage ist, zu k\u00fchlen und gleichzeitig deine Lieblingsmusik zu spielen? Hergestellt aus Kunststoff mittlerer Dichte, passt er sich perfekt allen Arten von Au\u00dfenanwendungen an und h\u00e4lt Temperaturen von -45 bis +55\u00baC stand, ohne Ver\u00e4nderungen in Form und Farbe zu erleiden. Sein Herstellungsprozess macht es zu einem leichten Objekt, aber mit hoher Sto\u00dffestigkeit, so dass wir uns keine Sorgen um die Erhaltung machen m\u00fcssen.<\/p>\n<p>Um seine Verschiebung zu erleichtern, verf\u00fcgt er \u00fcber einen eleganten und bequemen Ledergriff (100% vegan), der gegen Fl\u00fcssigkeiten und schlechtes Wetter best\u00e4ndig ist. Es beinhaltet COOLER, einen Champagner aus Aluminium (rostfrei), der die K\u00fchlung f\u00f6rdert. Sie k\u00f6nnen diesen Flaschenregal mit der Option PLAY : Licht &amp; Musik erwerben. Diese Ausf\u00fchrung beinhaltet einen leistungsstarken 10W-Lautsprecher, der \u00fcber eine Bluetooth-Verbindung und eine Fernbedienung mit jedem Ger\u00e4t verbunden ist.<\/p>\n<p><em>Durch die Verbindung zwischen dem renommierten Designer Valerio Sommella und Newgarden entsteht eine neue Kollektion von Licht- und Musikprodukten, die vom mediterranen Raum inspiriert sind und unsere H\u00e4user erobern und mit dem Geist von Behappy durchdringen.<\/em>[\/vc_column_text][\/vc_column][\/vc_row][vc_row disable_element=&#8220;yes&#8220;][vc_column][vc_single_image image=&#8220;6566&#8243; img_size=&#8220;full&#8220;][\/vc_column][\/vc_row][vc_row][vc_column width=&#8220;1\/2&#8243;][vc_btn title=&#8220;Technisches Datenblatt&#8220; style=&#8220;custom&#8220; custom_background=&#8220;#009bc2&#8243; custom_text=&#8220;#ffffff&#8220; shape=&#8220;square&#8220; link=&#8220;url:https%3A%2F%2Fwww.newgarden.es%2Fwp-content%2Fuploads%2F2018%2F05%2FModelo-Play.pdf|target:%20_blank|&#8220; el_class=&#8220;btn_descargar_ficha&#8220;][\/vc_column][vc_column width=&#8220;1\/2&#8243;][vc_btn title=&#8220;BEDIENUNGSANLEITUNG&#8220; style=&#8220;custom&#8220; custom_background=&#8220;#009bc2&#8243; custom_text=&#8220;#ffffff&#8220; shape=&#8220;square&#8220; link=&#8220;url:https%3A%2F%2Fnewgarden.es%2Finstrucciones%2F||target:%20_blank|&#8220; el_class=&#8220;btn_descargar_ficha&#8220;][\/vc_column][\/vc_row]<\/p>\n<\/section>","protected":false},"excerpt":{"rendered":"<h1 style=\"font-size: 12px;\">Beleuchteter Flaschenhalter mit Lautsprecher by Valerio Sommella<\/h1>\n","protected":false},"featured_media":56400,"template":"","meta":[],"product_cat":[779,772,1611],"product_tag":[766,793],"class_list":{"0":"post-20848","1":"product","2":"type-product","3":"status-publish","4":"has-post-thumbnail","6":"product_cat-lautsprecher-lightdeco-de","7":"product_cat-moebel","8":"product_cat-flaschenregale","9":"product_tag-batterie-de","10":"product_tag-drahtlose","12":"first","13":"instock","14":"taxable","15":"shipping-taxable","16":"purchasable","17":"product-type-variable"},"yoast_head":"<!-- This site is optimized with the Yoast SEO plugin v24.2 - https:\/\/yoast.com\/wordpress\/plugins\/seo\/ -->\n<title>Woody Botellero beleuchtet mit Bluetooth-Lautsprecher und Akku<\/title>\n<meta name=\"description\" content=\"Woody ist au\u00dferhalb der Flasche entworfen von internationalen Designern Valerio Sommella Woody die perfekte Flasche f\u00fcr Ihre Pool-Terrasse oder Gartenbereiche Chill Out ist. PLAY-Option beinhaltet: Licht und Musik mit einem leistungsstarken 10 W-Lautsprecher. Dass eine Verbindung zu jedem Bluetooth-Ger\u00e4t\" \/>\n<meta name=\"robots\" content=\"index, follow, max-snippet:-1, max-image-preview:large, max-video-preview:-1\" \/>\n<link rel=\"canonical\" href=\"https:\/\/newgarden.es\/de\/shop\/moebel\/flaschenregale\/woody-by-valerio-sommella-2\/\" \/>\n<meta property=\"og:locale\" content=\"de_DE\" \/>\n<meta property=\"og:type\" content=\"article\" \/>\n<meta property=\"og:title\" content=\"Woody Botellero beleuchtet mit Bluetooth-Lautsprecher und Akku\" \/>\n<meta property=\"og:description\" content=\"Woody ist au\u00dferhalb der Flasche entworfen von internationalen Designern Valerio Sommella Woody die perfekte Flasche f\u00fcr Ihre Pool-Terrasse oder Gartenbereiche Chill Out ist. PLAY-Option beinhaltet: Licht und Musik mit einem leistungsstarken 10 W-Lautsprecher. Dass eine Verbindung zu jedem Bluetooth-Ger\u00e4t\" \/>\n<meta property=\"og:url\" content=\"https:\/\/newgarden.es\/de\/shop\/moebel\/flaschenregale\/woody-by-valerio-sommella-2\/\" \/>\n<meta property=\"og:site_name\" content=\"Newgarden\" \/>\n<meta property=\"article:modified_time\" content=\"2019-12-20T12:09:16+00:00\" \/>\n<meta property=\"og:image\" content=\"https:\/\/newgarden.es\/wp-content\/uploads\/2019\/04\/WOODY_PLAY_SOLAR_1200X1200-3.png\" \/>\n\t<meta property=\"og:image:width\" content=\"1200\" \/>\n\t<meta property=\"og:image:height\" content=\"1200\" \/>\n\t<meta property=\"og:image:type\" content=\"image\/png\" \/>\n<meta name=\"twitter:card\" content=\"summary_large_image\" \/>\n<meta name=\"twitter:label1\" content=\"Gesch\u00e4tzte Lesezeit\" \/>\n\t<meta name=\"twitter:data1\" content=\"2\u00a0Minuten\" \/>\n<script type=\"application\/ld+json\" class=\"yoast-schema-graph\">{\"@context\":\"https:\/\/schema.org\",\"@graph\":[{\"@type\":\"WebPage\",\"@id\":\"https:\/\/newgarden.es\/de\/shop\/moebel\/flaschenregale\/woody-by-valerio-sommella-2\/\",\"url\":\"https:\/\/newgarden.es\/de\/shop\/moebel\/flaschenregale\/woody-by-valerio-sommella-2\/\",\"name\":\"Woody Botellero beleuchtet mit Bluetooth-Lautsprecher und Akku\",\"isPartOf\":{\"@id\":\"https:\/\/newgarden.es\/#website\"},\"primaryImageOfPage\":{\"@id\":\"https:\/\/newgarden.es\/de\/shop\/moebel\/flaschenregale\/woody-by-valerio-sommella-2\/#primaryimage\"},\"image\":{\"@id\":\"https:\/\/newgarden.es\/de\/shop\/moebel\/flaschenregale\/woody-by-valerio-sommella-2\/#primaryimage\"},\"thumbnailUrl\":\"https:\/\/newgarden.es\/wp-content\/uploads\/2019\/04\/WOODY_PLAY_SOLAR_1200X1200-3.png\",\"datePublished\":\"2019-11-04T10:55:47+00:00\",\"dateModified\":\"2019-12-20T12:09:16+00:00\",\"description\":\"Woody ist au\u00dferhalb der Flasche entworfen von internationalen Designern Valerio Sommella Woody die perfekte Flasche f\u00fcr Ihre Pool-Terrasse oder Gartenbereiche Chill Out ist. PLAY-Option beinhaltet: Licht und Musik mit einem leistungsstarken 10 W-Lautsprecher. Dass eine Verbindung zu jedem Bluetooth-Ger\u00e4t\",\"breadcrumb\":{\"@id\":\"https:\/\/newgarden.es\/de\/shop\/moebel\/flaschenregale\/woody-by-valerio-sommella-2\/#breadcrumb\"},\"inLanguage\":\"de\",\"potentialAction\":[{\"@type\":\"ReadAction\",\"target\":[\"https:\/\/newgarden.es\/de\/shop\/moebel\/flaschenregale\/woody-by-valerio-sommella-2\/\"]}]},{\"@type\":\"ImageObject\",\"inLanguage\":\"de\",\"@id\":\"https:\/\/newgarden.es\/de\/shop\/moebel\/flaschenregale\/woody-by-valerio-sommella-2\/#primaryimage\",\"url\":\"https:\/\/newgarden.es\/wp-content\/uploads\/2019\/04\/WOODY_PLAY_SOLAR_1200X1200-3.png\",\"contentUrl\":\"https:\/\/newgarden.es\/wp-content\/uploads\/2019\/04\/WOODY_PLAY_SOLAR_1200X1200-3.png\",\"width\":1200,\"height\":1200},{\"@type\":\"BreadcrumbList\",\"@id\":\"https:\/\/newgarden.es\/de\/shop\/moebel\/flaschenregale\/woody-by-valerio-sommella-2\/#breadcrumb\",\"itemListElement\":[{\"@type\":\"ListItem\",\"position\":1,\"name\":\"Home\",\"item\":\"https:\/\/newgarden.es\/de\/\"},{\"@type\":\"ListItem\",\"position\":2,\"name\":\"Shop\",\"item\":\"https:\/\/newgarden.es\/de\/shop\/\"},{\"@type\":\"ListItem\",\"position\":3,\"name\":\"WOODY BY VALERIO SOMMELLA\"}]},{\"@type\":\"WebSite\",\"@id\":\"https:\/\/newgarden.es\/#website\",\"url\":\"https:\/\/newgarden.es\/\",\"name\":\"Newgarden\",\"description\":\"Be happy\",\"potentialAction\":[{\"@type\":\"SearchAction\",\"target\":{\"@type\":\"EntryPoint\",\"urlTemplate\":\"https:\/\/newgarden.es\/?s={search_term_string}\"},\"query-input\":{\"@type\":\"PropertyValueSpecification\",\"valueRequired\":true,\"valueName\":\"search_term_string\"}}],\"inLanguage\":\"de\"}]}<\/script>\n<!-- \/ Yoast SEO plugin. -->","yoast_head_json":{"title":"Woody Botellero beleuchtet mit Bluetooth-Lautsprecher und Akku","description":"Woody ist au\u00dferhalb der Flasche entworfen von internationalen Designern Valerio Sommella Woody die perfekte Flasche f\u00fcr Ihre Pool-Terrasse oder Gartenbereiche Chill Out ist. PLAY-Option beinhaltet: Licht und Musik mit einem leistungsstarken 10 W-Lautsprecher. Dass eine Verbindung zu jedem Bluetooth-Ger\u00e4t","robots":{"index":"index","follow":"follow","max-snippet":"max-snippet:-1","max-image-preview":"max-image-preview:large","max-video-preview":"max-video-preview:-1"},"canonical":"https:\/\/newgarden.es\/de\/shop\/moebel\/flaschenregale\/woody-by-valerio-sommella-2\/","og_locale":"de_DE","og_type":"article","og_title":"Woody Botellero beleuchtet mit Bluetooth-Lautsprecher und Akku","og_description":"Woody ist au\u00dferhalb der Flasche entworfen von internationalen Designern Valerio Sommella Woody die perfekte Flasche f\u00fcr Ihre Pool-Terrasse oder Gartenbereiche Chill Out ist. PLAY-Option beinhaltet: Licht und Musik mit einem leistungsstarken 10 W-Lautsprecher. Dass eine Verbindung zu jedem Bluetooth-Ger\u00e4t","og_url":"https:\/\/newgarden.es\/de\/shop\/moebel\/flaschenregale\/woody-by-valerio-sommella-2\/","og_site_name":"Newgarden","article_modified_time":"2019-12-20T12:09:16+00:00","og_image":[{"width":1200,"height":1200,"url":"https:\/\/newgarden.es\/wp-content\/uploads\/2019\/04\/WOODY_PLAY_SOLAR_1200X1200-3.png","type":"image\/png"}],"twitter_card":"summary_large_image","twitter_misc":{"Gesch\u00e4tzte Lesezeit":"2\u00a0Minuten"},"schema":{"@context":"https:\/\/schema.org","@graph":[{"@type":"WebPage","@id":"https:\/\/newgarden.es\/de\/shop\/moebel\/flaschenregale\/woody-by-valerio-sommella-2\/","url":"https:\/\/newgarden.es\/de\/shop\/moebel\/flaschenregale\/woody-by-valerio-sommella-2\/","name":"Woody Botellero beleuchtet mit Bluetooth-Lautsprecher und Akku","isPartOf":{"@id":"https:\/\/newgarden.es\/#website"},"primaryImageOfPage":{"@id":"https:\/\/newgarden.es\/de\/shop\/moebel\/flaschenregale\/woody-by-valerio-sommella-2\/#primaryimage"},"image":{"@id":"https:\/\/newgarden.es\/de\/shop\/moebel\/flaschenregale\/woody-by-valerio-sommella-2\/#primaryimage"},"thumbnailUrl":"https:\/\/newgarden.es\/wp-content\/uploads\/2019\/04\/WOODY_PLAY_SOLAR_1200X1200-3.png","datePublished":"2019-11-04T10:55:47+00:00","dateModified":"2019-12-20T12:09:16+00:00","description":"Woody ist au\u00dferhalb der Flasche entworfen von internationalen Designern Valerio Sommella Woody die perfekte Flasche f\u00fcr Ihre Pool-Terrasse oder Gartenbereiche Chill Out ist. PLAY-Option beinhaltet: Licht und Musik mit einem leistungsstarken 10 W-Lautsprecher. Dass eine Verbindung zu jedem Bluetooth-Ger\u00e4t","breadcrumb":{"@id":"https:\/\/newgarden.es\/de\/shop\/moebel\/flaschenregale\/woody-by-valerio-sommella-2\/#breadcrumb"},"inLanguage":"de","potentialAction":[{"@type":"ReadAction","target":["https:\/\/newgarden.es\/de\/shop\/moebel\/flaschenregale\/woody-by-valerio-sommella-2\/"]}]},{"@type":"ImageObject","inLanguage":"de","@id":"https:\/\/newgarden.es\/de\/shop\/moebel\/flaschenregale\/woody-by-valerio-sommella-2\/#primaryimage","url":"https:\/\/newgarden.es\/wp-content\/uploads\/2019\/04\/WOODY_PLAY_SOLAR_1200X1200-3.png","contentUrl":"https:\/\/newgarden.es\/wp-content\/uploads\/2019\/04\/WOODY_PLAY_SOLAR_1200X1200-3.png","width":1200,"height":1200},{"@type":"BreadcrumbList","@id":"https:\/\/newgarden.es\/de\/shop\/moebel\/flaschenregale\/woody-by-valerio-sommella-2\/#breadcrumb","itemListElement":[{"@type":"ListItem","position":1,"name":"Home","item":"https:\/\/newgarden.es\/de\/"},{"@type":"ListItem","position":2,"name":"Shop","item":"https:\/\/newgarden.es\/de\/shop\/"},{"@type":"ListItem","position":3,"name":"WOODY BY VALERIO SOMMELLA"}]},{"@type":"WebSite","@id":"https:\/\/newgarden.es\/#website","url":"https:\/\/newgarden.es\/","name":"Newgarden","description":"Be happy","potentialAction":[{"@type":"SearchAction","target":{"@type":"EntryPoint","urlTemplate":"https:\/\/newgarden.es\/?s={search_term_string}"},"query-input":{"@type":"PropertyValueSpecification","valueRequired":true,"valueName":"search_term_string"}}],"inLanguage":"de"}]}},"df_price":155.9,"df_sale_price":"","df_regular_price":155.9,"df_image_link":"https:\/\/newgarden.es\/wp-content\/uploads\/2019\/04\/WOODY_PLAY_SOLAR_1200X1200-3-580x400.png","_links":{"self":[{"href":"https:\/\/newgarden.es\/de\/wp-json\/wp\/v2\/product\/20848"}],"collection":[{"href":"https:\/\/newgarden.es\/de\/wp-json\/wp\/v2\/product"}],"about":[{"href":"https:\/\/newgarden.es\/de\/wp-json\/wp\/v2\/types\/product"}],"wp:featuredmedia":[{"embeddable":true,"href":"https:\/\/newgarden.es\/de\/wp-json\/wp\/v2\/media\/56400"}],"wp:attachment":[{"href":"https:\/\/newgarden.es\/de\/wp-json\/wp\/v2\/media?parent=20848"}],"wp:term":[{"taxonomy":"product_cat","embeddable":true,"href":"https:\/\/newgarden.es\/de\/wp-json\/wp\/v2\/product_cat?post=20848"},{"taxonomy":"product_tag","embeddable":true,"href":"https:\/\/newgarden.es\/de\/wp-json\/wp\/v2\/product_tag?post=20848"}],"curies":[{"name":"wp","href":"https:\/\/api.w.org\/{rel}","templated":true}]}}