{"id":20950,"date":"2019-04-26T16:34:29","date_gmt":"2019-11-04T11:14:46","guid":{"rendered":"https:\/\/newgarden.es\/shop\/sin%20categor\u00eda\/pflanzteller\/"},"modified":"2024-06-13T14:18:24","modified_gmt":"2024-06-13T12:18:24","slug":"pflanzteller","status":"publish","type":"product","link":"https:\/\/newgarden.es\/de\/shop\/blumentopfs\/pflanzteller\/","title":{"rendered":"TELLER F\u00dcR BLUMENT\u00d6PFE"},"content":{"rendered":"<section class=\"wpb-content-wrapper\"><p>[vc_row][vc_column el_class=&#8220;descripcion_producto&#8220;][vc_column_text]<\/p>\n<p style=\"text-align: justify;\"><em>* TELLER F\u00dcR BLUMENT\u00d6PFE. Glatte strukturierte Oberfl\u00e4che. Erh\u00e4ltlich in verschiedenen Ausf\u00fchrungen und Farben.<\/em><\/p>\n<p><strong>Quadratische Platte 40:<\/strong> (41 cm int 50 cm ext) G\u00fcltig f\u00fcr die Modelle Melisa 40, Calendula 50, Melisa 30, Narzisse 35, Narzisse 40, Melisa 50.<br \/>\n<strong>Quadratische Platte 50:<\/strong> (52 cm int \/615 cm ext) G\u00fcltig f\u00fcr das Modell Narciso 50.<br \/>\n<em><strong>Runde Platte 30<\/strong>: (\u00d8315 cm int,<\/em> \u00d837 cm ext<em>) G\u00fcltig f\u00fcr die Modelle Bamboo 90, Petunia 36, Bamboo 70.<br \/>\n<strong>Rund Platte 40:<\/strong> (\u00d841 cm int, \u00d849 cm ext) G\u00fcltig f\u00fcr die Modelle Rosa55, Gerbera 45, Violeta 55, Magnolia 60.<\/em><\/p>\n<p style=\"text-align: justify;\"><em>Alle Newgarden-Produkte bestehen aus Polyethylen, sind also leicht und sehr widerstandsf\u00e4hig gegen extreme Temperaturen. Sie sind auch gegen UV-Strahlen gesch\u00fctzt, wodurch die Lebensdauer des Produkts au\u00dferordentlich lang ist.<\/em><\/p>\n<p>[\/vc_column_text][\/vc_column][\/vc_row][vc_row disable_element=&#8220;yes&#8220;][vc_column][vc_single_image image=&#8220;6566&#8243; img_size=&#8220;full&#8220;][\/vc_column][\/vc_row]<\/p>\n<\/section>","protected":false},"excerpt":{"rendered":"<h1 style=\"font-size: 12px;\">Blumenteller f\u00fcr rund- quadro Blument\u00f6pfe<\/h1>\n","protected":false},"featured_media":64407,"template":"","meta":[],"product_cat":[783],"product_tag":[],"class_list":{"0":"post-20950","1":"product","2":"type-product","3":"status-publish","4":"has-post-thumbnail","6":"product_cat-blumentopfs","8":"first","9":"instock","10":"taxable","11":"shipping-taxable","12":"purchasable","13":"product-type-variable"},"yoast_head":"<!-- This site is optimized with the Yoast SEO plugin v24.2 - https:\/\/yoast.com\/wordpress\/plugins\/seo\/ -->\n<title>Flowerpot Gerichte runde und quadratische Au\u00dfen glatte Oberfl\u00e4che<\/title>\n<meta name=\"description\" content=\"Maceteros Gerichte ideal f\u00fcr unsere Blument\u00f6pfe in verschiedenen Gr\u00f6\u00dfen. Glatte strukturierte Oberfl\u00e4che. Erh\u00e4ltlich in verschiedenen Ausf\u00fchrungen und Wahl in opaken Farben. Aus Polyethylen hergestellt, so dass sie leicht und sehr widerstandsf\u00e4hig gegen\u00fcber extremen Temperaturen sind.\" \/>\n<meta name=\"robots\" content=\"index, follow, max-snippet:-1, max-image-preview:large, max-video-preview:-1\" \/>\n<link rel=\"canonical\" href=\"https:\/\/newgarden.es\/de\/shop\/blumentopfs\/pflanzteller\/\" \/>\n<meta property=\"og:locale\" content=\"de_DE\" \/>\n<meta property=\"og:type\" content=\"article\" \/>\n<meta property=\"og:title\" content=\"Flowerpot Gerichte runde und quadratische Au\u00dfen glatte Oberfl\u00e4che\" \/>\n<meta property=\"og:description\" content=\"Maceteros Gerichte ideal f\u00fcr unsere Blument\u00f6pfe in verschiedenen Gr\u00f6\u00dfen. Glatte strukturierte Oberfl\u00e4che. Erh\u00e4ltlich in verschiedenen Ausf\u00fchrungen und Wahl in opaken Farben. Aus Polyethylen hergestellt, so dass sie leicht und sehr widerstandsf\u00e4hig gegen\u00fcber extremen Temperaturen sind.\" \/>\n<meta property=\"og:url\" content=\"https:\/\/newgarden.es\/de\/shop\/blumentopfs\/pflanzteller\/\" \/>\n<meta property=\"og:site_name\" content=\"Newgarden\" \/>\n<meta property=\"article:modified_time\" content=\"2024-06-13T12:18:24+00:00\" \/>\n<meta property=\"og:image\" content=\"https:\/\/newgarden.es\/wp-content\/uploads\/2019\/04\/PLATOS_1200X1200.jpg\" \/>\n\t<meta property=\"og:image:width\" content=\"1200\" \/>\n\t<meta property=\"og:image:height\" content=\"1200\" \/>\n\t<meta property=\"og:image:type\" content=\"image\/jpeg\" \/>\n<meta name=\"twitter:card\" content=\"summary_large_image\" \/>\n<meta name=\"twitter:label1\" content=\"Gesch\u00e4tzte Lesezeit\" \/>\n\t<meta name=\"twitter:data1\" content=\"1\u00a0Minute\" \/>\n<script type=\"application\/ld+json\" class=\"yoast-schema-graph\">{\"@context\":\"https:\/\/schema.org\",\"@graph\":[{\"@type\":\"WebPage\",\"@id\":\"https:\/\/newgarden.es\/de\/shop\/blumentopfs\/pflanzteller\/\",\"url\":\"https:\/\/newgarden.es\/de\/shop\/blumentopfs\/pflanzteller\/\",\"name\":\"Flowerpot Gerichte runde und quadratische Au\u00dfen glatte Oberfl\u00e4che\",\"isPartOf\":{\"@id\":\"https:\/\/newgarden.es\/#website\"},\"primaryImageOfPage\":{\"@id\":\"https:\/\/newgarden.es\/de\/shop\/blumentopfs\/pflanzteller\/#primaryimage\"},\"image\":{\"@id\":\"https:\/\/newgarden.es\/de\/shop\/blumentopfs\/pflanzteller\/#primaryimage\"},\"thumbnailUrl\":\"https:\/\/newgarden.es\/wp-content\/uploads\/2019\/04\/PLATOS_1200X1200.jpg\",\"datePublished\":\"2019-11-04T11:14:46+00:00\",\"dateModified\":\"2024-06-13T12:18:24+00:00\",\"description\":\"Maceteros Gerichte ideal f\u00fcr unsere Blument\u00f6pfe in verschiedenen Gr\u00f6\u00dfen. Glatte strukturierte Oberfl\u00e4che. Erh\u00e4ltlich in verschiedenen Ausf\u00fchrungen und Wahl in opaken Farben. Aus Polyethylen hergestellt, so dass sie leicht und sehr widerstandsf\u00e4hig gegen\u00fcber extremen Temperaturen sind.\",\"breadcrumb\":{\"@id\":\"https:\/\/newgarden.es\/de\/shop\/blumentopfs\/pflanzteller\/#breadcrumb\"},\"inLanguage\":\"de\",\"potentialAction\":[{\"@type\":\"ReadAction\",\"target\":[\"https:\/\/newgarden.es\/de\/shop\/blumentopfs\/pflanzteller\/\"]}]},{\"@type\":\"ImageObject\",\"inLanguage\":\"de\",\"@id\":\"https:\/\/newgarden.es\/de\/shop\/blumentopfs\/pflanzteller\/#primaryimage\",\"url\":\"https:\/\/newgarden.es\/wp-content\/uploads\/2019\/04\/PLATOS_1200X1200.jpg\",\"contentUrl\":\"https:\/\/newgarden.es\/wp-content\/uploads\/2019\/04\/PLATOS_1200X1200.jpg\",\"width\":1200,\"height\":1200},{\"@type\":\"BreadcrumbList\",\"@id\":\"https:\/\/newgarden.es\/de\/shop\/blumentopfs\/pflanzteller\/#breadcrumb\",\"itemListElement\":[{\"@type\":\"ListItem\",\"position\":1,\"name\":\"Home\",\"item\":\"https:\/\/newgarden.es\/de\/\"},{\"@type\":\"ListItem\",\"position\":2,\"name\":\"Shop\",\"item\":\"https:\/\/newgarden.es\/de\/shop\/\"},{\"@type\":\"ListItem\",\"position\":3,\"name\":\"TELLER F\u00dcR BLUMENT\u00d6PFE\"}]},{\"@type\":\"WebSite\",\"@id\":\"https:\/\/newgarden.es\/#website\",\"url\":\"https:\/\/newgarden.es\/\",\"name\":\"Newgarden\",\"description\":\"Be happy\",\"potentialAction\":[{\"@type\":\"SearchAction\",\"target\":{\"@type\":\"EntryPoint\",\"urlTemplate\":\"https:\/\/newgarden.es\/?s={search_term_string}\"},\"query-input\":{\"@type\":\"PropertyValueSpecification\",\"valueRequired\":true,\"valueName\":\"search_term_string\"}}],\"inLanguage\":\"de\"}]}<\/script>\n<!-- \/ Yoast SEO plugin. -->","yoast_head_json":{"title":"Flowerpot Gerichte runde und quadratische Au\u00dfen glatte Oberfl\u00e4che","description":"Maceteros Gerichte ideal f\u00fcr unsere Blument\u00f6pfe in verschiedenen Gr\u00f6\u00dfen. Glatte strukturierte Oberfl\u00e4che. Erh\u00e4ltlich in verschiedenen Ausf\u00fchrungen und Wahl in opaken Farben. Aus Polyethylen hergestellt, so dass sie leicht und sehr widerstandsf\u00e4hig gegen\u00fcber extremen Temperaturen sind.","robots":{"index":"index","follow":"follow","max-snippet":"max-snippet:-1","max-image-preview":"max-image-preview:large","max-video-preview":"max-video-preview:-1"},"canonical":"https:\/\/newgarden.es\/de\/shop\/blumentopfs\/pflanzteller\/","og_locale":"de_DE","og_type":"article","og_title":"Flowerpot Gerichte runde und quadratische Au\u00dfen glatte Oberfl\u00e4che","og_description":"Maceteros Gerichte ideal f\u00fcr unsere Blument\u00f6pfe in verschiedenen Gr\u00f6\u00dfen. Glatte strukturierte Oberfl\u00e4che. Erh\u00e4ltlich in verschiedenen Ausf\u00fchrungen und Wahl in opaken Farben. Aus Polyethylen hergestellt, so dass sie leicht und sehr widerstandsf\u00e4hig gegen\u00fcber extremen Temperaturen sind.","og_url":"https:\/\/newgarden.es\/de\/shop\/blumentopfs\/pflanzteller\/","og_site_name":"Newgarden","article_modified_time":"2024-06-13T12:18:24+00:00","og_image":[{"width":1200,"height":1200,"url":"https:\/\/newgarden.es\/wp-content\/uploads\/2019\/04\/PLATOS_1200X1200.jpg","type":"image\/jpeg"}],"twitter_card":"summary_large_image","twitter_misc":{"Gesch\u00e4tzte Lesezeit":"1\u00a0Minute"},"schema":{"@context":"https:\/\/schema.org","@graph":[{"@type":"WebPage","@id":"https:\/\/newgarden.es\/de\/shop\/blumentopfs\/pflanzteller\/","url":"https:\/\/newgarden.es\/de\/shop\/blumentopfs\/pflanzteller\/","name":"Flowerpot Gerichte runde und quadratische Au\u00dfen glatte Oberfl\u00e4che","isPartOf":{"@id":"https:\/\/newgarden.es\/#website"},"primaryImageOfPage":{"@id":"https:\/\/newgarden.es\/de\/shop\/blumentopfs\/pflanzteller\/#primaryimage"},"image":{"@id":"https:\/\/newgarden.es\/de\/shop\/blumentopfs\/pflanzteller\/#primaryimage"},"thumbnailUrl":"https:\/\/newgarden.es\/wp-content\/uploads\/2019\/04\/PLATOS_1200X1200.jpg","datePublished":"2019-11-04T11:14:46+00:00","dateModified":"2024-06-13T12:18:24+00:00","description":"Maceteros Gerichte ideal f\u00fcr unsere Blument\u00f6pfe in verschiedenen Gr\u00f6\u00dfen. Glatte strukturierte Oberfl\u00e4che. Erh\u00e4ltlich in verschiedenen Ausf\u00fchrungen und Wahl in opaken Farben. Aus Polyethylen hergestellt, so dass sie leicht und sehr widerstandsf\u00e4hig gegen\u00fcber extremen Temperaturen sind.","breadcrumb":{"@id":"https:\/\/newgarden.es\/de\/shop\/blumentopfs\/pflanzteller\/#breadcrumb"},"inLanguage":"de","potentialAction":[{"@type":"ReadAction","target":["https:\/\/newgarden.es\/de\/shop\/blumentopfs\/pflanzteller\/"]}]},{"@type":"ImageObject","inLanguage":"de","@id":"https:\/\/newgarden.es\/de\/shop\/blumentopfs\/pflanzteller\/#primaryimage","url":"https:\/\/newgarden.es\/wp-content\/uploads\/2019\/04\/PLATOS_1200X1200.jpg","contentUrl":"https:\/\/newgarden.es\/wp-content\/uploads\/2019\/04\/PLATOS_1200X1200.jpg","width":1200,"height":1200},{"@type":"BreadcrumbList","@id":"https:\/\/newgarden.es\/de\/shop\/blumentopfs\/pflanzteller\/#breadcrumb","itemListElement":[{"@type":"ListItem","position":1,"name":"Home","item":"https:\/\/newgarden.es\/de\/"},{"@type":"ListItem","position":2,"name":"Shop","item":"https:\/\/newgarden.es\/de\/shop\/"},{"@type":"ListItem","position":3,"name":"TELLER F\u00dcR BLUMENT\u00d6PFE"}]},{"@type":"WebSite","@id":"https:\/\/newgarden.es\/#website","url":"https:\/\/newgarden.es\/","name":"Newgarden","description":"Be happy","potentialAction":[{"@type":"SearchAction","target":{"@type":"EntryPoint","urlTemplate":"https:\/\/newgarden.es\/?s={search_term_string}"},"query-input":{"@type":"PropertyValueSpecification","valueRequired":true,"valueName":"search_term_string"}}],"inLanguage":"de"}]}},"df_price":10.3,"df_sale_price":"","df_regular_price":10.3,"df_image_link":"https:\/\/newgarden.es\/wp-content\/uploads\/2019\/04\/PLATOS_1200X1200-580x400.jpg","_links":{"self":[{"href":"https:\/\/newgarden.es\/de\/wp-json\/wp\/v2\/product\/20950"}],"collection":[{"href":"https:\/\/newgarden.es\/de\/wp-json\/wp\/v2\/product"}],"about":[{"href":"https:\/\/newgarden.es\/de\/wp-json\/wp\/v2\/types\/product"}],"wp:featuredmedia":[{"embeddable":true,"href":"https:\/\/newgarden.es\/de\/wp-json\/wp\/v2\/media\/64407"}],"wp:attachment":[{"href":"https:\/\/newgarden.es\/de\/wp-json\/wp\/v2\/media?parent=20950"}],"wp:term":[{"taxonomy":"product_cat","embeddable":true,"href":"https:\/\/newgarden.es\/de\/wp-json\/wp\/v2\/product_cat?post=20950"},{"taxonomy":"product_tag","embeddable":true,"href":"https:\/\/newgarden.es\/de\/wp-json\/wp\/v2\/product_tag?post=20950"}],"curies":[{"name":"wp","href":"https:\/\/api.w.org\/{rel}","templated":true}]}}