{"id":21034,"date":"2019-04-26T16:31:43","date_gmt":"2019-11-04T11:26:24","guid":{"rendered":"https:\/\/newgarden.es\/shop\/sin%20categor\u00eda\/tarida-tab-2\/"},"modified":"2024-06-13T09:45:31","modified_gmt":"2024-06-13T07:45:31","slug":"tarida-tab-2","status":"publish","type":"product","link":"https:\/\/newgarden.es\/de\/shop\/lightdeco-de\/lautsprecher-lightdeco-de\/tarida-tab-2\/","title":{"rendered":"TARIDA TAB COLOUR"},"content":{"rendered":"<section class=\"wpb-content-wrapper\"><p>[vc_row][vc_column el_class=&#8220;descripcion_producto&#8220;][vc_column_text]<\/p>\n<p style=\"text-align: justify;\"><em>*TARIDA TAB: Mesita de centro rectangular que forma parte de la colecci\u00f3n TARIDA. Tiene una cavidad en su superficie para poder utilizarla como botellero, macetero, revistero&#8230; Tambi\u00e9n incluye un t<\/em><em>ablero de metacrilato para conseguir una mayor superficie en la base. Disponible en varios colores y acabados. La opci\u00f3n PLAY te permite disfrutar de tu m\u00fasica favorita conectando tu dispositivo por bluetooth. Y con el acabado SOLAR olv\u00eddate de cables. <\/em><\/p>\n<p style=\"text-align: justify;\"><em>\u00a0Comb\u00ednalo con <a href=\"https:\/\/newgarden.es\/shop\/coleccion\/mobiliario\/tarida-sit\/\">TARIDA SIT<\/a> para crear ambientes chill out en tu hogar o negocio. <\/em><\/p>\n<p style=\"text-align: justify;\"><em>Todos los productos Newgarden est\u00e1n fabricados en polietileno, por lo que son ligeros y muy resistentes a temperaturas extremas. Tambi\u00e9n est\u00e1n protegidos contra los rayos UV, haciendo que la vida \u00fatil del producto sea extraordinariamente larga. \u00a0<\/em><\/p>\n<p><em>\u00a0\u00a0<\/em>[\/vc_column_text][\/vc_column][\/vc_row][vc_row disable_element=&#8220;yes&#8220;][vc_column][vc_single_image image=&#8220;6566&#8243; img_size=&#8220;full&#8220;][\/vc_column][\/vc_row][vc_row][vc_column width=&#8220;1\/2&#8243;][vc_btn title=&#8220;Technisches Datenblatt&#8220; style=&#8220;custom&#8220; custom_background=&#8220;#009bc2&#8243; custom_text=&#8220;#ffffff&#8220; shape=&#8220;square&#8220; link=&#8220;url:https%3A%2F%2Fbit.ly%2F3SLzQkk|target:%20_blank|&#8220; el_class=&#8220;btn_descargar_ficha&#8220;][vc_btn title=&#8220;Technisches Datenblatt&#8220; style=&#8220;custom&#8220; custom_background=&#8220;#009bc2&#8243; custom_text=&#8220;#ffffff&#8220; shape=&#8220;square&#8220; link=&#8220;url:https%3A%2F%2Fbit.ly%2F3xOwAuD|target:%20_blank|&#8220; el_class=&#8220;btn_descargar_ficha&#8220;][vc_btn title=&#8220;Technisches Datenblatt&#8220; style=&#8220;custom&#8220; custom_background=&#8220;#009bc2&#8243; custom_text=&#8220;#ffffff&#8220; shape=&#8220;square&#8220; link=&#8220;url:https%3A%2F%2Fbit.ly%2F3w1M0vE|target:%20_blank|&#8220; el_class=&#8220;btn_descargar_ficha&#8220;][\/vc_column][vc_column width=&#8220;1\/2&#8243;][vc_btn title=&#8220;BEDIENUNGSANLEITUNG&#8220; style=&#8220;custom&#8220; custom_background=&#8220;#009bc2&#8243; custom_text=&#8220;#ffffff&#8220; shape=&#8220;square&#8220; link=&#8220;url:https%3A%2F%2Fbit.ly%2F3QJ7F3H|target:%20_blank|&#8220; el_class=&#8220;btn_descargar_ficha&#8220;][vc_btn title=&#8220;BEDIENUNGSANLEITUNG&#8220; style=&#8220;custom&#8220; custom_background=&#8220;#009bc2&#8243; custom_text=&#8220;#ffffff&#8220; shape=&#8220;square&#8220; link=&#8220;url:https%3A%2F%2Fbit.ly%2F3Qo29DG|target:%20_blank|&#8220; el_class=&#8220;btn_descargar_ficha&#8220;][\/vc_column][\/vc_row]<\/p>\n<\/section>","protected":false},"excerpt":{"rendered":"<h1 style=\"font-size: 12px\">Tarida Tab- Beleuchteter Couchtisch mit Lautsprecher<\/h1>\n","protected":false},"featured_media":56435,"template":"","meta":[],"product_cat":[763,779,772],"product_tag":[793,789],"class_list":{"0":"post-21034","1":"product","2":"type-product","3":"status-publish","4":"has-post-thumbnail","6":"product_cat-lightdeco-de","7":"product_cat-lautsprecher-lightdeco-de","8":"product_cat-moebel","9":"product_tag-drahtlose","10":"product_tag-solar-de","12":"first","13":"instock","14":"taxable","15":"shipping-taxable","16":"purchasable","17":"product-type-variable"},"yoast_head":"<!-- This site is optimized with the Yoast SEO plugin v24.2 - https:\/\/yoast.com\/wordpress\/plugins\/seo\/ -->\n<title>TAB TARIDA, beleuchtete Couchtisch Au\u00dfeneinsatz<\/title>\n<meta name=\"description\" content=\"Tarida Tab ist ein Couchtisch beleuchtet Teil der TARIDA Sammlung. Es hat eine Hohlraumoberfl\u00e4che zur Verwendung als Flaschenregal bzw. Magazintopf. Es enth\u00e4lt eine Methacrylat Platte f\u00fcr eine gr\u00f6\u00dfere Fl\u00e4che an der Basis. Erh\u00e4ltlich in verschiedenen Farben und Ausf\u00fchrungen\" \/>\n<meta name=\"robots\" content=\"index, follow, max-snippet:-1, max-image-preview:large, max-video-preview:-1\" \/>\n<link rel=\"canonical\" href=\"https:\/\/newgarden.es\/de\/shop\/lightdeco-de\/lautsprecher-lightdeco-de\/tarida-tab-2\/\" \/>\n<meta property=\"og:locale\" content=\"de_DE\" \/>\n<meta property=\"og:type\" content=\"article\" \/>\n<meta property=\"og:title\" content=\"TAB TARIDA, beleuchtete Couchtisch Au\u00dfeneinsatz\" \/>\n<meta property=\"og:description\" content=\"Tarida Tab ist ein Couchtisch beleuchtet Teil der TARIDA Sammlung. Es hat eine Hohlraumoberfl\u00e4che zur Verwendung als Flaschenregal bzw. Magazintopf. Es enth\u00e4lt eine Methacrylat Platte f\u00fcr eine gr\u00f6\u00dfere Fl\u00e4che an der Basis. Erh\u00e4ltlich in verschiedenen Farben und Ausf\u00fchrungen\" \/>\n<meta property=\"og:url\" content=\"https:\/\/newgarden.es\/de\/shop\/lightdeco-de\/lautsprecher-lightdeco-de\/tarida-tab-2\/\" \/>\n<meta property=\"og:site_name\" content=\"Newgarden\" \/>\n<meta property=\"article:modified_time\" content=\"2024-06-13T07:45:31+00:00\" \/>\n<meta property=\"og:image\" content=\"https:\/\/newgarden.es\/wp-content\/uploads\/2019\/04\/TARIDA-TAB_1200X1200-2.jpg\" \/>\n\t<meta property=\"og:image:width\" content=\"1200\" \/>\n\t<meta property=\"og:image:height\" content=\"1200\" \/>\n\t<meta property=\"og:image:type\" content=\"image\/jpeg\" \/>\n<meta name=\"twitter:card\" content=\"summary_large_image\" \/>\n<meta name=\"twitter:label1\" content=\"Gesch\u00e4tzte Lesezeit\" \/>\n\t<meta name=\"twitter:data1\" content=\"2\u00a0Minuten\" \/>\n<script type=\"application\/ld+json\" class=\"yoast-schema-graph\">{\"@context\":\"https:\/\/schema.org\",\"@graph\":[{\"@type\":\"WebPage\",\"@id\":\"https:\/\/newgarden.es\/de\/shop\/lightdeco-de\/lautsprecher-lightdeco-de\/tarida-tab-2\/\",\"url\":\"https:\/\/newgarden.es\/de\/shop\/lightdeco-de\/lautsprecher-lightdeco-de\/tarida-tab-2\/\",\"name\":\"TAB TARIDA, beleuchtete Couchtisch Au\u00dfeneinsatz\",\"isPartOf\":{\"@id\":\"https:\/\/newgarden.es\/#website\"},\"primaryImageOfPage\":{\"@id\":\"https:\/\/newgarden.es\/de\/shop\/lightdeco-de\/lautsprecher-lightdeco-de\/tarida-tab-2\/#primaryimage\"},\"image\":{\"@id\":\"https:\/\/newgarden.es\/de\/shop\/lightdeco-de\/lautsprecher-lightdeco-de\/tarida-tab-2\/#primaryimage\"},\"thumbnailUrl\":\"https:\/\/newgarden.es\/wp-content\/uploads\/2019\/04\/TARIDA-TAB_1200X1200-2.jpg\",\"datePublished\":\"2019-11-04T11:26:24+00:00\",\"dateModified\":\"2024-06-13T07:45:31+00:00\",\"description\":\"Tarida Tab ist ein Couchtisch beleuchtet Teil der TARIDA Sammlung. Es hat eine Hohlraumoberfl\u00e4che zur Verwendung als Flaschenregal bzw. Magazintopf. Es enth\u00e4lt eine Methacrylat Platte f\u00fcr eine gr\u00f6\u00dfere Fl\u00e4che an der Basis. Erh\u00e4ltlich in verschiedenen Farben und Ausf\u00fchrungen\",\"breadcrumb\":{\"@id\":\"https:\/\/newgarden.es\/de\/shop\/lightdeco-de\/lautsprecher-lightdeco-de\/tarida-tab-2\/#breadcrumb\"},\"inLanguage\":\"de\",\"potentialAction\":[{\"@type\":\"ReadAction\",\"target\":[\"https:\/\/newgarden.es\/de\/shop\/lightdeco-de\/lautsprecher-lightdeco-de\/tarida-tab-2\/\"]}]},{\"@type\":\"ImageObject\",\"inLanguage\":\"de\",\"@id\":\"https:\/\/newgarden.es\/de\/shop\/lightdeco-de\/lautsprecher-lightdeco-de\/tarida-tab-2\/#primaryimage\",\"url\":\"https:\/\/newgarden.es\/wp-content\/uploads\/2019\/04\/TARIDA-TAB_1200X1200-2.jpg\",\"contentUrl\":\"https:\/\/newgarden.es\/wp-content\/uploads\/2019\/04\/TARIDA-TAB_1200X1200-2.jpg\",\"width\":1200,\"height\":1200},{\"@type\":\"BreadcrumbList\",\"@id\":\"https:\/\/newgarden.es\/de\/shop\/lightdeco-de\/lautsprecher-lightdeco-de\/tarida-tab-2\/#breadcrumb\",\"itemListElement\":[{\"@type\":\"ListItem\",\"position\":1,\"name\":\"Home\",\"item\":\"https:\/\/newgarden.es\/de\/\"},{\"@type\":\"ListItem\",\"position\":2,\"name\":\"Shop\",\"item\":\"https:\/\/newgarden.es\/de\/shop\/\"},{\"@type\":\"ListItem\",\"position\":3,\"name\":\"TARIDA TAB COLOUR\"}]},{\"@type\":\"WebSite\",\"@id\":\"https:\/\/newgarden.es\/#website\",\"url\":\"https:\/\/newgarden.es\/\",\"name\":\"Newgarden\",\"description\":\"Be happy\",\"potentialAction\":[{\"@type\":\"SearchAction\",\"target\":{\"@type\":\"EntryPoint\",\"urlTemplate\":\"https:\/\/newgarden.es\/?s={search_term_string}\"},\"query-input\":{\"@type\":\"PropertyValueSpecification\",\"valueRequired\":true,\"valueName\":\"search_term_string\"}}],\"inLanguage\":\"de\"}]}<\/script>\n<!-- \/ Yoast SEO plugin. -->","yoast_head_json":{"title":"TAB TARIDA, beleuchtete Couchtisch Au\u00dfeneinsatz","description":"Tarida Tab ist ein Couchtisch beleuchtet Teil der TARIDA Sammlung. Es hat eine Hohlraumoberfl\u00e4che zur Verwendung als Flaschenregal bzw. Magazintopf. Es enth\u00e4lt eine Methacrylat Platte f\u00fcr eine gr\u00f6\u00dfere Fl\u00e4che an der Basis. Erh\u00e4ltlich in verschiedenen Farben und Ausf\u00fchrungen","robots":{"index":"index","follow":"follow","max-snippet":"max-snippet:-1","max-image-preview":"max-image-preview:large","max-video-preview":"max-video-preview:-1"},"canonical":"https:\/\/newgarden.es\/de\/shop\/lightdeco-de\/lautsprecher-lightdeco-de\/tarida-tab-2\/","og_locale":"de_DE","og_type":"article","og_title":"TAB TARIDA, beleuchtete Couchtisch Au\u00dfeneinsatz","og_description":"Tarida Tab ist ein Couchtisch beleuchtet Teil der TARIDA Sammlung. Es hat eine Hohlraumoberfl\u00e4che zur Verwendung als Flaschenregal bzw. Magazintopf. Es enth\u00e4lt eine Methacrylat Platte f\u00fcr eine gr\u00f6\u00dfere Fl\u00e4che an der Basis. Erh\u00e4ltlich in verschiedenen Farben und Ausf\u00fchrungen","og_url":"https:\/\/newgarden.es\/de\/shop\/lightdeco-de\/lautsprecher-lightdeco-de\/tarida-tab-2\/","og_site_name":"Newgarden","article_modified_time":"2024-06-13T07:45:31+00:00","og_image":[{"width":1200,"height":1200,"url":"https:\/\/newgarden.es\/wp-content\/uploads\/2019\/04\/TARIDA-TAB_1200X1200-2.jpg","type":"image\/jpeg"}],"twitter_card":"summary_large_image","twitter_misc":{"Gesch\u00e4tzte Lesezeit":"2\u00a0Minuten"},"schema":{"@context":"https:\/\/schema.org","@graph":[{"@type":"WebPage","@id":"https:\/\/newgarden.es\/de\/shop\/lightdeco-de\/lautsprecher-lightdeco-de\/tarida-tab-2\/","url":"https:\/\/newgarden.es\/de\/shop\/lightdeco-de\/lautsprecher-lightdeco-de\/tarida-tab-2\/","name":"TAB TARIDA, beleuchtete Couchtisch Au\u00dfeneinsatz","isPartOf":{"@id":"https:\/\/newgarden.es\/#website"},"primaryImageOfPage":{"@id":"https:\/\/newgarden.es\/de\/shop\/lightdeco-de\/lautsprecher-lightdeco-de\/tarida-tab-2\/#primaryimage"},"image":{"@id":"https:\/\/newgarden.es\/de\/shop\/lightdeco-de\/lautsprecher-lightdeco-de\/tarida-tab-2\/#primaryimage"},"thumbnailUrl":"https:\/\/newgarden.es\/wp-content\/uploads\/2019\/04\/TARIDA-TAB_1200X1200-2.jpg","datePublished":"2019-11-04T11:26:24+00:00","dateModified":"2024-06-13T07:45:31+00:00","description":"Tarida Tab ist ein Couchtisch beleuchtet Teil der TARIDA Sammlung. Es hat eine Hohlraumoberfl\u00e4che zur Verwendung als Flaschenregal bzw. Magazintopf. Es enth\u00e4lt eine Methacrylat Platte f\u00fcr eine gr\u00f6\u00dfere Fl\u00e4che an der Basis. Erh\u00e4ltlich in verschiedenen Farben und Ausf\u00fchrungen","breadcrumb":{"@id":"https:\/\/newgarden.es\/de\/shop\/lightdeco-de\/lautsprecher-lightdeco-de\/tarida-tab-2\/#breadcrumb"},"inLanguage":"de","potentialAction":[{"@type":"ReadAction","target":["https:\/\/newgarden.es\/de\/shop\/lightdeco-de\/lautsprecher-lightdeco-de\/tarida-tab-2\/"]}]},{"@type":"ImageObject","inLanguage":"de","@id":"https:\/\/newgarden.es\/de\/shop\/lightdeco-de\/lautsprecher-lightdeco-de\/tarida-tab-2\/#primaryimage","url":"https:\/\/newgarden.es\/wp-content\/uploads\/2019\/04\/TARIDA-TAB_1200X1200-2.jpg","contentUrl":"https:\/\/newgarden.es\/wp-content\/uploads\/2019\/04\/TARIDA-TAB_1200X1200-2.jpg","width":1200,"height":1200},{"@type":"BreadcrumbList","@id":"https:\/\/newgarden.es\/de\/shop\/lightdeco-de\/lautsprecher-lightdeco-de\/tarida-tab-2\/#breadcrumb","itemListElement":[{"@type":"ListItem","position":1,"name":"Home","item":"https:\/\/newgarden.es\/de\/"},{"@type":"ListItem","position":2,"name":"Shop","item":"https:\/\/newgarden.es\/de\/shop\/"},{"@type":"ListItem","position":3,"name":"TARIDA TAB COLOUR"}]},{"@type":"WebSite","@id":"https:\/\/newgarden.es\/#website","url":"https:\/\/newgarden.es\/","name":"Newgarden","description":"Be happy","potentialAction":[{"@type":"SearchAction","target":{"@type":"EntryPoint","urlTemplate":"https:\/\/newgarden.es\/?s={search_term_string}"},"query-input":{"@type":"PropertyValueSpecification","valueRequired":true,"valueName":"search_term_string"}}],"inLanguage":"de"}]}},"df_price":95.4,"df_sale_price":"","df_regular_price":95.4,"df_image_link":"https:\/\/newgarden.es\/wp-content\/uploads\/2019\/04\/TARIDA-TAB_1200X1200-2-580x400.jpg","_links":{"self":[{"href":"https:\/\/newgarden.es\/de\/wp-json\/wp\/v2\/product\/21034"}],"collection":[{"href":"https:\/\/newgarden.es\/de\/wp-json\/wp\/v2\/product"}],"about":[{"href":"https:\/\/newgarden.es\/de\/wp-json\/wp\/v2\/types\/product"}],"wp:featuredmedia":[{"embeddable":true,"href":"https:\/\/newgarden.es\/de\/wp-json\/wp\/v2\/media\/56435"}],"wp:attachment":[{"href":"https:\/\/newgarden.es\/de\/wp-json\/wp\/v2\/media?parent=21034"}],"wp:term":[{"taxonomy":"product_cat","embeddable":true,"href":"https:\/\/newgarden.es\/de\/wp-json\/wp\/v2\/product_cat?post=21034"},{"taxonomy":"product_tag","embeddable":true,"href":"https:\/\/newgarden.es\/de\/wp-json\/wp\/v2\/product_tag?post=21034"}],"curies":[{"name":"wp","href":"https:\/\/api.w.org\/{rel}","templated":true}]}}