{"id":21450,"date":"2019-04-25T16:44:22","date_gmt":"2019-11-04T12:37:54","guid":{"rendered":"https:\/\/newgarden.es\/shop\/sin%20categor\u00eda\/palma-bottler-light\/"},"modified":"2019-12-23T08:51:25","modified_gmt":"2019-12-23T07:51:25","slug":"palma-bottler-light","status":"publish","type":"product","link":"https:\/\/newgarden.es\/de\/shop\/moebel\/flaschenregale\/palma-bottler-light\/","title":{"rendered":"PALMA BOTTLER LIGHT"},"content":{"rendered":"<section class=\"wpb-content-wrapper\"><p>[vc_row][vc_column el_class=&#8220;descripcion_producto&#8220;][vc_column_text]<\/p>\n<p style=\"text-align: justify\"><em>&#8222;PALMA FLASCHENREGAL: Beleuchtetes zylinderf\u00f6rmiges Flaschenregal von mittlerer H\u00f6he. Es ist ideal, um Ihrem Haus oder Gesch\u00e4ft einen Hauch von Design zu geben. Es umfasst zwei komfortable Griffe zur besseren Handhabung.<\/em><\/p>\n<p style=\"text-align: justify\"><em>Alle Newgarden-Produkte bestehen aus Polyethylen, sind also leicht und sehr widerstandsf\u00e4hig gegen extreme Temperaturen. Sie sind auch gegen UV-Strahlen gesch\u00fctzt, wodurch die Lebensdauer des Produkts au\u00dferordentlich lang ist. <\/em><\/p>\n<p>[\/vc_column_text][\/vc_column][\/vc_row][vc_row disable_element=&#8220;yes&#8220;][vc_column][vc_single_image image=&#8220;6566&#8243; img_size=&#8220;full&#8220;][\/vc_column][\/vc_row][vc_row][vc_column width=&#8220;1\/2&#8243;][vc_btn title=&#8220;Technisches Datenblatt&#8220; style=&#8220;custom&#8220; custom_background=&#8220;#009bc2&#8243; custom_text=&#8220;#ffffff&#8220; shape=&#8220;square&#8220; link=&#8220;url:https%3A%2F%2Fwww.newgarden.es%2Fwp-content%2Fuploads%2F2018%2F05%2FPalma-botellero.pdf|target:%20_blank|&#8220; el_class=&#8220;btn_descargar_ficha&#8220;][\/vc_column][vc_column width=&#8220;1\/2&#8243;][vc_btn title=&#8220;BEDIENUNGSANLEITUNG&#8220; style=&#8220;custom&#8220; custom_background=&#8220;#009bc2&#8243; custom_text=&#8220;#ffffff&#8220; shape=&#8220;square&#8220; link=&#8220;url:https%3A%2F%2Fnewgarden.es%2Finstrucciones%2F||target:%20_blank|&#8220; el_class=&#8220;btn_descargar_ficha&#8220;][\/vc_column][\/vc_row]<\/p>\n<\/section>","protected":false},"excerpt":{"rendered":"<h1 style=\"font-size: 12px\">Palma- Flaschenst\u00e4nder Cilindro mit Beleuchtung<\/h1>\n","protected":false},"featured_media":64022,"template":"","meta":[],"product_cat":[763,772,1611],"product_tag":[793,789],"class_list":{"0":"post-21450","1":"product","2":"type-product","3":"status-publish","4":"has-post-thumbnail","6":"product_cat-lightdeco-de","7":"product_cat-moebel","8":"product_cat-flaschenregale","9":"product_tag-drahtlose","10":"product_tag-solar-de","12":"first","13":"instock","14":"taxable","15":"shipping-taxable","16":"purchasable","17":"product-type-variable"},"yoast_head":"<!-- This site is optimized with the Yoast SEO plugin v24.2 - https:\/\/yoast.com\/wordpress\/plugins\/seo\/ -->\n<title>PALM BOTTLER zylindrisches Lichtlicht mittlere H\u00f6he<\/title>\n<meta name=\"description\" content=\"Der zylindrische Botellero beleuchtete mittlere H\u00f6he PALMA f\u00fcr einen Designer Note zu Ihrem Gesch\u00e4ft zu Hause und jeder Platz im Freien ideal ist. Es umfasst zwei komfortable Griffe zur besseren Handhabung. Erh\u00e4ltlich mit Beleuchtung Solar-Ladekabel Smarttech und Au\u00dfenbereich\" \/>\n<meta name=\"robots\" content=\"index, follow, max-snippet:-1, max-image-preview:large, max-video-preview:-1\" \/>\n<link rel=\"canonical\" href=\"https:\/\/newgarden.es\/de\/shop\/moebel\/flaschenregale\/palma-bottler-light\/\" \/>\n<meta property=\"og:locale\" content=\"de_DE\" \/>\n<meta property=\"og:type\" content=\"article\" \/>\n<meta property=\"og:title\" content=\"PALM BOTTLER zylindrisches Lichtlicht mittlere H\u00f6he\" \/>\n<meta property=\"og:description\" content=\"Der zylindrische Botellero beleuchtete mittlere H\u00f6he PALMA f\u00fcr einen Designer Note zu Ihrem Gesch\u00e4ft zu Hause und jeder Platz im Freien ideal ist. Es umfasst zwei komfortable Griffe zur besseren Handhabung. Erh\u00e4ltlich mit Beleuchtung Solar-Ladekabel Smarttech und Au\u00dfenbereich\" \/>\n<meta property=\"og:url\" content=\"https:\/\/newgarden.es\/de\/shop\/moebel\/flaschenregale\/palma-bottler-light\/\" \/>\n<meta property=\"og:site_name\" content=\"Newgarden\" \/>\n<meta property=\"article:modified_time\" content=\"2019-12-23T07:51:25+00:00\" \/>\n<meta property=\"og:image\" content=\"https:\/\/newgarden.es\/wp-content\/uploads\/2019\/06\/PALMA_BOTELLERO_1200X1200-4-1.jpg\" \/>\n\t<meta property=\"og:image:width\" content=\"1200\" \/>\n\t<meta property=\"og:image:height\" content=\"1200\" \/>\n\t<meta property=\"og:image:type\" content=\"image\/jpeg\" \/>\n<meta name=\"twitter:card\" content=\"summary_large_image\" \/>\n<meta name=\"twitter:label1\" content=\"Gesch\u00e4tzte Lesezeit\" \/>\n\t<meta name=\"twitter:data1\" content=\"1\u00a0Minute\" \/>\n<script type=\"application\/ld+json\" class=\"yoast-schema-graph\">{\"@context\":\"https:\/\/schema.org\",\"@graph\":[{\"@type\":\"WebPage\",\"@id\":\"https:\/\/newgarden.es\/de\/shop\/moebel\/flaschenregale\/palma-bottler-light\/\",\"url\":\"https:\/\/newgarden.es\/de\/shop\/moebel\/flaschenregale\/palma-bottler-light\/\",\"name\":\"PALM BOTTLER zylindrisches Lichtlicht mittlere H\u00f6he\",\"isPartOf\":{\"@id\":\"https:\/\/newgarden.es\/#website\"},\"primaryImageOfPage\":{\"@id\":\"https:\/\/newgarden.es\/de\/shop\/moebel\/flaschenregale\/palma-bottler-light\/#primaryimage\"},\"image\":{\"@id\":\"https:\/\/newgarden.es\/de\/shop\/moebel\/flaschenregale\/palma-bottler-light\/#primaryimage\"},\"thumbnailUrl\":\"https:\/\/newgarden.es\/wp-content\/uploads\/2019\/06\/PALMA_BOTELLERO_1200X1200-4-1.jpg\",\"datePublished\":\"2019-11-04T12:37:54+00:00\",\"dateModified\":\"2019-12-23T07:51:25+00:00\",\"description\":\"Der zylindrische Botellero beleuchtete mittlere H\u00f6he PALMA f\u00fcr einen Designer Note zu Ihrem Gesch\u00e4ft zu Hause und jeder Platz im Freien ideal ist. Es umfasst zwei komfortable Griffe zur besseren Handhabung. Erh\u00e4ltlich mit Beleuchtung Solar-Ladekabel Smarttech und Au\u00dfenbereich\",\"breadcrumb\":{\"@id\":\"https:\/\/newgarden.es\/de\/shop\/moebel\/flaschenregale\/palma-bottler-light\/#breadcrumb\"},\"inLanguage\":\"de\",\"potentialAction\":[{\"@type\":\"ReadAction\",\"target\":[\"https:\/\/newgarden.es\/de\/shop\/moebel\/flaschenregale\/palma-bottler-light\/\"]}]},{\"@type\":\"ImageObject\",\"inLanguage\":\"de\",\"@id\":\"https:\/\/newgarden.es\/de\/shop\/moebel\/flaschenregale\/palma-bottler-light\/#primaryimage\",\"url\":\"https:\/\/newgarden.es\/wp-content\/uploads\/2019\/06\/PALMA_BOTELLERO_1200X1200-4-1.jpg\",\"contentUrl\":\"https:\/\/newgarden.es\/wp-content\/uploads\/2019\/06\/PALMA_BOTELLERO_1200X1200-4-1.jpg\",\"width\":1200,\"height\":1200},{\"@type\":\"BreadcrumbList\",\"@id\":\"https:\/\/newgarden.es\/de\/shop\/moebel\/flaschenregale\/palma-bottler-light\/#breadcrumb\",\"itemListElement\":[{\"@type\":\"ListItem\",\"position\":1,\"name\":\"Home\",\"item\":\"https:\/\/newgarden.es\/de\/\"},{\"@type\":\"ListItem\",\"position\":2,\"name\":\"Shop\",\"item\":\"https:\/\/newgarden.es\/de\/shop\/\"},{\"@type\":\"ListItem\",\"position\":3,\"name\":\"PALMA BOTTLER LIGHT\"}]},{\"@type\":\"WebSite\",\"@id\":\"https:\/\/newgarden.es\/#website\",\"url\":\"https:\/\/newgarden.es\/\",\"name\":\"Newgarden\",\"description\":\"Be happy\",\"potentialAction\":[{\"@type\":\"SearchAction\",\"target\":{\"@type\":\"EntryPoint\",\"urlTemplate\":\"https:\/\/newgarden.es\/?s={search_term_string}\"},\"query-input\":{\"@type\":\"PropertyValueSpecification\",\"valueRequired\":true,\"valueName\":\"search_term_string\"}}],\"inLanguage\":\"de\"}]}<\/script>\n<!-- \/ Yoast SEO plugin. -->","yoast_head_json":{"title":"PALM BOTTLER zylindrisches Lichtlicht mittlere H\u00f6he","description":"Der zylindrische Botellero beleuchtete mittlere H\u00f6he PALMA f\u00fcr einen Designer Note zu Ihrem Gesch\u00e4ft zu Hause und jeder Platz im Freien ideal ist. Es umfasst zwei komfortable Griffe zur besseren Handhabung. Erh\u00e4ltlich mit Beleuchtung Solar-Ladekabel Smarttech und Au\u00dfenbereich","robots":{"index":"index","follow":"follow","max-snippet":"max-snippet:-1","max-image-preview":"max-image-preview:large","max-video-preview":"max-video-preview:-1"},"canonical":"https:\/\/newgarden.es\/de\/shop\/moebel\/flaschenregale\/palma-bottler-light\/","og_locale":"de_DE","og_type":"article","og_title":"PALM BOTTLER zylindrisches Lichtlicht mittlere H\u00f6he","og_description":"Der zylindrische Botellero beleuchtete mittlere H\u00f6he PALMA f\u00fcr einen Designer Note zu Ihrem Gesch\u00e4ft zu Hause und jeder Platz im Freien ideal ist. Es umfasst zwei komfortable Griffe zur besseren Handhabung. Erh\u00e4ltlich mit Beleuchtung Solar-Ladekabel Smarttech und Au\u00dfenbereich","og_url":"https:\/\/newgarden.es\/de\/shop\/moebel\/flaschenregale\/palma-bottler-light\/","og_site_name":"Newgarden","article_modified_time":"2019-12-23T07:51:25+00:00","og_image":[{"width":1200,"height":1200,"url":"https:\/\/newgarden.es\/wp-content\/uploads\/2019\/06\/PALMA_BOTELLERO_1200X1200-4-1.jpg","type":"image\/jpeg"}],"twitter_card":"summary_large_image","twitter_misc":{"Gesch\u00e4tzte Lesezeit":"1\u00a0Minute"},"schema":{"@context":"https:\/\/schema.org","@graph":[{"@type":"WebPage","@id":"https:\/\/newgarden.es\/de\/shop\/moebel\/flaschenregale\/palma-bottler-light\/","url":"https:\/\/newgarden.es\/de\/shop\/moebel\/flaschenregale\/palma-bottler-light\/","name":"PALM BOTTLER zylindrisches Lichtlicht mittlere H\u00f6he","isPartOf":{"@id":"https:\/\/newgarden.es\/#website"},"primaryImageOfPage":{"@id":"https:\/\/newgarden.es\/de\/shop\/moebel\/flaschenregale\/palma-bottler-light\/#primaryimage"},"image":{"@id":"https:\/\/newgarden.es\/de\/shop\/moebel\/flaschenregale\/palma-bottler-light\/#primaryimage"},"thumbnailUrl":"https:\/\/newgarden.es\/wp-content\/uploads\/2019\/06\/PALMA_BOTELLERO_1200X1200-4-1.jpg","datePublished":"2019-11-04T12:37:54+00:00","dateModified":"2019-12-23T07:51:25+00:00","description":"Der zylindrische Botellero beleuchtete mittlere H\u00f6he PALMA f\u00fcr einen Designer Note zu Ihrem Gesch\u00e4ft zu Hause und jeder Platz im Freien ideal ist. Es umfasst zwei komfortable Griffe zur besseren Handhabung. Erh\u00e4ltlich mit Beleuchtung Solar-Ladekabel Smarttech und Au\u00dfenbereich","breadcrumb":{"@id":"https:\/\/newgarden.es\/de\/shop\/moebel\/flaschenregale\/palma-bottler-light\/#breadcrumb"},"inLanguage":"de","potentialAction":[{"@type":"ReadAction","target":["https:\/\/newgarden.es\/de\/shop\/moebel\/flaschenregale\/palma-bottler-light\/"]}]},{"@type":"ImageObject","inLanguage":"de","@id":"https:\/\/newgarden.es\/de\/shop\/moebel\/flaschenregale\/palma-bottler-light\/#primaryimage","url":"https:\/\/newgarden.es\/wp-content\/uploads\/2019\/06\/PALMA_BOTELLERO_1200X1200-4-1.jpg","contentUrl":"https:\/\/newgarden.es\/wp-content\/uploads\/2019\/06\/PALMA_BOTELLERO_1200X1200-4-1.jpg","width":1200,"height":1200},{"@type":"BreadcrumbList","@id":"https:\/\/newgarden.es\/de\/shop\/moebel\/flaschenregale\/palma-bottler-light\/#breadcrumb","itemListElement":[{"@type":"ListItem","position":1,"name":"Home","item":"https:\/\/newgarden.es\/de\/"},{"@type":"ListItem","position":2,"name":"Shop","item":"https:\/\/newgarden.es\/de\/shop\/"},{"@type":"ListItem","position":3,"name":"PALMA BOTTLER LIGHT"}]},{"@type":"WebSite","@id":"https:\/\/newgarden.es\/#website","url":"https:\/\/newgarden.es\/","name":"Newgarden","description":"Be happy","potentialAction":[{"@type":"SearchAction","target":{"@type":"EntryPoint","urlTemplate":"https:\/\/newgarden.es\/?s={search_term_string}"},"query-input":{"@type":"PropertyValueSpecification","valueRequired":true,"valueName":"search_term_string"}}],"inLanguage":"de"}]}},"df_price":123.6,"df_sale_price":"","df_regular_price":123.6,"df_image_link":"https:\/\/newgarden.es\/wp-content\/uploads\/2019\/06\/PALMA_BOTELLERO_1200X1200-4-1-580x400.jpg","_links":{"self":[{"href":"https:\/\/newgarden.es\/de\/wp-json\/wp\/v2\/product\/21450"}],"collection":[{"href":"https:\/\/newgarden.es\/de\/wp-json\/wp\/v2\/product"}],"about":[{"href":"https:\/\/newgarden.es\/de\/wp-json\/wp\/v2\/types\/product"}],"wp:featuredmedia":[{"embeddable":true,"href":"https:\/\/newgarden.es\/de\/wp-json\/wp\/v2\/media\/64022"}],"wp:attachment":[{"href":"https:\/\/newgarden.es\/de\/wp-json\/wp\/v2\/media?parent=21450"}],"wp:term":[{"taxonomy":"product_cat","embeddable":true,"href":"https:\/\/newgarden.es\/de\/wp-json\/wp\/v2\/product_cat?post=21450"},{"taxonomy":"product_tag","embeddable":true,"href":"https:\/\/newgarden.es\/de\/wp-json\/wp\/v2\/product_tag?post=21450"}],"curies":[{"name":"wp","href":"https:\/\/api.w.org\/{rel}","templated":true}]}}