{"id":21470,"date":"2019-04-25T16:43:22","date_gmt":"2019-11-04T12:39:41","guid":{"rendered":"https:\/\/newgarden.es\/shop\/sin%20categor\u00eda\/mallorca-color\/"},"modified":"2024-06-13T10:04:02","modified_gmt":"2024-06-13T08:04:02","slug":"mallorca-color","status":"publish","type":"product","link":"https:\/\/newgarden.es\/de\/shop\/moebel\/sitzgelegenheiten\/mallorca-color\/","title":{"rendered":"MALLORCA COLOR"},"content":{"rendered":"<section class=\"wpb-content-wrapper\"><p>[vc_row][vc_column el_class=&#8220;descripcion_producto&#8220;][vc_column_text]<\/p>\n<p style=\"text-align: justify;\">*MALLORCA: Sessel Mallorca ist einer der unerl\u00e4sslichen Sitzpl\u00e4tze f\u00fcr Ihre Terrasse oder Ihren Garten. Seine H\u00f6he und sein komfortables Design sind darauf ausgerichtet, Teil der CAPRI-Sets zu sein. Robust und leicht, hat es die perfekte Balance zwischen Qualit\u00e4t und Design. <em>Es ist in verschiedenen Farben und mit SOLAR Ladebeleuchtung erh\u00e4ltlich. <\/em><\/p>\n<p style=\"text-align: justify;\"><em>Alle Newgarden-Produkte bestehen aus Polyethylen, sind also leicht und sehr widerstandsf\u00e4hig gegen extreme Temperaturen. Sie sind auch gegen UV-Strahlen gesch\u00fctzt, wodurch die Lebensdauer des Produkts au\u00dferordentlich lang ist. <\/em><\/p>\n<p>[\/vc_column_text][\/vc_column][\/vc_row][vc_row disable_element=&#8220;yes&#8220;][vc_column][vc_single_image image=&#8220;6566&#8243; img_size=&#8220;full&#8220;][\/vc_column][\/vc_row][vc_row][vc_column width=&#8220;1\/2&#8243;][vc_btn title=&#8220;Technisches Datenblatt&#8220; style=&#8220;custom&#8220; custom_background=&#8220;#009bc2&#8243; custom_text=&#8220;#ffffff&#8220; shape=&#8220;square&#8220; link=&#8220;url:https%3A%2F%2Fbit.ly%2F3QrxHsw|target:%20_blank|&#8220; el_class=&#8220;btn_descargar_ficha&#8220;][\/vc_column][vc_column width=&#8220;1\/2&#8243;][\/vc_column][\/vc_row]<\/p>\n<\/section>","protected":false},"excerpt":{"rendered":"<h1 style=\"font-size: 12px\">Mallorca Licht- Outdoor Design Sessel mit Beleuchtung<\/h1>\n","protected":false},"featured_media":63722,"template":"","meta":[],"product_cat":[772,773],"product_tag":[],"class_list":{"0":"post-21470","1":"product","2":"type-product","3":"status-publish","4":"has-post-thumbnail","6":"product_cat-moebel","7":"product_cat-sitzgelegenheiten","9":"first","10":"instock","11":"taxable","12":"shipping-taxable","13":"purchasable","14":"product-type-variable"},"yoast_head":"<!-- This site is optimized with the Yoast SEO plugin v24.2 - https:\/\/yoast.com\/wordpress\/plugins\/seo\/ -->\n<title>Mallorca Design Sessel Au\u00dfenterrasse und Chill-out Bereiche<\/title>\n<meta name=\"description\" content=\"Mallorca ist unverzichtbar Design-Stuhl f\u00fcr den Au\u00dfenbereich oder im Garten. Seine H\u00f6he und sein komfortables Design sind darauf ausgerichtet, Teil der CAPRI-Sets zu sein. Robust und leicht. Es ist erh\u00e4ltlich in verschiedenen Farben und Beleuchtung Solarladung.\" \/>\n<meta name=\"robots\" content=\"index, follow, max-snippet:-1, max-image-preview:large, max-video-preview:-1\" \/>\n<link rel=\"canonical\" href=\"https:\/\/newgarden.es\/de\/shop\/moebel\/sitzgelegenheiten\/mallorca-color\/\" \/>\n<meta property=\"og:locale\" content=\"de_DE\" \/>\n<meta property=\"og:type\" content=\"article\" \/>\n<meta property=\"og:title\" content=\"Mallorca Design Sessel Au\u00dfenterrasse und Chill-out Bereiche\" \/>\n<meta property=\"og:description\" content=\"Mallorca ist unverzichtbar Design-Stuhl f\u00fcr den Au\u00dfenbereich oder im Garten. Seine H\u00f6he und sein komfortables Design sind darauf ausgerichtet, Teil der CAPRI-Sets zu sein. Robust und leicht. Es ist erh\u00e4ltlich in verschiedenen Farben und Beleuchtung Solarladung.\" \/>\n<meta property=\"og:url\" content=\"https:\/\/newgarden.es\/de\/shop\/moebel\/sitzgelegenheiten\/mallorca-color\/\" \/>\n<meta property=\"og:site_name\" content=\"Newgarden\" \/>\n<meta property=\"article:modified_time\" content=\"2024-06-13T08:04:02+00:00\" \/>\n<meta property=\"og:image\" content=\"https:\/\/newgarden.es\/wp-content\/uploads\/2019\/04\/MALLORCA_60_1200X1200-7.jpg\" \/>\n\t<meta property=\"og:image:width\" content=\"1200\" \/>\n\t<meta property=\"og:image:height\" content=\"1200\" \/>\n\t<meta property=\"og:image:type\" content=\"image\/jpeg\" \/>\n<meta name=\"twitter:card\" content=\"summary_large_image\" \/>\n<meta name=\"twitter:label1\" content=\"Gesch\u00e4tzte Lesezeit\" \/>\n\t<meta name=\"twitter:data1\" content=\"1\u00a0Minute\" \/>\n<script type=\"application\/ld+json\" class=\"yoast-schema-graph\">{\"@context\":\"https:\/\/schema.org\",\"@graph\":[{\"@type\":\"WebPage\",\"@id\":\"https:\/\/newgarden.es\/de\/shop\/moebel\/sitzgelegenheiten\/mallorca-color\/\",\"url\":\"https:\/\/newgarden.es\/de\/shop\/moebel\/sitzgelegenheiten\/mallorca-color\/\",\"name\":\"Mallorca Design Sessel Au\u00dfenterrasse und Chill-out Bereiche\",\"isPartOf\":{\"@id\":\"https:\/\/newgarden.es\/#website\"},\"primaryImageOfPage\":{\"@id\":\"https:\/\/newgarden.es\/de\/shop\/moebel\/sitzgelegenheiten\/mallorca-color\/#primaryimage\"},\"image\":{\"@id\":\"https:\/\/newgarden.es\/de\/shop\/moebel\/sitzgelegenheiten\/mallorca-color\/#primaryimage\"},\"thumbnailUrl\":\"https:\/\/newgarden.es\/wp-content\/uploads\/2019\/04\/MALLORCA_60_1200X1200-7.jpg\",\"datePublished\":\"2019-11-04T12:39:41+00:00\",\"dateModified\":\"2024-06-13T08:04:02+00:00\",\"description\":\"Mallorca ist unverzichtbar Design-Stuhl f\u00fcr den Au\u00dfenbereich oder im Garten. Seine H\u00f6he und sein komfortables Design sind darauf ausgerichtet, Teil der CAPRI-Sets zu sein. Robust und leicht. Es ist erh\u00e4ltlich in verschiedenen Farben und Beleuchtung Solarladung.\",\"breadcrumb\":{\"@id\":\"https:\/\/newgarden.es\/de\/shop\/moebel\/sitzgelegenheiten\/mallorca-color\/#breadcrumb\"},\"inLanguage\":\"de\",\"potentialAction\":[{\"@type\":\"ReadAction\",\"target\":[\"https:\/\/newgarden.es\/de\/shop\/moebel\/sitzgelegenheiten\/mallorca-color\/\"]}]},{\"@type\":\"ImageObject\",\"inLanguage\":\"de\",\"@id\":\"https:\/\/newgarden.es\/de\/shop\/moebel\/sitzgelegenheiten\/mallorca-color\/#primaryimage\",\"url\":\"https:\/\/newgarden.es\/wp-content\/uploads\/2019\/04\/MALLORCA_60_1200X1200-7.jpg\",\"contentUrl\":\"https:\/\/newgarden.es\/wp-content\/uploads\/2019\/04\/MALLORCA_60_1200X1200-7.jpg\",\"width\":1200,\"height\":1200},{\"@type\":\"BreadcrumbList\",\"@id\":\"https:\/\/newgarden.es\/de\/shop\/moebel\/sitzgelegenheiten\/mallorca-color\/#breadcrumb\",\"itemListElement\":[{\"@type\":\"ListItem\",\"position\":1,\"name\":\"Home\",\"item\":\"https:\/\/newgarden.es\/de\/\"},{\"@type\":\"ListItem\",\"position\":2,\"name\":\"Shop\",\"item\":\"https:\/\/newgarden.es\/de\/shop\/\"},{\"@type\":\"ListItem\",\"position\":3,\"name\":\"MALLORCA COLOR\"}]},{\"@type\":\"WebSite\",\"@id\":\"https:\/\/newgarden.es\/#website\",\"url\":\"https:\/\/newgarden.es\/\",\"name\":\"Newgarden\",\"description\":\"Be happy\",\"potentialAction\":[{\"@type\":\"SearchAction\",\"target\":{\"@type\":\"EntryPoint\",\"urlTemplate\":\"https:\/\/newgarden.es\/?s={search_term_string}\"},\"query-input\":{\"@type\":\"PropertyValueSpecification\",\"valueRequired\":true,\"valueName\":\"search_term_string\"}}],\"inLanguage\":\"de\"}]}<\/script>\n<!-- \/ Yoast SEO plugin. -->","yoast_head_json":{"title":"Mallorca Design Sessel Au\u00dfenterrasse und Chill-out Bereiche","description":"Mallorca ist unverzichtbar Design-Stuhl f\u00fcr den Au\u00dfenbereich oder im Garten. Seine H\u00f6he und sein komfortables Design sind darauf ausgerichtet, Teil der CAPRI-Sets zu sein. Robust und leicht. Es ist erh\u00e4ltlich in verschiedenen Farben und Beleuchtung Solarladung.","robots":{"index":"index","follow":"follow","max-snippet":"max-snippet:-1","max-image-preview":"max-image-preview:large","max-video-preview":"max-video-preview:-1"},"canonical":"https:\/\/newgarden.es\/de\/shop\/moebel\/sitzgelegenheiten\/mallorca-color\/","og_locale":"de_DE","og_type":"article","og_title":"Mallorca Design Sessel Au\u00dfenterrasse und Chill-out Bereiche","og_description":"Mallorca ist unverzichtbar Design-Stuhl f\u00fcr den Au\u00dfenbereich oder im Garten. Seine H\u00f6he und sein komfortables Design sind darauf ausgerichtet, Teil der CAPRI-Sets zu sein. Robust und leicht. Es ist erh\u00e4ltlich in verschiedenen Farben und Beleuchtung Solarladung.","og_url":"https:\/\/newgarden.es\/de\/shop\/moebel\/sitzgelegenheiten\/mallorca-color\/","og_site_name":"Newgarden","article_modified_time":"2024-06-13T08:04:02+00:00","og_image":[{"width":1200,"height":1200,"url":"https:\/\/newgarden.es\/wp-content\/uploads\/2019\/04\/MALLORCA_60_1200X1200-7.jpg","type":"image\/jpeg"}],"twitter_card":"summary_large_image","twitter_misc":{"Gesch\u00e4tzte Lesezeit":"1\u00a0Minute"},"schema":{"@context":"https:\/\/schema.org","@graph":[{"@type":"WebPage","@id":"https:\/\/newgarden.es\/de\/shop\/moebel\/sitzgelegenheiten\/mallorca-color\/","url":"https:\/\/newgarden.es\/de\/shop\/moebel\/sitzgelegenheiten\/mallorca-color\/","name":"Mallorca Design Sessel Au\u00dfenterrasse und Chill-out Bereiche","isPartOf":{"@id":"https:\/\/newgarden.es\/#website"},"primaryImageOfPage":{"@id":"https:\/\/newgarden.es\/de\/shop\/moebel\/sitzgelegenheiten\/mallorca-color\/#primaryimage"},"image":{"@id":"https:\/\/newgarden.es\/de\/shop\/moebel\/sitzgelegenheiten\/mallorca-color\/#primaryimage"},"thumbnailUrl":"https:\/\/newgarden.es\/wp-content\/uploads\/2019\/04\/MALLORCA_60_1200X1200-7.jpg","datePublished":"2019-11-04T12:39:41+00:00","dateModified":"2024-06-13T08:04:02+00:00","description":"Mallorca ist unverzichtbar Design-Stuhl f\u00fcr den Au\u00dfenbereich oder im Garten. Seine H\u00f6he und sein komfortables Design sind darauf ausgerichtet, Teil der CAPRI-Sets zu sein. Robust und leicht. Es ist erh\u00e4ltlich in verschiedenen Farben und Beleuchtung Solarladung.","breadcrumb":{"@id":"https:\/\/newgarden.es\/de\/shop\/moebel\/sitzgelegenheiten\/mallorca-color\/#breadcrumb"},"inLanguage":"de","potentialAction":[{"@type":"ReadAction","target":["https:\/\/newgarden.es\/de\/shop\/moebel\/sitzgelegenheiten\/mallorca-color\/"]}]},{"@type":"ImageObject","inLanguage":"de","@id":"https:\/\/newgarden.es\/de\/shop\/moebel\/sitzgelegenheiten\/mallorca-color\/#primaryimage","url":"https:\/\/newgarden.es\/wp-content\/uploads\/2019\/04\/MALLORCA_60_1200X1200-7.jpg","contentUrl":"https:\/\/newgarden.es\/wp-content\/uploads\/2019\/04\/MALLORCA_60_1200X1200-7.jpg","width":1200,"height":1200},{"@type":"BreadcrumbList","@id":"https:\/\/newgarden.es\/de\/shop\/moebel\/sitzgelegenheiten\/mallorca-color\/#breadcrumb","itemListElement":[{"@type":"ListItem","position":1,"name":"Home","item":"https:\/\/newgarden.es\/de\/"},{"@type":"ListItem","position":2,"name":"Shop","item":"https:\/\/newgarden.es\/de\/shop\/"},{"@type":"ListItem","position":3,"name":"MALLORCA COLOR"}]},{"@type":"WebSite","@id":"https:\/\/newgarden.es\/#website","url":"https:\/\/newgarden.es\/","name":"Newgarden","description":"Be happy","potentialAction":[{"@type":"SearchAction","target":{"@type":"EntryPoint","urlTemplate":"https:\/\/newgarden.es\/?s={search_term_string}"},"query-input":{"@type":"PropertyValueSpecification","valueRequired":true,"valueName":"search_term_string"}}],"inLanguage":"de"}]}},"df_price":176.3,"df_sale_price":"","df_regular_price":176.3,"df_image_link":"https:\/\/newgarden.es\/wp-content\/uploads\/2019\/04\/MALLORCA_60_1200X1200-7-580x400.jpg","_links":{"self":[{"href":"https:\/\/newgarden.es\/de\/wp-json\/wp\/v2\/product\/21470"}],"collection":[{"href":"https:\/\/newgarden.es\/de\/wp-json\/wp\/v2\/product"}],"about":[{"href":"https:\/\/newgarden.es\/de\/wp-json\/wp\/v2\/types\/product"}],"wp:featuredmedia":[{"embeddable":true,"href":"https:\/\/newgarden.es\/de\/wp-json\/wp\/v2\/media\/63722"}],"wp:attachment":[{"href":"https:\/\/newgarden.es\/de\/wp-json\/wp\/v2\/media?parent=21470"}],"wp:term":[{"taxonomy":"product_cat","embeddable":true,"href":"https:\/\/newgarden.es\/de\/wp-json\/wp\/v2\/product_cat?post=21470"},{"taxonomy":"product_tag","embeddable":true,"href":"https:\/\/newgarden.es\/de\/wp-json\/wp\/v2\/product_tag?post=21470"}],"curies":[{"name":"wp","href":"https:\/\/api.w.org\/{rel}","templated":true}]}}