{"id":21671,"date":"2019-04-25T16:39:42","date_gmt":"2019-11-04T13:13:27","guid":{"rendered":"https:\/\/newgarden.es\/shop\/sin%20categor\u00eda\/konika-2\/"},"modified":"2021-08-12T11:07:31","modified_gmt":"2021-08-12T09:07:31","slug":"konika-2","status":"publish","type":"product","link":"https:\/\/newgarden.es\/de\/shop\/lightdeco-de\/stehlampe\/konika-2\/","title":{"rendered":"KONIKA"},"content":{"rendered":"<section class=\"wpb-content-wrapper\"><p>[vc_row][vc_column el_class=&#8220;descripcion_producto&#8220;][vc_column_text]<\/p>\n<p style=\"text-align: justify\">*KONIKA ist eine Stehleuchte, die wie der name schon sagt, ein konisches Design hat. Ideal Atmosph\u00e4re f\u00fcr jede Art von Raum, ohne zu l\u00e4ssig \u00c4sthetik zu brechen.<\/p>\n<p style=\"text-align: justify\">Dieses Produkt ist mit dem von Newgarden patentierten innovativen LED-TUBE Beleuchtungssystem ausgestattet.<\/p>\n<p style=\"text-align: justify\"><em>Alle Newgarden-Produkte bestehen aus Polyethylen, sind also leicht und sehr widerstandsf\u00e4hig gegen extreme Temperaturen. Sie sind auch gegen UV-Strahlen gesch\u00fctzt, wodurch die Lebensdauer des Produkts au\u00dferordentlich lang ist. <\/em><\/p>\n<p>[\/vc_column_text][\/vc_column][\/vc_row][vc_row disable_element=&#8220;yes&#8220;][vc_column][vc_single_image image=&#8220;6566&#8243; img_size=&#8220;full&#8220;][\/vc_column][\/vc_row][vc_row][vc_column width=&#8220;1\/2&#8243;][vc_btn title=&#8220;Technisches Datenblatt&#8220; style=&#8220;custom&#8220; custom_background=&#8220;#009bc2&#8243; custom_text=&#8220;#ffffff&#8220; shape=&#8220;square&#8220; link=&#8220;url:https%3A%2F%2Fwww.newgarden.es%2Fwp-content%2Fuploads%2F2018%2F05%2FKonika.pdf|target:%20_blank|&#8220; el_class=&#8220;btn_descargar_ficha&#8220;][\/vc_column][vc_column width=&#8220;1\/2&#8243;][vc_btn title=&#8220;BEDIENUNGSANLEITUNG&#8220; style=&#8220;custom&#8220; custom_background=&#8220;#009bc2&#8243; custom_text=&#8220;#ffffff&#8220; shape=&#8220;square&#8220; link=&#8220;url:https%3A%2F%2Fnewgarden.es%2Finstrucciones%2F||target:%20_blank|&#8220; el_class=&#8220;btn_descargar_ficha&#8220;][\/vc_column][\/vc_row]<\/p>\n<\/section>","protected":false},"excerpt":{"rendered":"<h1 style=\"font-size: 12px\">Konika- Au\u00dfen-Stehleuchte<\/h1>\n","protected":false},"featured_media":53347,"template":"","meta":[],"product_cat":[1696,763,767],"product_tag":[766,765],"class_list":{"0":"post-21671","1":"product","2":"type-product","3":"status-publish","4":"has-post-thumbnail","6":"product_cat-productos-de","7":"product_cat-lightdeco-de","8":"product_cat-stehlampe","9":"product_tag-batterie-de","10":"product_tag-kabel","12":"first","13":"instock","14":"taxable","15":"shipping-taxable","16":"purchasable","17":"product-type-variable"},"yoast_head":"<!-- This site is optimized with the Yoast SEO plugin v24.2 - https:\/\/yoast.com\/wordpress\/plugins\/seo\/ -->\n<title>KONIKA Au\u00dfenstehlampe in Akku und Blei<\/title>\n<meta name=\"description\" content=\"KONIKA ist eine Stehleuchte f\u00fcr exteriorde konisch ausgebildet. Ideal Atmosph\u00e4re f\u00fcr jede Art von Raum, ohne zu l\u00e4ssig \u00c4sthetik zu brechen. Konika wird mit der neuen Kabel beleuchtete LED TUBE patentierten Newgarden bereitgestellt.\" \/>\n<meta name=\"robots\" content=\"index, follow, max-snippet:-1, max-image-preview:large, max-video-preview:-1\" \/>\n<link rel=\"canonical\" href=\"https:\/\/newgarden.es\/de\/shop\/lightdeco-de\/stehlampe\/konika-2\/\" \/>\n<meta property=\"og:locale\" content=\"de_DE\" \/>\n<meta property=\"og:type\" content=\"article\" \/>\n<meta property=\"og:title\" content=\"KONIKA Au\u00dfenstehlampe in Akku und Blei\" \/>\n<meta property=\"og:description\" content=\"KONIKA ist eine Stehleuchte f\u00fcr exteriorde konisch ausgebildet. Ideal Atmosph\u00e4re f\u00fcr jede Art von Raum, ohne zu l\u00e4ssig \u00c4sthetik zu brechen. Konika wird mit der neuen Kabel beleuchtete LED TUBE patentierten Newgarden bereitgestellt.\" \/>\n<meta property=\"og:url\" content=\"https:\/\/newgarden.es\/de\/shop\/lightdeco-de\/stehlampe\/konika-2\/\" \/>\n<meta property=\"og:site_name\" content=\"Newgarden\" \/>\n<meta property=\"article:modified_time\" content=\"2021-08-12T09:07:31+00:00\" \/>\n<meta property=\"og:image\" content=\"https:\/\/newgarden.es\/wp-content\/uploads\/2019\/04\/KONIKA_170_BATTERY_1200X1200-5.jpg\" \/>\n\t<meta property=\"og:image:width\" content=\"1200\" \/>\n\t<meta property=\"og:image:height\" content=\"1200\" \/>\n\t<meta property=\"og:image:type\" content=\"image\/jpeg\" \/>\n<meta name=\"twitter:card\" content=\"summary_large_image\" \/>\n<meta name=\"twitter:label1\" content=\"Gesch\u00e4tzte Lesezeit\" \/>\n\t<meta name=\"twitter:data1\" content=\"1\u00a0Minute\" \/>\n<script type=\"application\/ld+json\" class=\"yoast-schema-graph\">{\"@context\":\"https:\/\/schema.org\",\"@graph\":[{\"@type\":\"WebPage\",\"@id\":\"https:\/\/newgarden.es\/de\/shop\/lightdeco-de\/stehlampe\/konika-2\/\",\"url\":\"https:\/\/newgarden.es\/de\/shop\/lightdeco-de\/stehlampe\/konika-2\/\",\"name\":\"KONIKA Au\u00dfenstehlampe in Akku und Blei\",\"isPartOf\":{\"@id\":\"https:\/\/newgarden.es\/#website\"},\"primaryImageOfPage\":{\"@id\":\"https:\/\/newgarden.es\/de\/shop\/lightdeco-de\/stehlampe\/konika-2\/#primaryimage\"},\"image\":{\"@id\":\"https:\/\/newgarden.es\/de\/shop\/lightdeco-de\/stehlampe\/konika-2\/#primaryimage\"},\"thumbnailUrl\":\"https:\/\/newgarden.es\/wp-content\/uploads\/2019\/04\/KONIKA_170_BATTERY_1200X1200-5.jpg\",\"datePublished\":\"2019-11-04T13:13:27+00:00\",\"dateModified\":\"2021-08-12T09:07:31+00:00\",\"description\":\"KONIKA ist eine Stehleuchte f\u00fcr exteriorde konisch ausgebildet. Ideal Atmosph\u00e4re f\u00fcr jede Art von Raum, ohne zu l\u00e4ssig \u00c4sthetik zu brechen. Konika wird mit der neuen Kabel beleuchtete LED TUBE patentierten Newgarden bereitgestellt.\",\"breadcrumb\":{\"@id\":\"https:\/\/newgarden.es\/de\/shop\/lightdeco-de\/stehlampe\/konika-2\/#breadcrumb\"},\"inLanguage\":\"de\",\"potentialAction\":[{\"@type\":\"ReadAction\",\"target\":[\"https:\/\/newgarden.es\/de\/shop\/lightdeco-de\/stehlampe\/konika-2\/\"]}]},{\"@type\":\"ImageObject\",\"inLanguage\":\"de\",\"@id\":\"https:\/\/newgarden.es\/de\/shop\/lightdeco-de\/stehlampe\/konika-2\/#primaryimage\",\"url\":\"https:\/\/newgarden.es\/wp-content\/uploads\/2019\/04\/KONIKA_170_BATTERY_1200X1200-5.jpg\",\"contentUrl\":\"https:\/\/newgarden.es\/wp-content\/uploads\/2019\/04\/KONIKA_170_BATTERY_1200X1200-5.jpg\",\"width\":1200,\"height\":1200},{\"@type\":\"BreadcrumbList\",\"@id\":\"https:\/\/newgarden.es\/de\/shop\/lightdeco-de\/stehlampe\/konika-2\/#breadcrumb\",\"itemListElement\":[{\"@type\":\"ListItem\",\"position\":1,\"name\":\"Home\",\"item\":\"https:\/\/newgarden.es\/de\/\"},{\"@type\":\"ListItem\",\"position\":2,\"name\":\"Shop\",\"item\":\"https:\/\/newgarden.es\/de\/shop\/\"},{\"@type\":\"ListItem\",\"position\":3,\"name\":\"KONIKA\"}]},{\"@type\":\"WebSite\",\"@id\":\"https:\/\/newgarden.es\/#website\",\"url\":\"https:\/\/newgarden.es\/\",\"name\":\"Newgarden\",\"description\":\"Be happy\",\"potentialAction\":[{\"@type\":\"SearchAction\",\"target\":{\"@type\":\"EntryPoint\",\"urlTemplate\":\"https:\/\/newgarden.es\/?s={search_term_string}\"},\"query-input\":{\"@type\":\"PropertyValueSpecification\",\"valueRequired\":true,\"valueName\":\"search_term_string\"}}],\"inLanguage\":\"de\"}]}<\/script>\n<!-- \/ Yoast SEO plugin. -->","yoast_head_json":{"title":"KONIKA Au\u00dfenstehlampe in Akku und Blei","description":"KONIKA ist eine Stehleuchte f\u00fcr exteriorde konisch ausgebildet. Ideal Atmosph\u00e4re f\u00fcr jede Art von Raum, ohne zu l\u00e4ssig \u00c4sthetik zu brechen. Konika wird mit der neuen Kabel beleuchtete LED TUBE patentierten Newgarden bereitgestellt.","robots":{"index":"index","follow":"follow","max-snippet":"max-snippet:-1","max-image-preview":"max-image-preview:large","max-video-preview":"max-video-preview:-1"},"canonical":"https:\/\/newgarden.es\/de\/shop\/lightdeco-de\/stehlampe\/konika-2\/","og_locale":"de_DE","og_type":"article","og_title":"KONIKA Au\u00dfenstehlampe in Akku und Blei","og_description":"KONIKA ist eine Stehleuchte f\u00fcr exteriorde konisch ausgebildet. Ideal Atmosph\u00e4re f\u00fcr jede Art von Raum, ohne zu l\u00e4ssig \u00c4sthetik zu brechen. Konika wird mit der neuen Kabel beleuchtete LED TUBE patentierten Newgarden bereitgestellt.","og_url":"https:\/\/newgarden.es\/de\/shop\/lightdeco-de\/stehlampe\/konika-2\/","og_site_name":"Newgarden","article_modified_time":"2021-08-12T09:07:31+00:00","og_image":[{"width":1200,"height":1200,"url":"https:\/\/newgarden.es\/wp-content\/uploads\/2019\/04\/KONIKA_170_BATTERY_1200X1200-5.jpg","type":"image\/jpeg"}],"twitter_card":"summary_large_image","twitter_misc":{"Gesch\u00e4tzte Lesezeit":"1\u00a0Minute"},"schema":{"@context":"https:\/\/schema.org","@graph":[{"@type":"WebPage","@id":"https:\/\/newgarden.es\/de\/shop\/lightdeco-de\/stehlampe\/konika-2\/","url":"https:\/\/newgarden.es\/de\/shop\/lightdeco-de\/stehlampe\/konika-2\/","name":"KONIKA Au\u00dfenstehlampe in Akku und Blei","isPartOf":{"@id":"https:\/\/newgarden.es\/#website"},"primaryImageOfPage":{"@id":"https:\/\/newgarden.es\/de\/shop\/lightdeco-de\/stehlampe\/konika-2\/#primaryimage"},"image":{"@id":"https:\/\/newgarden.es\/de\/shop\/lightdeco-de\/stehlampe\/konika-2\/#primaryimage"},"thumbnailUrl":"https:\/\/newgarden.es\/wp-content\/uploads\/2019\/04\/KONIKA_170_BATTERY_1200X1200-5.jpg","datePublished":"2019-11-04T13:13:27+00:00","dateModified":"2021-08-12T09:07:31+00:00","description":"KONIKA ist eine Stehleuchte f\u00fcr exteriorde konisch ausgebildet. Ideal Atmosph\u00e4re f\u00fcr jede Art von Raum, ohne zu l\u00e4ssig \u00c4sthetik zu brechen. Konika wird mit der neuen Kabel beleuchtete LED TUBE patentierten Newgarden bereitgestellt.","breadcrumb":{"@id":"https:\/\/newgarden.es\/de\/shop\/lightdeco-de\/stehlampe\/konika-2\/#breadcrumb"},"inLanguage":"de","potentialAction":[{"@type":"ReadAction","target":["https:\/\/newgarden.es\/de\/shop\/lightdeco-de\/stehlampe\/konika-2\/"]}]},{"@type":"ImageObject","inLanguage":"de","@id":"https:\/\/newgarden.es\/de\/shop\/lightdeco-de\/stehlampe\/konika-2\/#primaryimage","url":"https:\/\/newgarden.es\/wp-content\/uploads\/2019\/04\/KONIKA_170_BATTERY_1200X1200-5.jpg","contentUrl":"https:\/\/newgarden.es\/wp-content\/uploads\/2019\/04\/KONIKA_170_BATTERY_1200X1200-5.jpg","width":1200,"height":1200},{"@type":"BreadcrumbList","@id":"https:\/\/newgarden.es\/de\/shop\/lightdeco-de\/stehlampe\/konika-2\/#breadcrumb","itemListElement":[{"@type":"ListItem","position":1,"name":"Home","item":"https:\/\/newgarden.es\/de\/"},{"@type":"ListItem","position":2,"name":"Shop","item":"https:\/\/newgarden.es\/de\/shop\/"},{"@type":"ListItem","position":3,"name":"KONIKA"}]},{"@type":"WebSite","@id":"https:\/\/newgarden.es\/#website","url":"https:\/\/newgarden.es\/","name":"Newgarden","description":"Be happy","potentialAction":[{"@type":"SearchAction","target":{"@type":"EntryPoint","urlTemplate":"https:\/\/newgarden.es\/?s={search_term_string}"},"query-input":{"@type":"PropertyValueSpecification","valueRequired":true,"valueName":"search_term_string"}}],"inLanguage":"de"}]}},"df_price":240.3,"df_sale_price":"","df_regular_price":240.3,"df_image_link":"https:\/\/newgarden.es\/wp-content\/uploads\/2019\/04\/KONIKA_170_BATTERY_1200X1200-5-580x400.jpg","_links":{"self":[{"href":"https:\/\/newgarden.es\/de\/wp-json\/wp\/v2\/product\/21671"}],"collection":[{"href":"https:\/\/newgarden.es\/de\/wp-json\/wp\/v2\/product"}],"about":[{"href":"https:\/\/newgarden.es\/de\/wp-json\/wp\/v2\/types\/product"}],"wp:featuredmedia":[{"embeddable":true,"href":"https:\/\/newgarden.es\/de\/wp-json\/wp\/v2\/media\/53347"}],"wp:attachment":[{"href":"https:\/\/newgarden.es\/de\/wp-json\/wp\/v2\/media?parent=21671"}],"wp:term":[{"taxonomy":"product_cat","embeddable":true,"href":"https:\/\/newgarden.es\/de\/wp-json\/wp\/v2\/product_cat?post=21671"},{"taxonomy":"product_tag","embeddable":true,"href":"https:\/\/newgarden.es\/de\/wp-json\/wp\/v2\/product_tag?post=21671"}],"curies":[{"name":"wp","href":"https:\/\/api.w.org\/{rel}","templated":true}]}}