{"id":21748,"date":"2019-04-25T16:39:29","date_gmt":"2019-11-04T13:29:14","guid":{"rendered":"https:\/\/newgarden.es\/shop\/sin%20categor\u00eda\/buly-wall-2\/"},"modified":"2022-08-30T17:26:26","modified_gmt":"2022-08-30T15:26:26","slug":"buly-wall-2","status":"publish","type":"product","link":"https:\/\/newgarden.es\/de\/shop\/lightdeco-de\/wandlampe\/buly-wall-2\/","title":{"rendered":"BULY WALL"},"content":{"rendered":"<section class=\"wpb-content-wrapper\"><p>[vc_row][vc_column el_class=&#8220;descripcion_producto&#8220;][vc_column_text]<\/p>\n<p style=\"text-align: justify\">*BULY WALL: Beleuchtete kugelf\u00f6rmige Wandlampe. Seine geringe Gr\u00f6\u00dfe und grundlegende Design in jede Umgebung integrieren.<\/p>\n<p style=\"text-align: justify\"><em>Alle Newgarden-Produkte bestehen aus Polyethylen, sind also leicht und sehr widerstandsf\u00e4hig gegen extreme Temperaturen. Sie sind auch gegen UV-Strahlen gesch\u00fctzt, wodurch die Lebensdauer des Produkts au\u00dferordentlich lang ist. <\/em><\/p>\n<p>Bei Fragen z\u00f6gern <a href=\"https:\/\/www.newgarden.es\/donde-encontrarnos\/\">Sie nicht uns zu kontaktieren<\/a>![\/vc_column_text][\/vc_column][\/vc_row][vc_row disable_element=&#8220;yes&#8220;][vc_column][vc_single_image image=&#8220;6566&#8243; img_size=&#8220;full&#8220;][\/vc_column][\/vc_row][vc_row][vc_column width=&#8220;1\/2&#8243;][vc_btn title=&#8220;Technisches Datenblatt&#8220; style=&#8220;custom&#8220; custom_background=&#8220;#009bc2&#8243; custom_text=&#8220;#ffffff&#8220; shape=&#8220;square&#8220; link=&#8220;url:https%3A%2F%2Fnewgarden.es%2Fwp-content%2Fuploads%2F2017%2F08%2FBuly20Wall.pdf|target:%20_blank|&#8220; el_class=&#8220;btn_descargar_ficha&#8220;][\/vc_column][vc_column width=&#8220;1\/2&#8243;][vc_btn title=&#8220;BEDIENUNGSANLEITUNG&#8220; style=&#8220;custom&#8220; custom_background=&#8220;#009bc2&#8243; custom_text=&#8220;#ffffff&#8220; shape=&#8220;square&#8220; link=&#8220;url:http%3A%2F%2Fnew.newgarden.es%2Fwp-content%2Fuploads%2F2017%2F06%2Fmanual.pdf|target:%20_blank|&#8220; el_class=&#8220;btn_descargar_ficha&#8220;][\/vc_column][\/vc_row]<\/p>\n<\/section>","protected":false},"excerpt":{"rendered":"<h1 style=\"font-size: 12px\">Bully Wall- Design sph\u00e4rische Wandleuchte<\/h1>\n","protected":false},"featured_media":21759,"template":"","meta":[],"product_cat":[763,73,334,842],"product_tag":[468,765],"class_list":{"0":"post-21748","1":"product","2":"type-product","3":"status-publish","4":"has-post-thumbnail","6":"product_cat-lightdeco-de","7":"product_cat-lightdeco","8":"product_cat-apliques-de-pared","9":"product_cat-wandlampe","10":"product_tag-cable","11":"product_tag-kabel","13":"first","14":"instock","15":"taxable","16":"shipping-taxable","17":"purchasable","18":"product-type-variable"},"yoast_head":"<!-- This site is optimized with the Yoast SEO plugin v24.2 - https:\/\/yoast.com\/wordpress\/plugins\/seo\/ -->\n<title>WALL BULY sph\u00e4rische Wandleuchte<\/title>\n<meta name=\"description\" content=\"Buly Wand ist eine Wandleuchte Kugelwandung beleuchtet. Seine geringe Gr\u00f6\u00dfe und grundlegende Design in jede Umgebung integrieren. Die sph\u00e4rische gelten Buly Wand ist aus Polyethylen hergestellt, so dass sie leicht und sehr widerstandsf\u00e4hig gegen\u00fcber extremen Temperaturen.\" \/>\n<meta name=\"robots\" content=\"index, follow, max-snippet:-1, max-image-preview:large, max-video-preview:-1\" \/>\n<link rel=\"canonical\" href=\"https:\/\/newgarden.es\/de\/shop\/lightdeco-de\/wandlampe\/buly-wall-2\/\" \/>\n<meta property=\"og:locale\" content=\"de_DE\" \/>\n<meta property=\"og:type\" content=\"article\" \/>\n<meta property=\"og:title\" content=\"WALL BULY sph\u00e4rische Wandleuchte\" \/>\n<meta property=\"og:description\" content=\"Buly Wand ist eine Wandleuchte Kugelwandung beleuchtet. Seine geringe Gr\u00f6\u00dfe und grundlegende Design in jede Umgebung integrieren. Die sph\u00e4rische gelten Buly Wand ist aus Polyethylen hergestellt, so dass sie leicht und sehr widerstandsf\u00e4hig gegen\u00fcber extremen Temperaturen.\" \/>\n<meta property=\"og:url\" content=\"https:\/\/newgarden.es\/de\/shop\/lightdeco-de\/wandlampe\/buly-wall-2\/\" \/>\n<meta property=\"og:site_name\" content=\"Newgarden\" \/>\n<meta property=\"article:modified_time\" content=\"2022-08-30T15:26:26+00:00\" \/>\n<meta property=\"og:image\" content=\"https:\/\/newgarden.es\/wp-content\/uploads\/2019\/04\/todo-2.png\" \/>\n\t<meta property=\"og:image:width\" content=\"800\" \/>\n\t<meta property=\"og:image:height\" content=\"610\" \/>\n\t<meta property=\"og:image:type\" content=\"image\/png\" \/>\n<meta name=\"twitter:card\" content=\"summary_large_image\" \/>\n<meta name=\"twitter:label1\" content=\"Gesch\u00e4tzte Lesezeit\" \/>\n\t<meta name=\"twitter:data1\" content=\"1\u00a0Minute\" \/>\n<script type=\"application\/ld+json\" class=\"yoast-schema-graph\">{\"@context\":\"https:\/\/schema.org\",\"@graph\":[{\"@type\":\"WebPage\",\"@id\":\"https:\/\/newgarden.es\/de\/shop\/lightdeco-de\/wandlampe\/buly-wall-2\/\",\"url\":\"https:\/\/newgarden.es\/de\/shop\/lightdeco-de\/wandlampe\/buly-wall-2\/\",\"name\":\"WALL BULY sph\u00e4rische Wandleuchte\",\"isPartOf\":{\"@id\":\"https:\/\/newgarden.es\/#website\"},\"primaryImageOfPage\":{\"@id\":\"https:\/\/newgarden.es\/de\/shop\/lightdeco-de\/wandlampe\/buly-wall-2\/#primaryimage\"},\"image\":{\"@id\":\"https:\/\/newgarden.es\/de\/shop\/lightdeco-de\/wandlampe\/buly-wall-2\/#primaryimage\"},\"thumbnailUrl\":\"https:\/\/newgarden.es\/wp-content\/uploads\/2019\/04\/todo-2.png\",\"datePublished\":\"2019-11-04T13:29:14+00:00\",\"dateModified\":\"2022-08-30T15:26:26+00:00\",\"description\":\"Buly Wand ist eine Wandleuchte Kugelwandung beleuchtet. Seine geringe Gr\u00f6\u00dfe und grundlegende Design in jede Umgebung integrieren. Die sph\u00e4rische gelten Buly Wand ist aus Polyethylen hergestellt, so dass sie leicht und sehr widerstandsf\u00e4hig gegen\u00fcber extremen Temperaturen.\",\"breadcrumb\":{\"@id\":\"https:\/\/newgarden.es\/de\/shop\/lightdeco-de\/wandlampe\/buly-wall-2\/#breadcrumb\"},\"inLanguage\":\"de\",\"potentialAction\":[{\"@type\":\"ReadAction\",\"target\":[\"https:\/\/newgarden.es\/de\/shop\/lightdeco-de\/wandlampe\/buly-wall-2\/\"]}]},{\"@type\":\"ImageObject\",\"inLanguage\":\"de\",\"@id\":\"https:\/\/newgarden.es\/de\/shop\/lightdeco-de\/wandlampe\/buly-wall-2\/#primaryimage\",\"url\":\"https:\/\/newgarden.es\/wp-content\/uploads\/2019\/04\/todo-2.png\",\"contentUrl\":\"https:\/\/newgarden.es\/wp-content\/uploads\/2019\/04\/todo-2.png\",\"width\":800,\"height\":610,\"caption\":\"todo 2\"},{\"@type\":\"BreadcrumbList\",\"@id\":\"https:\/\/newgarden.es\/de\/shop\/lightdeco-de\/wandlampe\/buly-wall-2\/#breadcrumb\",\"itemListElement\":[{\"@type\":\"ListItem\",\"position\":1,\"name\":\"Home\",\"item\":\"https:\/\/newgarden.es\/de\/\"},{\"@type\":\"ListItem\",\"position\":2,\"name\":\"Shop\",\"item\":\"https:\/\/newgarden.es\/de\/shop\/\"},{\"@type\":\"ListItem\",\"position\":3,\"name\":\"BULY WALL\"}]},{\"@type\":\"WebSite\",\"@id\":\"https:\/\/newgarden.es\/#website\",\"url\":\"https:\/\/newgarden.es\/\",\"name\":\"Newgarden\",\"description\":\"Be happy\",\"potentialAction\":[{\"@type\":\"SearchAction\",\"target\":{\"@type\":\"EntryPoint\",\"urlTemplate\":\"https:\/\/newgarden.es\/?s={search_term_string}\"},\"query-input\":{\"@type\":\"PropertyValueSpecification\",\"valueRequired\":true,\"valueName\":\"search_term_string\"}}],\"inLanguage\":\"de\"}]}<\/script>\n<!-- \/ Yoast SEO plugin. -->","yoast_head_json":{"title":"WALL BULY sph\u00e4rische Wandleuchte","description":"Buly Wand ist eine Wandleuchte Kugelwandung beleuchtet. Seine geringe Gr\u00f6\u00dfe und grundlegende Design in jede Umgebung integrieren. Die sph\u00e4rische gelten Buly Wand ist aus Polyethylen hergestellt, so dass sie leicht und sehr widerstandsf\u00e4hig gegen\u00fcber extremen Temperaturen.","robots":{"index":"index","follow":"follow","max-snippet":"max-snippet:-1","max-image-preview":"max-image-preview:large","max-video-preview":"max-video-preview:-1"},"canonical":"https:\/\/newgarden.es\/de\/shop\/lightdeco-de\/wandlampe\/buly-wall-2\/","og_locale":"de_DE","og_type":"article","og_title":"WALL BULY sph\u00e4rische Wandleuchte","og_description":"Buly Wand ist eine Wandleuchte Kugelwandung beleuchtet. Seine geringe Gr\u00f6\u00dfe und grundlegende Design in jede Umgebung integrieren. Die sph\u00e4rische gelten Buly Wand ist aus Polyethylen hergestellt, so dass sie leicht und sehr widerstandsf\u00e4hig gegen\u00fcber extremen Temperaturen.","og_url":"https:\/\/newgarden.es\/de\/shop\/lightdeco-de\/wandlampe\/buly-wall-2\/","og_site_name":"Newgarden","article_modified_time":"2022-08-30T15:26:26+00:00","og_image":[{"width":800,"height":610,"url":"https:\/\/newgarden.es\/wp-content\/uploads\/2019\/04\/todo-2.png","type":"image\/png"}],"twitter_card":"summary_large_image","twitter_misc":{"Gesch\u00e4tzte Lesezeit":"1\u00a0Minute"},"schema":{"@context":"https:\/\/schema.org","@graph":[{"@type":"WebPage","@id":"https:\/\/newgarden.es\/de\/shop\/lightdeco-de\/wandlampe\/buly-wall-2\/","url":"https:\/\/newgarden.es\/de\/shop\/lightdeco-de\/wandlampe\/buly-wall-2\/","name":"WALL BULY sph\u00e4rische Wandleuchte","isPartOf":{"@id":"https:\/\/newgarden.es\/#website"},"primaryImageOfPage":{"@id":"https:\/\/newgarden.es\/de\/shop\/lightdeco-de\/wandlampe\/buly-wall-2\/#primaryimage"},"image":{"@id":"https:\/\/newgarden.es\/de\/shop\/lightdeco-de\/wandlampe\/buly-wall-2\/#primaryimage"},"thumbnailUrl":"https:\/\/newgarden.es\/wp-content\/uploads\/2019\/04\/todo-2.png","datePublished":"2019-11-04T13:29:14+00:00","dateModified":"2022-08-30T15:26:26+00:00","description":"Buly Wand ist eine Wandleuchte Kugelwandung beleuchtet. Seine geringe Gr\u00f6\u00dfe und grundlegende Design in jede Umgebung integrieren. Die sph\u00e4rische gelten Buly Wand ist aus Polyethylen hergestellt, so dass sie leicht und sehr widerstandsf\u00e4hig gegen\u00fcber extremen Temperaturen.","breadcrumb":{"@id":"https:\/\/newgarden.es\/de\/shop\/lightdeco-de\/wandlampe\/buly-wall-2\/#breadcrumb"},"inLanguage":"de","potentialAction":[{"@type":"ReadAction","target":["https:\/\/newgarden.es\/de\/shop\/lightdeco-de\/wandlampe\/buly-wall-2\/"]}]},{"@type":"ImageObject","inLanguage":"de","@id":"https:\/\/newgarden.es\/de\/shop\/lightdeco-de\/wandlampe\/buly-wall-2\/#primaryimage","url":"https:\/\/newgarden.es\/wp-content\/uploads\/2019\/04\/todo-2.png","contentUrl":"https:\/\/newgarden.es\/wp-content\/uploads\/2019\/04\/todo-2.png","width":800,"height":610,"caption":"todo 2"},{"@type":"BreadcrumbList","@id":"https:\/\/newgarden.es\/de\/shop\/lightdeco-de\/wandlampe\/buly-wall-2\/#breadcrumb","itemListElement":[{"@type":"ListItem","position":1,"name":"Home","item":"https:\/\/newgarden.es\/de\/"},{"@type":"ListItem","position":2,"name":"Shop","item":"https:\/\/newgarden.es\/de\/shop\/"},{"@type":"ListItem","position":3,"name":"BULY WALL"}]},{"@type":"WebSite","@id":"https:\/\/newgarden.es\/#website","url":"https:\/\/newgarden.es\/","name":"Newgarden","description":"Be happy","potentialAction":[{"@type":"SearchAction","target":{"@type":"EntryPoint","urlTemplate":"https:\/\/newgarden.es\/?s={search_term_string}"},"query-input":{"@type":"PropertyValueSpecification","valueRequired":true,"valueName":"search_term_string"}}],"inLanguage":"de"}]}},"df_price":38.4,"df_sale_price":"","df_regular_price":38.4,"df_image_link":"https:\/\/newgarden.es\/wp-content\/uploads\/2019\/04\/todo-2.png","_links":{"self":[{"href":"https:\/\/newgarden.es\/de\/wp-json\/wp\/v2\/product\/21748"}],"collection":[{"href":"https:\/\/newgarden.es\/de\/wp-json\/wp\/v2\/product"}],"about":[{"href":"https:\/\/newgarden.es\/de\/wp-json\/wp\/v2\/types\/product"}],"wp:featuredmedia":[{"embeddable":true,"href":"https:\/\/newgarden.es\/de\/wp-json\/wp\/v2\/media\/21759"}],"wp:attachment":[{"href":"https:\/\/newgarden.es\/de\/wp-json\/wp\/v2\/media?parent=21748"}],"wp:term":[{"taxonomy":"product_cat","embeddable":true,"href":"https:\/\/newgarden.es\/de\/wp-json\/wp\/v2\/product_cat?post=21748"},{"taxonomy":"product_tag","embeddable":true,"href":"https:\/\/newgarden.es\/de\/wp-json\/wp\/v2\/product_tag?post=21748"}],"curies":[{"name":"wp","href":"https:\/\/api.w.org\/{rel}","templated":true}]}}