{"id":21807,"date":"2019-04-25T16:39:22","date_gmt":"2019-11-06T08:09:11","guid":{"rendered":"https:\/\/newgarden.es\/shop\/sin%20categor\u00eda\/nomada-sunny\/"},"modified":"2024-06-14T09:04:25","modified_gmt":"2024-06-14T07:04:25","slug":"nomada-solar-2","status":"publish","type":"product","link":"https:\/\/newgarden.es\/de\/shop\/lightdeco-de\/tischlampe\/nomada-solar-2\/","title":{"rendered":"NOMADA TRAGBARE SOLARLAMPE"},"content":{"rendered":"<section class=\"wpb-content-wrapper\"><p>[vc_row][vc_column][vc_column_text][\/vc_column_text][\/vc_column][\/vc_row][vc_row][vc_column el_class=&#8220;descripcion_producto&#8220;][vc_column_text]<\/p>\n<p style=\"text-align: justify;\">*NOMADA: Es ist eine tragbare Lampe von konischer Form, deren Gr\u00f6\u00dfe und Leichtigkeit auf diesem Produkt in betr\u00e4chtlicher Weise hervorstechen. Handlich und vielseitig wird es zu einem unverzichtbaren Bestandteil Ihres Hauses. Nimm es wo du willst! Erh\u00e4ltlich in zwei Ausf\u00fchrungen: SOLAR und PLAY. PLAY fertig Mischen von Musik und Licht Stunden und Stunden Ihrer Lieblingssongs zu genie\u00dfen.<\/p>\n<p style=\"text-align: justify;\"><em>Alle Newgarden-Produkte bestehen aus Polyethylen, sind also leicht und sehr widerstandsf\u00e4hig gegen extreme Temperaturen. Sie sind auch gegen UV-Strahlen gesch\u00fctzt, wodurch die Lebensdauer des Produkts au\u00dferordentlich lang ist. <\/em><\/p>\n<p>[\/vc_column_text][\/vc_column][\/vc_row][vc_row disable_element=&#8220;yes&#8220;][vc_column][vc_single_image image=&#8220;6566&#8243; img_size=&#8220;full&#8220;][\/vc_column][\/vc_row][vc_row][vc_column width=&#8220;1\/2&#8243;][vc_btn title=&#8220;Technisches Datenblatt&#8220; style=&#8220;custom&#8220; custom_background=&#8220;#009bc2&#8243; custom_text=&#8220;#ffffff&#8220; shape=&#8220;square&#8220; link=&#8220;url:https%3A%2F%2Fbit.ly%2F3NcmN7r|target:%20_blank|&#8220; el_class=&#8220;btn_descargar_ficha&#8220;][\/vc_column][vc_column width=&#8220;1\/2&#8243;][vc_btn title=&#8220;BEDIENUNGSANLEITUNG&#8220; style=&#8220;custom&#8220; custom_background=&#8220;#009bc2&#8243; custom_text=&#8220;#ffffff&#8220; shape=&#8220;square&#8220; link=&#8220;url:https%3A%2F%2Fbit.ly%2F3QI08Ce|target:%20_blank|&#8220; el_class=&#8220;btn_descargar_ficha&#8220;][\/vc_column][\/vc_row]<\/p>\n<\/section>","protected":false},"excerpt":{"rendered":"<h1 style=\"font-size: 12px\">Nomada- Kegelf\u00f6rmiger tragbare Solarlampe<\/h1>\n","protected":false},"featured_media":54099,"template":"","meta":[],"product_cat":[1696,763,764,826,1589],"product_tag":[793,789],"class_list":{"0":"post-21807","1":"product","2":"type-product","3":"status-publish","4":"has-post-thumbnail","6":"product_cat-productos-de","7":"product_cat-lightdeco-de","8":"product_cat-tischlampe","9":"product_cat-tragbares","10":"product_cat-innenbereich-de","11":"product_tag-drahtlose","12":"product_tag-solar-de","14":"first","15":"instock","16":"taxable","17":"shipping-taxable","18":"purchasable","19":"product-type-variable"},"yoast_head":"<!-- This site is optimized with the Yoast SEO plugin v24.2 - https:\/\/yoast.com\/wordpress\/plugins\/seo\/ -->\n<title>nomada - Sonne - Lampe - Newgarden - Garten - rotationsformen<\/title>\n<meta name=\"description\" content=\"NOMADA: eine tragbare Solarlampe ist konisch. Er betont seine Leichtigkeit erheblich. Erh\u00e4ltlich in zwei Ausf\u00fchrungen: SOLAR und PLAY.\" \/>\n<meta name=\"robots\" content=\"index, follow, max-snippet:-1, max-image-preview:large, max-video-preview:-1\" \/>\n<link rel=\"canonical\" href=\"https:\/\/newgarden.es\/de\/shop\/lightdeco-de\/tischlampe\/nomada-solar-2\/\" \/>\n<meta property=\"og:locale\" content=\"de_DE\" \/>\n<meta property=\"og:type\" content=\"article\" \/>\n<meta property=\"og:title\" content=\"nomada - Sonne - Lampe - Newgarden - Garten - rotationsformen\" \/>\n<meta property=\"og:description\" content=\"NOMADA: eine tragbare Solarlampe ist konisch. Er betont seine Leichtigkeit erheblich. Erh\u00e4ltlich in zwei Ausf\u00fchrungen: SOLAR und PLAY.\" \/>\n<meta property=\"og:url\" content=\"https:\/\/newgarden.es\/de\/shop\/lightdeco-de\/tischlampe\/nomada-solar-2\/\" \/>\n<meta property=\"og:site_name\" content=\"Newgarden\" \/>\n<meta property=\"article:modified_time\" content=\"2024-06-14T07:04:25+00:00\" \/>\n<meta property=\"og:image\" content=\"https:\/\/newgarden.es\/wp-content\/uploads\/2019\/04\/NOMADA_30_BATTERY_1200X1200-13.jpg\" \/>\n\t<meta property=\"og:image:width\" content=\"1200\" \/>\n\t<meta property=\"og:image:height\" content=\"1200\" \/>\n\t<meta property=\"og:image:type\" content=\"image\/jpeg\" \/>\n<meta name=\"twitter:card\" content=\"summary_large_image\" \/>\n<meta name=\"twitter:label1\" content=\"Gesch\u00e4tzte Lesezeit\" \/>\n\t<meta name=\"twitter:data1\" content=\"1\u00a0Minute\" \/>\n<script type=\"application\/ld+json\" class=\"yoast-schema-graph\">{\"@context\":\"https:\/\/schema.org\",\"@graph\":[{\"@type\":\"WebPage\",\"@id\":\"https:\/\/newgarden.es\/de\/shop\/lightdeco-de\/tischlampe\/nomada-solar-2\/\",\"url\":\"https:\/\/newgarden.es\/de\/shop\/lightdeco-de\/tischlampe\/nomada-solar-2\/\",\"name\":\"nomada - Sonne - Lampe - Newgarden - Garten - rotationsformen\",\"isPartOf\":{\"@id\":\"https:\/\/newgarden.es\/#website\"},\"primaryImageOfPage\":{\"@id\":\"https:\/\/newgarden.es\/de\/shop\/lightdeco-de\/tischlampe\/nomada-solar-2\/#primaryimage\"},\"image\":{\"@id\":\"https:\/\/newgarden.es\/de\/shop\/lightdeco-de\/tischlampe\/nomada-solar-2\/#primaryimage\"},\"thumbnailUrl\":\"https:\/\/newgarden.es\/wp-content\/uploads\/2019\/04\/NOMADA_30_BATTERY_1200X1200-13.jpg\",\"datePublished\":\"2019-11-06T08:09:11+00:00\",\"dateModified\":\"2024-06-14T07:04:25+00:00\",\"description\":\"NOMADA: eine tragbare Solarlampe ist konisch. Er betont seine Leichtigkeit erheblich. Erh\u00e4ltlich in zwei Ausf\u00fchrungen: SOLAR und PLAY.\",\"breadcrumb\":{\"@id\":\"https:\/\/newgarden.es\/de\/shop\/lightdeco-de\/tischlampe\/nomada-solar-2\/#breadcrumb\"},\"inLanguage\":\"de\",\"potentialAction\":[{\"@type\":\"ReadAction\",\"target\":[\"https:\/\/newgarden.es\/de\/shop\/lightdeco-de\/tischlampe\/nomada-solar-2\/\"]}]},{\"@type\":\"ImageObject\",\"inLanguage\":\"de\",\"@id\":\"https:\/\/newgarden.es\/de\/shop\/lightdeco-de\/tischlampe\/nomada-solar-2\/#primaryimage\",\"url\":\"https:\/\/newgarden.es\/wp-content\/uploads\/2019\/04\/NOMADA_30_BATTERY_1200X1200-13.jpg\",\"contentUrl\":\"https:\/\/newgarden.es\/wp-content\/uploads\/2019\/04\/NOMADA_30_BATTERY_1200X1200-13.jpg\",\"width\":1200,\"height\":1200},{\"@type\":\"BreadcrumbList\",\"@id\":\"https:\/\/newgarden.es\/de\/shop\/lightdeco-de\/tischlampe\/nomada-solar-2\/#breadcrumb\",\"itemListElement\":[{\"@type\":\"ListItem\",\"position\":1,\"name\":\"Home\",\"item\":\"https:\/\/newgarden.es\/de\/\"},{\"@type\":\"ListItem\",\"position\":2,\"name\":\"Shop\",\"item\":\"https:\/\/newgarden.es\/de\/shop\/\"},{\"@type\":\"ListItem\",\"position\":3,\"name\":\"NOMADA TRAGBARE SOLARLAMPE\"}]},{\"@type\":\"WebSite\",\"@id\":\"https:\/\/newgarden.es\/#website\",\"url\":\"https:\/\/newgarden.es\/\",\"name\":\"Newgarden\",\"description\":\"Be happy\",\"potentialAction\":[{\"@type\":\"SearchAction\",\"target\":{\"@type\":\"EntryPoint\",\"urlTemplate\":\"https:\/\/newgarden.es\/?s={search_term_string}\"},\"query-input\":{\"@type\":\"PropertyValueSpecification\",\"valueRequired\":true,\"valueName\":\"search_term_string\"}}],\"inLanguage\":\"de\"}]}<\/script>\n<!-- \/ Yoast SEO plugin. -->","yoast_head_json":{"title":"nomada - Sonne - Lampe - Newgarden - Garten - rotationsformen","description":"NOMADA: eine tragbare Solarlampe ist konisch. Er betont seine Leichtigkeit erheblich. Erh\u00e4ltlich in zwei Ausf\u00fchrungen: SOLAR und PLAY.","robots":{"index":"index","follow":"follow","max-snippet":"max-snippet:-1","max-image-preview":"max-image-preview:large","max-video-preview":"max-video-preview:-1"},"canonical":"https:\/\/newgarden.es\/de\/shop\/lightdeco-de\/tischlampe\/nomada-solar-2\/","og_locale":"de_DE","og_type":"article","og_title":"nomada - Sonne - Lampe - Newgarden - Garten - rotationsformen","og_description":"NOMADA: eine tragbare Solarlampe ist konisch. Er betont seine Leichtigkeit erheblich. Erh\u00e4ltlich in zwei Ausf\u00fchrungen: SOLAR und PLAY.","og_url":"https:\/\/newgarden.es\/de\/shop\/lightdeco-de\/tischlampe\/nomada-solar-2\/","og_site_name":"Newgarden","article_modified_time":"2024-06-14T07:04:25+00:00","og_image":[{"width":1200,"height":1200,"url":"https:\/\/newgarden.es\/wp-content\/uploads\/2019\/04\/NOMADA_30_BATTERY_1200X1200-13.jpg","type":"image\/jpeg"}],"twitter_card":"summary_large_image","twitter_misc":{"Gesch\u00e4tzte Lesezeit":"1\u00a0Minute"},"schema":{"@context":"https:\/\/schema.org","@graph":[{"@type":"WebPage","@id":"https:\/\/newgarden.es\/de\/shop\/lightdeco-de\/tischlampe\/nomada-solar-2\/","url":"https:\/\/newgarden.es\/de\/shop\/lightdeco-de\/tischlampe\/nomada-solar-2\/","name":"nomada - Sonne - Lampe - Newgarden - Garten - rotationsformen","isPartOf":{"@id":"https:\/\/newgarden.es\/#website"},"primaryImageOfPage":{"@id":"https:\/\/newgarden.es\/de\/shop\/lightdeco-de\/tischlampe\/nomada-solar-2\/#primaryimage"},"image":{"@id":"https:\/\/newgarden.es\/de\/shop\/lightdeco-de\/tischlampe\/nomada-solar-2\/#primaryimage"},"thumbnailUrl":"https:\/\/newgarden.es\/wp-content\/uploads\/2019\/04\/NOMADA_30_BATTERY_1200X1200-13.jpg","datePublished":"2019-11-06T08:09:11+00:00","dateModified":"2024-06-14T07:04:25+00:00","description":"NOMADA: eine tragbare Solarlampe ist konisch. Er betont seine Leichtigkeit erheblich. Erh\u00e4ltlich in zwei Ausf\u00fchrungen: SOLAR und PLAY.","breadcrumb":{"@id":"https:\/\/newgarden.es\/de\/shop\/lightdeco-de\/tischlampe\/nomada-solar-2\/#breadcrumb"},"inLanguage":"de","potentialAction":[{"@type":"ReadAction","target":["https:\/\/newgarden.es\/de\/shop\/lightdeco-de\/tischlampe\/nomada-solar-2\/"]}]},{"@type":"ImageObject","inLanguage":"de","@id":"https:\/\/newgarden.es\/de\/shop\/lightdeco-de\/tischlampe\/nomada-solar-2\/#primaryimage","url":"https:\/\/newgarden.es\/wp-content\/uploads\/2019\/04\/NOMADA_30_BATTERY_1200X1200-13.jpg","contentUrl":"https:\/\/newgarden.es\/wp-content\/uploads\/2019\/04\/NOMADA_30_BATTERY_1200X1200-13.jpg","width":1200,"height":1200},{"@type":"BreadcrumbList","@id":"https:\/\/newgarden.es\/de\/shop\/lightdeco-de\/tischlampe\/nomada-solar-2\/#breadcrumb","itemListElement":[{"@type":"ListItem","position":1,"name":"Home","item":"https:\/\/newgarden.es\/de\/"},{"@type":"ListItem","position":2,"name":"Shop","item":"https:\/\/newgarden.es\/de\/shop\/"},{"@type":"ListItem","position":3,"name":"NOMADA TRAGBARE SOLARLAMPE"}]},{"@type":"WebSite","@id":"https:\/\/newgarden.es\/#website","url":"https:\/\/newgarden.es\/","name":"Newgarden","description":"Be happy","potentialAction":[{"@type":"SearchAction","target":{"@type":"EntryPoint","urlTemplate":"https:\/\/newgarden.es\/?s={search_term_string}"},"query-input":{"@type":"PropertyValueSpecification","valueRequired":true,"valueName":"search_term_string"}}],"inLanguage":"de"}]}},"df_price":60.3,"df_sale_price":"","df_regular_price":60.3,"df_image_link":"https:\/\/newgarden.es\/wp-content\/uploads\/2019\/04\/NOMADA_30_BATTERY_1200X1200-13-580x400.jpg","_links":{"self":[{"href":"https:\/\/newgarden.es\/de\/wp-json\/wp\/v2\/product\/21807"}],"collection":[{"href":"https:\/\/newgarden.es\/de\/wp-json\/wp\/v2\/product"}],"about":[{"href":"https:\/\/newgarden.es\/de\/wp-json\/wp\/v2\/types\/product"}],"wp:featuredmedia":[{"embeddable":true,"href":"https:\/\/newgarden.es\/de\/wp-json\/wp\/v2\/media\/54099"}],"wp:attachment":[{"href":"https:\/\/newgarden.es\/de\/wp-json\/wp\/v2\/media?parent=21807"}],"wp:term":[{"taxonomy":"product_cat","embeddable":true,"href":"https:\/\/newgarden.es\/de\/wp-json\/wp\/v2\/product_cat?post=21807"},{"taxonomy":"product_tag","embeddable":true,"href":"https:\/\/newgarden.es\/de\/wp-json\/wp\/v2\/product_tag?post=21807"}],"curies":[{"name":"wp","href":"https:\/\/api.w.org\/{rel}","templated":true}]}}