{"id":21850,"date":"2019-04-25T16:39:19","date_gmt":"2019-11-06T08:17:29","guid":{"rendered":"https:\/\/newgarden.es\/shop\/sin%20categor\u00eda\/balby-hang-2\/"},"modified":"2019-12-23T10:14:00","modified_gmt":"2019-12-23T09:14:00","slug":"balby-hang-2","status":"publish","type":"product","link":"https:\/\/newgarden.es\/de\/shop\/lightdeco-de\/pendelleuchten\/balby-hang-2\/","title":{"rendered":"BALBY HANG"},"content":{"rendered":"<section class=\"wpb-content-wrapper\"><p>[vc_row][vc_column el_class=&#8221;descripcion_producto&#8221;][vc_column_text]<\/p>\n<p style=\"text-align: justify\">*BALBY HANG ist eine H\u00e4ngelampe in modernem und freundsaftlichem Design. Seine Form \u00e4hnelt klassische Gl\u00fchlampen. Ideal f\u00fcr die Jugend oder Avantgarde R\u00e4ume.<\/p>\n<p style=\"text-align: justify\"><em>Alle Newgarden-Produkte bestehen aus Polyethylen, sind also leicht und sehr widerstandsf\u00e4hig gegen extreme Temperaturen. Sie sind auch gegen UV-Strahlen gesch\u00fctzt, wodurch die Lebensdauer des Produkts au\u00dferordentlich lang ist. <\/em><\/p>\n<p>[\/vc_column_text][\/vc_column][\/vc_row][vc_row disable_element=&#8221;yes&#8221;][vc_column][vc_single_image image=&#8221;6566&#8243; img_size=&#8221;full&#8221;][\/vc_column][\/vc_row][vc_row][vc_column width=&#8221;1\/2&#8243;][vc_btn title=&#8221;Technisches Datenblatt&#8221; style=&#8221;custom&#8221; custom_background=&#8221;#009bc2&#8243; custom_text=&#8221;#ffffff&#8221; shape=&#8221;square&#8221; link=&#8221;url:https%3A%2F%2Fnewgarden.es%2Fwp-content%2Fuploads%2F2017%2F08%2FBalbyHang-1.pdf|target:%20_blank|&#8221; el_class=&#8221;btn_descargar_ficha&#8221;][\/vc_column][vc_column width=&#8221;1\/2&#8243;][vc_btn title=&#8221;BEDIENUNGSANLEITUNG&#8221; style=&#8221;custom&#8221; custom_background=&#8221;#009bc2&#8243; custom_text=&#8221;#ffffff&#8221; shape=&#8221;square&#8221; link=&#8221;url:https%3A%2F%2Fnewgarden.es%2Finstrucciones%2F||target:%20_blank|&#8221; el_class=&#8221;btn_descargar_ficha&#8221;][\/vc_column][\/vc_row]<\/p>\n<\/section>","protected":false},"excerpt":{"rendered":"<h1 style=\"font-size: 12px\">Balby Hang- Design H\u00e4ngeleuchte<\/h1>\n","protected":false},"featured_media":30678,"template":"","meta":[],"product_cat":[763,819],"product_tag":[765],"class_list":{"0":"post-21850","1":"product","2":"type-product","3":"status-publish","4":"has-post-thumbnail","6":"product_cat-lightdeco-de","7":"product_cat-pendelleuchten","8":"product_tag-kabel","10":"first","11":"instock","12":"taxable","13":"shipping-taxable","14":"purchasable","15":"product-type-variable"},"yoast_head":"<!-- This site is optimized with the Yoast SEO plugin v24.2 - https:\/\/yoast.com\/wordpress\/plugins\/seo\/ -->\n<title>BALBY HANG, Design Anh\u00e4nger nat\u00fcrliche Farbe durchscheinend<\/title>\n<meta name=\"description\" content=\"Balby Hang ist ein modernes und trendiges Design Pendelleuchte. Seine Form \u00e4hnelt klassische Gl\u00fchlampen. Ideal f\u00fcr die Jugend oder Avantgarde R\u00e4ume. Alle Newgarden Produkte aus Polyethylen sind, so dass sie leicht und widerstandsf\u00e4hig sind.\" \/>\n<meta name=\"robots\" content=\"index, follow, max-snippet:-1, max-image-preview:large, max-video-preview:-1\" \/>\n<link rel=\"canonical\" href=\"https:\/\/newgarden.es\/?post_type=product&p=8087\" \/>\n<meta property=\"og:locale\" content=\"de_DE\" \/>\n<meta property=\"og:type\" content=\"article\" \/>\n<meta property=\"og:title\" content=\"BALBY HANG, Design Anh\u00e4nger nat\u00fcrliche Farbe durchscheinend\" \/>\n<meta property=\"og:description\" content=\"Balby Hang ist ein modernes und trendiges Design Pendelleuchte. Seine Form \u00e4hnelt klassische Gl\u00fchlampen. Ideal f\u00fcr die Jugend oder Avantgarde R\u00e4ume. Alle Newgarden Produkte aus Polyethylen sind, so dass sie leicht und widerstandsf\u00e4hig sind.\" \/>\n<meta property=\"og:url\" content=\"https:\/\/newgarden.es\/?post_type=product&amp;p=8087\" \/>\n<meta property=\"og:site_name\" content=\"Newgarden\" \/>\n<meta property=\"article:modified_time\" content=\"2019-12-23T09:14:00+00:00\" \/>\n<meta property=\"og:image\" content=\"https:\/\/newgarden.es\/wp-content\/uploads\/2019\/04\/BALBYMesa-de-trabajo-1-copia-17-100.jpg\" \/>\n\t<meta property=\"og:image:width\" content=\"800\" \/>\n\t<meta property=\"og:image:height\" content=\"801\" \/>\n\t<meta property=\"og:image:type\" content=\"image\/jpeg\" \/>\n<meta name=\"twitter:card\" content=\"summary_large_image\" \/>\n<meta name=\"twitter:label1\" content=\"Gesch\u00e4tzte Lesezeit\" \/>\n\t<meta name=\"twitter:data1\" content=\"1\u00a0Minute\" \/>\n<script type=\"application\/ld+json\" class=\"yoast-schema-graph\">{\"@context\":\"https:\/\/schema.org\",\"@graph\":[{\"@type\":\"WebPage\",\"@id\":\"https:\/\/newgarden.es\/?post_type=product&p=8087\",\"url\":\"https:\/\/newgarden.es\/?post_type=product&p=8087\",\"name\":\"BALBY HANG, Design Anh\u00e4nger nat\u00fcrliche Farbe durchscheinend\",\"isPartOf\":{\"@id\":\"https:\/\/newgarden.es\/#website\"},\"primaryImageOfPage\":{\"@id\":\"https:\/\/newgarden.es\/?post_type=product&p=8087#primaryimage\"},\"image\":{\"@id\":\"https:\/\/newgarden.es\/?post_type=product&p=8087#primaryimage\"},\"thumbnailUrl\":\"https:\/\/newgarden.es\/wp-content\/uploads\/2019\/04\/BALBYMesa-de-trabajo-1-copia-17-100.jpg\",\"datePublished\":\"2019-11-06T08:17:29+00:00\",\"dateModified\":\"2019-12-23T09:14:00+00:00\",\"description\":\"Balby Hang ist ein modernes und trendiges Design Pendelleuchte. Seine Form \u00e4hnelt klassische Gl\u00fchlampen. Ideal f\u00fcr die Jugend oder Avantgarde R\u00e4ume. Alle Newgarden Produkte aus Polyethylen sind, so dass sie leicht und widerstandsf\u00e4hig sind.\",\"breadcrumb\":{\"@id\":\"https:\/\/newgarden.es\/?post_type=product&p=8087#breadcrumb\"},\"inLanguage\":\"de\",\"potentialAction\":[{\"@type\":\"ReadAction\",\"target\":[\"https:\/\/newgarden.es\/?post_type=product&p=8087\"]}]},{\"@type\":\"ImageObject\",\"inLanguage\":\"de\",\"@id\":\"https:\/\/newgarden.es\/?post_type=product&p=8087#primaryimage\",\"url\":\"https:\/\/newgarden.es\/wp-content\/uploads\/2019\/04\/BALBYMesa-de-trabajo-1-copia-17-100.jpg\",\"contentUrl\":\"https:\/\/newgarden.es\/wp-content\/uploads\/2019\/04\/BALBYMesa-de-trabajo-1-copia-17-100.jpg\",\"width\":800,\"height\":801},{\"@type\":\"BreadcrumbList\",\"@id\":\"https:\/\/newgarden.es\/?post_type=product&p=8087#breadcrumb\",\"itemListElement\":[{\"@type\":\"ListItem\",\"position\":1,\"name\":\"Home\",\"item\":\"https:\/\/newgarden.es\/de\/\"},{\"@type\":\"ListItem\",\"position\":2,\"name\":\"Shop\",\"item\":\"https:\/\/newgarden.es\/de\/shop\/\"},{\"@type\":\"ListItem\",\"position\":3,\"name\":\"BALBY HANG\"}]},{\"@type\":\"WebSite\",\"@id\":\"https:\/\/newgarden.es\/#website\",\"url\":\"https:\/\/newgarden.es\/\",\"name\":\"Newgarden\",\"description\":\"Be happy\",\"potentialAction\":[{\"@type\":\"SearchAction\",\"target\":{\"@type\":\"EntryPoint\",\"urlTemplate\":\"https:\/\/newgarden.es\/?s={search_term_string}\"},\"query-input\":{\"@type\":\"PropertyValueSpecification\",\"valueRequired\":true,\"valueName\":\"search_term_string\"}}],\"inLanguage\":\"de\"}]}<\/script>\n<!-- \/ Yoast SEO plugin. -->","yoast_head_json":{"title":"BALBY HANG, Design Anh\u00e4nger nat\u00fcrliche Farbe durchscheinend","description":"Balby Hang ist ein modernes und trendiges Design Pendelleuchte. Seine Form \u00e4hnelt klassische Gl\u00fchlampen. Ideal f\u00fcr die Jugend oder Avantgarde R\u00e4ume. Alle Newgarden Produkte aus Polyethylen sind, so dass sie leicht und widerstandsf\u00e4hig sind.","robots":{"index":"index","follow":"follow","max-snippet":"max-snippet:-1","max-image-preview":"max-image-preview:large","max-video-preview":"max-video-preview:-1"},"canonical":"https:\/\/newgarden.es\/?post_type=product&p=8087","og_locale":"de_DE","og_type":"article","og_title":"BALBY HANG, Design Anh\u00e4nger nat\u00fcrliche Farbe durchscheinend","og_description":"Balby Hang ist ein modernes und trendiges Design Pendelleuchte. Seine Form \u00e4hnelt klassische Gl\u00fchlampen. Ideal f\u00fcr die Jugend oder Avantgarde R\u00e4ume. Alle Newgarden Produkte aus Polyethylen sind, so dass sie leicht und widerstandsf\u00e4hig sind.","og_url":"https:\/\/newgarden.es\/?post_type=product&p=8087","og_site_name":"Newgarden","article_modified_time":"2019-12-23T09:14:00+00:00","og_image":[{"width":800,"height":801,"url":"https:\/\/newgarden.es\/wp-content\/uploads\/2019\/04\/BALBYMesa-de-trabajo-1-copia-17-100.jpg","type":"image\/jpeg"}],"twitter_card":"summary_large_image","twitter_misc":{"Gesch\u00e4tzte Lesezeit":"1\u00a0Minute"},"schema":{"@context":"https:\/\/schema.org","@graph":[{"@type":"WebPage","@id":"https:\/\/newgarden.es\/?post_type=product&p=8087","url":"https:\/\/newgarden.es\/?post_type=product&p=8087","name":"BALBY HANG, Design Anh\u00e4nger nat\u00fcrliche Farbe durchscheinend","isPartOf":{"@id":"https:\/\/newgarden.es\/#website"},"primaryImageOfPage":{"@id":"https:\/\/newgarden.es\/?post_type=product&p=8087#primaryimage"},"image":{"@id":"https:\/\/newgarden.es\/?post_type=product&p=8087#primaryimage"},"thumbnailUrl":"https:\/\/newgarden.es\/wp-content\/uploads\/2019\/04\/BALBYMesa-de-trabajo-1-copia-17-100.jpg","datePublished":"2019-11-06T08:17:29+00:00","dateModified":"2019-12-23T09:14:00+00:00","description":"Balby Hang ist ein modernes und trendiges Design Pendelleuchte. Seine Form \u00e4hnelt klassische Gl\u00fchlampen. Ideal f\u00fcr die Jugend oder Avantgarde R\u00e4ume. Alle Newgarden Produkte aus Polyethylen sind, so dass sie leicht und widerstandsf\u00e4hig sind.","breadcrumb":{"@id":"https:\/\/newgarden.es\/?post_type=product&p=8087#breadcrumb"},"inLanguage":"de","potentialAction":[{"@type":"ReadAction","target":["https:\/\/newgarden.es\/?post_type=product&p=8087"]}]},{"@type":"ImageObject","inLanguage":"de","@id":"https:\/\/newgarden.es\/?post_type=product&p=8087#primaryimage","url":"https:\/\/newgarden.es\/wp-content\/uploads\/2019\/04\/BALBYMesa-de-trabajo-1-copia-17-100.jpg","contentUrl":"https:\/\/newgarden.es\/wp-content\/uploads\/2019\/04\/BALBYMesa-de-trabajo-1-copia-17-100.jpg","width":800,"height":801},{"@type":"BreadcrumbList","@id":"https:\/\/newgarden.es\/?post_type=product&p=8087#breadcrumb","itemListElement":[{"@type":"ListItem","position":1,"name":"Home","item":"https:\/\/newgarden.es\/de\/"},{"@type":"ListItem","position":2,"name":"Shop","item":"https:\/\/newgarden.es\/de\/shop\/"},{"@type":"ListItem","position":3,"name":"BALBY HANG"}]},{"@type":"WebSite","@id":"https:\/\/newgarden.es\/#website","url":"https:\/\/newgarden.es\/","name":"Newgarden","description":"Be happy","potentialAction":[{"@type":"SearchAction","target":{"@type":"EntryPoint","urlTemplate":"https:\/\/newgarden.es\/?s={search_term_string}"},"query-input":{"@type":"PropertyValueSpecification","valueRequired":true,"valueName":"search_term_string"}}],"inLanguage":"de"}]}},"df_price":103.4,"df_sale_price":"","df_regular_price":103.4,"df_image_link":"https:\/\/newgarden.es\/wp-content\/uploads\/2019\/04\/BALBYMesa-de-trabajo-1-copia-17-100.jpg","_links":{"self":[{"href":"https:\/\/newgarden.es\/de\/wp-json\/wp\/v2\/product\/21850"}],"collection":[{"href":"https:\/\/newgarden.es\/de\/wp-json\/wp\/v2\/product"}],"about":[{"href":"https:\/\/newgarden.es\/de\/wp-json\/wp\/v2\/types\/product"}],"wp:featuredmedia":[{"embeddable":true,"href":"https:\/\/newgarden.es\/de\/wp-json\/wp\/v2\/media\/30678"}],"wp:attachment":[{"href":"https:\/\/newgarden.es\/de\/wp-json\/wp\/v2\/media?parent=21850"}],"wp:term":[{"taxonomy":"product_cat","embeddable":true,"href":"https:\/\/newgarden.es\/de\/wp-json\/wp\/v2\/product_cat?post=21850"},{"taxonomy":"product_tag","embeddable":true,"href":"https:\/\/newgarden.es\/de\/wp-json\/wp\/v2\/product_tag?post=21850"}],"curies":[{"name":"wp","href":"https:\/\/api.w.org\/{rel}","templated":true}]}}