{"id":21926,"date":"2019-04-25T16:39:01","date_gmt":"2019-11-06T08:29:04","guid":{"rendered":"https:\/\/newgarden.es\/shop\/sin%20categor\u00eda\/kurby-play-2\/"},"modified":"2019-12-23T10:14:38","modified_gmt":"2019-12-23T09:14:38","slug":"kurby-play-2","status":"publish","type":"product","link":"https:\/\/newgarden.es\/de\/shop\/lightdeco-de\/lautsprecher-lightdeco-de\/kurby-play-2\/","title":{"rendered":"KURBY PLAY"},"content":{"rendered":"<section class=\"wpb-content-wrapper\"><p>[vc_row][vc_column el_class=&#8220;descripcion_producto&#8220;][vc_column_text]<\/p>\n<p style=\"text-align: justify\"><em>*KURBY PLAY:<\/em> Es ist eine tragbare Lampe mit abgerundeten Formen, deren Gr\u00f6\u00dfe und Leichtigkeit auf diesem Produkt deutlich hervorstechen. Handlich und vielseitig wird es zu einem unverzichtbaren Bestandteil Ihres Hauses. Nimm es wo du willst! Erh\u00e4ltlich in zwei Ausf\u00fchrungen: SOLAR und PLAY. PLAY fertig Mischen von Musik und Licht Stunden und Stunden Ihrer Lieblingssongs zu genie\u00dfen.<\/p>\n<p style=\"text-align: justify\"><em>Alle Newgarden-Produkte bestehen aus Polyethylen, sind also leicht und sehr widerstandsf\u00e4hig gegen extreme Temperaturen. Sie sind auch gegen UV-Strahlen gesch\u00fctzt, wodurch die Lebensdauer des Produkts au\u00dferordentlich lang ist. <\/em><\/p>\n<p>[\/vc_column_text][\/vc_column][\/vc_row][vc_row disable_element=&#8220;yes&#8220;][vc_column][vc_single_image image=&#8220;6566&#8243; img_size=&#8220;full&#8220;][\/vc_column][\/vc_row][vc_row][vc_column width=&#8220;1\/2&#8243;][vc_btn title=&#8220;Technisches Datenblatt&#8220; style=&#8220;custom&#8220; custom_background=&#8220;#009bc2&#8243; custom_text=&#8220;#ffffff&#8220; shape=&#8220;square&#8220; link=&#8220;url:http%3A%2F%2Fnewgarden.es%2Fwp-content%2Fuploads%2F2017%2F06%2FKurbyPlay.pdf|target:%20_blank|&#8220; el_class=&#8220;btn_descargar_ficha&#8220;][\/vc_column][vc_column width=&#8220;1\/2&#8243;][vc_btn title=&#8220;BEDIENUNGSANLEITUNG&#8220; style=&#8220;custom&#8220; custom_background=&#8220;#009bc2&#8243; custom_text=&#8220;#ffffff&#8220; shape=&#8220;square&#8220; link=&#8220;url:https%3A%2F%2Fnewgarden.es%2Finstrucciones%2F||target:%20_blank|&#8220; el_class=&#8220;btn_descargar_ficha&#8220;][\/vc_column][\/vc_row]<\/p>\n<\/section>","protected":false},"excerpt":{"rendered":"<h1 style=\"font-size: 12px\">Kurby- tragbare Solarleuchte mit abgerundeten Formen<\/h1>\n","protected":false},"featured_media":54029,"template":"","meta":[],"product_cat":[763,826,779],"product_tag":[],"class_list":{"0":"post-21926","1":"product","2":"type-product","3":"status-publish","4":"has-post-thumbnail","6":"product_cat-lightdeco-de","7":"product_cat-tragbares","8":"product_cat-lautsprecher-lightdeco-de","10":"first","11":"instock","12":"taxable","13":"shipping-taxable","14":"purchasable","15":"product-type-variable"},"yoast_head":"<!-- This site is optimized with the Yoast SEO plugin v24.2 - https:\/\/yoast.com\/wordpress\/plugins\/seo\/ -->\n<title>Kurby - Sonne - Lampe - Newgarden - Garten - rotationsformen<\/title>\n<meta name=\"description\" content=\"Der tragbare Lautsprecher Kurby PLAY ist eine Lampe Beleuchtung RGB + White. Es ist perfekt f\u00fcr alle Arten von Innen- und Au\u00dfenr\u00e4umen Terrasse und Gartenfeste Chill Out Bereiche. Seine Gr\u00f6\u00dfe und Leichtigkeit dieses Produkt deutlich abheben.\" \/>\n<meta name=\"robots\" content=\"index, follow, max-snippet:-1, max-image-preview:large, max-video-preview:-1\" \/>\n<link rel=\"canonical\" href=\"https:\/\/newgarden.es\/de\/shop\/lightdeco-de\/lautsprecher-lightdeco-de\/kurby-play-2\/\" \/>\n<meta property=\"og:locale\" content=\"de_DE\" \/>\n<meta property=\"og:type\" content=\"article\" \/>\n<meta property=\"og:title\" content=\"Kurby - Sonne - Lampe - Newgarden - Garten - rotationsformen\" \/>\n<meta property=\"og:description\" content=\"Der tragbare Lautsprecher Kurby PLAY ist eine Lampe Beleuchtung RGB + White. Es ist perfekt f\u00fcr alle Arten von Innen- und Au\u00dfenr\u00e4umen Terrasse und Gartenfeste Chill Out Bereiche. Seine Gr\u00f6\u00dfe und Leichtigkeit dieses Produkt deutlich abheben.\" \/>\n<meta property=\"og:url\" content=\"https:\/\/newgarden.es\/de\/shop\/lightdeco-de\/lautsprecher-lightdeco-de\/kurby-play-2\/\" \/>\n<meta property=\"og:site_name\" content=\"Newgarden\" \/>\n<meta property=\"article:modified_time\" content=\"2019-12-23T09:14:38+00:00\" \/>\n<meta property=\"og:image\" content=\"https:\/\/newgarden.es\/wp-content\/uploads\/2019\/04\/KURBY_38_PLAY_1200X1200-18.jpg\" \/>\n\t<meta property=\"og:image:width\" content=\"1200\" \/>\n\t<meta property=\"og:image:height\" content=\"1200\" \/>\n\t<meta property=\"og:image:type\" content=\"image\/jpeg\" \/>\n<meta name=\"twitter:card\" content=\"summary_large_image\" \/>\n<meta name=\"twitter:label1\" content=\"Gesch\u00e4tzte Lesezeit\" \/>\n\t<meta name=\"twitter:data1\" content=\"1\u00a0Minute\" \/>\n<script type=\"application\/ld+json\" class=\"yoast-schema-graph\">{\"@context\":\"https:\/\/schema.org\",\"@graph\":[{\"@type\":\"WebPage\",\"@id\":\"https:\/\/newgarden.es\/de\/shop\/lightdeco-de\/lautsprecher-lightdeco-de\/kurby-play-2\/\",\"url\":\"https:\/\/newgarden.es\/de\/shop\/lightdeco-de\/lautsprecher-lightdeco-de\/kurby-play-2\/\",\"name\":\"Kurby - Sonne - Lampe - Newgarden - Garten - rotationsformen\",\"isPartOf\":{\"@id\":\"https:\/\/newgarden.es\/#website\"},\"primaryImageOfPage\":{\"@id\":\"https:\/\/newgarden.es\/de\/shop\/lightdeco-de\/lautsprecher-lightdeco-de\/kurby-play-2\/#primaryimage\"},\"image\":{\"@id\":\"https:\/\/newgarden.es\/de\/shop\/lightdeco-de\/lautsprecher-lightdeco-de\/kurby-play-2\/#primaryimage\"},\"thumbnailUrl\":\"https:\/\/newgarden.es\/wp-content\/uploads\/2019\/04\/KURBY_38_PLAY_1200X1200-18.jpg\",\"datePublished\":\"2019-11-06T08:29:04+00:00\",\"dateModified\":\"2019-12-23T09:14:38+00:00\",\"description\":\"Der tragbare Lautsprecher Kurby PLAY ist eine Lampe Beleuchtung RGB + White. Es ist perfekt f\u00fcr alle Arten von Innen- und Au\u00dfenr\u00e4umen Terrasse und Gartenfeste Chill Out Bereiche. Seine Gr\u00f6\u00dfe und Leichtigkeit dieses Produkt deutlich abheben.\",\"breadcrumb\":{\"@id\":\"https:\/\/newgarden.es\/de\/shop\/lightdeco-de\/lautsprecher-lightdeco-de\/kurby-play-2\/#breadcrumb\"},\"inLanguage\":\"de\",\"potentialAction\":[{\"@type\":\"ReadAction\",\"target\":[\"https:\/\/newgarden.es\/de\/shop\/lightdeco-de\/lautsprecher-lightdeco-de\/kurby-play-2\/\"]}]},{\"@type\":\"ImageObject\",\"inLanguage\":\"de\",\"@id\":\"https:\/\/newgarden.es\/de\/shop\/lightdeco-de\/lautsprecher-lightdeco-de\/kurby-play-2\/#primaryimage\",\"url\":\"https:\/\/newgarden.es\/wp-content\/uploads\/2019\/04\/KURBY_38_PLAY_1200X1200-18.jpg\",\"contentUrl\":\"https:\/\/newgarden.es\/wp-content\/uploads\/2019\/04\/KURBY_38_PLAY_1200X1200-18.jpg\",\"width\":1200,\"height\":1200},{\"@type\":\"BreadcrumbList\",\"@id\":\"https:\/\/newgarden.es\/de\/shop\/lightdeco-de\/lautsprecher-lightdeco-de\/kurby-play-2\/#breadcrumb\",\"itemListElement\":[{\"@type\":\"ListItem\",\"position\":1,\"name\":\"Home\",\"item\":\"https:\/\/newgarden.es\/de\/\"},{\"@type\":\"ListItem\",\"position\":2,\"name\":\"Shop\",\"item\":\"https:\/\/newgarden.es\/de\/shop\/\"},{\"@type\":\"ListItem\",\"position\":3,\"name\":\"KURBY PLAY\"}]},{\"@type\":\"WebSite\",\"@id\":\"https:\/\/newgarden.es\/#website\",\"url\":\"https:\/\/newgarden.es\/\",\"name\":\"Newgarden\",\"description\":\"Be happy\",\"potentialAction\":[{\"@type\":\"SearchAction\",\"target\":{\"@type\":\"EntryPoint\",\"urlTemplate\":\"https:\/\/newgarden.es\/?s={search_term_string}\"},\"query-input\":{\"@type\":\"PropertyValueSpecification\",\"valueRequired\":true,\"valueName\":\"search_term_string\"}}],\"inLanguage\":\"de\"}]}<\/script>\n<!-- \/ Yoast SEO plugin. -->","yoast_head_json":{"title":"Kurby - Sonne - Lampe - Newgarden - Garten - rotationsformen","description":"Der tragbare Lautsprecher Kurby PLAY ist eine Lampe Beleuchtung RGB + White. Es ist perfekt f\u00fcr alle Arten von Innen- und Au\u00dfenr\u00e4umen Terrasse und Gartenfeste Chill Out Bereiche. Seine Gr\u00f6\u00dfe und Leichtigkeit dieses Produkt deutlich abheben.","robots":{"index":"index","follow":"follow","max-snippet":"max-snippet:-1","max-image-preview":"max-image-preview:large","max-video-preview":"max-video-preview:-1"},"canonical":"https:\/\/newgarden.es\/de\/shop\/lightdeco-de\/lautsprecher-lightdeco-de\/kurby-play-2\/","og_locale":"de_DE","og_type":"article","og_title":"Kurby - Sonne - Lampe - Newgarden - Garten - rotationsformen","og_description":"Der tragbare Lautsprecher Kurby PLAY ist eine Lampe Beleuchtung RGB + White. Es ist perfekt f\u00fcr alle Arten von Innen- und Au\u00dfenr\u00e4umen Terrasse und Gartenfeste Chill Out Bereiche. Seine Gr\u00f6\u00dfe und Leichtigkeit dieses Produkt deutlich abheben.","og_url":"https:\/\/newgarden.es\/de\/shop\/lightdeco-de\/lautsprecher-lightdeco-de\/kurby-play-2\/","og_site_name":"Newgarden","article_modified_time":"2019-12-23T09:14:38+00:00","og_image":[{"width":1200,"height":1200,"url":"https:\/\/newgarden.es\/wp-content\/uploads\/2019\/04\/KURBY_38_PLAY_1200X1200-18.jpg","type":"image\/jpeg"}],"twitter_card":"summary_large_image","twitter_misc":{"Gesch\u00e4tzte Lesezeit":"1\u00a0Minute"},"schema":{"@context":"https:\/\/schema.org","@graph":[{"@type":"WebPage","@id":"https:\/\/newgarden.es\/de\/shop\/lightdeco-de\/lautsprecher-lightdeco-de\/kurby-play-2\/","url":"https:\/\/newgarden.es\/de\/shop\/lightdeco-de\/lautsprecher-lightdeco-de\/kurby-play-2\/","name":"Kurby - Sonne - Lampe - Newgarden - Garten - rotationsformen","isPartOf":{"@id":"https:\/\/newgarden.es\/#website"},"primaryImageOfPage":{"@id":"https:\/\/newgarden.es\/de\/shop\/lightdeco-de\/lautsprecher-lightdeco-de\/kurby-play-2\/#primaryimage"},"image":{"@id":"https:\/\/newgarden.es\/de\/shop\/lightdeco-de\/lautsprecher-lightdeco-de\/kurby-play-2\/#primaryimage"},"thumbnailUrl":"https:\/\/newgarden.es\/wp-content\/uploads\/2019\/04\/KURBY_38_PLAY_1200X1200-18.jpg","datePublished":"2019-11-06T08:29:04+00:00","dateModified":"2019-12-23T09:14:38+00:00","description":"Der tragbare Lautsprecher Kurby PLAY ist eine Lampe Beleuchtung RGB + White. Es ist perfekt f\u00fcr alle Arten von Innen- und Au\u00dfenr\u00e4umen Terrasse und Gartenfeste Chill Out Bereiche. Seine Gr\u00f6\u00dfe und Leichtigkeit dieses Produkt deutlich abheben.","breadcrumb":{"@id":"https:\/\/newgarden.es\/de\/shop\/lightdeco-de\/lautsprecher-lightdeco-de\/kurby-play-2\/#breadcrumb"},"inLanguage":"de","potentialAction":[{"@type":"ReadAction","target":["https:\/\/newgarden.es\/de\/shop\/lightdeco-de\/lautsprecher-lightdeco-de\/kurby-play-2\/"]}]},{"@type":"ImageObject","inLanguage":"de","@id":"https:\/\/newgarden.es\/de\/shop\/lightdeco-de\/lautsprecher-lightdeco-de\/kurby-play-2\/#primaryimage","url":"https:\/\/newgarden.es\/wp-content\/uploads\/2019\/04\/KURBY_38_PLAY_1200X1200-18.jpg","contentUrl":"https:\/\/newgarden.es\/wp-content\/uploads\/2019\/04\/KURBY_38_PLAY_1200X1200-18.jpg","width":1200,"height":1200},{"@type":"BreadcrumbList","@id":"https:\/\/newgarden.es\/de\/shop\/lightdeco-de\/lautsprecher-lightdeco-de\/kurby-play-2\/#breadcrumb","itemListElement":[{"@type":"ListItem","position":1,"name":"Home","item":"https:\/\/newgarden.es\/de\/"},{"@type":"ListItem","position":2,"name":"Shop","item":"https:\/\/newgarden.es\/de\/shop\/"},{"@type":"ListItem","position":3,"name":"KURBY PLAY"}]},{"@type":"WebSite","@id":"https:\/\/newgarden.es\/#website","url":"https:\/\/newgarden.es\/","name":"Newgarden","description":"Be happy","potentialAction":[{"@type":"SearchAction","target":{"@type":"EntryPoint","urlTemplate":"https:\/\/newgarden.es\/?s={search_term_string}"},"query-input":{"@type":"PropertyValueSpecification","valueRequired":true,"valueName":"search_term_string"}}],"inLanguage":"de"}]}},"df_price":83.4,"df_sale_price":"","df_regular_price":83.4,"df_image_link":"https:\/\/newgarden.es\/wp-content\/uploads\/2019\/04\/KURBY_38_PLAY_1200X1200-18.jpg","_links":{"self":[{"href":"https:\/\/newgarden.es\/de\/wp-json\/wp\/v2\/product\/21926"}],"collection":[{"href":"https:\/\/newgarden.es\/de\/wp-json\/wp\/v2\/product"}],"about":[{"href":"https:\/\/newgarden.es\/de\/wp-json\/wp\/v2\/types\/product"}],"wp:featuredmedia":[{"embeddable":true,"href":"https:\/\/newgarden.es\/de\/wp-json\/wp\/v2\/media\/54029"}],"wp:attachment":[{"href":"https:\/\/newgarden.es\/de\/wp-json\/wp\/v2\/media?parent=21926"}],"wp:term":[{"taxonomy":"product_cat","embeddable":true,"href":"https:\/\/newgarden.es\/de\/wp-json\/wp\/v2\/product_cat?post=21926"},{"taxonomy":"product_tag","embeddable":true,"href":"https:\/\/newgarden.es\/de\/wp-json\/wp\/v2\/product_tag?post=21926"}],"curies":[{"name":"wp","href":"https:\/\/api.w.org\/{rel}","templated":true}]}}