{"id":21942,"date":"2019-04-25T16:39:00","date_gmt":"2019-11-06T08:31:23","guid":{"rendered":"https:\/\/newgarden.es\/shop\/sin%20categor\u00eda\/nomada-play-2\/"},"modified":"2019-12-23T10:10:32","modified_gmt":"2019-12-23T09:10:32","slug":"nomada-play-2","status":"publish","type":"product","link":"https:\/\/newgarden.es\/de\/shop\/lightdeco-de\/lautsprecher-lightdeco-de\/nomada-play-2\/","title":{"rendered":"NOMADA PLAY"},"content":{"rendered":"<section class=\"wpb-content-wrapper\"><p>[vc_row][vc_column el_class=&#8221;descripcion_producto&#8221;][vc_column_text]<\/p>\n<p style=\"text-align: justify;\">*NOMADA: Es ist eine tragbare Lampe von konischer Form, deren Gr\u00f6\u00dfe und Leichtigkeit auf diesem Produkt in betr\u00e4chtlicher Weise hervorstechen. Handlich und vielseitig wird es zu einem unverzichtbaren Bestandteil Ihres Hauses. Nimm es wo du willst! Erh\u00e4ltlich in zwei Ausf\u00fchrungen: SOLAR und PLAY. PLAY fertig Mischen von Musik und Licht Stunden und Stunden Ihrer Lieblingssongs zu genie\u00dfen.<\/p>\n<p style=\"text-align: justify;\"><em>Alle Newgarden-Produkte bestehen aus Polyethylen, sind also leicht und sehr widerstandsf\u00e4hig gegen extreme Temperaturen. Sie sind auch gegen UV-Strahlen gesch\u00fctzt, wodurch die Lebensdauer des Produkts au\u00dferordentlich lang ist. <\/em><\/p>\n<p>[\/vc_column_text][\/vc_column][\/vc_row][vc_row disable_element=&#8221;yes&#8221;][vc_column][vc_single_image image=&#8221;6566&#8243; img_size=&#8221;full&#8221;][\/vc_column][\/vc_row][vc_row][vc_column width=&#8221;1\/2&#8243;][vc_btn title=&#8221;Technisches Datenblatt&#8221; style=&#8221;custom&#8221; custom_background=&#8221;#009bc2&#8243; custom_text=&#8221;#ffffff&#8221; shape=&#8221;square&#8221; link=&#8221;url:http%3A%2F%2Fnewgarden.es%2Fwp-content%2Fuploads%2F2017%2F06%2FNomadaPlay.pdf|target:%20_blank|&#8221; el_class=&#8221;btn_descargar_ficha&#8221;][\/vc_column][vc_column width=&#8221;1\/2&#8243;][vc_btn title=&#8221;BEDIENUNGSANLEITUNG&#8221; style=&#8221;custom&#8221; custom_background=&#8221;#009bc2&#8243; custom_text=&#8221;#ffffff&#8221; shape=&#8221;square&#8221; link=&#8221;url:https%3A%2F%2Fnewgarden.es%2Finstrucciones%2F||target:%20_blank|&#8221; el_class=&#8221;btn_descargar_ficha&#8221;][\/vc_column][\/vc_row]<\/p>\n<\/section>","protected":false},"excerpt":{"rendered":"<h1 style=\"font-size: 12px;\">Nomada Play- tragbare Lampe mit Lautsprecher<\/h1>\n","protected":false},"featured_media":54119,"template":"","meta":[],"product_cat":[763,826,779],"product_tag":[],"class_list":{"0":"post-21942","1":"product","2":"type-product","3":"status-publish","4":"has-post-thumbnail","6":"product_cat-lightdeco-de","7":"product_cat-tragbares","8":"product_cat-lautsprecher-lightdeco-de","10":"first","11":"instock","12":"taxable","13":"shipping-taxable","14":"purchasable","15":"product-type-variable"},"yoast_head":"<!-- This site is optimized with the Yoast SEO plugin v24.2 - https:\/\/yoast.com\/wordpress\/plugins\/seo\/ -->\n<title>NOMADA PLAY-Lampe im Freien tragbaren Bluetooth-Lautsprecher<\/title>\n<meta name=\"description\" content=\"Eine tragbare Lampe ist konisch seine Gr\u00f6\u00dfe und Leichtigkeit dieses Produkt deutlich abheben. Wendig und vielseitig ein unverzichtbares Werkzeug f\u00fcr jede Ecke Ihres Hauses oder Au\u00dfenbereich worden. Erh\u00e4ltlich in zwei Ausf\u00fchrungen: SOLAR und PLAY.\" \/>\n<meta name=\"robots\" content=\"index, follow, max-snippet:-1, max-image-preview:large, max-video-preview:-1\" \/>\n<link rel=\"canonical\" href=\"https:\/\/newgarden.es\/de\/shop\/lightdeco-de\/lautsprecher-lightdeco-de\/nomada-play-2\/\" \/>\n<meta property=\"og:locale\" content=\"de_DE\" \/>\n<meta property=\"og:type\" content=\"article\" \/>\n<meta property=\"og:title\" content=\"NOMADA PLAY-Lampe im Freien tragbaren Bluetooth-Lautsprecher\" \/>\n<meta property=\"og:description\" content=\"Eine tragbare Lampe ist konisch seine Gr\u00f6\u00dfe und Leichtigkeit dieses Produkt deutlich abheben. Wendig und vielseitig ein unverzichtbares Werkzeug f\u00fcr jede Ecke Ihres Hauses oder Au\u00dfenbereich worden. Erh\u00e4ltlich in zwei Ausf\u00fchrungen: SOLAR und PLAY.\" \/>\n<meta property=\"og:url\" content=\"https:\/\/newgarden.es\/de\/shop\/lightdeco-de\/lautsprecher-lightdeco-de\/nomada-play-2\/\" \/>\n<meta property=\"og:site_name\" content=\"Newgarden\" \/>\n<meta property=\"article:modified_time\" content=\"2019-12-23T09:10:32+00:00\" \/>\n<meta property=\"og:image\" content=\"https:\/\/newgarden.es\/wp-content\/uploads\/2019\/04\/NOMADA_30_PLAY_1200X1200-8.jpg\" \/>\n\t<meta property=\"og:image:width\" content=\"1200\" \/>\n\t<meta property=\"og:image:height\" content=\"1200\" \/>\n\t<meta property=\"og:image:type\" content=\"image\/jpeg\" \/>\n<meta name=\"twitter:card\" content=\"summary_large_image\" \/>\n<meta name=\"twitter:label1\" content=\"Gesch\u00e4tzte Lesezeit\" \/>\n\t<meta name=\"twitter:data1\" content=\"1\u00a0Minute\" \/>\n<script type=\"application\/ld+json\" class=\"yoast-schema-graph\">{\"@context\":\"https:\/\/schema.org\",\"@graph\":[{\"@type\":\"WebPage\",\"@id\":\"https:\/\/newgarden.es\/de\/shop\/lightdeco-de\/lautsprecher-lightdeco-de\/nomada-play-2\/\",\"url\":\"https:\/\/newgarden.es\/de\/shop\/lightdeco-de\/lautsprecher-lightdeco-de\/nomada-play-2\/\",\"name\":\"NOMADA PLAY-Lampe im Freien tragbaren Bluetooth-Lautsprecher\",\"isPartOf\":{\"@id\":\"https:\/\/newgarden.es\/#website\"},\"primaryImageOfPage\":{\"@id\":\"https:\/\/newgarden.es\/de\/shop\/lightdeco-de\/lautsprecher-lightdeco-de\/nomada-play-2\/#primaryimage\"},\"image\":{\"@id\":\"https:\/\/newgarden.es\/de\/shop\/lightdeco-de\/lautsprecher-lightdeco-de\/nomada-play-2\/#primaryimage\"},\"thumbnailUrl\":\"https:\/\/newgarden.es\/wp-content\/uploads\/2019\/04\/NOMADA_30_PLAY_1200X1200-8.jpg\",\"datePublished\":\"2019-11-06T08:31:23+00:00\",\"dateModified\":\"2019-12-23T09:10:32+00:00\",\"description\":\"Eine tragbare Lampe ist konisch seine Gr\u00f6\u00dfe und Leichtigkeit dieses Produkt deutlich abheben. Wendig und vielseitig ein unverzichtbares Werkzeug f\u00fcr jede Ecke Ihres Hauses oder Au\u00dfenbereich worden. Erh\u00e4ltlich in zwei Ausf\u00fchrungen: SOLAR und PLAY.\",\"breadcrumb\":{\"@id\":\"https:\/\/newgarden.es\/de\/shop\/lightdeco-de\/lautsprecher-lightdeco-de\/nomada-play-2\/#breadcrumb\"},\"inLanguage\":\"de\",\"potentialAction\":[{\"@type\":\"ReadAction\",\"target\":[\"https:\/\/newgarden.es\/de\/shop\/lightdeco-de\/lautsprecher-lightdeco-de\/nomada-play-2\/\"]}]},{\"@type\":\"ImageObject\",\"inLanguage\":\"de\",\"@id\":\"https:\/\/newgarden.es\/de\/shop\/lightdeco-de\/lautsprecher-lightdeco-de\/nomada-play-2\/#primaryimage\",\"url\":\"https:\/\/newgarden.es\/wp-content\/uploads\/2019\/04\/NOMADA_30_PLAY_1200X1200-8.jpg\",\"contentUrl\":\"https:\/\/newgarden.es\/wp-content\/uploads\/2019\/04\/NOMADA_30_PLAY_1200X1200-8.jpg\",\"width\":1200,\"height\":1200},{\"@type\":\"BreadcrumbList\",\"@id\":\"https:\/\/newgarden.es\/de\/shop\/lightdeco-de\/lautsprecher-lightdeco-de\/nomada-play-2\/#breadcrumb\",\"itemListElement\":[{\"@type\":\"ListItem\",\"position\":1,\"name\":\"Home\",\"item\":\"https:\/\/newgarden.es\/de\/\"},{\"@type\":\"ListItem\",\"position\":2,\"name\":\"Shop\",\"item\":\"https:\/\/newgarden.es\/de\/shop\/\"},{\"@type\":\"ListItem\",\"position\":3,\"name\":\"NOMADA PLAY\"}]},{\"@type\":\"WebSite\",\"@id\":\"https:\/\/newgarden.es\/#website\",\"url\":\"https:\/\/newgarden.es\/\",\"name\":\"Newgarden\",\"description\":\"Be happy\",\"potentialAction\":[{\"@type\":\"SearchAction\",\"target\":{\"@type\":\"EntryPoint\",\"urlTemplate\":\"https:\/\/newgarden.es\/?s={search_term_string}\"},\"query-input\":{\"@type\":\"PropertyValueSpecification\",\"valueRequired\":true,\"valueName\":\"search_term_string\"}}],\"inLanguage\":\"de\"}]}<\/script>\n<!-- \/ Yoast SEO plugin. -->","yoast_head_json":{"title":"NOMADA PLAY-Lampe im Freien tragbaren Bluetooth-Lautsprecher","description":"Eine tragbare Lampe ist konisch seine Gr\u00f6\u00dfe und Leichtigkeit dieses Produkt deutlich abheben. Wendig und vielseitig ein unverzichtbares Werkzeug f\u00fcr jede Ecke Ihres Hauses oder Au\u00dfenbereich worden. Erh\u00e4ltlich in zwei Ausf\u00fchrungen: SOLAR und PLAY.","robots":{"index":"index","follow":"follow","max-snippet":"max-snippet:-1","max-image-preview":"max-image-preview:large","max-video-preview":"max-video-preview:-1"},"canonical":"https:\/\/newgarden.es\/de\/shop\/lightdeco-de\/lautsprecher-lightdeco-de\/nomada-play-2\/","og_locale":"de_DE","og_type":"article","og_title":"NOMADA PLAY-Lampe im Freien tragbaren Bluetooth-Lautsprecher","og_description":"Eine tragbare Lampe ist konisch seine Gr\u00f6\u00dfe und Leichtigkeit dieses Produkt deutlich abheben. Wendig und vielseitig ein unverzichtbares Werkzeug f\u00fcr jede Ecke Ihres Hauses oder Au\u00dfenbereich worden. Erh\u00e4ltlich in zwei Ausf\u00fchrungen: SOLAR und PLAY.","og_url":"https:\/\/newgarden.es\/de\/shop\/lightdeco-de\/lautsprecher-lightdeco-de\/nomada-play-2\/","og_site_name":"Newgarden","article_modified_time":"2019-12-23T09:10:32+00:00","og_image":[{"width":1200,"height":1200,"url":"https:\/\/newgarden.es\/wp-content\/uploads\/2019\/04\/NOMADA_30_PLAY_1200X1200-8.jpg","type":"image\/jpeg"}],"twitter_card":"summary_large_image","twitter_misc":{"Gesch\u00e4tzte Lesezeit":"1\u00a0Minute"},"schema":{"@context":"https:\/\/schema.org","@graph":[{"@type":"WebPage","@id":"https:\/\/newgarden.es\/de\/shop\/lightdeco-de\/lautsprecher-lightdeco-de\/nomada-play-2\/","url":"https:\/\/newgarden.es\/de\/shop\/lightdeco-de\/lautsprecher-lightdeco-de\/nomada-play-2\/","name":"NOMADA PLAY-Lampe im Freien tragbaren Bluetooth-Lautsprecher","isPartOf":{"@id":"https:\/\/newgarden.es\/#website"},"primaryImageOfPage":{"@id":"https:\/\/newgarden.es\/de\/shop\/lightdeco-de\/lautsprecher-lightdeco-de\/nomada-play-2\/#primaryimage"},"image":{"@id":"https:\/\/newgarden.es\/de\/shop\/lightdeco-de\/lautsprecher-lightdeco-de\/nomada-play-2\/#primaryimage"},"thumbnailUrl":"https:\/\/newgarden.es\/wp-content\/uploads\/2019\/04\/NOMADA_30_PLAY_1200X1200-8.jpg","datePublished":"2019-11-06T08:31:23+00:00","dateModified":"2019-12-23T09:10:32+00:00","description":"Eine tragbare Lampe ist konisch seine Gr\u00f6\u00dfe und Leichtigkeit dieses Produkt deutlich abheben. Wendig und vielseitig ein unverzichtbares Werkzeug f\u00fcr jede Ecke Ihres Hauses oder Au\u00dfenbereich worden. Erh\u00e4ltlich in zwei Ausf\u00fchrungen: SOLAR und PLAY.","breadcrumb":{"@id":"https:\/\/newgarden.es\/de\/shop\/lightdeco-de\/lautsprecher-lightdeco-de\/nomada-play-2\/#breadcrumb"},"inLanguage":"de","potentialAction":[{"@type":"ReadAction","target":["https:\/\/newgarden.es\/de\/shop\/lightdeco-de\/lautsprecher-lightdeco-de\/nomada-play-2\/"]}]},{"@type":"ImageObject","inLanguage":"de","@id":"https:\/\/newgarden.es\/de\/shop\/lightdeco-de\/lautsprecher-lightdeco-de\/nomada-play-2\/#primaryimage","url":"https:\/\/newgarden.es\/wp-content\/uploads\/2019\/04\/NOMADA_30_PLAY_1200X1200-8.jpg","contentUrl":"https:\/\/newgarden.es\/wp-content\/uploads\/2019\/04\/NOMADA_30_PLAY_1200X1200-8.jpg","width":1200,"height":1200},{"@type":"BreadcrumbList","@id":"https:\/\/newgarden.es\/de\/shop\/lightdeco-de\/lautsprecher-lightdeco-de\/nomada-play-2\/#breadcrumb","itemListElement":[{"@type":"ListItem","position":1,"name":"Home","item":"https:\/\/newgarden.es\/de\/"},{"@type":"ListItem","position":2,"name":"Shop","item":"https:\/\/newgarden.es\/de\/shop\/"},{"@type":"ListItem","position":3,"name":"NOMADA PLAY"}]},{"@type":"WebSite","@id":"https:\/\/newgarden.es\/#website","url":"https:\/\/newgarden.es\/","name":"Newgarden","description":"Be happy","potentialAction":[{"@type":"SearchAction","target":{"@type":"EntryPoint","urlTemplate":"https:\/\/newgarden.es\/?s={search_term_string}"},"query-input":{"@type":"PropertyValueSpecification","valueRequired":true,"valueName":"search_term_string"}}],"inLanguage":"de"}]}},"df_price":71.3,"df_sale_price":"","df_regular_price":71.3,"df_image_link":"https:\/\/newgarden.es\/wp-content\/uploads\/2019\/04\/NOMADA_30_PLAY_1200X1200-8-580x400.jpg","_links":{"self":[{"href":"https:\/\/newgarden.es\/de\/wp-json\/wp\/v2\/product\/21942"}],"collection":[{"href":"https:\/\/newgarden.es\/de\/wp-json\/wp\/v2\/product"}],"about":[{"href":"https:\/\/newgarden.es\/de\/wp-json\/wp\/v2\/types\/product"}],"wp:featuredmedia":[{"embeddable":true,"href":"https:\/\/newgarden.es\/de\/wp-json\/wp\/v2\/media\/54119"}],"wp:attachment":[{"href":"https:\/\/newgarden.es\/de\/wp-json\/wp\/v2\/media?parent=21942"}],"wp:term":[{"taxonomy":"product_cat","embeddable":true,"href":"https:\/\/newgarden.es\/de\/wp-json\/wp\/v2\/product_cat?post=21942"},{"taxonomy":"product_tag","embeddable":true,"href":"https:\/\/newgarden.es\/de\/wp-json\/wp\/v2\/product_tag?post=21942"}],"curies":[{"name":"wp","href":"https:\/\/api.w.org\/{rel}","templated":true}]}}