{"id":21980,"date":"2019-04-25T16:38:52","date_gmt":"2019-11-06T08:43:30","guid":{"rendered":"https:\/\/newgarden.es\/shop\/sin%20categor\u00eda\/buly-20\/"},"modified":"2022-01-31T11:54:14","modified_gmt":"2022-01-31T10:54:14","slug":"buly-20","status":"publish","type":"product","link":"https:\/\/newgarden.es\/de\/shop\/lightdeco-de\/tischlampe\/buly-20\/","title":{"rendered":"BULY 20"},"content":{"rendered":"<section class=\"wpb-content-wrapper\"><p>[vc_row][vc_column el_class=&#8221;descripcion_producto&#8221;][vc_column_text]<br \/>\nKUGELF\u00d6RMIGE LAMPE BULY 20:<\/p>\n<p>Buly, die leuchtende Kugel, ist der Bestseller von Newgarden. Die ber\u00fchmte Kugellampe ist in verschiedenen Gr\u00f6\u00dfen und Ausf\u00fchrungen erh\u00e4ltlich. Kombinieren Sie mehrere Buly in verschiedenen Gr\u00f6\u00dfen, um ein modernes, grafisches Ensemble f\u00fcr Ihren Au\u00dfen- und Innenbereich zu schaffen. Diese Lampe wird Ihre Sommer- und Winterabende stimmungsvoll gestalten.<\/p>\n<p>Erh\u00e4ltlich in den Versionen: Draht (Kabelanschluss) &#8211; Solar+Batterieladung (schwimmend) &#8211; Solarautomatik.<\/p>\n<p>DRAHTLICHE Version (Stromversorgung \u00fcber Kabel) Sie m\u00fcssen die Lampe nur an das Stromnetz anschlie\u00dfen, um sie einzuschalten, und den Stecker ziehen, um sie auszuschalten. Led-Licht &#8211; kaltwei\u00df.<\/p>\n<p>Version SOLAR+WIEDERAUFLADBARE BATTERIE led rgb Buly ist mit einem D\u00e4mmerungssensor ausgestattet, der die Leuchte bei Einbruch der Dunkelheit automatisch einschaltet. Diese Leuchtkugel led rgb profitiert von der Newgarden Solar+Ladebatterie-Technologie: Sie wird durch die Sonne (8 bis 12 Stunden) f\u00fcr eine Betriebsdauer von 2 bis 6 Stunden oder durch eine Batterie (mitgeliefertes Ladeger\u00e4t) in 4 bis 6 Stunden f\u00fcr eine Betriebsdauer von 12 bis 36 Stunden aufgeladen! Sie ist mit einer Fernbedienung (im Lieferumfang enthalten) ausgestattet, mit der Sie zwischen 128 Farben und drei Wei\u00dft\u00f6nen w\u00e4hlen k\u00f6nnen.<\/p>\n<p>AUTOMATISCHE SOLARVERSION (nur f\u00fcr den Au\u00dfenbereich) Dieses Modell hat weder einen Schalter noch eine Fernbedienung. Es schaltet sich dank seines D\u00e4mmerungssensors automatisch ein, d. h. es l\u00e4dt sich tags\u00fcber auf ( vorausgesetzt, die Sonne scheint) und funktioniert nachts autonom f\u00fcr eine ungef\u00e4hre Dauer von 3 bis 8 Stunden.<\/p>\n<p>Alle Newgarden-Produkte werden aus Polyethylen hergestellt, sind also leicht und sehr widerstandsf\u00e4hig gegen extreme Temperaturen. Sie sind auch gegen UV-Strahlen best\u00e4ndig, was die Lebensdauer des Produkts au\u00dferordentlich lang macht.<\/p>\n<p>GR\u00d6SSE BULY 20<br \/>\n\u00f820 x 17 cm<br \/>\n[\/vc_column_text][\/vc_column][\/vc_row][vc_row disable_element=&#8221;yes&#8221;][vc_column][vc_single_image image=&#8221;6566&#8243; img_size=&#8221;full&#8221;][\/vc_column][\/vc_row][vc_row][vc_column width=&#8221;1\/2&#8243;][vc_btn title=&#8221;Technisches Datenblatt&#8221; style=&#8221;custom&#8221; custom_background=&#8221;#009bc2&#8243; custom_text=&#8221;#ffffff&#8221; shape=&#8221;square&#8221; link=&#8221;url:https%3A%2F%2Fdrive.google.com%2Fdrive%2Ffolders%2F1Jp_nSgrEmxGRLUqd0xH7sP1wnukjd7QS%3Fusp%3Dsharing|target:%20_blank|&#8221; el_class=&#8221;btn_descargar_ficha&#8221;][\/vc_column][vc_column width=&#8221;1\/2&#8243;][vc_btn title=&#8221;BEDIENUNGSANLEITUNG&#8221; style=&#8221;custom&#8221; custom_background=&#8221;#009bc2&#8243; custom_text=&#8221;#ffffff&#8221; shape=&#8221;square&#8221; el_class=&#8221;btn_descargar_ficha&#8221;][\/vc_column][\/vc_row]<\/p>\n<\/section>","protected":false},"excerpt":{"rendered":"<h1 style=\"font-size: 12px;\">Buly Schwimmende Lichtkugel<\/h1>\n","protected":false},"featured_media":57248,"template":"","meta":[],"product_cat":[1696,763,764,1585,1589],"product_tag":[793,765,789],"class_list":{"0":"post-21980","1":"product","2":"type-product","3":"status-publish","4":"has-post-thumbnail","6":"product_cat-productos-de","7":"product_cat-lightdeco-de","8":"product_cat-tischlampe","9":"product_cat-kugeln-und-wuerfel","10":"product_cat-innenbereich-de","11":"product_tag-drahtlose","12":"product_tag-kabel","13":"product_tag-solar-de","15":"first","16":"instock","17":"taxable","18":"shipping-taxable","19":"purchasable","20":"product-type-variable"},"yoast_head":"<!-- This site is optimized with the Yoast SEO plugin v24.2 - https:\/\/yoast.com\/wordpress\/plugins\/seo\/ -->\n<title>Buly Sphere Illuminated schwimmenden Solarladekabel und Au\u00dfen<\/title>\n<meta name=\"description\" content=\"Die beleuchtete Kugel Buly ist ideal f\u00fcr Outdoor und als Dekoration von jedem Raum. Finish FLOATING k\u00f6nnen Sie das Wasser verwenden. Seine Lithium-Batterie macht den Betrieb dauern, bis mehr als 6 Stunden. Erh\u00e4ltlich mit einer breiten Palette von Farben durch RGB-LED-System.\" \/>\n<meta name=\"robots\" content=\"index, follow, max-snippet:-1, max-image-preview:large, max-video-preview:-1\" \/>\n<link rel=\"canonical\" href=\"https:\/\/newgarden.es\/de\/shop\/lightdeco-de\/tischlampe\/buly-20\/\" \/>\n<meta property=\"og:locale\" content=\"de_DE\" \/>\n<meta property=\"og:type\" content=\"article\" \/>\n<meta property=\"og:title\" content=\"Buly Sphere Illuminated schwimmenden Solarladekabel und Au\u00dfen\" \/>\n<meta property=\"og:description\" content=\"Die beleuchtete Kugel Buly ist ideal f\u00fcr Outdoor und als Dekoration von jedem Raum. Finish FLOATING k\u00f6nnen Sie das Wasser verwenden. Seine Lithium-Batterie macht den Betrieb dauern, bis mehr als 6 Stunden. Erh\u00e4ltlich mit einer breiten Palette von Farben durch RGB-LED-System.\" \/>\n<meta property=\"og:url\" content=\"https:\/\/newgarden.es\/de\/shop\/lightdeco-de\/tischlampe\/buly-20\/\" \/>\n<meta property=\"og:site_name\" content=\"Newgarden\" \/>\n<meta property=\"article:modified_time\" content=\"2022-01-31T10:54:14+00:00\" \/>\n<meta property=\"og:image\" content=\"https:\/\/newgarden.es\/wp-content\/uploads\/2019\/04\/FAMILIA_BULYS_1200X1200-1.jpg\" \/>\n\t<meta property=\"og:image:width\" content=\"1200\" \/>\n\t<meta property=\"og:image:height\" content=\"1200\" \/>\n\t<meta property=\"og:image:type\" content=\"image\/jpeg\" \/>\n<meta name=\"twitter:card\" content=\"summary_large_image\" \/>\n<meta name=\"twitter:label1\" content=\"Gesch\u00e4tzte Lesezeit\" \/>\n\t<meta name=\"twitter:data1\" content=\"2\u00a0Minuten\" \/>\n<script type=\"application\/ld+json\" class=\"yoast-schema-graph\">{\"@context\":\"https:\/\/schema.org\",\"@graph\":[{\"@type\":\"WebPage\",\"@id\":\"https:\/\/newgarden.es\/de\/shop\/lightdeco-de\/tischlampe\/buly-20\/\",\"url\":\"https:\/\/newgarden.es\/de\/shop\/lightdeco-de\/tischlampe\/buly-20\/\",\"name\":\"Buly Sphere Illuminated schwimmenden Solarladekabel und Au\u00dfen\",\"isPartOf\":{\"@id\":\"https:\/\/newgarden.es\/#website\"},\"primaryImageOfPage\":{\"@id\":\"https:\/\/newgarden.es\/de\/shop\/lightdeco-de\/tischlampe\/buly-20\/#primaryimage\"},\"image\":{\"@id\":\"https:\/\/newgarden.es\/de\/shop\/lightdeco-de\/tischlampe\/buly-20\/#primaryimage\"},\"thumbnailUrl\":\"https:\/\/newgarden.es\/wp-content\/uploads\/2019\/04\/FAMILIA_BULYS_1200X1200-1.jpg\",\"datePublished\":\"2019-11-06T08:43:30+00:00\",\"dateModified\":\"2022-01-31T10:54:14+00:00\",\"description\":\"Die beleuchtete Kugel Buly ist ideal f\u00fcr Outdoor und als Dekoration von jedem Raum. Finish FLOATING k\u00f6nnen Sie das Wasser verwenden. Seine Lithium-Batterie macht den Betrieb dauern, bis mehr als 6 Stunden. Erh\u00e4ltlich mit einer breiten Palette von Farben durch RGB-LED-System.\",\"breadcrumb\":{\"@id\":\"https:\/\/newgarden.es\/de\/shop\/lightdeco-de\/tischlampe\/buly-20\/#breadcrumb\"},\"inLanguage\":\"de\",\"potentialAction\":[{\"@type\":\"ReadAction\",\"target\":[\"https:\/\/newgarden.es\/de\/shop\/lightdeco-de\/tischlampe\/buly-20\/\"]}]},{\"@type\":\"ImageObject\",\"inLanguage\":\"de\",\"@id\":\"https:\/\/newgarden.es\/de\/shop\/lightdeco-de\/tischlampe\/buly-20\/#primaryimage\",\"url\":\"https:\/\/newgarden.es\/wp-content\/uploads\/2019\/04\/FAMILIA_BULYS_1200X1200-1.jpg\",\"contentUrl\":\"https:\/\/newgarden.es\/wp-content\/uploads\/2019\/04\/FAMILIA_BULYS_1200X1200-1.jpg\",\"width\":1200,\"height\":1200},{\"@type\":\"BreadcrumbList\",\"@id\":\"https:\/\/newgarden.es\/de\/shop\/lightdeco-de\/tischlampe\/buly-20\/#breadcrumb\",\"itemListElement\":[{\"@type\":\"ListItem\",\"position\":1,\"name\":\"Home\",\"item\":\"https:\/\/newgarden.es\/de\/\"},{\"@type\":\"ListItem\",\"position\":2,\"name\":\"Shop\",\"item\":\"https:\/\/newgarden.es\/de\/shop\/\"},{\"@type\":\"ListItem\",\"position\":3,\"name\":\"BULY 20\"}]},{\"@type\":\"WebSite\",\"@id\":\"https:\/\/newgarden.es\/#website\",\"url\":\"https:\/\/newgarden.es\/\",\"name\":\"Newgarden\",\"description\":\"Be happy\",\"potentialAction\":[{\"@type\":\"SearchAction\",\"target\":{\"@type\":\"EntryPoint\",\"urlTemplate\":\"https:\/\/newgarden.es\/?s={search_term_string}\"},\"query-input\":{\"@type\":\"PropertyValueSpecification\",\"valueRequired\":true,\"valueName\":\"search_term_string\"}}],\"inLanguage\":\"de\"}]}<\/script>\n<!-- \/ Yoast SEO plugin. -->","yoast_head_json":{"title":"Buly Sphere Illuminated schwimmenden Solarladekabel und Au\u00dfen","description":"Die beleuchtete Kugel Buly ist ideal f\u00fcr Outdoor und als Dekoration von jedem Raum. Finish FLOATING k\u00f6nnen Sie das Wasser verwenden. Seine Lithium-Batterie macht den Betrieb dauern, bis mehr als 6 Stunden. Erh\u00e4ltlich mit einer breiten Palette von Farben durch RGB-LED-System.","robots":{"index":"index","follow":"follow","max-snippet":"max-snippet:-1","max-image-preview":"max-image-preview:large","max-video-preview":"max-video-preview:-1"},"canonical":"https:\/\/newgarden.es\/de\/shop\/lightdeco-de\/tischlampe\/buly-20\/","og_locale":"de_DE","og_type":"article","og_title":"Buly Sphere Illuminated schwimmenden Solarladekabel und Au\u00dfen","og_description":"Die beleuchtete Kugel Buly ist ideal f\u00fcr Outdoor und als Dekoration von jedem Raum. Finish FLOATING k\u00f6nnen Sie das Wasser verwenden. Seine Lithium-Batterie macht den Betrieb dauern, bis mehr als 6 Stunden. Erh\u00e4ltlich mit einer breiten Palette von Farben durch RGB-LED-System.","og_url":"https:\/\/newgarden.es\/de\/shop\/lightdeco-de\/tischlampe\/buly-20\/","og_site_name":"Newgarden","article_modified_time":"2022-01-31T10:54:14+00:00","og_image":[{"width":1200,"height":1200,"url":"https:\/\/newgarden.es\/wp-content\/uploads\/2019\/04\/FAMILIA_BULYS_1200X1200-1.jpg","type":"image\/jpeg"}],"twitter_card":"summary_large_image","twitter_misc":{"Gesch\u00e4tzte Lesezeit":"2\u00a0Minuten"},"schema":{"@context":"https:\/\/schema.org","@graph":[{"@type":"WebPage","@id":"https:\/\/newgarden.es\/de\/shop\/lightdeco-de\/tischlampe\/buly-20\/","url":"https:\/\/newgarden.es\/de\/shop\/lightdeco-de\/tischlampe\/buly-20\/","name":"Buly Sphere Illuminated schwimmenden Solarladekabel und Au\u00dfen","isPartOf":{"@id":"https:\/\/newgarden.es\/#website"},"primaryImageOfPage":{"@id":"https:\/\/newgarden.es\/de\/shop\/lightdeco-de\/tischlampe\/buly-20\/#primaryimage"},"image":{"@id":"https:\/\/newgarden.es\/de\/shop\/lightdeco-de\/tischlampe\/buly-20\/#primaryimage"},"thumbnailUrl":"https:\/\/newgarden.es\/wp-content\/uploads\/2019\/04\/FAMILIA_BULYS_1200X1200-1.jpg","datePublished":"2019-11-06T08:43:30+00:00","dateModified":"2022-01-31T10:54:14+00:00","description":"Die beleuchtete Kugel Buly ist ideal f\u00fcr Outdoor und als Dekoration von jedem Raum. Finish FLOATING k\u00f6nnen Sie das Wasser verwenden. Seine Lithium-Batterie macht den Betrieb dauern, bis mehr als 6 Stunden. Erh\u00e4ltlich mit einer breiten Palette von Farben durch RGB-LED-System.","breadcrumb":{"@id":"https:\/\/newgarden.es\/de\/shop\/lightdeco-de\/tischlampe\/buly-20\/#breadcrumb"},"inLanguage":"de","potentialAction":[{"@type":"ReadAction","target":["https:\/\/newgarden.es\/de\/shop\/lightdeco-de\/tischlampe\/buly-20\/"]}]},{"@type":"ImageObject","inLanguage":"de","@id":"https:\/\/newgarden.es\/de\/shop\/lightdeco-de\/tischlampe\/buly-20\/#primaryimage","url":"https:\/\/newgarden.es\/wp-content\/uploads\/2019\/04\/FAMILIA_BULYS_1200X1200-1.jpg","contentUrl":"https:\/\/newgarden.es\/wp-content\/uploads\/2019\/04\/FAMILIA_BULYS_1200X1200-1.jpg","width":1200,"height":1200},{"@type":"BreadcrumbList","@id":"https:\/\/newgarden.es\/de\/shop\/lightdeco-de\/tischlampe\/buly-20\/#breadcrumb","itemListElement":[{"@type":"ListItem","position":1,"name":"Home","item":"https:\/\/newgarden.es\/de\/"},{"@type":"ListItem","position":2,"name":"Shop","item":"https:\/\/newgarden.es\/de\/shop\/"},{"@type":"ListItem","position":3,"name":"BULY 20"}]},{"@type":"WebSite","@id":"https:\/\/newgarden.es\/#website","url":"https:\/\/newgarden.es\/","name":"Newgarden","description":"Be happy","potentialAction":[{"@type":"SearchAction","target":{"@type":"EntryPoint","urlTemplate":"https:\/\/newgarden.es\/?s={search_term_string}"},"query-input":{"@type":"PropertyValueSpecification","valueRequired":true,"valueName":"search_term_string"}}],"inLanguage":"de"}]}},"df_price":27.4,"df_sale_price":"","df_regular_price":27.4,"df_image_link":"https:\/\/newgarden.es\/wp-content\/uploads\/2019\/04\/FAMILIA_BULYS_1200X1200-1-580x400.jpg","_links":{"self":[{"href":"https:\/\/newgarden.es\/de\/wp-json\/wp\/v2\/product\/21980"}],"collection":[{"href":"https:\/\/newgarden.es\/de\/wp-json\/wp\/v2\/product"}],"about":[{"href":"https:\/\/newgarden.es\/de\/wp-json\/wp\/v2\/types\/product"}],"wp:featuredmedia":[{"embeddable":true,"href":"https:\/\/newgarden.es\/de\/wp-json\/wp\/v2\/media\/57248"}],"wp:attachment":[{"href":"https:\/\/newgarden.es\/de\/wp-json\/wp\/v2\/media?parent=21980"}],"wp:term":[{"taxonomy":"product_cat","embeddable":true,"href":"https:\/\/newgarden.es\/de\/wp-json\/wp\/v2\/product_cat?post=21980"},{"taxonomy":"product_tag","embeddable":true,"href":"https:\/\/newgarden.es\/de\/wp-json\/wp\/v2\/product_tag?post=21980"}],"curies":[{"name":"wp","href":"https:\/\/api.w.org\/{rel}","templated":true}]}}