{"id":24719,"date":"2019-05-22T07:57:39","date_gmt":"2019-11-18T08:41:52","guid":{"rendered":"https:\/\/newgarden.es\/shop\/unkategorisiert\/nova-60\/"},"modified":"2021-09-15T13:19:27","modified_gmt":"2021-09-15T11:19:27","slug":"nova-60","status":"publish","type":"product","link":"https:\/\/newgarden.es\/de\/shop\/lightdeco-de\/weihnachten\/nova-60\/","title":{"rendered":"NOVA 60"},"content":{"rendered":"<section class=\"wpb-content-wrapper\"><p>[vc_row][vc_column][vc_column_text]Wir bringen Sie nach Nova, eine dekorative Sternenflucht aus dem Firmament, das auf die Erde kommen wollte, um \u00fcberall in Ihrem Haus platziert zu werden, oder einen perfekten Au\u00dfenraum f\u00fcr Astronomie-Liebhaber. F\u00fchlen Sie sich wie ein Astronaut, w\u00e4hrend NOVA Ihnen ein warmes und angenehmes Gef\u00fchl gibt. Perfekt sogar als ideales Schmuckst\u00fcck in Ihrem Weihnachtsbaum.<\/p>\n<p>Dieser beleuchtete Stern ist sowohl in wei\u00dfer, lichtdurchl\u00e4ssiger Kabelbeleuchtung als auch drahtlos mit einer Vielzahl von Farbvarianten erh\u00e4ltlich. Und in zwei verschiedenen Gr\u00f6\u00dfen finden Sie heraus, welche davon am besten zu Ihnen passt. Kann das ganze Jahr \u00fcber mit seinem Licht gl\u00e4nzen<\/p>\n<p><em>Alle Newgarden-Produkte bestehen aus Polyethylen, sind also leicht und sehr widerstandsf\u00e4hig gegen extreme Temperaturen. Sie sind auch gegen UV-Strahlen gesch\u00fctzt, wodurch die Lebensdauer des Produkts au\u00dferordentlich lang ist.<\/em>[\/vc_column_text][\/vc_column][\/vc_row][vc_row][vc_column el_class=&#8220;descripcion_producto&#8220;][vc_column_text]<\/p>\n<p>E27&#8243; Fassung[\/vc_column_text][\/vc_column][\/vc_row][vc_row disable_element=&#8220;yes&#8220;][vc_column][vc_single_image image=&#8220;6566&#8243; img_size=&#8220;full&#8220;][\/vc_column][\/vc_row][vc_row][vc_column width=&#8220;1\/2&#8243;][vc_btn title=&#8220;Technisches Datenblatt&#8220; style=&#8220;custom&#8220; custom_background=&#8220;#009bc2&#8243; custom_text=&#8220;#ffffff&#8220; shape=&#8220;square&#8220; link=&#8220;url:https%3A%2F%2Fdrive.google.com%2Fdrive%2Ffolders%2F1wixyWhgGAbxXY5MYvcX6R_EFtsCWpf9C%3Fusp%3Dsharing|target:%20_blank|&#8220; el_class=&#8220;btn_descargar_ficha&#8220;][\/vc_column][\/vc_row]<\/p>\n<\/section>","protected":false},"excerpt":{"rendered":"<h1 style=\"font-size: 12px\">Nova Star &#8211; Sternf\u00f6rmige DEKO-Lampe<\/h1>\n","protected":false},"featured_media":60030,"template":"","meta":[],"product_cat":[763,1225,1589,811],"product_tag":[],"class_list":{"0":"post-24719","1":"product","2":"type-product","3":"status-publish","4":"has-post-thumbnail","6":"product_cat-lightdeco-de","7":"product_cat-interior-de","8":"product_cat-innenbereich-de","9":"product_cat-weihnachten","11":"first","12":"instock","13":"taxable","14":"shipping-taxable","15":"purchasable","16":"product-type-variable"},"yoast_head":"<!-- This site is optimized with the Yoast SEO plugin v24.2 - https:\/\/yoast.com\/wordpress\/plugins\/seo\/ -->\n<title>NOVA, Dekoleuchte sternf\u00f6rmige Solarladung und Kabel<\/title>\n<meta name=\"description\" content=\"Nova ist ein minimalistischer heller Stern perfekt f\u00fcr den Einsatz sowohl an Weihnachten und w\u00e4hrend des Restes des Jahres. NOVA dekorative Sterne ist f\u00fcr jede Ecke Ihres Hauses oder Gesch\u00e4ftsgartenterrasse ideal. NOVA Lampe ist in zwei Gr\u00f6\u00dfen 45 und 60 zur Verf\u00fcgung.\" \/>\n<meta name=\"robots\" content=\"index, follow, max-snippet:-1, max-image-preview:large, max-video-preview:-1\" \/>\n<link rel=\"canonical\" href=\"https:\/\/newgarden.es\/de\/shop\/lightdeco-de\/weihnachten\/nova-60\/\" \/>\n<meta property=\"og:locale\" content=\"de_DE\" \/>\n<meta property=\"og:type\" content=\"article\" \/>\n<meta property=\"og:title\" content=\"NOVA, Dekoleuchte sternf\u00f6rmige Solarladung und Kabel\" \/>\n<meta property=\"og:description\" content=\"Nova ist ein minimalistischer heller Stern perfekt f\u00fcr den Einsatz sowohl an Weihnachten und w\u00e4hrend des Restes des Jahres. NOVA dekorative Sterne ist f\u00fcr jede Ecke Ihres Hauses oder Gesch\u00e4ftsgartenterrasse ideal. NOVA Lampe ist in zwei Gr\u00f6\u00dfen 45 und 60 zur Verf\u00fcgung.\" \/>\n<meta property=\"og:url\" content=\"https:\/\/newgarden.es\/de\/shop\/lightdeco-de\/weihnachten\/nova-60\/\" \/>\n<meta property=\"og:site_name\" content=\"Newgarden\" \/>\n<meta property=\"article:modified_time\" content=\"2021-09-15T11:19:27+00:00\" \/>\n<meta property=\"og:image\" content=\"https:\/\/newgarden.es\/wp-content\/uploads\/2019\/05\/NOVA_1200X1200-7.jpg\" \/>\n\t<meta property=\"og:image:width\" content=\"1200\" \/>\n\t<meta property=\"og:image:height\" content=\"1200\" \/>\n\t<meta property=\"og:image:type\" content=\"image\/jpeg\" \/>\n<meta name=\"twitter:card\" content=\"summary_large_image\" \/>\n<meta name=\"twitter:label1\" content=\"Gesch\u00e4tzte Lesezeit\" \/>\n\t<meta name=\"twitter:data1\" content=\"1\u00a0Minute\" \/>\n<script type=\"application\/ld+json\" class=\"yoast-schema-graph\">{\"@context\":\"https:\/\/schema.org\",\"@graph\":[{\"@type\":\"WebPage\",\"@id\":\"https:\/\/newgarden.es\/de\/shop\/lightdeco-de\/weihnachten\/nova-60\/\",\"url\":\"https:\/\/newgarden.es\/de\/shop\/lightdeco-de\/weihnachten\/nova-60\/\",\"name\":\"NOVA, Dekoleuchte sternf\u00f6rmige Solarladung und Kabel\",\"isPartOf\":{\"@id\":\"https:\/\/newgarden.es\/#website\"},\"primaryImageOfPage\":{\"@id\":\"https:\/\/newgarden.es\/de\/shop\/lightdeco-de\/weihnachten\/nova-60\/#primaryimage\"},\"image\":{\"@id\":\"https:\/\/newgarden.es\/de\/shop\/lightdeco-de\/weihnachten\/nova-60\/#primaryimage\"},\"thumbnailUrl\":\"https:\/\/newgarden.es\/wp-content\/uploads\/2019\/05\/NOVA_1200X1200-7.jpg\",\"datePublished\":\"2019-11-18T08:41:52+00:00\",\"dateModified\":\"2021-09-15T11:19:27+00:00\",\"description\":\"Nova ist ein minimalistischer heller Stern perfekt f\u00fcr den Einsatz sowohl an Weihnachten und w\u00e4hrend des Restes des Jahres. NOVA dekorative Sterne ist f\u00fcr jede Ecke Ihres Hauses oder Gesch\u00e4ftsgartenterrasse ideal. NOVA Lampe ist in zwei Gr\u00f6\u00dfen 45 und 60 zur Verf\u00fcgung.\",\"breadcrumb\":{\"@id\":\"https:\/\/newgarden.es\/de\/shop\/lightdeco-de\/weihnachten\/nova-60\/#breadcrumb\"},\"inLanguage\":\"de\",\"potentialAction\":[{\"@type\":\"ReadAction\",\"target\":[\"https:\/\/newgarden.es\/de\/shop\/lightdeco-de\/weihnachten\/nova-60\/\"]}]},{\"@type\":\"ImageObject\",\"inLanguage\":\"de\",\"@id\":\"https:\/\/newgarden.es\/de\/shop\/lightdeco-de\/weihnachten\/nova-60\/#primaryimage\",\"url\":\"https:\/\/newgarden.es\/wp-content\/uploads\/2019\/05\/NOVA_1200X1200-7.jpg\",\"contentUrl\":\"https:\/\/newgarden.es\/wp-content\/uploads\/2019\/05\/NOVA_1200X1200-7.jpg\",\"width\":1200,\"height\":1200},{\"@type\":\"BreadcrumbList\",\"@id\":\"https:\/\/newgarden.es\/de\/shop\/lightdeco-de\/weihnachten\/nova-60\/#breadcrumb\",\"itemListElement\":[{\"@type\":\"ListItem\",\"position\":1,\"name\":\"Home\",\"item\":\"https:\/\/newgarden.es\/de\/\"},{\"@type\":\"ListItem\",\"position\":2,\"name\":\"Shop\",\"item\":\"https:\/\/newgarden.es\/de\/shop\/\"},{\"@type\":\"ListItem\",\"position\":3,\"name\":\"NOVA 60\"}]},{\"@type\":\"WebSite\",\"@id\":\"https:\/\/newgarden.es\/#website\",\"url\":\"https:\/\/newgarden.es\/\",\"name\":\"Newgarden\",\"description\":\"Be happy\",\"potentialAction\":[{\"@type\":\"SearchAction\",\"target\":{\"@type\":\"EntryPoint\",\"urlTemplate\":\"https:\/\/newgarden.es\/?s={search_term_string}\"},\"query-input\":{\"@type\":\"PropertyValueSpecification\",\"valueRequired\":true,\"valueName\":\"search_term_string\"}}],\"inLanguage\":\"de\"}]}<\/script>\n<!-- \/ Yoast SEO plugin. -->","yoast_head_json":{"title":"NOVA, Dekoleuchte sternf\u00f6rmige Solarladung und Kabel","description":"Nova ist ein minimalistischer heller Stern perfekt f\u00fcr den Einsatz sowohl an Weihnachten und w\u00e4hrend des Restes des Jahres. NOVA dekorative Sterne ist f\u00fcr jede Ecke Ihres Hauses oder Gesch\u00e4ftsgartenterrasse ideal. NOVA Lampe ist in zwei Gr\u00f6\u00dfen 45 und 60 zur Verf\u00fcgung.","robots":{"index":"index","follow":"follow","max-snippet":"max-snippet:-1","max-image-preview":"max-image-preview:large","max-video-preview":"max-video-preview:-1"},"canonical":"https:\/\/newgarden.es\/de\/shop\/lightdeco-de\/weihnachten\/nova-60\/","og_locale":"de_DE","og_type":"article","og_title":"NOVA, Dekoleuchte sternf\u00f6rmige Solarladung und Kabel","og_description":"Nova ist ein minimalistischer heller Stern perfekt f\u00fcr den Einsatz sowohl an Weihnachten und w\u00e4hrend des Restes des Jahres. NOVA dekorative Sterne ist f\u00fcr jede Ecke Ihres Hauses oder Gesch\u00e4ftsgartenterrasse ideal. NOVA Lampe ist in zwei Gr\u00f6\u00dfen 45 und 60 zur Verf\u00fcgung.","og_url":"https:\/\/newgarden.es\/de\/shop\/lightdeco-de\/weihnachten\/nova-60\/","og_site_name":"Newgarden","article_modified_time":"2021-09-15T11:19:27+00:00","og_image":[{"width":1200,"height":1200,"url":"https:\/\/newgarden.es\/wp-content\/uploads\/2019\/05\/NOVA_1200X1200-7.jpg","type":"image\/jpeg"}],"twitter_card":"summary_large_image","twitter_misc":{"Gesch\u00e4tzte Lesezeit":"1\u00a0Minute"},"schema":{"@context":"https:\/\/schema.org","@graph":[{"@type":"WebPage","@id":"https:\/\/newgarden.es\/de\/shop\/lightdeco-de\/weihnachten\/nova-60\/","url":"https:\/\/newgarden.es\/de\/shop\/lightdeco-de\/weihnachten\/nova-60\/","name":"NOVA, Dekoleuchte sternf\u00f6rmige Solarladung und Kabel","isPartOf":{"@id":"https:\/\/newgarden.es\/#website"},"primaryImageOfPage":{"@id":"https:\/\/newgarden.es\/de\/shop\/lightdeco-de\/weihnachten\/nova-60\/#primaryimage"},"image":{"@id":"https:\/\/newgarden.es\/de\/shop\/lightdeco-de\/weihnachten\/nova-60\/#primaryimage"},"thumbnailUrl":"https:\/\/newgarden.es\/wp-content\/uploads\/2019\/05\/NOVA_1200X1200-7.jpg","datePublished":"2019-11-18T08:41:52+00:00","dateModified":"2021-09-15T11:19:27+00:00","description":"Nova ist ein minimalistischer heller Stern perfekt f\u00fcr den Einsatz sowohl an Weihnachten und w\u00e4hrend des Restes des Jahres. NOVA dekorative Sterne ist f\u00fcr jede Ecke Ihres Hauses oder Gesch\u00e4ftsgartenterrasse ideal. NOVA Lampe ist in zwei Gr\u00f6\u00dfen 45 und 60 zur Verf\u00fcgung.","breadcrumb":{"@id":"https:\/\/newgarden.es\/de\/shop\/lightdeco-de\/weihnachten\/nova-60\/#breadcrumb"},"inLanguage":"de","potentialAction":[{"@type":"ReadAction","target":["https:\/\/newgarden.es\/de\/shop\/lightdeco-de\/weihnachten\/nova-60\/"]}]},{"@type":"ImageObject","inLanguage":"de","@id":"https:\/\/newgarden.es\/de\/shop\/lightdeco-de\/weihnachten\/nova-60\/#primaryimage","url":"https:\/\/newgarden.es\/wp-content\/uploads\/2019\/05\/NOVA_1200X1200-7.jpg","contentUrl":"https:\/\/newgarden.es\/wp-content\/uploads\/2019\/05\/NOVA_1200X1200-7.jpg","width":1200,"height":1200},{"@type":"BreadcrumbList","@id":"https:\/\/newgarden.es\/de\/shop\/lightdeco-de\/weihnachten\/nova-60\/#breadcrumb","itemListElement":[{"@type":"ListItem","position":1,"name":"Home","item":"https:\/\/newgarden.es\/de\/"},{"@type":"ListItem","position":2,"name":"Shop","item":"https:\/\/newgarden.es\/de\/shop\/"},{"@type":"ListItem","position":3,"name":"NOVA 60"}]},{"@type":"WebSite","@id":"https:\/\/newgarden.es\/#website","url":"https:\/\/newgarden.es\/","name":"Newgarden","description":"Be happy","potentialAction":[{"@type":"SearchAction","target":{"@type":"EntryPoint","urlTemplate":"https:\/\/newgarden.es\/?s={search_term_string}"},"query-input":{"@type":"PropertyValueSpecification","valueRequired":true,"valueName":"search_term_string"}}],"inLanguage":"de"}]}},"df_price":72.5,"df_sale_price":"","df_regular_price":72.5,"df_image_link":"https:\/\/newgarden.es\/wp-content\/uploads\/2019\/05\/NOVA_1200X1200-7-580x400.jpg","_links":{"self":[{"href":"https:\/\/newgarden.es\/de\/wp-json\/wp\/v2\/product\/24719"}],"collection":[{"href":"https:\/\/newgarden.es\/de\/wp-json\/wp\/v2\/product"}],"about":[{"href":"https:\/\/newgarden.es\/de\/wp-json\/wp\/v2\/types\/product"}],"wp:featuredmedia":[{"embeddable":true,"href":"https:\/\/newgarden.es\/de\/wp-json\/wp\/v2\/media\/60030"}],"wp:attachment":[{"href":"https:\/\/newgarden.es\/de\/wp-json\/wp\/v2\/media?parent=24719"}],"wp:term":[{"taxonomy":"product_cat","embeddable":true,"href":"https:\/\/newgarden.es\/de\/wp-json\/wp\/v2\/product_cat?post=24719"},{"taxonomy":"product_tag","embeddable":true,"href":"https:\/\/newgarden.es\/de\/wp-json\/wp\/v2\/product_tag?post=24719"}],"curies":[{"name":"wp","href":"https:\/\/api.w.org\/{rel}","templated":true}]}}