{"id":25897,"date":"2020-02-19T10:51:14","date_gmt":"2020-02-19T09:51:15","guid":{"rendered":"https:\/\/newgarden.es\/?post_type=product&#038;p=25897"},"modified":"2021-10-19T09:26:26","modified_gmt":"2021-10-19T07:26:26","slug":"stehleuchte-lola-slim-120","status":"publish","type":"product","link":"https:\/\/newgarden.es\/de\/shop\/lightdeco-de\/stehlampe\/stehleuchte-lola-slim-120\/","title":{"rendered":"STEHLEUCHTE LOLA SLIM 120"},"content":{"rendered":"<section class=\"wpb-content-wrapper\"><p>[vc_row][vc_column el_class=&#8220;descripcion_producto&#8220;][vc_column_text]<\/p>\n<p style=\"text-align: justify;\">Stehleuchte Lola Slim 120: Stehlampe Lola Slim 120 ist eine der herausragendsten Neuheiten von Newgarden. Sie geh\u00f6rt aufgrund ihres eleganten Designs zur LOLA-Familie. Seine H\u00f6he macht dieses Produkt zu einer Lampe, die sich in jedem Raum vereinen l\u00e4sst, ohne seine \u00c4sthetik zu beeintr\u00e4chtigen. Ideal f\u00fcr jeden modernen Au\u00dfenbereich, Garten oder Gesch\u00e4ft.<\/p>\n<p>Die Lola Slim-Serie kann miteinander kombiniert werden, um unendliche Umgebungen zu schaffen. Erh\u00e4ltlich in verschiedenen H\u00f6hen: 30cm, 120cm. und 180cm. und in Ros\u00e9gold, Messing, Anthrazit und Space Grey Metallic.<\/p>\n<p>Die Lola Slim Stehleuchte ist mit Solarladung und wiederaufladbarem Akku erh\u00e4ltlich und hat eine hervorragende Lichtleistung.<\/p>\n<p>Newgarden-Produkte sind leicht und \u00e4u\u00dferst widerstandsf\u00e4hig gegen extreme Temperaturen. Sie sind auch vor UV-Strahlen gesch\u00fctzt, wodurch die Lebensdauer des Produkts extrem lang wird.<\/p>\n<p>Ma\u00dfe: (\u00f826&#215;119 cm).<\/p>\n<p style=\"text-align: justify;\"><em>Alle Newgarden-Produkte bestehen aus Polyethylen, sind also leicht und sehr widerstandsf\u00e4hig gegen extreme Temperaturen. Sie sind auch gegen UV-Strahlen gesch\u00fctzt, wodurch die Lebensdauer des Produkts au\u00dferordentlich lang ist. <\/em><\/p>\n<p>[\/vc_column_text][\/vc_column][\/vc_row][vc_row disable_element=&#8220;yes&#8220;][vc_column][vc_single_image image=&#8220;6566&#8243; img_size=&#8220;full&#8220;][\/vc_column][\/vc_row][vc_row][vc_column width=&#8220;1\/2&#8243;][vc_btn title=&#8220;Technisches Datenblatt&#8220; style=&#8220;custom&#8220; custom_background=&#8220;#009bc2&#8243; custom_text=&#8220;#ffffff&#8220; shape=&#8220;square&#8220; link=&#8220;url:https%3A%2F%2Fnewgarden.es%2Fwp-content%2Fuploads%2F2017%2F08%2FLolaSlim.pdf|target:%20_blank|&#8220; el_class=&#8220;btn_descargar_ficha&#8220;][\/vc_column][vc_column width=&#8220;1\/2&#8243;][vc_btn title=&#8220;BEDIENUNGSANLEITUNG&#8220; style=&#8220;custom&#8220; custom_background=&#8220;#009bc2&#8243; custom_text=&#8220;#ffffff&#8220; shape=&#8220;square&#8220; link=&#8220;url:https%3A%2F%2Fnewgarden.es%2Finstrucciones%2F||target:%20_blank|&#8220; el_class=&#8220;btn_descargar_ficha&#8220;][\/vc_column][\/vc_row]<\/p>\n<\/section>","protected":false},"excerpt":{"rendered":"<h1 style=\"font-size: 12px;\">Stehleuchte Lola Slim 120<\/h1>\n","protected":false},"featured_media":53512,"template":"","meta":[],"product_cat":[1696,763,767],"product_tag":[468],"class_list":{"0":"post-25897","1":"product","2":"type-product","3":"status-publish","4":"has-post-thumbnail","6":"product_cat-productos-de","7":"product_cat-lightdeco-de","8":"product_cat-stehlampe","9":"product_tag-cable","11":"first","12":"instock","13":"taxable","14":"shipping-taxable","15":"purchasable","16":"product-type-variable"},"yoast_head":"<!-- This site is optimized with the Yoast SEO plugin v24.2 - https:\/\/yoast.com\/wordpress\/plugins\/seo\/ -->\n<title>STEHLEUCHTE LOLA SLIM 120, Design Stehlampe mit Metallfu\u00df Au\u00dfen<\/title>\n<meta name=\"description\" content=\"Stehlampe Lola Slim 120 ist eine der herausragendsten Neuheiten von Newgarden. Sie geh\u00f6rt aufgrund ihres eleganten Designs zur LOLA-Familie. Seine H\u00f6he macht dieses Produkt zu einer Lampe, die sich in jedem Raum vereinen l\u00e4sst, ohne seine \u00c4sthetik zu beeintr\u00e4chtigen\" \/>\n<meta name=\"robots\" content=\"index, follow, max-snippet:-1, max-image-preview:large, max-video-preview:-1\" \/>\n<link rel=\"canonical\" href=\"https:\/\/newgarden.es\/de\/shop\/lightdeco-de\/stehlampe\/stehleuchte-lola-slim-120\/\" \/>\n<meta property=\"og:locale\" content=\"de_DE\" \/>\n<meta property=\"og:type\" content=\"article\" \/>\n<meta property=\"og:title\" content=\"STEHLEUCHTE LOLA SLIM 120, Design Stehlampe mit Metallfu\u00df Au\u00dfen\" \/>\n<meta property=\"og:description\" content=\"Stehlampe Lola Slim 120 ist eine der herausragendsten Neuheiten von Newgarden. Sie geh\u00f6rt aufgrund ihres eleganten Designs zur LOLA-Familie. Seine H\u00f6he macht dieses Produkt zu einer Lampe, die sich in jedem Raum vereinen l\u00e4sst, ohne seine \u00c4sthetik zu beeintr\u00e4chtigen\" \/>\n<meta property=\"og:url\" content=\"https:\/\/newgarden.es\/de\/shop\/lightdeco-de\/stehlampe\/stehleuchte-lola-slim-120\/\" \/>\n<meta property=\"og:site_name\" content=\"Newgarden\" \/>\n<meta property=\"article:modified_time\" content=\"2021-10-19T07:26:26+00:00\" \/>\n<meta property=\"og:image\" content=\"https:\/\/newgarden.es\/wp-content\/uploads\/2020\/02\/LOLA_SLIM_120_BATTERY_1200X1200-7.jpg\" \/>\n\t<meta property=\"og:image:width\" content=\"1200\" \/>\n\t<meta property=\"og:image:height\" content=\"1200\" \/>\n\t<meta property=\"og:image:type\" content=\"image\/jpeg\" \/>\n<meta name=\"twitter:card\" content=\"summary_large_image\" \/>\n<meta name=\"twitter:label1\" content=\"Gesch\u00e4tzte Lesezeit\" \/>\n\t<meta name=\"twitter:data1\" content=\"1\u00a0Minute\" \/>\n<script type=\"application\/ld+json\" class=\"yoast-schema-graph\">{\"@context\":\"https:\/\/schema.org\",\"@graph\":[{\"@type\":\"WebPage\",\"@id\":\"https:\/\/newgarden.es\/de\/shop\/lightdeco-de\/stehlampe\/stehleuchte-lola-slim-120\/\",\"url\":\"https:\/\/newgarden.es\/de\/shop\/lightdeco-de\/stehlampe\/stehleuchte-lola-slim-120\/\",\"name\":\"STEHLEUCHTE LOLA SLIM 120, Design Stehlampe mit Metallfu\u00df Au\u00dfen\",\"isPartOf\":{\"@id\":\"https:\/\/newgarden.es\/#website\"},\"primaryImageOfPage\":{\"@id\":\"https:\/\/newgarden.es\/de\/shop\/lightdeco-de\/stehlampe\/stehleuchte-lola-slim-120\/#primaryimage\"},\"image\":{\"@id\":\"https:\/\/newgarden.es\/de\/shop\/lightdeco-de\/stehlampe\/stehleuchte-lola-slim-120\/#primaryimage\"},\"thumbnailUrl\":\"https:\/\/newgarden.es\/wp-content\/uploads\/2020\/02\/LOLA_SLIM_120_BATTERY_1200X1200-7.jpg\",\"datePublished\":\"2020-02-19T09:51:15+00:00\",\"dateModified\":\"2021-10-19T07:26:26+00:00\",\"description\":\"Stehlampe Lola Slim 120 ist eine der herausragendsten Neuheiten von Newgarden. Sie geh\u00f6rt aufgrund ihres eleganten Designs zur LOLA-Familie. Seine H\u00f6he macht dieses Produkt zu einer Lampe, die sich in jedem Raum vereinen l\u00e4sst, ohne seine \u00c4sthetik zu beeintr\u00e4chtigen\",\"breadcrumb\":{\"@id\":\"https:\/\/newgarden.es\/de\/shop\/lightdeco-de\/stehlampe\/stehleuchte-lola-slim-120\/#breadcrumb\"},\"inLanguage\":\"de\",\"potentialAction\":[{\"@type\":\"ReadAction\",\"target\":[\"https:\/\/newgarden.es\/de\/shop\/lightdeco-de\/stehlampe\/stehleuchte-lola-slim-120\/\"]}]},{\"@type\":\"ImageObject\",\"inLanguage\":\"de\",\"@id\":\"https:\/\/newgarden.es\/de\/shop\/lightdeco-de\/stehlampe\/stehleuchte-lola-slim-120\/#primaryimage\",\"url\":\"https:\/\/newgarden.es\/wp-content\/uploads\/2020\/02\/LOLA_SLIM_120_BATTERY_1200X1200-7.jpg\",\"contentUrl\":\"https:\/\/newgarden.es\/wp-content\/uploads\/2020\/02\/LOLA_SLIM_120_BATTERY_1200X1200-7.jpg\",\"width\":1200,\"height\":1200},{\"@type\":\"BreadcrumbList\",\"@id\":\"https:\/\/newgarden.es\/de\/shop\/lightdeco-de\/stehlampe\/stehleuchte-lola-slim-120\/#breadcrumb\",\"itemListElement\":[{\"@type\":\"ListItem\",\"position\":1,\"name\":\"Home\",\"item\":\"https:\/\/newgarden.es\/de\/\"},{\"@type\":\"ListItem\",\"position\":2,\"name\":\"Shop\",\"item\":\"https:\/\/newgarden.es\/de\/shop\/\"},{\"@type\":\"ListItem\",\"position\":3,\"name\":\"STEHLEUCHTE LOLA SLIM 120\"}]},{\"@type\":\"WebSite\",\"@id\":\"https:\/\/newgarden.es\/#website\",\"url\":\"https:\/\/newgarden.es\/\",\"name\":\"Newgarden\",\"description\":\"Be happy\",\"potentialAction\":[{\"@type\":\"SearchAction\",\"target\":{\"@type\":\"EntryPoint\",\"urlTemplate\":\"https:\/\/newgarden.es\/?s={search_term_string}\"},\"query-input\":{\"@type\":\"PropertyValueSpecification\",\"valueRequired\":true,\"valueName\":\"search_term_string\"}}],\"inLanguage\":\"de\"}]}<\/script>\n<!-- \/ Yoast SEO plugin. -->","yoast_head_json":{"title":"STEHLEUCHTE LOLA SLIM 120, Design Stehlampe mit Metallfu\u00df Au\u00dfen","description":"Stehlampe Lola Slim 120 ist eine der herausragendsten Neuheiten von Newgarden. Sie geh\u00f6rt aufgrund ihres eleganten Designs zur LOLA-Familie. Seine H\u00f6he macht dieses Produkt zu einer Lampe, die sich in jedem Raum vereinen l\u00e4sst, ohne seine \u00c4sthetik zu beeintr\u00e4chtigen","robots":{"index":"index","follow":"follow","max-snippet":"max-snippet:-1","max-image-preview":"max-image-preview:large","max-video-preview":"max-video-preview:-1"},"canonical":"https:\/\/newgarden.es\/de\/shop\/lightdeco-de\/stehlampe\/stehleuchte-lola-slim-120\/","og_locale":"de_DE","og_type":"article","og_title":"STEHLEUCHTE LOLA SLIM 120, Design Stehlampe mit Metallfu\u00df Au\u00dfen","og_description":"Stehlampe Lola Slim 120 ist eine der herausragendsten Neuheiten von Newgarden. Sie geh\u00f6rt aufgrund ihres eleganten Designs zur LOLA-Familie. Seine H\u00f6he macht dieses Produkt zu einer Lampe, die sich in jedem Raum vereinen l\u00e4sst, ohne seine \u00c4sthetik zu beeintr\u00e4chtigen","og_url":"https:\/\/newgarden.es\/de\/shop\/lightdeco-de\/stehlampe\/stehleuchte-lola-slim-120\/","og_site_name":"Newgarden","article_modified_time":"2021-10-19T07:26:26+00:00","og_image":[{"width":1200,"height":1200,"url":"https:\/\/newgarden.es\/wp-content\/uploads\/2020\/02\/LOLA_SLIM_120_BATTERY_1200X1200-7.jpg","type":"image\/jpeg"}],"twitter_card":"summary_large_image","twitter_misc":{"Gesch\u00e4tzte Lesezeit":"1\u00a0Minute"},"schema":{"@context":"https:\/\/schema.org","@graph":[{"@type":"WebPage","@id":"https:\/\/newgarden.es\/de\/shop\/lightdeco-de\/stehlampe\/stehleuchte-lola-slim-120\/","url":"https:\/\/newgarden.es\/de\/shop\/lightdeco-de\/stehlampe\/stehleuchte-lola-slim-120\/","name":"STEHLEUCHTE LOLA SLIM 120, Design Stehlampe mit Metallfu\u00df Au\u00dfen","isPartOf":{"@id":"https:\/\/newgarden.es\/#website"},"primaryImageOfPage":{"@id":"https:\/\/newgarden.es\/de\/shop\/lightdeco-de\/stehlampe\/stehleuchte-lola-slim-120\/#primaryimage"},"image":{"@id":"https:\/\/newgarden.es\/de\/shop\/lightdeco-de\/stehlampe\/stehleuchte-lola-slim-120\/#primaryimage"},"thumbnailUrl":"https:\/\/newgarden.es\/wp-content\/uploads\/2020\/02\/LOLA_SLIM_120_BATTERY_1200X1200-7.jpg","datePublished":"2020-02-19T09:51:15+00:00","dateModified":"2021-10-19T07:26:26+00:00","description":"Stehlampe Lola Slim 120 ist eine der herausragendsten Neuheiten von Newgarden. Sie geh\u00f6rt aufgrund ihres eleganten Designs zur LOLA-Familie. Seine H\u00f6he macht dieses Produkt zu einer Lampe, die sich in jedem Raum vereinen l\u00e4sst, ohne seine \u00c4sthetik zu beeintr\u00e4chtigen","breadcrumb":{"@id":"https:\/\/newgarden.es\/de\/shop\/lightdeco-de\/stehlampe\/stehleuchte-lola-slim-120\/#breadcrumb"},"inLanguage":"de","potentialAction":[{"@type":"ReadAction","target":["https:\/\/newgarden.es\/de\/shop\/lightdeco-de\/stehlampe\/stehleuchte-lola-slim-120\/"]}]},{"@type":"ImageObject","inLanguage":"de","@id":"https:\/\/newgarden.es\/de\/shop\/lightdeco-de\/stehlampe\/stehleuchte-lola-slim-120\/#primaryimage","url":"https:\/\/newgarden.es\/wp-content\/uploads\/2020\/02\/LOLA_SLIM_120_BATTERY_1200X1200-7.jpg","contentUrl":"https:\/\/newgarden.es\/wp-content\/uploads\/2020\/02\/LOLA_SLIM_120_BATTERY_1200X1200-7.jpg","width":1200,"height":1200},{"@type":"BreadcrumbList","@id":"https:\/\/newgarden.es\/de\/shop\/lightdeco-de\/stehlampe\/stehleuchte-lola-slim-120\/#breadcrumb","itemListElement":[{"@type":"ListItem","position":1,"name":"Home","item":"https:\/\/newgarden.es\/de\/"},{"@type":"ListItem","position":2,"name":"Shop","item":"https:\/\/newgarden.es\/de\/shop\/"},{"@type":"ListItem","position":3,"name":"STEHLEUCHTE LOLA SLIM 120"}]},{"@type":"WebSite","@id":"https:\/\/newgarden.es\/#website","url":"https:\/\/newgarden.es\/","name":"Newgarden","description":"Be happy","potentialAction":[{"@type":"SearchAction","target":{"@type":"EntryPoint","urlTemplate":"https:\/\/newgarden.es\/?s={search_term_string}"},"query-input":{"@type":"PropertyValueSpecification","valueRequired":true,"valueName":"search_term_string"}}],"inLanguage":"de"}]}},"df_price":131.1,"df_sale_price":"","df_regular_price":131.1,"df_image_link":"https:\/\/newgarden.es\/wp-content\/uploads\/2020\/02\/LOLA_SLIM_120_BATTERY_1200X1200-7-580x400.jpg","_links":{"self":[{"href":"https:\/\/newgarden.es\/de\/wp-json\/wp\/v2\/product\/25897"}],"collection":[{"href":"https:\/\/newgarden.es\/de\/wp-json\/wp\/v2\/product"}],"about":[{"href":"https:\/\/newgarden.es\/de\/wp-json\/wp\/v2\/types\/product"}],"wp:featuredmedia":[{"embeddable":true,"href":"https:\/\/newgarden.es\/de\/wp-json\/wp\/v2\/media\/53512"}],"wp:attachment":[{"href":"https:\/\/newgarden.es\/de\/wp-json\/wp\/v2\/media?parent=25897"}],"wp:term":[{"taxonomy":"product_cat","embeddable":true,"href":"https:\/\/newgarden.es\/de\/wp-json\/wp\/v2\/product_cat?post=25897"},{"taxonomy":"product_tag","embeddable":true,"href":"https:\/\/newgarden.es\/de\/wp-json\/wp\/v2\/product_tag?post=25897"}],"curies":[{"name":"wp","href":"https:\/\/api.w.org\/{rel}","templated":true}]}}