{"id":26021,"date":"2020-02-19T12:17:17","date_gmt":"2020-02-19T11:17:19","guid":{"rendered":"https:\/\/newgarden.es\/?post_type=product&#038;p=26021"},"modified":"2024-06-11T09:52:26","modified_gmt":"2024-06-11T07:52:26","slug":"couchtisch-bora","status":"publish","type":"product","link":"https:\/\/newgarden.es\/de\/shop\/moebel\/tische-und-couchtische\/couchtisch-bora\/","title":{"rendered":"COUCHTISCH MIT LICHT BORA"},"content":{"rendered":"<section class=\"wpb-content-wrapper\"><p>[vc_row][vc_column el_class=&#8221;descripcion_producto&#8221;][vc_column_text]<br \/>\nDer Bora Coffee Table ist eine der Star-Neuheiten von Newgarden.<\/p>\n<p>Seine kubische Form l\u00e4sst sich in jedem Au\u00dfen- oder Innenbereich, Garten, Gesch\u00e4ft oder in jeder Ecke unseres Hauses kombinieren.<\/p>\n<p>Es ist ein sehr stabiles und modulares Tischmodell, das Sie mit der Platte mit Bambuseffekt oder mit Marmoreffekt finden k\u00f6nnen. Dar\u00fcber hinaus ist es mit einer Kaltlichtkabel-Beleuchtungsoption in opakem Wei\u00df erh\u00e4ltlich.<\/p>\n<p><em>Das Bora-Modell besteht aus Polyethylen und ist daher leicht und \u00e4u\u00dferst widerstandsf\u00e4hig gegen extreme Temperaturen. Es ist auch vor UV-Strahlen gesch\u00fctzt, wodurch die Lebensdauer des Produkts extrem lang wird.<\/em><br \/>\n[\/vc_column_text][\/vc_column][\/vc_row][vc_row disable_element=&#8221;yes&#8221;][vc_column][vc_single_image image=&#8221;6566&#8243; img_size=&#8221;full&#8221;][\/vc_column][\/vc_row][vc_row][vc_column width=&#8221;1\/2&#8243;][vc_btn title=&#8221;Technisches Datenblatt&#8221; style=&#8221;custom&#8221; custom_background=&#8221;#009bc2&#8243; custom_text=&#8221;#ffffff&#8221; shape=&#8221;square&#8221; link=&#8221;url:https%3A%2F%2Fbit.ly%2F3tVZ84t|target:%20_blank|&#8221; el_class=&#8221;btn_descargar_ficha&#8221;][vc_btn title=&#8221;FICHA T\u00c9CNICA MARBLE&#8221; style=&#8221;custom&#8221; custom_background=&#8221;#009bc2&#8243; custom_text=&#8221;#ffffff&#8221; shape=&#8221;square&#8221; link=&#8221;url:https%3A%2F%2Fbit.ly%2F3ntNc6p|target:%20_blank|&#8221; el_class=&#8221;btn_descargar_ficha&#8221;][\/vc_column][vc_column width=&#8221;1\/2&#8243;][vc_btn title=&#8221;BEDIENUNGSANLEITUNG&#8221; style=&#8221;custom&#8221; custom_background=&#8221;#009bc2&#8243; custom_text=&#8221;#ffffff&#8221; shape=&#8221;square&#8221; el_class=&#8221;btn_descargar_ficha&#8221; link=&#8221;url:https%3A%2F%2Fbit.ly%2F3OWTO8y|target:%20_blank|&#8221;][vc_btn title=&#8221;MANUAL DE INSTRUCCIONES MARBLE&#8221; style=&#8221;custom&#8221; custom_background=&#8221;#009bc2&#8243; custom_text=&#8221;#ffffff&#8221; shape=&#8221;square&#8221; el_class=&#8221;btn_descargar_ficha&#8221; link=&#8221;url:https%3A%2F%2Fbit.ly%2F3zRUMOT|target:%20_blank|&#8221;][\/vc_column][\/vc_row]<\/p>\n<\/section>","protected":false},"excerpt":{"rendered":"<h1 style=\"font-size: 12px;\">COUCHTISCH MIT LICHT BORA<\/h1>\n","protected":false},"featured_media":62436,"template":"","meta":[],"product_cat":[772,794],"product_tag":[793,765,789],"class_list":{"0":"post-26021","1":"product","2":"type-product","3":"status-publish","4":"has-post-thumbnail","6":"product_cat-moebel","7":"product_cat-tische-und-couchtische","8":"product_tag-drahtlose","9":"product_tag-kabel","10":"product_tag-solar-de","12":"first","13":"instock","14":"taxable","15":"shipping-taxable","16":"purchasable","17":"product-type-variable"},"yoast_head":"<!-- This site is optimized with the Yoast SEO plugin v24.2 - https:\/\/yoast.com\/wordpress\/plugins\/seo\/ -->\n<title>Bora beleuchteter Design-Couchtisch | Newgarden<\/title>\n<meta name=\"description\" content=\"Seine kubische Form passt in jeden Au\u00dfen- oder Innenraum, Garten, Gesch\u00e4ft oder in jede Ecke unseres Hauses.\" \/>\n<meta name=\"robots\" content=\"index, follow, max-snippet:-1, max-image-preview:large, max-video-preview:-1\" \/>\n<link rel=\"canonical\" href=\"https:\/\/newgarden.es\/de\/shop\/moebel\/tische-und-couchtische\/couchtisch-bora\/\" \/>\n<meta property=\"og:locale\" content=\"de_DE\" \/>\n<meta property=\"og:type\" content=\"article\" \/>\n<meta property=\"og:title\" content=\"Bora beleuchteter Design-Couchtisch | Newgarden\" \/>\n<meta property=\"og:description\" content=\"Seine kubische Form passt in jeden Au\u00dfen- oder Innenraum, Garten, Gesch\u00e4ft oder in jede Ecke unseres Hauses.\" \/>\n<meta property=\"og:url\" content=\"https:\/\/newgarden.es\/de\/shop\/moebel\/tische-und-couchtische\/couchtisch-bora\/\" \/>\n<meta property=\"og:site_name\" content=\"Newgarden\" \/>\n<meta property=\"article:modified_time\" content=\"2024-06-11T07:52:26+00:00\" \/>\n<meta property=\"og:image\" content=\"https:\/\/newgarden.es\/wp-content\/uploads\/2020\/02\/bora_1200x1200-5.jpg\" \/>\n\t<meta property=\"og:image:width\" content=\"1200\" \/>\n\t<meta property=\"og:image:height\" content=\"1200\" \/>\n\t<meta property=\"og:image:type\" content=\"image\/jpeg\" \/>\n<meta name=\"twitter:card\" content=\"summary_large_image\" \/>\n<meta name=\"twitter:label1\" content=\"Gesch\u00e4tzte Lesezeit\" \/>\n\t<meta name=\"twitter:data1\" content=\"1\u00a0Minute\" \/>\n<script type=\"application\/ld+json\" class=\"yoast-schema-graph\">{\"@context\":\"https:\/\/schema.org\",\"@graph\":[{\"@type\":\"WebPage\",\"@id\":\"https:\/\/newgarden.es\/de\/shop\/moebel\/tische-und-couchtische\/couchtisch-bora\/\",\"url\":\"https:\/\/newgarden.es\/de\/shop\/moebel\/tische-und-couchtische\/couchtisch-bora\/\",\"name\":\"Bora beleuchteter Design-Couchtisch | Newgarden\",\"isPartOf\":{\"@id\":\"https:\/\/newgarden.es\/#website\"},\"primaryImageOfPage\":{\"@id\":\"https:\/\/newgarden.es\/de\/shop\/moebel\/tische-und-couchtische\/couchtisch-bora\/#primaryimage\"},\"image\":{\"@id\":\"https:\/\/newgarden.es\/de\/shop\/moebel\/tische-und-couchtische\/couchtisch-bora\/#primaryimage\"},\"thumbnailUrl\":\"https:\/\/newgarden.es\/wp-content\/uploads\/2020\/02\/bora_1200x1200-5.jpg\",\"datePublished\":\"2020-02-19T11:17:19+00:00\",\"dateModified\":\"2024-06-11T07:52:26+00:00\",\"description\":\"Seine kubische Form passt in jeden Au\u00dfen- oder Innenraum, Garten, Gesch\u00e4ft oder in jede Ecke unseres Hauses.\",\"breadcrumb\":{\"@id\":\"https:\/\/newgarden.es\/de\/shop\/moebel\/tische-und-couchtische\/couchtisch-bora\/#breadcrumb\"},\"inLanguage\":\"de\",\"potentialAction\":[{\"@type\":\"ReadAction\",\"target\":[\"https:\/\/newgarden.es\/de\/shop\/moebel\/tische-und-couchtische\/couchtisch-bora\/\"]}]},{\"@type\":\"ImageObject\",\"inLanguage\":\"de\",\"@id\":\"https:\/\/newgarden.es\/de\/shop\/moebel\/tische-und-couchtische\/couchtisch-bora\/#primaryimage\",\"url\":\"https:\/\/newgarden.es\/wp-content\/uploads\/2020\/02\/bora_1200x1200-5.jpg\",\"contentUrl\":\"https:\/\/newgarden.es\/wp-content\/uploads\/2020\/02\/bora_1200x1200-5.jpg\",\"width\":1200,\"height\":1200},{\"@type\":\"BreadcrumbList\",\"@id\":\"https:\/\/newgarden.es\/de\/shop\/moebel\/tische-und-couchtische\/couchtisch-bora\/#breadcrumb\",\"itemListElement\":[{\"@type\":\"ListItem\",\"position\":1,\"name\":\"Home\",\"item\":\"https:\/\/newgarden.es\/de\/\"},{\"@type\":\"ListItem\",\"position\":2,\"name\":\"Shop\",\"item\":\"https:\/\/newgarden.es\/de\/shop\/\"},{\"@type\":\"ListItem\",\"position\":3,\"name\":\"COUCHTISCH MIT LICHT BORA\"}]},{\"@type\":\"WebSite\",\"@id\":\"https:\/\/newgarden.es\/#website\",\"url\":\"https:\/\/newgarden.es\/\",\"name\":\"Newgarden\",\"description\":\"Be happy\",\"potentialAction\":[{\"@type\":\"SearchAction\",\"target\":{\"@type\":\"EntryPoint\",\"urlTemplate\":\"https:\/\/newgarden.es\/?s={search_term_string}\"},\"query-input\":{\"@type\":\"PropertyValueSpecification\",\"valueRequired\":true,\"valueName\":\"search_term_string\"}}],\"inLanguage\":\"de\"}]}<\/script>\n<!-- \/ Yoast SEO plugin. -->","yoast_head_json":{"title":"Bora beleuchteter Design-Couchtisch | Newgarden","description":"Seine kubische Form passt in jeden Au\u00dfen- oder Innenraum, Garten, Gesch\u00e4ft oder in jede Ecke unseres Hauses.","robots":{"index":"index","follow":"follow","max-snippet":"max-snippet:-1","max-image-preview":"max-image-preview:large","max-video-preview":"max-video-preview:-1"},"canonical":"https:\/\/newgarden.es\/de\/shop\/moebel\/tische-und-couchtische\/couchtisch-bora\/","og_locale":"de_DE","og_type":"article","og_title":"Bora beleuchteter Design-Couchtisch | Newgarden","og_description":"Seine kubische Form passt in jeden Au\u00dfen- oder Innenraum, Garten, Gesch\u00e4ft oder in jede Ecke unseres Hauses.","og_url":"https:\/\/newgarden.es\/de\/shop\/moebel\/tische-und-couchtische\/couchtisch-bora\/","og_site_name":"Newgarden","article_modified_time":"2024-06-11T07:52:26+00:00","og_image":[{"width":1200,"height":1200,"url":"https:\/\/newgarden.es\/wp-content\/uploads\/2020\/02\/bora_1200x1200-5.jpg","type":"image\/jpeg"}],"twitter_card":"summary_large_image","twitter_misc":{"Gesch\u00e4tzte Lesezeit":"1\u00a0Minute"},"schema":{"@context":"https:\/\/schema.org","@graph":[{"@type":"WebPage","@id":"https:\/\/newgarden.es\/de\/shop\/moebel\/tische-und-couchtische\/couchtisch-bora\/","url":"https:\/\/newgarden.es\/de\/shop\/moebel\/tische-und-couchtische\/couchtisch-bora\/","name":"Bora beleuchteter Design-Couchtisch | Newgarden","isPartOf":{"@id":"https:\/\/newgarden.es\/#website"},"primaryImageOfPage":{"@id":"https:\/\/newgarden.es\/de\/shop\/moebel\/tische-und-couchtische\/couchtisch-bora\/#primaryimage"},"image":{"@id":"https:\/\/newgarden.es\/de\/shop\/moebel\/tische-und-couchtische\/couchtisch-bora\/#primaryimage"},"thumbnailUrl":"https:\/\/newgarden.es\/wp-content\/uploads\/2020\/02\/bora_1200x1200-5.jpg","datePublished":"2020-02-19T11:17:19+00:00","dateModified":"2024-06-11T07:52:26+00:00","description":"Seine kubische Form passt in jeden Au\u00dfen- oder Innenraum, Garten, Gesch\u00e4ft oder in jede Ecke unseres Hauses.","breadcrumb":{"@id":"https:\/\/newgarden.es\/de\/shop\/moebel\/tische-und-couchtische\/couchtisch-bora\/#breadcrumb"},"inLanguage":"de","potentialAction":[{"@type":"ReadAction","target":["https:\/\/newgarden.es\/de\/shop\/moebel\/tische-und-couchtische\/couchtisch-bora\/"]}]},{"@type":"ImageObject","inLanguage":"de","@id":"https:\/\/newgarden.es\/de\/shop\/moebel\/tische-und-couchtische\/couchtisch-bora\/#primaryimage","url":"https:\/\/newgarden.es\/wp-content\/uploads\/2020\/02\/bora_1200x1200-5.jpg","contentUrl":"https:\/\/newgarden.es\/wp-content\/uploads\/2020\/02\/bora_1200x1200-5.jpg","width":1200,"height":1200},{"@type":"BreadcrumbList","@id":"https:\/\/newgarden.es\/de\/shop\/moebel\/tische-und-couchtische\/couchtisch-bora\/#breadcrumb","itemListElement":[{"@type":"ListItem","position":1,"name":"Home","item":"https:\/\/newgarden.es\/de\/"},{"@type":"ListItem","position":2,"name":"Shop","item":"https:\/\/newgarden.es\/de\/shop\/"},{"@type":"ListItem","position":3,"name":"COUCHTISCH MIT LICHT BORA"}]},{"@type":"WebSite","@id":"https:\/\/newgarden.es\/#website","url":"https:\/\/newgarden.es\/","name":"Newgarden","description":"Be happy","potentialAction":[{"@type":"SearchAction","target":{"@type":"EntryPoint","urlTemplate":"https:\/\/newgarden.es\/?s={search_term_string}"},"query-input":{"@type":"PropertyValueSpecification","valueRequired":true,"valueName":"search_term_string"}}],"inLanguage":"de"}]}},"df_price":156.5,"df_sale_price":"","df_regular_price":156.5,"df_image_link":"https:\/\/newgarden.es\/wp-content\/uploads\/2020\/02\/bora_1200x1200-5-580x400.jpg","_links":{"self":[{"href":"https:\/\/newgarden.es\/de\/wp-json\/wp\/v2\/product\/26021"}],"collection":[{"href":"https:\/\/newgarden.es\/de\/wp-json\/wp\/v2\/product"}],"about":[{"href":"https:\/\/newgarden.es\/de\/wp-json\/wp\/v2\/types\/product"}],"wp:featuredmedia":[{"embeddable":true,"href":"https:\/\/newgarden.es\/de\/wp-json\/wp\/v2\/media\/62436"}],"wp:attachment":[{"href":"https:\/\/newgarden.es\/de\/wp-json\/wp\/v2\/media?parent=26021"}],"wp:term":[{"taxonomy":"product_cat","embeddable":true,"href":"https:\/\/newgarden.es\/de\/wp-json\/wp\/v2\/product_cat?post=26021"},{"taxonomy":"product_tag","embeddable":true,"href":"https:\/\/newgarden.es\/de\/wp-json\/wp\/v2\/product_tag?post=26021"}],"curies":[{"name":"wp","href":"https:\/\/api.w.org\/{rel}","templated":true}]}}