{"id":26225,"date":"2020-02-20T10:42:19","date_gmt":"2020-02-20T09:42:21","guid":{"rendered":"https:\/\/newgarden.es\/?post_type=product&#038;p=26225"},"modified":"2024-01-30T12:34:58","modified_gmt":"2024-01-30T11:34:58","slug":"chloe-plant-verstellbare-stehlampe","status":"publish","type":"product","link":"https:\/\/newgarden.es\/de\/shop\/lightdeco-de\/stehlampe\/chloe-plant-verstellbare-stehlampe\/","title":{"rendered":"CHLOE PLANT VERSTELLBARE STEHLAMPE"},"content":{"rendered":"<section class=\"wpb-content-wrapper\"><p>[vc_row][vc_column][vc_column_text]<\/p>\n<p>[\/vc_column_text][\/vc_column][\/vc_row][vc_row][vc_column el_class=&#8220;descripcion_producto&#8220;][vc_column_text]<\/p>\n<p>CHLOE PLANT VERSTELLBARE STEHLAMPE:\u00a0Die Chloe Plant ist eine der herausragendsten Neuheiten in Newgarden.<\/p>\n<p>Chloe Plant ist eine originale Stehlampe, mit der jede Oberfl\u00e4che wie Gras, Strandsand oder Pflanzgef\u00e4\u00dfe genagelt werden kann. Der Fu\u00df der Lampe ist verstellbar, sodass sie leicht in verschiedene H\u00f6hen ge\u00e4ndert werden kann, was sie zu einer sehr vielseitigen Lampe macht. und perfekt f\u00fcr jede Art von Garten, Au\u00dfenbereichen oder Unternehmen.<\/p>\n<p>Es ist in Solar + Batterie-Ausf\u00fchrung einschlie\u00dflich Fernbedienung erh\u00e4ltlich, um den Farbton der 256 RGB-LED-Farben zu \u00e4ndern.<\/p>\n<p>Newgarden-Produkte sind daher leicht und sehr widerstandsf\u00e4hig. Sie halten extremen Temperaturschwankungen stand und sind vor UV-Strahlen gesch\u00fctzt, wodurch die Lebensdauer des Produkts nahezu unbegrenzt ist.<\/p>\n<p><em>Alle Newgarden-Produkte bestehen aus Polyethylen, sind also leicht und sehr widerstandsf\u00e4hig gegen extreme Temperaturen. Sie sind auch gegen UV-Strahlen gesch\u00fctzt, wodurch die Lebensdauer des Produkts au\u00dferordentlich lang ist.<\/em>[\/vc_column_text][\/vc_column][\/vc_row][vc_row disable_element=&#8220;yes&#8220;][vc_column][vc_single_image image=&#8220;6566&#8243; img_size=&#8220;full&#8220;][\/vc_column][\/vc_row][vc_row][vc_column width=&#8220;1\/2&#8243;][vc_btn title=&#8220;Technisches Datenblatt&#8220; style=&#8220;custom&#8220; custom_background=&#8220;#009bc2&#8243; custom_text=&#8220;#ffffff&#8220; shape=&#8220;square&#8220; el_class=&#8220;btn_descargar_ficha&#8220; link=&#8220;url:%20https%3A%2F%2Fnewgarden.es%2Fchloe%2F|&#8220;][\/vc_column][vc_column width=&#8220;1\/2&#8243;][vc_btn title=&#8220;BEDIENUNGSANLEITUNG&#8220; style=&#8220;custom&#8220; custom_background=&#8220;#009bc2&#8243; custom_text=&#8220;#ffffff&#8220; shape=&#8220;square&#8220; el_class=&#8220;btn_descargar_ficha&#8220; link=&#8220;&#8220;link=&#8220;url:https%3A%2F%2Fnewgarden.es%2Finstrucciones%2F||target:%20_blank|&#8220;&#8220;&#8220;][\/vc_column][\/vc_row]<\/p>\n<\/section>","protected":false},"excerpt":{"rendered":"<h1 style=\"font-size: 12px;\">CHLOE PLANT VERSTELLBARE STEHLAMPE<\/h1>\n","protected":false},"featured_media":53137,"template":"","meta":[],"product_cat":[1696,763,767],"product_tag":[793,765,789],"class_list":{"0":"post-26225","1":"product","2":"type-product","3":"status-publish","4":"has-post-thumbnail","6":"product_cat-productos-de","7":"product_cat-lightdeco-de","8":"product_cat-stehlampe","9":"product_tag-drahtlose","10":"product_tag-kabel","11":"product_tag-solar-de","13":"first","14":"instock","15":"taxable","16":"shipping-taxable","17":"product-type-simple"},"yoast_head":"<!-- This site is optimized with the Yoast SEO plugin v24.2 - https:\/\/yoast.com\/wordpress\/plugins\/seo\/ -->\n<title>CHLOE PLANT VERSTELLBARE STEHLAMPE<\/title>\n<meta name=\"description\" content=\"hloe Plant ist eine originale Stehlampe, mit der jede Oberfl\u00e4che wie Gras, Strandsand oder Pflanzgef\u00e4\u00dfe genagelt werden kann.\" \/>\n<meta name=\"robots\" content=\"index, follow, max-snippet:-1, max-image-preview:large, max-video-preview:-1\" \/>\n<link rel=\"canonical\" href=\"https:\/\/newgarden.es\/de\/shop\/lightdeco-de\/stehlampe\/chloe-plant-verstellbare-stehlampe\/\" \/>\n<meta property=\"og:locale\" content=\"de_DE\" \/>\n<meta property=\"og:type\" content=\"article\" \/>\n<meta property=\"og:title\" content=\"CHLOE PLANT VERSTELLBARE STEHLAMPE\" \/>\n<meta property=\"og:description\" content=\"hloe Plant ist eine originale Stehlampe, mit der jede Oberfl\u00e4che wie Gras, Strandsand oder Pflanzgef\u00e4\u00dfe genagelt werden kann.\" \/>\n<meta property=\"og:url\" content=\"https:\/\/newgarden.es\/de\/shop\/lightdeco-de\/stehlampe\/chloe-plant-verstellbare-stehlampe\/\" \/>\n<meta property=\"og:site_name\" content=\"Newgarden\" \/>\n<meta property=\"article:modified_time\" content=\"2024-01-30T11:34:58+00:00\" \/>\n<meta property=\"og:image\" content=\"https:\/\/newgarden.es\/wp-content\/uploads\/2020\/02\/CHLOE_PLANT_BATTERY_1200X1200-11.jpg\" \/>\n\t<meta property=\"og:image:width\" content=\"1200\" \/>\n\t<meta property=\"og:image:height\" content=\"1200\" \/>\n\t<meta property=\"og:image:type\" content=\"image\/jpeg\" \/>\n<meta name=\"twitter:card\" content=\"summary_large_image\" \/>\n<meta name=\"twitter:label1\" content=\"Gesch\u00e4tzte Lesezeit\" \/>\n\t<meta name=\"twitter:data1\" content=\"1\u00a0Minute\" \/>\n<script type=\"application\/ld+json\" class=\"yoast-schema-graph\">{\"@context\":\"https:\/\/schema.org\",\"@graph\":[{\"@type\":\"WebPage\",\"@id\":\"https:\/\/newgarden.es\/de\/shop\/lightdeco-de\/stehlampe\/chloe-plant-verstellbare-stehlampe\/\",\"url\":\"https:\/\/newgarden.es\/de\/shop\/lightdeco-de\/stehlampe\/chloe-plant-verstellbare-stehlampe\/\",\"name\":\"CHLOE PLANT VERSTELLBARE STEHLAMPE\",\"isPartOf\":{\"@id\":\"https:\/\/newgarden.es\/#website\"},\"primaryImageOfPage\":{\"@id\":\"https:\/\/newgarden.es\/de\/shop\/lightdeco-de\/stehlampe\/chloe-plant-verstellbare-stehlampe\/#primaryimage\"},\"image\":{\"@id\":\"https:\/\/newgarden.es\/de\/shop\/lightdeco-de\/stehlampe\/chloe-plant-verstellbare-stehlampe\/#primaryimage\"},\"thumbnailUrl\":\"https:\/\/newgarden.es\/wp-content\/uploads\/2020\/02\/CHLOE_PLANT_BATTERY_1200X1200-11.jpg\",\"datePublished\":\"2020-02-20T09:42:21+00:00\",\"dateModified\":\"2024-01-30T11:34:58+00:00\",\"description\":\"hloe Plant ist eine originale Stehlampe, mit der jede Oberfl\u00e4che wie Gras, Strandsand oder Pflanzgef\u00e4\u00dfe genagelt werden kann.\",\"breadcrumb\":{\"@id\":\"https:\/\/newgarden.es\/de\/shop\/lightdeco-de\/stehlampe\/chloe-plant-verstellbare-stehlampe\/#breadcrumb\"},\"inLanguage\":\"de\",\"potentialAction\":[{\"@type\":\"ReadAction\",\"target\":[\"https:\/\/newgarden.es\/de\/shop\/lightdeco-de\/stehlampe\/chloe-plant-verstellbare-stehlampe\/\"]}]},{\"@type\":\"ImageObject\",\"inLanguage\":\"de\",\"@id\":\"https:\/\/newgarden.es\/de\/shop\/lightdeco-de\/stehlampe\/chloe-plant-verstellbare-stehlampe\/#primaryimage\",\"url\":\"https:\/\/newgarden.es\/wp-content\/uploads\/2020\/02\/CHLOE_PLANT_BATTERY_1200X1200-11.jpg\",\"contentUrl\":\"https:\/\/newgarden.es\/wp-content\/uploads\/2020\/02\/CHLOE_PLANT_BATTERY_1200X1200-11.jpg\",\"width\":1200,\"height\":1200},{\"@type\":\"BreadcrumbList\",\"@id\":\"https:\/\/newgarden.es\/de\/shop\/lightdeco-de\/stehlampe\/chloe-plant-verstellbare-stehlampe\/#breadcrumb\",\"itemListElement\":[{\"@type\":\"ListItem\",\"position\":1,\"name\":\"Home\",\"item\":\"https:\/\/newgarden.es\/de\/\"},{\"@type\":\"ListItem\",\"position\":2,\"name\":\"Shop\",\"item\":\"https:\/\/newgarden.es\/de\/shop\/\"},{\"@type\":\"ListItem\",\"position\":3,\"name\":\"CHLOE PLANT VERSTELLBARE STEHLAMPE\"}]},{\"@type\":\"WebSite\",\"@id\":\"https:\/\/newgarden.es\/#website\",\"url\":\"https:\/\/newgarden.es\/\",\"name\":\"Newgarden\",\"description\":\"Be happy\",\"potentialAction\":[{\"@type\":\"SearchAction\",\"target\":{\"@type\":\"EntryPoint\",\"urlTemplate\":\"https:\/\/newgarden.es\/?s={search_term_string}\"},\"query-input\":{\"@type\":\"PropertyValueSpecification\",\"valueRequired\":true,\"valueName\":\"search_term_string\"}}],\"inLanguage\":\"de\"}]}<\/script>\n<!-- \/ Yoast SEO plugin. -->","yoast_head_json":{"title":"CHLOE PLANT VERSTELLBARE STEHLAMPE","description":"hloe Plant ist eine originale Stehlampe, mit der jede Oberfl\u00e4che wie Gras, Strandsand oder Pflanzgef\u00e4\u00dfe genagelt werden kann.","robots":{"index":"index","follow":"follow","max-snippet":"max-snippet:-1","max-image-preview":"max-image-preview:large","max-video-preview":"max-video-preview:-1"},"canonical":"https:\/\/newgarden.es\/de\/shop\/lightdeco-de\/stehlampe\/chloe-plant-verstellbare-stehlampe\/","og_locale":"de_DE","og_type":"article","og_title":"CHLOE PLANT VERSTELLBARE STEHLAMPE","og_description":"hloe Plant ist eine originale Stehlampe, mit der jede Oberfl\u00e4che wie Gras, Strandsand oder Pflanzgef\u00e4\u00dfe genagelt werden kann.","og_url":"https:\/\/newgarden.es\/de\/shop\/lightdeco-de\/stehlampe\/chloe-plant-verstellbare-stehlampe\/","og_site_name":"Newgarden","article_modified_time":"2024-01-30T11:34:58+00:00","og_image":[{"width":1200,"height":1200,"url":"https:\/\/newgarden.es\/wp-content\/uploads\/2020\/02\/CHLOE_PLANT_BATTERY_1200X1200-11.jpg","type":"image\/jpeg"}],"twitter_card":"summary_large_image","twitter_misc":{"Gesch\u00e4tzte Lesezeit":"1\u00a0Minute"},"schema":{"@context":"https:\/\/schema.org","@graph":[{"@type":"WebPage","@id":"https:\/\/newgarden.es\/de\/shop\/lightdeco-de\/stehlampe\/chloe-plant-verstellbare-stehlampe\/","url":"https:\/\/newgarden.es\/de\/shop\/lightdeco-de\/stehlampe\/chloe-plant-verstellbare-stehlampe\/","name":"CHLOE PLANT VERSTELLBARE STEHLAMPE","isPartOf":{"@id":"https:\/\/newgarden.es\/#website"},"primaryImageOfPage":{"@id":"https:\/\/newgarden.es\/de\/shop\/lightdeco-de\/stehlampe\/chloe-plant-verstellbare-stehlampe\/#primaryimage"},"image":{"@id":"https:\/\/newgarden.es\/de\/shop\/lightdeco-de\/stehlampe\/chloe-plant-verstellbare-stehlampe\/#primaryimage"},"thumbnailUrl":"https:\/\/newgarden.es\/wp-content\/uploads\/2020\/02\/CHLOE_PLANT_BATTERY_1200X1200-11.jpg","datePublished":"2020-02-20T09:42:21+00:00","dateModified":"2024-01-30T11:34:58+00:00","description":"hloe Plant ist eine originale Stehlampe, mit der jede Oberfl\u00e4che wie Gras, Strandsand oder Pflanzgef\u00e4\u00dfe genagelt werden kann.","breadcrumb":{"@id":"https:\/\/newgarden.es\/de\/shop\/lightdeco-de\/stehlampe\/chloe-plant-verstellbare-stehlampe\/#breadcrumb"},"inLanguage":"de","potentialAction":[{"@type":"ReadAction","target":["https:\/\/newgarden.es\/de\/shop\/lightdeco-de\/stehlampe\/chloe-plant-verstellbare-stehlampe\/"]}]},{"@type":"ImageObject","inLanguage":"de","@id":"https:\/\/newgarden.es\/de\/shop\/lightdeco-de\/stehlampe\/chloe-plant-verstellbare-stehlampe\/#primaryimage","url":"https:\/\/newgarden.es\/wp-content\/uploads\/2020\/02\/CHLOE_PLANT_BATTERY_1200X1200-11.jpg","contentUrl":"https:\/\/newgarden.es\/wp-content\/uploads\/2020\/02\/CHLOE_PLANT_BATTERY_1200X1200-11.jpg","width":1200,"height":1200},{"@type":"BreadcrumbList","@id":"https:\/\/newgarden.es\/de\/shop\/lightdeco-de\/stehlampe\/chloe-plant-verstellbare-stehlampe\/#breadcrumb","itemListElement":[{"@type":"ListItem","position":1,"name":"Home","item":"https:\/\/newgarden.es\/de\/"},{"@type":"ListItem","position":2,"name":"Shop","item":"https:\/\/newgarden.es\/de\/shop\/"},{"@type":"ListItem","position":3,"name":"CHLOE PLANT VERSTELLBARE STEHLAMPE"}]},{"@type":"WebSite","@id":"https:\/\/newgarden.es\/#website","url":"https:\/\/newgarden.es\/","name":"Newgarden","description":"Be happy","potentialAction":[{"@type":"SearchAction","target":{"@type":"EntryPoint","urlTemplate":"https:\/\/newgarden.es\/?s={search_term_string}"},"query-input":{"@type":"PropertyValueSpecification","valueRequired":true,"valueName":"search_term_string"}}],"inLanguage":"de"}]}},"df_price":"","df_sale_price":"","df_regular_price":"","df_image_link":"https:\/\/newgarden.es\/wp-content\/uploads\/2020\/02\/CHLOE_PLANT_BATTERY_1200X1200-11-580x400.jpg","_links":{"self":[{"href":"https:\/\/newgarden.es\/de\/wp-json\/wp\/v2\/product\/26225"}],"collection":[{"href":"https:\/\/newgarden.es\/de\/wp-json\/wp\/v2\/product"}],"about":[{"href":"https:\/\/newgarden.es\/de\/wp-json\/wp\/v2\/types\/product"}],"wp:featuredmedia":[{"embeddable":true,"href":"https:\/\/newgarden.es\/de\/wp-json\/wp\/v2\/media\/53137"}],"wp:attachment":[{"href":"https:\/\/newgarden.es\/de\/wp-json\/wp\/v2\/media?parent=26225"}],"wp:term":[{"taxonomy":"product_cat","embeddable":true,"href":"https:\/\/newgarden.es\/de\/wp-json\/wp\/v2\/product_cat?post=26225"},{"taxonomy":"product_tag","embeddable":true,"href":"https:\/\/newgarden.es\/de\/wp-json\/wp\/v2\/product_tag?post=26225"}],"curies":[{"name":"wp","href":"https:\/\/api.w.org\/{rel}","templated":true}]}}