{"id":26403,"date":"2020-02-20T15:05:02","date_gmt":"2020-02-20T14:05:05","guid":{"rendered":"https:\/\/newgarden.es\/?post_type=product&#038;p=26403"},"modified":"2024-06-19T14:09:35","modified_gmt":"2024-06-19T12:09:35","slug":"formentera-color-copia","status":"publish","type":"product","link":"https:\/\/newgarden.es\/de\/shop\/moebel\/sitzgelegenheiten\/formentera-color-copia\/","title":{"rendered":"RASA-LIEGE, F\u00dcR SCHWIMMB\u00c4DER, HOTELS UND STRANDCLUBS"},"content":{"rendered":"<section class=\"wpb-content-wrapper\"><p>[vc_row][vc_column el_class=&#8220;descripcion_producto&#8220;][vc_column_text]Die Rasa-Liege ist eine der herausragenden Neuheiten von Newgarden.<\/p>\n<p>Mit diesem Produkt wollten wir eine Anspielung auf unseren zweiten Standort in Mexiko machen. Die Rasa-Sonnenliege verdankt ihren Namen der mexikanischen Insel Rasa, die im Golf von Kalifornien liegt. Der h\u00f6chste Punkt dieser Insel ist nicht nur flach, sondern auch 35 Meter hoch, und unsere Liege hat den h\u00f6chsten Punkt mit 35 Zentimetern H\u00f6he.<\/p>\n<p>Die Rasa-Sonnenliege ist perfekt, um sie am Rand des Pools zu platzieren und jedem Au\u00dfenbereich, Schwimmb\u00e4dern, Hotels, Beach Clubs, Strandbars und allen Arten von Gesch\u00e4ften einen Hauch von Design zu verleihen, und sie ist leicht stapelbar bis zu 12 St\u00fcck.<\/p>\n<p>Er besteht vollst\u00e4ndig aus Polyethylen und ist daher sehr leicht und sehr widerstandsf\u00e4hig gegen extreme Temperaturen. Au\u00dferdem ist sie gegen UV-Strahlen gesch\u00fctzt, was die Lebensdauer des Produkts au\u00dferordentlich verl\u00e4ngert.<\/p>\n<p>*Die Sonnenliege Rasa ist nicht als schwimmendes Element gedacht und es wird empfohlen, sie nicht auf diese Weise zu verwenden. F\u00fcr den Fall, dass Sie die Liege in Kontakt mit Wasser verwenden m\u00f6chten, muss ein Teil des oberen Teils der Liege immer auf einer Oberfl\u00e4che ohne Wasser stehen.<\/p>\n<p>Das Modell Rasa ist in wei\u00dfer Ausf\u00fchrung erh\u00e4ltlich.<\/p>\n<p>Gr\u00f6\u00dfe: H\u00f6he 37 cm, Breite: 20,3 cm.[\/vc_column_text][\/vc_column][\/vc_row][vc_row disable_element=&#8220;yes&#8220;][vc_column][vc_single_image image=&#8220;6566&#8243; img_size=&#8220;full&#8220;][\/vc_column][\/vc_row][vc_row][vc_column][vc_btn title=&#8220;Technisches Datenblatt&#8220; style=&#8220;custom&#8220; custom_background=&#8220;#009bc2&#8243; custom_text=&#8220;#ffffff&#8220; link=&#8220;url:https%3A%2F%2Fbit.ly%2F3QGIsaN|target:%20_blank|&#8220; el_class=&#8220;btn_descargar_ficha&#8220;][\/vc_column][\/vc_row]<\/p>\n<\/section>","protected":false},"excerpt":{"rendered":"<h1 style=\"font-size: 12px;\">Rasa-Liege, f\u00fcr Schwimmb\u00e4der, Hotels und Strandclubs<\/h1>\n","protected":false},"featured_media":63317,"template":"","meta":[],"product_cat":[772,1606,773],"product_tag":[],"class_list":{"0":"post-26403","1":"product","2":"type-product","3":"status-publish","4":"has-post-thumbnail","6":"product_cat-moebel","7":"product_cat-liegestuehle-und-balinesische-betten","8":"product_cat-sitzgelegenheiten","10":"first","11":"instock","12":"taxable","13":"shipping-taxable","14":"purchasable","15":"product-type-variable"},"yoast_head":"<!-- This site is optimized with the Yoast SEO plugin v24.2 - https:\/\/yoast.com\/wordpress\/plugins\/seo\/ -->\n<title>FORMENTERA balinesa Au\u00dfenbett Terrassen<\/title>\n<meta name=\"description\" content=\"Balinesischen Bett ist ideal f\u00fcr Outdoor-Formentera Terrasseng\u00e4rten Pools und Bereiche entspannen. Der beleuchtete Gartenstuhl Formentera Draht ist in Batterie- oder Solarladung zur Verf\u00fcgung.\" \/>\n<meta name=\"robots\" content=\"index, follow, max-snippet:-1, max-image-preview:large, max-video-preview:-1\" \/>\n<link rel=\"canonical\" href=\"https:\/\/newgarden.es\/de\/shop\/moebel\/sitzgelegenheiten\/formentera-color-copia\/\" \/>\n<meta property=\"og:locale\" content=\"de_DE\" \/>\n<meta property=\"og:type\" content=\"article\" \/>\n<meta property=\"og:title\" content=\"FORMENTERA balinesa Au\u00dfenbett Terrassen\" \/>\n<meta property=\"og:description\" content=\"Balinesischen Bett ist ideal f\u00fcr Outdoor-Formentera Terrasseng\u00e4rten Pools und Bereiche entspannen. Der beleuchtete Gartenstuhl Formentera Draht ist in Batterie- oder Solarladung zur Verf\u00fcgung.\" \/>\n<meta property=\"og:url\" content=\"https:\/\/newgarden.es\/de\/shop\/moebel\/sitzgelegenheiten\/formentera-color-copia\/\" \/>\n<meta property=\"og:site_name\" content=\"Newgarden\" \/>\n<meta property=\"article:modified_time\" content=\"2024-06-19T12:09:35+00:00\" \/>\n<meta property=\"og:image\" content=\"https:\/\/newgarden.es\/wp-content\/uploads\/2020\/02\/RASA_1200X1200-10.jpg\" \/>\n\t<meta property=\"og:image:width\" content=\"1200\" \/>\n\t<meta property=\"og:image:height\" content=\"1200\" \/>\n\t<meta property=\"og:image:type\" content=\"image\/jpeg\" \/>\n<meta name=\"twitter:card\" content=\"summary_large_image\" \/>\n<meta name=\"twitter:label1\" content=\"Gesch\u00e4tzte Lesezeit\" \/>\n\t<meta name=\"twitter:data1\" content=\"1\u00a0Minute\" \/>\n<script type=\"application\/ld+json\" class=\"yoast-schema-graph\">{\"@context\":\"https:\/\/schema.org\",\"@graph\":[{\"@type\":\"WebPage\",\"@id\":\"https:\/\/newgarden.es\/de\/shop\/moebel\/sitzgelegenheiten\/formentera-color-copia\/\",\"url\":\"https:\/\/newgarden.es\/de\/shop\/moebel\/sitzgelegenheiten\/formentera-color-copia\/\",\"name\":\"FORMENTERA balinesa Au\u00dfenbett Terrassen\",\"isPartOf\":{\"@id\":\"https:\/\/newgarden.es\/#website\"},\"primaryImageOfPage\":{\"@id\":\"https:\/\/newgarden.es\/de\/shop\/moebel\/sitzgelegenheiten\/formentera-color-copia\/#primaryimage\"},\"image\":{\"@id\":\"https:\/\/newgarden.es\/de\/shop\/moebel\/sitzgelegenheiten\/formentera-color-copia\/#primaryimage\"},\"thumbnailUrl\":\"https:\/\/newgarden.es\/wp-content\/uploads\/2020\/02\/RASA_1200X1200-10.jpg\",\"datePublished\":\"2020-02-20T14:05:05+00:00\",\"dateModified\":\"2024-06-19T12:09:35+00:00\",\"description\":\"Balinesischen Bett ist ideal f\u00fcr Outdoor-Formentera Terrasseng\u00e4rten Pools und Bereiche entspannen. Der beleuchtete Gartenstuhl Formentera Draht ist in Batterie- oder Solarladung zur Verf\u00fcgung.\",\"breadcrumb\":{\"@id\":\"https:\/\/newgarden.es\/de\/shop\/moebel\/sitzgelegenheiten\/formentera-color-copia\/#breadcrumb\"},\"inLanguage\":\"de\",\"potentialAction\":[{\"@type\":\"ReadAction\",\"target\":[\"https:\/\/newgarden.es\/de\/shop\/moebel\/sitzgelegenheiten\/formentera-color-copia\/\"]}]},{\"@type\":\"ImageObject\",\"inLanguage\":\"de\",\"@id\":\"https:\/\/newgarden.es\/de\/shop\/moebel\/sitzgelegenheiten\/formentera-color-copia\/#primaryimage\",\"url\":\"https:\/\/newgarden.es\/wp-content\/uploads\/2020\/02\/RASA_1200X1200-10.jpg\",\"contentUrl\":\"https:\/\/newgarden.es\/wp-content\/uploads\/2020\/02\/RASA_1200X1200-10.jpg\",\"width\":1200,\"height\":1200},{\"@type\":\"BreadcrumbList\",\"@id\":\"https:\/\/newgarden.es\/de\/shop\/moebel\/sitzgelegenheiten\/formentera-color-copia\/#breadcrumb\",\"itemListElement\":[{\"@type\":\"ListItem\",\"position\":1,\"name\":\"Home\",\"item\":\"https:\/\/newgarden.es\/de\/\"},{\"@type\":\"ListItem\",\"position\":2,\"name\":\"Shop\",\"item\":\"https:\/\/newgarden.es\/de\/shop\/\"},{\"@type\":\"ListItem\",\"position\":3,\"name\":\"RASA-LIEGE, F\u00dcR SCHWIMMB\u00c4DER, HOTELS UND STRANDCLUBS\"}]},{\"@type\":\"WebSite\",\"@id\":\"https:\/\/newgarden.es\/#website\",\"url\":\"https:\/\/newgarden.es\/\",\"name\":\"Newgarden\",\"description\":\"Be happy\",\"potentialAction\":[{\"@type\":\"SearchAction\",\"target\":{\"@type\":\"EntryPoint\",\"urlTemplate\":\"https:\/\/newgarden.es\/?s={search_term_string}\"},\"query-input\":{\"@type\":\"PropertyValueSpecification\",\"valueRequired\":true,\"valueName\":\"search_term_string\"}}],\"inLanguage\":\"de\"}]}<\/script>\n<!-- \/ Yoast SEO plugin. -->","yoast_head_json":{"title":"FORMENTERA balinesa Au\u00dfenbett Terrassen","description":"Balinesischen Bett ist ideal f\u00fcr Outdoor-Formentera Terrasseng\u00e4rten Pools und Bereiche entspannen. Der beleuchtete Gartenstuhl Formentera Draht ist in Batterie- oder Solarladung zur Verf\u00fcgung.","robots":{"index":"index","follow":"follow","max-snippet":"max-snippet:-1","max-image-preview":"max-image-preview:large","max-video-preview":"max-video-preview:-1"},"canonical":"https:\/\/newgarden.es\/de\/shop\/moebel\/sitzgelegenheiten\/formentera-color-copia\/","og_locale":"de_DE","og_type":"article","og_title":"FORMENTERA balinesa Au\u00dfenbett Terrassen","og_description":"Balinesischen Bett ist ideal f\u00fcr Outdoor-Formentera Terrasseng\u00e4rten Pools und Bereiche entspannen. Der beleuchtete Gartenstuhl Formentera Draht ist in Batterie- oder Solarladung zur Verf\u00fcgung.","og_url":"https:\/\/newgarden.es\/de\/shop\/moebel\/sitzgelegenheiten\/formentera-color-copia\/","og_site_name":"Newgarden","article_modified_time":"2024-06-19T12:09:35+00:00","og_image":[{"width":1200,"height":1200,"url":"https:\/\/newgarden.es\/wp-content\/uploads\/2020\/02\/RASA_1200X1200-10.jpg","type":"image\/jpeg"}],"twitter_card":"summary_large_image","twitter_misc":{"Gesch\u00e4tzte Lesezeit":"1\u00a0Minute"},"schema":{"@context":"https:\/\/schema.org","@graph":[{"@type":"WebPage","@id":"https:\/\/newgarden.es\/de\/shop\/moebel\/sitzgelegenheiten\/formentera-color-copia\/","url":"https:\/\/newgarden.es\/de\/shop\/moebel\/sitzgelegenheiten\/formentera-color-copia\/","name":"FORMENTERA balinesa Au\u00dfenbett Terrassen","isPartOf":{"@id":"https:\/\/newgarden.es\/#website"},"primaryImageOfPage":{"@id":"https:\/\/newgarden.es\/de\/shop\/moebel\/sitzgelegenheiten\/formentera-color-copia\/#primaryimage"},"image":{"@id":"https:\/\/newgarden.es\/de\/shop\/moebel\/sitzgelegenheiten\/formentera-color-copia\/#primaryimage"},"thumbnailUrl":"https:\/\/newgarden.es\/wp-content\/uploads\/2020\/02\/RASA_1200X1200-10.jpg","datePublished":"2020-02-20T14:05:05+00:00","dateModified":"2024-06-19T12:09:35+00:00","description":"Balinesischen Bett ist ideal f\u00fcr Outdoor-Formentera Terrasseng\u00e4rten Pools und Bereiche entspannen. Der beleuchtete Gartenstuhl Formentera Draht ist in Batterie- oder Solarladung zur Verf\u00fcgung.","breadcrumb":{"@id":"https:\/\/newgarden.es\/de\/shop\/moebel\/sitzgelegenheiten\/formentera-color-copia\/#breadcrumb"},"inLanguage":"de","potentialAction":[{"@type":"ReadAction","target":["https:\/\/newgarden.es\/de\/shop\/moebel\/sitzgelegenheiten\/formentera-color-copia\/"]}]},{"@type":"ImageObject","inLanguage":"de","@id":"https:\/\/newgarden.es\/de\/shop\/moebel\/sitzgelegenheiten\/formentera-color-copia\/#primaryimage","url":"https:\/\/newgarden.es\/wp-content\/uploads\/2020\/02\/RASA_1200X1200-10.jpg","contentUrl":"https:\/\/newgarden.es\/wp-content\/uploads\/2020\/02\/RASA_1200X1200-10.jpg","width":1200,"height":1200},{"@type":"BreadcrumbList","@id":"https:\/\/newgarden.es\/de\/shop\/moebel\/sitzgelegenheiten\/formentera-color-copia\/#breadcrumb","itemListElement":[{"@type":"ListItem","position":1,"name":"Home","item":"https:\/\/newgarden.es\/de\/"},{"@type":"ListItem","position":2,"name":"Shop","item":"https:\/\/newgarden.es\/de\/shop\/"},{"@type":"ListItem","position":3,"name":"RASA-LIEGE, F\u00dcR SCHWIMMB\u00c4DER, HOTELS UND STRANDCLUBS"}]},{"@type":"WebSite","@id":"https:\/\/newgarden.es\/#website","url":"https:\/\/newgarden.es\/","name":"Newgarden","description":"Be happy","potentialAction":[{"@type":"SearchAction","target":{"@type":"EntryPoint","urlTemplate":"https:\/\/newgarden.es\/?s={search_term_string}"},"query-input":{"@type":"PropertyValueSpecification","valueRequired":true,"valueName":"search_term_string"}}],"inLanguage":"de"}]}},"df_price":300.3,"df_sale_price":"","df_regular_price":300.3,"df_image_link":"https:\/\/newgarden.es\/wp-content\/uploads\/2020\/02\/RASA_1200X1200-10-580x400.jpg","_links":{"self":[{"href":"https:\/\/newgarden.es\/de\/wp-json\/wp\/v2\/product\/26403"}],"collection":[{"href":"https:\/\/newgarden.es\/de\/wp-json\/wp\/v2\/product"}],"about":[{"href":"https:\/\/newgarden.es\/de\/wp-json\/wp\/v2\/types\/product"}],"wp:featuredmedia":[{"embeddable":true,"href":"https:\/\/newgarden.es\/de\/wp-json\/wp\/v2\/media\/63317"}],"wp:attachment":[{"href":"https:\/\/newgarden.es\/de\/wp-json\/wp\/v2\/media?parent=26403"}],"wp:term":[{"taxonomy":"product_cat","embeddable":true,"href":"https:\/\/newgarden.es\/de\/wp-json\/wp\/v2\/product_cat?post=26403"},{"taxonomy":"product_tag","embeddable":true,"href":"https:\/\/newgarden.es\/de\/wp-json\/wp\/v2\/product_tag?post=26403"}],"curies":[{"name":"wp","href":"https:\/\/api.w.org\/{rel}","templated":true}]}}