{"id":26505,"date":"2020-02-26T09:25:38","date_gmt":"2020-02-26T08:25:40","guid":{"rendered":"https:\/\/newgarden.es\/?post_type=product&#038;p=26505"},"modified":"2023-09-26T14:50:02","modified_gmt":"2023-09-26T12:50:02","slug":"lola-slim-copia-copia-copia","status":"publish","type":"product","link":"https:\/\/newgarden.es\/de\/shop\/lightdeco-de\/stehlampe\/lola-slim-copia-copia-copia\/","title":{"rendered":"PAQUITA SOLAR STRA\u00dfENLATERNE"},"content":{"rendered":"<section class=\"wpb-content-wrapper\"><p>[vc_row][vc_column el_class=&#8220;descripcion_producto&#8220;][vc_column_text]<\/p>\n<p>PAQUITA SOLAR STRA\u00dfENLATERNE: Die Serie Paquita Family ist aufgrund ihres eleganten Designs und ihrer Funktionalit\u00e4t eines der herausragendsten neuen Produkte von Newgarden.<\/p>\n<p>Paquita Farola l\u00e4sst sich in jedem Raum kombinieren, ohne dessen \u00c4sthetik zu st\u00f6ren, und ist perfekt f\u00fcr die Beleuchtung jeder Au\u00dfenecke, jedes Gartens, jeder Terrasse oder jedes Gesch\u00e4fts, da sie mit Solarladung arbeitet. Kombinieren Sie es mit seiner Paquita 40-Familie und Paquita Wall, um einzigartige Umgebungen zu schaffen.<\/p>\n<p>Die Installation der Paquita-Lampe ist wirklich einfach, denn sie ben\u00f6tigt keine elektrische Installation, verf\u00fcgt \u00fcber eine Bewegungssensor-Beleuchtung, einen D\u00e4mmerungsmodus und eine Fernbedienung, die dieses Modell zu einem Muss in jedem Au\u00dfenraum machen.<\/p>\n<p>Newgarden-Produkte sind leicht und sehr widerstandsf\u00e4hig gegen extreme Temperaturen. Sie sind auch gegen UV-Strahlen gesch\u00fctzt, was das Produkt extrem haltbar macht.<\/p>\n<p>Gr\u00f6\u00dfe: 215 cm x 59\u00f8<br \/>\nFinish: Wei\u00df\/Anthrazit<br \/>\nIP 65. Verwendung im Freien<br \/>\nLichtleistung: 1200 Lumen<br \/>\nWirkleistung: 8,5 W<br \/>\nSonnenenergie: 13W<br \/>\nAutonomie:<br \/>\nManueller Modus: 8h*<br \/>\nNachtmodus: 8h*<br \/>\nEcomotion-Modus: 8-50h*<\/p>\n<p>[\/vc_column_text][\/vc_column][\/vc_row][vc_row disable_element=&#8220;yes&#8220;][vc_column][vc_single_image image=&#8220;6566&#8243; img_size=&#8220;full&#8220;][\/vc_column][\/vc_row][vc_row][vc_column width=&#8220;1\/2&#8243;][vc_btn title=&#8220;Technisches Datenblatt&#8220; style=&#8220;custom&#8220; custom_background=&#8220;#009bc2&#8243; custom_text=&#8220;#ffffff&#8220; shape=&#8220;square&#8220; link=&#8220;url:https%3A%2F%2Fnewgarden.es%2Fwp-content%2Fuploads%2F2017%2F08%2FLolaSlim.pdf|target:%20_blank|&#8220; el_class=&#8220;btn_descargar_ficha&#8220;][\/vc_column][vc_column width=&#8220;1\/2&#8243;][vc_btn title=&#8220;BEDIENUNGSANLEITUNG&#8220; style=&#8220;custom&#8220; custom_background=&#8220;#009bc2&#8243; custom_text=&#8220;#ffffff&#8220; shape=&#8220;square&#8220; link=&#8220;url:https%3A%2F%2Fnewgarden.es%2Finstrucciones%2F||target:%20_blank|&#8220; el_class=&#8220;btn_descargar_ficha&#8220;][\/vc_column][\/vc_row]<\/p>\n<\/section>","protected":false},"excerpt":{"rendered":"<h1 style=\"font-size: 12px;\">PAQUITA SOLAR STRA\u00dfENLATERNE<\/h1>\n","protected":false},"featured_media":57866,"template":"","meta":[],"product_cat":[763,767,1563],"product_tag":[468],"class_list":{"0":"post-26505","1":"product","2":"type-product","3":"status-publish","4":"has-post-thumbnail","6":"product_cat-lightdeco-de","7":"product_cat-stehlampe","8":"product_cat-laternen-und-wandlampen","9":"product_tag-cable","11":"first","12":"instock","13":"taxable","14":"shipping-taxable","15":"purchasable","16":"product-type-variable"},"yoast_head":"<!-- This site is optimized with the Yoast SEO plugin v24.2 - https:\/\/yoast.com\/wordpress\/plugins\/seo\/ -->\n<title>LOLA SLIM, Design Stehlampe mit Metallfu\u00df Au\u00dfen<\/title>\n<meta name=\"description\" content=\"Es ist eine der Stehleuchte f\u00fcr die Au\u00dfen Highlights in LOLA FAMILY seinen Metallfu\u00df: schmal und elegant. Seine H\u00f6he macht dieses Produkt eine Lampe, die ohne brechen die \u00c4sthetik dieser in jeden Raum einf\u00fcgt.\" \/>\n<meta name=\"robots\" content=\"index, follow, max-snippet:-1, max-image-preview:large, max-video-preview:-1\" \/>\n<link rel=\"canonical\" href=\"https:\/\/newgarden.es\/shop\/lightdeco\/lamparas-de-pie\/paquita-farola\/\" \/>\n<meta property=\"og:locale\" content=\"de_DE\" \/>\n<meta property=\"og:type\" content=\"article\" \/>\n<meta property=\"og:title\" content=\"LOLA SLIM, Design Stehlampe mit Metallfu\u00df Au\u00dfen\" \/>\n<meta property=\"og:description\" content=\"Es ist eine der Stehleuchte f\u00fcr die Au\u00dfen Highlights in LOLA FAMILY seinen Metallfu\u00df: schmal und elegant. Seine H\u00f6he macht dieses Produkt eine Lampe, die ohne brechen die \u00c4sthetik dieser in jeden Raum einf\u00fcgt.\" \/>\n<meta property=\"og:url\" content=\"https:\/\/newgarden.es\/shop\/lightdeco\/lamparas-de-pie\/paquita-farola\/\" \/>\n<meta property=\"og:site_name\" content=\"Newgarden\" \/>\n<meta property=\"article:modified_time\" content=\"2023-09-26T12:50:02+00:00\" \/>\n<meta property=\"og:image\" content=\"https:\/\/newgarden.es\/wp-content\/uploads\/2020\/02\/PAQUITA_FAROLA_1200X1200-1.jpg\" \/>\n\t<meta property=\"og:image:width\" content=\"1200\" \/>\n\t<meta property=\"og:image:height\" content=\"1200\" \/>\n\t<meta property=\"og:image:type\" content=\"image\/jpeg\" \/>\n<meta name=\"twitter:card\" content=\"summary_large_image\" \/>\n<meta name=\"twitter:label1\" content=\"Gesch\u00e4tzte Lesezeit\" \/>\n\t<meta name=\"twitter:data1\" content=\"1\u00a0Minute\" \/>\n<script type=\"application\/ld+json\" class=\"yoast-schema-graph\">{\"@context\":\"https:\/\/schema.org\",\"@graph\":[{\"@type\":\"WebPage\",\"@id\":\"https:\/\/newgarden.es\/shop\/lightdeco\/lamparas-de-pie\/paquita-farola\/\",\"url\":\"https:\/\/newgarden.es\/shop\/lightdeco\/lamparas-de-pie\/paquita-farola\/\",\"name\":\"LOLA SLIM, Design Stehlampe mit Metallfu\u00df Au\u00dfen\",\"isPartOf\":{\"@id\":\"https:\/\/newgarden.es\/#website\"},\"primaryImageOfPage\":{\"@id\":\"https:\/\/newgarden.es\/shop\/lightdeco\/lamparas-de-pie\/paquita-farola\/#primaryimage\"},\"image\":{\"@id\":\"https:\/\/newgarden.es\/shop\/lightdeco\/lamparas-de-pie\/paquita-farola\/#primaryimage\"},\"thumbnailUrl\":\"https:\/\/newgarden.es\/wp-content\/uploads\/2020\/02\/PAQUITA_FAROLA_1200X1200-1.jpg\",\"datePublished\":\"2020-02-26T08:25:40+00:00\",\"dateModified\":\"2023-09-26T12:50:02+00:00\",\"description\":\"Es ist eine der Stehleuchte f\u00fcr die Au\u00dfen Highlights in LOLA FAMILY seinen Metallfu\u00df: schmal und elegant. Seine H\u00f6he macht dieses Produkt eine Lampe, die ohne brechen die \u00c4sthetik dieser in jeden Raum einf\u00fcgt.\",\"breadcrumb\":{\"@id\":\"https:\/\/newgarden.es\/shop\/lightdeco\/lamparas-de-pie\/paquita-farola\/#breadcrumb\"},\"inLanguage\":\"de\",\"potentialAction\":[{\"@type\":\"ReadAction\",\"target\":[\"https:\/\/newgarden.es\/shop\/lightdeco\/lamparas-de-pie\/paquita-farola\/\"]}]},{\"@type\":\"ImageObject\",\"inLanguage\":\"de\",\"@id\":\"https:\/\/newgarden.es\/shop\/lightdeco\/lamparas-de-pie\/paquita-farola\/#primaryimage\",\"url\":\"https:\/\/newgarden.es\/wp-content\/uploads\/2020\/02\/PAQUITA_FAROLA_1200X1200-1.jpg\",\"contentUrl\":\"https:\/\/newgarden.es\/wp-content\/uploads\/2020\/02\/PAQUITA_FAROLA_1200X1200-1.jpg\",\"width\":1200,\"height\":1200},{\"@type\":\"BreadcrumbList\",\"@id\":\"https:\/\/newgarden.es\/shop\/lightdeco\/lamparas-de-pie\/paquita-farola\/#breadcrumb\",\"itemListElement\":[{\"@type\":\"ListItem\",\"position\":1,\"name\":\"Home\",\"item\":\"https:\/\/newgarden.es\/de\/\"},{\"@type\":\"ListItem\",\"position\":2,\"name\":\"Shop\",\"item\":\"https:\/\/newgarden.es\/de\/shop\/\"},{\"@type\":\"ListItem\",\"position\":3,\"name\":\"PAQUITA SOLAR STRA\u00dfENLATERNE\"}]},{\"@type\":\"WebSite\",\"@id\":\"https:\/\/newgarden.es\/#website\",\"url\":\"https:\/\/newgarden.es\/\",\"name\":\"Newgarden\",\"description\":\"Be happy\",\"potentialAction\":[{\"@type\":\"SearchAction\",\"target\":{\"@type\":\"EntryPoint\",\"urlTemplate\":\"https:\/\/newgarden.es\/?s={search_term_string}\"},\"query-input\":{\"@type\":\"PropertyValueSpecification\",\"valueRequired\":true,\"valueName\":\"search_term_string\"}}],\"inLanguage\":\"de\"}]}<\/script>\n<!-- \/ Yoast SEO plugin. -->","yoast_head_json":{"title":"LOLA SLIM, Design Stehlampe mit Metallfu\u00df Au\u00dfen","description":"Es ist eine der Stehleuchte f\u00fcr die Au\u00dfen Highlights in LOLA FAMILY seinen Metallfu\u00df: schmal und elegant. Seine H\u00f6he macht dieses Produkt eine Lampe, die ohne brechen die \u00c4sthetik dieser in jeden Raum einf\u00fcgt.","robots":{"index":"index","follow":"follow","max-snippet":"max-snippet:-1","max-image-preview":"max-image-preview:large","max-video-preview":"max-video-preview:-1"},"canonical":"https:\/\/newgarden.es\/shop\/lightdeco\/lamparas-de-pie\/paquita-farola\/","og_locale":"de_DE","og_type":"article","og_title":"LOLA SLIM, Design Stehlampe mit Metallfu\u00df Au\u00dfen","og_description":"Es ist eine der Stehleuchte f\u00fcr die Au\u00dfen Highlights in LOLA FAMILY seinen Metallfu\u00df: schmal und elegant. Seine H\u00f6he macht dieses Produkt eine Lampe, die ohne brechen die \u00c4sthetik dieser in jeden Raum einf\u00fcgt.","og_url":"https:\/\/newgarden.es\/shop\/lightdeco\/lamparas-de-pie\/paquita-farola\/","og_site_name":"Newgarden","article_modified_time":"2023-09-26T12:50:02+00:00","og_image":[{"width":1200,"height":1200,"url":"https:\/\/newgarden.es\/wp-content\/uploads\/2020\/02\/PAQUITA_FAROLA_1200X1200-1.jpg","type":"image\/jpeg"}],"twitter_card":"summary_large_image","twitter_misc":{"Gesch\u00e4tzte Lesezeit":"1\u00a0Minute"},"schema":{"@context":"https:\/\/schema.org","@graph":[{"@type":"WebPage","@id":"https:\/\/newgarden.es\/shop\/lightdeco\/lamparas-de-pie\/paquita-farola\/","url":"https:\/\/newgarden.es\/shop\/lightdeco\/lamparas-de-pie\/paquita-farola\/","name":"LOLA SLIM, Design Stehlampe mit Metallfu\u00df Au\u00dfen","isPartOf":{"@id":"https:\/\/newgarden.es\/#website"},"primaryImageOfPage":{"@id":"https:\/\/newgarden.es\/shop\/lightdeco\/lamparas-de-pie\/paquita-farola\/#primaryimage"},"image":{"@id":"https:\/\/newgarden.es\/shop\/lightdeco\/lamparas-de-pie\/paquita-farola\/#primaryimage"},"thumbnailUrl":"https:\/\/newgarden.es\/wp-content\/uploads\/2020\/02\/PAQUITA_FAROLA_1200X1200-1.jpg","datePublished":"2020-02-26T08:25:40+00:00","dateModified":"2023-09-26T12:50:02+00:00","description":"Es ist eine der Stehleuchte f\u00fcr die Au\u00dfen Highlights in LOLA FAMILY seinen Metallfu\u00df: schmal und elegant. Seine H\u00f6he macht dieses Produkt eine Lampe, die ohne brechen die \u00c4sthetik dieser in jeden Raum einf\u00fcgt.","breadcrumb":{"@id":"https:\/\/newgarden.es\/shop\/lightdeco\/lamparas-de-pie\/paquita-farola\/#breadcrumb"},"inLanguage":"de","potentialAction":[{"@type":"ReadAction","target":["https:\/\/newgarden.es\/shop\/lightdeco\/lamparas-de-pie\/paquita-farola\/"]}]},{"@type":"ImageObject","inLanguage":"de","@id":"https:\/\/newgarden.es\/shop\/lightdeco\/lamparas-de-pie\/paquita-farola\/#primaryimage","url":"https:\/\/newgarden.es\/wp-content\/uploads\/2020\/02\/PAQUITA_FAROLA_1200X1200-1.jpg","contentUrl":"https:\/\/newgarden.es\/wp-content\/uploads\/2020\/02\/PAQUITA_FAROLA_1200X1200-1.jpg","width":1200,"height":1200},{"@type":"BreadcrumbList","@id":"https:\/\/newgarden.es\/shop\/lightdeco\/lamparas-de-pie\/paquita-farola\/#breadcrumb","itemListElement":[{"@type":"ListItem","position":1,"name":"Home","item":"https:\/\/newgarden.es\/de\/"},{"@type":"ListItem","position":2,"name":"Shop","item":"https:\/\/newgarden.es\/de\/shop\/"},{"@type":"ListItem","position":3,"name":"PAQUITA SOLAR STRA\u00dfENLATERNE"}]},{"@type":"WebSite","@id":"https:\/\/newgarden.es\/#website","url":"https:\/\/newgarden.es\/","name":"Newgarden","description":"Be happy","potentialAction":[{"@type":"SearchAction","target":{"@type":"EntryPoint","urlTemplate":"https:\/\/newgarden.es\/?s={search_term_string}"},"query-input":{"@type":"PropertyValueSpecification","valueRequired":true,"valueName":"search_term_string"}}],"inLanguage":"de"}]}},"df_price":287.6,"df_sale_price":"","df_regular_price":287.6,"df_image_link":"https:\/\/newgarden.es\/wp-content\/uploads\/2020\/02\/PAQUITA_FAROLA_1200X1200-1-580x400.jpg","_links":{"self":[{"href":"https:\/\/newgarden.es\/de\/wp-json\/wp\/v2\/product\/26505"}],"collection":[{"href":"https:\/\/newgarden.es\/de\/wp-json\/wp\/v2\/product"}],"about":[{"href":"https:\/\/newgarden.es\/de\/wp-json\/wp\/v2\/types\/product"}],"wp:featuredmedia":[{"embeddable":true,"href":"https:\/\/newgarden.es\/de\/wp-json\/wp\/v2\/media\/57866"}],"wp:attachment":[{"href":"https:\/\/newgarden.es\/de\/wp-json\/wp\/v2\/media?parent=26505"}],"wp:term":[{"taxonomy":"product_cat","embeddable":true,"href":"https:\/\/newgarden.es\/de\/wp-json\/wp\/v2\/product_cat?post=26505"},{"taxonomy":"product_tag","embeddable":true,"href":"https:\/\/newgarden.es\/de\/wp-json\/wp\/v2\/product_tag?post=26505"}],"curies":[{"name":"wp","href":"https:\/\/api.w.org\/{rel}","templated":true}]}}