{"id":26726,"date":"2020-03-06T16:48:50","date_gmt":"2020-03-06T15:48:52","guid":{"rendered":"https:\/\/newgarden.es\/?post_type=product&#038;p=26726"},"modified":"2023-04-12T10:31:31","modified_gmt":"2023-04-12T08:31:31","slug":"lola-slim-copia-copia-2","status":"publish","type":"product","link":"https:\/\/newgarden.es\/de\/shop\/lightdeco-de\/tischlampe\/lola-slim-copia-copia-2\/","title":{"rendered":"TISCHLAMPE LOLA SLIM 30"},"content":{"rendered":"<section class=\"wpb-content-wrapper\"><p>[vc_row][vc_column el_class=&#8220;descripcion_producto&#8220;][vc_column_text]<\/p>\n<p>Die Tischlampe LOLA Slim 30 (\u00f811&#215;32 cm) geh\u00f6rt zu unserer bekanntesten Produktlinie und ist eine der vielseitigsten Neuheiten bei NEWGARDEN. Sie besticht durch ihr elegantes Design und eine vollendete Formgebung. Die kleine Standlampe der LOLA-Serie erfreut sich h\u00f6chster Beliebtheit und eignet sich ideal f\u00fcr jedes Zimmer deines Wohnbereichs, sowie f\u00fcr den Au\u00dfenbereich. Au\u00dferdem kann sie auch f\u00fcr romantische Stimmung in Restaurants, Bars, Hotels oder Cafes genutzt werden.<\/p>\n<p>Alle NEWGARDEN-Produkte bestehen aus Polyethylen, wodurch sie leicht und \u00e4u\u00dferst widerstandsf\u00e4hig gegen extreme Temperaturen sind. Sie sind ebenfalls vor UV-Strahlen gesch\u00fctzt, was zu einer extrem langen Lebensdauer f\u00fchrt.<\/p>\n<p>[\/vc_column_text][\/vc_column][\/vc_row][vc_row disable_element=&#8220;yes&#8220;][vc_column][vc_single_image image=&#8220;6566&#8243; img_size=&#8220;full&#8220;][\/vc_column][\/vc_row][vc_row][vc_column width=&#8220;1\/2&#8243;][vc_btn title=&#8220;Technisches Datenblatt&#8220; style=&#8220;custom&#8220; custom_background=&#8220;#009bc2&#8243; custom_text=&#8220;#ffffff&#8220; shape=&#8220;square&#8220; link=&#8220;url:https%3A%2F%2Fnewgarden.es%2Fwp-content%2Fuploads%2F2017%2F08%2FLolaSlim.pdf|target:%20_blank|&#8220; el_class=&#8220;btn_descargar_ficha&#8220;][\/vc_column][vc_column width=&#8220;1\/2&#8243;][vc_btn title=&#8220;BEDIENUNGSANLEITUNG&#8220; style=&#8220;custom&#8220; custom_background=&#8220;#009bc2&#8243; custom_text=&#8220;#ffffff&#8220; shape=&#8220;square&#8220; link=&#8220;url:https%3A%2F%2Fnewgarden.es%2Finstrucciones%2F||target:%20_blank|&#8220; el_class=&#8220;btn_descargar_ficha&#8220;][\/vc_column][\/vc_row]<\/p>\n<\/section>","protected":false},"excerpt":{"rendered":"<h1 style=\"font-size: 12px;\">TISCHLAMPE LOLA SLIM 30<\/h1>\n","protected":false},"featured_media":61267,"template":"","meta":[],"product_cat":[1696,763,764,1589],"product_tag":[468],"class_list":{"0":"post-26726","1":"product","2":"type-product","3":"status-publish","4":"has-post-thumbnail","6":"product_cat-productos-de","7":"product_cat-lightdeco-de","8":"product_cat-tischlampe","9":"product_cat-innenbereich-de","10":"product_tag-cable","12":"first","13":"instock","14":"taxable","15":"shipping-taxable","16":"purchasable","17":"product-type-variable"},"yoast_head":"<!-- This site is optimized with the Yoast SEO plugin v24.2 - https:\/\/yoast.com\/wordpress\/plugins\/seo\/ -->\n<title>LOLA SLIM, Design Stehlampe mit Metallfu\u00df Au\u00dfen<\/title>\n<meta name=\"description\" content=\"Es ist eine der Stehleuchte f\u00fcr die Au\u00dfen Highlights in LOLA FAMILY seinen Metallfu\u00df: schmal und elegant. Seine H\u00f6he macht dieses Produkt eine Lampe, die ohne brechen die \u00c4sthetik dieser in jeden Raum einf\u00fcgt.\" \/>\n<meta name=\"robots\" content=\"index, follow, max-snippet:-1, max-image-preview:large, max-video-preview:-1\" \/>\n<link rel=\"canonical\" href=\"https:\/\/newgarden.es\/de\/shop\/lightdeco-de\/tischlampe\/lola-slim-copia-copia-2\/\" \/>\n<meta property=\"og:locale\" content=\"de_DE\" \/>\n<meta property=\"og:type\" content=\"article\" \/>\n<meta property=\"og:title\" content=\"LOLA SLIM, Design Stehlampe mit Metallfu\u00df Au\u00dfen\" \/>\n<meta property=\"og:description\" content=\"Es ist eine der Stehleuchte f\u00fcr die Au\u00dfen Highlights in LOLA FAMILY seinen Metallfu\u00df: schmal und elegant. Seine H\u00f6he macht dieses Produkt eine Lampe, die ohne brechen die \u00c4sthetik dieser in jeden Raum einf\u00fcgt.\" \/>\n<meta property=\"og:url\" content=\"https:\/\/newgarden.es\/de\/shop\/lightdeco-de\/tischlampe\/lola-slim-copia-copia-2\/\" \/>\n<meta property=\"og:site_name\" content=\"Newgarden\" \/>\n<meta property=\"article:modified_time\" content=\"2023-04-12T08:31:31+00:00\" \/>\n<meta property=\"og:image\" content=\"https:\/\/newgarden.es\/wp-content\/uploads\/2020\/03\/LOLA_SLIM_30_BATTERY_1200X1200-38.jpg\" \/>\n\t<meta property=\"og:image:width\" content=\"1200\" \/>\n\t<meta property=\"og:image:height\" content=\"1200\" \/>\n\t<meta property=\"og:image:type\" content=\"image\/jpeg\" \/>\n<meta name=\"twitter:card\" content=\"summary_large_image\" \/>\n<meta name=\"twitter:label1\" content=\"Gesch\u00e4tzte Lesezeit\" \/>\n\t<meta name=\"twitter:data1\" content=\"1\u00a0Minute\" \/>\n<script type=\"application\/ld+json\" class=\"yoast-schema-graph\">{\"@context\":\"https:\/\/schema.org\",\"@graph\":[{\"@type\":\"WebPage\",\"@id\":\"https:\/\/newgarden.es\/de\/shop\/lightdeco-de\/tischlampe\/lola-slim-copia-copia-2\/\",\"url\":\"https:\/\/newgarden.es\/de\/shop\/lightdeco-de\/tischlampe\/lola-slim-copia-copia-2\/\",\"name\":\"LOLA SLIM, Design Stehlampe mit Metallfu\u00df Au\u00dfen\",\"isPartOf\":{\"@id\":\"https:\/\/newgarden.es\/#website\"},\"primaryImageOfPage\":{\"@id\":\"https:\/\/newgarden.es\/de\/shop\/lightdeco-de\/tischlampe\/lola-slim-copia-copia-2\/#primaryimage\"},\"image\":{\"@id\":\"https:\/\/newgarden.es\/de\/shop\/lightdeco-de\/tischlampe\/lola-slim-copia-copia-2\/#primaryimage\"},\"thumbnailUrl\":\"https:\/\/newgarden.es\/wp-content\/uploads\/2020\/03\/LOLA_SLIM_30_BATTERY_1200X1200-38.jpg\",\"datePublished\":\"2020-03-06T15:48:52+00:00\",\"dateModified\":\"2023-04-12T08:31:31+00:00\",\"description\":\"Es ist eine der Stehleuchte f\u00fcr die Au\u00dfen Highlights in LOLA FAMILY seinen Metallfu\u00df: schmal und elegant. Seine H\u00f6he macht dieses Produkt eine Lampe, die ohne brechen die \u00c4sthetik dieser in jeden Raum einf\u00fcgt.\",\"breadcrumb\":{\"@id\":\"https:\/\/newgarden.es\/de\/shop\/lightdeco-de\/tischlampe\/lola-slim-copia-copia-2\/#breadcrumb\"},\"inLanguage\":\"de\",\"potentialAction\":[{\"@type\":\"ReadAction\",\"target\":[\"https:\/\/newgarden.es\/de\/shop\/lightdeco-de\/tischlampe\/lola-slim-copia-copia-2\/\"]}]},{\"@type\":\"ImageObject\",\"inLanguage\":\"de\",\"@id\":\"https:\/\/newgarden.es\/de\/shop\/lightdeco-de\/tischlampe\/lola-slim-copia-copia-2\/#primaryimage\",\"url\":\"https:\/\/newgarden.es\/wp-content\/uploads\/2020\/03\/LOLA_SLIM_30_BATTERY_1200X1200-38.jpg\",\"contentUrl\":\"https:\/\/newgarden.es\/wp-content\/uploads\/2020\/03\/LOLA_SLIM_30_BATTERY_1200X1200-38.jpg\",\"width\":1200,\"height\":1200},{\"@type\":\"BreadcrumbList\",\"@id\":\"https:\/\/newgarden.es\/de\/shop\/lightdeco-de\/tischlampe\/lola-slim-copia-copia-2\/#breadcrumb\",\"itemListElement\":[{\"@type\":\"ListItem\",\"position\":1,\"name\":\"Home\",\"item\":\"https:\/\/newgarden.es\/de\/\"},{\"@type\":\"ListItem\",\"position\":2,\"name\":\"Shop\",\"item\":\"https:\/\/newgarden.es\/de\/shop\/\"},{\"@type\":\"ListItem\",\"position\":3,\"name\":\"TISCHLAMPE LOLA SLIM 30\"}]},{\"@type\":\"WebSite\",\"@id\":\"https:\/\/newgarden.es\/#website\",\"url\":\"https:\/\/newgarden.es\/\",\"name\":\"Newgarden\",\"description\":\"Be happy\",\"potentialAction\":[{\"@type\":\"SearchAction\",\"target\":{\"@type\":\"EntryPoint\",\"urlTemplate\":\"https:\/\/newgarden.es\/?s={search_term_string}\"},\"query-input\":{\"@type\":\"PropertyValueSpecification\",\"valueRequired\":true,\"valueName\":\"search_term_string\"}}],\"inLanguage\":\"de\"}]}<\/script>\n<!-- \/ Yoast SEO plugin. -->","yoast_head_json":{"title":"LOLA SLIM, Design Stehlampe mit Metallfu\u00df Au\u00dfen","description":"Es ist eine der Stehleuchte f\u00fcr die Au\u00dfen Highlights in LOLA FAMILY seinen Metallfu\u00df: schmal und elegant. Seine H\u00f6he macht dieses Produkt eine Lampe, die ohne brechen die \u00c4sthetik dieser in jeden Raum einf\u00fcgt.","robots":{"index":"index","follow":"follow","max-snippet":"max-snippet:-1","max-image-preview":"max-image-preview:large","max-video-preview":"max-video-preview:-1"},"canonical":"https:\/\/newgarden.es\/de\/shop\/lightdeco-de\/tischlampe\/lola-slim-copia-copia-2\/","og_locale":"de_DE","og_type":"article","og_title":"LOLA SLIM, Design Stehlampe mit Metallfu\u00df Au\u00dfen","og_description":"Es ist eine der Stehleuchte f\u00fcr die Au\u00dfen Highlights in LOLA FAMILY seinen Metallfu\u00df: schmal und elegant. Seine H\u00f6he macht dieses Produkt eine Lampe, die ohne brechen die \u00c4sthetik dieser in jeden Raum einf\u00fcgt.","og_url":"https:\/\/newgarden.es\/de\/shop\/lightdeco-de\/tischlampe\/lola-slim-copia-copia-2\/","og_site_name":"Newgarden","article_modified_time":"2023-04-12T08:31:31+00:00","og_image":[{"width":1200,"height":1200,"url":"https:\/\/newgarden.es\/wp-content\/uploads\/2020\/03\/LOLA_SLIM_30_BATTERY_1200X1200-38.jpg","type":"image\/jpeg"}],"twitter_card":"summary_large_image","twitter_misc":{"Gesch\u00e4tzte Lesezeit":"1\u00a0Minute"},"schema":{"@context":"https:\/\/schema.org","@graph":[{"@type":"WebPage","@id":"https:\/\/newgarden.es\/de\/shop\/lightdeco-de\/tischlampe\/lola-slim-copia-copia-2\/","url":"https:\/\/newgarden.es\/de\/shop\/lightdeco-de\/tischlampe\/lola-slim-copia-copia-2\/","name":"LOLA SLIM, Design Stehlampe mit Metallfu\u00df Au\u00dfen","isPartOf":{"@id":"https:\/\/newgarden.es\/#website"},"primaryImageOfPage":{"@id":"https:\/\/newgarden.es\/de\/shop\/lightdeco-de\/tischlampe\/lola-slim-copia-copia-2\/#primaryimage"},"image":{"@id":"https:\/\/newgarden.es\/de\/shop\/lightdeco-de\/tischlampe\/lola-slim-copia-copia-2\/#primaryimage"},"thumbnailUrl":"https:\/\/newgarden.es\/wp-content\/uploads\/2020\/03\/LOLA_SLIM_30_BATTERY_1200X1200-38.jpg","datePublished":"2020-03-06T15:48:52+00:00","dateModified":"2023-04-12T08:31:31+00:00","description":"Es ist eine der Stehleuchte f\u00fcr die Au\u00dfen Highlights in LOLA FAMILY seinen Metallfu\u00df: schmal und elegant. Seine H\u00f6he macht dieses Produkt eine Lampe, die ohne brechen die \u00c4sthetik dieser in jeden Raum einf\u00fcgt.","breadcrumb":{"@id":"https:\/\/newgarden.es\/de\/shop\/lightdeco-de\/tischlampe\/lola-slim-copia-copia-2\/#breadcrumb"},"inLanguage":"de","potentialAction":[{"@type":"ReadAction","target":["https:\/\/newgarden.es\/de\/shop\/lightdeco-de\/tischlampe\/lola-slim-copia-copia-2\/"]}]},{"@type":"ImageObject","inLanguage":"de","@id":"https:\/\/newgarden.es\/de\/shop\/lightdeco-de\/tischlampe\/lola-slim-copia-copia-2\/#primaryimage","url":"https:\/\/newgarden.es\/wp-content\/uploads\/2020\/03\/LOLA_SLIM_30_BATTERY_1200X1200-38.jpg","contentUrl":"https:\/\/newgarden.es\/wp-content\/uploads\/2020\/03\/LOLA_SLIM_30_BATTERY_1200X1200-38.jpg","width":1200,"height":1200},{"@type":"BreadcrumbList","@id":"https:\/\/newgarden.es\/de\/shop\/lightdeco-de\/tischlampe\/lola-slim-copia-copia-2\/#breadcrumb","itemListElement":[{"@type":"ListItem","position":1,"name":"Home","item":"https:\/\/newgarden.es\/de\/"},{"@type":"ListItem","position":2,"name":"Shop","item":"https:\/\/newgarden.es\/de\/shop\/"},{"@type":"ListItem","position":3,"name":"TISCHLAMPE LOLA SLIM 30"}]},{"@type":"WebSite","@id":"https:\/\/newgarden.es\/#website","url":"https:\/\/newgarden.es\/","name":"Newgarden","description":"Be happy","potentialAction":[{"@type":"SearchAction","target":{"@type":"EntryPoint","urlTemplate":"https:\/\/newgarden.es\/?s={search_term_string}"},"query-input":{"@type":"PropertyValueSpecification","valueRequired":true,"valueName":"search_term_string"}}],"inLanguage":"de"}]}},"df_price":33.6,"df_sale_price":"","df_regular_price":33.6,"df_image_link":"https:\/\/newgarden.es\/wp-content\/uploads\/2020\/03\/LOLA_SLIM_30_BATTERY_1200X1200-38-580x400.jpg","_links":{"self":[{"href":"https:\/\/newgarden.es\/de\/wp-json\/wp\/v2\/product\/26726"}],"collection":[{"href":"https:\/\/newgarden.es\/de\/wp-json\/wp\/v2\/product"}],"about":[{"href":"https:\/\/newgarden.es\/de\/wp-json\/wp\/v2\/types\/product"}],"wp:featuredmedia":[{"embeddable":true,"href":"https:\/\/newgarden.es\/de\/wp-json\/wp\/v2\/media\/61267"}],"wp:attachment":[{"href":"https:\/\/newgarden.es\/de\/wp-json\/wp\/v2\/media?parent=26726"}],"wp:term":[{"taxonomy":"product_cat","embeddable":true,"href":"https:\/\/newgarden.es\/de\/wp-json\/wp\/v2\/product_cat?post=26726"},{"taxonomy":"product_tag","embeddable":true,"href":"https:\/\/newgarden.es\/de\/wp-json\/wp\/v2\/product_tag?post=26726"}],"curies":[{"name":"wp","href":"https:\/\/api.w.org\/{rel}","templated":true}]}}