{"id":29761,"date":"2020-07-14T11:15:04","date_gmt":"2020-07-14T09:15:08","guid":{"rendered":"https:\/\/newgarden.es\/?post_type=product&#038;p=29761"},"modified":"2024-06-13T11:53:15","modified_gmt":"2024-06-13T09:53:15","slug":"runde-pflanzen-hortensia-50-farbe","status":"publish","type":"product","link":"https:\/\/newgarden.es\/de\/shop\/blumentopfs\/blumentopfs-ohne-beleuchtung\/runde-pflanzen-hortensia-50-farbe\/","title":{"rendered":"RUNDE PFLANZEN HORTENSIA 50 FARBE"},"content":{"rendered":"<section class=\"wpb-content-wrapper\"><p>[vc_row][vc_column el_class=&#8220;descripcion_producto&#8220;][vc_column_text]<\/p>\n<p style=\"text-align: justify;\">Hortensia 50 es una de las <a href=\"https:\/\/newgarden.es\/categoria-producto\/novedades\/\">Novedades<\/a> dentro de la gama de maceteros de Newgarden. Es un macetero redondo con una gran base de plantaci\u00f3n. L\u00edneas redondeadas y texturizado en acabado liso.<\/p>\n<p style=\"text-align: justify;\">Es un modelo perfecto para cualquier rinc\u00f3n de tu jard\u00edn, exterior, terrazas o negocios. El modelo Hortensia 40 es el macetero ideal para darle ese toque de dise\u00f1o a tu jard\u00edn ya que combina en cualquier ambiente.<\/p>\n<p>Est\u00e1 disponible en varios tama\u00f1os (30, 40, 50 y 80) y acabados (blanco, bronce, negro, gris, topo, rosa soft y verde soft).<\/p>\n<p style=\"text-align: justify;\"><em>El Macetero Hortensia est\u00e1 fabricado en polietileno, por lo que es ligero y muy resistente a temperaturas extremas. Tambi\u00e9n est\u00e1n protegidos contra los rayos UV, haciendo que la vida \u00fatil del producto sea extraordinariamente larga. \u00a0<\/em><\/p>\n<p>[\/vc_column_text][\/vc_column][\/vc_row][vc_row disable_element=&#8220;yes&#8220;][vc_column][vc_single_image image=&#8220;6566&#8243; img_size=&#8220;full&#8220;][\/vc_column][\/vc_row][vc_row][vc_column width=&#8220;1\/2&#8243;][vc_btn title=&#8220;Technisches Datenblatt&#8220; style=&#8220;custom&#8220; custom_background=&#8220;#009bc2&#8243; custom_text=&#8220;#ffffff&#8220; shape=&#8220;square&#8220; link=&#8220;url:https%3A%2F%2Fbit.ly%2F3QDzQSe|target:%20_blank|&#8220; el_class=&#8220;btn_descargar_ficha&#8220;][\/vc_column][\/vc_row]<\/p>\n<\/section>","protected":false},"excerpt":{"rendered":"<h1 style=\"font-size: 12px;\">RUNDE PFLANZEN HORTENSIA 50 FARBE<\/h1>\n","protected":false},"featured_media":61362,"template":"","meta":[],"product_cat":[783,806,1594],"product_tag":[],"class_list":{"0":"post-29761","1":"product","2":"type-product","3":"status-publish","4":"has-post-thumbnail","6":"product_cat-blumentopfs","7":"product_cat-blumentopfs-ohne-beleuchtung","8":"product_cat-runde-blumentopfs","10":"first","11":"instock","12":"taxable","13":"shipping-taxable","14":"purchasable","15":"product-type-variable"},"yoast_head":"<!-- This site is optimized with the Yoast SEO plugin v24.2 - https:\/\/yoast.com\/wordpress\/plugins\/seo\/ -->\n<title>RUNDE PFLANZEN HORTENSIA 50 FARBE<\/title>\n<meta name=\"description\" content=\"Hortensie ist eine der\u00a0neuheiten\u00a0\u00a0innerhalb des Newgarden-Sortiments an Blument\u00f6pfen. Es ist ein runder Pflanzer mit einer gro\u00dfen Pflanzbasis. Abgerundete Linien und strukturiert in einem glatten Finish\" \/>\n<meta name=\"robots\" content=\"index, follow, max-snippet:-1, max-image-preview:large, max-video-preview:-1\" \/>\n<link rel=\"canonical\" href=\"https:\/\/newgarden.es\/de\/shop\/blumentopfs\/blumentopfs-ohne-beleuchtung\/runde-pflanzen-hortensia-50-farbe\/\" \/>\n<meta property=\"og:locale\" content=\"de_DE\" \/>\n<meta property=\"og:type\" content=\"article\" \/>\n<meta property=\"og:title\" content=\"RUNDE PFLANZEN HORTENSIA 50 FARBE\" \/>\n<meta property=\"og:description\" content=\"Hortensie ist eine der\u00a0neuheiten\u00a0\u00a0innerhalb des Newgarden-Sortiments an Blument\u00f6pfen. Es ist ein runder Pflanzer mit einer gro\u00dfen Pflanzbasis. Abgerundete Linien und strukturiert in einem glatten Finish\" \/>\n<meta property=\"og:url\" content=\"https:\/\/newgarden.es\/de\/shop\/blumentopfs\/blumentopfs-ohne-beleuchtung\/runde-pflanzen-hortensia-50-farbe\/\" \/>\n<meta property=\"og:site_name\" content=\"Newgarden\" \/>\n<meta property=\"article:modified_time\" content=\"2024-06-13T09:53:15+00:00\" \/>\n<meta property=\"og:image\" content=\"https:\/\/newgarden.es\/wp-content\/uploads\/2020\/07\/HORTENSIA_30_40_50_80_OPACOS_1200X1200-32.jpg\" \/>\n\t<meta property=\"og:image:width\" content=\"1200\" \/>\n\t<meta property=\"og:image:height\" content=\"1200\" \/>\n\t<meta property=\"og:image:type\" content=\"image\/jpeg\" \/>\n<meta name=\"twitter:card\" content=\"summary_large_image\" \/>\n<meta name=\"twitter:label1\" content=\"Gesch\u00e4tzte Lesezeit\" \/>\n\t<meta name=\"twitter:data1\" content=\"1\u00a0Minute\" \/>\n<script type=\"application\/ld+json\" class=\"yoast-schema-graph\">{\"@context\":\"https:\/\/schema.org\",\"@graph\":[{\"@type\":\"WebPage\",\"@id\":\"https:\/\/newgarden.es\/de\/shop\/blumentopfs\/blumentopfs-ohne-beleuchtung\/runde-pflanzen-hortensia-50-farbe\/\",\"url\":\"https:\/\/newgarden.es\/de\/shop\/blumentopfs\/blumentopfs-ohne-beleuchtung\/runde-pflanzen-hortensia-50-farbe\/\",\"name\":\"RUNDE PFLANZEN HORTENSIA 50 FARBE\",\"isPartOf\":{\"@id\":\"https:\/\/newgarden.es\/#website\"},\"primaryImageOfPage\":{\"@id\":\"https:\/\/newgarden.es\/de\/shop\/blumentopfs\/blumentopfs-ohne-beleuchtung\/runde-pflanzen-hortensia-50-farbe\/#primaryimage\"},\"image\":{\"@id\":\"https:\/\/newgarden.es\/de\/shop\/blumentopfs\/blumentopfs-ohne-beleuchtung\/runde-pflanzen-hortensia-50-farbe\/#primaryimage\"},\"thumbnailUrl\":\"https:\/\/newgarden.es\/wp-content\/uploads\/2020\/07\/HORTENSIA_30_40_50_80_OPACOS_1200X1200-32.jpg\",\"datePublished\":\"2020-07-14T09:15:08+00:00\",\"dateModified\":\"2024-06-13T09:53:15+00:00\",\"description\":\"Hortensie ist eine der\u00a0neuheiten\u00a0\u00a0innerhalb des Newgarden-Sortiments an Blument\u00f6pfen. Es ist ein runder Pflanzer mit einer gro\u00dfen Pflanzbasis. Abgerundete Linien und strukturiert in einem glatten Finish\",\"breadcrumb\":{\"@id\":\"https:\/\/newgarden.es\/de\/shop\/blumentopfs\/blumentopfs-ohne-beleuchtung\/runde-pflanzen-hortensia-50-farbe\/#breadcrumb\"},\"inLanguage\":\"de\",\"potentialAction\":[{\"@type\":\"ReadAction\",\"target\":[\"https:\/\/newgarden.es\/de\/shop\/blumentopfs\/blumentopfs-ohne-beleuchtung\/runde-pflanzen-hortensia-50-farbe\/\"]}]},{\"@type\":\"ImageObject\",\"inLanguage\":\"de\",\"@id\":\"https:\/\/newgarden.es\/de\/shop\/blumentopfs\/blumentopfs-ohne-beleuchtung\/runde-pflanzen-hortensia-50-farbe\/#primaryimage\",\"url\":\"https:\/\/newgarden.es\/wp-content\/uploads\/2020\/07\/HORTENSIA_30_40_50_80_OPACOS_1200X1200-32.jpg\",\"contentUrl\":\"https:\/\/newgarden.es\/wp-content\/uploads\/2020\/07\/HORTENSIA_30_40_50_80_OPACOS_1200X1200-32.jpg\",\"width\":1200,\"height\":1200},{\"@type\":\"BreadcrumbList\",\"@id\":\"https:\/\/newgarden.es\/de\/shop\/blumentopfs\/blumentopfs-ohne-beleuchtung\/runde-pflanzen-hortensia-50-farbe\/#breadcrumb\",\"itemListElement\":[{\"@type\":\"ListItem\",\"position\":1,\"name\":\"Home\",\"item\":\"https:\/\/newgarden.es\/de\/\"},{\"@type\":\"ListItem\",\"position\":2,\"name\":\"Shop\",\"item\":\"https:\/\/newgarden.es\/de\/shop\/\"},{\"@type\":\"ListItem\",\"position\":3,\"name\":\"RUNDE PFLANZEN HORTENSIA 50 FARBE\"}]},{\"@type\":\"WebSite\",\"@id\":\"https:\/\/newgarden.es\/#website\",\"url\":\"https:\/\/newgarden.es\/\",\"name\":\"Newgarden\",\"description\":\"Be happy\",\"potentialAction\":[{\"@type\":\"SearchAction\",\"target\":{\"@type\":\"EntryPoint\",\"urlTemplate\":\"https:\/\/newgarden.es\/?s={search_term_string}\"},\"query-input\":{\"@type\":\"PropertyValueSpecification\",\"valueRequired\":true,\"valueName\":\"search_term_string\"}}],\"inLanguage\":\"de\"}]}<\/script>\n<!-- \/ Yoast SEO plugin. -->","yoast_head_json":{"title":"RUNDE PFLANZEN HORTENSIA 50 FARBE","description":"Hortensie ist eine der\u00a0neuheiten\u00a0\u00a0innerhalb des Newgarden-Sortiments an Blument\u00f6pfen. Es ist ein runder Pflanzer mit einer gro\u00dfen Pflanzbasis. Abgerundete Linien und strukturiert in einem glatten Finish","robots":{"index":"index","follow":"follow","max-snippet":"max-snippet:-1","max-image-preview":"max-image-preview:large","max-video-preview":"max-video-preview:-1"},"canonical":"https:\/\/newgarden.es\/de\/shop\/blumentopfs\/blumentopfs-ohne-beleuchtung\/runde-pflanzen-hortensia-50-farbe\/","og_locale":"de_DE","og_type":"article","og_title":"RUNDE PFLANZEN HORTENSIA 50 FARBE","og_description":"Hortensie ist eine der\u00a0neuheiten\u00a0\u00a0innerhalb des Newgarden-Sortiments an Blument\u00f6pfen. Es ist ein runder Pflanzer mit einer gro\u00dfen Pflanzbasis. Abgerundete Linien und strukturiert in einem glatten Finish","og_url":"https:\/\/newgarden.es\/de\/shop\/blumentopfs\/blumentopfs-ohne-beleuchtung\/runde-pflanzen-hortensia-50-farbe\/","og_site_name":"Newgarden","article_modified_time":"2024-06-13T09:53:15+00:00","og_image":[{"width":1200,"height":1200,"url":"https:\/\/newgarden.es\/wp-content\/uploads\/2020\/07\/HORTENSIA_30_40_50_80_OPACOS_1200X1200-32.jpg","type":"image\/jpeg"}],"twitter_card":"summary_large_image","twitter_misc":{"Gesch\u00e4tzte Lesezeit":"1\u00a0Minute"},"schema":{"@context":"https:\/\/schema.org","@graph":[{"@type":"WebPage","@id":"https:\/\/newgarden.es\/de\/shop\/blumentopfs\/blumentopfs-ohne-beleuchtung\/runde-pflanzen-hortensia-50-farbe\/","url":"https:\/\/newgarden.es\/de\/shop\/blumentopfs\/blumentopfs-ohne-beleuchtung\/runde-pflanzen-hortensia-50-farbe\/","name":"RUNDE PFLANZEN HORTENSIA 50 FARBE","isPartOf":{"@id":"https:\/\/newgarden.es\/#website"},"primaryImageOfPage":{"@id":"https:\/\/newgarden.es\/de\/shop\/blumentopfs\/blumentopfs-ohne-beleuchtung\/runde-pflanzen-hortensia-50-farbe\/#primaryimage"},"image":{"@id":"https:\/\/newgarden.es\/de\/shop\/blumentopfs\/blumentopfs-ohne-beleuchtung\/runde-pflanzen-hortensia-50-farbe\/#primaryimage"},"thumbnailUrl":"https:\/\/newgarden.es\/wp-content\/uploads\/2020\/07\/HORTENSIA_30_40_50_80_OPACOS_1200X1200-32.jpg","datePublished":"2020-07-14T09:15:08+00:00","dateModified":"2024-06-13T09:53:15+00:00","description":"Hortensie ist eine der\u00a0neuheiten\u00a0\u00a0innerhalb des Newgarden-Sortiments an Blument\u00f6pfen. Es ist ein runder Pflanzer mit einer gro\u00dfen Pflanzbasis. Abgerundete Linien und strukturiert in einem glatten Finish","breadcrumb":{"@id":"https:\/\/newgarden.es\/de\/shop\/blumentopfs\/blumentopfs-ohne-beleuchtung\/runde-pflanzen-hortensia-50-farbe\/#breadcrumb"},"inLanguage":"de","potentialAction":[{"@type":"ReadAction","target":["https:\/\/newgarden.es\/de\/shop\/blumentopfs\/blumentopfs-ohne-beleuchtung\/runde-pflanzen-hortensia-50-farbe\/"]}]},{"@type":"ImageObject","inLanguage":"de","@id":"https:\/\/newgarden.es\/de\/shop\/blumentopfs\/blumentopfs-ohne-beleuchtung\/runde-pflanzen-hortensia-50-farbe\/#primaryimage","url":"https:\/\/newgarden.es\/wp-content\/uploads\/2020\/07\/HORTENSIA_30_40_50_80_OPACOS_1200X1200-32.jpg","contentUrl":"https:\/\/newgarden.es\/wp-content\/uploads\/2020\/07\/HORTENSIA_30_40_50_80_OPACOS_1200X1200-32.jpg","width":1200,"height":1200},{"@type":"BreadcrumbList","@id":"https:\/\/newgarden.es\/de\/shop\/blumentopfs\/blumentopfs-ohne-beleuchtung\/runde-pflanzen-hortensia-50-farbe\/#breadcrumb","itemListElement":[{"@type":"ListItem","position":1,"name":"Home","item":"https:\/\/newgarden.es\/de\/"},{"@type":"ListItem","position":2,"name":"Shop","item":"https:\/\/newgarden.es\/de\/shop\/"},{"@type":"ListItem","position":3,"name":"RUNDE PFLANZEN HORTENSIA 50 FARBE"}]},{"@type":"WebSite","@id":"https:\/\/newgarden.es\/#website","url":"https:\/\/newgarden.es\/","name":"Newgarden","description":"Be happy","potentialAction":[{"@type":"SearchAction","target":{"@type":"EntryPoint","urlTemplate":"https:\/\/newgarden.es\/?s={search_term_string}"},"query-input":{"@type":"PropertyValueSpecification","valueRequired":true,"valueName":"search_term_string"}}],"inLanguage":"de"}]}},"df_price":79.7,"df_sale_price":"","df_regular_price":79.7,"df_image_link":"https:\/\/newgarden.es\/wp-content\/uploads\/2020\/07\/HORTENSIA_30_40_50_80_OPACOS_1200X1200-32-580x400.jpg","_links":{"self":[{"href":"https:\/\/newgarden.es\/de\/wp-json\/wp\/v2\/product\/29761"}],"collection":[{"href":"https:\/\/newgarden.es\/de\/wp-json\/wp\/v2\/product"}],"about":[{"href":"https:\/\/newgarden.es\/de\/wp-json\/wp\/v2\/types\/product"}],"wp:featuredmedia":[{"embeddable":true,"href":"https:\/\/newgarden.es\/de\/wp-json\/wp\/v2\/media\/61362"}],"wp:attachment":[{"href":"https:\/\/newgarden.es\/de\/wp-json\/wp\/v2\/media?parent=29761"}],"wp:term":[{"taxonomy":"product_cat","embeddable":true,"href":"https:\/\/newgarden.es\/de\/wp-json\/wp\/v2\/product_cat?post=29761"},{"taxonomy":"product_tag","embeddable":true,"href":"https:\/\/newgarden.es\/de\/wp-json\/wp\/v2\/product_tag?post=29761"}],"curies":[{"name":"wp","href":"https:\/\/api.w.org\/{rel}","templated":true}]}}