{"id":30236,"date":"2019-10-11T08:50:15","date_gmt":"2020-08-05T09:44:36","guid":{"rendered":"https:\/\/newgarden.es\/?post_type=product&#038;p=30236"},"modified":"2023-03-22T12:57:39","modified_gmt":"2023-03-22T11:57:39","slug":"pendelleuchte-bossa","status":"publish","type":"product","link":"https:\/\/newgarden.es\/de\/shop\/lightdeco-de\/pendelleuchten\/pendelleuchte-bossa\/","title":{"rendered":"PENDELLEUCHTE BOSSA HANG"},"content":{"rendered":"<section class=\"wpb-content-wrapper\"><p>[vc_row][vc_column][vc_column_text]Die Bossa Pendelleuchte ist eine der NEWGARDEN-Neuheiten. Sie eignet sich sowohl f\u00fcr den Innenbereich Ihres Hauses als auch f\u00fcr jede Ecke im Freien, im Garten, auf der Terrasse oder im Gesch\u00e4ft. Sie ist auch ideal f\u00fcr Veranstaltungen und Partys, da sie nicht installiert werden muss.<\/p>\n<p>Se puede combinar con con los modelos colgantes Nature <a href=\"https:\/\/newgarden.es\/shop\/coleccion\/lightdeco\/reona-sisine\/\">Sisine<\/a>, <a href=\"https:\/\/newgarden.es\/de\/shop\/lightdeco-de\/reona\/\">Reona<\/a> y <a href=\"https:\/\/newgarden.es\/de\/shop\/lightdeco-de\/calobra\/\">Calobra<\/a> para crear composiciones realmente sorprendentes.<\/p>\n<p>La l\u00e1mpara Nature Bossa incluye cuerda de 3 metros, tulipa y la bombilla con 3 intensidades hasta 500 l\u00famenes de Luz y una <strong>autonom\u00eda de 6 a 20 horas<\/strong>.[\/vc_column_text][\/vc_column][\/vc_row][vc_row][vc_column width=&#8220;1\/2&#8243;][vc_btn title=&#8220;TECHNISCHE DATEN&#8220; style=&#8220;custom&#8220; custom_background=&#8220;#009bc2&#8243; custom_text=&#8220;#ffffff&#8220; link=&#8220;url:https%3A%2F%2Fbit.ly%2F3b9BlHr|target:%20_blank|&#8220; el_class=&#8220;btn_descargar_ficha&#8220;][\/vc_column][vc_column width=&#8220;1\/2&#8243;][vc_btn title=&#8220;GEBRAUCHSANWEISUNG&#8220; style=&#8220;custom&#8220; custom_background=&#8220;#009bc2&#8243; custom_text=&#8220;#ffffff&#8220; link=&#8220;url:https%3A%2F%2Fbit.ly%2F3Jvxodk|target:%20_blank|&#8220; el_class=&#8220;btn_descargar_ficha&#8220;][\/vc_column][\/vc_row]<\/p>\n<\/section>","protected":false},"excerpt":{"rendered":"<h5><strong>PENDELLEUCHTE BOSSA<\/strong><\/h5>\n","protected":false},"featured_media":57720,"template":"","meta":[],"product_cat":[763,1568,819],"product_tag":[],"class_list":{"0":"post-30236","1":"product","2":"type-product","3":"status-publish","4":"has-post-thumbnail","6":"product_cat-lightdeco-de","7":"product_cat-kabellose-deckenleuchten","8":"product_cat-pendelleuchten","10":"first","11":"instock","12":"taxable","13":"shipping-taxable","14":"purchasable","15":"product-type-variable"},"yoast_head":"<!-- This site is optimized with the Yoast SEO plugin v24.2 - https:\/\/yoast.com\/wordpress\/plugins\/seo\/ -->\n<title>PENDELLEUCHTE BOSSA HANG - Newgarden<\/title>\n<meta name=\"description\" content=\"Die Pendelleuchte BOSSA ist eine der trendigen Neuheiten von NEWGARDEN. Sie ist perfekt f\u00fcr Gartenpartys geeignet, da sie nicht aufwendig installiert werden muss.\" \/>\n<meta name=\"robots\" content=\"index, follow, max-snippet:-1, max-image-preview:large, max-video-preview:-1\" \/>\n<link rel=\"canonical\" href=\"https:\/\/newgarden.es\/de\/shop\/lightdeco-de\/pendelleuchten\/pendelleuchte-bossa\/\" \/>\n<meta property=\"og:locale\" content=\"de_DE\" \/>\n<meta property=\"og:type\" content=\"article\" \/>\n<meta property=\"og:title\" content=\"PENDELLEUCHTE BOSSA HANG - Newgarden\" \/>\n<meta property=\"og:description\" content=\"Die Pendelleuchte BOSSA ist eine der trendigen Neuheiten von NEWGARDEN. Sie ist perfekt f\u00fcr Gartenpartys geeignet, da sie nicht aufwendig installiert werden muss.\" \/>\n<meta property=\"og:url\" content=\"https:\/\/newgarden.es\/de\/shop\/lightdeco-de\/pendelleuchten\/pendelleuchte-bossa\/\" \/>\n<meta property=\"og:site_name\" content=\"Newgarden\" \/>\n<meta property=\"article:modified_time\" content=\"2023-03-22T11:57:39+00:00\" \/>\n<meta property=\"og:image\" content=\"https:\/\/newgarden.es\/wp-content\/uploads\/2019\/10\/BOSSA_HANG_BATTERY_1200X1200-6-1.jpg\" \/>\n\t<meta property=\"og:image:width\" content=\"1200\" \/>\n\t<meta property=\"og:image:height\" content=\"1200\" \/>\n\t<meta property=\"og:image:type\" content=\"image\/jpeg\" \/>\n<meta name=\"twitter:card\" content=\"summary_large_image\" \/>\n<meta name=\"twitter:label1\" content=\"Gesch\u00e4tzte Lesezeit\" \/>\n\t<meta name=\"twitter:data1\" content=\"1\u00a0Minute\" \/>\n<script type=\"application\/ld+json\" class=\"yoast-schema-graph\">{\"@context\":\"https:\/\/schema.org\",\"@graph\":[{\"@type\":\"WebPage\",\"@id\":\"https:\/\/newgarden.es\/de\/shop\/lightdeco-de\/pendelleuchten\/pendelleuchte-bossa\/\",\"url\":\"https:\/\/newgarden.es\/de\/shop\/lightdeco-de\/pendelleuchten\/pendelleuchte-bossa\/\",\"name\":\"PENDELLEUCHTE BOSSA HANG - Newgarden\",\"isPartOf\":{\"@id\":\"https:\/\/newgarden.es\/#website\"},\"primaryImageOfPage\":{\"@id\":\"https:\/\/newgarden.es\/de\/shop\/lightdeco-de\/pendelleuchten\/pendelleuchte-bossa\/#primaryimage\"},\"image\":{\"@id\":\"https:\/\/newgarden.es\/de\/shop\/lightdeco-de\/pendelleuchten\/pendelleuchte-bossa\/#primaryimage\"},\"thumbnailUrl\":\"https:\/\/newgarden.es\/wp-content\/uploads\/2019\/10\/BOSSA_HANG_BATTERY_1200X1200-6-1.jpg\",\"datePublished\":\"2020-08-05T09:44:36+00:00\",\"dateModified\":\"2023-03-22T11:57:39+00:00\",\"description\":\"Die Pendelleuchte BOSSA ist eine der trendigen Neuheiten von NEWGARDEN. Sie ist perfekt f\u00fcr Gartenpartys geeignet, da sie nicht aufwendig installiert werden muss.\",\"breadcrumb\":{\"@id\":\"https:\/\/newgarden.es\/de\/shop\/lightdeco-de\/pendelleuchten\/pendelleuchte-bossa\/#breadcrumb\"},\"inLanguage\":\"de\",\"potentialAction\":[{\"@type\":\"ReadAction\",\"target\":[\"https:\/\/newgarden.es\/de\/shop\/lightdeco-de\/pendelleuchten\/pendelleuchte-bossa\/\"]}]},{\"@type\":\"ImageObject\",\"inLanguage\":\"de\",\"@id\":\"https:\/\/newgarden.es\/de\/shop\/lightdeco-de\/pendelleuchten\/pendelleuchte-bossa\/#primaryimage\",\"url\":\"https:\/\/newgarden.es\/wp-content\/uploads\/2019\/10\/BOSSA_HANG_BATTERY_1200X1200-6-1.jpg\",\"contentUrl\":\"https:\/\/newgarden.es\/wp-content\/uploads\/2019\/10\/BOSSA_HANG_BATTERY_1200X1200-6-1.jpg\",\"width\":1200,\"height\":1200},{\"@type\":\"BreadcrumbList\",\"@id\":\"https:\/\/newgarden.es\/de\/shop\/lightdeco-de\/pendelleuchten\/pendelleuchte-bossa\/#breadcrumb\",\"itemListElement\":[{\"@type\":\"ListItem\",\"position\":1,\"name\":\"Home\",\"item\":\"https:\/\/newgarden.es\/de\/\"},{\"@type\":\"ListItem\",\"position\":2,\"name\":\"Shop\",\"item\":\"https:\/\/newgarden.es\/de\/shop\/\"},{\"@type\":\"ListItem\",\"position\":3,\"name\":\"PENDELLEUCHTE BOSSA HANG\"}]},{\"@type\":\"WebSite\",\"@id\":\"https:\/\/newgarden.es\/#website\",\"url\":\"https:\/\/newgarden.es\/\",\"name\":\"Newgarden\",\"description\":\"Be happy\",\"potentialAction\":[{\"@type\":\"SearchAction\",\"target\":{\"@type\":\"EntryPoint\",\"urlTemplate\":\"https:\/\/newgarden.es\/?s={search_term_string}\"},\"query-input\":{\"@type\":\"PropertyValueSpecification\",\"valueRequired\":true,\"valueName\":\"search_term_string\"}}],\"inLanguage\":\"de\"}]}<\/script>\n<!-- \/ Yoast SEO plugin. -->","yoast_head_json":{"title":"PENDELLEUCHTE BOSSA HANG - Newgarden","description":"Die Pendelleuchte BOSSA ist eine der trendigen Neuheiten von NEWGARDEN. Sie ist perfekt f\u00fcr Gartenpartys geeignet, da sie nicht aufwendig installiert werden muss.","robots":{"index":"index","follow":"follow","max-snippet":"max-snippet:-1","max-image-preview":"max-image-preview:large","max-video-preview":"max-video-preview:-1"},"canonical":"https:\/\/newgarden.es\/de\/shop\/lightdeco-de\/pendelleuchten\/pendelleuchte-bossa\/","og_locale":"de_DE","og_type":"article","og_title":"PENDELLEUCHTE BOSSA HANG - Newgarden","og_description":"Die Pendelleuchte BOSSA ist eine der trendigen Neuheiten von NEWGARDEN. Sie ist perfekt f\u00fcr Gartenpartys geeignet, da sie nicht aufwendig installiert werden muss.","og_url":"https:\/\/newgarden.es\/de\/shop\/lightdeco-de\/pendelleuchten\/pendelleuchte-bossa\/","og_site_name":"Newgarden","article_modified_time":"2023-03-22T11:57:39+00:00","og_image":[{"width":1200,"height":1200,"url":"https:\/\/newgarden.es\/wp-content\/uploads\/2019\/10\/BOSSA_HANG_BATTERY_1200X1200-6-1.jpg","type":"image\/jpeg"}],"twitter_card":"summary_large_image","twitter_misc":{"Gesch\u00e4tzte Lesezeit":"1\u00a0Minute"},"schema":{"@context":"https:\/\/schema.org","@graph":[{"@type":"WebPage","@id":"https:\/\/newgarden.es\/de\/shop\/lightdeco-de\/pendelleuchten\/pendelleuchte-bossa\/","url":"https:\/\/newgarden.es\/de\/shop\/lightdeco-de\/pendelleuchten\/pendelleuchte-bossa\/","name":"PENDELLEUCHTE BOSSA HANG - Newgarden","isPartOf":{"@id":"https:\/\/newgarden.es\/#website"},"primaryImageOfPage":{"@id":"https:\/\/newgarden.es\/de\/shop\/lightdeco-de\/pendelleuchten\/pendelleuchte-bossa\/#primaryimage"},"image":{"@id":"https:\/\/newgarden.es\/de\/shop\/lightdeco-de\/pendelleuchten\/pendelleuchte-bossa\/#primaryimage"},"thumbnailUrl":"https:\/\/newgarden.es\/wp-content\/uploads\/2019\/10\/BOSSA_HANG_BATTERY_1200X1200-6-1.jpg","datePublished":"2020-08-05T09:44:36+00:00","dateModified":"2023-03-22T11:57:39+00:00","description":"Die Pendelleuchte BOSSA ist eine der trendigen Neuheiten von NEWGARDEN. Sie ist perfekt f\u00fcr Gartenpartys geeignet, da sie nicht aufwendig installiert werden muss.","breadcrumb":{"@id":"https:\/\/newgarden.es\/de\/shop\/lightdeco-de\/pendelleuchten\/pendelleuchte-bossa\/#breadcrumb"},"inLanguage":"de","potentialAction":[{"@type":"ReadAction","target":["https:\/\/newgarden.es\/de\/shop\/lightdeco-de\/pendelleuchten\/pendelleuchte-bossa\/"]}]},{"@type":"ImageObject","inLanguage":"de","@id":"https:\/\/newgarden.es\/de\/shop\/lightdeco-de\/pendelleuchten\/pendelleuchte-bossa\/#primaryimage","url":"https:\/\/newgarden.es\/wp-content\/uploads\/2019\/10\/BOSSA_HANG_BATTERY_1200X1200-6-1.jpg","contentUrl":"https:\/\/newgarden.es\/wp-content\/uploads\/2019\/10\/BOSSA_HANG_BATTERY_1200X1200-6-1.jpg","width":1200,"height":1200},{"@type":"BreadcrumbList","@id":"https:\/\/newgarden.es\/de\/shop\/lightdeco-de\/pendelleuchten\/pendelleuchte-bossa\/#breadcrumb","itemListElement":[{"@type":"ListItem","position":1,"name":"Home","item":"https:\/\/newgarden.es\/de\/"},{"@type":"ListItem","position":2,"name":"Shop","item":"https:\/\/newgarden.es\/de\/shop\/"},{"@type":"ListItem","position":3,"name":"PENDELLEUCHTE BOSSA HANG"}]},{"@type":"WebSite","@id":"https:\/\/newgarden.es\/#website","url":"https:\/\/newgarden.es\/","name":"Newgarden","description":"Be happy","potentialAction":[{"@type":"SearchAction","target":{"@type":"EntryPoint","urlTemplate":"https:\/\/newgarden.es\/?s={search_term_string}"},"query-input":{"@type":"PropertyValueSpecification","valueRequired":true,"valueName":"search_term_string"}}],"inLanguage":"de"}]}},"df_price":55,"df_sale_price":"","df_regular_price":55,"df_image_link":"https:\/\/newgarden.es\/wp-content\/uploads\/2019\/10\/BOSSA_HANG_BATTERY_1200X1200-6-1-580x400.jpg","_links":{"self":[{"href":"https:\/\/newgarden.es\/de\/wp-json\/wp\/v2\/product\/30236"}],"collection":[{"href":"https:\/\/newgarden.es\/de\/wp-json\/wp\/v2\/product"}],"about":[{"href":"https:\/\/newgarden.es\/de\/wp-json\/wp\/v2\/types\/product"}],"wp:featuredmedia":[{"embeddable":true,"href":"https:\/\/newgarden.es\/de\/wp-json\/wp\/v2\/media\/57720"}],"wp:attachment":[{"href":"https:\/\/newgarden.es\/de\/wp-json\/wp\/v2\/media?parent=30236"}],"wp:term":[{"taxonomy":"product_cat","embeddable":true,"href":"https:\/\/newgarden.es\/de\/wp-json\/wp\/v2\/product_cat?post=30236"},{"taxonomy":"product_tag","embeddable":true,"href":"https:\/\/newgarden.es\/de\/wp-json\/wp\/v2\/product_tag?post=30236"}],"curies":[{"name":"wp","href":"https:\/\/api.w.org\/{rel}","templated":true}]}}