{"id":30247,"date":"2019-10-11T13:51:15","date_gmt":"2020-08-05T10:10:56","guid":{"rendered":"https:\/\/newgarden.es\/?post_type=product&#038;p=30247"},"modified":"2021-07-29T14:52:40","modified_gmt":"2021-07-29T12:52:40","slug":"reona","status":"publish","type":"product","link":"https:\/\/newgarden.es\/de\/shop\/lightdeco-de\/pendelleuchten\/reona\/","title":{"rendered":"PENDELLEUCHTE REONA"},"content":{"rendered":"<section class=\"wpb-content-wrapper\"><p>[vc_row][vc_column][vc_column_text]<\/p>\n<p>[\/vc_column_text][\/vc_column][\/vc_row][vc_row][vc_column el_class=&#8220;descripcion_producto&#8220;][vc_column_text]<\/p>\n<p>PENDELLEUCHTE REONA NATURE: Die Reona Pendelleuchte ist eines der neuen Produkte von NEWGARDEN. Es eignet sich perfekt f\u00fcr Veranstaltungen und Partys, da es nicht installiert werden muss. Es ist auch ideal f\u00fcr den Innenbereich Ihres Hauses sowie f\u00fcr jede Au\u00dfenecke, Garten, Terrasse oder Gesch\u00e4ft.<\/p>\n<p>Kombinieren Sie es mit den h\u00e4ngenden Modellen Sisine, Bossa und Calobra, um wirklich \u00fcberraschende Kompositionen zu schaffen. Alle diese h\u00e4ngenden Modelle sind IP54<\/p>\n<p>Die Design-H\u00e4ngeleuchte Reona umfasst ein 3 Meter langes Kabel, einen Lampenschirm und eine Gl\u00fchbirne mit 3 Lichtst\u00e4rken bis zu 500 Lumen Licht. <strong>Autonomie von 6 bis 20 Stunden<\/strong>.<\/p>\n<p>Alle Newgarden-Produkte werden aus Polyethylen hergestellt, so dass sie leicht und sehr widerstandsf\u00e4hig gegen extreme Temperaturen sind. Sie sind auch gegen UV-Strahlen gesch\u00fctzt, was die Lebensdauer des Produkts au\u00dfergew\u00f6hnlich lang macht.<\/p>\n<p>[\/vc_column_text][\/vc_column][\/vc_row][vc_row disable_element=&#8220;yes&#8220;][vc_column][vc_single_image image=&#8220;6566&#8243; img_size=&#8220;full&#8220;][\/vc_column][\/vc_row]<\/p>\n<\/section>","protected":false},"excerpt":{"rendered":"<h5><strong>PENDELLEUCHTE REONA NATURE<\/strong><\/h5>\n","protected":false},"featured_media":57660,"template":"","meta":[],"product_cat":[763,73,337,819],"product_tag":[],"class_list":{"0":"post-30247","1":"product","2":"type-product","3":"status-publish","4":"has-post-thumbnail","6":"product_cat-lightdeco-de","7":"product_cat-lightdeco","8":"product_cat-colgantes","9":"product_cat-pendelleuchten","11":"first","12":"instock","13":"taxable","14":"shipping-taxable","15":"purchasable","16":"product-type-variable","17":"has-default-attributes"},"yoast_head":"<!-- This site is optimized with the Yoast SEO plugin v24.2 - https:\/\/yoast.com\/wordpress\/plugins\/seo\/ -->\n<title>PENDELLEUCHTE REONA - Newgarden<\/title>\n<meta name=\"description\" content=\"Die Reona Pendelleuchte ist eines der neuen Produkte von NEWGARDEN. Es eignet sich perfekt f\u00fcr Veranstaltungen und Partys, da es nicht installiert werden muss.\" \/>\n<meta name=\"robots\" content=\"index, follow, max-snippet:-1, max-image-preview:large, max-video-preview:-1\" \/>\n<link rel=\"canonical\" href=\"https:\/\/newgarden.es\/de\/shop\/lightdeco-de\/pendelleuchten\/reona\/\" \/>\n<meta property=\"og:locale\" content=\"de_DE\" \/>\n<meta property=\"og:type\" content=\"article\" \/>\n<meta property=\"og:title\" content=\"PENDELLEUCHTE REONA - Newgarden\" \/>\n<meta property=\"og:description\" content=\"Die Reona Pendelleuchte ist eines der neuen Produkte von NEWGARDEN. Es eignet sich perfekt f\u00fcr Veranstaltungen und Partys, da es nicht installiert werden muss.\" \/>\n<meta property=\"og:url\" content=\"https:\/\/newgarden.es\/de\/shop\/lightdeco-de\/pendelleuchten\/reona\/\" \/>\n<meta property=\"og:site_name\" content=\"Newgarden\" \/>\n<meta property=\"article:modified_time\" content=\"2021-07-29T12:52:40+00:00\" \/>\n<meta property=\"og:image\" content=\"https:\/\/newgarden.es\/wp-content\/uploads\/2019\/10\/REONA_1200X1200-7.jpg\" \/>\n\t<meta property=\"og:image:width\" content=\"1200\" \/>\n\t<meta property=\"og:image:height\" content=\"1200\" \/>\n\t<meta property=\"og:image:type\" content=\"image\/jpeg\" \/>\n<meta name=\"twitter:card\" content=\"summary_large_image\" \/>\n<meta name=\"twitter:label1\" content=\"Gesch\u00e4tzte Lesezeit\" \/>\n\t<meta name=\"twitter:data1\" content=\"1\u00a0Minute\" \/>\n<script type=\"application\/ld+json\" class=\"yoast-schema-graph\">{\"@context\":\"https:\/\/schema.org\",\"@graph\":[{\"@type\":\"WebPage\",\"@id\":\"https:\/\/newgarden.es\/de\/shop\/lightdeco-de\/pendelleuchten\/reona\/\",\"url\":\"https:\/\/newgarden.es\/de\/shop\/lightdeco-de\/pendelleuchten\/reona\/\",\"name\":\"PENDELLEUCHTE REONA - Newgarden\",\"isPartOf\":{\"@id\":\"https:\/\/newgarden.es\/#website\"},\"primaryImageOfPage\":{\"@id\":\"https:\/\/newgarden.es\/de\/shop\/lightdeco-de\/pendelleuchten\/reona\/#primaryimage\"},\"image\":{\"@id\":\"https:\/\/newgarden.es\/de\/shop\/lightdeco-de\/pendelleuchten\/reona\/#primaryimage\"},\"thumbnailUrl\":\"https:\/\/newgarden.es\/wp-content\/uploads\/2019\/10\/REONA_1200X1200-7.jpg\",\"datePublished\":\"2020-08-05T10:10:56+00:00\",\"dateModified\":\"2021-07-29T12:52:40+00:00\",\"description\":\"Die Reona Pendelleuchte ist eines der neuen Produkte von NEWGARDEN. Es eignet sich perfekt f\u00fcr Veranstaltungen und Partys, da es nicht installiert werden muss.\",\"breadcrumb\":{\"@id\":\"https:\/\/newgarden.es\/de\/shop\/lightdeco-de\/pendelleuchten\/reona\/#breadcrumb\"},\"inLanguage\":\"de\",\"potentialAction\":[{\"@type\":\"ReadAction\",\"target\":[\"https:\/\/newgarden.es\/de\/shop\/lightdeco-de\/pendelleuchten\/reona\/\"]}]},{\"@type\":\"ImageObject\",\"inLanguage\":\"de\",\"@id\":\"https:\/\/newgarden.es\/de\/shop\/lightdeco-de\/pendelleuchten\/reona\/#primaryimage\",\"url\":\"https:\/\/newgarden.es\/wp-content\/uploads\/2019\/10\/REONA_1200X1200-7.jpg\",\"contentUrl\":\"https:\/\/newgarden.es\/wp-content\/uploads\/2019\/10\/REONA_1200X1200-7.jpg\",\"width\":1200,\"height\":1200},{\"@type\":\"BreadcrumbList\",\"@id\":\"https:\/\/newgarden.es\/de\/shop\/lightdeco-de\/pendelleuchten\/reona\/#breadcrumb\",\"itemListElement\":[{\"@type\":\"ListItem\",\"position\":1,\"name\":\"Home\",\"item\":\"https:\/\/newgarden.es\/de\/\"},{\"@type\":\"ListItem\",\"position\":2,\"name\":\"Shop\",\"item\":\"https:\/\/newgarden.es\/de\/shop\/\"},{\"@type\":\"ListItem\",\"position\":3,\"name\":\"PENDELLEUCHTE REONA\"}]},{\"@type\":\"WebSite\",\"@id\":\"https:\/\/newgarden.es\/#website\",\"url\":\"https:\/\/newgarden.es\/\",\"name\":\"Newgarden\",\"description\":\"Be happy\",\"potentialAction\":[{\"@type\":\"SearchAction\",\"target\":{\"@type\":\"EntryPoint\",\"urlTemplate\":\"https:\/\/newgarden.es\/?s={search_term_string}\"},\"query-input\":{\"@type\":\"PropertyValueSpecification\",\"valueRequired\":true,\"valueName\":\"search_term_string\"}}],\"inLanguage\":\"de\"}]}<\/script>\n<!-- \/ Yoast SEO plugin. -->","yoast_head_json":{"title":"PENDELLEUCHTE REONA - Newgarden","description":"Die Reona Pendelleuchte ist eines der neuen Produkte von NEWGARDEN. Es eignet sich perfekt f\u00fcr Veranstaltungen und Partys, da es nicht installiert werden muss.","robots":{"index":"index","follow":"follow","max-snippet":"max-snippet:-1","max-image-preview":"max-image-preview:large","max-video-preview":"max-video-preview:-1"},"canonical":"https:\/\/newgarden.es\/de\/shop\/lightdeco-de\/pendelleuchten\/reona\/","og_locale":"de_DE","og_type":"article","og_title":"PENDELLEUCHTE REONA - Newgarden","og_description":"Die Reona Pendelleuchte ist eines der neuen Produkte von NEWGARDEN. Es eignet sich perfekt f\u00fcr Veranstaltungen und Partys, da es nicht installiert werden muss.","og_url":"https:\/\/newgarden.es\/de\/shop\/lightdeco-de\/pendelleuchten\/reona\/","og_site_name":"Newgarden","article_modified_time":"2021-07-29T12:52:40+00:00","og_image":[{"width":1200,"height":1200,"url":"https:\/\/newgarden.es\/wp-content\/uploads\/2019\/10\/REONA_1200X1200-7.jpg","type":"image\/jpeg"}],"twitter_card":"summary_large_image","twitter_misc":{"Gesch\u00e4tzte Lesezeit":"1\u00a0Minute"},"schema":{"@context":"https:\/\/schema.org","@graph":[{"@type":"WebPage","@id":"https:\/\/newgarden.es\/de\/shop\/lightdeco-de\/pendelleuchten\/reona\/","url":"https:\/\/newgarden.es\/de\/shop\/lightdeco-de\/pendelleuchten\/reona\/","name":"PENDELLEUCHTE REONA - Newgarden","isPartOf":{"@id":"https:\/\/newgarden.es\/#website"},"primaryImageOfPage":{"@id":"https:\/\/newgarden.es\/de\/shop\/lightdeco-de\/pendelleuchten\/reona\/#primaryimage"},"image":{"@id":"https:\/\/newgarden.es\/de\/shop\/lightdeco-de\/pendelleuchten\/reona\/#primaryimage"},"thumbnailUrl":"https:\/\/newgarden.es\/wp-content\/uploads\/2019\/10\/REONA_1200X1200-7.jpg","datePublished":"2020-08-05T10:10:56+00:00","dateModified":"2021-07-29T12:52:40+00:00","description":"Die Reona Pendelleuchte ist eines der neuen Produkte von NEWGARDEN. Es eignet sich perfekt f\u00fcr Veranstaltungen und Partys, da es nicht installiert werden muss.","breadcrumb":{"@id":"https:\/\/newgarden.es\/de\/shop\/lightdeco-de\/pendelleuchten\/reona\/#breadcrumb"},"inLanguage":"de","potentialAction":[{"@type":"ReadAction","target":["https:\/\/newgarden.es\/de\/shop\/lightdeco-de\/pendelleuchten\/reona\/"]}]},{"@type":"ImageObject","inLanguage":"de","@id":"https:\/\/newgarden.es\/de\/shop\/lightdeco-de\/pendelleuchten\/reona\/#primaryimage","url":"https:\/\/newgarden.es\/wp-content\/uploads\/2019\/10\/REONA_1200X1200-7.jpg","contentUrl":"https:\/\/newgarden.es\/wp-content\/uploads\/2019\/10\/REONA_1200X1200-7.jpg","width":1200,"height":1200},{"@type":"BreadcrumbList","@id":"https:\/\/newgarden.es\/de\/shop\/lightdeco-de\/pendelleuchten\/reona\/#breadcrumb","itemListElement":[{"@type":"ListItem","position":1,"name":"Home","item":"https:\/\/newgarden.es\/de\/"},{"@type":"ListItem","position":2,"name":"Shop","item":"https:\/\/newgarden.es\/de\/shop\/"},{"@type":"ListItem","position":3,"name":"PENDELLEUCHTE REONA"}]},{"@type":"WebSite","@id":"https:\/\/newgarden.es\/#website","url":"https:\/\/newgarden.es\/","name":"Newgarden","description":"Be happy","potentialAction":[{"@type":"SearchAction","target":{"@type":"EntryPoint","urlTemplate":"https:\/\/newgarden.es\/?s={search_term_string}"},"query-input":{"@type":"PropertyValueSpecification","valueRequired":true,"valueName":"search_term_string"}}],"inLanguage":"de"}]}},"df_price":76.9,"df_sale_price":"","df_regular_price":76.9,"df_image_link":"https:\/\/newgarden.es\/wp-content\/uploads\/2019\/10\/REONA_1200X1200-7-580x400.jpg","_links":{"self":[{"href":"https:\/\/newgarden.es\/de\/wp-json\/wp\/v2\/product\/30247"}],"collection":[{"href":"https:\/\/newgarden.es\/de\/wp-json\/wp\/v2\/product"}],"about":[{"href":"https:\/\/newgarden.es\/de\/wp-json\/wp\/v2\/types\/product"}],"wp:featuredmedia":[{"embeddable":true,"href":"https:\/\/newgarden.es\/de\/wp-json\/wp\/v2\/media\/57660"}],"wp:attachment":[{"href":"https:\/\/newgarden.es\/de\/wp-json\/wp\/v2\/media?parent=30247"}],"wp:term":[{"taxonomy":"product_cat","embeddable":true,"href":"https:\/\/newgarden.es\/de\/wp-json\/wp\/v2\/product_cat?post=30247"},{"taxonomy":"product_tag","embeddable":true,"href":"https:\/\/newgarden.es\/de\/wp-json\/wp\/v2\/product_tag?post=30247"}],"curies":[{"name":"wp","href":"https:\/\/api.w.org\/{rel}","templated":true}]}}